{"id":1899,"date":"2020-05-26T22:39:47","date_gmt":"2020-05-26T20:39:47","guid":{"rendered":"https:\/\/www.christallk.com\/home-francais\/"},"modified":"2025-09-18T08:21:37","modified_gmt":"2025-09-18T06:21:37","slug":"accueil","status":"publish","type":"page","link":"https:\/\/www.christallk.com\/en\/","title":{"rendered":"Home"},"content":{"rendered":"<div id=\"cs-content\" class=\"cs-content\"><div id=\"x-section-1\" class=\"x-section\" style=\"margin: 0px;padding: 45px 0px 0px; background-color: transparent;\" ><div id=\"\" class=\"x-container max width\" style=\"margin: 0px auto;padding: 0px;max-width: 1100px;\" ><div  class=\"x-column x-sm x-1-2\" style=\"padding: 0px;\" ><a class=\"x-image e1899-e4 m1gr-0\" href=\"https:\/\/www.christallk.com\/product\/peregrine\/\"><img fetchpriority=\"high\" decoding=\"async\" src=\"https:\/\/www.christallk.com\/wp-content\/uploads\/2021\/11\/Ethical-and-local-fr.jpg\" width=\"540\" height=\"540\" alt=\"Image\"><\/a><hr class=\"x-line e1899-e5 m1gr-2\"\/><\/div><div  class=\"x-column x-sm x-1-2\" style=\"padding: 0px;\" ><a class=\"x-image e1899-e7 m1gr-0\" href=\"https:\/\/www.christallk.com\/product\/peregrine\/\" target=\"_blank\" rel=\"noopener noreferrer\"><img decoding=\"async\" src=\"https:\/\/www.christallk.com\/wp-content\/uploads\/2025\/08\/pullmohairkatia-23.jpg\" width=\"1024\" height=\"1024\" alt=\"Image\"><\/a><hr class=\"x-line e1899-e8 m1gr-2\"\/><\/div><\/div><div id=\"\" class=\"x-container max width\" style=\"margin: 0px auto;padding: 0px;max-width: 1100px;\" ><div  class=\"x-column x-sm cs-ta-center x-1-1\" style=\"padding: 0px;\" ><hr class=\"x-line e1899-e11 m1gr-2\"\/><a class=\"x-anchor x-anchor-button e1899-e12 m1gr-3\" tabindex=\"0\" href=\"https:\/\/www.christallk.com\/shop\/\" target=\"_blank\" rel=\"noopener noreferrer\"><div class=\"x-anchor-content\"><div class=\"x-anchor-text\"><span class=\"x-anchor-text-primary\">Boutique<\/span><\/div><\/div><\/a><\/div><\/div><\/div><div id=\"x-section-2\" class=\"x-section\" style=\"margin: 0px;padding: 45px 0px 0px; background-color: transparent;\" ><div id=\"\" class=\"x-container max width\" style=\"margin: 0px auto;padding: 0px;max-width: 1100px;\" ><div  class=\"x-column x-sm cs-ta-center x-1-1\" style=\"padding: 0px;\" ><h2  class=\"h-custom-headline h3 accent\" style=\"padding-bottom: 20px;\"><span>Mes mod\u00e8les<\/span><\/h2><\/div><\/div><div id=\"\" class=\"x-container max width\" style=\"margin: 0px auto;padding: 0px;max-width: 1100px;\" ><div  class=\"x-column x-sm x-1-3\" style=\"padding: 0px;\" ><a class=\"x-image e1899-e19 m1gr-0\" href=\"https:\/\/www.christallk.com\/product\/caricia-top\/\"><img decoding=\"async\" src=\"https:\/\/www.christallk.com\/wp-content\/uploads\/2025\/06\/caricia-top-7-scaled.jpg\" width=\"853\" height=\"1280\" alt=\"Image\"><\/a><hr class=\"x-line e1899-e20 m1gr-2\"\/><\/div><div  class=\"x-column x-sm x-1-3\" style=\"padding: 0px;\" ><a class=\"x-image e1899-e22 m1gr-0\" href=\"https:\/\/www.christallk.com\/product\/echos-des-steppes\/t\/petals-of-love\/\" target=\"_blank\" rel=\"noopener noreferrer\"><img loading=\"lazy\" decoding=\"async\" src=\"https:\/\/www.christallk.com\/wp-content\/uploads\/2025\/09\/Echos-des.jpg\" width=\"742\" height=\"928\" alt=\"Image\"><\/a><hr class=\"x-line e1899-e23 m1gr-2\"\/><\/div><div  class=\"x-column x-sm x-1-3\" style=\"padding: 0px;\" ><a class=\"x-image e1899-e25 m1gr-0 m1gr-1\" href=\"https:\/\/www.christallk.com\/product\/under-your-spell\/\" target=\"_blank\" rel=\"noopener noreferrer\"><img loading=\"lazy\" decoding=\"async\" src=\"https:\/\/www.christallk.com\/wp-content\/uploads\/2025\/02\/under-your-spell-24.jpg\" width=\"682\" height=\"1024\" alt=\"Image\"><\/a><hr class=\"x-line e1899-e26 m1gr-2\"\/><\/div><\/div><\/div><div id=\"x-section-3\" class=\"x-section\" style=\"margin: 0px;padding: 45px 0px 0px; background-color: transparent;\" ><div id=\"\" class=\"x-container max width\" style=\"margin: 0px auto;padding: 0px;max-width: 1100px;\" ><div  class=\"x-column x-sm cs-ta-center x-1-1\" style=\"padding: 0px;\" ><h2  class=\"h-custom-headline h3 accent\" style=\"padding-bottom: 20px;\"><span>Tutoriels \u00e0 la une<\/span><\/h2><\/div><\/div><div id=\"\" class=\"x-container max width\" style=\"margin: 0px auto;padding: 0px;max-width: 1100px;\" ><div  class=\"x-column x-sm x-1-3\" style=\"padding: 0px;\" ><a class=\"x-image e1899-e33 m1gr-0\" href=\"https:\/\/www.christallk.com\/fr-be\/reprisage-suisse-duplicate-stitch\/\"><img loading=\"lazy\" decoding=\"async\" src=\"https:\/\/www.christallk.com\/wp-content\/uploads\/2022\/04\/Rebroder-des-mailles-au-tricot-4.jpg\" width=\"500\" height=\"750\" alt=\"Image\"><\/a><hr class=\"x-line e1899-e34 m1gr-2\"\/><\/div><div  class=\"x-column x-sm x-1-3\" style=\"padding: 0px;\" ><a class=\"x-image e1899-e36 m1gr-0\" href=\"https:\/\/www.christallk.com\/fr-be\/montage-mailles-cotes-22\/\" target=\"_blank\" rel=\"noopener noreferrer\"><img loading=\"lazy\" decoding=\"async\" src=\"https:\/\/www.christallk.com\/wp-content\/uploads\/2022\/05\/Cotes-22-2.png\" width=\"500\" height=\"750\" alt=\"Montage des mailles pour c\u00f4tes 2*2\"><\/a><hr class=\"x-line e1899-e37 m1gr-2\"\/><\/div><div  class=\"x-column x-sm x-1-3\" style=\"padding: 0px;\" ><a class=\"x-image e1899-e39 m1gr-0\" href=\"https:\/\/www.christallk.com\/fr-be\/reprisage-suisse-duplicate-stitch\/\" target=\"_blank\" rel=\"noopener noreferrer\"><img loading=\"lazy\" decoding=\"async\" src=\"https:\/\/www.christallk.com\/wp-content\/uploads\/2022\/06\/mattress-stitch-Sewing-for-knitters-fr.png\" width=\"500\" height=\"750\" alt=\"Image\"><\/a><hr class=\"x-line e1899-e40 m1gr-2\"\/><\/div><\/div><\/div><div id=\"x-section-4\" class=\"x-section\" style=\"margin: 0px;padding: 45px 0px 5%; background-color: transparent;\" ><div id=\"\" class=\"x-container max width\" style=\"margin: 0px auto;padding: 0px;\" ><div  class=\"x-column x-sm cs-ta-center x-1-1\" style=\"padding: 0px;\" ><h2  class=\"h-custom-headline h3 accent\" ><span>Inscrivez-vous \u00e0 ma newsletter !\n\n<\/span><\/h2><h2  class=\"h-custom-headline h3 accent\" ><span>\n            <div id=\"mailerlite-form_1\" data-temp-id=\"69f1c5b448c6e\">\n                <div class=\"mailerlite-form\">\n                    <form action=\"\" method=\"post\" novalidate>\n                                                <div class=\"mailerlite-form-description\"><\/div>\n                        <div class=\"mailerlite-form-inputs\">\n                                                                                            <div class=\"mailerlite-form-field\">\n                                    <label for=\"mailerlite-1-field-email\">Email<\/label>\n                                    <input id=\"mailerlite-1-field-email\"\n                                           type=\"email\" required=\"required\"                                            name=\"form_fields[email]\"\n                                           placeholder=\"Email\"\/>\n                                <\/div>\n                                                        <div class=\"mailerlite-form-loader\">Please wait...<\/div>\n                            <div class=\"mailerlite-subscribe-button-container\">\n                                <button class=\"mailerlite-subscribe-submit\" type=\"submit\">\n                                    s&#039;abonner                                <\/button>\n                            <\/div>\n                            <input type=\"hidden\" name=\"form_id\" value=\"1\"\/>\n                            <input type=\"hidden\" name=\"action\" value=\"mailerlite_subscribe_form\"\/>\n                            <input type=\"hidden\" name=\"ml_nonce\" value=\"5325abda63\"\/>\n                        <\/div>\n                        <div class=\"mailerlite-form-response\">\n                                                            <h4><p><span style=\"color: #339966\">merci<\/span><\/p>\n<\/h4>\n                                                    <\/div>\n                    <\/form>\n                <\/div>\n            <\/div>\n        <script type=\"text\/javascript\" src='https:\/\/www.christallk.com\/wp-content\/plugins\/official-mailerlite-sign-up-forms\/assets\/js\/localization\/validation-messages.js'><\/script>\n         <script type=\"text\/javascript\"> var selectedLanguage = \"fr\"; var validationMessages = messages[\"en\"]; if(selectedLanguage) { validationMessages = messages[selectedLanguage]; } window.addEventListener(\"load\", function () { var form_container = document.querySelector(`#mailerlite-form_1[data-temp-id=\"69f1c5b448c6e\"] form`); let submitButton = form_container.querySelector('.mailerlite-subscribe-submit'); submitButton.disabled = true; fetch('https:\/\/www.christallk.com\/wp-admin\/admin-ajax.php', { method: 'POST', headers:{ 'Content-Type': 'application\/x-www-form-urlencoded', }, body: new URLSearchParams({ \"action\" : \"ml_create_nonce\", \"ml_nonce\" : form_container.querySelector(\"input[name='ml_nonce']\").value }) }) .then((response) => response.json()) .then((json) => { if(json.success) { form_container.querySelector(\"input[name='ml_nonce']\").value = json.data.ml_nonce; submitButton.disabled = false; } }) .catch((error) => { console.error('Error:', error); }); form_container.addEventListener('submit', (e) => { e.preventDefault(); let data = new URLSearchParams(new FormData(form_container)).toString(); let validationError = false; document.querySelectorAll('.mailerlite-form-error').forEach(el => el.remove()); Array.from(form_container.elements).forEach((input) => { if(input.type !== 'hidden') { if(input.required) { if(input.value == '') { validationError = true; let error = document.createElement(\"span\"); error.className = 'mailerlite-form-error'; error.textContent = validationMessages.required; input.after(error); return false; } } if((input.type == \"email\") && (!validateEmail(input.value))) { validationError = true; let error = document.createElement(\"span\"); error.className = 'mailerlite-form-error'; error.textContent = validationMessages.email; input.after(error); return false; } } }); if(validationError) { return false; } fade.out(form_container.querySelector('.mailerlite-subscribe-button-container'), () => { fade.in(form_container.querySelector('.mailerlite-form-loader')); }); fetch('https:\/\/www.christallk.com\/wp-admin\/admin-ajax.php', { method: 'POST', headers:{ 'Content-Type': 'application\/x-www-form-urlencoded', }, body: data }) .then((response) => { fade.out(form_container.querySelector('.mailerlite-form-inputs'), () => { fade.in(form_container.querySelector('.mailerlite-form-response')); }); }) .catch((error) => { console.error('Error:', error); }); }); }, false); var fade = { out: function(el, fn = false) { var fadeOutEffect = setInterval(function () { if (!el.style.opacity) { el.style.opacity = 1; } if (el.style.opacity > 0) { el.style.opacity -= 0.1; } else { el.style.display = 'none'; clearInterval(fadeOutEffect); } }, 50); if( typeof (fn) == 'function') { fn(); } }, in: function(el) { var fadeInEffect = setInterval(function () { if (!el.style.opacity) { el.style.opacity = 0; } if (el.style.opacity < 1) { el.style.opacity = Number(el.style.opacity) + 0.1; } else { el.style.display = 'block'; clearInterval(fadeInEffect); } }, 50); } }; function validateEmail(email){ if(email.match( \/^(([^<>()[\\]\\\\.,;:\\s@\\\"]+(\\.[^<>()[\\]\\\\.,;:\\s@\\\"]+)*)|(\\\".+\\\"))@((\\[[0-9]{1,3}\\.[0-9]{1,3}\\.[0-9]{1,3}\\.[0-9]{1,3}\\])|(([a-zA-Z\\-0-9]+\\.)+[a-zA-Z]{2,}))$\/ )) { return true; } return false; } <\/script> \n\n<\/span><\/h2><\/div><\/div><div id=\"\" class=\"x-container max width\" style=\"margin: 0px auto;padding: 0px;\" ><\/div><\/div><\/div>\n","protected":false},"excerpt":{"rendered":"<p>BoutiqueMes mod\u00e8lesTutoriels \u00e0 la uneInscrivez-vous \u00e0 ma newsletter ! Email Please wait&#8230; s&#039;abonner merci<\/p>","protected":false},"author":2,"featured_media":4881,"parent":0,"menu_order":0,"comment_status":"closed","ping_status":"closed","template":"template-blank-4.php","meta":{"footnotes":""},"class_list":["post-1899","page","type-page","status-publish","has-post-thumbnail","hentry"],"yoast_head":"<!-- This site is optimized with the Yoast SEO plugin v27.5 - https:\/\/yoast.com\/product\/yoast-seo-wordpress\/ -->\n<title>Accueil - ChristalLK<\/title>\n<meta name=\"robots\" content=\"index, follow, max-snippet:-1, max-image-preview:large, max-video-preview:-1\" \/>\n<link rel=\"canonical\" href=\"https:\/\/www.christallk.com\/en\/\" \/>\n<meta property=\"og:locale\" content=\"en_US\" \/>\n<meta property=\"og:type\" content=\"article\" \/>\n<meta property=\"og:title\" content=\"Accueil - ChristalLK\" \/>\n<meta property=\"og:description\" content=\"BoutiqueMes mod\u00e8lesTutoriels \u00e0 la uneInscrivez-vous \u00e0 ma newsletter ! Email Please wait... s&#039;abonner merci\" \/>\n<meta property=\"og:url\" content=\"https:\/\/www.christallk.com\/en\/\" \/>\n<meta property=\"og:site_name\" content=\"ChristalLK\" \/>\n<meta property=\"article:publisher\" content=\"https:\/\/www.facebook.com\/ChristalLittleK\/\" \/>\n<meta property=\"article:modified_time\" content=\"2025-09-18T06:21:37+00:00\" \/>\n<meta property=\"og:image\" content=\"https:\/\/www.christallk.com\/wp-content\/uploads\/2022\/05\/OOps.png\" \/>\n\t<meta property=\"og:image:width\" content=\"1080\" \/>\n\t<meta property=\"og:image:height\" content=\"1080\" \/>\n\t<meta property=\"og:image:type\" content=\"image\/png\" \/>\n<meta name=\"twitter:card\" content=\"summary_large_image\" \/>\n<meta name=\"twitter:label1\" content=\"Est. reading time\" \/>\n\t<meta name=\"twitter:data1\" content=\"5 minutes\" \/>\n<script type=\"application\/ld+json\" class=\"yoast-schema-graph\">{\"@context\":\"https:\\\/\\\/schema.org\",\"@graph\":[{\"@type\":\"WebPage\",\"@id\":\"https:\\\/\\\/www.christallk.com\\\/\",\"url\":\"https:\\\/\\\/www.christallk.com\\\/\",\"name\":\"Accueil - ChristalLK\",\"isPartOf\":{\"@id\":\"https:\\\/\\\/www.christallk.com\\\/#website\"},\"primaryImageOfPage\":{\"@id\":\"https:\\\/\\\/www.christallk.com\\\/#primaryimage\"},\"image\":{\"@id\":\"https:\\\/\\\/www.christallk.com\\\/#primaryimage\"},\"thumbnailUrl\":\"https:\\\/\\\/www.christallk.com\\\/wp-content\\\/uploads\\\/2022\\\/05\\\/OOps.png\",\"datePublished\":\"2020-05-26T20:39:47+00:00\",\"dateModified\":\"2025-09-18T06:21:37+00:00\",\"breadcrumb\":{\"@id\":\"https:\\\/\\\/www.christallk.com\\\/#breadcrumb\"},\"inLanguage\":\"en-US\",\"potentialAction\":[{\"@type\":\"ReadAction\",\"target\":[\"https:\\\/\\\/www.christallk.com\\\/\"]}]},{\"@type\":\"ImageObject\",\"inLanguage\":\"en-US\",\"@id\":\"https:\\\/\\\/www.christallk.com\\\/#primaryimage\",\"url\":\"https:\\\/\\\/www.christallk.com\\\/wp-content\\\/uploads\\\/2022\\\/05\\\/OOps.png\",\"contentUrl\":\"https:\\\/\\\/www.christallk.com\\\/wp-content\\\/uploads\\\/2022\\\/05\\\/OOps.png\",\"width\":1080,\"height\":1080},{\"@type\":\"BreadcrumbList\",\"@id\":\"https:\\\/\\\/www.christallk.com\\\/#breadcrumb\",\"itemListElement\":[{\"@type\":\"ListItem\",\"position\":1,\"name\":\"Home\",\"item\":\"https:\\\/\\\/www.christallk.com\\\/\"},{\"@type\":\"ListItem\",\"position\":2,\"name\":\"Accueil\"}]},{\"@type\":\"WebSite\",\"@id\":\"https:\\\/\\\/www.christallk.com\\\/#website\",\"url\":\"https:\\\/\\\/www.christallk.com\\\/\",\"name\":\"ChristalLK\",\"description\":\"ChristalLK Website\",\"publisher\":{\"@id\":\"https:\\\/\\\/www.christallk.com\\\/#organization\"},\"potentialAction\":[{\"@type\":\"SearchAction\",\"target\":{\"@type\":\"EntryPoint\",\"urlTemplate\":\"https:\\\/\\\/www.christallk.com\\\/?s={search_term_string}\"},\"query-input\":{\"@type\":\"PropertyValueSpecification\",\"valueRequired\":true,\"valueName\":\"search_term_string\"}}],\"inLanguage\":\"en-US\"},{\"@type\":\"Organization\",\"@id\":\"https:\\\/\\\/www.christallk.com\\\/#organization\",\"name\":\"ChristalLK\",\"url\":\"https:\\\/\\\/www.christallk.com\\\/\",\"logo\":{\"@type\":\"ImageObject\",\"inLanguage\":\"en-US\",\"@id\":\"https:\\\/\\\/www.christallk.com\\\/#\\\/schema\\\/logo\\\/image\\\/\",\"url\":\"https:\\\/\\\/i2.wp.com\\\/www.christallk.com\\\/wp-content\\\/uploads\\\/2020\\\/05\\\/canvas_logo_clk.png?fit=650%2C600\",\"contentUrl\":\"https:\\\/\\\/i2.wp.com\\\/www.christallk.com\\\/wp-content\\\/uploads\\\/2020\\\/05\\\/canvas_logo_clk.png?fit=650%2C600\",\"width\":650,\"height\":600,\"caption\":\"ChristalLK\"},\"image\":{\"@id\":\"https:\\\/\\\/www.christallk.com\\\/#\\\/schema\\\/logo\\\/image\\\/\"},\"sameAs\":[\"https:\\\/\\\/www.facebook.com\\\/ChristalLittleK\\\/\",\"https:\\\/\\\/www.instagram.com\\\/christallittlek\\\/\",\"https:\\\/\\\/www.pinterest.com\\\/christallk1637\\\/\",\"https:\\\/\\\/www.youtube.com\\\/channel\\\/UCk8kNDAInlkf2fCr6pU-_oA?view_as=subscriber\"]}]}<\/script>\n<!-- \/ Yoast SEO plugin. -->","yoast_head_json":{"title":"Accueil - ChristalLK","robots":{"index":"index","follow":"follow","max-snippet":"max-snippet:-1","max-image-preview":"max-image-preview:large","max-video-preview":"max-video-preview:-1"},"canonical":"https:\/\/www.christallk.com\/en\/","og_locale":"en_US","og_type":"article","og_title":"Accueil - ChristalLK","og_description":"BoutiqueMes mod\u00e8lesTutoriels \u00e0 la uneInscrivez-vous \u00e0 ma newsletter ! Email Please wait... s&#039;abonner merci","og_url":"https:\/\/www.christallk.com\/en\/","og_site_name":"ChristalLK","article_publisher":"https:\/\/www.facebook.com\/ChristalLittleK\/","article_modified_time":"2025-09-18T06:21:37+00:00","og_image":[{"width":1080,"height":1080,"url":"https:\/\/www.christallk.com\/wp-content\/uploads\/2022\/05\/OOps.png","type":"image\/png"}],"twitter_card":"summary_large_image","twitter_misc":{"Est. reading time":"5 minutes"},"schema":{"@context":"https:\/\/schema.org","@graph":[{"@type":"WebPage","@id":"https:\/\/www.christallk.com\/","url":"https:\/\/www.christallk.com\/","name":"Accueil - ChristalLK","isPartOf":{"@id":"https:\/\/www.christallk.com\/#website"},"primaryImageOfPage":{"@id":"https:\/\/www.christallk.com\/#primaryimage"},"image":{"@id":"https:\/\/www.christallk.com\/#primaryimage"},"thumbnailUrl":"https:\/\/www.christallk.com\/wp-content\/uploads\/2022\/05\/OOps.png","datePublished":"2020-05-26T20:39:47+00:00","dateModified":"2025-09-18T06:21:37+00:00","breadcrumb":{"@id":"https:\/\/www.christallk.com\/#breadcrumb"},"inLanguage":"en-US","potentialAction":[{"@type":"ReadAction","target":["https:\/\/www.christallk.com\/"]}]},{"@type":"ImageObject","inLanguage":"en-US","@id":"https:\/\/www.christallk.com\/#primaryimage","url":"https:\/\/www.christallk.com\/wp-content\/uploads\/2022\/05\/OOps.png","contentUrl":"https:\/\/www.christallk.com\/wp-content\/uploads\/2022\/05\/OOps.png","width":1080,"height":1080},{"@type":"BreadcrumbList","@id":"https:\/\/www.christallk.com\/#breadcrumb","itemListElement":[{"@type":"ListItem","position":1,"name":"Home","item":"https:\/\/www.christallk.com\/"},{"@type":"ListItem","position":2,"name":"Accueil"}]},{"@type":"WebSite","@id":"https:\/\/www.christallk.com\/#website","url":"https:\/\/www.christallk.com\/","name":"ChristalLK","description":"ChristalLK Website","publisher":{"@id":"https:\/\/www.christallk.com\/#organization"},"potentialAction":[{"@type":"SearchAction","target":{"@type":"EntryPoint","urlTemplate":"https:\/\/www.christallk.com\/?s={search_term_string}"},"query-input":{"@type":"PropertyValueSpecification","valueRequired":true,"valueName":"search_term_string"}}],"inLanguage":"en-US"},{"@type":"Organization","@id":"https:\/\/www.christallk.com\/#organization","name":"ChristalLK","url":"https:\/\/www.christallk.com\/","logo":{"@type":"ImageObject","inLanguage":"en-US","@id":"https:\/\/www.christallk.com\/#\/schema\/logo\/image\/","url":"https:\/\/i2.wp.com\/www.christallk.com\/wp-content\/uploads\/2020\/05\/canvas_logo_clk.png?fit=650%2C600","contentUrl":"https:\/\/i2.wp.com\/www.christallk.com\/wp-content\/uploads\/2020\/05\/canvas_logo_clk.png?fit=650%2C600","width":650,"height":600,"caption":"ChristalLK"},"image":{"@id":"https:\/\/www.christallk.com\/#\/schema\/logo\/image\/"},"sameAs":["https:\/\/www.facebook.com\/ChristalLittleK\/","https:\/\/www.instagram.com\/christallittlek\/","https:\/\/www.pinterest.com\/christallk1637\/","https:\/\/www.youtube.com\/channel\/UCk8kNDAInlkf2fCr6pU-_oA?view_as=subscriber"]}]}},"jetpack_likes_enabled":true,"jetpack-related-posts":[{"id":1856,"url":"https:\/\/www.christallk.com\/en\/a-propos-2\/","url_meta":{"origin":1899,"position":0},"title":"About","author":"Christelle","date":"May 26, 2020","format":false,"excerpt":"","rel":"","context":"Similar post","block_context":{"text":"Similar post","link":""},"img":{"alt_text":"","src":"https:\/\/i0.wp.com\/www.christallk.com\/wp-content\/uploads\/2022\/05\/OOps.png?resize=350%2C200&ssl=1","width":350,"height":200,"srcset":"https:\/\/i0.wp.com\/www.christallk.com\/wp-content\/uploads\/2022\/05\/OOps.png?resize=350%2C200&ssl=1 1x, https:\/\/i0.wp.com\/www.christallk.com\/wp-content\/uploads\/2022\/05\/OOps.png?resize=525%2C300&ssl=1 1.5x, https:\/\/i0.wp.com\/www.christallk.com\/wp-content\/uploads\/2022\/05\/OOps.png?resize=700%2C400&ssl=1 2x, https:\/\/i0.wp.com\/www.christallk.com\/wp-content\/uploads\/2022\/05\/OOps.png?resize=1050%2C600&ssl=1 3x"},"classes":[]},{"id":603,"url":"https:\/\/www.christallk.com\/en\/contact-2\/","url_meta":{"origin":1899,"position":1},"title":"Contact","author":"Christelle","date":"May 30, 2016","format":false,"excerpt":"","rel":"","context":"Similar post","block_context":{"text":"Similar post","link":""},"img":{"alt_text":"","src":"","width":0,"height":0},"classes":[]},{"id":4841,"url":"https:\/\/www.christallk.com\/en\/agenda-fr\/","url_meta":{"origin":1899,"position":2},"title":"Schedule","author":"Christelle","date":"May 12, 2022","format":false,"excerpt":"7 & 8 f\u00e9vrier 2026Entr\u00e9e : 3 eurosRittershoffen, FranceINFOS\u00a0 14 & 15 f\u00e9vrier 2026F\u00eate de la LaineMalakoffINFOS\u00a0ATELIERSSamedi : Le secret du modulaireDimanche : SteekCONFERENCESSamedi : D\u00e9tricoter le patriarcat, tricoter l'avenirDimanche : La laine en circuit court \u00e0 l'heure de la mondialisation\u00a0 28 f\u00e9vrier & 1 mars 2026Knit and KlatschBan-San-MartinINFOSATELIERS :L'ABC\u2026","rel":"","context":"Similar post","block_context":{"text":"Similar post","link":""},"img":{"alt_text":"","src":"https:\/\/i0.wp.com\/www.christallk.com\/wp-content\/uploads\/2023\/02\/Agenda.jpg?resize=350%2C200&ssl=1","width":350,"height":200,"srcset":"https:\/\/i0.wp.com\/www.christallk.com\/wp-content\/uploads\/2023\/02\/Agenda.jpg?resize=350%2C200&ssl=1 1x, https:\/\/i0.wp.com\/www.christallk.com\/wp-content\/uploads\/2023\/02\/Agenda.jpg?resize=525%2C300&ssl=1 1.5x, https:\/\/i0.wp.com\/www.christallk.com\/wp-content\/uploads\/2023\/02\/Agenda.jpg?resize=700%2C400&ssl=1 2x"},"classes":[]},{"id":3555,"url":"https:\/\/www.christallk.com\/en\/conditions-generales-de-vente\/","url_meta":{"origin":1899,"position":3},"title":"General conditions of sale","author":"Christelle","date":"May 11, 2021","format":false,"excerpt":"Termes et conditions Les conditions g\u00e9n\u00e9rales s\u2019appliquent \u00e0 tous les produits, services, offres et accords conclus avec ChristalLK . En passant une commande ou en effectuant un achat, vous acceptez et vous abonnez \u00e0 ces termes et conditions. Produits ChristalLK essaie d\u2019afficher les produits qu\u2019elle propose le plus fid\u00e8lement possible.\u2026","rel":"","context":"Similar post","block_context":{"text":"Similar post","link":""},"img":{"alt_text":"","src":"","width":0,"height":0},"classes":[]}],"jetpack_sharing_enabled":true,"jetpack_shortlink":"https:\/\/wp.me\/PbZOny-uD","_links":{"self":[{"href":"https:\/\/www.christallk.com\/en\/wp-json\/wp\/v2\/pages\/1899","targetHints":{"allow":["GET"]}}],"collection":[{"href":"https:\/\/www.christallk.com\/en\/wp-json\/wp\/v2\/pages"}],"about":[{"href":"https:\/\/www.christallk.com\/en\/wp-json\/wp\/v2\/types\/page"}],"author":[{"embeddable":true,"href":"https:\/\/www.christallk.com\/en\/wp-json\/wp\/v2\/users\/2"}],"replies":[{"embeddable":true,"href":"https:\/\/www.christallk.com\/en\/wp-json\/wp\/v2\/comments?post=1899"}],"version-history":[{"count":54,"href":"https:\/\/www.christallk.com\/en\/wp-json\/wp\/v2\/pages\/1899\/revisions"}],"predecessor-version":[{"id":7956,"href":"https:\/\/www.christallk.com\/en\/wp-json\/wp\/v2\/pages\/1899\/revisions\/7956"}],"wp:featuredmedia":[{"embeddable":true,"href":"https:\/\/www.christallk.com\/en\/wp-json\/wp\/v2\/media\/4881"}],"wp:attachment":[{"href":"https:\/\/www.christallk.com\/en\/wp-json\/wp\/v2\/media?parent=1899"}],"curies":[{"name":"wp","href":"https:\/\/api.w.org\/{rel}","templated":true}]}}