{"id":3662,"date":"2021-05-22T21:16:26","date_gmt":"2021-05-22T19:16:26","guid":{"rendered":"https:\/\/www.christallk.com\/?post_type=product&#038;p=3662"},"modified":"2025-07-26T15:49:02","modified_gmt":"2025-07-26T13:49:02","slug":"blood-trillium-mittens","status":"publish","type":"product","link":"https:\/\/www.christallk.com\/en\/product\/blood-trillium-mittens\/","title":{"rendered":"BLOOD TRILLIUM MITTENS"},"content":{"rendered":"<p><strong>Blood Trillium mittens <\/strong>are beautiful mittens with bobbles and a leaf pattern reminiscent of the red trillium that blooms in the woods of North America.<br \/>\nThe mittens complete the Blood Trillium set consisting of a pair of mittens and a hat.<\/p>\n<h3>Yarn<\/h3>\n<p>The mittens are knitted with two yarns knitted together: a fingering yarn (Knitting for Olive Merino \u2013 100% merino 250 m \/ 50 g Claret color approximately 110 (120) m) and a mohair lace yarn (Knitting for Olive Soft Silk Mohair- 70% mohair, 30% silk- 200 m \/ 25 g Claret color approximately 132 (144) m<\/p>\n<h3>Gauge<\/h3>\n<p>22 sts \/ 34 rows in stockinette stitch in the round<\/p>\n<h3>Notions<\/h3>\n<p>5 double-pointed needles or a short 3 mm (3.25 mm) circ. needle for ribbing for children&#039;s (women&#039;s) size<br \/>\n5 double-pointed needles or a short 3.25 mm (3.5 mm) circ. needle for the body of the mittens<br \/>\nScrap yarn or holder to place sts on hold<br \/>\n1 tapestry needle<br \/>\n5 markers<br \/>\n1 cable needle<\/p>\n<h3>Final measurements<\/h3>\n<p><em>Child<\/em><br \/>\nFor a palm circumference of approximately 16 to 18 cm<br \/>\nLength: 21.5 cm<\/p>\n<p><em>Women<\/em><br \/>\nFor a palm circumference of approximately 18 to 21 cm<br \/>\nLength: 23 cm<\/p>\n<h3>Level<\/h3>\n<p>3\/5<\/p>\n<h3>Used techniques<\/h3>\n<ul>\n<li>2x2 Ribbed Cast-On<\/li>\n<li><a href=\"https:\/\/www.christallk.com\/en\/fr-be\/bobbles-au-tricot\/\">Bobbles<\/a><\/li>\n<\/ul>","protected":false},"excerpt":{"rendered":"<p><strong>Blood Trillium mittens <\/strong>are beautiful mittens with bobbles and a leaf pattern reminiscent of the red trillium that blooms in the woods of North America.<br \/>\nThe mittens complete the Blood Trillium set consisting of a pair of mittens and a hat.<\/p>\n<p><strong>Downloadable PDF pattern: Once your order is confirmed, a download link is available on the order page. Remember to download it, as the link is temporary.<\/strong><\/p>\n<p><em>VAT is calculated when the shopping cart is validated.<\/em><\/p>","protected":false},"featured_media":3652,"comment_status":"closed","ping_status":"closed","template":"","meta":{"jetpack_publicize_message":"","jetpack_publicize_feature_enabled":true,"jetpack_social_post_already_shared":false,"jetpack_social_options":{"image_generator_settings":{"template":"highway","default_image_id":0,"font":"","enabled":false},"version":2}},"product_brand":[],"product_cat":[321,318,308],"product_tag":[],"class_list":{"0":"post-3662","1":"product","2":"type-product","3":"status-publish","4":"has-post-thumbnail","6":"product_cat-accessoires","7":"product_cat-patrons-en-francais","8":"product_cat-patterns-modeles","11":"first","12":"instock","13":"taxable","14":"shipping-taxable","15":"purchasable","16":"product-type-variable"},"yoast_head":"<!-- This site is optimized with the Yoast SEO plugin v27.5 - https:\/\/yoast.com\/product\/yoast-seo-wordpress\/ -->\n<title>BLOOD TRILLIUM MITTENS - ChristalLK<\/title>\n<meta name=\"robots\" content=\"index, follow, max-snippet:-1, max-image-preview:large, max-video-preview:-1\" \/>\n<link rel=\"canonical\" href=\"https:\/\/www.christallk.com\/en\/product\/blood-trillium-mittens\/\" \/>\n<meta property=\"og:locale\" content=\"en_US\" \/>\n<meta property=\"og:type\" content=\"article\" \/>\n<meta property=\"og:title\" content=\"BLOOD TRILLIUM MITTENS - ChristalLK\" \/>\n<meta property=\"og:description\" content=\"Blood Trillium mittens sont de jolies moufles agr\u00e9ment\u00e9es bobbles et d&#039;un motif de feuilles qui rappellent le trille rouge qui fleurit dans les bois en Am\u00e9rique du Nord. Les moufles compl\u00e8tent le set Blood Trillium compos\u00e9 d&#039;une paire de moufles et un bonnet.  Patron pdf t\u00e9l\u00e9chargeable : une fois la commande valid\u00e9e, un lien de t\u00e9l\u00e9chargement est disponible sur la page de commande. Pensez \u00e0 le t\u00e9l\u00e9charger car le lien est temporaire.  La TVA est calcul\u00e9e \u00e0 la validation du panier.\" \/>\n<meta property=\"og:url\" content=\"https:\/\/www.christallk.com\/en\/product\/blood-trillium-mittens\/\" \/>\n<meta property=\"og:site_name\" content=\"ChristalLK\" \/>\n<meta property=\"article:publisher\" content=\"https:\/\/www.facebook.com\/ChristalLittleK\/\" \/>\n<meta property=\"article:modified_time\" content=\"2025-07-26T13:49:02+00:00\" \/>\n<meta property=\"og:image\" content=\"https:\/\/www.christallk.com\/wp-content\/uploads\/2021\/05\/IMG_8103-2.jpg\" \/>\n\t<meta property=\"og:image:width\" content=\"900\" \/>\n\t<meta property=\"og:image:height\" content=\"600\" \/>\n\t<meta property=\"og:image:type\" content=\"image\/jpeg\" \/>\n<meta name=\"twitter:card\" content=\"summary_large_image\" \/>\n<meta name=\"twitter:label1\" content=\"Est. reading time\" \/>\n\t<meta name=\"twitter:data1\" content=\"2 minutes\" \/>\n<script type=\"application\/ld+json\" class=\"yoast-schema-graph\">{\"@context\":\"https:\\\/\\\/schema.org\",\"@graph\":[{\"@type\":\"WebPage\",\"@id\":\"https:\\\/\\\/www.christallk.com\\\/product\\\/blood-trillium-mittens\\\/\",\"url\":\"https:\\\/\\\/www.christallk.com\\\/product\\\/blood-trillium-mittens\\\/\",\"name\":\"BLOOD TRILLIUM MITTENS - ChristalLK\",\"isPartOf\":{\"@id\":\"https:\\\/\\\/www.christallk.com\\\/#website\"},\"primaryImageOfPage\":{\"@id\":\"https:\\\/\\\/www.christallk.com\\\/product\\\/blood-trillium-mittens\\\/#primaryimage\"},\"image\":{\"@id\":\"https:\\\/\\\/www.christallk.com\\\/product\\\/blood-trillium-mittens\\\/#primaryimage\"},\"thumbnailUrl\":\"https:\\\/\\\/www.christallk.com\\\/wp-content\\\/uploads\\\/2021\\\/05\\\/IMG_8103-2.jpg\",\"datePublished\":\"2021-05-22T19:16:26+00:00\",\"dateModified\":\"2025-07-26T13:49:02+00:00\",\"breadcrumb\":{\"@id\":\"https:\\\/\\\/www.christallk.com\\\/product\\\/blood-trillium-mittens\\\/#breadcrumb\"},\"inLanguage\":\"en-US\",\"potentialAction\":[{\"@type\":\"ReadAction\",\"target\":[\"https:\\\/\\\/www.christallk.com\\\/product\\\/blood-trillium-mittens\\\/\"]}]},{\"@type\":\"ImageObject\",\"inLanguage\":\"en-US\",\"@id\":\"https:\\\/\\\/www.christallk.com\\\/product\\\/blood-trillium-mittens\\\/#primaryimage\",\"url\":\"https:\\\/\\\/www.christallk.com\\\/wp-content\\\/uploads\\\/2021\\\/05\\\/IMG_8103-2.jpg\",\"contentUrl\":\"https:\\\/\\\/www.christallk.com\\\/wp-content\\\/uploads\\\/2021\\\/05\\\/IMG_8103-2.jpg\",\"width\":900,\"height\":600},{\"@type\":\"BreadcrumbList\",\"@id\":\"https:\\\/\\\/www.christallk.com\\\/product\\\/blood-trillium-mittens\\\/#breadcrumb\",\"itemListElement\":[{\"@type\":\"ListItem\",\"position\":1,\"name\":\"Home\",\"item\":\"https:\\\/\\\/www.christallk.com\\\/\"},{\"@type\":\"ListItem\",\"position\":2,\"name\":\"Boutique\",\"item\":\"https:\\\/\\\/www.christallk.com\\\/language\\\/fr\\\/shop\\\/\"},{\"@type\":\"ListItem\",\"position\":3,\"name\":\"BLOOD TRILLIUM MITTENS\"}]},{\"@type\":\"WebSite\",\"@id\":\"https:\\\/\\\/www.christallk.com\\\/#website\",\"url\":\"https:\\\/\\\/www.christallk.com\\\/\",\"name\":\"ChristalLK\",\"description\":\"ChristalLK Website\",\"publisher\":{\"@id\":\"https:\\\/\\\/www.christallk.com\\\/#organization\"},\"potentialAction\":[{\"@type\":\"SearchAction\",\"target\":{\"@type\":\"EntryPoint\",\"urlTemplate\":\"https:\\\/\\\/www.christallk.com\\\/?s={search_term_string}\"},\"query-input\":{\"@type\":\"PropertyValueSpecification\",\"valueRequired\":true,\"valueName\":\"search_term_string\"}}],\"inLanguage\":\"en-US\"},{\"@type\":\"Organization\",\"@id\":\"https:\\\/\\\/www.christallk.com\\\/#organization\",\"name\":\"ChristalLK\",\"url\":\"https:\\\/\\\/www.christallk.com\\\/\",\"logo\":{\"@type\":\"ImageObject\",\"inLanguage\":\"en-US\",\"@id\":\"https:\\\/\\\/www.christallk.com\\\/#\\\/schema\\\/logo\\\/image\\\/\",\"url\":\"https:\\\/\\\/i2.wp.com\\\/www.christallk.com\\\/wp-content\\\/uploads\\\/2020\\\/05\\\/canvas_logo_clk.png?fit=650%2C600\",\"contentUrl\":\"https:\\\/\\\/i2.wp.com\\\/www.christallk.com\\\/wp-content\\\/uploads\\\/2020\\\/05\\\/canvas_logo_clk.png?fit=650%2C600\",\"width\":650,\"height\":600,\"caption\":\"ChristalLK\"},\"image\":{\"@id\":\"https:\\\/\\\/www.christallk.com\\\/#\\\/schema\\\/logo\\\/image\\\/\"},\"sameAs\":[\"https:\\\/\\\/www.facebook.com\\\/ChristalLittleK\\\/\",\"https:\\\/\\\/www.instagram.com\\\/christallittlek\\\/\",\"https:\\\/\\\/www.pinterest.com\\\/christallk1637\\\/\",\"https:\\\/\\\/www.youtube.com\\\/channel\\\/UCk8kNDAInlkf2fCr6pU-_oA?view_as=subscriber\"]}]}<\/script>\n<!-- \/ Yoast SEO plugin. -->","yoast_head_json":{"title":"BLOOD TRILLIUM MITTENS - ChristalLK","robots":{"index":"index","follow":"follow","max-snippet":"max-snippet:-1","max-image-preview":"max-image-preview:large","max-video-preview":"max-video-preview:-1"},"canonical":"https:\/\/www.christallk.com\/en\/product\/blood-trillium-mittens\/","og_locale":"en_US","og_type":"article","og_title":"BLOOD TRILLIUM MITTENS - ChristalLK","og_description":"Blood Trillium mittens sont de jolies moufles agr\u00e9ment\u00e9es bobbles et d'un motif de feuilles qui rappellent le trille rouge qui fleurit dans les bois en Am\u00e9rique du Nord. Les moufles compl\u00e8tent le set Blood Trillium compos\u00e9 d'une paire de moufles et un bonnet.  Patron pdf t\u00e9l\u00e9chargeable : une fois la commande valid\u00e9e, un lien de t\u00e9l\u00e9chargement est disponible sur la page de commande. Pensez \u00e0 le t\u00e9l\u00e9charger car le lien est temporaire.  La TVA est calcul\u00e9e \u00e0 la validation du panier.","og_url":"https:\/\/www.christallk.com\/en\/product\/blood-trillium-mittens\/","og_site_name":"ChristalLK","article_publisher":"https:\/\/www.facebook.com\/ChristalLittleK\/","article_modified_time":"2025-07-26T13:49:02+00:00","og_image":[{"width":900,"height":600,"url":"https:\/\/www.christallk.com\/wp-content\/uploads\/2021\/05\/IMG_8103-2.jpg","type":"image\/jpeg"}],"twitter_card":"summary_large_image","twitter_misc":{"Est. reading time":"2 minutes"},"schema":{"@context":"https:\/\/schema.org","@graph":[{"@type":"WebPage","@id":"https:\/\/www.christallk.com\/product\/blood-trillium-mittens\/","url":"https:\/\/www.christallk.com\/product\/blood-trillium-mittens\/","name":"BLOOD TRILLIUM MITTENS - ChristalLK","isPartOf":{"@id":"https:\/\/www.christallk.com\/#website"},"primaryImageOfPage":{"@id":"https:\/\/www.christallk.com\/product\/blood-trillium-mittens\/#primaryimage"},"image":{"@id":"https:\/\/www.christallk.com\/product\/blood-trillium-mittens\/#primaryimage"},"thumbnailUrl":"https:\/\/www.christallk.com\/wp-content\/uploads\/2021\/05\/IMG_8103-2.jpg","datePublished":"2021-05-22T19:16:26+00:00","dateModified":"2025-07-26T13:49:02+00:00","breadcrumb":{"@id":"https:\/\/www.christallk.com\/product\/blood-trillium-mittens\/#breadcrumb"},"inLanguage":"en-US","potentialAction":[{"@type":"ReadAction","target":["https:\/\/www.christallk.com\/product\/blood-trillium-mittens\/"]}]},{"@type":"ImageObject","inLanguage":"en-US","@id":"https:\/\/www.christallk.com\/product\/blood-trillium-mittens\/#primaryimage","url":"https:\/\/www.christallk.com\/wp-content\/uploads\/2021\/05\/IMG_8103-2.jpg","contentUrl":"https:\/\/www.christallk.com\/wp-content\/uploads\/2021\/05\/IMG_8103-2.jpg","width":900,"height":600},{"@type":"BreadcrumbList","@id":"https:\/\/www.christallk.com\/product\/blood-trillium-mittens\/#breadcrumb","itemListElement":[{"@type":"ListItem","position":1,"name":"Home","item":"https:\/\/www.christallk.com\/"},{"@type":"ListItem","position":2,"name":"Boutique","item":"https:\/\/www.christallk.com\/language\/fr\/shop\/"},{"@type":"ListItem","position":3,"name":"BLOOD TRILLIUM MITTENS"}]},{"@type":"WebSite","@id":"https:\/\/www.christallk.com\/#website","url":"https:\/\/www.christallk.com\/","name":"ChristalLK","description":"ChristalLK Website","publisher":{"@id":"https:\/\/www.christallk.com\/#organization"},"potentialAction":[{"@type":"SearchAction","target":{"@type":"EntryPoint","urlTemplate":"https:\/\/www.christallk.com\/?s={search_term_string}"},"query-input":{"@type":"PropertyValueSpecification","valueRequired":true,"valueName":"search_term_string"}}],"inLanguage":"en-US"},{"@type":"Organization","@id":"https:\/\/www.christallk.com\/#organization","name":"ChristalLK","url":"https:\/\/www.christallk.com\/","logo":{"@type":"ImageObject","inLanguage":"en-US","@id":"https:\/\/www.christallk.com\/#\/schema\/logo\/image\/","url":"https:\/\/i2.wp.com\/www.christallk.com\/wp-content\/uploads\/2020\/05\/canvas_logo_clk.png?fit=650%2C600","contentUrl":"https:\/\/i2.wp.com\/www.christallk.com\/wp-content\/uploads\/2020\/05\/canvas_logo_clk.png?fit=650%2C600","width":650,"height":600,"caption":"ChristalLK"},"image":{"@id":"https:\/\/www.christallk.com\/#\/schema\/logo\/image\/"},"sameAs":["https:\/\/www.facebook.com\/ChristalLittleK\/","https:\/\/www.instagram.com\/christallittlek\/","https:\/\/www.pinterest.com\/christallk1637\/","https:\/\/www.youtube.com\/channel\/UCk8kNDAInlkf2fCr6pU-_oA?view_as=subscriber"]}]}},"jetpack_publicize_connections":[],"jetpack_likes_enabled":true,"jetpack-related-posts":[{"id":3665,"url":"https:\/\/www.christallk.com\/en\/product\/blood-trillium-mittens-copie\/","url_meta":{"origin":3662,"position":0},"title":"BLOOD TRILLIUM SET","author":"Christelle","date":"May 22, 2021","format":false,"excerpt":"Blood Trillium Set is a lovely set consisting of a hat and pretty mittens decorated with bobbles and a leaf pattern reminiscent of the red trillium that blooms in the woods of North America. The hat and mitten patterns are also available for sale separately. Patterns\u2026","rel":"","context":"Similar post","block_context":{"text":"Similar post","link":""},"img":{"alt_text":"","src":"https:\/\/i0.wp.com\/www.christallk.com\/wp-content\/uploads\/2021\/05\/Blood-Trillium-Hat-and-Mittens-cover.jpg?resize=350%2C200&ssl=1","width":350,"height":200,"srcset":"https:\/\/i0.wp.com\/www.christallk.com\/wp-content\/uploads\/2021\/05\/Blood-Trillium-Hat-and-Mittens-cover.jpg?resize=350%2C200&ssl=1 1x, https:\/\/i0.wp.com\/www.christallk.com\/wp-content\/uploads\/2021\/05\/Blood-Trillium-Hat-and-Mittens-cover.jpg?resize=525%2C300&ssl=1 1.5x, https:\/\/i0.wp.com\/www.christallk.com\/wp-content\/uploads\/2021\/05\/Blood-Trillium-Hat-and-Mittens-cover.jpg?resize=700%2C400&ssl=1 2x, https:\/\/i0.wp.com\/www.christallk.com\/wp-content\/uploads\/2021\/05\/Blood-Trillium-Hat-and-Mittens-cover.jpg?resize=1050%2C600&ssl=1 3x"},"classes":[]},{"id":3645,"url":"https:\/\/www.christallk.com\/en\/product\/blood-trillium-hat\/","url_meta":{"origin":3662,"position":1},"title":"BLOOD TRILLIUM HAT","author":"Christelle","date":"May 22, 2021","format":false,"excerpt":"Blood Trillium Hat is a pretty hat with bobbles and a leaf pattern reminiscent of the red trillium that blooms in the woods of North America. The hat completes the Blood Trillium set, which consists of a pair of mittens and a hat. Downloadable PDF pattern: once\u2026","rel":"","context":"Similar post","block_context":{"text":"Similar post","link":""},"img":{"alt_text":"","src":"https:\/\/i0.wp.com\/www.christallk.com\/wp-content\/uploads\/2021\/05\/IMG_8100-2.jpg?resize=350%2C200&ssl=1","width":350,"height":200,"srcset":"https:\/\/i0.wp.com\/www.christallk.com\/wp-content\/uploads\/2021\/05\/IMG_8100-2.jpg?resize=350%2C200&ssl=1 1x, https:\/\/i0.wp.com\/www.christallk.com\/wp-content\/uploads\/2021\/05\/IMG_8100-2.jpg?resize=525%2C300&ssl=1 1.5x"},"classes":[]},{"id":5355,"url":"https:\/\/www.christallk.com\/en\/product\/pullpy-mittens\/","url_meta":{"origin":3662,"position":2},"title":"Pullpy Mittens","author":"Christelle","date":"December 2, 2022","format":false,"excerpt":"Pullpy mittens are a pair of pulled-thread jacquard mittens. They require some jacquard experience to manage the back threads in certain areas of the pattern, but they are generally easy to knit. Downloadable PDF pattern: once the order is validated, a download link\u2026","rel":"","context":"Similar post","block_context":{"text":"Similar post","link":""},"img":{"alt_text":"","src":"https:\/\/i0.wp.com\/www.christallk.com\/wp-content\/uploads\/2022\/12\/IMG_9566.jpg?resize=350%2C200&ssl=1","width":350,"height":200,"srcset":"https:\/\/i0.wp.com\/www.christallk.com\/wp-content\/uploads\/2022\/12\/IMG_9566.jpg?resize=350%2C200&ssl=1 1x, https:\/\/i0.wp.com\/www.christallk.com\/wp-content\/uploads\/2022\/12\/IMG_9566.jpg?resize=525%2C300&ssl=1 1.5x, https:\/\/i0.wp.com\/www.christallk.com\/wp-content\/uploads\/2022\/12\/IMG_9566.jpg?resize=700%2C400&ssl=1 2x"},"classes":[]},{"id":8420,"url":"https:\/\/www.christallk.com\/en\/product\/dana-mitts\/","url_meta":{"origin":3662,"position":3},"title":"Dana Mitts","author":"Christelle","date":"January 8, 2026","format":false,"excerpt":"Dana Mitts est une paire de mitaines en jacquard. Elle est le parfait projet \u00e0 tricoter pour offrir en cadeau ou pour se l'offrir \u00e0 soi-m\u00eame ! Elles sont relativement faciles \u00e0 tricoter malgr\u00e9 l'aspect complexe du motif. Patron pdf t\u00e9l\u00e9chargeable : une fois la commande valid\u00e9e, un lien de\u2026","rel":"","context":"Similar post","block_context":{"text":"Similar post","link":""},"img":{"alt_text":"","src":"https:\/\/i0.wp.com\/www.christallk.com\/wp-content\/uploads\/2026\/01\/dana-mitts-7.jpg?resize=350%2C200&ssl=1","width":350,"height":200,"srcset":"https:\/\/i0.wp.com\/www.christallk.com\/wp-content\/uploads\/2026\/01\/dana-mitts-7.jpg?resize=350%2C200&ssl=1 1x, https:\/\/i0.wp.com\/www.christallk.com\/wp-content\/uploads\/2026\/01\/dana-mitts-7.jpg?resize=525%2C300&ssl=1 1.5x, https:\/\/i0.wp.com\/www.christallk.com\/wp-content\/uploads\/2026\/01\/dana-mitts-7.jpg?resize=700%2C400&ssl=1 2x, https:\/\/i0.wp.com\/www.christallk.com\/wp-content\/uploads\/2026\/01\/dana-mitts-7.jpg?resize=1050%2C600&ssl=1 3x, https:\/\/i0.wp.com\/www.christallk.com\/wp-content\/uploads\/2026\/01\/dana-mitts-7.jpg?resize=1400%2C800&ssl=1 4x"},"classes":[]},{"id":4561,"url":"https:\/\/www.christallk.com\/en\/product\/lindispensable\/","url_meta":{"origin":3662,"position":4},"title":"L'Indispensable","author":"Christelle","date":"March 3, 2022","format":false,"excerpt":"The Essential is a timeless yet modern beanie. The beanie can be worn with the ribbed edges folded up for an urban look, or with the ribbed edges folded down for a more slouchy look. Downloadable PDF pattern: once your order is confirmed, a download link is available on the order page. Remember to\u2026","rel":"","context":"Similar post","block_context":{"text":"Similar post","link":""},"img":{"alt_text":"","src":"https:\/\/i0.wp.com\/www.christallk.com\/wp-content\/uploads\/2022\/03\/IMG_9002.jpg?resize=350%2C200&ssl=1","width":350,"height":200,"srcset":"https:\/\/i0.wp.com\/www.christallk.com\/wp-content\/uploads\/2022\/03\/IMG_9002.jpg?resize=350%2C200&ssl=1 1x, https:\/\/i0.wp.com\/www.christallk.com\/wp-content\/uploads\/2022\/03\/IMG_9002.jpg?resize=525%2C300&ssl=1 1.5x, https:\/\/i0.wp.com\/www.christallk.com\/wp-content\/uploads\/2022\/03\/IMG_9002.jpg?resize=700%2C400&ssl=1 2x"},"classes":[]},{"id":4676,"url":"https:\/\/www.christallk.com\/en\/product\/pym-pullpy-collection\/","url_meta":{"origin":3662,"position":5},"title":"Pym &amp; Pullpy Collection","author":"Christelle","date":"April 18, 2022","format":false,"excerpt":"This collection contains 7 patterns: A men&#039;s sweater Four pairs of socks Two embroidery patterns And a few items Downloadable PDF pattern: once the order is validated, a download link is available on the order page. Remember to download it because the link is temporary.\u2026","rel":"","context":"Similar post","block_context":{"text":"Similar post","link":""},"img":{"alt_text":"","src":"https:\/\/i0.wp.com\/www.christallk.com\/wp-content\/uploads\/2022\/04\/collec.jpg?resize=350%2C200&ssl=1","width":350,"height":200,"srcset":"https:\/\/i0.wp.com\/www.christallk.com\/wp-content\/uploads\/2022\/04\/collec.jpg?resize=350%2C200&ssl=1 1x, https:\/\/i0.wp.com\/www.christallk.com\/wp-content\/uploads\/2022\/04\/collec.jpg?resize=525%2C300&ssl=1 1.5x, https:\/\/i0.wp.com\/www.christallk.com\/wp-content\/uploads\/2022\/04\/collec.jpg?resize=700%2C400&ssl=1 2x, https:\/\/i0.wp.com\/www.christallk.com\/wp-content\/uploads\/2022\/04\/collec.jpg?resize=1050%2C600&ssl=1 3x, https:\/\/i0.wp.com\/www.christallk.com\/wp-content\/uploads\/2022\/04\/collec.jpg?resize=1400%2C800&ssl=1 4x"},"classes":[]}],"jetpack_sharing_enabled":true,"_links":{"self":[{"href":"https:\/\/www.christallk.com\/en\/wp-json\/wp\/v2\/product\/3662","targetHints":{"allow":["GET"]}}],"collection":[{"href":"https:\/\/www.christallk.com\/en\/wp-json\/wp\/v2\/product"}],"about":[{"href":"https:\/\/www.christallk.com\/en\/wp-json\/wp\/v2\/types\/product"}],"replies":[{"embeddable":true,"href":"https:\/\/www.christallk.com\/en\/wp-json\/wp\/v2\/comments?post=3662"}],"wp:featuredmedia":[{"embeddable":true,"href":"https:\/\/www.christallk.com\/en\/wp-json\/wp\/v2\/media\/3652"}],"wp:attachment":[{"href":"https:\/\/www.christallk.com\/en\/wp-json\/wp\/v2\/media?parent=3662"}],"wp:term":[{"taxonomy":"product_brand","embeddable":true,"href":"https:\/\/www.christallk.com\/en\/wp-json\/wp\/v2\/product_brand?post=3662"},{"taxonomy":"product_cat","embeddable":true,"href":"https:\/\/www.christallk.com\/en\/wp-json\/wp\/v2\/product_cat?post=3662"},{"taxonomy":"product_tag","embeddable":true,"href":"https:\/\/www.christallk.com\/en\/wp-json\/wp\/v2\/product_tag?post=3662"}],"curies":[{"name":"wp","href":"https:\/\/api.w.org\/{rel}","templated":true}]}}