{"id":3666,"date":"2021-05-22T21:35:33","date_gmt":"2021-05-22T19:35:33","guid":{"rendered":"https:\/\/www.christallk.com\/?post_type=product&#038;p=3666"},"modified":"2025-07-26T15:55:06","modified_gmt":"2025-07-26T13:55:06","slug":"angelina-sweater","status":"publish","type":"product","link":"https:\/\/www.christallk.com\/en\/product\/angelina-sweater\/","title":{"rendered":"ANGELINA SWEATER"},"content":{"rendered":"<p><strong>Angelina Sweater <\/strong>is a lace sweater with a circular yoke. It is very simple and will be very suitable for opinionated beginners.<strong><br \/>\n<\/strong><\/p>\n<h3>Yarn<\/h3>\n<p>Lang Yarns Angelina 150 m \/ 50 g (60% silk, 40% merino) 1100 (1153, 1208) (1329, 1437) (1669, 1727, 1885) m or 8 (8, 9) (9, 10) (12, 12, 13) balls color 34<\/p>\n<h3>Gauge<\/h3>\n<p>22 sts \/ 28 rows in lace pattern<\/p>\n<h3>Notions<\/h3>\n<p>3.5 mm circ. needle 100cm long<br \/>\n3.75 mm circ. needle 100cm long<br \/>\n5 double-pointed needles 3.5 mm for small circumferences (hem or cowl) if necessary.<br \/>\n5 double-pointed needles 3.75 mm for small circumferences (sleeves) if necessary.<br \/>\n1 tapestry needle<br \/>\n20 (21, 22) (23, 25) (26, 27, 29) markers if necessary.<\/p>\n<h3>Final measurements<\/h3>\n<p>95 (102, 110) (116, 130) (136, 143, 155) cm<\/p>\n<h3>Construction<\/h3>\n<p>This sweater is worked from the top with the circular yoke method, starting with the neckband. Back, front and sleeves are worked together before separating them to work the body and finally add the sleeves.<br \/>\nThis sweater is worn with a positive ease of 15 to 20 cm.<\/p>\n<h3>Level<\/h3>\n<p>2\/5<\/p>\n<h3>Used techniques<\/h3>\n<ul>\n<li><a href=\"https:\/\/www.christallk.com\/en\/fr-be\/montage-mailles-cotes-1x1\/\">1x1 ribbed CO<\/a><\/li>\n<li><a href=\"https:\/\/www.christallk.com\/en\/fr-be\/rangs-raccourcis-allemande\/\">German Short Rows<\/a><\/li>\n<li><a href=\"https:\/\/www.christallk.com\/en\/fr-be\/monter-des-mailles-en-cours-tricot\/\">Cable Cast-On<\/a><\/li>\n<li><a href=\"https:\/\/www.christallk.com\/en\/fr-be\/lori-s-twisty-bind-off-fr\/\">Lori's Twisty Bind-Off<\/a><\/li>\n<\/ul>","protected":false},"excerpt":{"rendered":"<p><strong>Angelina Sweater <\/strong>is a lace sweater with a circular yoke. It is very simple and will be very suitable for opinionated beginners.<br \/>\nThe story of<strong>Angelina<\/strong> is on my <a href=\"https:\/\/www.christallk.com\/en\/fr-be\/angelina-pull-raffine\/\">blog.<\/a><\/p>\n<p><strong>Downloadable PDF pattern: Once your order is confirmed, a download link is available on the order page. Remember to download it, as the link is temporary.<\/strong><\/p>\n<p><em>VAT is calculated when the shopping cart is validated.<\/em><\/p>","protected":false},"featured_media":3281,"comment_status":"closed","ping_status":"closed","template":"","meta":{"jetpack_publicize_message":"","jetpack_publicize_feature_enabled":true,"jetpack_social_post_already_shared":false,"jetpack_social_options":{"image_generator_settings":{"template":"highway","default_image_id":0,"font":"","enabled":false},"version":2}},"product_brand":[],"product_cat":[318,308,320],"product_tag":[],"class_list":{"0":"post-3666","1":"product","2":"type-product","3":"status-publish","4":"has-post-thumbnail","6":"product_cat-patrons-en-francais","7":"product_cat-patterns-modeles","8":"product_cat-pulls","11":"first","12":"instock","13":"taxable","14":"shipping-taxable","15":"purchasable","16":"product-type-variable"},"yoast_head":"<!-- This site is optimized with the Yoast SEO plugin v27.5 - https:\/\/yoast.com\/product\/yoast-seo-wordpress\/ -->\n<title>ANGELINA SWEATER - ChristalLK<\/title>\n<meta name=\"robots\" content=\"index, follow, max-snippet:-1, max-image-preview:large, max-video-preview:-1\" \/>\n<link rel=\"canonical\" href=\"https:\/\/www.christallk.com\/en\/product\/angelina-sweater\/\" \/>\n<meta property=\"og:locale\" content=\"en_US\" \/>\n<meta property=\"og:type\" content=\"article\" \/>\n<meta property=\"og:title\" content=\"ANGELINA SWEATER - ChristalLK\" \/>\n<meta property=\"og:description\" content=\"Angelina Sweater est un pull tout en dentelle en empi\u00e8cement circulaire. Il est d&#039;une simplicit\u00e9 d\u00e9concertante et sera tout \u00e0 fait adapt\u00e9 aux d\u00e9butants n&#039;ayant pas froid aux yeux. L&#039;histoire d&#039;Angelina se trouve sur mon blog.  Patron pdf t\u00e9l\u00e9chargeable : une fois la commande valid\u00e9e, un lien de t\u00e9l\u00e9chargement est disponible sur la page de commande. Pensez \u00e0 le t\u00e9l\u00e9charger car le lien est temporaire.  La TVA est calcul\u00e9e \u00e0 la validation du panier.\" \/>\n<meta property=\"og:url\" content=\"https:\/\/www.christallk.com\/en\/product\/angelina-sweater\/\" \/>\n<meta property=\"og:site_name\" content=\"ChristalLK\" \/>\n<meta property=\"article:publisher\" content=\"https:\/\/www.facebook.com\/ChristalLittleK\/\" \/>\n<meta property=\"article:modified_time\" content=\"2025-07-26T13:55:06+00:00\" \/>\n<meta property=\"og:image\" content=\"https:\/\/www.christallk.com\/wp-content\/uploads\/2021\/01\/IMG_8030-2.jpg\" \/>\n\t<meta property=\"og:image:width\" content=\"600\" \/>\n\t<meta property=\"og:image:height\" content=\"900\" \/>\n\t<meta property=\"og:image:type\" content=\"image\/jpeg\" \/>\n<meta name=\"twitter:card\" content=\"summary_large_image\" \/>\n<meta name=\"twitter:label1\" content=\"Est. reading time\" \/>\n\t<meta name=\"twitter:data1\" content=\"2 minutes\" \/>\n<script type=\"application\/ld+json\" class=\"yoast-schema-graph\">{\"@context\":\"https:\\\/\\\/schema.org\",\"@graph\":[{\"@type\":\"WebPage\",\"@id\":\"https:\\\/\\\/www.christallk.com\\\/product\\\/angelina-sweater\\\/\",\"url\":\"https:\\\/\\\/www.christallk.com\\\/product\\\/angelina-sweater\\\/\",\"name\":\"ANGELINA SWEATER - ChristalLK\",\"isPartOf\":{\"@id\":\"https:\\\/\\\/www.christallk.com\\\/#website\"},\"primaryImageOfPage\":{\"@id\":\"https:\\\/\\\/www.christallk.com\\\/product\\\/angelina-sweater\\\/#primaryimage\"},\"image\":{\"@id\":\"https:\\\/\\\/www.christallk.com\\\/product\\\/angelina-sweater\\\/#primaryimage\"},\"thumbnailUrl\":\"https:\\\/\\\/www.christallk.com\\\/wp-content\\\/uploads\\\/2021\\\/01\\\/IMG_8030-2.jpg\",\"datePublished\":\"2021-05-22T19:35:33+00:00\",\"dateModified\":\"2025-07-26T13:55:06+00:00\",\"breadcrumb\":{\"@id\":\"https:\\\/\\\/www.christallk.com\\\/product\\\/angelina-sweater\\\/#breadcrumb\"},\"inLanguage\":\"en-US\",\"potentialAction\":[{\"@type\":\"ReadAction\",\"target\":[\"https:\\\/\\\/www.christallk.com\\\/product\\\/angelina-sweater\\\/\"]}]},{\"@type\":\"ImageObject\",\"inLanguage\":\"en-US\",\"@id\":\"https:\\\/\\\/www.christallk.com\\\/product\\\/angelina-sweater\\\/#primaryimage\",\"url\":\"https:\\\/\\\/www.christallk.com\\\/wp-content\\\/uploads\\\/2021\\\/01\\\/IMG_8030-2.jpg\",\"contentUrl\":\"https:\\\/\\\/www.christallk.com\\\/wp-content\\\/uploads\\\/2021\\\/01\\\/IMG_8030-2.jpg\",\"width\":600,\"height\":900,\"caption\":\"Angelina Sweater\"},{\"@type\":\"BreadcrumbList\",\"@id\":\"https:\\\/\\\/www.christallk.com\\\/product\\\/angelina-sweater\\\/#breadcrumb\",\"itemListElement\":[{\"@type\":\"ListItem\",\"position\":1,\"name\":\"Home\",\"item\":\"https:\\\/\\\/www.christallk.com\\\/\"},{\"@type\":\"ListItem\",\"position\":2,\"name\":\"Boutique\",\"item\":\"https:\\\/\\\/www.christallk.com\\\/language\\\/fr\\\/shop\\\/\"},{\"@type\":\"ListItem\",\"position\":3,\"name\":\"ANGELINA SWEATER\"}]},{\"@type\":\"WebSite\",\"@id\":\"https:\\\/\\\/www.christallk.com\\\/#website\",\"url\":\"https:\\\/\\\/www.christallk.com\\\/\",\"name\":\"ChristalLK\",\"description\":\"ChristalLK Website\",\"publisher\":{\"@id\":\"https:\\\/\\\/www.christallk.com\\\/#organization\"},\"potentialAction\":[{\"@type\":\"SearchAction\",\"target\":{\"@type\":\"EntryPoint\",\"urlTemplate\":\"https:\\\/\\\/www.christallk.com\\\/?s={search_term_string}\"},\"query-input\":{\"@type\":\"PropertyValueSpecification\",\"valueRequired\":true,\"valueName\":\"search_term_string\"}}],\"inLanguage\":\"en-US\"},{\"@type\":\"Organization\",\"@id\":\"https:\\\/\\\/www.christallk.com\\\/#organization\",\"name\":\"ChristalLK\",\"url\":\"https:\\\/\\\/www.christallk.com\\\/\",\"logo\":{\"@type\":\"ImageObject\",\"inLanguage\":\"en-US\",\"@id\":\"https:\\\/\\\/www.christallk.com\\\/#\\\/schema\\\/logo\\\/image\\\/\",\"url\":\"https:\\\/\\\/i2.wp.com\\\/www.christallk.com\\\/wp-content\\\/uploads\\\/2020\\\/05\\\/canvas_logo_clk.png?fit=650%2C600\",\"contentUrl\":\"https:\\\/\\\/i2.wp.com\\\/www.christallk.com\\\/wp-content\\\/uploads\\\/2020\\\/05\\\/canvas_logo_clk.png?fit=650%2C600\",\"width\":650,\"height\":600,\"caption\":\"ChristalLK\"},\"image\":{\"@id\":\"https:\\\/\\\/www.christallk.com\\\/#\\\/schema\\\/logo\\\/image\\\/\"},\"sameAs\":[\"https:\\\/\\\/www.facebook.com\\\/ChristalLittleK\\\/\",\"https:\\\/\\\/www.instagram.com\\\/christallittlek\\\/\",\"https:\\\/\\\/www.pinterest.com\\\/christallk1637\\\/\",\"https:\\\/\\\/www.youtube.com\\\/channel\\\/UCk8kNDAInlkf2fCr6pU-_oA?view_as=subscriber\"]}]}<\/script>\n<!-- \/ Yoast SEO plugin. -->","yoast_head_json":{"title":"ANGELINA SWEATER - ChristalLK","robots":{"index":"index","follow":"follow","max-snippet":"max-snippet:-1","max-image-preview":"max-image-preview:large","max-video-preview":"max-video-preview:-1"},"canonical":"https:\/\/www.christallk.com\/en\/product\/angelina-sweater\/","og_locale":"en_US","og_type":"article","og_title":"ANGELINA SWEATER - ChristalLK","og_description":"Angelina Sweater est un pull tout en dentelle en empi\u00e8cement circulaire. Il est d'une simplicit\u00e9 d\u00e9concertante et sera tout \u00e0 fait adapt\u00e9 aux d\u00e9butants n'ayant pas froid aux yeux. L'histoire d'Angelina se trouve sur mon blog.  Patron pdf t\u00e9l\u00e9chargeable : une fois la commande valid\u00e9e, un lien de t\u00e9l\u00e9chargement est disponible sur la page de commande. Pensez \u00e0 le t\u00e9l\u00e9charger car le lien est temporaire.  La TVA est calcul\u00e9e \u00e0 la validation du panier.","og_url":"https:\/\/www.christallk.com\/en\/product\/angelina-sweater\/","og_site_name":"ChristalLK","article_publisher":"https:\/\/www.facebook.com\/ChristalLittleK\/","article_modified_time":"2025-07-26T13:55:06+00:00","og_image":[{"width":600,"height":900,"url":"https:\/\/www.christallk.com\/wp-content\/uploads\/2021\/01\/IMG_8030-2.jpg","type":"image\/jpeg"}],"twitter_card":"summary_large_image","twitter_misc":{"Est. reading time":"2 minutes"},"schema":{"@context":"https:\/\/schema.org","@graph":[{"@type":"WebPage","@id":"https:\/\/www.christallk.com\/product\/angelina-sweater\/","url":"https:\/\/www.christallk.com\/product\/angelina-sweater\/","name":"ANGELINA SWEATER - ChristalLK","isPartOf":{"@id":"https:\/\/www.christallk.com\/#website"},"primaryImageOfPage":{"@id":"https:\/\/www.christallk.com\/product\/angelina-sweater\/#primaryimage"},"image":{"@id":"https:\/\/www.christallk.com\/product\/angelina-sweater\/#primaryimage"},"thumbnailUrl":"https:\/\/www.christallk.com\/wp-content\/uploads\/2021\/01\/IMG_8030-2.jpg","datePublished":"2021-05-22T19:35:33+00:00","dateModified":"2025-07-26T13:55:06+00:00","breadcrumb":{"@id":"https:\/\/www.christallk.com\/product\/angelina-sweater\/#breadcrumb"},"inLanguage":"en-US","potentialAction":[{"@type":"ReadAction","target":["https:\/\/www.christallk.com\/product\/angelina-sweater\/"]}]},{"@type":"ImageObject","inLanguage":"en-US","@id":"https:\/\/www.christallk.com\/product\/angelina-sweater\/#primaryimage","url":"https:\/\/www.christallk.com\/wp-content\/uploads\/2021\/01\/IMG_8030-2.jpg","contentUrl":"https:\/\/www.christallk.com\/wp-content\/uploads\/2021\/01\/IMG_8030-2.jpg","width":600,"height":900,"caption":"Angelina Sweater"},{"@type":"BreadcrumbList","@id":"https:\/\/www.christallk.com\/product\/angelina-sweater\/#breadcrumb","itemListElement":[{"@type":"ListItem","position":1,"name":"Home","item":"https:\/\/www.christallk.com\/"},{"@type":"ListItem","position":2,"name":"Boutique","item":"https:\/\/www.christallk.com\/language\/fr\/shop\/"},{"@type":"ListItem","position":3,"name":"ANGELINA SWEATER"}]},{"@type":"WebSite","@id":"https:\/\/www.christallk.com\/#website","url":"https:\/\/www.christallk.com\/","name":"ChristalLK","description":"ChristalLK Website","publisher":{"@id":"https:\/\/www.christallk.com\/#organization"},"potentialAction":[{"@type":"SearchAction","target":{"@type":"EntryPoint","urlTemplate":"https:\/\/www.christallk.com\/?s={search_term_string}"},"query-input":{"@type":"PropertyValueSpecification","valueRequired":true,"valueName":"search_term_string"}}],"inLanguage":"en-US"},{"@type":"Organization","@id":"https:\/\/www.christallk.com\/#organization","name":"ChristalLK","url":"https:\/\/www.christallk.com\/","logo":{"@type":"ImageObject","inLanguage":"en-US","@id":"https:\/\/www.christallk.com\/#\/schema\/logo\/image\/","url":"https:\/\/i2.wp.com\/www.christallk.com\/wp-content\/uploads\/2020\/05\/canvas_logo_clk.png?fit=650%2C600","contentUrl":"https:\/\/i2.wp.com\/www.christallk.com\/wp-content\/uploads\/2020\/05\/canvas_logo_clk.png?fit=650%2C600","width":650,"height":600,"caption":"ChristalLK"},"image":{"@id":"https:\/\/www.christallk.com\/#\/schema\/logo\/image\/"},"sameAs":["https:\/\/www.facebook.com\/ChristalLittleK\/","https:\/\/www.instagram.com\/christallittlek\/","https:\/\/www.pinterest.com\/christallk1637\/","https:\/\/www.youtube.com\/channel\/UCk8kNDAInlkf2fCr6pU-_oA?view_as=subscriber"]}]}},"jetpack_publicize_connections":[],"jetpack_likes_enabled":true,"jetpack-related-posts":[{"id":3672,"url":"https:\/\/www.christallk.com\/en\/product\/bobbles\/","url_meta":{"origin":3666,"position":0},"title":"BOBBLES","author":"Christelle","date":"May 22, 2021","format":false,"excerpt":"Bobbles is a colorful sweater with a circular yoke decorated with bobbles that aren&#039;t really bobbles. With this pattern, you can play with colors to make this sweater completely personalized to your tastes. The story of Bobbles can be found on my blog. Downloadable PDF pattern: a\u2026","rel":"","context":"Similar post","block_context":{"text":"Similar post","link":""},"img":{"alt_text":"","src":"https:\/\/i0.wp.com\/www.christallk.com\/wp-content\/uploads\/2020\/12\/IMG_7931-2.jpg?resize=350%2C200&ssl=1","width":350,"height":200,"srcset":"https:\/\/i0.wp.com\/www.christallk.com\/wp-content\/uploads\/2020\/12\/IMG_7931-2.jpg?resize=350%2C200&ssl=1 1x, https:\/\/i0.wp.com\/www.christallk.com\/wp-content\/uploads\/2020\/12\/IMG_7931-2.jpg?resize=525%2C300&ssl=1 1.5x"},"classes":[]},{"id":3828,"url":"https:\/\/www.christallk.com\/en\/product\/abies-alba\/","url_meta":{"origin":3666,"position":1},"title":"ABIES ALBA SWEATER","author":"Christelle","date":"June 1, 2021","format":false,"excerpt":"Abies Alba is a fluffy circular yoke sweater that will give you an elegant and timeless look. The story of Abies Alba can be found on my blog. Downloadable PDF pattern: Once your order is confirmed, a download link is available on the order page. Remember to download it...","rel":"","context":"Similar post","block_context":{"text":"Similar post","link":""},"img":{"alt_text":"Abies Alba Sweater","src":"https:\/\/i0.wp.com\/www.christallk.com\/wp-content\/uploads\/2021\/06\/IMG_8223-2-1.jpg?resize=350%2C200&ssl=1","width":350,"height":200,"srcset":"https:\/\/i0.wp.com\/www.christallk.com\/wp-content\/uploads\/2021\/06\/IMG_8223-2-1.jpg?resize=350%2C200&ssl=1 1x, https:\/\/i0.wp.com\/www.christallk.com\/wp-content\/uploads\/2021\/06\/IMG_8223-2-1.jpg?resize=525%2C300&ssl=1 1.5x"},"classes":[]},{"id":8165,"url":"https:\/\/www.christallk.com\/en\/product\/joshan-sweater\/","url_meta":{"origin":3666,"position":2},"title":"Joshan Sweater","author":"Christelle","date":"September 25, 2025","format":false,"excerpt":"Le pull Joshan est la pi\u00e8ce ma\u00eetresse de la collection \u00c9chos des Steppes. Inspir\u00e9 des armures mongoles dont il porte le nom, ce mod\u00e8le masculin allie force et raffinement. Con\u00e7u en chameau, il met en valeur la richesse des couleurs naturelles des toisons, sans teinture, pour un rendu authentique et\u2026","rel":"","context":"Similar post","block_context":{"text":"Similar post","link":""},"img":{"alt_text":"","src":"https:\/\/i0.wp.com\/www.christallk.com\/wp-content\/uploads\/2025\/09\/joshansweater-12.jpg?resize=350%2C200&ssl=1","width":350,"height":200,"srcset":"https:\/\/i0.wp.com\/www.christallk.com\/wp-content\/uploads\/2025\/09\/joshansweater-12.jpg?resize=350%2C200&ssl=1 1x, https:\/\/i0.wp.com\/www.christallk.com\/wp-content\/uploads\/2025\/09\/joshansweater-12.jpg?resize=525%2C300&ssl=1 1.5x, https:\/\/i0.wp.com\/www.christallk.com\/wp-content\/uploads\/2025\/09\/joshansweater-12.jpg?resize=700%2C400&ssl=1 2x, https:\/\/i0.wp.com\/www.christallk.com\/wp-content\/uploads\/2025\/09\/joshansweater-12.jpg?resize=1050%2C600&ssl=1 3x, https:\/\/i0.wp.com\/www.christallk.com\/wp-content\/uploads\/2025\/09\/joshansweater-12.jpg?resize=1400%2C800&ssl=1 4x"},"classes":[]},{"id":3871,"url":"https:\/\/www.christallk.com\/en\/product\/bloom-time-sweater\/","url_meta":{"origin":3666,"position":3},"title":"BLOOM TIME SWEATER","author":"Christelle","date":"June 9, 2021","format":false,"excerpt":"Bloom Time Sweater is a circular yoke sweater with a pattern that represents spring with budding flowers. Downloadable PDF pattern: Once your order is confirmed, a download link is available on the order page. Remember to download it as the link is temporary.","rel":"","context":"Similar post","block_context":{"text":"Similar post","link":""},"img":{"alt_text":"Bloom Time Sweater","src":"https:\/\/i0.wp.com\/www.christallk.com\/wp-content\/uploads\/2021\/06\/upload_medium2.jpeg?resize=350%2C200&ssl=1","width":350,"height":200},"classes":[]},{"id":8185,"url":"https:\/\/www.christallk.com\/en\/product\/poppy-sweater\/","url_meta":{"origin":3666,"position":4},"title":"Poppy Sweater","author":"Christelle","date":"October 2, 2025","format":false,"excerpt":"Le Poppy Sweater est un pull l\u00e9ger et a\u00e9rien tricot\u00e9 en fil souffl\u00e9 doux et moelleux. Le jeu de mailles gliss\u00e9es sur du jersey endroit et du jersey envers cr\u00e9e un effet gaufr\u00e9 qui transforme l\u2019apparence des speckles, pour un rendu textur\u00e9 et unique. Un mod\u00e8le confortable, moderne et plein\u2026","rel":"","context":"Similar post","block_context":{"text":"Similar post","link":""},"img":{"alt_text":"","src":"https:\/\/i0.wp.com\/www.christallk.com\/wp-content\/uploads\/2025\/09\/poppysweater-9.jpg?resize=350%2C200&ssl=1","width":350,"height":200,"srcset":"https:\/\/i0.wp.com\/www.christallk.com\/wp-content\/uploads\/2025\/09\/poppysweater-9.jpg?resize=350%2C200&ssl=1 1x, https:\/\/i0.wp.com\/www.christallk.com\/wp-content\/uploads\/2025\/09\/poppysweater-9.jpg?resize=525%2C300&ssl=1 1.5x, https:\/\/i0.wp.com\/www.christallk.com\/wp-content\/uploads\/2025\/09\/poppysweater-9.jpg?resize=700%2C400&ssl=1 2x, https:\/\/i0.wp.com\/www.christallk.com\/wp-content\/uploads\/2025\/09\/poppysweater-9.jpg?resize=1050%2C600&ssl=1 3x, https:\/\/i0.wp.com\/www.christallk.com\/wp-content\/uploads\/2025\/09\/poppysweater-9.jpg?resize=1400%2C800&ssl=1 4x"},"classes":[]},{"id":6462,"url":"https:\/\/www.christallk.com\/en\/product\/husband-cardigan\/","url_meta":{"origin":3666,"position":5},"title":"Husband Cardigan","author":"Christelle","date":"April 9, 2024","format":false,"excerpt":"The Husband Cardigan is a shawl collar cardigan that combines classic techniques with originality, giving a wardrobe character and a touch of modernity. Downloadable PDF pattern: once the order is validated, a download link is available on the order page. Remember to download it because\u2026","rel":"","context":"Similar post","block_context":{"text":"Similar post","link":""},"img":{"alt_text":"","src":"https:\/\/i0.wp.com\/www.christallk.com\/wp-content\/uploads\/2024\/04\/IMG_0311.jpg?resize=350%2C200&ssl=1","width":350,"height":200,"srcset":"https:\/\/i0.wp.com\/www.christallk.com\/wp-content\/uploads\/2024\/04\/IMG_0311.jpg?resize=350%2C200&ssl=1 1x, https:\/\/i0.wp.com\/www.christallk.com\/wp-content\/uploads\/2024\/04\/IMG_0311.jpg?resize=525%2C300&ssl=1 1.5x, https:\/\/i0.wp.com\/www.christallk.com\/wp-content\/uploads\/2024\/04\/IMG_0311.jpg?resize=700%2C400&ssl=1 2x, https:\/\/i0.wp.com\/www.christallk.com\/wp-content\/uploads\/2024\/04\/IMG_0311.jpg?resize=1050%2C600&ssl=1 3x"},"classes":[]}],"jetpack_sharing_enabled":true,"_links":{"self":[{"href":"https:\/\/www.christallk.com\/en\/wp-json\/wp\/v2\/product\/3666","targetHints":{"allow":["GET"]}}],"collection":[{"href":"https:\/\/www.christallk.com\/en\/wp-json\/wp\/v2\/product"}],"about":[{"href":"https:\/\/www.christallk.com\/en\/wp-json\/wp\/v2\/types\/product"}],"replies":[{"embeddable":true,"href":"https:\/\/www.christallk.com\/en\/wp-json\/wp\/v2\/comments?post=3666"}],"wp:featuredmedia":[{"embeddable":true,"href":"https:\/\/www.christallk.com\/en\/wp-json\/wp\/v2\/media\/3281"}],"wp:attachment":[{"href":"https:\/\/www.christallk.com\/en\/wp-json\/wp\/v2\/media?parent=3666"}],"wp:term":[{"taxonomy":"product_brand","embeddable":true,"href":"https:\/\/www.christallk.com\/en\/wp-json\/wp\/v2\/product_brand?post=3666"},{"taxonomy":"product_cat","embeddable":true,"href":"https:\/\/www.christallk.com\/en\/wp-json\/wp\/v2\/product_cat?post=3666"},{"taxonomy":"product_tag","embeddable":true,"href":"https:\/\/www.christallk.com\/en\/wp-json\/wp\/v2\/product_tag?post=3666"}],"curies":[{"name":"wp","href":"https:\/\/api.w.org\/{rel}","templated":true}]}}