{"id":3712,"date":"2021-05-25T14:28:45","date_gmt":"2021-05-25T12:28:45","guid":{"rendered":"https:\/\/www.christallk.com\/?post_type=product&#038;p=3712"},"modified":"2025-07-26T15:30:57","modified_gmt":"2025-07-26T13:30:57","slug":"tortada","status":"publish","type":"product","link":"https:\/\/www.christallk.com\/en\/product\/tortada\/","title":{"rendered":"TORTADA"},"content":{"rendered":"<p><strong>Tortada<\/strong> is a long and wide lace wrap. It will cover your neck when the weather gets a little chilly.<\/p>\n<h3>Yarn<\/h3>\n<p>The stole is knitted with fingering yarn. It takes approximately three skeins of 400 meters to make it.<\/p>\n<h3>Gauge<\/h3>\n<p>24 sts \/ 32 rows in flat lace stitch after blocking<\/p>\n<h3>Notions<\/h3>\n<p>3.75 mm circ. needle 100cm long<br \/>\n1 tapestry needle<br \/>\nmarkers<\/p>\n<h3>Final measurements<\/h3>\n<p>228 cm x 49 cm<\/p>\n<h3>Level<\/h3>\n<p>2\/5<\/p>\n<h3>Used techniques<\/h3>\n<ul>\n<li><a href=\"https:\/\/www.christallk.com\/en\/fr-be\/montage-mailles-allemande\/\">Twisted German CO<\/a><\/li>\n<li><a href=\"https:\/\/www.christallk.com\/en\/fr-be\/rabattre-des-mailles-souplement\/\">JSSBO<\/a><\/li>\n<\/ul>","protected":false},"excerpt":{"rendered":"<p><strong>Tortada<\/strong> is a long and wide lace wrap. It will cover your neck when the weather gets a little chilly.<\/p>\n<p>The story of<strong><a href=\"https:\/\/www.christallk.com\/en\/fr-be\/tortada-etole\/\"> Tortada<\/a> <\/strong>is on my blog.<\/p>\n<p><strong>Downloadable PDF pattern: Once your order is confirmed, a download link is available on the order page. Remember to download it, as the link is temporary.<\/strong><\/p>\n<p><em>VAT is calculated when the shopping cart is validated.<\/em><\/p>","protected":false},"featured_media":4167,"comment_status":"closed","ping_status":"closed","template":"","meta":{"jetpack_publicize_message":"","jetpack_publicize_feature_enabled":true,"jetpack_social_post_already_shared":false,"jetpack_social_options":{"image_generator_settings":{"template":"highway","default_image_id":0,"font":"","enabled":false},"version":2}},"product_brand":[],"product_cat":[324,318,308],"product_tag":[],"class_list":{"0":"post-3712","1":"product","2":"type-product","3":"status-publish","4":"has-post-thumbnail","6":"product_cat-chales","7":"product_cat-patrons-en-francais","8":"product_cat-patterns-modeles","11":"first","12":"instock","13":"taxable","14":"shipping-taxable","15":"purchasable","16":"product-type-variable"},"yoast_head":"<!-- This site is optimized with the Yoast SEO plugin v27.5 - https:\/\/yoast.com\/product\/yoast-seo-wordpress\/ -->\n<title>TORTADA - ChristalLK<\/title>\n<meta name=\"description\" content=\"Tortada est une longue et large \u00e9tole tout en dentelle. Elle vous couvrira le cou lorsque le temps s&#039;av\u00e9rera un peu plus frisquet.\" \/>\n<meta name=\"robots\" content=\"index, follow, max-snippet:-1, max-image-preview:large, max-video-preview:-1\" \/>\n<link rel=\"canonical\" href=\"https:\/\/www.christallk.com\/en\/product\/tortada\/\" \/>\n<meta property=\"og:locale\" content=\"en_US\" \/>\n<meta property=\"og:type\" content=\"article\" \/>\n<meta property=\"og:title\" content=\"TORTADA - ChristalLK\" \/>\n<meta property=\"og:description\" content=\"Tortada est une longue et large \u00e9tole tout en dentelle. Elle vous couvrira le cou lorsque le temps s&#039;av\u00e9rera un peu plus frisquet.\" \/>\n<meta property=\"og:url\" content=\"https:\/\/www.christallk.com\/en\/product\/tortada\/\" \/>\n<meta property=\"og:site_name\" content=\"ChristalLK\" \/>\n<meta property=\"article:publisher\" content=\"https:\/\/www.facebook.com\/ChristalLittleK\/\" \/>\n<meta property=\"article:modified_time\" content=\"2025-07-26T13:30:57+00:00\" \/>\n<meta property=\"og:image\" content=\"https:\/\/www.christallk.com\/wp-content\/uploads\/2021\/05\/IMG_7854-2.jpg\" \/>\n\t<meta property=\"og:image:width\" content=\"1333\" \/>\n\t<meta property=\"og:image:height\" content=\"2000\" \/>\n\t<meta property=\"og:image:type\" content=\"image\/jpeg\" \/>\n<meta name=\"twitter:card\" content=\"summary_large_image\" \/>\n<meta name=\"twitter:label1\" content=\"Est. reading time\" \/>\n\t<meta name=\"twitter:data1\" content=\"1 minute\" \/>\n<script type=\"application\/ld+json\" class=\"yoast-schema-graph\">{\"@context\":\"https:\\\/\\\/schema.org\",\"@graph\":[{\"@type\":\"WebPage\",\"@id\":\"https:\\\/\\\/www.christallk.com\\\/product\\\/tortada\\\/\",\"url\":\"https:\\\/\\\/www.christallk.com\\\/product\\\/tortada\\\/\",\"name\":\"TORTADA - ChristalLK\",\"isPartOf\":{\"@id\":\"https:\\\/\\\/www.christallk.com\\\/#website\"},\"primaryImageOfPage\":{\"@id\":\"https:\\\/\\\/www.christallk.com\\\/product\\\/tortada\\\/#primaryimage\"},\"image\":{\"@id\":\"https:\\\/\\\/www.christallk.com\\\/product\\\/tortada\\\/#primaryimage\"},\"thumbnailUrl\":\"https:\\\/\\\/www.christallk.com\\\/wp-content\\\/uploads\\\/2021\\\/05\\\/IMG_7854-2.jpg\",\"datePublished\":\"2021-05-25T12:28:45+00:00\",\"dateModified\":\"2025-07-26T13:30:57+00:00\",\"description\":\"Tortada est une longue et large \u00e9tole tout en dentelle. Elle vous couvrira le cou lorsque le temps s'av\u00e9rera un peu plus frisquet.\",\"breadcrumb\":{\"@id\":\"https:\\\/\\\/www.christallk.com\\\/product\\\/tortada\\\/#breadcrumb\"},\"inLanguage\":\"en-US\",\"potentialAction\":[{\"@type\":\"ReadAction\",\"target\":[\"https:\\\/\\\/www.christallk.com\\\/product\\\/tortada\\\/\"]}]},{\"@type\":\"ImageObject\",\"inLanguage\":\"en-US\",\"@id\":\"https:\\\/\\\/www.christallk.com\\\/product\\\/tortada\\\/#primaryimage\",\"url\":\"https:\\\/\\\/www.christallk.com\\\/wp-content\\\/uploads\\\/2021\\\/05\\\/IMG_7854-2.jpg\",\"contentUrl\":\"https:\\\/\\\/www.christallk.com\\\/wp-content\\\/uploads\\\/2021\\\/05\\\/IMG_7854-2.jpg\",\"width\":1333,\"height\":2000},{\"@type\":\"BreadcrumbList\",\"@id\":\"https:\\\/\\\/www.christallk.com\\\/product\\\/tortada\\\/#breadcrumb\",\"itemListElement\":[{\"@type\":\"ListItem\",\"position\":1,\"name\":\"Home\",\"item\":\"https:\\\/\\\/www.christallk.com\\\/\"},{\"@type\":\"ListItem\",\"position\":2,\"name\":\"Boutique\",\"item\":\"https:\\\/\\\/www.christallk.com\\\/language\\\/fr\\\/shop\\\/\"},{\"@type\":\"ListItem\",\"position\":3,\"name\":\"TORTADA\"}]},{\"@type\":\"WebSite\",\"@id\":\"https:\\\/\\\/www.christallk.com\\\/#website\",\"url\":\"https:\\\/\\\/www.christallk.com\\\/\",\"name\":\"ChristalLK\",\"description\":\"ChristalLK Website\",\"publisher\":{\"@id\":\"https:\\\/\\\/www.christallk.com\\\/#organization\"},\"potentialAction\":[{\"@type\":\"SearchAction\",\"target\":{\"@type\":\"EntryPoint\",\"urlTemplate\":\"https:\\\/\\\/www.christallk.com\\\/?s={search_term_string}\"},\"query-input\":{\"@type\":\"PropertyValueSpecification\",\"valueRequired\":true,\"valueName\":\"search_term_string\"}}],\"inLanguage\":\"en-US\"},{\"@type\":\"Organization\",\"@id\":\"https:\\\/\\\/www.christallk.com\\\/#organization\",\"name\":\"ChristalLK\",\"url\":\"https:\\\/\\\/www.christallk.com\\\/\",\"logo\":{\"@type\":\"ImageObject\",\"inLanguage\":\"en-US\",\"@id\":\"https:\\\/\\\/www.christallk.com\\\/#\\\/schema\\\/logo\\\/image\\\/\",\"url\":\"https:\\\/\\\/i2.wp.com\\\/www.christallk.com\\\/wp-content\\\/uploads\\\/2020\\\/05\\\/canvas_logo_clk.png?fit=650%2C600\",\"contentUrl\":\"https:\\\/\\\/i2.wp.com\\\/www.christallk.com\\\/wp-content\\\/uploads\\\/2020\\\/05\\\/canvas_logo_clk.png?fit=650%2C600\",\"width\":650,\"height\":600,\"caption\":\"ChristalLK\"},\"image\":{\"@id\":\"https:\\\/\\\/www.christallk.com\\\/#\\\/schema\\\/logo\\\/image\\\/\"},\"sameAs\":[\"https:\\\/\\\/www.facebook.com\\\/ChristalLittleK\\\/\",\"https:\\\/\\\/www.instagram.com\\\/christallittlek\\\/\",\"https:\\\/\\\/www.pinterest.com\\\/christallk1637\\\/\",\"https:\\\/\\\/www.youtube.com\\\/channel\\\/UCk8kNDAInlkf2fCr6pU-_oA?view_as=subscriber\"]}]}<\/script>\n<!-- \/ Yoast SEO plugin. -->","yoast_head_json":{"title":"TORTADA - ChristalLK","description":"Tortada est une longue et large \u00e9tole tout en dentelle. Elle vous couvrira le cou lorsque le temps s'av\u00e9rera un peu plus frisquet.","robots":{"index":"index","follow":"follow","max-snippet":"max-snippet:-1","max-image-preview":"max-image-preview:large","max-video-preview":"max-video-preview:-1"},"canonical":"https:\/\/www.christallk.com\/en\/product\/tortada\/","og_locale":"en_US","og_type":"article","og_title":"TORTADA - ChristalLK","og_description":"Tortada est une longue et large \u00e9tole tout en dentelle. Elle vous couvrira le cou lorsque le temps s'av\u00e9rera un peu plus frisquet.","og_url":"https:\/\/www.christallk.com\/en\/product\/tortada\/","og_site_name":"ChristalLK","article_publisher":"https:\/\/www.facebook.com\/ChristalLittleK\/","article_modified_time":"2025-07-26T13:30:57+00:00","og_image":[{"width":1333,"height":2000,"url":"https:\/\/www.christallk.com\/wp-content\/uploads\/2021\/05\/IMG_7854-2.jpg","type":"image\/jpeg"}],"twitter_card":"summary_large_image","twitter_misc":{"Est. reading time":"1 minute"},"schema":{"@context":"https:\/\/schema.org","@graph":[{"@type":"WebPage","@id":"https:\/\/www.christallk.com\/product\/tortada\/","url":"https:\/\/www.christallk.com\/product\/tortada\/","name":"TORTADA - ChristalLK","isPartOf":{"@id":"https:\/\/www.christallk.com\/#website"},"primaryImageOfPage":{"@id":"https:\/\/www.christallk.com\/product\/tortada\/#primaryimage"},"image":{"@id":"https:\/\/www.christallk.com\/product\/tortada\/#primaryimage"},"thumbnailUrl":"https:\/\/www.christallk.com\/wp-content\/uploads\/2021\/05\/IMG_7854-2.jpg","datePublished":"2021-05-25T12:28:45+00:00","dateModified":"2025-07-26T13:30:57+00:00","description":"Tortada est une longue et large \u00e9tole tout en dentelle. Elle vous couvrira le cou lorsque le temps s'av\u00e9rera un peu plus frisquet.","breadcrumb":{"@id":"https:\/\/www.christallk.com\/product\/tortada\/#breadcrumb"},"inLanguage":"en-US","potentialAction":[{"@type":"ReadAction","target":["https:\/\/www.christallk.com\/product\/tortada\/"]}]},{"@type":"ImageObject","inLanguage":"en-US","@id":"https:\/\/www.christallk.com\/product\/tortada\/#primaryimage","url":"https:\/\/www.christallk.com\/wp-content\/uploads\/2021\/05\/IMG_7854-2.jpg","contentUrl":"https:\/\/www.christallk.com\/wp-content\/uploads\/2021\/05\/IMG_7854-2.jpg","width":1333,"height":2000},{"@type":"BreadcrumbList","@id":"https:\/\/www.christallk.com\/product\/tortada\/#breadcrumb","itemListElement":[{"@type":"ListItem","position":1,"name":"Home","item":"https:\/\/www.christallk.com\/"},{"@type":"ListItem","position":2,"name":"Boutique","item":"https:\/\/www.christallk.com\/language\/fr\/shop\/"},{"@type":"ListItem","position":3,"name":"TORTADA"}]},{"@type":"WebSite","@id":"https:\/\/www.christallk.com\/#website","url":"https:\/\/www.christallk.com\/","name":"ChristalLK","description":"ChristalLK Website","publisher":{"@id":"https:\/\/www.christallk.com\/#organization"},"potentialAction":[{"@type":"SearchAction","target":{"@type":"EntryPoint","urlTemplate":"https:\/\/www.christallk.com\/?s={search_term_string}"},"query-input":{"@type":"PropertyValueSpecification","valueRequired":true,"valueName":"search_term_string"}}],"inLanguage":"en-US"},{"@type":"Organization","@id":"https:\/\/www.christallk.com\/#organization","name":"ChristalLK","url":"https:\/\/www.christallk.com\/","logo":{"@type":"ImageObject","inLanguage":"en-US","@id":"https:\/\/www.christallk.com\/#\/schema\/logo\/image\/","url":"https:\/\/i2.wp.com\/www.christallk.com\/wp-content\/uploads\/2020\/05\/canvas_logo_clk.png?fit=650%2C600","contentUrl":"https:\/\/i2.wp.com\/www.christallk.com\/wp-content\/uploads\/2020\/05\/canvas_logo_clk.png?fit=650%2C600","width":650,"height":600,"caption":"ChristalLK"},"image":{"@id":"https:\/\/www.christallk.com\/#\/schema\/logo\/image\/"},"sameAs":["https:\/\/www.facebook.com\/ChristalLittleK\/","https:\/\/www.instagram.com\/christallittlek\/","https:\/\/www.pinterest.com\/christallk1637\/","https:\/\/www.youtube.com\/channel\/UCk8kNDAInlkf2fCr6pU-_oA?view_as=subscriber"]}]}},"jetpack_publicize_connections":[],"jetpack_likes_enabled":true,"jetpack-related-posts":[{"id":3784,"url":"https:\/\/www.christallk.com\/en\/product\/born-to-be-free\/","url_meta":{"origin":3712,"position":0},"title":"BORN TO BE FREE","author":"Christelle","date":"May 30, 2021","format":false,"excerpt":"Born to Be Free is a large shawl alternating between simple lace and brioche. It will cover your neck when the weather turns a little chilly. Downloadable PDF pattern: once your order is confirmed, a download link is available on the order page. Remember to download it\u2026","rel":"","context":"Similar post","block_context":{"text":"Similar post","link":""},"img":{"alt_text":"","src":"https:\/\/i0.wp.com\/www.christallk.com\/wp-content\/uploads\/2021\/05\/IMG_20190407_162218-02-scaled.jpeg?resize=350%2C200&ssl=1","width":350,"height":200,"srcset":"https:\/\/i0.wp.com\/www.christallk.com\/wp-content\/uploads\/2021\/05\/IMG_20190407_162218-02-scaled.jpeg?resize=350%2C200&ssl=1 1x, https:\/\/i0.wp.com\/www.christallk.com\/wp-content\/uploads\/2021\/05\/IMG_20190407_162218-02-scaled.jpeg?resize=525%2C300&ssl=1 1.5x, https:\/\/i0.wp.com\/www.christallk.com\/wp-content\/uploads\/2021\/05\/IMG_20190407_162218-02-scaled.jpeg?resize=700%2C400&ssl=1 2x, https:\/\/i0.wp.com\/www.christallk.com\/wp-content\/uploads\/2021\/05\/IMG_20190407_162218-02-scaled.jpeg?resize=1050%2C600&ssl=1 3x, https:\/\/i0.wp.com\/www.christallk.com\/wp-content\/uploads\/2021\/05\/IMG_20190407_162218-02-scaled.jpeg?resize=1400%2C800&ssl=1 4x"},"classes":[]},{"id":4057,"url":"https:\/\/www.christallk.com\/en\/product\/la-belle-retive\/","url_meta":{"origin":3712,"position":1},"title":"THE BEAUTIFUL RETIVE","author":"Christelle","date":"July 13, 2021","format":false,"excerpt":"La Belle R\u00e9tive is a large, easy stole that alternates sections of feather and fan. It&#039;s the perfect stole for using up sets of minis or leftover yarn. Downloadable PDF pattern: once your order is confirmed, a download link is available on the order page.","rel":"","context":"Similar post","block_context":{"text":"Similar post","link":""},"img":{"alt_text":"","src":"https:\/\/i0.wp.com\/www.christallk.com\/wp-content\/uploads\/2021\/07\/IMG_8511-2.jpg?resize=350%2C200&ssl=1","width":350,"height":200,"srcset":"https:\/\/i0.wp.com\/www.christallk.com\/wp-content\/uploads\/2021\/07\/IMG_8511-2.jpg?resize=350%2C200&ssl=1 1x, https:\/\/i0.wp.com\/www.christallk.com\/wp-content\/uploads\/2021\/07\/IMG_8511-2.jpg?resize=525%2C300&ssl=1 1.5x, https:\/\/i0.wp.com\/www.christallk.com\/wp-content\/uploads\/2021\/07\/IMG_8511-2.jpg?resize=700%2C400&ssl=1 2x"},"classes":[]},{"id":4359,"url":"https:\/\/www.christallk.com\/en\/product\/rosalie\/","url_meta":{"origin":3712,"position":2},"title":"Rosalie","author":"Christelle","date":"November 16, 2021","format":false,"excerpt":"Rosalie is a large, easy stole that starts in the center with a mosaic stitch, alternating between garter stitch, mosaic stitch, and a textured dotted stitch. It comes in two versions: a large and a small. This pattern gives you complete freedom in choosing the color! Pattern\u2026","rel":"","context":"Similar post","block_context":{"text":"Similar post","link":""},"img":{"alt_text":"","src":"https:\/\/i0.wp.com\/www.christallk.com\/wp-content\/uploads\/2021\/11\/IMG_8850-2.jpg?resize=350%2C200&ssl=1","width":350,"height":200,"srcset":"https:\/\/i0.wp.com\/www.christallk.com\/wp-content\/uploads\/2021\/11\/IMG_8850-2.jpg?resize=350%2C200&ssl=1 1x, https:\/\/i0.wp.com\/www.christallk.com\/wp-content\/uploads\/2021\/11\/IMG_8850-2.jpg?resize=525%2C300&ssl=1 1.5x, https:\/\/i0.wp.com\/www.christallk.com\/wp-content\/uploads\/2021\/11\/IMG_8850-2.jpg?resize=700%2C400&ssl=1 2x"},"classes":[]},{"id":4089,"url":"https:\/\/www.christallk.com\/en\/product\/highlands-sunset\/","url_meta":{"origin":3712,"position":3},"title":"HIGHLANDS SUNSET","author":"Christelle","date":"July 16, 2021","format":false,"excerpt":"Highland Sunsets is a large stole alternating brioche stitch, lace stitch, and garter stitch. While not intended for complete beginner knitters, it&#039;s not unapproachable. Downloadable PDF pattern: once your order is confirmed, a download link is available on the order page.","rel":"","context":"Similar post","block_context":{"text":"Similar post","link":""},"img":{"alt_text":"","src":"https:\/\/i0.wp.com\/www.christallk.com\/wp-content\/uploads\/2021\/07\/IMG_7542-2.jpg?resize=350%2C200&ssl=1","width":350,"height":200,"srcset":"https:\/\/i0.wp.com\/www.christallk.com\/wp-content\/uploads\/2021\/07\/IMG_7542-2.jpg?resize=350%2C200&ssl=1 1x, https:\/\/i0.wp.com\/www.christallk.com\/wp-content\/uploads\/2021\/07\/IMG_7542-2.jpg?resize=525%2C300&ssl=1 1.5x, https:\/\/i0.wp.com\/www.christallk.com\/wp-content\/uploads\/2021\/07\/IMG_7542-2.jpg?resize=700%2C400&ssl=1 2x"},"classes":[]},{"id":7191,"url":"https:\/\/www.christallk.com\/en\/product\/under-your-spell\/","url_meta":{"origin":3712,"position":4},"title":"Under Your Spell","author":"Christelle","date":"February 13, 2025","format":false,"excerpt":"Under Your Spell is a stole combining brioche and mosaic stitch that evokes the contrasts and harmonies of the feminine soul. Downloadable PDF pattern: once the order is validated, a download link is available on the order page. Remember to download it because the link is temporary.\u2026","rel":"","context":"Similar post","block_context":{"text":"Similar post","link":""},"img":{"alt_text":"","src":"https:\/\/i0.wp.com\/www.christallk.com\/wp-content\/uploads\/2025\/02\/under-your-spell-24.jpg?resize=350%2C200&ssl=1","width":350,"height":200,"srcset":"https:\/\/i0.wp.com\/www.christallk.com\/wp-content\/uploads\/2025\/02\/under-your-spell-24.jpg?resize=350%2C200&ssl=1 1x, https:\/\/i0.wp.com\/www.christallk.com\/wp-content\/uploads\/2025\/02\/under-your-spell-24.jpg?resize=525%2C300&ssl=1 1.5x, https:\/\/i0.wp.com\/www.christallk.com\/wp-content\/uploads\/2025\/02\/under-your-spell-24.jpg?resize=700%2C400&ssl=1 2x, https:\/\/i0.wp.com\/www.christallk.com\/wp-content\/uploads\/2025\/02\/under-your-spell-24.jpg?resize=1050%2C600&ssl=1 3x"},"classes":[]},{"id":8790,"url":"https:\/\/www.christallk.com\/en\/product\/limagne\/","url_meta":{"origin":3712,"position":5},"title":"Limagne","author":"Christelle","date":"April 14, 2026","format":false,"excerpt":"Limagne est un ch\u00e2le n\u00e9 d\u2019un paysage, de lignes calmes, de champs \u00e0 perte de vue. Les diamants apparaissent peu \u00e0 peu, dans un rythme doux et apaisant. Patron pdf t\u00e9l\u00e9chargeable : une fois la commande valid\u00e9e, un lien de t\u00e9l\u00e9chargement est disponible sur la page de commande. Pensez \u00e0\u2026","rel":"","context":"Similar post","block_context":{"text":"Similar post","link":""},"img":{"alt_text":"","src":"https:\/\/i0.wp.com\/www.christallk.com\/wp-content\/uploads\/2026\/04\/IMG_2041-2.jpg?resize=350%2C200&ssl=1","width":350,"height":200,"srcset":"https:\/\/i0.wp.com\/www.christallk.com\/wp-content\/uploads\/2026\/04\/IMG_2041-2.jpg?resize=350%2C200&ssl=1 1x, https:\/\/i0.wp.com\/www.christallk.com\/wp-content\/uploads\/2026\/04\/IMG_2041-2.jpg?resize=525%2C300&ssl=1 1.5x, https:\/\/i0.wp.com\/www.christallk.com\/wp-content\/uploads\/2026\/04\/IMG_2041-2.jpg?resize=700%2C400&ssl=1 2x, https:\/\/i0.wp.com\/www.christallk.com\/wp-content\/uploads\/2026\/04\/IMG_2041-2.jpg?resize=1050%2C600&ssl=1 3x, https:\/\/i0.wp.com\/www.christallk.com\/wp-content\/uploads\/2026\/04\/IMG_2041-2.jpg?resize=1400%2C800&ssl=1 4x"},"classes":[]}],"jetpack_sharing_enabled":true,"_links":{"self":[{"href":"https:\/\/www.christallk.com\/en\/wp-json\/wp\/v2\/product\/3712","targetHints":{"allow":["GET"]}}],"collection":[{"href":"https:\/\/www.christallk.com\/en\/wp-json\/wp\/v2\/product"}],"about":[{"href":"https:\/\/www.christallk.com\/en\/wp-json\/wp\/v2\/types\/product"}],"replies":[{"embeddable":true,"href":"https:\/\/www.christallk.com\/en\/wp-json\/wp\/v2\/comments?post=3712"}],"wp:featuredmedia":[{"embeddable":true,"href":"https:\/\/www.christallk.com\/en\/wp-json\/wp\/v2\/media\/4167"}],"wp:attachment":[{"href":"https:\/\/www.christallk.com\/en\/wp-json\/wp\/v2\/media?parent=3712"}],"wp:term":[{"taxonomy":"product_brand","embeddable":true,"href":"https:\/\/www.christallk.com\/en\/wp-json\/wp\/v2\/product_brand?post=3712"},{"taxonomy":"product_cat","embeddable":true,"href":"https:\/\/www.christallk.com\/en\/wp-json\/wp\/v2\/product_cat?post=3712"},{"taxonomy":"product_tag","embeddable":true,"href":"https:\/\/www.christallk.com\/en\/wp-json\/wp\/v2\/product_tag?post=3712"}],"curies":[{"name":"wp","href":"https:\/\/api.w.org\/{rel}","templated":true}]}}