{"id":3892,"date":"2021-06-23T08:42:27","date_gmt":"2021-06-23T06:42:27","guid":{"rendered":"https:\/\/www.christallk.com\/?post_type=product&#038;p=3892"},"modified":"2025-07-26T15:27:13","modified_gmt":"2025-07-26T13:27:13","slug":"snow-doves","status":"publish","type":"product","link":"https:\/\/www.christallk.com\/en\/product\/snow-doves\/","title":{"rendered":"SNOW DOVES"},"content":{"rendered":"<p><strong>Snow Doves <\/strong>is a beautiful colorworked hat with a faux fur pompom.<\/p>\n<h3>Yarn<\/h3>\n<p>The hat is knitted with two contrasting colored knitted yarns: By Night Creations Milky Way (85% merino, 15% rayon \/ Viscose) 400 m \/ 100 g color Garance approximately 110 m and By Night Creations Comet (100% corriedale) 400 m \/ 100 g color Hibiscus approximately 50 m<\/p>\n<h3>Gauge<\/h3>\n<p>32 sts \/ 36 rows in stranded colorwork in the round<\/p>\n<h3>Notions<\/h3>\n<p>1 short circ. needle 2.75 mm, 40 cm long<br \/>\n1 short circ. needle 3.5 mm, 40 cm long<br \/>\n1 tapestry needle<br \/>\n2 markers<\/p>\n<h3>Final measurements<\/h3>\n<p>52 cm circumference for a head circumference of 50 to 60 cm<\/p>\n<h3>Level<\/h3>\n<p>3\/5<\/p>\n<h3>Used techniques<\/h3>\n<ul>\n<li>2x2 Ribbed Cast-On<\/li>\n<\/ul>","protected":false},"excerpt":{"rendered":"<p><strong>Snow Doves <\/strong>is a beautiful colorworked hat with a faux fur pompom.<\/p>\n<p><strong>Downloadable PDF pattern: Once your order is confirmed, a download link is available on the order page. Remember to download it, as the link is temporary.<\/strong><\/p>\n<p><em>VAT is calculated when the shopping cart is validated.<\/em><\/p>","protected":false},"featured_media":3899,"comment_status":"closed","ping_status":"closed","template":"","meta":{"jetpack_publicize_message":"","jetpack_publicize_feature_enabled":true,"jetpack_social_post_already_shared":false,"jetpack_social_options":{"image_generator_settings":{"template":"highway","default_image_id":0,"font":"","enabled":false},"version":2}},"product_brand":[],"product_cat":[321,318,308],"product_tag":[],"class_list":{"0":"post-3892","1":"product","2":"type-product","3":"status-publish","4":"has-post-thumbnail","6":"product_cat-accessoires","7":"product_cat-patrons-en-francais","8":"product_cat-patterns-modeles","11":"first","12":"instock","13":"taxable","14":"shipping-taxable","15":"purchasable","16":"product-type-variable"},"yoast_head":"<!-- This site is optimized with the Yoast SEO plugin v27.5 - https:\/\/yoast.com\/product\/yoast-seo-wordpress\/ -->\n<title>SNOW DOVES - ChristalLK<\/title>\n<meta name=\"robots\" content=\"index, follow, max-snippet:-1, max-image-preview:large, max-video-preview:-1\" \/>\n<link rel=\"canonical\" href=\"https:\/\/www.christallk.com\/en\/product\/snow-doves\/\" \/>\n<meta property=\"og:locale\" content=\"en_US\" \/>\n<meta property=\"og:type\" content=\"article\" \/>\n<meta property=\"og:title\" content=\"SNOW DOVES - ChristalLK\" \/>\n<meta property=\"og:description\" content=\"Snow Doves est un joli bonnet en jacquard agr\u00e9ment\u00e9 d&#039;un pompom en fausse fourrure.  Patron pdf t\u00e9l\u00e9chargeable : une fois la commande valid\u00e9e, un lien de t\u00e9l\u00e9chargement est disponible sur la page de commande. Pensez \u00e0 le t\u00e9l\u00e9charger car le lien est temporaire.  La TVA est calcul\u00e9e \u00e0 la validation du panier.\" \/>\n<meta property=\"og:url\" content=\"https:\/\/www.christallk.com\/en\/product\/snow-doves\/\" \/>\n<meta property=\"og:site_name\" content=\"ChristalLK\" \/>\n<meta property=\"article:publisher\" content=\"https:\/\/www.facebook.com\/ChristalLittleK\/\" \/>\n<meta property=\"article:modified_time\" content=\"2025-07-26T13:27:13+00:00\" \/>\n<meta property=\"og:image\" content=\"https:\/\/www.christallk.com\/wp-content\/uploads\/2021\/06\/20201115_135345-01.jpeg\" \/>\n\t<meta property=\"og:image:width\" content=\"1549\" \/>\n\t<meta property=\"og:image:height\" content=\"1547\" \/>\n\t<meta property=\"og:image:type\" content=\"image\/jpeg\" \/>\n<meta name=\"twitter:card\" content=\"summary_large_image\" \/>\n<meta name=\"twitter:label1\" content=\"Est. reading time\" \/>\n\t<meta name=\"twitter:data1\" content=\"1 minute\" \/>\n<script type=\"application\/ld+json\" class=\"yoast-schema-graph\">{\"@context\":\"https:\\\/\\\/schema.org\",\"@graph\":[{\"@type\":\"WebPage\",\"@id\":\"https:\\\/\\\/www.christallk.com\\\/product\\\/snow-doves\\\/\",\"url\":\"https:\\\/\\\/www.christallk.com\\\/product\\\/snow-doves\\\/\",\"name\":\"SNOW DOVES - ChristalLK\",\"isPartOf\":{\"@id\":\"https:\\\/\\\/www.christallk.com\\\/#website\"},\"primaryImageOfPage\":{\"@id\":\"https:\\\/\\\/www.christallk.com\\\/product\\\/snow-doves\\\/#primaryimage\"},\"image\":{\"@id\":\"https:\\\/\\\/www.christallk.com\\\/product\\\/snow-doves\\\/#primaryimage\"},\"thumbnailUrl\":\"https:\\\/\\\/www.christallk.com\\\/wp-content\\\/uploads\\\/2021\\\/06\\\/20201115_135345-01.jpeg\",\"datePublished\":\"2021-06-23T06:42:27+00:00\",\"dateModified\":\"2025-07-26T13:27:13+00:00\",\"breadcrumb\":{\"@id\":\"https:\\\/\\\/www.christallk.com\\\/product\\\/snow-doves\\\/#breadcrumb\"},\"inLanguage\":\"en-US\",\"potentialAction\":[{\"@type\":\"ReadAction\",\"target\":[\"https:\\\/\\\/www.christallk.com\\\/product\\\/snow-doves\\\/\"]}]},{\"@type\":\"ImageObject\",\"inLanguage\":\"en-US\",\"@id\":\"https:\\\/\\\/www.christallk.com\\\/product\\\/snow-doves\\\/#primaryimage\",\"url\":\"https:\\\/\\\/www.christallk.com\\\/wp-content\\\/uploads\\\/2021\\\/06\\\/20201115_135345-01.jpeg\",\"contentUrl\":\"https:\\\/\\\/www.christallk.com\\\/wp-content\\\/uploads\\\/2021\\\/06\\\/20201115_135345-01.jpeg\",\"width\":1549,\"height\":1547},{\"@type\":\"BreadcrumbList\",\"@id\":\"https:\\\/\\\/www.christallk.com\\\/product\\\/snow-doves\\\/#breadcrumb\",\"itemListElement\":[{\"@type\":\"ListItem\",\"position\":1,\"name\":\"Home\",\"item\":\"https:\\\/\\\/www.christallk.com\\\/\"},{\"@type\":\"ListItem\",\"position\":2,\"name\":\"Boutique\",\"item\":\"https:\\\/\\\/www.christallk.com\\\/language\\\/fr\\\/shop\\\/\"},{\"@type\":\"ListItem\",\"position\":3,\"name\":\"SNOW DOVES\"}]},{\"@type\":\"WebSite\",\"@id\":\"https:\\\/\\\/www.christallk.com\\\/#website\",\"url\":\"https:\\\/\\\/www.christallk.com\\\/\",\"name\":\"ChristalLK\",\"description\":\"ChristalLK Website\",\"publisher\":{\"@id\":\"https:\\\/\\\/www.christallk.com\\\/#organization\"},\"potentialAction\":[{\"@type\":\"SearchAction\",\"target\":{\"@type\":\"EntryPoint\",\"urlTemplate\":\"https:\\\/\\\/www.christallk.com\\\/?s={search_term_string}\"},\"query-input\":{\"@type\":\"PropertyValueSpecification\",\"valueRequired\":true,\"valueName\":\"search_term_string\"}}],\"inLanguage\":\"en-US\"},{\"@type\":\"Organization\",\"@id\":\"https:\\\/\\\/www.christallk.com\\\/#organization\",\"name\":\"ChristalLK\",\"url\":\"https:\\\/\\\/www.christallk.com\\\/\",\"logo\":{\"@type\":\"ImageObject\",\"inLanguage\":\"en-US\",\"@id\":\"https:\\\/\\\/www.christallk.com\\\/#\\\/schema\\\/logo\\\/image\\\/\",\"url\":\"https:\\\/\\\/i2.wp.com\\\/www.christallk.com\\\/wp-content\\\/uploads\\\/2020\\\/05\\\/canvas_logo_clk.png?fit=650%2C600\",\"contentUrl\":\"https:\\\/\\\/i2.wp.com\\\/www.christallk.com\\\/wp-content\\\/uploads\\\/2020\\\/05\\\/canvas_logo_clk.png?fit=650%2C600\",\"width\":650,\"height\":600,\"caption\":\"ChristalLK\"},\"image\":{\"@id\":\"https:\\\/\\\/www.christallk.com\\\/#\\\/schema\\\/logo\\\/image\\\/\"},\"sameAs\":[\"https:\\\/\\\/www.facebook.com\\\/ChristalLittleK\\\/\",\"https:\\\/\\\/www.instagram.com\\\/christallittlek\\\/\",\"https:\\\/\\\/www.pinterest.com\\\/christallk1637\\\/\",\"https:\\\/\\\/www.youtube.com\\\/channel\\\/UCk8kNDAInlkf2fCr6pU-_oA?view_as=subscriber\"]}]}<\/script>\n<!-- \/ Yoast SEO plugin. -->","yoast_head_json":{"title":"SNOW DOVES - ChristalLK","robots":{"index":"index","follow":"follow","max-snippet":"max-snippet:-1","max-image-preview":"max-image-preview:large","max-video-preview":"max-video-preview:-1"},"canonical":"https:\/\/www.christallk.com\/en\/product\/snow-doves\/","og_locale":"en_US","og_type":"article","og_title":"SNOW DOVES - ChristalLK","og_description":"Snow Doves est un joli bonnet en jacquard agr\u00e9ment\u00e9 d'un pompom en fausse fourrure.  Patron pdf t\u00e9l\u00e9chargeable : une fois la commande valid\u00e9e, un lien de t\u00e9l\u00e9chargement est disponible sur la page de commande. Pensez \u00e0 le t\u00e9l\u00e9charger car le lien est temporaire.  La TVA est calcul\u00e9e \u00e0 la validation du panier.","og_url":"https:\/\/www.christallk.com\/en\/product\/snow-doves\/","og_site_name":"ChristalLK","article_publisher":"https:\/\/www.facebook.com\/ChristalLittleK\/","article_modified_time":"2025-07-26T13:27:13+00:00","og_image":[{"width":1549,"height":1547,"url":"https:\/\/www.christallk.com\/wp-content\/uploads\/2021\/06\/20201115_135345-01.jpeg","type":"image\/jpeg"}],"twitter_card":"summary_large_image","twitter_misc":{"Est. reading time":"1 minute"},"schema":{"@context":"https:\/\/schema.org","@graph":[{"@type":"WebPage","@id":"https:\/\/www.christallk.com\/product\/snow-doves\/","url":"https:\/\/www.christallk.com\/product\/snow-doves\/","name":"SNOW DOVES - ChristalLK","isPartOf":{"@id":"https:\/\/www.christallk.com\/#website"},"primaryImageOfPage":{"@id":"https:\/\/www.christallk.com\/product\/snow-doves\/#primaryimage"},"image":{"@id":"https:\/\/www.christallk.com\/product\/snow-doves\/#primaryimage"},"thumbnailUrl":"https:\/\/www.christallk.com\/wp-content\/uploads\/2021\/06\/20201115_135345-01.jpeg","datePublished":"2021-06-23T06:42:27+00:00","dateModified":"2025-07-26T13:27:13+00:00","breadcrumb":{"@id":"https:\/\/www.christallk.com\/product\/snow-doves\/#breadcrumb"},"inLanguage":"en-US","potentialAction":[{"@type":"ReadAction","target":["https:\/\/www.christallk.com\/product\/snow-doves\/"]}]},{"@type":"ImageObject","inLanguage":"en-US","@id":"https:\/\/www.christallk.com\/product\/snow-doves\/#primaryimage","url":"https:\/\/www.christallk.com\/wp-content\/uploads\/2021\/06\/20201115_135345-01.jpeg","contentUrl":"https:\/\/www.christallk.com\/wp-content\/uploads\/2021\/06\/20201115_135345-01.jpeg","width":1549,"height":1547},{"@type":"BreadcrumbList","@id":"https:\/\/www.christallk.com\/product\/snow-doves\/#breadcrumb","itemListElement":[{"@type":"ListItem","position":1,"name":"Home","item":"https:\/\/www.christallk.com\/"},{"@type":"ListItem","position":2,"name":"Boutique","item":"https:\/\/www.christallk.com\/language\/fr\/shop\/"},{"@type":"ListItem","position":3,"name":"SNOW DOVES"}]},{"@type":"WebSite","@id":"https:\/\/www.christallk.com\/#website","url":"https:\/\/www.christallk.com\/","name":"ChristalLK","description":"ChristalLK Website","publisher":{"@id":"https:\/\/www.christallk.com\/#organization"},"potentialAction":[{"@type":"SearchAction","target":{"@type":"EntryPoint","urlTemplate":"https:\/\/www.christallk.com\/?s={search_term_string}"},"query-input":{"@type":"PropertyValueSpecification","valueRequired":true,"valueName":"search_term_string"}}],"inLanguage":"en-US"},{"@type":"Organization","@id":"https:\/\/www.christallk.com\/#organization","name":"ChristalLK","url":"https:\/\/www.christallk.com\/","logo":{"@type":"ImageObject","inLanguage":"en-US","@id":"https:\/\/www.christallk.com\/#\/schema\/logo\/image\/","url":"https:\/\/i2.wp.com\/www.christallk.com\/wp-content\/uploads\/2020\/05\/canvas_logo_clk.png?fit=650%2C600","contentUrl":"https:\/\/i2.wp.com\/www.christallk.com\/wp-content\/uploads\/2020\/05\/canvas_logo_clk.png?fit=650%2C600","width":650,"height":600,"caption":"ChristalLK"},"image":{"@id":"https:\/\/www.christallk.com\/#\/schema\/logo\/image\/"},"sameAs":["https:\/\/www.facebook.com\/ChristalLittleK\/","https:\/\/www.instagram.com\/christallittlek\/","https:\/\/www.pinterest.com\/christallk1637\/","https:\/\/www.youtube.com\/channel\/UCk8kNDAInlkf2fCr6pU-_oA?view_as=subscriber"]}]}},"jetpack_publicize_connections":[],"jetpack_likes_enabled":true,"jetpack-related-posts":[{"id":3937,"url":"https:\/\/www.christallk.com\/en\/product\/the-snow-owl\/","url_meta":{"origin":3892,"position":0},"title":"THE SNOW OWL","author":"Christelle","date":"June 23, 2021","format":false,"excerpt":"The Snow Owl is a lovely pair of jacquard mittens from the Magical Creatures collection. The story of the Magical Creatures collection is here. Downloadable PDF pattern: Once your order is confirmed, a download link is available on the order page. Remember to download it...","rel":"","context":"Similar post","block_context":{"text":"Similar post","link":""},"img":{"alt_text":"","src":"https:\/\/i0.wp.com\/www.christallk.com\/wp-content\/uploads\/2021\/06\/IMG_7406-2.jpg?resize=350%2C200&ssl=1","width":350,"height":200,"srcset":"https:\/\/i0.wp.com\/www.christallk.com\/wp-content\/uploads\/2021\/06\/IMG_7406-2.jpg?resize=350%2C200&ssl=1 1x, https:\/\/i0.wp.com\/www.christallk.com\/wp-content\/uploads\/2021\/06\/IMG_7406-2.jpg?resize=525%2C300&ssl=1 1.5x, https:\/\/i0.wp.com\/www.christallk.com\/wp-content\/uploads\/2021\/06\/IMG_7406-2.jpg?resize=700%2C400&ssl=1 2x"},"classes":[]},{"id":4005,"url":"https:\/\/www.christallk.com\/en\/product\/irenes-wallpaper\/","url_meta":{"origin":3892,"position":1},"title":"IRENE&#039;S WALLPAPER","author":"Christelle","date":"June 23, 2021","format":false,"excerpt":"Irene&#039;s Wallpaper is a pretty jacquard collar knitted in a tube and then grafted at the end. I found my inspiration in the Sherlock series. Downloadable PDF pattern: once the order is validated, a download link is available on the order page. Remember to download it because\u2026","rel":"","context":"Similar post","block_context":{"text":"Similar post","link":""},"img":{"alt_text":"","src":"https:\/\/i0.wp.com\/www.christallk.com\/wp-content\/uploads\/2021\/06\/IMG_5473-2.jpg?resize=350%2C200&ssl=1","width":350,"height":200,"srcset":"https:\/\/i0.wp.com\/www.christallk.com\/wp-content\/uploads\/2021\/06\/IMG_5473-2.jpg?resize=350%2C200&ssl=1 1x, https:\/\/i0.wp.com\/www.christallk.com\/wp-content\/uploads\/2021\/06\/IMG_5473-2.jpg?resize=525%2C300&ssl=1 1.5x"},"classes":[]},{"id":3645,"url":"https:\/\/www.christallk.com\/en\/product\/blood-trillium-hat\/","url_meta":{"origin":3892,"position":2},"title":"BLOOD TRILLIUM HAT","author":"Christelle","date":"May 22, 2021","format":false,"excerpt":"Blood Trillium Hat is a pretty hat with bobbles and a leaf pattern reminiscent of the red trillium that blooms in the woods of North America. The hat completes the Blood Trillium set, which consists of a pair of mittens and a hat. Downloadable PDF pattern: once\u2026","rel":"","context":"Similar post","block_context":{"text":"Similar post","link":""},"img":{"alt_text":"","src":"https:\/\/i0.wp.com\/www.christallk.com\/wp-content\/uploads\/2021\/05\/IMG_8100-2.jpg?resize=350%2C200&ssl=1","width":350,"height":200,"srcset":"https:\/\/i0.wp.com\/www.christallk.com\/wp-content\/uploads\/2021\/05\/IMG_8100-2.jpg?resize=350%2C200&ssl=1 1x, https:\/\/i0.wp.com\/www.christallk.com\/wp-content\/uploads\/2021\/05\/IMG_8100-2.jpg?resize=525%2C300&ssl=1 1.5x"},"classes":[]},{"id":5698,"url":"https:\/\/www.christallk.com\/en\/product\/le-pelerin\/","url_meta":{"origin":3892,"position":3},"title":"Le P\u00e9lerin","author":"Christelle","date":"March 17, 2023","format":false,"excerpt":"The Pilgrim is a multicolored unisex hat featuring jacquard, slipped stitch, and linen stitch. Downloadable PDF pattern: Once your order is confirmed, a download link is available on the order page. Remember to download it, as the link is temporary. VAT is\u2026","rel":"","context":"Similar post","block_context":{"text":"Similar post","link":""},"img":{"alt_text":"","src":"https:\/\/i0.wp.com\/www.christallk.com\/wp-content\/uploads\/2023\/03\/IMG_9681.jpg?resize=350%2C200&ssl=1","width":350,"height":200,"srcset":"https:\/\/i0.wp.com\/www.christallk.com\/wp-content\/uploads\/2023\/03\/IMG_9681.jpg?resize=350%2C200&ssl=1 1x, https:\/\/i0.wp.com\/www.christallk.com\/wp-content\/uploads\/2023\/03\/IMG_9681.jpg?resize=525%2C300&ssl=1 1.5x, https:\/\/i0.wp.com\/www.christallk.com\/wp-content\/uploads\/2023\/03\/IMG_9681.jpg?resize=700%2C400&ssl=1 2x"},"classes":[]},{"id":8420,"url":"https:\/\/www.christallk.com\/en\/product\/dana-mitts\/","url_meta":{"origin":3892,"position":4},"title":"Dana Mitts","author":"Christelle","date":"January 8, 2026","format":false,"excerpt":"Dana Mitts est une paire de mitaines en jacquard. Elle est le parfait projet \u00e0 tricoter pour offrir en cadeau ou pour se l'offrir \u00e0 soi-m\u00eame ! Elles sont relativement faciles \u00e0 tricoter malgr\u00e9 l'aspect complexe du motif. Patron pdf t\u00e9l\u00e9chargeable : une fois la commande valid\u00e9e, un lien de\u2026","rel":"","context":"Similar post","block_context":{"text":"Similar post","link":""},"img":{"alt_text":"","src":"https:\/\/i0.wp.com\/www.christallk.com\/wp-content\/uploads\/2026\/01\/dana-mitts-7.jpg?resize=350%2C200&ssl=1","width":350,"height":200,"srcset":"https:\/\/i0.wp.com\/www.christallk.com\/wp-content\/uploads\/2026\/01\/dana-mitts-7.jpg?resize=350%2C200&ssl=1 1x, https:\/\/i0.wp.com\/www.christallk.com\/wp-content\/uploads\/2026\/01\/dana-mitts-7.jpg?resize=525%2C300&ssl=1 1.5x, https:\/\/i0.wp.com\/www.christallk.com\/wp-content\/uploads\/2026\/01\/dana-mitts-7.jpg?resize=700%2C400&ssl=1 2x, https:\/\/i0.wp.com\/www.christallk.com\/wp-content\/uploads\/2026\/01\/dana-mitts-7.jpg?resize=1050%2C600&ssl=1 3x, https:\/\/i0.wp.com\/www.christallk.com\/wp-content\/uploads\/2026\/01\/dana-mitts-7.jpg?resize=1400%2C800&ssl=1 4x"},"classes":[]},{"id":3995,"url":"https:\/\/www.christallk.com\/en\/product\/winter-wonderland\/","url_meta":{"origin":3892,"position":5},"title":"WINTER WONDERLAND","author":"Christelle","date":"June 23, 2021","format":false,"excerpt":"Winter Wonderland is a beautiful jacquard cowl from the Four Seasons Cowls Collection. Downloadable PDF pattern: Once your order is confirmed, a download link is available on the order page. Remember to download it as the link is temporary. VAT is calculated\u2026","rel":"","context":"Similar post","block_context":{"text":"Similar post","link":""},"img":{"alt_text":"","src":"https:\/\/i0.wp.com\/www.christallk.com\/wp-content\/uploads\/2021\/06\/IMG_20190103_150541_148-e1627031277932.jpg?resize=350%2C200&ssl=1","width":350,"height":200,"srcset":"https:\/\/i0.wp.com\/www.christallk.com\/wp-content\/uploads\/2021\/06\/IMG_20190103_150541_148-e1627031277932.jpg?resize=350%2C200&ssl=1 1x, https:\/\/i0.wp.com\/www.christallk.com\/wp-content\/uploads\/2021\/06\/IMG_20190103_150541_148-e1627031277932.jpg?resize=525%2C300&ssl=1 1.5x, https:\/\/i0.wp.com\/www.christallk.com\/wp-content\/uploads\/2021\/06\/IMG_20190103_150541_148-e1627031277932.jpg?resize=700%2C400&ssl=1 2x, https:\/\/i0.wp.com\/www.christallk.com\/wp-content\/uploads\/2021\/06\/IMG_20190103_150541_148-e1627031277932.jpg?resize=1050%2C600&ssl=1 3x"},"classes":[]}],"jetpack_sharing_enabled":true,"_links":{"self":[{"href":"https:\/\/www.christallk.com\/en\/wp-json\/wp\/v2\/product\/3892","targetHints":{"allow":["GET"]}}],"collection":[{"href":"https:\/\/www.christallk.com\/en\/wp-json\/wp\/v2\/product"}],"about":[{"href":"https:\/\/www.christallk.com\/en\/wp-json\/wp\/v2\/types\/product"}],"replies":[{"embeddable":true,"href":"https:\/\/www.christallk.com\/en\/wp-json\/wp\/v2\/comments?post=3892"}],"wp:featuredmedia":[{"embeddable":true,"href":"https:\/\/www.christallk.com\/en\/wp-json\/wp\/v2\/media\/3899"}],"wp:attachment":[{"href":"https:\/\/www.christallk.com\/en\/wp-json\/wp\/v2\/media?parent=3892"}],"wp:term":[{"taxonomy":"product_brand","embeddable":true,"href":"https:\/\/www.christallk.com\/en\/wp-json\/wp\/v2\/product_brand?post=3892"},{"taxonomy":"product_cat","embeddable":true,"href":"https:\/\/www.christallk.com\/en\/wp-json\/wp\/v2\/product_cat?post=3892"},{"taxonomy":"product_tag","embeddable":true,"href":"https:\/\/www.christallk.com\/en\/wp-json\/wp\/v2\/product_tag?post=3892"}],"curies":[{"name":"wp","href":"https:\/\/api.w.org\/{rel}","templated":true}]}}