{"id":3902,"date":"2021-06-23T08:56:08","date_gmt":"2021-06-23T06:56:08","guid":{"rendered":"https:\/\/www.christallk.com\/?post_type=product&#038;p=3902"},"modified":"2025-07-26T15:22:19","modified_gmt":"2025-07-26T13:22:19","slug":"love-affair","status":"publish","type":"product","link":"https:\/\/www.christallk.com\/en\/product\/love-affair\/","title":{"rendered":"LOVE AFFAIR"},"content":{"rendered":"<p><strong>Love Affair<\/strong> iis a circle yoke sweater with a romantic stranded colorworked yoke that will give you an elegant and timeless look.<\/p>\n<h3>Yarn<\/h3>\n<p>You will need two fingering yarns in a contrasting color to knit this sweater.<\/p>\n<p>I used <a href=\"https:\/\/www.laine-squirrelsyarns.com\/\">Squirrel&#039;s Yarns<\/a> Pecan Fingering 400 m \/ 100 g (75% merino, 20% nylon, 5% silver)<br \/>\nCP: 783 859, 953, 1054, 1169, 1283, 1407 m or 2 3, 3, 3, 3, 4, 4 skeins in Dragon&#039;s Blood color<br \/>\nCC: 147, 170, 190, 215, 238, 267, 291 m or 1 1, 1, 1, 1, 1, 1 skeins of Dried Flowers colors<\/p>\n<h3>Gauge<\/h3>\n<p>26 sts \/ 38 rows in stockinette stitch in the round<\/p>\n<h3>Notions<\/h3>\n<p>3.25 mm circ. needle 100cm long<br \/>\n3.75 mm circ. needle 100cm long<br \/>\n5 double-pointed needles 3.25 mm for small circumferences (sleeves or collar) if necessary.<br \/>\n1 tapestry needle<br \/>\n3 markers<\/p>\n<h3>Final measurements<\/h3>\n<p>87.5 (97.5; 106; 116; 126; 136; 146) cm<\/p>\n<h3>Construction<\/h3>\n<p>This sweater is worked from the top with the circular yoke method, starting with the neckband. Back, front and sleeves are worked together before separating them to work the body and finally add the sleeves.<br \/>\nThis sweater is worn with a positive ease of 10 to 15 cm.<\/p>\n<h3>Level<\/h3>\n<p>3\/5<\/p>\n<h3>Used techniques<\/h3>\n<ul>\n<li><a href=\"https:\/\/www.christallk.com\/en\/fr-be\/montage-mailles-cotes-1x1\/\">2x1 ribbed CO<\/a><\/li>\n<li><a href=\"https:\/\/www.christallk.com\/en\/fr-be\/rangs-raccourcis-allemande\/\">German Short Rows<\/a><\/li>\n<li><a href=\"https:\/\/www.christallk.com\/en\/fr-be\/monter-des-mailles-en-cours-tricot\/\">Cable Cast-On<\/a><\/li>\n<li><a href=\"https:\/\/www.christallk.com\/en\/fr-be\/lori-s-twisty-bind-off-fr\/\">Lori's Twisted Bind-Off method<\/a><\/li>\n<\/ul>\n<div id=\"ConnectiveDocSignExtentionInstalled\" data-extension-version=\"1.0.4\"><\/div>","protected":false},"excerpt":{"rendered":"<p><strong>Love Affair<\/strong> iis a circle yoke sweater with a romantic stranded colorworked yoke that will give you an elegant and timeless look.<\/p>\n<p>Downloadable <strong>pdf pattern<\/strong> : once the order is validated, a download link is available on the order page. <strong>Remember to download it because the link is temporary.<br \/>\n<\/strong><\/p>\n<p><em>VAT is calculated when the shopping cart is validated.<\/em><\/p>\n<div id=\"ConnectiveDocSignExtentionInstalled\" data-extension-version=\"1.0.4\"><\/div>","protected":false},"featured_media":3911,"comment_status":"closed","ping_status":"closed","template":"","meta":{"jetpack_publicize_message":"","jetpack_publicize_feature_enabled":true,"jetpack_social_post_already_shared":false,"jetpack_social_options":{"image_generator_settings":{"template":"highway","default_image_id":0,"font":"","enabled":false},"version":2}},"product_brand":[],"product_cat":[318,308,320],"product_tag":[],"class_list":{"0":"post-3902","1":"product","2":"type-product","3":"status-publish","4":"has-post-thumbnail","6":"product_cat-patrons-en-francais","7":"product_cat-patterns-modeles","8":"product_cat-pulls","11":"first","12":"instock","13":"taxable","14":"shipping-taxable","15":"purchasable","16":"product-type-variable"},"yoast_head":"<!-- This site is optimized with the Yoast SEO plugin v27.5 - https:\/\/yoast.com\/product\/yoast-seo-wordpress\/ -->\n<title>LOVE AFFAIR - ChristalLK<\/title>\n<meta name=\"description\" content=\"Abies Alba est un pull en empi\u00e8cement circulaire tout duveteux qui vous donnera un look \u00e9l\u00e9gant et intemporel.\" \/>\n<meta name=\"robots\" content=\"index, follow, max-snippet:-1, max-image-preview:large, max-video-preview:-1\" \/>\n<link rel=\"canonical\" href=\"https:\/\/www.christallk.com\/en\/product\/love-affair\/\" \/>\n<meta property=\"og:locale\" content=\"en_US\" \/>\n<meta property=\"og:type\" content=\"article\" \/>\n<meta property=\"og:title\" content=\"LOVE AFFAIR - ChristalLK\" \/>\n<meta property=\"og:description\" content=\"Abies Alba est un pull en empi\u00e8cement circulaire tout duveteux qui vous donnera un look \u00e9l\u00e9gant et intemporel.\" \/>\n<meta property=\"og:url\" content=\"https:\/\/www.christallk.com\/en\/product\/love-affair\/\" \/>\n<meta property=\"og:site_name\" content=\"ChristalLK\" \/>\n<meta property=\"article:publisher\" content=\"https:\/\/www.facebook.com\/ChristalLittleK\/\" \/>\n<meta property=\"article:modified_time\" content=\"2025-07-26T13:22:19+00:00\" \/>\n<meta property=\"og:image\" content=\"https:\/\/www.christallk.com\/wp-content\/uploads\/2021\/06\/IMG_7176-2.jpg\" \/>\n\t<meta property=\"og:image:width\" content=\"600\" \/>\n\t<meta property=\"og:image:height\" content=\"900\" \/>\n\t<meta property=\"og:image:type\" content=\"image\/jpeg\" \/>\n<meta name=\"twitter:card\" content=\"summary_large_image\" \/>\n<meta name=\"twitter:label1\" content=\"Est. reading time\" \/>\n\t<meta name=\"twitter:data1\" content=\"2 minutes\" \/>\n<script type=\"application\/ld+json\" class=\"yoast-schema-graph\">{\"@context\":\"https:\\\/\\\/schema.org\",\"@graph\":[{\"@type\":\"WebPage\",\"@id\":\"https:\\\/\\\/www.christallk.com\\\/product\\\/love-affair\\\/\",\"url\":\"https:\\\/\\\/www.christallk.com\\\/product\\\/love-affair\\\/\",\"name\":\"LOVE AFFAIR - ChristalLK\",\"isPartOf\":{\"@id\":\"https:\\\/\\\/www.christallk.com\\\/#website\"},\"primaryImageOfPage\":{\"@id\":\"https:\\\/\\\/www.christallk.com\\\/product\\\/love-affair\\\/#primaryimage\"},\"image\":{\"@id\":\"https:\\\/\\\/www.christallk.com\\\/product\\\/love-affair\\\/#primaryimage\"},\"thumbnailUrl\":\"https:\\\/\\\/www.christallk.com\\\/wp-content\\\/uploads\\\/2021\\\/06\\\/IMG_7176-2.jpg\",\"datePublished\":\"2021-06-23T06:56:08+00:00\",\"dateModified\":\"2025-07-26T13:22:19+00:00\",\"description\":\"Abies Alba est un pull en empi\u00e8cement circulaire tout duveteux qui vous donnera un look \u00e9l\u00e9gant et intemporel.\",\"breadcrumb\":{\"@id\":\"https:\\\/\\\/www.christallk.com\\\/product\\\/love-affair\\\/#breadcrumb\"},\"inLanguage\":\"en-US\",\"potentialAction\":[{\"@type\":\"ReadAction\",\"target\":[\"https:\\\/\\\/www.christallk.com\\\/product\\\/love-affair\\\/\"]}]},{\"@type\":\"ImageObject\",\"inLanguage\":\"en-US\",\"@id\":\"https:\\\/\\\/www.christallk.com\\\/product\\\/love-affair\\\/#primaryimage\",\"url\":\"https:\\\/\\\/www.christallk.com\\\/wp-content\\\/uploads\\\/2021\\\/06\\\/IMG_7176-2.jpg\",\"contentUrl\":\"https:\\\/\\\/www.christallk.com\\\/wp-content\\\/uploads\\\/2021\\\/06\\\/IMG_7176-2.jpg\",\"width\":600,\"height\":900},{\"@type\":\"BreadcrumbList\",\"@id\":\"https:\\\/\\\/www.christallk.com\\\/product\\\/love-affair\\\/#breadcrumb\",\"itemListElement\":[{\"@type\":\"ListItem\",\"position\":1,\"name\":\"Home\",\"item\":\"https:\\\/\\\/www.christallk.com\\\/\"},{\"@type\":\"ListItem\",\"position\":2,\"name\":\"Boutique\",\"item\":\"https:\\\/\\\/www.christallk.com\\\/language\\\/fr\\\/shop\\\/\"},{\"@type\":\"ListItem\",\"position\":3,\"name\":\"LOVE AFFAIR\"}]},{\"@type\":\"WebSite\",\"@id\":\"https:\\\/\\\/www.christallk.com\\\/#website\",\"url\":\"https:\\\/\\\/www.christallk.com\\\/\",\"name\":\"ChristalLK\",\"description\":\"ChristalLK Website\",\"publisher\":{\"@id\":\"https:\\\/\\\/www.christallk.com\\\/#organization\"},\"potentialAction\":[{\"@type\":\"SearchAction\",\"target\":{\"@type\":\"EntryPoint\",\"urlTemplate\":\"https:\\\/\\\/www.christallk.com\\\/?s={search_term_string}\"},\"query-input\":{\"@type\":\"PropertyValueSpecification\",\"valueRequired\":true,\"valueName\":\"search_term_string\"}}],\"inLanguage\":\"en-US\"},{\"@type\":\"Organization\",\"@id\":\"https:\\\/\\\/www.christallk.com\\\/#organization\",\"name\":\"ChristalLK\",\"url\":\"https:\\\/\\\/www.christallk.com\\\/\",\"logo\":{\"@type\":\"ImageObject\",\"inLanguage\":\"en-US\",\"@id\":\"https:\\\/\\\/www.christallk.com\\\/#\\\/schema\\\/logo\\\/image\\\/\",\"url\":\"https:\\\/\\\/i2.wp.com\\\/www.christallk.com\\\/wp-content\\\/uploads\\\/2020\\\/05\\\/canvas_logo_clk.png?fit=650%2C600\",\"contentUrl\":\"https:\\\/\\\/i2.wp.com\\\/www.christallk.com\\\/wp-content\\\/uploads\\\/2020\\\/05\\\/canvas_logo_clk.png?fit=650%2C600\",\"width\":650,\"height\":600,\"caption\":\"ChristalLK\"},\"image\":{\"@id\":\"https:\\\/\\\/www.christallk.com\\\/#\\\/schema\\\/logo\\\/image\\\/\"},\"sameAs\":[\"https:\\\/\\\/www.facebook.com\\\/ChristalLittleK\\\/\",\"https:\\\/\\\/www.instagram.com\\\/christallittlek\\\/\",\"https:\\\/\\\/www.pinterest.com\\\/christallk1637\\\/\",\"https:\\\/\\\/www.youtube.com\\\/channel\\\/UCk8kNDAInlkf2fCr6pU-_oA?view_as=subscriber\"]}]}<\/script>\n<!-- \/ Yoast SEO plugin. -->","yoast_head_json":{"title":"LOVE AFFAIR - ChristalLK","description":"Abies Alba est un pull en empi\u00e8cement circulaire tout duveteux qui vous donnera un look \u00e9l\u00e9gant et intemporel.","robots":{"index":"index","follow":"follow","max-snippet":"max-snippet:-1","max-image-preview":"max-image-preview:large","max-video-preview":"max-video-preview:-1"},"canonical":"https:\/\/www.christallk.com\/en\/product\/love-affair\/","og_locale":"en_US","og_type":"article","og_title":"LOVE AFFAIR - ChristalLK","og_description":"Abies Alba est un pull en empi\u00e8cement circulaire tout duveteux qui vous donnera un look \u00e9l\u00e9gant et intemporel.","og_url":"https:\/\/www.christallk.com\/en\/product\/love-affair\/","og_site_name":"ChristalLK","article_publisher":"https:\/\/www.facebook.com\/ChristalLittleK\/","article_modified_time":"2025-07-26T13:22:19+00:00","og_image":[{"width":600,"height":900,"url":"https:\/\/www.christallk.com\/wp-content\/uploads\/2021\/06\/IMG_7176-2.jpg","type":"image\/jpeg"}],"twitter_card":"summary_large_image","twitter_misc":{"Est. reading time":"2 minutes"},"schema":{"@context":"https:\/\/schema.org","@graph":[{"@type":"WebPage","@id":"https:\/\/www.christallk.com\/product\/love-affair\/","url":"https:\/\/www.christallk.com\/product\/love-affair\/","name":"LOVE AFFAIR - ChristalLK","isPartOf":{"@id":"https:\/\/www.christallk.com\/#website"},"primaryImageOfPage":{"@id":"https:\/\/www.christallk.com\/product\/love-affair\/#primaryimage"},"image":{"@id":"https:\/\/www.christallk.com\/product\/love-affair\/#primaryimage"},"thumbnailUrl":"https:\/\/www.christallk.com\/wp-content\/uploads\/2021\/06\/IMG_7176-2.jpg","datePublished":"2021-06-23T06:56:08+00:00","dateModified":"2025-07-26T13:22:19+00:00","description":"Abies Alba est un pull en empi\u00e8cement circulaire tout duveteux qui vous donnera un look \u00e9l\u00e9gant et intemporel.","breadcrumb":{"@id":"https:\/\/www.christallk.com\/product\/love-affair\/#breadcrumb"},"inLanguage":"en-US","potentialAction":[{"@type":"ReadAction","target":["https:\/\/www.christallk.com\/product\/love-affair\/"]}]},{"@type":"ImageObject","inLanguage":"en-US","@id":"https:\/\/www.christallk.com\/product\/love-affair\/#primaryimage","url":"https:\/\/www.christallk.com\/wp-content\/uploads\/2021\/06\/IMG_7176-2.jpg","contentUrl":"https:\/\/www.christallk.com\/wp-content\/uploads\/2021\/06\/IMG_7176-2.jpg","width":600,"height":900},{"@type":"BreadcrumbList","@id":"https:\/\/www.christallk.com\/product\/love-affair\/#breadcrumb","itemListElement":[{"@type":"ListItem","position":1,"name":"Home","item":"https:\/\/www.christallk.com\/"},{"@type":"ListItem","position":2,"name":"Boutique","item":"https:\/\/www.christallk.com\/language\/fr\/shop\/"},{"@type":"ListItem","position":3,"name":"LOVE AFFAIR"}]},{"@type":"WebSite","@id":"https:\/\/www.christallk.com\/#website","url":"https:\/\/www.christallk.com\/","name":"ChristalLK","description":"ChristalLK Website","publisher":{"@id":"https:\/\/www.christallk.com\/#organization"},"potentialAction":[{"@type":"SearchAction","target":{"@type":"EntryPoint","urlTemplate":"https:\/\/www.christallk.com\/?s={search_term_string}"},"query-input":{"@type":"PropertyValueSpecification","valueRequired":true,"valueName":"search_term_string"}}],"inLanguage":"en-US"},{"@type":"Organization","@id":"https:\/\/www.christallk.com\/#organization","name":"ChristalLK","url":"https:\/\/www.christallk.com\/","logo":{"@type":"ImageObject","inLanguage":"en-US","@id":"https:\/\/www.christallk.com\/#\/schema\/logo\/image\/","url":"https:\/\/i2.wp.com\/www.christallk.com\/wp-content\/uploads\/2020\/05\/canvas_logo_clk.png?fit=650%2C600","contentUrl":"https:\/\/i2.wp.com\/www.christallk.com\/wp-content\/uploads\/2020\/05\/canvas_logo_clk.png?fit=650%2C600","width":650,"height":600,"caption":"ChristalLK"},"image":{"@id":"https:\/\/www.christallk.com\/#\/schema\/logo\/image\/"},"sameAs":["https:\/\/www.facebook.com\/ChristalLittleK\/","https:\/\/www.instagram.com\/christallittlek\/","https:\/\/www.pinterest.com\/christallk1637\/","https:\/\/www.youtube.com\/channel\/UCk8kNDAInlkf2fCr6pU-_oA?view_as=subscriber"]}]}},"jetpack_publicize_connections":[],"jetpack_likes_enabled":true,"jetpack-related-posts":[{"id":5013,"url":"https:\/\/www.christallk.com\/en\/product\/foliage-sweater\/","url_meta":{"origin":3902,"position":0},"title":"Foliage Sweater","author":"Christelle","date":"June 16, 2022","format":false,"excerpt":"Foliage Sweater is a short-sleeved circular yoke sweater in a merino and linen blend, which gives it a very unique and fluid touch. This sweater is light, fluid and very classic in its construction but still has a touch of modernity that gives it\u2026","rel":"","context":"Similar post","block_context":{"text":"Similar post","link":""},"img":{"alt_text":"","src":"https:\/\/i0.wp.com\/www.christallk.com\/wp-content\/uploads\/2022\/06\/IMG_9303.jpg?resize=350%2C200&ssl=1","width":350,"height":200,"srcset":"https:\/\/i0.wp.com\/www.christallk.com\/wp-content\/uploads\/2022\/06\/IMG_9303.jpg?resize=350%2C200&ssl=1 1x, https:\/\/i0.wp.com\/www.christallk.com\/wp-content\/uploads\/2022\/06\/IMG_9303.jpg?resize=525%2C300&ssl=1 1.5x"},"classes":[]},{"id":3871,"url":"https:\/\/www.christallk.com\/en\/product\/bloom-time-sweater\/","url_meta":{"origin":3902,"position":1},"title":"BLOOM TIME SWEATER","author":"Christelle","date":"June 9, 2021","format":false,"excerpt":"Bloom Time Sweater is a circular yoke sweater with a pattern that represents spring with budding flowers. Downloadable PDF pattern: Once your order is confirmed, a download link is available on the order page. Remember to download it as the link is temporary.","rel":"","context":"Similar post","block_context":{"text":"Similar post","link":""},"img":{"alt_text":"Bloom Time Sweater","src":"https:\/\/i0.wp.com\/www.christallk.com\/wp-content\/uploads\/2021\/06\/upload_medium2.jpeg?resize=350%2C200&ssl=1","width":350,"height":200},"classes":[]},{"id":5765,"url":"https:\/\/www.christallk.com\/en\/product\/arnoseris\/","url_meta":{"origin":3902,"position":2},"title":"Arnoseris","author":"Christelle","date":"May 30, 2023","format":false,"excerpt":"Arnoseris is a summer top with a circular yoke. The plant fibers give it a light feel and make it very comfortable to wear next to the skin! Downloadable PDF pattern: once your order is confirmed, a download link is available on the order page. Remember to\u2026","rel":"","context":"Similar post","block_context":{"text":"Similar post","link":""},"img":{"alt_text":"","src":"https:\/\/i0.wp.com\/www.christallk.com\/wp-content\/uploads\/2023\/05\/IMG_9811-3.jpg?resize=350%2C200&ssl=1","width":350,"height":200,"srcset":"https:\/\/i0.wp.com\/www.christallk.com\/wp-content\/uploads\/2023\/05\/IMG_9811-3.jpg?resize=350%2C200&ssl=1 1x, https:\/\/i0.wp.com\/www.christallk.com\/wp-content\/uploads\/2023\/05\/IMG_9811-3.jpg?resize=525%2C300&ssl=1 1.5x, https:\/\/i0.wp.com\/www.christallk.com\/wp-content\/uploads\/2023\/05\/IMG_9811-3.jpg?resize=700%2C400&ssl=1 2x"},"classes":[]},{"id":3828,"url":"https:\/\/www.christallk.com\/en\/product\/abies-alba\/","url_meta":{"origin":3902,"position":3},"title":"ABIES ALBA SWEATER","author":"Christelle","date":"June 1, 2021","format":false,"excerpt":"Abies Alba is a fluffy circular yoke sweater that will give you an elegant and timeless look. The story of Abies Alba can be found on my blog. Downloadable PDF pattern: Once your order is confirmed, a download link is available on the order page. Remember to download it...","rel":"","context":"Similar post","block_context":{"text":"Similar post","link":""},"img":{"alt_text":"Abies Alba Sweater","src":"https:\/\/i0.wp.com\/www.christallk.com\/wp-content\/uploads\/2021\/06\/IMG_8223-2-1.jpg?resize=350%2C200&ssl=1","width":350,"height":200,"srcset":"https:\/\/i0.wp.com\/www.christallk.com\/wp-content\/uploads\/2021\/06\/IMG_8223-2-1.jpg?resize=350%2C200&ssl=1 1x, https:\/\/i0.wp.com\/www.christallk.com\/wp-content\/uploads\/2021\/06\/IMG_8223-2-1.jpg?resize=525%2C300&ssl=1 1.5x"},"classes":[]},{"id":6777,"url":"https:\/\/www.christallk.com\/en\/product\/albi-sweater\/","url_meta":{"origin":3902,"position":4},"title":"Albi Sweater","author":"Christelle","date":"September 27, 2024","format":false,"excerpt":"Albi Sweater is a top-to-bottom sweater with set-in sleeves. This top will be your perfect companion for the in-between seasons, spring or fall. Downloadable PDF pattern: Once your order is confirmed, a download link is available on the order page. Remember to download it...","rel":"","context":"Similar post","block_context":{"text":"Similar post","link":""},"img":{"alt_text":"","src":"https:\/\/i0.wp.com\/www.christallk.com\/wp-content\/uploads\/2024\/09\/albi-sweater-13.jpg?resize=350%2C200&ssl=1","width":350,"height":200,"srcset":"https:\/\/i0.wp.com\/www.christallk.com\/wp-content\/uploads\/2024\/09\/albi-sweater-13.jpg?resize=350%2C200&ssl=1 1x, https:\/\/i0.wp.com\/www.christallk.com\/wp-content\/uploads\/2024\/09\/albi-sweater-13.jpg?resize=525%2C300&ssl=1 1.5x"},"classes":[]},{"id":6540,"url":"https:\/\/www.christallk.com\/en\/product\/fairy-mist\/","url_meta":{"origin":3902,"position":5},"title":"Fairy&#039;s Mist","author":"Christelle","date":"June 3, 2024","format":false,"excerpt":"The Fairy&#039;s Mist is a pretty little sweater with three-quarter sleeves to wear on cool summer evenings. You can wear it over a dress, jeans, or a skirt. Downloadable PDF pattern: once your order is confirmed, a download link is\u2026","rel":"","context":"Similar post","block_context":{"text":"Similar post","link":""},"img":{"alt_text":"","src":"https:\/\/i0.wp.com\/www.christallk.com\/wp-content\/uploads\/2024\/06\/fairy-mist-24.jpg?resize=350%2C200&ssl=1","width":350,"height":200,"srcset":"https:\/\/i0.wp.com\/www.christallk.com\/wp-content\/uploads\/2024\/06\/fairy-mist-24.jpg?resize=350%2C200&ssl=1 1x, https:\/\/i0.wp.com\/www.christallk.com\/wp-content\/uploads\/2024\/06\/fairy-mist-24.jpg?resize=525%2C300&ssl=1 1.5x"},"classes":[]}],"jetpack_sharing_enabled":true,"_links":{"self":[{"href":"https:\/\/www.christallk.com\/en\/wp-json\/wp\/v2\/product\/3902","targetHints":{"allow":["GET"]}}],"collection":[{"href":"https:\/\/www.christallk.com\/en\/wp-json\/wp\/v2\/product"}],"about":[{"href":"https:\/\/www.christallk.com\/en\/wp-json\/wp\/v2\/types\/product"}],"replies":[{"embeddable":true,"href":"https:\/\/www.christallk.com\/en\/wp-json\/wp\/v2\/comments?post=3902"}],"wp:featuredmedia":[{"embeddable":true,"href":"https:\/\/www.christallk.com\/en\/wp-json\/wp\/v2\/media\/3911"}],"wp:attachment":[{"href":"https:\/\/www.christallk.com\/en\/wp-json\/wp\/v2\/media?parent=3902"}],"wp:term":[{"taxonomy":"product_brand","embeddable":true,"href":"https:\/\/www.christallk.com\/en\/wp-json\/wp\/v2\/product_brand?post=3902"},{"taxonomy":"product_cat","embeddable":true,"href":"https:\/\/www.christallk.com\/en\/wp-json\/wp\/v2\/product_cat?post=3902"},{"taxonomy":"product_tag","embeddable":true,"href":"https:\/\/www.christallk.com\/en\/wp-json\/wp\/v2\/product_tag?post=3902"}],"curies":[{"name":"wp","href":"https:\/\/api.w.org\/{rel}","templated":true}]}}