{"id":3917,"date":"2021-06-23T09:13:49","date_gmt":"2021-06-23T07:13:49","guid":{"rendered":"https:\/\/www.christallk.com\/?post_type=product&#038;p=3917"},"modified":"2025-07-26T15:06:15","modified_gmt":"2025-07-26T13:06:15","slug":"the-deer","status":"publish","type":"product","link":"https:\/\/www.christallk.com\/en\/product\/the-deer\/","title":{"rendered":"THE DEER"},"content":{"rendered":"<p><strong>The Deer <\/strong>is a lovely pair of stranded colorwork fingerless gloves part of the Magical Creatures collection.<\/p>\n<h3>Yarn<\/h3>\n<p>The fingerless gloves are knitted with two contrasting colors: Background color: Lang Yarns Jawoll Superwash Solids (75% wool, 25% Nylon) 210 m \/ 50 g dark gray color 86 approximately 210 m<br \/>\nContrasting color: Lang Yarns Jawoll Twin (75% wool, 25% Nylon) 210 m \/ 50 g light gray color 226 approximately 105 m<\/p>\n<h3>Gauge<\/h3>\n<p>32 sts \/ 36 rows in stranded colorwork in the round<\/p>\n<h3>Notions<\/h3>\n<p>80 cm 2.5 mm circular needle or 2.5 mm double-pointed needles<br \/>\n80 cm 2.75 mm circular needle or 2.75 mm double-pointed needles<br \/>\n1 tapestry needle<br \/>\n3 markers<br \/>\nScrap yarn or an auxiliary needle to put the stitches on hold<\/p>\n<h3>Final measurements<\/h3>\n<p>Size M women \u2013 29 cm long \/ 21 cm circumference after blocking<\/p>\n<h3>Level<\/h3>\n<p>3\/5<\/p>\n<h3>Used techniques<\/h3>\n<ul>\n<li>2x2 Ribbed Cast-On<\/li>\n<\/ul>","protected":false},"excerpt":{"rendered":"<p><strong>The Deer <\/strong>is a lovely pair of stranded colorwork fingerless gloves part of the Magical Creatures collection.<br \/>\nThe history of the collection <a href=\"https:\/\/www.christallk.com\/en\/magical-creatures-fantastic-five-pairs-of-fingerless-gloves\/\">Magical Creatures is here.<\/a><\/p>\n<p><strong>Downloadable PDF pattern: Once your order is confirmed, a download link is available on the order page. Remember to download it, as the link is temporary.<\/strong><\/p>\n<p><em>VAT is calculated when the shopping cart is validated.<\/em><\/p>","protected":false},"featured_media":3919,"comment_status":"closed","ping_status":"closed","template":"","meta":{"jetpack_publicize_message":"","jetpack_publicize_feature_enabled":true,"jetpack_social_post_already_shared":false,"jetpack_social_options":{"image_generator_settings":{"template":"highway","default_image_id":0,"font":"","enabled":false},"version":2}},"product_brand":[],"product_cat":[321,318,308],"product_tag":[],"class_list":{"0":"post-3917","1":"product","2":"type-product","3":"status-publish","4":"has-post-thumbnail","6":"product_cat-accessoires","7":"product_cat-patrons-en-francais","8":"product_cat-patterns-modeles","11":"first","12":"instock","13":"taxable","14":"shipping-taxable","15":"purchasable","16":"product-type-variable"},"yoast_head":"<!-- This site is optimized with the Yoast SEO plugin v27.5 - https:\/\/yoast.com\/product\/yoast-seo-wordpress\/ -->\n<title>THE DEER - ChristalLK<\/title>\n<meta name=\"description\" content=\"The Deer est une jolie paire de mitaines en jacquard \u00e0 fils tir\u00e9s en deux couleurs de la collection Magical Creatures.\" \/>\n<meta name=\"robots\" content=\"index, follow, max-snippet:-1, max-image-preview:large, max-video-preview:-1\" \/>\n<link rel=\"canonical\" href=\"https:\/\/www.christallk.com\/en\/product\/the-deer\/\" \/>\n<meta property=\"og:locale\" content=\"en_US\" \/>\n<meta property=\"og:type\" content=\"article\" \/>\n<meta property=\"og:title\" content=\"THE DEER - ChristalLK\" \/>\n<meta property=\"og:description\" content=\"The Deer est une jolie paire de mitaines en jacquard \u00e0 fils tir\u00e9s en deux couleurs de la collection Magical Creatures.\" \/>\n<meta property=\"og:url\" content=\"https:\/\/www.christallk.com\/en\/product\/the-deer\/\" \/>\n<meta property=\"og:site_name\" content=\"ChristalLK\" \/>\n<meta property=\"article:publisher\" content=\"https:\/\/www.facebook.com\/ChristalLittleK\/\" \/>\n<meta property=\"article:modified_time\" content=\"2025-07-26T13:06:15+00:00\" \/>\n<meta property=\"og:image\" content=\"https:\/\/www.christallk.com\/wp-content\/uploads\/2021\/06\/IMG_6585-2.jpg\" \/>\n\t<meta property=\"og:image:width\" content=\"900\" \/>\n\t<meta property=\"og:image:height\" content=\"600\" \/>\n\t<meta property=\"og:image:type\" content=\"image\/jpeg\" \/>\n<meta name=\"twitter:card\" content=\"summary_large_image\" \/>\n<meta name=\"twitter:label1\" content=\"Est. reading time\" \/>\n\t<meta name=\"twitter:data1\" content=\"1 minute\" \/>\n<script type=\"application\/ld+json\" class=\"yoast-schema-graph\">{\"@context\":\"https:\\\/\\\/schema.org\",\"@graph\":[{\"@type\":\"WebPage\",\"@id\":\"https:\\\/\\\/www.christallk.com\\\/product\\\/the-deer\\\/\",\"url\":\"https:\\\/\\\/www.christallk.com\\\/product\\\/the-deer\\\/\",\"name\":\"THE DEER - ChristalLK\",\"isPartOf\":{\"@id\":\"https:\\\/\\\/www.christallk.com\\\/#website\"},\"primaryImageOfPage\":{\"@id\":\"https:\\\/\\\/www.christallk.com\\\/product\\\/the-deer\\\/#primaryimage\"},\"image\":{\"@id\":\"https:\\\/\\\/www.christallk.com\\\/product\\\/the-deer\\\/#primaryimage\"},\"thumbnailUrl\":\"https:\\\/\\\/www.christallk.com\\\/wp-content\\\/uploads\\\/2021\\\/06\\\/IMG_6585-2.jpg\",\"datePublished\":\"2021-06-23T07:13:49+00:00\",\"dateModified\":\"2025-07-26T13:06:15+00:00\",\"description\":\"The Deer est une jolie paire de mitaines en jacquard \u00e0 fils tir\u00e9s en deux couleurs de la collection Magical Creatures.\",\"breadcrumb\":{\"@id\":\"https:\\\/\\\/www.christallk.com\\\/product\\\/the-deer\\\/#breadcrumb\"},\"inLanguage\":\"en-US\",\"potentialAction\":[{\"@type\":\"ReadAction\",\"target\":[\"https:\\\/\\\/www.christallk.com\\\/product\\\/the-deer\\\/\"]}]},{\"@type\":\"ImageObject\",\"inLanguage\":\"en-US\",\"@id\":\"https:\\\/\\\/www.christallk.com\\\/product\\\/the-deer\\\/#primaryimage\",\"url\":\"https:\\\/\\\/www.christallk.com\\\/wp-content\\\/uploads\\\/2021\\\/06\\\/IMG_6585-2.jpg\",\"contentUrl\":\"https:\\\/\\\/www.christallk.com\\\/wp-content\\\/uploads\\\/2021\\\/06\\\/IMG_6585-2.jpg\",\"width\":900,\"height\":600},{\"@type\":\"BreadcrumbList\",\"@id\":\"https:\\\/\\\/www.christallk.com\\\/product\\\/the-deer\\\/#breadcrumb\",\"itemListElement\":[{\"@type\":\"ListItem\",\"position\":1,\"name\":\"Home\",\"item\":\"https:\\\/\\\/www.christallk.com\\\/\"},{\"@type\":\"ListItem\",\"position\":2,\"name\":\"Boutique\",\"item\":\"https:\\\/\\\/www.christallk.com\\\/language\\\/fr\\\/shop\\\/\"},{\"@type\":\"ListItem\",\"position\":3,\"name\":\"THE DEER\"}]},{\"@type\":\"WebSite\",\"@id\":\"https:\\\/\\\/www.christallk.com\\\/#website\",\"url\":\"https:\\\/\\\/www.christallk.com\\\/\",\"name\":\"ChristalLK\",\"description\":\"ChristalLK Website\",\"publisher\":{\"@id\":\"https:\\\/\\\/www.christallk.com\\\/#organization\"},\"potentialAction\":[{\"@type\":\"SearchAction\",\"target\":{\"@type\":\"EntryPoint\",\"urlTemplate\":\"https:\\\/\\\/www.christallk.com\\\/?s={search_term_string}\"},\"query-input\":{\"@type\":\"PropertyValueSpecification\",\"valueRequired\":true,\"valueName\":\"search_term_string\"}}],\"inLanguage\":\"en-US\"},{\"@type\":\"Organization\",\"@id\":\"https:\\\/\\\/www.christallk.com\\\/#organization\",\"name\":\"ChristalLK\",\"url\":\"https:\\\/\\\/www.christallk.com\\\/\",\"logo\":{\"@type\":\"ImageObject\",\"inLanguage\":\"en-US\",\"@id\":\"https:\\\/\\\/www.christallk.com\\\/#\\\/schema\\\/logo\\\/image\\\/\",\"url\":\"https:\\\/\\\/i2.wp.com\\\/www.christallk.com\\\/wp-content\\\/uploads\\\/2020\\\/05\\\/canvas_logo_clk.png?fit=650%2C600\",\"contentUrl\":\"https:\\\/\\\/i2.wp.com\\\/www.christallk.com\\\/wp-content\\\/uploads\\\/2020\\\/05\\\/canvas_logo_clk.png?fit=650%2C600\",\"width\":650,\"height\":600,\"caption\":\"ChristalLK\"},\"image\":{\"@id\":\"https:\\\/\\\/www.christallk.com\\\/#\\\/schema\\\/logo\\\/image\\\/\"},\"sameAs\":[\"https:\\\/\\\/www.facebook.com\\\/ChristalLittleK\\\/\",\"https:\\\/\\\/www.instagram.com\\\/christallittlek\\\/\",\"https:\\\/\\\/www.pinterest.com\\\/christallk1637\\\/\",\"https:\\\/\\\/www.youtube.com\\\/channel\\\/UCk8kNDAInlkf2fCr6pU-_oA?view_as=subscriber\"]}]}<\/script>\n<!-- \/ Yoast SEO plugin. -->","yoast_head_json":{"title":"THE DEER - ChristalLK","description":"The Deer est une jolie paire de mitaines en jacquard \u00e0 fils tir\u00e9s en deux couleurs de la collection Magical Creatures.","robots":{"index":"index","follow":"follow","max-snippet":"max-snippet:-1","max-image-preview":"max-image-preview:large","max-video-preview":"max-video-preview:-1"},"canonical":"https:\/\/www.christallk.com\/en\/product\/the-deer\/","og_locale":"en_US","og_type":"article","og_title":"THE DEER - ChristalLK","og_description":"The Deer est une jolie paire de mitaines en jacquard \u00e0 fils tir\u00e9s en deux couleurs de la collection Magical Creatures.","og_url":"https:\/\/www.christallk.com\/en\/product\/the-deer\/","og_site_name":"ChristalLK","article_publisher":"https:\/\/www.facebook.com\/ChristalLittleK\/","article_modified_time":"2025-07-26T13:06:15+00:00","og_image":[{"width":900,"height":600,"url":"https:\/\/www.christallk.com\/wp-content\/uploads\/2021\/06\/IMG_6585-2.jpg","type":"image\/jpeg"}],"twitter_card":"summary_large_image","twitter_misc":{"Est. reading time":"1 minute"},"schema":{"@context":"https:\/\/schema.org","@graph":[{"@type":"WebPage","@id":"https:\/\/www.christallk.com\/product\/the-deer\/","url":"https:\/\/www.christallk.com\/product\/the-deer\/","name":"THE DEER - ChristalLK","isPartOf":{"@id":"https:\/\/www.christallk.com\/#website"},"primaryImageOfPage":{"@id":"https:\/\/www.christallk.com\/product\/the-deer\/#primaryimage"},"image":{"@id":"https:\/\/www.christallk.com\/product\/the-deer\/#primaryimage"},"thumbnailUrl":"https:\/\/www.christallk.com\/wp-content\/uploads\/2021\/06\/IMG_6585-2.jpg","datePublished":"2021-06-23T07:13:49+00:00","dateModified":"2025-07-26T13:06:15+00:00","description":"The Deer est une jolie paire de mitaines en jacquard \u00e0 fils tir\u00e9s en deux couleurs de la collection Magical Creatures.","breadcrumb":{"@id":"https:\/\/www.christallk.com\/product\/the-deer\/#breadcrumb"},"inLanguage":"en-US","potentialAction":[{"@type":"ReadAction","target":["https:\/\/www.christallk.com\/product\/the-deer\/"]}]},{"@type":"ImageObject","inLanguage":"en-US","@id":"https:\/\/www.christallk.com\/product\/the-deer\/#primaryimage","url":"https:\/\/www.christallk.com\/wp-content\/uploads\/2021\/06\/IMG_6585-2.jpg","contentUrl":"https:\/\/www.christallk.com\/wp-content\/uploads\/2021\/06\/IMG_6585-2.jpg","width":900,"height":600},{"@type":"BreadcrumbList","@id":"https:\/\/www.christallk.com\/product\/the-deer\/#breadcrumb","itemListElement":[{"@type":"ListItem","position":1,"name":"Home","item":"https:\/\/www.christallk.com\/"},{"@type":"ListItem","position":2,"name":"Boutique","item":"https:\/\/www.christallk.com\/language\/fr\/shop\/"},{"@type":"ListItem","position":3,"name":"THE DEER"}]},{"@type":"WebSite","@id":"https:\/\/www.christallk.com\/#website","url":"https:\/\/www.christallk.com\/","name":"ChristalLK","description":"ChristalLK Website","publisher":{"@id":"https:\/\/www.christallk.com\/#organization"},"potentialAction":[{"@type":"SearchAction","target":{"@type":"EntryPoint","urlTemplate":"https:\/\/www.christallk.com\/?s={search_term_string}"},"query-input":{"@type":"PropertyValueSpecification","valueRequired":true,"valueName":"search_term_string"}}],"inLanguage":"en-US"},{"@type":"Organization","@id":"https:\/\/www.christallk.com\/#organization","name":"ChristalLK","url":"https:\/\/www.christallk.com\/","logo":{"@type":"ImageObject","inLanguage":"en-US","@id":"https:\/\/www.christallk.com\/#\/schema\/logo\/image\/","url":"https:\/\/i2.wp.com\/www.christallk.com\/wp-content\/uploads\/2020\/05\/canvas_logo_clk.png?fit=650%2C600","contentUrl":"https:\/\/i2.wp.com\/www.christallk.com\/wp-content\/uploads\/2020\/05\/canvas_logo_clk.png?fit=650%2C600","width":650,"height":600,"caption":"ChristalLK"},"image":{"@id":"https:\/\/www.christallk.com\/#\/schema\/logo\/image\/"},"sameAs":["https:\/\/www.facebook.com\/ChristalLittleK\/","https:\/\/www.instagram.com\/christallittlek\/","https:\/\/www.pinterest.com\/christallk1637\/","https:\/\/www.youtube.com\/channel\/UCk8kNDAInlkf2fCr6pU-_oA?view_as=subscriber"]}]}},"jetpack_publicize_connections":[],"jetpack_likes_enabled":true,"jetpack-related-posts":[{"id":3937,"url":"https:\/\/www.christallk.com\/en\/product\/the-snow-owl\/","url_meta":{"origin":3917,"position":0},"title":"THE SNOW OWL","author":"Christelle","date":"June 23, 2021","format":false,"excerpt":"The Snow Owl is a lovely pair of jacquard mittens from the Magical Creatures collection. The story of the Magical Creatures collection is here. Downloadable PDF pattern: Once your order is confirmed, a download link is available on the order page. Remember to download it...","rel":"","context":"Similar post","block_context":{"text":"Similar post","link":""},"img":{"alt_text":"","src":"https:\/\/i0.wp.com\/www.christallk.com\/wp-content\/uploads\/2021\/06\/IMG_7406-2.jpg?resize=350%2C200&ssl=1","width":350,"height":200,"srcset":"https:\/\/i0.wp.com\/www.christallk.com\/wp-content\/uploads\/2021\/06\/IMG_7406-2.jpg?resize=350%2C200&ssl=1 1x, https:\/\/i0.wp.com\/www.christallk.com\/wp-content\/uploads\/2021\/06\/IMG_7406-2.jpg?resize=525%2C300&ssl=1 1.5x, https:\/\/i0.wp.com\/www.christallk.com\/wp-content\/uploads\/2021\/06\/IMG_7406-2.jpg?resize=700%2C400&ssl=1 2x"},"classes":[]},{"id":3924,"url":"https:\/\/www.christallk.com\/en\/product\/the-wolf\/","url_meta":{"origin":3917,"position":1},"title":"THE WOLF","author":"Christelle","date":"June 23, 2021","format":false,"excerpt":"The Wolf is a lovely pair of jacquard mittens from the Magical Creatures collection. The story of the Magical Creatures collection is here. Downloadable PDF pattern: Once your order is confirmed, a download link is available on the order page. Remember to download it because\u2026","rel":"","context":"Similar post","block_context":{"text":"Similar post","link":""},"img":{"alt_text":"","src":"https:\/\/i0.wp.com\/www.christallk.com\/wp-content\/uploads\/2021\/06\/20200206_152845-01_pt.jpeg?resize=350%2C200&ssl=1","width":350,"height":200,"srcset":"https:\/\/i0.wp.com\/www.christallk.com\/wp-content\/uploads\/2021\/06\/20200206_152845-01_pt.jpeg?resize=350%2C200&ssl=1 1x, https:\/\/i0.wp.com\/www.christallk.com\/wp-content\/uploads\/2021\/06\/20200206_152845-01_pt.jpeg?resize=525%2C300&ssl=1 1.5x, https:\/\/i0.wp.com\/www.christallk.com\/wp-content\/uploads\/2021\/06\/20200206_152845-01_pt.jpeg?resize=700%2C400&ssl=1 2x"},"classes":[]},{"id":3944,"url":"https:\/\/www.christallk.com\/en\/product\/the-phoenix\/","url_meta":{"origin":3917,"position":2},"title":"THE PHOENIX","author":"Christelle","date":"June 23, 2021","format":false,"excerpt":"The Phoenix is a lovely pair of jacquard mittens from the Magical Creatures collection. The story of the Magical Creatures collection is here. Downloadable PDF pattern: Once your order is confirmed, a download link is available on the order page. Remember to download it because\u2026","rel":"","context":"Similar post","block_context":{"text":"Similar post","link":""},"img":{"alt_text":"","src":"https:\/\/i0.wp.com\/www.christallk.com\/wp-content\/uploads\/2021\/06\/IMG_7262-2.jpg?resize=350%2C200&ssl=1","width":350,"height":200,"srcset":"https:\/\/i0.wp.com\/www.christallk.com\/wp-content\/uploads\/2021\/06\/IMG_7262-2.jpg?resize=350%2C200&ssl=1 1x, https:\/\/i0.wp.com\/www.christallk.com\/wp-content\/uploads\/2021\/06\/IMG_7262-2.jpg?resize=525%2C300&ssl=1 1.5x, https:\/\/i0.wp.com\/www.christallk.com\/wp-content\/uploads\/2021\/06\/IMG_7262-2.jpg?resize=700%2C400&ssl=1 2x"},"classes":[]},{"id":3953,"url":"https:\/\/www.christallk.com\/en\/product\/the-unicorn\/","url_meta":{"origin":3917,"position":3},"title":"MAGICAL CREATURES COLLECTION","author":"Christelle","date":"June 23, 2021","format":false,"excerpt":"Dans cette collection, vous trouverez les patrons The Deer, The Wolf, The Snow Owl, The Phoenix et The Unicorn. L'histoire de la collection Magical Creatures est ici. Patron pdf t\u00e9l\u00e9chargeable : une fois la commande valid\u00e9e, un lien de t\u00e9l\u00e9chargement est disponible sur la page de commande. Pensez \u00e0 le\u2026","rel":"","context":"Similar post","block_context":{"text":"Similar post","link":""},"img":{"alt_text":"","src":"https:\/\/i0.wp.com\/www.christallk.com\/wp-content\/uploads\/2021\/06\/patronus-1.jpg?resize=350%2C200&ssl=1","width":350,"height":200,"srcset":"https:\/\/i0.wp.com\/www.christallk.com\/wp-content\/uploads\/2021\/06\/patronus-1.jpg?resize=350%2C200&ssl=1 1x, https:\/\/i0.wp.com\/www.christallk.com\/wp-content\/uploads\/2021\/06\/patronus-1.jpg?resize=525%2C300&ssl=1 1.5x, https:\/\/i0.wp.com\/www.christallk.com\/wp-content\/uploads\/2021\/06\/patronus-1.jpg?resize=700%2C400&ssl=1 2x"},"classes":[]},{"id":8420,"url":"https:\/\/www.christallk.com\/en\/product\/dana-mitts\/","url_meta":{"origin":3917,"position":4},"title":"Dana Mitts","author":"Christelle","date":"January 8, 2026","format":false,"excerpt":"Dana Mitts est une paire de mitaines en jacquard. Elle est le parfait projet \u00e0 tricoter pour offrir en cadeau ou pour se l'offrir \u00e0 soi-m\u00eame ! Elles sont relativement faciles \u00e0 tricoter malgr\u00e9 l'aspect complexe du motif. Patron pdf t\u00e9l\u00e9chargeable : une fois la commande valid\u00e9e, un lien de\u2026","rel":"","context":"Similar post","block_context":{"text":"Similar post","link":""},"img":{"alt_text":"","src":"https:\/\/i0.wp.com\/www.christallk.com\/wp-content\/uploads\/2026\/01\/dana-mitts-7.jpg?resize=350%2C200&ssl=1","width":350,"height":200,"srcset":"https:\/\/i0.wp.com\/www.christallk.com\/wp-content\/uploads\/2026\/01\/dana-mitts-7.jpg?resize=350%2C200&ssl=1 1x, https:\/\/i0.wp.com\/www.christallk.com\/wp-content\/uploads\/2026\/01\/dana-mitts-7.jpg?resize=525%2C300&ssl=1 1.5x, https:\/\/i0.wp.com\/www.christallk.com\/wp-content\/uploads\/2026\/01\/dana-mitts-7.jpg?resize=700%2C400&ssl=1 2x, https:\/\/i0.wp.com\/www.christallk.com\/wp-content\/uploads\/2026\/01\/dana-mitts-7.jpg?resize=1050%2C600&ssl=1 3x, https:\/\/i0.wp.com\/www.christallk.com\/wp-content\/uploads\/2026\/01\/dana-mitts-7.jpg?resize=1400%2C800&ssl=1 4x"},"classes":[]},{"id":4644,"url":"https:\/\/www.christallk.com\/en\/product\/wavy-socks\/","url_meta":{"origin":3917,"position":5},"title":"Wavy Socks","author":"Christelle","date":"April 17, 2022","format":false,"excerpt":"Wavy Socks are socks knitted from toe to ribbed cuff. They also revisit the concept of socks by giving them a unique touch with contrasting heels and jacquard patterns. They are part of the Pym &amp; Pullpy collection, which you can find here. To learn the story...","rel":"","context":"Similar post","block_context":{"text":"Similar post","link":""},"img":{"alt_text":"","src":"https:\/\/i0.wp.com\/www.christallk.com\/wp-content\/uploads\/2022\/04\/IMG_9142.jpg?resize=350%2C200&ssl=1","width":350,"height":200,"srcset":"https:\/\/i0.wp.com\/www.christallk.com\/wp-content\/uploads\/2022\/04\/IMG_9142.jpg?resize=350%2C200&ssl=1 1x, https:\/\/i0.wp.com\/www.christallk.com\/wp-content\/uploads\/2022\/04\/IMG_9142.jpg?resize=525%2C300&ssl=1 1.5x, https:\/\/i0.wp.com\/www.christallk.com\/wp-content\/uploads\/2022\/04\/IMG_9142.jpg?resize=700%2C400&ssl=1 2x"},"classes":[]}],"jetpack_sharing_enabled":true,"_links":{"self":[{"href":"https:\/\/www.christallk.com\/en\/wp-json\/wp\/v2\/product\/3917","targetHints":{"allow":["GET"]}}],"collection":[{"href":"https:\/\/www.christallk.com\/en\/wp-json\/wp\/v2\/product"}],"about":[{"href":"https:\/\/www.christallk.com\/en\/wp-json\/wp\/v2\/types\/product"}],"replies":[{"embeddable":true,"href":"https:\/\/www.christallk.com\/en\/wp-json\/wp\/v2\/comments?post=3917"}],"wp:featuredmedia":[{"embeddable":true,"href":"https:\/\/www.christallk.com\/en\/wp-json\/wp\/v2\/media\/3919"}],"wp:attachment":[{"href":"https:\/\/www.christallk.com\/en\/wp-json\/wp\/v2\/media?parent=3917"}],"wp:term":[{"taxonomy":"product_brand","embeddable":true,"href":"https:\/\/www.christallk.com\/en\/wp-json\/wp\/v2\/product_brand?post=3917"},{"taxonomy":"product_cat","embeddable":true,"href":"https:\/\/www.christallk.com\/en\/wp-json\/wp\/v2\/product_cat?post=3917"},{"taxonomy":"product_tag","embeddable":true,"href":"https:\/\/www.christallk.com\/en\/wp-json\/wp\/v2\/product_tag?post=3917"}],"curies":[{"name":"wp","href":"https:\/\/api.w.org\/{rel}","templated":true}]}}