{"id":4057,"date":"2021-07-13T09:27:46","date_gmt":"2021-07-13T07:27:46","guid":{"rendered":"https:\/\/www.christallk.com\/?post_type=product&#038;p=4057"},"modified":"2025-07-26T14:27:11","modified_gmt":"2025-07-26T12:27:11","slug":"la-belle-retive","status":"publish","type":"product","link":"https:\/\/www.christallk.com\/en\/product\/la-belle-retive\/","title":{"rendered":"THE BEAUTIFUL RETIVE"},"content":{"rendered":"<p><strong>La Belle R\u00e9tive <\/strong>is a large, easy wrap that alternates sections of feather and fan. It's the perfect wrap to use up mini sets or yarn leftovers.<\/p>\n<h3>Yarn<\/h3>\n<p>The wrap is knitted with fingering yarn. It takes approximately two and a half skeins of 400 meters to make it (160 g of the main color and 100 g of the minis).<\/p>\n<p>The prototypes were knitted with <a href=\"https:\/\/www.christallk.com\/en\/product\/peregrine\/\">Peregrine<\/a> and Salsam\u00e9lie minis<\/p>\n<h3>Gauge<\/h3>\n<p>24 sts \/ 32 rows in lace stitch flat after blocking<\/p>\n<h3>Notions<\/h3>\n<p>3.75mm circ. needle 100cm long<br \/>\n1 tapestry needle<br \/>\nmarkers<\/p>\n<h3>Final measurements<\/h3>\n<p>240 cm x 40 cm<\/p>\n<h3>Level<\/h3>\n<p>2\/5<\/p>\n<h3>Used techniques<\/h3>\n<ul>\n<li><a href=\"https:\/\/www.christallk.com\/en\/fr-be\/rangs-raccourcis-allemande\/\">Twisted German Cast On<\/a><\/li>\n<li><a href=\"https:\/\/www.christallk.com\/en\/fr-be\/rabattre-des-mailles-souplement\/\">JSSBO<\/a><\/li>\n<\/ul>","protected":false},"excerpt":{"rendered":"<p><strong>La Belle R\u00e9tive <\/strong>is a large, easy wrap that alternates sections of feather and fan. It's the perfect wrap to use up mini sets or yarn leftovers.<\/p>\n<p><strong>Downloadable PDF pattern: Once your order is confirmed, a download link is available on the order page. Remember to download it, as the link is temporary.<\/strong><\/p>\n<p><em>VAT is calculated when the shopping cart is validated.<\/em><\/p>","protected":false},"featured_media":4060,"comment_status":"closed","ping_status":"closed","template":"","meta":{"jetpack_publicize_message":"","jetpack_publicize_feature_enabled":true,"jetpack_social_post_already_shared":false,"jetpack_social_options":{"image_generator_settings":{"template":"highway","default_image_id":0,"font":"","enabled":false},"version":2}},"product_brand":[],"product_cat":[324,318,308],"product_tag":[],"class_list":{"0":"post-4057","1":"product","2":"type-product","3":"status-publish","4":"has-post-thumbnail","6":"product_cat-chales","7":"product_cat-patrons-en-francais","8":"product_cat-patterns-modeles","11":"first","12":"instock","13":"taxable","14":"shipping-taxable","15":"product-type-variable"},"yoast_head":"<!-- This site is optimized with the Yoast SEO plugin v27.5 - https:\/\/yoast.com\/product\/yoast-seo-wordpress\/ -->\n<title>LA BELLE RETIVE - ChristalLK<\/title>\n<meta name=\"description\" content=\"La Belle R\u00e9tive est une grande \u00e9tole facile qui alterne des sections de feather and fan. C&#039;est L&#039;\u00e9tole pour utiliser des sets de minis.\" \/>\n<meta name=\"robots\" content=\"index, follow, max-snippet:-1, max-image-preview:large, max-video-preview:-1\" \/>\n<link rel=\"canonical\" href=\"https:\/\/www.christallk.com\/en\/product\/la-belle-retive\/\" \/>\n<meta property=\"og:locale\" content=\"en_US\" \/>\n<meta property=\"og:type\" content=\"article\" \/>\n<meta property=\"og:title\" content=\"LA BELLE RETIVE - ChristalLK\" \/>\n<meta property=\"og:description\" content=\"La Belle R\u00e9tive est une grande \u00e9tole facile qui alterne des sections de feather and fan. C&#039;est L&#039;\u00e9tole pour utiliser des sets de minis.\" \/>\n<meta property=\"og:url\" content=\"https:\/\/www.christallk.com\/en\/product\/la-belle-retive\/\" \/>\n<meta property=\"og:site_name\" content=\"ChristalLK\" \/>\n<meta property=\"article:publisher\" content=\"https:\/\/www.facebook.com\/ChristalLittleK\/\" \/>\n<meta property=\"article:modified_time\" content=\"2025-07-26T12:27:11+00:00\" \/>\n<meta property=\"og:image\" content=\"https:\/\/www.christallk.com\/wp-content\/uploads\/2021\/07\/IMG_8511-2.jpg\" \/>\n\t<meta property=\"og:image:width\" content=\"900\" \/>\n\t<meta property=\"og:image:height\" content=\"900\" \/>\n\t<meta property=\"og:image:type\" content=\"image\/jpeg\" \/>\n<meta name=\"twitter:card\" content=\"summary_large_image\" \/>\n<meta name=\"twitter:label1\" content=\"Est. reading time\" \/>\n\t<meta name=\"twitter:data1\" content=\"1 minute\" \/>\n<script type=\"application\/ld+json\" class=\"yoast-schema-graph\">{\"@context\":\"https:\\\/\\\/schema.org\",\"@graph\":[{\"@type\":\"WebPage\",\"@id\":\"https:\\\/\\\/www.christallk.com\\\/product\\\/la-belle-retive\\\/\",\"url\":\"https:\\\/\\\/www.christallk.com\\\/product\\\/la-belle-retive\\\/\",\"name\":\"LA BELLE RETIVE - ChristalLK\",\"isPartOf\":{\"@id\":\"https:\\\/\\\/www.christallk.com\\\/#website\"},\"primaryImageOfPage\":{\"@id\":\"https:\\\/\\\/www.christallk.com\\\/product\\\/la-belle-retive\\\/#primaryimage\"},\"image\":{\"@id\":\"https:\\\/\\\/www.christallk.com\\\/product\\\/la-belle-retive\\\/#primaryimage\"},\"thumbnailUrl\":\"https:\\\/\\\/www.christallk.com\\\/wp-content\\\/uploads\\\/2021\\\/07\\\/IMG_8511-2.jpg\",\"datePublished\":\"2021-07-13T07:27:46+00:00\",\"dateModified\":\"2025-07-26T12:27:11+00:00\",\"description\":\"La Belle R\u00e9tive est une grande \u00e9tole facile qui alterne des sections de feather and fan. C'est L'\u00e9tole pour utiliser des sets de minis.\",\"breadcrumb\":{\"@id\":\"https:\\\/\\\/www.christallk.com\\\/product\\\/la-belle-retive\\\/#breadcrumb\"},\"inLanguage\":\"en-US\",\"potentialAction\":[{\"@type\":\"ReadAction\",\"target\":[\"https:\\\/\\\/www.christallk.com\\\/product\\\/la-belle-retive\\\/\"]}]},{\"@type\":\"ImageObject\",\"inLanguage\":\"en-US\",\"@id\":\"https:\\\/\\\/www.christallk.com\\\/product\\\/la-belle-retive\\\/#primaryimage\",\"url\":\"https:\\\/\\\/www.christallk.com\\\/wp-content\\\/uploads\\\/2021\\\/07\\\/IMG_8511-2.jpg\",\"contentUrl\":\"https:\\\/\\\/www.christallk.com\\\/wp-content\\\/uploads\\\/2021\\\/07\\\/IMG_8511-2.jpg\",\"width\":900,\"height\":900},{\"@type\":\"BreadcrumbList\",\"@id\":\"https:\\\/\\\/www.christallk.com\\\/product\\\/la-belle-retive\\\/#breadcrumb\",\"itemListElement\":[{\"@type\":\"ListItem\",\"position\":1,\"name\":\"Home\",\"item\":\"https:\\\/\\\/www.christallk.com\\\/\"},{\"@type\":\"ListItem\",\"position\":2,\"name\":\"Boutique\",\"item\":\"https:\\\/\\\/www.christallk.com\\\/language\\\/fr\\\/shop\\\/\"},{\"@type\":\"ListItem\",\"position\":3,\"name\":\"LA BELLE RETIVE\"}]},{\"@type\":\"WebSite\",\"@id\":\"https:\\\/\\\/www.christallk.com\\\/#website\",\"url\":\"https:\\\/\\\/www.christallk.com\\\/\",\"name\":\"ChristalLK\",\"description\":\"ChristalLK Website\",\"publisher\":{\"@id\":\"https:\\\/\\\/www.christallk.com\\\/#organization\"},\"potentialAction\":[{\"@type\":\"SearchAction\",\"target\":{\"@type\":\"EntryPoint\",\"urlTemplate\":\"https:\\\/\\\/www.christallk.com\\\/?s={search_term_string}\"},\"query-input\":{\"@type\":\"PropertyValueSpecification\",\"valueRequired\":true,\"valueName\":\"search_term_string\"}}],\"inLanguage\":\"en-US\"},{\"@type\":\"Organization\",\"@id\":\"https:\\\/\\\/www.christallk.com\\\/#organization\",\"name\":\"ChristalLK\",\"url\":\"https:\\\/\\\/www.christallk.com\\\/\",\"logo\":{\"@type\":\"ImageObject\",\"inLanguage\":\"en-US\",\"@id\":\"https:\\\/\\\/www.christallk.com\\\/#\\\/schema\\\/logo\\\/image\\\/\",\"url\":\"https:\\\/\\\/i2.wp.com\\\/www.christallk.com\\\/wp-content\\\/uploads\\\/2020\\\/05\\\/canvas_logo_clk.png?fit=650%2C600\",\"contentUrl\":\"https:\\\/\\\/i2.wp.com\\\/www.christallk.com\\\/wp-content\\\/uploads\\\/2020\\\/05\\\/canvas_logo_clk.png?fit=650%2C600\",\"width\":650,\"height\":600,\"caption\":\"ChristalLK\"},\"image\":{\"@id\":\"https:\\\/\\\/www.christallk.com\\\/#\\\/schema\\\/logo\\\/image\\\/\"},\"sameAs\":[\"https:\\\/\\\/www.facebook.com\\\/ChristalLittleK\\\/\",\"https:\\\/\\\/www.instagram.com\\\/christallittlek\\\/\",\"https:\\\/\\\/www.pinterest.com\\\/christallk1637\\\/\",\"https:\\\/\\\/www.youtube.com\\\/channel\\\/UCk8kNDAInlkf2fCr6pU-_oA?view_as=subscriber\"]}]}<\/script>\n<!-- \/ Yoast SEO plugin. -->","yoast_head_json":{"title":"LA BELLE RETIVE - ChristalLK","description":"La Belle R\u00e9tive est une grande \u00e9tole facile qui alterne des sections de feather and fan. C'est L'\u00e9tole pour utiliser des sets de minis.","robots":{"index":"index","follow":"follow","max-snippet":"max-snippet:-1","max-image-preview":"max-image-preview:large","max-video-preview":"max-video-preview:-1"},"canonical":"https:\/\/www.christallk.com\/en\/product\/la-belle-retive\/","og_locale":"en_US","og_type":"article","og_title":"LA BELLE RETIVE - ChristalLK","og_description":"La Belle R\u00e9tive est une grande \u00e9tole facile qui alterne des sections de feather and fan. C'est L'\u00e9tole pour utiliser des sets de minis.","og_url":"https:\/\/www.christallk.com\/en\/product\/la-belle-retive\/","og_site_name":"ChristalLK","article_publisher":"https:\/\/www.facebook.com\/ChristalLittleK\/","article_modified_time":"2025-07-26T12:27:11+00:00","og_image":[{"width":900,"height":900,"url":"https:\/\/www.christallk.com\/wp-content\/uploads\/2021\/07\/IMG_8511-2.jpg","type":"image\/jpeg"}],"twitter_card":"summary_large_image","twitter_misc":{"Est. reading time":"1 minute"},"schema":{"@context":"https:\/\/schema.org","@graph":[{"@type":"WebPage","@id":"https:\/\/www.christallk.com\/product\/la-belle-retive\/","url":"https:\/\/www.christallk.com\/product\/la-belle-retive\/","name":"LA BELLE RETIVE - ChristalLK","isPartOf":{"@id":"https:\/\/www.christallk.com\/#website"},"primaryImageOfPage":{"@id":"https:\/\/www.christallk.com\/product\/la-belle-retive\/#primaryimage"},"image":{"@id":"https:\/\/www.christallk.com\/product\/la-belle-retive\/#primaryimage"},"thumbnailUrl":"https:\/\/www.christallk.com\/wp-content\/uploads\/2021\/07\/IMG_8511-2.jpg","datePublished":"2021-07-13T07:27:46+00:00","dateModified":"2025-07-26T12:27:11+00:00","description":"La Belle R\u00e9tive est une grande \u00e9tole facile qui alterne des sections de feather and fan. C'est L'\u00e9tole pour utiliser des sets de minis.","breadcrumb":{"@id":"https:\/\/www.christallk.com\/product\/la-belle-retive\/#breadcrumb"},"inLanguage":"en-US","potentialAction":[{"@type":"ReadAction","target":["https:\/\/www.christallk.com\/product\/la-belle-retive\/"]}]},{"@type":"ImageObject","inLanguage":"en-US","@id":"https:\/\/www.christallk.com\/product\/la-belle-retive\/#primaryimage","url":"https:\/\/www.christallk.com\/wp-content\/uploads\/2021\/07\/IMG_8511-2.jpg","contentUrl":"https:\/\/www.christallk.com\/wp-content\/uploads\/2021\/07\/IMG_8511-2.jpg","width":900,"height":900},{"@type":"BreadcrumbList","@id":"https:\/\/www.christallk.com\/product\/la-belle-retive\/#breadcrumb","itemListElement":[{"@type":"ListItem","position":1,"name":"Home","item":"https:\/\/www.christallk.com\/"},{"@type":"ListItem","position":2,"name":"Boutique","item":"https:\/\/www.christallk.com\/language\/fr\/shop\/"},{"@type":"ListItem","position":3,"name":"LA BELLE RETIVE"}]},{"@type":"WebSite","@id":"https:\/\/www.christallk.com\/#website","url":"https:\/\/www.christallk.com\/","name":"ChristalLK","description":"ChristalLK Website","publisher":{"@id":"https:\/\/www.christallk.com\/#organization"},"potentialAction":[{"@type":"SearchAction","target":{"@type":"EntryPoint","urlTemplate":"https:\/\/www.christallk.com\/?s={search_term_string}"},"query-input":{"@type":"PropertyValueSpecification","valueRequired":true,"valueName":"search_term_string"}}],"inLanguage":"en-US"},{"@type":"Organization","@id":"https:\/\/www.christallk.com\/#organization","name":"ChristalLK","url":"https:\/\/www.christallk.com\/","logo":{"@type":"ImageObject","inLanguage":"en-US","@id":"https:\/\/www.christallk.com\/#\/schema\/logo\/image\/","url":"https:\/\/i2.wp.com\/www.christallk.com\/wp-content\/uploads\/2020\/05\/canvas_logo_clk.png?fit=650%2C600","contentUrl":"https:\/\/i2.wp.com\/www.christallk.com\/wp-content\/uploads\/2020\/05\/canvas_logo_clk.png?fit=650%2C600","width":650,"height":600,"caption":"ChristalLK"},"image":{"@id":"https:\/\/www.christallk.com\/#\/schema\/logo\/image\/"},"sameAs":["https:\/\/www.facebook.com\/ChristalLittleK\/","https:\/\/www.instagram.com\/christallittlek\/","https:\/\/www.pinterest.com\/christallk1637\/","https:\/\/www.youtube.com\/channel\/UCk8kNDAInlkf2fCr6pU-_oA?view_as=subscriber"]}]}},"jetpack_publicize_connections":[],"jetpack_likes_enabled":true,"jetpack-related-posts":[{"id":7191,"url":"https:\/\/www.christallk.com\/en\/product\/under-your-spell\/","url_meta":{"origin":4057,"position":0},"title":"Under Your Spell","author":"Christelle","date":"February 13, 2025","format":false,"excerpt":"Under Your Spell is a stole combining brioche and mosaic stitch that evokes the contrasts and harmonies of the feminine soul. Downloadable PDF pattern: once the order is validated, a download link is available on the order page. Remember to download it because the link is temporary.\u2026","rel":"","context":"Similar post","block_context":{"text":"Similar post","link":""},"img":{"alt_text":"","src":"https:\/\/i0.wp.com\/www.christallk.com\/wp-content\/uploads\/2025\/02\/under-your-spell-24.jpg?resize=350%2C200&ssl=1","width":350,"height":200,"srcset":"https:\/\/i0.wp.com\/www.christallk.com\/wp-content\/uploads\/2025\/02\/under-your-spell-24.jpg?resize=350%2C200&ssl=1 1x, https:\/\/i0.wp.com\/www.christallk.com\/wp-content\/uploads\/2025\/02\/under-your-spell-24.jpg?resize=525%2C300&ssl=1 1.5x, https:\/\/i0.wp.com\/www.christallk.com\/wp-content\/uploads\/2025\/02\/under-your-spell-24.jpg?resize=700%2C400&ssl=1 2x, https:\/\/i0.wp.com\/www.christallk.com\/wp-content\/uploads\/2025\/02\/under-your-spell-24.jpg?resize=1050%2C600&ssl=1 3x"},"classes":[]},{"id":4359,"url":"https:\/\/www.christallk.com\/en\/product\/rosalie\/","url_meta":{"origin":4057,"position":1},"title":"Rosalie","author":"Christelle","date":"November 16, 2021","format":false,"excerpt":"Rosalie is a large, easy stole that starts in the center with a mosaic stitch, alternating between garter stitch, mosaic stitch, and a textured dotted stitch. It comes in two versions: a large and a small. This pattern gives you complete freedom in choosing the color! Pattern\u2026","rel":"","context":"Similar post","block_context":{"text":"Similar post","link":""},"img":{"alt_text":"","src":"https:\/\/i0.wp.com\/www.christallk.com\/wp-content\/uploads\/2021\/11\/IMG_8850-2.jpg?resize=350%2C200&ssl=1","width":350,"height":200,"srcset":"https:\/\/i0.wp.com\/www.christallk.com\/wp-content\/uploads\/2021\/11\/IMG_8850-2.jpg?resize=350%2C200&ssl=1 1x, https:\/\/i0.wp.com\/www.christallk.com\/wp-content\/uploads\/2021\/11\/IMG_8850-2.jpg?resize=525%2C300&ssl=1 1.5x, https:\/\/i0.wp.com\/www.christallk.com\/wp-content\/uploads\/2021\/11\/IMG_8850-2.jpg?resize=700%2C400&ssl=1 2x"},"classes":[]},{"id":4089,"url":"https:\/\/www.christallk.com\/en\/product\/highlands-sunset\/","url_meta":{"origin":4057,"position":2},"title":"HIGHLANDS SUNSET","author":"Christelle","date":"July 16, 2021","format":false,"excerpt":"Highland Sunsets is a large stole alternating brioche stitch, lace stitch, and garter stitch. While not intended for complete beginner knitters, it&#039;s not unapproachable. Downloadable PDF pattern: once your order is confirmed, a download link is available on the order page.","rel":"","context":"Similar post","block_context":{"text":"Similar post","link":""},"img":{"alt_text":"","src":"https:\/\/i0.wp.com\/www.christallk.com\/wp-content\/uploads\/2021\/07\/IMG_7542-2.jpg?resize=350%2C200&ssl=1","width":350,"height":200,"srcset":"https:\/\/i0.wp.com\/www.christallk.com\/wp-content\/uploads\/2021\/07\/IMG_7542-2.jpg?resize=350%2C200&ssl=1 1x, https:\/\/i0.wp.com\/www.christallk.com\/wp-content\/uploads\/2021\/07\/IMG_7542-2.jpg?resize=525%2C300&ssl=1 1.5x, https:\/\/i0.wp.com\/www.christallk.com\/wp-content\/uploads\/2021\/07\/IMG_7542-2.jpg?resize=700%2C400&ssl=1 2x"},"classes":[]},{"id":5172,"url":"https:\/\/www.christallk.com\/en\/product\/bubble-tea\/","url_meta":{"origin":4057,"position":3},"title":"Bubble Tea","author":"Christelle","date":"September 21, 2022","format":false,"excerpt":"Bubble Tea is a large, easy-to-knit stole. You&#039;ll first work the two side panels separately, then join them and knit the two top triangles. It alternates between garter stitch, mosaic knitting, bobbles, and brioche stitch. This pattern is the perfect way to use up single skeins! Pattern\u2026","rel":"","context":"Similar post","block_context":{"text":"Similar post","link":""},"img":{"alt_text":"","src":"https:\/\/i0.wp.com\/www.christallk.com\/wp-content\/uploads\/2022\/09\/IMG_9405.jpg?resize=350%2C200&ssl=1","width":350,"height":200,"srcset":"https:\/\/i0.wp.com\/www.christallk.com\/wp-content\/uploads\/2022\/09\/IMG_9405.jpg?resize=350%2C200&ssl=1 1x, https:\/\/i0.wp.com\/www.christallk.com\/wp-content\/uploads\/2022\/09\/IMG_9405.jpg?resize=525%2C300&ssl=1 1.5x, https:\/\/i0.wp.com\/www.christallk.com\/wp-content\/uploads\/2022\/09\/IMG_9405.jpg?resize=700%2C400&ssl=1 2x"},"classes":[]},{"id":3712,"url":"https:\/\/www.christallk.com\/en\/product\/tortada\/","url_meta":{"origin":4057,"position":4},"title":"TORTADA","author":"Christelle","date":"May 25, 2021","format":false,"excerpt":"Tortada est une longue et large \u00e9tole tout en dentelle. Elle vous couvrira le cou lorsque le temps s'av\u00e9rera un peu plus frisquet. L'histoire de Tortada se trouve sur mon blog. Patron pdf t\u00e9l\u00e9chargeable : une fois la commande valid\u00e9e, un lien de t\u00e9l\u00e9chargement est disponible sur la page de\u2026","rel":"","context":"Similar post","block_context":{"text":"Similar post","link":""},"img":{"alt_text":"","src":"https:\/\/i0.wp.com\/www.christallk.com\/wp-content\/uploads\/2021\/05\/IMG_7854-2.jpg?resize=350%2C200&ssl=1","width":350,"height":200,"srcset":"https:\/\/i0.wp.com\/www.christallk.com\/wp-content\/uploads\/2021\/05\/IMG_7854-2.jpg?resize=350%2C200&ssl=1 1x, https:\/\/i0.wp.com\/www.christallk.com\/wp-content\/uploads\/2021\/05\/IMG_7854-2.jpg?resize=525%2C300&ssl=1 1.5x, https:\/\/i0.wp.com\/www.christallk.com\/wp-content\/uploads\/2021\/05\/IMG_7854-2.jpg?resize=700%2C400&ssl=1 2x, https:\/\/i0.wp.com\/www.christallk.com\/wp-content\/uploads\/2021\/05\/IMG_7854-2.jpg?resize=1050%2C600&ssl=1 3x"},"classes":[]},{"id":4452,"url":"https:\/\/www.christallk.com\/en\/product\/paruma\/","url_meta":{"origin":4057,"position":5},"title":"Paruma","author":"Christelle","date":"December 1, 2021","format":false,"excerpt":"Paruma is a large, easy shawl that starts with one side and then knits both sides to finish the edge in textured garter stitch. Downloadable PDF pattern: once your order is confirmed, a download link is available on the order page. Remember to download it because the\u2026","rel":"","context":"Similar post","block_context":{"text":"Similar post","link":""},"img":{"alt_text":"Paruma","src":"https:\/\/i0.wp.com\/www.christallk.com\/wp-content\/uploads\/2021\/12\/IMG_8817-2.jpg?resize=350%2C200&ssl=1","width":350,"height":200,"srcset":"https:\/\/i0.wp.com\/www.christallk.com\/wp-content\/uploads\/2021\/12\/IMG_8817-2.jpg?resize=350%2C200&ssl=1 1x, https:\/\/i0.wp.com\/www.christallk.com\/wp-content\/uploads\/2021\/12\/IMG_8817-2.jpg?resize=525%2C300&ssl=1 1.5x, https:\/\/i0.wp.com\/www.christallk.com\/wp-content\/uploads\/2021\/12\/IMG_8817-2.jpg?resize=700%2C400&ssl=1 2x"},"classes":[]}],"jetpack_sharing_enabled":true,"_links":{"self":[{"href":"https:\/\/www.christallk.com\/en\/wp-json\/wp\/v2\/product\/4057","targetHints":{"allow":["GET"]}}],"collection":[{"href":"https:\/\/www.christallk.com\/en\/wp-json\/wp\/v2\/product"}],"about":[{"href":"https:\/\/www.christallk.com\/en\/wp-json\/wp\/v2\/types\/product"}],"replies":[{"embeddable":true,"href":"https:\/\/www.christallk.com\/en\/wp-json\/wp\/v2\/comments?post=4057"}],"wp:featuredmedia":[{"embeddable":true,"href":"https:\/\/www.christallk.com\/en\/wp-json\/wp\/v2\/media\/4060"}],"wp:attachment":[{"href":"https:\/\/www.christallk.com\/en\/wp-json\/wp\/v2\/media?parent=4057"}],"wp:term":[{"taxonomy":"product_brand","embeddable":true,"href":"https:\/\/www.christallk.com\/en\/wp-json\/wp\/v2\/product_brand?post=4057"},{"taxonomy":"product_cat","embeddable":true,"href":"https:\/\/www.christallk.com\/en\/wp-json\/wp\/v2\/product_cat?post=4057"},{"taxonomy":"product_tag","embeddable":true,"href":"https:\/\/www.christallk.com\/en\/wp-json\/wp\/v2\/product_tag?post=4057"}],"curies":[{"name":"wp","href":"https:\/\/api.w.org\/{rel}","templated":true}]}}