{"id":4160,"date":"2021-07-23T10:49:20","date_gmt":"2021-07-23T08:49:20","guid":{"rendered":"https:\/\/www.christallk.com\/?post_type=product&#038;p=4160"},"modified":"2025-07-26T13:44:54","modified_gmt":"2025-07-26T11:44:54","slug":"jauge-a-aiguilles-knitting-gauge","status":"publish","type":"product","link":"https:\/\/www.christallk.com\/en\/product\/jauge-a-aiguilles-knitting-gauge\/","title":{"rendered":"DEER NEEDLE GAUGE \u2013 THE DEER KNITTING-CROCHET GAUGE"},"content":{"rendered":"<div class=\"woocommerce-product-details__short-description\">\n<p>This <strong>needle gauge<\/strong> heart-shaped and decorated with a wooden deer will follow your knitting or crochet projects.<\/p>\n<p>Measurements: 6 cm width \u2013 6 cm height \u2013 4 mm thickness. From 2 mm to 5 mm.<\/p>\n<\/div>\n<p>This wooden heart-shaped deer <strong>needle gauge<\/strong> will follow your knitting or crochet projects.<\/p>\n<p>Measures: 6 cm width \u2013 6 cm height \u2013 4 mm thickness. From 2mm to 5mm.<\/p>","protected":false},"excerpt":{"rendered":"<p>This <strong>needle gauge<\/strong> heart-shaped and decorated with a wooden deer will follow your knitting or crochet projects.<\/p>\n<p>This wooden heart-shaped deer <strong>needle gauge<\/strong> will follow your knitting or crochet projects.<\/p>\n<p><strong><em>VAT and delivery costs are calculated when the shopping cart is validated.<\/em><\/strong><\/p>\n<p><strong><em><span class=\"Cart__Taxes text--subdued\">Shipping &amp; taxes calculated at checkout.<\/span><\/em><\/strong><\/p>","protected":false},"featured_media":4161,"comment_status":"closed","ping_status":"closed","template":"","meta":{"jetpack_publicize_message":"","jetpack_publicize_feature_enabled":true,"jetpack_social_post_already_shared":false,"jetpack_social_options":{"image_generator_settings":{"template":"highway","default_image_id":0,"font":"","enabled":false},"version":2}},"product_brand":[],"product_cat":[328],"product_tag":[],"class_list":{"0":"post-4160","1":"product","2":"type-product","3":"status-publish","4":"has-post-thumbnail","6":"product_cat-accessoires-tricot","9":"first","10":"instock","11":"taxable","12":"shipping-taxable","13":"purchasable","14":"product-type-simple"},"yoast_head":"<!-- This site is optimized with the Yoast SEO plugin v27.5 - https:\/\/yoast.com\/product\/yoast-seo-wordpress\/ -->\n<title>JAUGE A AIGUILLES CERF - THE DEER KNITTING-CROCHET GAUGE - ChristalLK<\/title>\n<meta name=\"description\" content=\"Pratique, cette jauge \u00e0 aiguilles en forme de coeur et d\u00e9cor\u00e9e par un cerf en bois suivra vos projets de tricot ou crochet.\" \/>\n<meta name=\"robots\" content=\"index, follow, max-snippet:-1, max-image-preview:large, max-video-preview:-1\" \/>\n<link rel=\"canonical\" href=\"https:\/\/www.christallk.com\/en\/product\/jauge-a-aiguilles-knitting-gauge\/\" \/>\n<meta property=\"og:locale\" content=\"en_US\" \/>\n<meta property=\"og:type\" content=\"article\" \/>\n<meta property=\"og:title\" content=\"JAUGE A AIGUILLES CERF - THE DEER KNITTING-CROCHET GAUGE - ChristalLK\" \/>\n<meta property=\"og:description\" content=\"Pratique, cette jauge \u00e0 aiguilles en forme de coeur et d\u00e9cor\u00e9e par un cerf en bois suivra vos projets de tricot ou crochet.\" \/>\n<meta property=\"og:url\" content=\"https:\/\/www.christallk.com\/en\/product\/jauge-a-aiguilles-knitting-gauge\/\" \/>\n<meta property=\"og:site_name\" content=\"ChristalLK\" \/>\n<meta property=\"article:publisher\" content=\"https:\/\/www.facebook.com\/ChristalLittleK\/\" \/>\n<meta property=\"article:modified_time\" content=\"2025-07-26T11:44:54+00:00\" \/>\n<meta property=\"og:image\" content=\"https:\/\/www.christallk.com\/wp-content\/uploads\/2021\/07\/20210723_100944-01-scaled-e1627030295144.jpeg\" \/>\n\t<meta property=\"og:image:width\" content=\"1200\" \/>\n\t<meta property=\"og:image:height\" content=\"1200\" \/>\n\t<meta property=\"og:image:type\" content=\"image\/jpeg\" \/>\n<meta name=\"twitter:card\" content=\"summary_large_image\" \/>\n<meta name=\"twitter:label1\" content=\"Est. reading time\" \/>\n\t<meta name=\"twitter:data1\" content=\"1 minute\" \/>\n<script type=\"application\/ld+json\" class=\"yoast-schema-graph\">{\"@context\":\"https:\\\/\\\/schema.org\",\"@graph\":[{\"@type\":\"WebPage\",\"@id\":\"https:\\\/\\\/www.christallk.com\\\/product\\\/jauge-a-aiguilles-knitting-gauge\\\/\",\"url\":\"https:\\\/\\\/www.christallk.com\\\/product\\\/jauge-a-aiguilles-knitting-gauge\\\/\",\"name\":\"JAUGE A AIGUILLES CERF - THE DEER KNITTING-CROCHET GAUGE - ChristalLK\",\"isPartOf\":{\"@id\":\"https:\\\/\\\/www.christallk.com\\\/#website\"},\"primaryImageOfPage\":{\"@id\":\"https:\\\/\\\/www.christallk.com\\\/product\\\/jauge-a-aiguilles-knitting-gauge\\\/#primaryimage\"},\"image\":{\"@id\":\"https:\\\/\\\/www.christallk.com\\\/product\\\/jauge-a-aiguilles-knitting-gauge\\\/#primaryimage\"},\"thumbnailUrl\":\"https:\\\/\\\/www.christallk.com\\\/wp-content\\\/uploads\\\/2021\\\/07\\\/20210723_100944-01-scaled-e1627030295144.jpeg\",\"datePublished\":\"2021-07-23T08:49:20+00:00\",\"dateModified\":\"2025-07-26T11:44:54+00:00\",\"description\":\"Pratique, cette jauge \u00e0 aiguilles en forme de coeur et d\u00e9cor\u00e9e par un cerf en bois suivra vos projets de tricot ou crochet.\",\"breadcrumb\":{\"@id\":\"https:\\\/\\\/www.christallk.com\\\/product\\\/jauge-a-aiguilles-knitting-gauge\\\/#breadcrumb\"},\"inLanguage\":\"en-US\",\"potentialAction\":[{\"@type\":\"ReadAction\",\"target\":[\"https:\\\/\\\/www.christallk.com\\\/product\\\/jauge-a-aiguilles-knitting-gauge\\\/\"]}]},{\"@type\":\"ImageObject\",\"inLanguage\":\"en-US\",\"@id\":\"https:\\\/\\\/www.christallk.com\\\/product\\\/jauge-a-aiguilles-knitting-gauge\\\/#primaryimage\",\"url\":\"https:\\\/\\\/www.christallk.com\\\/wp-content\\\/uploads\\\/2021\\\/07\\\/20210723_100944-01-scaled-e1627030295144.jpeg\",\"contentUrl\":\"https:\\\/\\\/www.christallk.com\\\/wp-content\\\/uploads\\\/2021\\\/07\\\/20210723_100944-01-scaled-e1627030295144.jpeg\",\"width\":1200,\"height\":1200},{\"@type\":\"BreadcrumbList\",\"@id\":\"https:\\\/\\\/www.christallk.com\\\/product\\\/jauge-a-aiguilles-knitting-gauge\\\/#breadcrumb\",\"itemListElement\":[{\"@type\":\"ListItem\",\"position\":1,\"name\":\"Home\",\"item\":\"https:\\\/\\\/www.christallk.com\\\/\"},{\"@type\":\"ListItem\",\"position\":2,\"name\":\"Boutique\",\"item\":\"https:\\\/\\\/www.christallk.com\\\/language\\\/fr\\\/shop\\\/\"},{\"@type\":\"ListItem\",\"position\":3,\"name\":\"JAUGE A AIGUILLES CERF &#8211; THE DEER KNITTING-CROCHET GAUGE\"}]},{\"@type\":\"WebSite\",\"@id\":\"https:\\\/\\\/www.christallk.com\\\/#website\",\"url\":\"https:\\\/\\\/www.christallk.com\\\/\",\"name\":\"ChristalLK\",\"description\":\"ChristalLK Website\",\"publisher\":{\"@id\":\"https:\\\/\\\/www.christallk.com\\\/#organization\"},\"potentialAction\":[{\"@type\":\"SearchAction\",\"target\":{\"@type\":\"EntryPoint\",\"urlTemplate\":\"https:\\\/\\\/www.christallk.com\\\/?s={search_term_string}\"},\"query-input\":{\"@type\":\"PropertyValueSpecification\",\"valueRequired\":true,\"valueName\":\"search_term_string\"}}],\"inLanguage\":\"en-US\"},{\"@type\":\"Organization\",\"@id\":\"https:\\\/\\\/www.christallk.com\\\/#organization\",\"name\":\"ChristalLK\",\"url\":\"https:\\\/\\\/www.christallk.com\\\/\",\"logo\":{\"@type\":\"ImageObject\",\"inLanguage\":\"en-US\",\"@id\":\"https:\\\/\\\/www.christallk.com\\\/#\\\/schema\\\/logo\\\/image\\\/\",\"url\":\"https:\\\/\\\/i2.wp.com\\\/www.christallk.com\\\/wp-content\\\/uploads\\\/2020\\\/05\\\/canvas_logo_clk.png?fit=650%2C600\",\"contentUrl\":\"https:\\\/\\\/i2.wp.com\\\/www.christallk.com\\\/wp-content\\\/uploads\\\/2020\\\/05\\\/canvas_logo_clk.png?fit=650%2C600\",\"width\":650,\"height\":600,\"caption\":\"ChristalLK\"},\"image\":{\"@id\":\"https:\\\/\\\/www.christallk.com\\\/#\\\/schema\\\/logo\\\/image\\\/\"},\"sameAs\":[\"https:\\\/\\\/www.facebook.com\\\/ChristalLittleK\\\/\",\"https:\\\/\\\/www.instagram.com\\\/christallittlek\\\/\",\"https:\\\/\\\/www.pinterest.com\\\/christallk1637\\\/\",\"https:\\\/\\\/www.youtube.com\\\/channel\\\/UCk8kNDAInlkf2fCr6pU-_oA?view_as=subscriber\"]}]}<\/script>\n<!-- \/ Yoast SEO plugin. -->","yoast_head_json":{"title":"JAUGE A AIGUILLES CERF - THE DEER KNITTING-CROCHET GAUGE - ChristalLK","description":"Pratique, cette jauge \u00e0 aiguilles en forme de coeur et d\u00e9cor\u00e9e par un cerf en bois suivra vos projets de tricot ou crochet.","robots":{"index":"index","follow":"follow","max-snippet":"max-snippet:-1","max-image-preview":"max-image-preview:large","max-video-preview":"max-video-preview:-1"},"canonical":"https:\/\/www.christallk.com\/en\/product\/jauge-a-aiguilles-knitting-gauge\/","og_locale":"en_US","og_type":"article","og_title":"JAUGE A AIGUILLES CERF - THE DEER KNITTING-CROCHET GAUGE - ChristalLK","og_description":"Pratique, cette jauge \u00e0 aiguilles en forme de coeur et d\u00e9cor\u00e9e par un cerf en bois suivra vos projets de tricot ou crochet.","og_url":"https:\/\/www.christallk.com\/en\/product\/jauge-a-aiguilles-knitting-gauge\/","og_site_name":"ChristalLK","article_publisher":"https:\/\/www.facebook.com\/ChristalLittleK\/","article_modified_time":"2025-07-26T11:44:54+00:00","og_image":[{"width":1200,"height":1200,"url":"https:\/\/www.christallk.com\/wp-content\/uploads\/2021\/07\/20210723_100944-01-scaled-e1627030295144.jpeg","type":"image\/jpeg"}],"twitter_card":"summary_large_image","twitter_misc":{"Est. reading time":"1 minute"},"schema":{"@context":"https:\/\/schema.org","@graph":[{"@type":"WebPage","@id":"https:\/\/www.christallk.com\/product\/jauge-a-aiguilles-knitting-gauge\/","url":"https:\/\/www.christallk.com\/product\/jauge-a-aiguilles-knitting-gauge\/","name":"JAUGE A AIGUILLES CERF - THE DEER KNITTING-CROCHET GAUGE - ChristalLK","isPartOf":{"@id":"https:\/\/www.christallk.com\/#website"},"primaryImageOfPage":{"@id":"https:\/\/www.christallk.com\/product\/jauge-a-aiguilles-knitting-gauge\/#primaryimage"},"image":{"@id":"https:\/\/www.christallk.com\/product\/jauge-a-aiguilles-knitting-gauge\/#primaryimage"},"thumbnailUrl":"https:\/\/www.christallk.com\/wp-content\/uploads\/2021\/07\/20210723_100944-01-scaled-e1627030295144.jpeg","datePublished":"2021-07-23T08:49:20+00:00","dateModified":"2025-07-26T11:44:54+00:00","description":"Pratique, cette jauge \u00e0 aiguilles en forme de coeur et d\u00e9cor\u00e9e par un cerf en bois suivra vos projets de tricot ou crochet.","breadcrumb":{"@id":"https:\/\/www.christallk.com\/product\/jauge-a-aiguilles-knitting-gauge\/#breadcrumb"},"inLanguage":"en-US","potentialAction":[{"@type":"ReadAction","target":["https:\/\/www.christallk.com\/product\/jauge-a-aiguilles-knitting-gauge\/"]}]},{"@type":"ImageObject","inLanguage":"en-US","@id":"https:\/\/www.christallk.com\/product\/jauge-a-aiguilles-knitting-gauge\/#primaryimage","url":"https:\/\/www.christallk.com\/wp-content\/uploads\/2021\/07\/20210723_100944-01-scaled-e1627030295144.jpeg","contentUrl":"https:\/\/www.christallk.com\/wp-content\/uploads\/2021\/07\/20210723_100944-01-scaled-e1627030295144.jpeg","width":1200,"height":1200},{"@type":"BreadcrumbList","@id":"https:\/\/www.christallk.com\/product\/jauge-a-aiguilles-knitting-gauge\/#breadcrumb","itemListElement":[{"@type":"ListItem","position":1,"name":"Home","item":"https:\/\/www.christallk.com\/"},{"@type":"ListItem","position":2,"name":"Boutique","item":"https:\/\/www.christallk.com\/language\/fr\/shop\/"},{"@type":"ListItem","position":3,"name":"JAUGE A AIGUILLES CERF &#8211; THE DEER KNITTING-CROCHET GAUGE"}]},{"@type":"WebSite","@id":"https:\/\/www.christallk.com\/#website","url":"https:\/\/www.christallk.com\/","name":"ChristalLK","description":"ChristalLK Website","publisher":{"@id":"https:\/\/www.christallk.com\/#organization"},"potentialAction":[{"@type":"SearchAction","target":{"@type":"EntryPoint","urlTemplate":"https:\/\/www.christallk.com\/?s={search_term_string}"},"query-input":{"@type":"PropertyValueSpecification","valueRequired":true,"valueName":"search_term_string"}}],"inLanguage":"en-US"},{"@type":"Organization","@id":"https:\/\/www.christallk.com\/#organization","name":"ChristalLK","url":"https:\/\/www.christallk.com\/","logo":{"@type":"ImageObject","inLanguage":"en-US","@id":"https:\/\/www.christallk.com\/#\/schema\/logo\/image\/","url":"https:\/\/i2.wp.com\/www.christallk.com\/wp-content\/uploads\/2020\/05\/canvas_logo_clk.png?fit=650%2C600","contentUrl":"https:\/\/i2.wp.com\/www.christallk.com\/wp-content\/uploads\/2020\/05\/canvas_logo_clk.png?fit=650%2C600","width":650,"height":600,"caption":"ChristalLK"},"image":{"@id":"https:\/\/www.christallk.com\/#\/schema\/logo\/image\/"},"sameAs":["https:\/\/www.facebook.com\/ChristalLittleK\/","https:\/\/www.instagram.com\/christallittlek\/","https:\/\/www.pinterest.com\/christallk1637\/","https:\/\/www.youtube.com\/channel\/UCk8kNDAInlkf2fCr6pU-_oA?view_as=subscriber"]}]}},"jetpack_publicize_connections":[],"jetpack_likes_enabled":true,"jetpack-related-posts":[{"id":3645,"url":"https:\/\/www.christallk.com\/en\/product\/blood-trillium-hat\/","url_meta":{"origin":4160,"position":0},"title":"BLOOD TRILLIUM HAT","author":"Christelle","date":"May 22, 2021","format":false,"excerpt":"Blood Trillium Hat is a pretty hat with bobbles and a leaf pattern reminiscent of the red trillium that blooms in the woods of North America. The hat completes the Blood Trillium set, which consists of a pair of mittens and a hat. Downloadable PDF pattern: once\u2026","rel":"","context":"Similar post","block_context":{"text":"Similar post","link":""},"img":{"alt_text":"","src":"https:\/\/i0.wp.com\/www.christallk.com\/wp-content\/uploads\/2021\/05\/IMG_8100-2.jpg?resize=350%2C200&ssl=1","width":350,"height":200,"srcset":"https:\/\/i0.wp.com\/www.christallk.com\/wp-content\/uploads\/2021\/05\/IMG_8100-2.jpg?resize=350%2C200&ssl=1 1x, https:\/\/i0.wp.com\/www.christallk.com\/wp-content\/uploads\/2021\/05\/IMG_8100-2.jpg?resize=525%2C300&ssl=1 1.5x"},"classes":[]},{"id":3662,"url":"https:\/\/www.christallk.com\/en\/product\/blood-trillium-mittens\/","url_meta":{"origin":4160,"position":1},"title":"BLOOD TRILLIUM MITTENS","author":"Christelle","date":"May 22, 2021","format":false,"excerpt":"Blood Trillium mittens are pretty mittens decorated with bobbles and a leaf pattern reminiscent of the red trillium that blooms in the woods of North America. The mittens complete the Blood Trillium set, which consists of a pair of mittens and a hat. Downloadable PDF pattern: once the\u2026","rel":"","context":"Similar post","block_context":{"text":"Similar post","link":""},"img":{"alt_text":"","src":"https:\/\/i0.wp.com\/www.christallk.com\/wp-content\/uploads\/2021\/05\/IMG_8103-2.jpg?resize=350%2C200&ssl=1","width":350,"height":200,"srcset":"https:\/\/i0.wp.com\/www.christallk.com\/wp-content\/uploads\/2021\/05\/IMG_8103-2.jpg?resize=350%2C200&ssl=1 1x, https:\/\/i0.wp.com\/www.christallk.com\/wp-content\/uploads\/2021\/05\/IMG_8103-2.jpg?resize=525%2C300&ssl=1 1.5x, https:\/\/i0.wp.com\/www.christallk.com\/wp-content\/uploads\/2021\/05\/IMG_8103-2.jpg?resize=700%2C400&ssl=1 2x"},"classes":[]},{"id":3665,"url":"https:\/\/www.christallk.com\/en\/product\/blood-trillium-mittens-copie\/","url_meta":{"origin":4160,"position":2},"title":"BLOOD TRILLIUM SET","author":"Christelle","date":"May 22, 2021","format":false,"excerpt":"Blood Trillium Set is a lovely set consisting of a hat and pretty mittens decorated with bobbles and a leaf pattern reminiscent of the red trillium that blooms in the woods of North America. The hat and mitten patterns are also available for sale separately. Patterns\u2026","rel":"","context":"Similar post","block_context":{"text":"Similar post","link":""},"img":{"alt_text":"","src":"https:\/\/i0.wp.com\/www.christallk.com\/wp-content\/uploads\/2021\/05\/Blood-Trillium-Hat-and-Mittens-cover.jpg?resize=350%2C200&ssl=1","width":350,"height":200,"srcset":"https:\/\/i0.wp.com\/www.christallk.com\/wp-content\/uploads\/2021\/05\/Blood-Trillium-Hat-and-Mittens-cover.jpg?resize=350%2C200&ssl=1 1x, https:\/\/i0.wp.com\/www.christallk.com\/wp-content\/uploads\/2021\/05\/Blood-Trillium-Hat-and-Mittens-cover.jpg?resize=525%2C300&ssl=1 1.5x, https:\/\/i0.wp.com\/www.christallk.com\/wp-content\/uploads\/2021\/05\/Blood-Trillium-Hat-and-Mittens-cover.jpg?resize=700%2C400&ssl=1 2x, https:\/\/i0.wp.com\/www.christallk.com\/wp-content\/uploads\/2021\/05\/Blood-Trillium-Hat-and-Mittens-cover.jpg?resize=1050%2C600&ssl=1 3x"},"classes":[]},{"id":4300,"url":"https:\/\/www.christallk.com\/en\/product\/delftware-cowl\/","url_meta":{"origin":4160,"position":3},"title":"DELFTWARE COWL","author":"Christelle","date":"October 19, 2021","format":false,"excerpt":"The Delftware Cowl is a jacquard cowl that alternates sections of fairly simple jacquard with a large panel of very fine pattern. This cowl will allow you to try your hand at jacquard because it has no purl rows and is knitted in a tube. Downloadable PDF pattern: once\u2026","rel":"","context":"Similar post","block_context":{"text":"Similar post","link":""},"img":{"alt_text":"","src":"https:\/\/i0.wp.com\/www.christallk.com\/wp-content\/uploads\/2021\/10\/IMG_8735-2.jpg?resize=350%2C200&ssl=1","width":350,"height":200,"srcset":"https:\/\/i0.wp.com\/www.christallk.com\/wp-content\/uploads\/2021\/10\/IMG_8735-2.jpg?resize=350%2C200&ssl=1 1x, https:\/\/i0.wp.com\/www.christallk.com\/wp-content\/uploads\/2021\/10\/IMG_8735-2.jpg?resize=525%2C300&ssl=1 1.5x, https:\/\/i0.wp.com\/www.christallk.com\/wp-content\/uploads\/2021\/10\/IMG_8735-2.jpg?resize=700%2C400&ssl=1 2x"},"classes":[]},{"id":4005,"url":"https:\/\/www.christallk.com\/en\/product\/irenes-wallpaper\/","url_meta":{"origin":4160,"position":4},"title":"IRENE&#039;S WALLPAPER","author":"Christelle","date":"June 23, 2021","format":false,"excerpt":"Irene&#039;s Wallpaper is a pretty jacquard collar knitted in a tube and then grafted at the end. I found my inspiration in the Sherlock series. Downloadable PDF pattern: once the order is validated, a download link is available on the order page. Remember to download it because\u2026","rel":"","context":"Similar post","block_context":{"text":"Similar post","link":""},"img":{"alt_text":"","src":"https:\/\/i0.wp.com\/www.christallk.com\/wp-content\/uploads\/2021\/06\/IMG_5473-2.jpg?resize=350%2C200&ssl=1","width":350,"height":200,"srcset":"https:\/\/i0.wp.com\/www.christallk.com\/wp-content\/uploads\/2021\/06\/IMG_5473-2.jpg?resize=350%2C200&ssl=1 1x, https:\/\/i0.wp.com\/www.christallk.com\/wp-content\/uploads\/2021\/06\/IMG_5473-2.jpg?resize=525%2C300&ssl=1 1.5x"},"classes":[]},{"id":4353,"url":"https:\/\/www.christallk.com\/en\/product\/thorton-cowl\/","url_meta":{"origin":4160,"position":5},"title":"Thornton Cowl","author":"Christelle","date":"November 14, 2021","format":false,"excerpt":"The Thorton Cowl is a mosaic knit cowl that alternates long sections of jersey and shorter sections of mosaic knit. Downloadable PDF pattern: Once your order is confirmed, a download link is available on the order page. Remember to download it because the\u2026","rel":"","context":"Similar post","block_context":{"text":"Similar post","link":""},"img":{"alt_text":"","src":"https:\/\/i0.wp.com\/www.christallk.com\/wp-content\/uploads\/2021\/11\/IMG_8402-2.jpg?resize=350%2C200&ssl=1","width":350,"height":200,"srcset":"https:\/\/i0.wp.com\/www.christallk.com\/wp-content\/uploads\/2021\/11\/IMG_8402-2.jpg?resize=350%2C200&ssl=1 1x, https:\/\/i0.wp.com\/www.christallk.com\/wp-content\/uploads\/2021\/11\/IMG_8402-2.jpg?resize=525%2C300&ssl=1 1.5x, https:\/\/i0.wp.com\/www.christallk.com\/wp-content\/uploads\/2021\/11\/IMG_8402-2.jpg?resize=700%2C400&ssl=1 2x"},"classes":[]}],"jetpack_sharing_enabled":true,"_links":{"self":[{"href":"https:\/\/www.christallk.com\/en\/wp-json\/wp\/v2\/product\/4160","targetHints":{"allow":["GET"]}}],"collection":[{"href":"https:\/\/www.christallk.com\/en\/wp-json\/wp\/v2\/product"}],"about":[{"href":"https:\/\/www.christallk.com\/en\/wp-json\/wp\/v2\/types\/product"}],"replies":[{"embeddable":true,"href":"https:\/\/www.christallk.com\/en\/wp-json\/wp\/v2\/comments?post=4160"}],"wp:featuredmedia":[{"embeddable":true,"href":"https:\/\/www.christallk.com\/en\/wp-json\/wp\/v2\/media\/4161"}],"wp:attachment":[{"href":"https:\/\/www.christallk.com\/en\/wp-json\/wp\/v2\/media?parent=4160"}],"wp:term":[{"taxonomy":"product_brand","embeddable":true,"href":"https:\/\/www.christallk.com\/en\/wp-json\/wp\/v2\/product_brand?post=4160"},{"taxonomy":"product_cat","embeddable":true,"href":"https:\/\/www.christallk.com\/en\/wp-json\/wp\/v2\/product_cat?post=4160"},{"taxonomy":"product_tag","embeddable":true,"href":"https:\/\/www.christallk.com\/en\/wp-json\/wp\/v2\/product_tag?post=4160"}],"curies":[{"name":"wp","href":"https:\/\/api.w.org\/{rel}","templated":true}]}}