{"id":4237,"date":"2021-09-11T12:35:40","date_gmt":"2021-09-11T10:35:40","guid":{"rendered":"https:\/\/www.christallk.com\/?post_type=product&#038;p=4237"},"modified":"2025-07-26T14:08:35","modified_gmt":"2025-07-26T12:08:35","slug":"broadford","status":"publish","type":"product","link":"https:\/\/www.christallk.com\/en\/product\/broadford\/","title":{"rendered":"BROADFORD"},"content":{"rendered":"<p><strong>Broadford<\/strong> is a top down sweater with a cables front panel of. It is the perfect sweater for boys but not only!<\/p>\n<h3>Yarn<\/h3>\n<p>You will need a DK weight yarn to knit this top.<\/p>\n<p>I used Lilou Tweed DK 212m \/ 100g (85% wool - 15% nylon \/ polyamide yarn) at the time which is now unavailable but any yarn of this quality can be used.<\/p>\n<h3>Gauge<\/h3>\n<p>20m. \/ 30 rows in stockinette stitch in the round<\/p>\n<h3>Notions<\/h3>\n<p>4mm circ. needle 100cm long<br \/>\n5 double-pointed needles 4 mm for small circumferences (sleeves)<br \/>\n3.75 mm circular needle, 100 cm long (for the sleeve hem and neckband)<br \/>\n1 cable needle<br \/>\n1 tapestry needle<br \/>\n4 markers<br \/>\n4 mm hook<br \/>\nScrap yarn for provisional CO<\/p>\n<h3>Final measurements<\/h3>\n<p>65 (69, 72, 78, 85, 92) cm<\/p>\n<h3>Construction<\/h3>\n<p>This sweater is worked from the top with the set in sleeves method. Back and fronts are worked separately before joining them to work the body.<br \/>\nThe sleeves are then picked up and knitted along the armholes.<br \/>\nThis sweater is worn with a positive ease of 5 to 10 cm.<\/p>\n<h3>Level<\/h3>\n<p>3\/5<\/p>\n<h3>Used techniques<\/h3>\n<ul>\n<li><a href=\"https:\/\/www.christallk.com\/en\/fr-be\/rangs-raccourcis-allemande\/\">German Short Rows<\/a><\/li>\n<li><a href=\"https:\/\/www.christallk.com\/en\/fr-be\/monter-des-mailles-en-cours-tricot\/\">Cable Cast-On<\/a><\/li>\n<\/ul>","protected":false},"excerpt":{"rendered":"<p><strong>Broadford<\/strong> is a top down sweater with a cables front panel of. It is the perfect sweater for boys but not only!<\/p>\n<p>Downloadable <strong>pdf pattern<\/strong> : once the order is validated, a download link is available on the order page. <strong>Remember to download it because the link is temporary.<br \/>\n<\/strong><\/p>\n<p><em>VAT is calculated when the shopping cart is validated.<\/em><\/p>","protected":false},"featured_media":4248,"comment_status":"closed","ping_status":"closed","template":"","meta":{"jetpack_publicize_message":"","jetpack_publicize_feature_enabled":true,"jetpack_social_post_already_shared":false,"jetpack_social_options":{"image_generator_settings":{"template":"highway","default_image_id":0,"font":"","enabled":false},"version":2}},"product_brand":[],"product_cat":[318,308,320],"product_tag":[],"class_list":{"0":"post-4237","1":"product","2":"type-product","3":"status-publish","4":"has-post-thumbnail","6":"product_cat-patrons-en-francais","7":"product_cat-patterns-modeles","8":"product_cat-pulls","11":"first","12":"instock","13":"taxable","14":"shipping-taxable","15":"purchasable","16":"product-type-variable"},"yoast_head":"<!-- This site is optimized with the Yoast SEO plugin v27.5 - https:\/\/yoast.com\/product\/yoast-seo-wordpress\/ -->\n<title>BROADFORD - ChristalLK<\/title>\n<meta name=\"description\" content=\"Broadford est un pull avec un panneau de torsades qui se tricote du haut en bas. C&#039;est le parfait petit pull pour les gar\u00e7ons mais pas que !\" \/>\n<meta name=\"robots\" content=\"index, follow, max-snippet:-1, max-image-preview:large, max-video-preview:-1\" \/>\n<link rel=\"canonical\" href=\"https:\/\/www.christallk.com\/en\/product\/broadford\/\" \/>\n<meta property=\"og:locale\" content=\"en_US\" \/>\n<meta property=\"og:type\" content=\"article\" \/>\n<meta property=\"og:title\" content=\"BROADFORD - ChristalLK\" \/>\n<meta property=\"og:description\" content=\"Broadford est un pull avec un panneau de torsades qui se tricote du haut en bas. C&#039;est le parfait petit pull pour les gar\u00e7ons mais pas que !\" \/>\n<meta property=\"og:url\" content=\"https:\/\/www.christallk.com\/en\/product\/broadford\/\" \/>\n<meta property=\"og:site_name\" content=\"ChristalLK\" \/>\n<meta property=\"article:publisher\" content=\"https:\/\/www.facebook.com\/ChristalLittleK\/\" \/>\n<meta property=\"article:modified_time\" content=\"2025-07-26T12:08:35+00:00\" \/>\n<meta property=\"og:image\" content=\"https:\/\/www.christallk.com\/wp-content\/uploads\/2021\/09\/broadford_9.jpg\" \/>\n\t<meta property=\"og:image:width\" content=\"1014\" \/>\n\t<meta property=\"og:image:height\" content=\"1200\" \/>\n\t<meta property=\"og:image:type\" content=\"image\/jpeg\" \/>\n<meta name=\"twitter:card\" content=\"summary_large_image\" \/>\n<meta name=\"twitter:label1\" content=\"Est. reading time\" \/>\n\t<meta name=\"twitter:data1\" content=\"2 minutes\" \/>\n<script type=\"application\/ld+json\" class=\"yoast-schema-graph\">{\"@context\":\"https:\\\/\\\/schema.org\",\"@graph\":[{\"@type\":\"WebPage\",\"@id\":\"https:\\\/\\\/www.christallk.com\\\/product\\\/broadford\\\/\",\"url\":\"https:\\\/\\\/www.christallk.com\\\/product\\\/broadford\\\/\",\"name\":\"BROADFORD - ChristalLK\",\"isPartOf\":{\"@id\":\"https:\\\/\\\/www.christallk.com\\\/#website\"},\"primaryImageOfPage\":{\"@id\":\"https:\\\/\\\/www.christallk.com\\\/product\\\/broadford\\\/#primaryimage\"},\"image\":{\"@id\":\"https:\\\/\\\/www.christallk.com\\\/product\\\/broadford\\\/#primaryimage\"},\"thumbnailUrl\":\"https:\\\/\\\/www.christallk.com\\\/wp-content\\\/uploads\\\/2021\\\/09\\\/broadford_9.jpg\",\"datePublished\":\"2021-09-11T10:35:40+00:00\",\"dateModified\":\"2025-07-26T12:08:35+00:00\",\"description\":\"Broadford est un pull avec un panneau de torsades qui se tricote du haut en bas. C'est le parfait petit pull pour les gar\u00e7ons mais pas que !\",\"breadcrumb\":{\"@id\":\"https:\\\/\\\/www.christallk.com\\\/product\\\/broadford\\\/#breadcrumb\"},\"inLanguage\":\"en-US\",\"potentialAction\":[{\"@type\":\"ReadAction\",\"target\":[\"https:\\\/\\\/www.christallk.com\\\/product\\\/broadford\\\/\"]}]},{\"@type\":\"ImageObject\",\"inLanguage\":\"en-US\",\"@id\":\"https:\\\/\\\/www.christallk.com\\\/product\\\/broadford\\\/#primaryimage\",\"url\":\"https:\\\/\\\/www.christallk.com\\\/wp-content\\\/uploads\\\/2021\\\/09\\\/broadford_9.jpg\",\"contentUrl\":\"https:\\\/\\\/www.christallk.com\\\/wp-content\\\/uploads\\\/2021\\\/09\\\/broadford_9.jpg\",\"width\":1014,\"height\":1200,\"caption\":\"Broadford sweater by ChristalLK Designs\"},{\"@type\":\"BreadcrumbList\",\"@id\":\"https:\\\/\\\/www.christallk.com\\\/product\\\/broadford\\\/#breadcrumb\",\"itemListElement\":[{\"@type\":\"ListItem\",\"position\":1,\"name\":\"Home\",\"item\":\"https:\\\/\\\/www.christallk.com\\\/\"},{\"@type\":\"ListItem\",\"position\":2,\"name\":\"Boutique\",\"item\":\"https:\\\/\\\/www.christallk.com\\\/language\\\/fr\\\/shop\\\/\"},{\"@type\":\"ListItem\",\"position\":3,\"name\":\"BROADFORD\"}]},{\"@type\":\"WebSite\",\"@id\":\"https:\\\/\\\/www.christallk.com\\\/#website\",\"url\":\"https:\\\/\\\/www.christallk.com\\\/\",\"name\":\"ChristalLK\",\"description\":\"ChristalLK Website\",\"publisher\":{\"@id\":\"https:\\\/\\\/www.christallk.com\\\/#organization\"},\"potentialAction\":[{\"@type\":\"SearchAction\",\"target\":{\"@type\":\"EntryPoint\",\"urlTemplate\":\"https:\\\/\\\/www.christallk.com\\\/?s={search_term_string}\"},\"query-input\":{\"@type\":\"PropertyValueSpecification\",\"valueRequired\":true,\"valueName\":\"search_term_string\"}}],\"inLanguage\":\"en-US\"},{\"@type\":\"Organization\",\"@id\":\"https:\\\/\\\/www.christallk.com\\\/#organization\",\"name\":\"ChristalLK\",\"url\":\"https:\\\/\\\/www.christallk.com\\\/\",\"logo\":{\"@type\":\"ImageObject\",\"inLanguage\":\"en-US\",\"@id\":\"https:\\\/\\\/www.christallk.com\\\/#\\\/schema\\\/logo\\\/image\\\/\",\"url\":\"https:\\\/\\\/i2.wp.com\\\/www.christallk.com\\\/wp-content\\\/uploads\\\/2020\\\/05\\\/canvas_logo_clk.png?fit=650%2C600\",\"contentUrl\":\"https:\\\/\\\/i2.wp.com\\\/www.christallk.com\\\/wp-content\\\/uploads\\\/2020\\\/05\\\/canvas_logo_clk.png?fit=650%2C600\",\"width\":650,\"height\":600,\"caption\":\"ChristalLK\"},\"image\":{\"@id\":\"https:\\\/\\\/www.christallk.com\\\/#\\\/schema\\\/logo\\\/image\\\/\"},\"sameAs\":[\"https:\\\/\\\/www.facebook.com\\\/ChristalLittleK\\\/\",\"https:\\\/\\\/www.instagram.com\\\/christallittlek\\\/\",\"https:\\\/\\\/www.pinterest.com\\\/christallk1637\\\/\",\"https:\\\/\\\/www.youtube.com\\\/channel\\\/UCk8kNDAInlkf2fCr6pU-_oA?view_as=subscriber\"]}]}<\/script>\n<!-- \/ Yoast SEO plugin. -->","yoast_head_json":{"title":"BROADFORD - ChristalLK","description":"Broadford est un pull avec un panneau de torsades qui se tricote du haut en bas. C'est le parfait petit pull pour les gar\u00e7ons mais pas que !","robots":{"index":"index","follow":"follow","max-snippet":"max-snippet:-1","max-image-preview":"max-image-preview:large","max-video-preview":"max-video-preview:-1"},"canonical":"https:\/\/www.christallk.com\/en\/product\/broadford\/","og_locale":"en_US","og_type":"article","og_title":"BROADFORD - ChristalLK","og_description":"Broadford est un pull avec un panneau de torsades qui se tricote du haut en bas. C'est le parfait petit pull pour les gar\u00e7ons mais pas que !","og_url":"https:\/\/www.christallk.com\/en\/product\/broadford\/","og_site_name":"ChristalLK","article_publisher":"https:\/\/www.facebook.com\/ChristalLittleK\/","article_modified_time":"2025-07-26T12:08:35+00:00","og_image":[{"width":1014,"height":1200,"url":"https:\/\/www.christallk.com\/wp-content\/uploads\/2021\/09\/broadford_9.jpg","type":"image\/jpeg"}],"twitter_card":"summary_large_image","twitter_misc":{"Est. reading time":"2 minutes"},"schema":{"@context":"https:\/\/schema.org","@graph":[{"@type":"WebPage","@id":"https:\/\/www.christallk.com\/product\/broadford\/","url":"https:\/\/www.christallk.com\/product\/broadford\/","name":"BROADFORD - ChristalLK","isPartOf":{"@id":"https:\/\/www.christallk.com\/#website"},"primaryImageOfPage":{"@id":"https:\/\/www.christallk.com\/product\/broadford\/#primaryimage"},"image":{"@id":"https:\/\/www.christallk.com\/product\/broadford\/#primaryimage"},"thumbnailUrl":"https:\/\/www.christallk.com\/wp-content\/uploads\/2021\/09\/broadford_9.jpg","datePublished":"2021-09-11T10:35:40+00:00","dateModified":"2025-07-26T12:08:35+00:00","description":"Broadford est un pull avec un panneau de torsades qui se tricote du haut en bas. C'est le parfait petit pull pour les gar\u00e7ons mais pas que !","breadcrumb":{"@id":"https:\/\/www.christallk.com\/product\/broadford\/#breadcrumb"},"inLanguage":"en-US","potentialAction":[{"@type":"ReadAction","target":["https:\/\/www.christallk.com\/product\/broadford\/"]}]},{"@type":"ImageObject","inLanguage":"en-US","@id":"https:\/\/www.christallk.com\/product\/broadford\/#primaryimage","url":"https:\/\/www.christallk.com\/wp-content\/uploads\/2021\/09\/broadford_9.jpg","contentUrl":"https:\/\/www.christallk.com\/wp-content\/uploads\/2021\/09\/broadford_9.jpg","width":1014,"height":1200,"caption":"Broadford sweater by ChristalLK Designs"},{"@type":"BreadcrumbList","@id":"https:\/\/www.christallk.com\/product\/broadford\/#breadcrumb","itemListElement":[{"@type":"ListItem","position":1,"name":"Home","item":"https:\/\/www.christallk.com\/"},{"@type":"ListItem","position":2,"name":"Boutique","item":"https:\/\/www.christallk.com\/language\/fr\/shop\/"},{"@type":"ListItem","position":3,"name":"BROADFORD"}]},{"@type":"WebSite","@id":"https:\/\/www.christallk.com\/#website","url":"https:\/\/www.christallk.com\/","name":"ChristalLK","description":"ChristalLK Website","publisher":{"@id":"https:\/\/www.christallk.com\/#organization"},"potentialAction":[{"@type":"SearchAction","target":{"@type":"EntryPoint","urlTemplate":"https:\/\/www.christallk.com\/?s={search_term_string}"},"query-input":{"@type":"PropertyValueSpecification","valueRequired":true,"valueName":"search_term_string"}}],"inLanguage":"en-US"},{"@type":"Organization","@id":"https:\/\/www.christallk.com\/#organization","name":"ChristalLK","url":"https:\/\/www.christallk.com\/","logo":{"@type":"ImageObject","inLanguage":"en-US","@id":"https:\/\/www.christallk.com\/#\/schema\/logo\/image\/","url":"https:\/\/i2.wp.com\/www.christallk.com\/wp-content\/uploads\/2020\/05\/canvas_logo_clk.png?fit=650%2C600","contentUrl":"https:\/\/i2.wp.com\/www.christallk.com\/wp-content\/uploads\/2020\/05\/canvas_logo_clk.png?fit=650%2C600","width":650,"height":600,"caption":"ChristalLK"},"image":{"@id":"https:\/\/www.christallk.com\/#\/schema\/logo\/image\/"},"sameAs":["https:\/\/www.facebook.com\/ChristalLittleK\/","https:\/\/www.instagram.com\/christallittlek\/","https:\/\/www.pinterest.com\/christallk1637\/","https:\/\/www.youtube.com\/channel\/UCk8kNDAInlkf2fCr6pU-_oA?view_as=subscriber"]}]}},"jetpack_publicize_connections":[],"jetpack_likes_enabled":true,"jetpack-related-posts":[{"id":6123,"url":"https:\/\/www.christallk.com\/en\/product\/chantilly\/","url_meta":{"origin":4237,"position":0},"title":"Chantilly Sweater","author":"Christelle","date":"October 17, 2023","format":false,"excerpt":"Chantilly is a classic, timeless sweater pattern. And completely adaptable! Downloadable PDF pattern: once your order is confirmed, a download link is available on the order page. Remember to download it, as the link is temporary. VAT is calculated when your cart is confirmed.","rel":"","context":"Similar post","block_context":{"text":"Similar post","link":""},"img":{"alt_text":"","src":"https:\/\/i0.wp.com\/www.christallk.com\/wp-content\/uploads\/2023\/10\/IMG_0019-2.jpg?resize=350%2C200&ssl=1","width":350,"height":200,"srcset":"https:\/\/i0.wp.com\/www.christallk.com\/wp-content\/uploads\/2023\/10\/IMG_0019-2.jpg?resize=350%2C200&ssl=1 1x, https:\/\/i0.wp.com\/www.christallk.com\/wp-content\/uploads\/2023\/10\/IMG_0019-2.jpg?resize=525%2C300&ssl=1 1.5x, https:\/\/i0.wp.com\/www.christallk.com\/wp-content\/uploads\/2023\/10\/IMG_0019-2.jpg?resize=700%2C400&ssl=1 2x, https:\/\/i0.wp.com\/www.christallk.com\/wp-content\/uploads\/2023\/10\/IMG_0019-2.jpg?resize=1050%2C600&ssl=1 3x, https:\/\/i0.wp.com\/www.christallk.com\/wp-content\/uploads\/2023\/10\/IMG_0019-2.jpg?resize=1400%2C800&ssl=1 4x"},"classes":[]},{"id":8165,"url":"https:\/\/www.christallk.com\/en\/product\/joshan-sweater\/","url_meta":{"origin":4237,"position":1},"title":"Joshan Sweater","author":"Christelle","date":"September 25, 2025","format":false,"excerpt":"Le pull Joshan est la pi\u00e8ce ma\u00eetresse de la collection \u00c9chos des Steppes. Inspir\u00e9 des armures mongoles dont il porte le nom, ce mod\u00e8le masculin allie force et raffinement. Con\u00e7u en chameau, il met en valeur la richesse des couleurs naturelles des toisons, sans teinture, pour un rendu authentique et\u2026","rel":"","context":"Similar post","block_context":{"text":"Similar post","link":""},"img":{"alt_text":"","src":"https:\/\/i0.wp.com\/www.christallk.com\/wp-content\/uploads\/2025\/09\/joshansweater-12.jpg?resize=350%2C200&ssl=1","width":350,"height":200,"srcset":"https:\/\/i0.wp.com\/www.christallk.com\/wp-content\/uploads\/2025\/09\/joshansweater-12.jpg?resize=350%2C200&ssl=1 1x, https:\/\/i0.wp.com\/www.christallk.com\/wp-content\/uploads\/2025\/09\/joshansweater-12.jpg?resize=525%2C300&ssl=1 1.5x, https:\/\/i0.wp.com\/www.christallk.com\/wp-content\/uploads\/2025\/09\/joshansweater-12.jpg?resize=700%2C400&ssl=1 2x, https:\/\/i0.wp.com\/www.christallk.com\/wp-content\/uploads\/2025\/09\/joshansweater-12.jpg?resize=1050%2C600&ssl=1 3x, https:\/\/i0.wp.com\/www.christallk.com\/wp-content\/uploads\/2025\/09\/joshansweater-12.jpg?resize=1400%2C800&ssl=1 4x"},"classes":[]},{"id":8216,"url":"https:\/\/www.christallk.com\/en\/product\/sfumato\/","url_meta":{"origin":4237,"position":2},"title":"Sfumato","author":"Christelle","date":"October 17, 2025","format":false,"excerpt":"Inspir\u00e9 de la technique picturale de L\u00e9onard de Vinci, Sfumato joue sur les flous et les transitions subtiles : la lumi\u00e8re glisse sur la texture l\u00e9g\u00e8re du suri, les contours se fondent dans une mati\u00e8re douce et vivante.Tricot\u00e9 en circulaire, sans couture, ce mod\u00e8le se distingue par deux n\u0153uds d\u00e9licats\u2026","rel":"","context":"Similar post","block_context":{"text":"Similar post","link":""},"img":{"alt_text":"","src":"https:\/\/i0.wp.com\/www.christallk.com\/wp-content\/uploads\/2025\/10\/sfumato-5.jpg?resize=350%2C200&ssl=1","width":350,"height":200,"srcset":"https:\/\/i0.wp.com\/www.christallk.com\/wp-content\/uploads\/2025\/10\/sfumato-5.jpg?resize=350%2C200&ssl=1 1x, https:\/\/i0.wp.com\/www.christallk.com\/wp-content\/uploads\/2025\/10\/sfumato-5.jpg?resize=525%2C300&ssl=1 1.5x, https:\/\/i0.wp.com\/www.christallk.com\/wp-content\/uploads\/2025\/10\/sfumato-5.jpg?resize=700%2C400&ssl=1 2x, https:\/\/i0.wp.com\/www.christallk.com\/wp-content\/uploads\/2025\/10\/sfumato-5.jpg?resize=1050%2C600&ssl=1 3x"},"classes":[]},{"id":4542,"url":"https:\/\/www.christallk.com\/en\/product\/joan\/","url_meta":{"origin":4237,"position":3},"title":"Joan","author":"Christelle","date":"February 18, 2022","format":false,"excerpt":"Joan is a sweater with set-in sleeves and a lace V-neck. This sweater was created for plus sizes only. Downloadable PDF pattern: Once your order is confirmed, a download link is available on the order page. Remember to download it because\u2026","rel":"","context":"Similar post","block_context":{"text":"Similar post","link":""},"img":{"alt_text":"","src":"https:\/\/i0.wp.com\/www.christallk.com\/wp-content\/uploads\/2022\/02\/IMG_5395-2.jpg?resize=350%2C200&ssl=1","width":350,"height":200,"srcset":"https:\/\/i0.wp.com\/www.christallk.com\/wp-content\/uploads\/2022\/02\/IMG_5395-2.jpg?resize=350%2C200&ssl=1 1x, https:\/\/i0.wp.com\/www.christallk.com\/wp-content\/uploads\/2022\/02\/IMG_5395-2.jpg?resize=525%2C300&ssl=1 1.5x"},"classes":[]},{"id":6777,"url":"https:\/\/www.christallk.com\/en\/product\/albi-sweater\/","url_meta":{"origin":4237,"position":4},"title":"Albi Sweater","author":"Christelle","date":"September 27, 2024","format":false,"excerpt":"Albi Sweater is a top-to-bottom sweater with set-in sleeves. This top will be your perfect companion for the in-between seasons, spring or fall. Downloadable PDF pattern: Once your order is confirmed, a download link is available on the order page. Remember to download it...","rel":"","context":"Similar post","block_context":{"text":"Similar post","link":""},"img":{"alt_text":"","src":"https:\/\/i0.wp.com\/www.christallk.com\/wp-content\/uploads\/2024\/09\/albi-sweater-13.jpg?resize=350%2C200&ssl=1","width":350,"height":200,"srcset":"https:\/\/i0.wp.com\/www.christallk.com\/wp-content\/uploads\/2024\/09\/albi-sweater-13.jpg?resize=350%2C200&ssl=1 1x, https:\/\/i0.wp.com\/www.christallk.com\/wp-content\/uploads\/2024\/09\/albi-sweater-13.jpg?resize=525%2C300&ssl=1 1.5x"},"classes":[]},{"id":8112,"url":"https:\/\/www.christallk.com\/en\/product\/altai-hat\/","url_meta":{"origin":4237,"position":5},"title":"Alta\u00ef Hat","author":"Christelle","date":"September 16, 2025","format":false,"excerpt":"Le bonnet Alta\u00ef est tricot\u00e9 dans un fil d\u2019exception, il est \u00e0 la fois l\u00e9ger, chaud et incroyablement doux.Son nom rend hommage aux montagnes de l\u2019Alta\u00ef, berceau des peuples nomades qui inspirent la collection Echos des Steppes. Patron pdf t\u00e9l\u00e9chargeable : une fois la commande valid\u00e9e, un lien de t\u00e9l\u00e9chargement\u2026","rel":"","context":"Similar post","block_context":{"text":"Similar post","link":""},"img":{"alt_text":"","src":"https:\/\/i0.wp.com\/www.christallk.com\/wp-content\/uploads\/2025\/09\/20250914_180510-scaled.jpg?resize=350%2C200&ssl=1","width":350,"height":200,"srcset":"https:\/\/i0.wp.com\/www.christallk.com\/wp-content\/uploads\/2025\/09\/20250914_180510-scaled.jpg?resize=350%2C200&ssl=1 1x, https:\/\/i0.wp.com\/www.christallk.com\/wp-content\/uploads\/2025\/09\/20250914_180510-scaled.jpg?resize=525%2C300&ssl=1 1.5x, https:\/\/i0.wp.com\/www.christallk.com\/wp-content\/uploads\/2025\/09\/20250914_180510-scaled.jpg?resize=700%2C400&ssl=1 2x, https:\/\/i0.wp.com\/www.christallk.com\/wp-content\/uploads\/2025\/09\/20250914_180510-scaled.jpg?resize=1050%2C600&ssl=1 3x, https:\/\/i0.wp.com\/www.christallk.com\/wp-content\/uploads\/2025\/09\/20250914_180510-scaled.jpg?resize=1400%2C800&ssl=1 4x"},"classes":[]}],"jetpack_sharing_enabled":true,"_links":{"self":[{"href":"https:\/\/www.christallk.com\/en\/wp-json\/wp\/v2\/product\/4237","targetHints":{"allow":["GET"]}}],"collection":[{"href":"https:\/\/www.christallk.com\/en\/wp-json\/wp\/v2\/product"}],"about":[{"href":"https:\/\/www.christallk.com\/en\/wp-json\/wp\/v2\/types\/product"}],"replies":[{"embeddable":true,"href":"https:\/\/www.christallk.com\/en\/wp-json\/wp\/v2\/comments?post=4237"}],"wp:featuredmedia":[{"embeddable":true,"href":"https:\/\/www.christallk.com\/en\/wp-json\/wp\/v2\/media\/4248"}],"wp:attachment":[{"href":"https:\/\/www.christallk.com\/en\/wp-json\/wp\/v2\/media?parent=4237"}],"wp:term":[{"taxonomy":"product_brand","embeddable":true,"href":"https:\/\/www.christallk.com\/en\/wp-json\/wp\/v2\/product_brand?post=4237"},{"taxonomy":"product_cat","embeddable":true,"href":"https:\/\/www.christallk.com\/en\/wp-json\/wp\/v2\/product_cat?post=4237"},{"taxonomy":"product_tag","embeddable":true,"href":"https:\/\/www.christallk.com\/en\/wp-json\/wp\/v2\/product_tag?post=4237"}],"curies":[{"name":"wp","href":"https:\/\/api.w.org\/{rel}","templated":true}]}}