{"id":4335,"date":"2021-11-14T11:06:51","date_gmt":"2021-11-14T10:06:51","guid":{"rendered":"https:\/\/www.christallk.com\/?post_type=product&#038;p=4335"},"modified":"2021-11-14T11:49:56","modified_gmt":"2021-11-14T10:49:56","slug":"carte-cadeau-gift-card","status":"publish","type":"product","link":"https:\/\/www.christallk.com\/en\/product\/carte-cadeau-gift-card\/","title":{"rendered":"Gift Card \u2013 GIFT CARD"},"content":{"rendered":"<p><strong><em>Something to please a knitter, crocheter... or simply to please yourself!<br \/>\n<\/em><\/strong><\/p>\n<p>Give multiple gifts with this electronic gift card.<br \/>\nThe gift card will allow the lucky owner to treat themselves peacefully and without pressure, in one or more installments.<\/p>\n<p>Choose the amount, add your personalized message, and then the date your recipient will receive their gift card by email.<\/p>\n<p><i>Note: The e-gift card can be used once or several times.<br \/>\nIf you wish to offer this gift card in printed version, you must mention your email address in the sender section as well<br \/>\n<\/i><\/p>\n<p>&nbsp;<\/p>\n<p><strong><em>To please a knitter, crocheter\u2026 or simply to please yourself!<\/em><\/strong><\/p>\n<p>Offer multiple gifts with this electronic gift card.<br \/>\nThe gift card will allow the lucky owner to enjoy himself without pressure.<\/p>\n<p>Choose the value of the amount, add your personalized message and then the date on which your recipient will receive the gift card by email.<\/p>\n<p><em>Note: The e-gift card can be used in one or several times. If you wish to offer this gift card in printed version, you must mention your email address in the sender&#039;s section as well.<br \/>\n<\/em><\/p>\n<div id=\"ConnectiveDocSignExtentionInstalled\" data-extension-version=\"1.0.4\"><\/div>","protected":false},"excerpt":{"rendered":"<p><strong><em>Something to please a knitter, crocheter... or simply to please yourself!<\/em><\/strong><\/p>\n<p><strong><em>To please a knitter, crocheter\u2026 or simply to please yourself!<\/em><\/strong><\/p>\n<div id=\"ConnectiveDocSignExtentionInstalled\" data-extension-version=\"1.0.4\"><\/div>","protected":false},"featured_media":4340,"comment_status":"closed","ping_status":"closed","template":"","meta":{"jetpack_publicize_message":"","jetpack_publicize_feature_enabled":true,"jetpack_social_post_already_shared":false,"jetpack_social_options":{"image_generator_settings":{"template":"highway","default_image_id":0,"font":"","enabled":false},"version":2}},"product_brand":[],"product_cat":[328,319,316,326,318,308,269],"product_tag":[],"class_list":{"0":"post-4335","1":"product","2":"type-product","3":"status-publish","4":"has-post-thumbnail","6":"product_cat-accessoires-tricot","7":"product_cat-english-pattern","8":"product_cat-yarn-laine","9":"product_cat-patron-espanoles","10":"product_cat-patrons-en-francais","11":"product_cat-patterns-modeles","12":"product_cat-uncategorized","15":"first","16":"instock","17":"purchasable","18":"product-type-pw-gift-card"},"yoast_head":"<!-- This site is optimized with the Yoast SEO plugin v27.5 - https:\/\/yoast.com\/product\/yoast-seo-wordpress\/ -->\n<title>Carte Cadeau - GIFT CARD - ChristalLK<\/title>\n<meta name=\"description\" content=\"Ici vous trouverez de quoi faire plaisir \u00e0 une tricoteuse, crocheteuse ... ou simplement vous faire plaisir !\" \/>\n<meta name=\"robots\" content=\"index, follow, max-snippet:-1, max-image-preview:large, max-video-preview:-1\" \/>\n<link rel=\"canonical\" href=\"https:\/\/www.christallk.com\/en\/product\/carte-cadeau-gift-card\/\" \/>\n<meta property=\"og:locale\" content=\"en_US\" \/>\n<meta property=\"og:type\" content=\"article\" \/>\n<meta property=\"og:title\" content=\"Carte Cadeau - GIFT CARD - ChristalLK\" \/>\n<meta property=\"og:description\" content=\"Ici vous trouverez de quoi faire plaisir \u00e0 une tricoteuse, crocheteuse ... ou simplement vous faire plaisir !\" \/>\n<meta property=\"og:url\" content=\"https:\/\/www.christallk.com\/en\/product\/carte-cadeau-gift-card\/\" \/>\n<meta property=\"og:site_name\" content=\"ChristalLK\" \/>\n<meta property=\"article:publisher\" content=\"https:\/\/www.facebook.com\/ChristalLittleK\/\" \/>\n<meta property=\"article:modified_time\" content=\"2021-11-14T10:49:56+00:00\" \/>\n<meta property=\"og:image\" content=\"https:\/\/www.christallk.com\/wp-content\/uploads\/2021\/11\/carte-cadeau.jpg\" \/>\n\t<meta property=\"og:image:width\" content=\"1080\" \/>\n\t<meta property=\"og:image:height\" content=\"1080\" \/>\n\t<meta property=\"og:image:type\" content=\"image\/jpeg\" \/>\n<meta name=\"twitter:card\" content=\"summary_large_image\" \/>\n<meta name=\"twitter:label1\" content=\"Est. reading time\" \/>\n\t<meta name=\"twitter:data1\" content=\"1 minute\" \/>\n<script type=\"application\/ld+json\" class=\"yoast-schema-graph\">{\"@context\":\"https:\\\/\\\/schema.org\",\"@graph\":[{\"@type\":\"WebPage\",\"@id\":\"https:\\\/\\\/www.christallk.com\\\/product\\\/carte-cadeau-gift-card\\\/\",\"url\":\"https:\\\/\\\/www.christallk.com\\\/product\\\/carte-cadeau-gift-card\\\/\",\"name\":\"Carte Cadeau - GIFT CARD - ChristalLK\",\"isPartOf\":{\"@id\":\"https:\\\/\\\/www.christallk.com\\\/#website\"},\"primaryImageOfPage\":{\"@id\":\"https:\\\/\\\/www.christallk.com\\\/product\\\/carte-cadeau-gift-card\\\/#primaryimage\"},\"image\":{\"@id\":\"https:\\\/\\\/www.christallk.com\\\/product\\\/carte-cadeau-gift-card\\\/#primaryimage\"},\"thumbnailUrl\":\"https:\\\/\\\/www.christallk.com\\\/wp-content\\\/uploads\\\/2021\\\/11\\\/carte-cadeau.jpg\",\"datePublished\":\"2021-11-14T10:06:51+00:00\",\"dateModified\":\"2021-11-14T10:49:56+00:00\",\"description\":\"Ici vous trouverez de quoi faire plaisir \u00e0 une tricoteuse, crocheteuse ... ou simplement vous faire plaisir !\",\"breadcrumb\":{\"@id\":\"https:\\\/\\\/www.christallk.com\\\/product\\\/carte-cadeau-gift-card\\\/#breadcrumb\"},\"inLanguage\":\"en-US\",\"potentialAction\":[{\"@type\":\"ReadAction\",\"target\":[\"https:\\\/\\\/www.christallk.com\\\/product\\\/carte-cadeau-gift-card\\\/\"]}]},{\"@type\":\"ImageObject\",\"inLanguage\":\"en-US\",\"@id\":\"https:\\\/\\\/www.christallk.com\\\/product\\\/carte-cadeau-gift-card\\\/#primaryimage\",\"url\":\"https:\\\/\\\/www.christallk.com\\\/wp-content\\\/uploads\\\/2021\\\/11\\\/carte-cadeau.jpg\",\"contentUrl\":\"https:\\\/\\\/www.christallk.com\\\/wp-content\\\/uploads\\\/2021\\\/11\\\/carte-cadeau.jpg\",\"width\":1080,\"height\":1080},{\"@type\":\"BreadcrumbList\",\"@id\":\"https:\\\/\\\/www.christallk.com\\\/product\\\/carte-cadeau-gift-card\\\/#breadcrumb\",\"itemListElement\":[{\"@type\":\"ListItem\",\"position\":1,\"name\":\"Home\",\"item\":\"https:\\\/\\\/www.christallk.com\\\/\"},{\"@type\":\"ListItem\",\"position\":2,\"name\":\"Boutique\",\"item\":\"https:\\\/\\\/www.christallk.com\\\/language\\\/fr\\\/shop\\\/\"},{\"@type\":\"ListItem\",\"position\":3,\"name\":\"Carte Cadeau &#8211; GIFT CARD\"}]},{\"@type\":\"WebSite\",\"@id\":\"https:\\\/\\\/www.christallk.com\\\/#website\",\"url\":\"https:\\\/\\\/www.christallk.com\\\/\",\"name\":\"ChristalLK\",\"description\":\"ChristalLK Website\",\"publisher\":{\"@id\":\"https:\\\/\\\/www.christallk.com\\\/#organization\"},\"potentialAction\":[{\"@type\":\"SearchAction\",\"target\":{\"@type\":\"EntryPoint\",\"urlTemplate\":\"https:\\\/\\\/www.christallk.com\\\/?s={search_term_string}\"},\"query-input\":{\"@type\":\"PropertyValueSpecification\",\"valueRequired\":true,\"valueName\":\"search_term_string\"}}],\"inLanguage\":\"en-US\"},{\"@type\":\"Organization\",\"@id\":\"https:\\\/\\\/www.christallk.com\\\/#organization\",\"name\":\"ChristalLK\",\"url\":\"https:\\\/\\\/www.christallk.com\\\/\",\"logo\":{\"@type\":\"ImageObject\",\"inLanguage\":\"en-US\",\"@id\":\"https:\\\/\\\/www.christallk.com\\\/#\\\/schema\\\/logo\\\/image\\\/\",\"url\":\"https:\\\/\\\/i2.wp.com\\\/www.christallk.com\\\/wp-content\\\/uploads\\\/2020\\\/05\\\/canvas_logo_clk.png?fit=650%2C600\",\"contentUrl\":\"https:\\\/\\\/i2.wp.com\\\/www.christallk.com\\\/wp-content\\\/uploads\\\/2020\\\/05\\\/canvas_logo_clk.png?fit=650%2C600\",\"width\":650,\"height\":600,\"caption\":\"ChristalLK\"},\"image\":{\"@id\":\"https:\\\/\\\/www.christallk.com\\\/#\\\/schema\\\/logo\\\/image\\\/\"},\"sameAs\":[\"https:\\\/\\\/www.facebook.com\\\/ChristalLittleK\\\/\",\"https:\\\/\\\/www.instagram.com\\\/christallittlek\\\/\",\"https:\\\/\\\/www.pinterest.com\\\/christallk1637\\\/\",\"https:\\\/\\\/www.youtube.com\\\/channel\\\/UCk8kNDAInlkf2fCr6pU-_oA?view_as=subscriber\"]}]}<\/script>\n<!-- \/ Yoast SEO plugin. -->","yoast_head_json":{"title":"Carte Cadeau - GIFT CARD - ChristalLK","description":"Ici vous trouverez de quoi faire plaisir \u00e0 une tricoteuse, crocheteuse ... ou simplement vous faire plaisir !","robots":{"index":"index","follow":"follow","max-snippet":"max-snippet:-1","max-image-preview":"max-image-preview:large","max-video-preview":"max-video-preview:-1"},"canonical":"https:\/\/www.christallk.com\/en\/product\/carte-cadeau-gift-card\/","og_locale":"en_US","og_type":"article","og_title":"Carte Cadeau - GIFT CARD - ChristalLK","og_description":"Ici vous trouverez de quoi faire plaisir \u00e0 une tricoteuse, crocheteuse ... ou simplement vous faire plaisir !","og_url":"https:\/\/www.christallk.com\/en\/product\/carte-cadeau-gift-card\/","og_site_name":"ChristalLK","article_publisher":"https:\/\/www.facebook.com\/ChristalLittleK\/","article_modified_time":"2021-11-14T10:49:56+00:00","og_image":[{"width":1080,"height":1080,"url":"https:\/\/www.christallk.com\/wp-content\/uploads\/2021\/11\/carte-cadeau.jpg","type":"image\/jpeg"}],"twitter_card":"summary_large_image","twitter_misc":{"Est. reading time":"1 minute"},"schema":{"@context":"https:\/\/schema.org","@graph":[{"@type":"WebPage","@id":"https:\/\/www.christallk.com\/product\/carte-cadeau-gift-card\/","url":"https:\/\/www.christallk.com\/product\/carte-cadeau-gift-card\/","name":"Carte Cadeau - GIFT CARD - ChristalLK","isPartOf":{"@id":"https:\/\/www.christallk.com\/#website"},"primaryImageOfPage":{"@id":"https:\/\/www.christallk.com\/product\/carte-cadeau-gift-card\/#primaryimage"},"image":{"@id":"https:\/\/www.christallk.com\/product\/carte-cadeau-gift-card\/#primaryimage"},"thumbnailUrl":"https:\/\/www.christallk.com\/wp-content\/uploads\/2021\/11\/carte-cadeau.jpg","datePublished":"2021-11-14T10:06:51+00:00","dateModified":"2021-11-14T10:49:56+00:00","description":"Ici vous trouverez de quoi faire plaisir \u00e0 une tricoteuse, crocheteuse ... ou simplement vous faire plaisir !","breadcrumb":{"@id":"https:\/\/www.christallk.com\/product\/carte-cadeau-gift-card\/#breadcrumb"},"inLanguage":"en-US","potentialAction":[{"@type":"ReadAction","target":["https:\/\/www.christallk.com\/product\/carte-cadeau-gift-card\/"]}]},{"@type":"ImageObject","inLanguage":"en-US","@id":"https:\/\/www.christallk.com\/product\/carte-cadeau-gift-card\/#primaryimage","url":"https:\/\/www.christallk.com\/wp-content\/uploads\/2021\/11\/carte-cadeau.jpg","contentUrl":"https:\/\/www.christallk.com\/wp-content\/uploads\/2021\/11\/carte-cadeau.jpg","width":1080,"height":1080},{"@type":"BreadcrumbList","@id":"https:\/\/www.christallk.com\/product\/carte-cadeau-gift-card\/#breadcrumb","itemListElement":[{"@type":"ListItem","position":1,"name":"Home","item":"https:\/\/www.christallk.com\/"},{"@type":"ListItem","position":2,"name":"Boutique","item":"https:\/\/www.christallk.com\/language\/fr\/shop\/"},{"@type":"ListItem","position":3,"name":"Carte Cadeau &#8211; GIFT CARD"}]},{"@type":"WebSite","@id":"https:\/\/www.christallk.com\/#website","url":"https:\/\/www.christallk.com\/","name":"ChristalLK","description":"ChristalLK Website","publisher":{"@id":"https:\/\/www.christallk.com\/#organization"},"potentialAction":[{"@type":"SearchAction","target":{"@type":"EntryPoint","urlTemplate":"https:\/\/www.christallk.com\/?s={search_term_string}"},"query-input":{"@type":"PropertyValueSpecification","valueRequired":true,"valueName":"search_term_string"}}],"inLanguage":"en-US"},{"@type":"Organization","@id":"https:\/\/www.christallk.com\/#organization","name":"ChristalLK","url":"https:\/\/www.christallk.com\/","logo":{"@type":"ImageObject","inLanguage":"en-US","@id":"https:\/\/www.christallk.com\/#\/schema\/logo\/image\/","url":"https:\/\/i2.wp.com\/www.christallk.com\/wp-content\/uploads\/2020\/05\/canvas_logo_clk.png?fit=650%2C600","contentUrl":"https:\/\/i2.wp.com\/www.christallk.com\/wp-content\/uploads\/2020\/05\/canvas_logo_clk.png?fit=650%2C600","width":650,"height":600,"caption":"ChristalLK"},"image":{"@id":"https:\/\/www.christallk.com\/#\/schema\/logo\/image\/"},"sameAs":["https:\/\/www.facebook.com\/ChristalLittleK\/","https:\/\/www.instagram.com\/christallittlek\/","https:\/\/www.pinterest.com\/christallk1637\/","https:\/\/www.youtube.com\/channel\/UCk8kNDAInlkf2fCr6pU-_oA?view_as=subscriber"]}]}},"jetpack_publicize_connections":[],"jetpack_likes_enabled":true,"jetpack-related-posts":[{"id":4160,"url":"https:\/\/www.christallk.com\/en\/product\/jauge-a-aiguilles-knitting-gauge\/","url_meta":{"origin":4335,"position":0},"title":"DEER NEEDLE GAUGE \u2013 THE DEER KNITTING-CROCHET GAUGE","author":"Christelle","date":"July 23, 2021","format":false,"excerpt":"Cette jauge \u00e0 aiguilles en forme de coeur et d\u00e9cor\u00e9e par un cerf en bois suivra vos projets de tricot ou crochet. This deer wooden heart-shaped needle gauge will follow your knitting or crochet projects. La TVA et les frais de livraison sont calcul\u00e9s \u00e0 la validation du panier. Shipping\u2026","rel":"","context":"Similar post","block_context":{"text":"Similar post","link":""},"img":{"alt_text":"","src":"https:\/\/i0.wp.com\/www.christallk.com\/wp-content\/uploads\/2021\/07\/20210723_100944-01-scaled-e1627030295144.jpeg?resize=350%2C200&ssl=1","width":350,"height":200,"srcset":"https:\/\/i0.wp.com\/www.christallk.com\/wp-content\/uploads\/2021\/07\/20210723_100944-01-scaled-e1627030295144.jpeg?resize=350%2C200&ssl=1 1x, https:\/\/i0.wp.com\/www.christallk.com\/wp-content\/uploads\/2021\/07\/20210723_100944-01-scaled-e1627030295144.jpeg?resize=525%2C300&ssl=1 1.5x, https:\/\/i0.wp.com\/www.christallk.com\/wp-content\/uploads\/2021\/07\/20210723_100944-01-scaled-e1627030295144.jpeg?resize=700%2C400&ssl=1 2x, https:\/\/i0.wp.com\/www.christallk.com\/wp-content\/uploads\/2021\/07\/20210723_100944-01-scaled-e1627030295144.jpeg?resize=1050%2C600&ssl=1 3x"},"classes":[]},{"id":3681,"url":"https:\/\/www.christallk.com\/en\/product\/lost-in-the-mist\/","url_meta":{"origin":4335,"position":1},"title":"LOST IN THE MIST","author":"Christelle","date":"May 23, 2021","format":false,"excerpt":"Lost in The Mist est un ch\u00e2le tout en d\u00e9licatesse alternant mohair et merinos. Vous aurez un vrai nuage autour du cou. L'histoire de Lost In The Mist se trouve sur mon blog. Patron pdf t\u00e9l\u00e9chargeable : une fois la commande valid\u00e9e, un lien de t\u00e9l\u00e9chargement est disponible sur la\u2026","rel":"","context":"Similar post","block_context":{"text":"Similar post","link":""},"img":{"alt_text":"Lost In The Mist","src":"https:\/\/i0.wp.com\/www.christallk.com\/wp-content\/uploads\/2020\/11\/IMG_7738-4.jpg?resize=350%2C200&ssl=1","width":350,"height":200,"srcset":"https:\/\/i0.wp.com\/www.christallk.com\/wp-content\/uploads\/2020\/11\/IMG_7738-4.jpg?resize=350%2C200&ssl=1 1x, https:\/\/i0.wp.com\/www.christallk.com\/wp-content\/uploads\/2020\/11\/IMG_7738-4.jpg?resize=525%2C300&ssl=1 1.5x"},"classes":[]},{"id":5182,"url":"https:\/\/www.christallk.com\/en\/product\/winter-in-scotland\/","url_meta":{"origin":4335,"position":2},"title":"Winter in Scotland","author":"Christelle","date":"September 28, 2022","format":false,"excerpt":"Winter In Scotland is a pair of jacquard mittens. It&#039;s the perfect knitting project to give as a holiday gift! They&#039;re relatively easy to knit despite the intricate pattern. The pattern also allows you to play with the patterns: don&#039;t\u2026","rel":"","context":"Similar post","block_context":{"text":"Similar post","link":""},"img":{"alt_text":"","src":"https:\/\/i0.wp.com\/www.christallk.com\/wp-content\/uploads\/2022\/09\/IMG_9438.jpg?resize=350%2C200&ssl=1","width":350,"height":200,"srcset":"https:\/\/i0.wp.com\/www.christallk.com\/wp-content\/uploads\/2022\/09\/IMG_9438.jpg?resize=350%2C200&ssl=1 1x, https:\/\/i0.wp.com\/www.christallk.com\/wp-content\/uploads\/2022\/09\/IMG_9438.jpg?resize=525%2C300&ssl=1 1.5x, https:\/\/i0.wp.com\/www.christallk.com\/wp-content\/uploads\/2022\/09\/IMG_9438.jpg?resize=700%2C400&ssl=1 2x"},"classes":[]},{"id":4280,"url":"https:\/\/www.christallk.com\/en\/product\/delftware-kits\/","url_meta":{"origin":4335,"position":3},"title":"DELFTWARE KITS","author":"Christelle","date":"October 19, 2021","format":false,"excerpt":"Le Delftware Cowl est un col en jacquard qui alterne des sections de jacquard assez simple un grand panneau de motif tr\u00e8s fin. Ce col vous permettra de vous essayer au jacquard car il ne pr\u00e9sente aucun rang envers et se tricote en tube. Les kits pour la tricoter se\u2026","rel":"","context":"Similar post","block_context":{"text":"Similar post","link":""},"img":{"alt_text":"","src":"https:\/\/i0.wp.com\/www.christallk.com\/wp-content\/uploads\/2021\/10\/20211013_120128-01-scaled.jpeg?resize=350%2C200&ssl=1","width":350,"height":200,"srcset":"https:\/\/i0.wp.com\/www.christallk.com\/wp-content\/uploads\/2021\/10\/20211013_120128-01-scaled.jpeg?resize=350%2C200&ssl=1 1x, https:\/\/i0.wp.com\/www.christallk.com\/wp-content\/uploads\/2021\/10\/20211013_120128-01-scaled.jpeg?resize=525%2C300&ssl=1 1.5x, https:\/\/i0.wp.com\/www.christallk.com\/wp-content\/uploads\/2021\/10\/20211013_120128-01-scaled.jpeg?resize=700%2C400&ssl=1 2x, https:\/\/i0.wp.com\/www.christallk.com\/wp-content\/uploads\/2021\/10\/20211013_120128-01-scaled.jpeg?resize=1050%2C600&ssl=1 3x, https:\/\/i0.wp.com\/www.christallk.com\/wp-content\/uploads\/2021\/10\/20211013_120128-01-scaled.jpeg?resize=1400%2C800&ssl=1 4x"},"classes":[]},{"id":8420,"url":"https:\/\/www.christallk.com\/en\/product\/dana-mitts\/","url_meta":{"origin":4335,"position":4},"title":"Dana Mitts","author":"Christelle","date":"January 8, 2026","format":false,"excerpt":"Dana Mitts est une paire de mitaines en jacquard. Elle est le parfait projet \u00e0 tricoter pour offrir en cadeau ou pour se l'offrir \u00e0 soi-m\u00eame ! Elles sont relativement faciles \u00e0 tricoter malgr\u00e9 l'aspect complexe du motif. Patron pdf t\u00e9l\u00e9chargeable : une fois la commande valid\u00e9e, un lien de\u2026","rel":"","context":"Similar post","block_context":{"text":"Similar post","link":""},"img":{"alt_text":"","src":"https:\/\/i0.wp.com\/www.christallk.com\/wp-content\/uploads\/2026\/01\/dana-mitts-7.jpg?resize=350%2C200&ssl=1","width":350,"height":200,"srcset":"https:\/\/i0.wp.com\/www.christallk.com\/wp-content\/uploads\/2026\/01\/dana-mitts-7.jpg?resize=350%2C200&ssl=1 1x, https:\/\/i0.wp.com\/www.christallk.com\/wp-content\/uploads\/2026\/01\/dana-mitts-7.jpg?resize=525%2C300&ssl=1 1.5x, https:\/\/i0.wp.com\/www.christallk.com\/wp-content\/uploads\/2026\/01\/dana-mitts-7.jpg?resize=700%2C400&ssl=1 2x, https:\/\/i0.wp.com\/www.christallk.com\/wp-content\/uploads\/2026\/01\/dana-mitts-7.jpg?resize=1050%2C600&ssl=1 3x, https:\/\/i0.wp.com\/www.christallk.com\/wp-content\/uploads\/2026\/01\/dana-mitts-7.jpg?resize=1400%2C800&ssl=1 4x"},"classes":[]},{"id":4255,"url":"https:\/\/www.christallk.com\/en\/product\/azulejos-shawl\/","url_meta":{"origin":4335,"position":5},"title":"AZULEJOS SHAWL","author":"Christelle","date":"September 21, 2021","format":false,"excerpt":"Azulejos Shawl is a delicate combination of bobbles and mosaic stitch. It is knitted in a twisted 100% merino base, giving the yarn a nice round appearance. Downloadable PDF pattern: once your order is confirmed, a download link is available on the order page.","rel":"","context":"Similar post","block_context":{"text":"Similar post","link":""},"img":{"alt_text":"Ch\u00e2le Azulejos","src":"https:\/\/i0.wp.com\/www.christallk.com\/wp-content\/uploads\/2021\/09\/IMG_8628_edited.jpg?resize=350%2C200&ssl=1","width":350,"height":200,"srcset":"https:\/\/i0.wp.com\/www.christallk.com\/wp-content\/uploads\/2021\/09\/IMG_8628_edited.jpg?resize=350%2C200&ssl=1 1x, https:\/\/i0.wp.com\/www.christallk.com\/wp-content\/uploads\/2021\/09\/IMG_8628_edited.jpg?resize=525%2C300&ssl=1 1.5x, https:\/\/i0.wp.com\/www.christallk.com\/wp-content\/uploads\/2021\/09\/IMG_8628_edited.jpg?resize=700%2C400&ssl=1 2x, https:\/\/i0.wp.com\/www.christallk.com\/wp-content\/uploads\/2021\/09\/IMG_8628_edited.jpg?resize=1050%2C600&ssl=1 3x, https:\/\/i0.wp.com\/www.christallk.com\/wp-content\/uploads\/2021\/09\/IMG_8628_edited.jpg?resize=1400%2C800&ssl=1 4x"},"classes":[]}],"jetpack_sharing_enabled":true,"_links":{"self":[{"href":"https:\/\/www.christallk.com\/en\/wp-json\/wp\/v2\/product\/4335","targetHints":{"allow":["GET"]}}],"collection":[{"href":"https:\/\/www.christallk.com\/en\/wp-json\/wp\/v2\/product"}],"about":[{"href":"https:\/\/www.christallk.com\/en\/wp-json\/wp\/v2\/types\/product"}],"replies":[{"embeddable":true,"href":"https:\/\/www.christallk.com\/en\/wp-json\/wp\/v2\/comments?post=4335"}],"wp:featuredmedia":[{"embeddable":true,"href":"https:\/\/www.christallk.com\/en\/wp-json\/wp\/v2\/media\/4340"}],"wp:attachment":[{"href":"https:\/\/www.christallk.com\/en\/wp-json\/wp\/v2\/media?parent=4335"}],"wp:term":[{"taxonomy":"product_brand","embeddable":true,"href":"https:\/\/www.christallk.com\/en\/wp-json\/wp\/v2\/product_brand?post=4335"},{"taxonomy":"product_cat","embeddable":true,"href":"https:\/\/www.christallk.com\/en\/wp-json\/wp\/v2\/product_cat?post=4335"},{"taxonomy":"product_tag","embeddable":true,"href":"https:\/\/www.christallk.com\/en\/wp-json\/wp\/v2\/product_tag?post=4335"}],"curies":[{"name":"wp","href":"https:\/\/api.w.org\/{rel}","templated":true}]}}