{"id":4353,"date":"2021-11-14T12:04:57","date_gmt":"2021-11-14T11:04:57","guid":{"rendered":"https:\/\/www.christallk.com\/?post_type=product&#038;p=4353"},"modified":"2025-07-26T13:56:10","modified_gmt":"2025-07-26T11:56:10","slug":"thorton-cowl","status":"publish","type":"product","link":"https:\/\/www.christallk.com\/en\/product\/thorton-cowl\/","title":{"rendered":"Thornton Cowl"},"content":{"rendered":"<p><strong>The Thorton Cowl <\/strong>is a mosaic knit cowl that alternates long sections of stockinette stitch with shorter sections of mosaic knit. This cowl will allow you to try mosaic knitting because it has no purl rows and is knitted in a tube.<\/p>\n<h3>Yarn<\/h3>\n<p>The cowl is knitted with two contrasting colored yarns. For the prototype, approximately 344 m of Muad'Dib Arco Iris Yarn Dr Wool was needed.<br \/>\nand approximately 360 Elementary colors<\/p>\n<h3>Gauge<\/h3>\n<p>28 sts \/ 36 rows in mosaic knitting in the round<\/p>\n<h3>Notions<\/h3>\n<p>60 cm 3.25 mm circular needle<br \/>\n1 tapestry needle<br \/>\n7 markers<br \/>\nScrap yarn for the provisional CO<br \/>\nA 3.25 mm (or smaller) needle for the<br \/>\ngrafting<br \/>\nA 3.5 mm hook<\/p>\n<h3>Final measurements<\/h3>\n<p>122 cm circumference * 22 cm height<\/p>\n<h3>Level<\/h3>\n<p>2\/5<\/p>\n<h3>Used techniques<\/h3>\n<ul>\n<li>Kitchener St with 3 knitting needles<\/li>\n<li>Provisional Crochet Cast-On<\/li>\n<li>Mosaic knitting<\/li>\n<\/ul>\n<div id=\"ConnectiveDocSignExtentionInstalled\" data-extension-version=\"1.0.4\"><\/div>","protected":false},"excerpt":{"rendered":"<p><strong>The Thorton Cowl <\/strong>is a mosaic knitting cowl that alternates long sections of stockinette stitch and short sections of mosaic knitting. This cowl will allow you to try your hand at mosaic knitting because it has no purl rows and is work as a tube.<\/p>\n<p><strong>Downloadable PDF pattern: Once your order is confirmed, a download link is available on the order page. Remember to download it, as the link is temporary.<\/strong><\/p>\n<p><em>VAT is calculated when the shopping cart is validated.<\/em><\/p>\n<div id=\"ConnectiveDocSignExtentionInstalled\" data-extension-version=\"1.0.4\"><\/div>","protected":false},"featured_media":4346,"comment_status":"closed","ping_status":"closed","template":"","meta":{"jetpack_publicize_message":"","jetpack_publicize_feature_enabled":true,"jetpack_social_post_already_shared":false,"jetpack_social_options":{"image_generator_settings":{"template":"highway","default_image_id":0,"font":"","enabled":false},"version":2}},"product_brand":[],"product_cat":[321,318,308],"product_tag":[],"class_list":{"0":"post-4353","1":"product","2":"type-product","3":"status-publish","4":"has-post-thumbnail","6":"product_cat-accessoires","7":"product_cat-patrons-en-francais","8":"product_cat-patterns-modeles","11":"first","12":"instock","13":"taxable","14":"shipping-taxable","15":"purchasable","16":"product-type-variable"},"yoast_head":"<!-- This site is optimized with the Yoast SEO plugin v27.5 - https:\/\/yoast.com\/product\/yoast-seo-wordpress\/ -->\n<title>Thornton Cowl - ChristalLK<\/title>\n<meta name=\"description\" content=\"Le Thorton Cowl est un col en tricot mosa\u00efque tricot\u00e9 en tube qui alterne sections de jersey et section de tricot mosa\u00efque.\" \/>\n<meta name=\"robots\" content=\"index, follow, max-snippet:-1, max-image-preview:large, max-video-preview:-1\" \/>\n<link rel=\"canonical\" href=\"https:\/\/www.christallk.com\/en\/product\/thorton-cowl\/\" \/>\n<meta property=\"og:locale\" content=\"en_US\" \/>\n<meta property=\"og:type\" content=\"article\" \/>\n<meta property=\"og:title\" content=\"Thornton Cowl - ChristalLK\" \/>\n<meta property=\"og:description\" content=\"Le Thorton Cowl est un col en tricot mosa\u00efque tricot\u00e9 en tube qui alterne sections de jersey et section de tricot mosa\u00efque.\" \/>\n<meta property=\"og:url\" content=\"https:\/\/www.christallk.com\/en\/product\/thorton-cowl\/\" \/>\n<meta property=\"og:site_name\" content=\"ChristalLK\" \/>\n<meta property=\"article:publisher\" content=\"https:\/\/www.facebook.com\/ChristalLittleK\/\" \/>\n<meta property=\"article:modified_time\" content=\"2025-07-26T11:56:10+00:00\" \/>\n<meta property=\"og:image\" content=\"https:\/\/www.christallk.com\/wp-content\/uploads\/2021\/11\/IMG_8402-2.jpg\" \/>\n\t<meta property=\"og:image:width\" content=\"720\" \/>\n\t<meta property=\"og:image:height\" content=\"900\" \/>\n\t<meta property=\"og:image:type\" content=\"image\/jpeg\" \/>\n<meta name=\"twitter:card\" content=\"summary_large_image\" \/>\n<meta name=\"twitter:label1\" content=\"Est. reading time\" \/>\n\t<meta name=\"twitter:data1\" content=\"2 minutes\" \/>\n<script type=\"application\/ld+json\" class=\"yoast-schema-graph\">{\"@context\":\"https:\\\/\\\/schema.org\",\"@graph\":[{\"@type\":\"WebPage\",\"@id\":\"https:\\\/\\\/www.christallk.com\\\/product\\\/thorton-cowl\\\/\",\"url\":\"https:\\\/\\\/www.christallk.com\\\/product\\\/thorton-cowl\\\/\",\"name\":\"Thornton Cowl - ChristalLK\",\"isPartOf\":{\"@id\":\"https:\\\/\\\/www.christallk.com\\\/#website\"},\"primaryImageOfPage\":{\"@id\":\"https:\\\/\\\/www.christallk.com\\\/product\\\/thorton-cowl\\\/#primaryimage\"},\"image\":{\"@id\":\"https:\\\/\\\/www.christallk.com\\\/product\\\/thorton-cowl\\\/#primaryimage\"},\"thumbnailUrl\":\"https:\\\/\\\/www.christallk.com\\\/wp-content\\\/uploads\\\/2021\\\/11\\\/IMG_8402-2.jpg\",\"datePublished\":\"2021-11-14T11:04:57+00:00\",\"dateModified\":\"2025-07-26T11:56:10+00:00\",\"description\":\"Le Thorton Cowl est un col en tricot mosa\u00efque tricot\u00e9 en tube qui alterne sections de jersey et section de tricot mosa\u00efque.\",\"breadcrumb\":{\"@id\":\"https:\\\/\\\/www.christallk.com\\\/product\\\/thorton-cowl\\\/#breadcrumb\"},\"inLanguage\":\"en-US\",\"potentialAction\":[{\"@type\":\"ReadAction\",\"target\":[\"https:\\\/\\\/www.christallk.com\\\/product\\\/thorton-cowl\\\/\"]}]},{\"@type\":\"ImageObject\",\"inLanguage\":\"en-US\",\"@id\":\"https:\\\/\\\/www.christallk.com\\\/product\\\/thorton-cowl\\\/#primaryimage\",\"url\":\"https:\\\/\\\/www.christallk.com\\\/wp-content\\\/uploads\\\/2021\\\/11\\\/IMG_8402-2.jpg\",\"contentUrl\":\"https:\\\/\\\/www.christallk.com\\\/wp-content\\\/uploads\\\/2021\\\/11\\\/IMG_8402-2.jpg\",\"width\":720,\"height\":900},{\"@type\":\"BreadcrumbList\",\"@id\":\"https:\\\/\\\/www.christallk.com\\\/product\\\/thorton-cowl\\\/#breadcrumb\",\"itemListElement\":[{\"@type\":\"ListItem\",\"position\":1,\"name\":\"Home\",\"item\":\"https:\\\/\\\/www.christallk.com\\\/\"},{\"@type\":\"ListItem\",\"position\":2,\"name\":\"Boutique\",\"item\":\"https:\\\/\\\/www.christallk.com\\\/language\\\/fr\\\/shop\\\/\"},{\"@type\":\"ListItem\",\"position\":3,\"name\":\"Thornton Cowl\"}]},{\"@type\":\"WebSite\",\"@id\":\"https:\\\/\\\/www.christallk.com\\\/#website\",\"url\":\"https:\\\/\\\/www.christallk.com\\\/\",\"name\":\"ChristalLK\",\"description\":\"ChristalLK Website\",\"publisher\":{\"@id\":\"https:\\\/\\\/www.christallk.com\\\/#organization\"},\"potentialAction\":[{\"@type\":\"SearchAction\",\"target\":{\"@type\":\"EntryPoint\",\"urlTemplate\":\"https:\\\/\\\/www.christallk.com\\\/?s={search_term_string}\"},\"query-input\":{\"@type\":\"PropertyValueSpecification\",\"valueRequired\":true,\"valueName\":\"search_term_string\"}}],\"inLanguage\":\"en-US\"},{\"@type\":\"Organization\",\"@id\":\"https:\\\/\\\/www.christallk.com\\\/#organization\",\"name\":\"ChristalLK\",\"url\":\"https:\\\/\\\/www.christallk.com\\\/\",\"logo\":{\"@type\":\"ImageObject\",\"inLanguage\":\"en-US\",\"@id\":\"https:\\\/\\\/www.christallk.com\\\/#\\\/schema\\\/logo\\\/image\\\/\",\"url\":\"https:\\\/\\\/i2.wp.com\\\/www.christallk.com\\\/wp-content\\\/uploads\\\/2020\\\/05\\\/canvas_logo_clk.png?fit=650%2C600\",\"contentUrl\":\"https:\\\/\\\/i2.wp.com\\\/www.christallk.com\\\/wp-content\\\/uploads\\\/2020\\\/05\\\/canvas_logo_clk.png?fit=650%2C600\",\"width\":650,\"height\":600,\"caption\":\"ChristalLK\"},\"image\":{\"@id\":\"https:\\\/\\\/www.christallk.com\\\/#\\\/schema\\\/logo\\\/image\\\/\"},\"sameAs\":[\"https:\\\/\\\/www.facebook.com\\\/ChristalLittleK\\\/\",\"https:\\\/\\\/www.instagram.com\\\/christallittlek\\\/\",\"https:\\\/\\\/www.pinterest.com\\\/christallk1637\\\/\",\"https:\\\/\\\/www.youtube.com\\\/channel\\\/UCk8kNDAInlkf2fCr6pU-_oA?view_as=subscriber\"]}]}<\/script>\n<!-- \/ Yoast SEO plugin. -->","yoast_head_json":{"title":"Thornton Cowl - ChristalLK","description":"Le Thorton Cowl est un col en tricot mosa\u00efque tricot\u00e9 en tube qui alterne sections de jersey et section de tricot mosa\u00efque.","robots":{"index":"index","follow":"follow","max-snippet":"max-snippet:-1","max-image-preview":"max-image-preview:large","max-video-preview":"max-video-preview:-1"},"canonical":"https:\/\/www.christallk.com\/en\/product\/thorton-cowl\/","og_locale":"en_US","og_type":"article","og_title":"Thornton Cowl - ChristalLK","og_description":"Le Thorton Cowl est un col en tricot mosa\u00efque tricot\u00e9 en tube qui alterne sections de jersey et section de tricot mosa\u00efque.","og_url":"https:\/\/www.christallk.com\/en\/product\/thorton-cowl\/","og_site_name":"ChristalLK","article_publisher":"https:\/\/www.facebook.com\/ChristalLittleK\/","article_modified_time":"2025-07-26T11:56:10+00:00","og_image":[{"width":720,"height":900,"url":"https:\/\/www.christallk.com\/wp-content\/uploads\/2021\/11\/IMG_8402-2.jpg","type":"image\/jpeg"}],"twitter_card":"summary_large_image","twitter_misc":{"Est. reading time":"2 minutes"},"schema":{"@context":"https:\/\/schema.org","@graph":[{"@type":"WebPage","@id":"https:\/\/www.christallk.com\/product\/thorton-cowl\/","url":"https:\/\/www.christallk.com\/product\/thorton-cowl\/","name":"Thornton Cowl - ChristalLK","isPartOf":{"@id":"https:\/\/www.christallk.com\/#website"},"primaryImageOfPage":{"@id":"https:\/\/www.christallk.com\/product\/thorton-cowl\/#primaryimage"},"image":{"@id":"https:\/\/www.christallk.com\/product\/thorton-cowl\/#primaryimage"},"thumbnailUrl":"https:\/\/www.christallk.com\/wp-content\/uploads\/2021\/11\/IMG_8402-2.jpg","datePublished":"2021-11-14T11:04:57+00:00","dateModified":"2025-07-26T11:56:10+00:00","description":"Le Thorton Cowl est un col en tricot mosa\u00efque tricot\u00e9 en tube qui alterne sections de jersey et section de tricot mosa\u00efque.","breadcrumb":{"@id":"https:\/\/www.christallk.com\/product\/thorton-cowl\/#breadcrumb"},"inLanguage":"en-US","potentialAction":[{"@type":"ReadAction","target":["https:\/\/www.christallk.com\/product\/thorton-cowl\/"]}]},{"@type":"ImageObject","inLanguage":"en-US","@id":"https:\/\/www.christallk.com\/product\/thorton-cowl\/#primaryimage","url":"https:\/\/www.christallk.com\/wp-content\/uploads\/2021\/11\/IMG_8402-2.jpg","contentUrl":"https:\/\/www.christallk.com\/wp-content\/uploads\/2021\/11\/IMG_8402-2.jpg","width":720,"height":900},{"@type":"BreadcrumbList","@id":"https:\/\/www.christallk.com\/product\/thorton-cowl\/#breadcrumb","itemListElement":[{"@type":"ListItem","position":1,"name":"Home","item":"https:\/\/www.christallk.com\/"},{"@type":"ListItem","position":2,"name":"Boutique","item":"https:\/\/www.christallk.com\/language\/fr\/shop\/"},{"@type":"ListItem","position":3,"name":"Thornton Cowl"}]},{"@type":"WebSite","@id":"https:\/\/www.christallk.com\/#website","url":"https:\/\/www.christallk.com\/","name":"ChristalLK","description":"ChristalLK Website","publisher":{"@id":"https:\/\/www.christallk.com\/#organization"},"potentialAction":[{"@type":"SearchAction","target":{"@type":"EntryPoint","urlTemplate":"https:\/\/www.christallk.com\/?s={search_term_string}"},"query-input":{"@type":"PropertyValueSpecification","valueRequired":true,"valueName":"search_term_string"}}],"inLanguage":"en-US"},{"@type":"Organization","@id":"https:\/\/www.christallk.com\/#organization","name":"ChristalLK","url":"https:\/\/www.christallk.com\/","logo":{"@type":"ImageObject","inLanguage":"en-US","@id":"https:\/\/www.christallk.com\/#\/schema\/logo\/image\/","url":"https:\/\/i2.wp.com\/www.christallk.com\/wp-content\/uploads\/2020\/05\/canvas_logo_clk.png?fit=650%2C600","contentUrl":"https:\/\/i2.wp.com\/www.christallk.com\/wp-content\/uploads\/2020\/05\/canvas_logo_clk.png?fit=650%2C600","width":650,"height":600,"caption":"ChristalLK"},"image":{"@id":"https:\/\/www.christallk.com\/#\/schema\/logo\/image\/"},"sameAs":["https:\/\/www.facebook.com\/ChristalLittleK\/","https:\/\/www.instagram.com\/christallittlek\/","https:\/\/www.pinterest.com\/christallk1637\/","https:\/\/www.youtube.com\/channel\/UCk8kNDAInlkf2fCr6pU-_oA?view_as=subscriber"]}]}},"jetpack_publicize_connections":[],"jetpack_likes_enabled":true,"jetpack-related-posts":[{"id":4300,"url":"https:\/\/www.christallk.com\/en\/product\/delftware-cowl\/","url_meta":{"origin":4353,"position":0},"title":"DELFTWARE COWL","author":"Christelle","date":"October 19, 2021","format":false,"excerpt":"The Delftware Cowl is a jacquard cowl that alternates sections of fairly simple jacquard with a large panel of very fine pattern. This cowl will allow you to try your hand at jacquard because it has no purl rows and is knitted in a tube. Downloadable PDF pattern: once\u2026","rel":"","context":"Similar post","block_context":{"text":"Similar post","link":""},"img":{"alt_text":"","src":"https:\/\/i0.wp.com\/www.christallk.com\/wp-content\/uploads\/2021\/10\/IMG_8735-2.jpg?resize=350%2C200&ssl=1","width":350,"height":200,"srcset":"https:\/\/i0.wp.com\/www.christallk.com\/wp-content\/uploads\/2021\/10\/IMG_8735-2.jpg?resize=350%2C200&ssl=1 1x, https:\/\/i0.wp.com\/www.christallk.com\/wp-content\/uploads\/2021\/10\/IMG_8735-2.jpg?resize=525%2C300&ssl=1 1.5x, https:\/\/i0.wp.com\/www.christallk.com\/wp-content\/uploads\/2021\/10\/IMG_8735-2.jpg?resize=700%2C400&ssl=1 2x"},"classes":[]},{"id":4005,"url":"https:\/\/www.christallk.com\/en\/product\/irenes-wallpaper\/","url_meta":{"origin":4353,"position":1},"title":"IRENE&#039;S WALLPAPER","author":"Christelle","date":"June 23, 2021","format":false,"excerpt":"Irene&#039;s Wallpaper is a pretty jacquard collar knitted in a tube and then grafted at the end. I found my inspiration in the Sherlock series. Downloadable PDF pattern: once the order is validated, a download link is available on the order page. Remember to download it because\u2026","rel":"","context":"Similar post","block_context":{"text":"Similar post","link":""},"img":{"alt_text":"","src":"https:\/\/i0.wp.com\/www.christallk.com\/wp-content\/uploads\/2021\/06\/IMG_5473-2.jpg?resize=350%2C200&ssl=1","width":350,"height":200,"srcset":"https:\/\/i0.wp.com\/www.christallk.com\/wp-content\/uploads\/2021\/06\/IMG_5473-2.jpg?resize=350%2C200&ssl=1 1x, https:\/\/i0.wp.com\/www.christallk.com\/wp-content\/uploads\/2021\/06\/IMG_5473-2.jpg?resize=525%2C300&ssl=1 1.5x"},"classes":[]},{"id":4017,"url":"https:\/\/www.christallk.com\/en\/product\/petal-drift\/","url_meta":{"origin":4353,"position":2},"title":"PETAL DRIFT","author":"Christelle","date":"June 23, 2021","format":false,"excerpt":"Petal Drift is a pretty jacquard collar knitted in a tube and then grafted at the end. It evokes the falling sakura blossoms in spring. Downloadable PDF pattern: once your order is confirmed, a download link is available on the order page. Remember to\u2026","rel":"","context":"Similar post","block_context":{"text":"Similar post","link":""},"img":{"alt_text":"","src":"https:\/\/i0.wp.com\/www.christallk.com\/wp-content\/uploads\/2021\/06\/IMG_2592-2.jpg?resize=350%2C200&ssl=1","width":350,"height":200,"srcset":"https:\/\/i0.wp.com\/www.christallk.com\/wp-content\/uploads\/2021\/06\/IMG_2592-2.jpg?resize=350%2C200&ssl=1 1x, https:\/\/i0.wp.com\/www.christallk.com\/wp-content\/uploads\/2021\/06\/IMG_2592-2.jpg?resize=525%2C300&ssl=1 1.5x, https:\/\/i0.wp.com\/www.christallk.com\/wp-content\/uploads\/2021\/06\/IMG_2592-2.jpg?resize=700%2C400&ssl=1 2x"},"classes":[]},{"id":4255,"url":"https:\/\/www.christallk.com\/en\/product\/azulejos-shawl\/","url_meta":{"origin":4353,"position":3},"title":"AZULEJOS SHAWL","author":"Christelle","date":"September 21, 2021","format":false,"excerpt":"Azulejos Shawl is a delicate combination of bobbles and mosaic stitch. It is knitted in a twisted 100% merino base, giving the yarn a nice round appearance. Downloadable PDF pattern: once your order is confirmed, a download link is available on the order page.","rel":"","context":"Similar post","block_context":{"text":"Similar post","link":""},"img":{"alt_text":"Ch\u00e2le Azulejos","src":"https:\/\/i0.wp.com\/www.christallk.com\/wp-content\/uploads\/2021\/09\/IMG_8628_edited.jpg?resize=350%2C200&ssl=1","width":350,"height":200,"srcset":"https:\/\/i0.wp.com\/www.christallk.com\/wp-content\/uploads\/2021\/09\/IMG_8628_edited.jpg?resize=350%2C200&ssl=1 1x, https:\/\/i0.wp.com\/www.christallk.com\/wp-content\/uploads\/2021\/09\/IMG_8628_edited.jpg?resize=525%2C300&ssl=1 1.5x, https:\/\/i0.wp.com\/www.christallk.com\/wp-content\/uploads\/2021\/09\/IMG_8628_edited.jpg?resize=700%2C400&ssl=1 2x, https:\/\/i0.wp.com\/www.christallk.com\/wp-content\/uploads\/2021\/09\/IMG_8628_edited.jpg?resize=1050%2C600&ssl=1 3x, https:\/\/i0.wp.com\/www.christallk.com\/wp-content\/uploads\/2021\/09\/IMG_8628_edited.jpg?resize=1400%2C800&ssl=1 4x"},"classes":[]},{"id":3586,"url":"https:\/\/www.christallk.com\/en\/product\/ines-shawl\/","url_meta":{"origin":4353,"position":4},"title":"INES SHAWL","author":"Christelle","date":"May 20, 2021","format":false,"excerpt":"In\u00e8s is a delicate combination of textured stitches, perfectly crafted bobbles, and mosaic stitch. It&#039;s knitted in a merino and linen blend that adds a touch of lightness to the merino. Downloadable PDF pattern: once your order is confirmed, a download link is available...","rel":"","context":"Similar post","block_context":{"text":"Similar post","link":""},"img":{"alt_text":"","src":"https:\/\/i0.wp.com\/www.christallk.com\/wp-content\/uploads\/2021\/05\/IMG_8247-2.jpg?resize=350%2C200&ssl=1","width":350,"height":200,"srcset":"https:\/\/i0.wp.com\/www.christallk.com\/wp-content\/uploads\/2021\/05\/IMG_8247-2.jpg?resize=350%2C200&ssl=1 1x, https:\/\/i0.wp.com\/www.christallk.com\/wp-content\/uploads\/2021\/05\/IMG_8247-2.jpg?resize=525%2C300&ssl=1 1.5x, https:\/\/i0.wp.com\/www.christallk.com\/wp-content\/uploads\/2021\/05\/IMG_8247-2.jpg?resize=700%2C400&ssl=1 2x"},"classes":[]},{"id":6605,"url":"https:\/\/www.christallk.com\/en\/product\/solaris-shawl\/","url_meta":{"origin":4353,"position":5},"title":"Solaris Shawl","author":"Christelle","date":"July 5, 2024","format":false,"excerpt":"Solaris is a shawl made entirely of brioche and mosaic stitch. This very large shawl will wrap you up on cool summer evenings and will see you through winter! Downloadable PDF pattern: once your order is confirmed, a download link is available on the order page. Remember\u2026","rel":"","context":"Similar post","block_context":{"text":"Similar post","link":""},"img":{"alt_text":"","src":"https:\/\/i0.wp.com\/www.christallk.com\/wp-content\/uploads\/2024\/07\/solaris-shawl-25.jpg?resize=350%2C200&ssl=1","width":350,"height":200,"srcset":"https:\/\/i0.wp.com\/www.christallk.com\/wp-content\/uploads\/2024\/07\/solaris-shawl-25.jpg?resize=350%2C200&ssl=1 1x, https:\/\/i0.wp.com\/www.christallk.com\/wp-content\/uploads\/2024\/07\/solaris-shawl-25.jpg?resize=525%2C300&ssl=1 1.5x"},"classes":[]}],"jetpack_sharing_enabled":true,"_links":{"self":[{"href":"https:\/\/www.christallk.com\/en\/wp-json\/wp\/v2\/product\/4353","targetHints":{"allow":["GET"]}}],"collection":[{"href":"https:\/\/www.christallk.com\/en\/wp-json\/wp\/v2\/product"}],"about":[{"href":"https:\/\/www.christallk.com\/en\/wp-json\/wp\/v2\/types\/product"}],"replies":[{"embeddable":true,"href":"https:\/\/www.christallk.com\/en\/wp-json\/wp\/v2\/comments?post=4353"}],"wp:featuredmedia":[{"embeddable":true,"href":"https:\/\/www.christallk.com\/en\/wp-json\/wp\/v2\/media\/4346"}],"wp:attachment":[{"href":"https:\/\/www.christallk.com\/en\/wp-json\/wp\/v2\/media?parent=4353"}],"wp:term":[{"taxonomy":"product_brand","embeddable":true,"href":"https:\/\/www.christallk.com\/en\/wp-json\/wp\/v2\/product_brand?post=4353"},{"taxonomy":"product_cat","embeddable":true,"href":"https:\/\/www.christallk.com\/en\/wp-json\/wp\/v2\/product_cat?post=4353"},{"taxonomy":"product_tag","embeddable":true,"href":"https:\/\/www.christallk.com\/en\/wp-json\/wp\/v2\/product_tag?post=4353"}],"curies":[{"name":"wp","href":"https:\/\/api.w.org\/{rel}","templated":true}]}}