{"id":4452,"date":"2021-12-01T11:03:52","date_gmt":"2021-12-01T10:03:52","guid":{"rendered":"https:\/\/www.christallk.com\/?post_type=product&#038;p=4452"},"modified":"2025-07-26T13:47:36","modified_gmt":"2025-07-26T11:47:36","slug":"paruma","status":"publish","type":"product","link":"https:\/\/www.christallk.com\/en\/product\/paruma\/","title":{"rendered":"Paruma"},"content":{"rendered":"<p><strong>Paruma <\/strong>is a large, easy shawl starting with one side, you will then pick up both sides to finish the edge in textured garter stitch.<\/p>\n<h3>Yarn<\/h3>\n<p>The shawl is knitted with a very airy fingering yarn. I used Plume d<a href=\"https:\/\/elineetlaines.bigcartel.com\">&#039;Eline and Laines (<\/a>38% alpaca, 37% cotton, 25% merino) 400 m \/ 100 g in two colors Paruma approximately 380 m and Silver Snitch approximately 270 m.<\/p>\n<h3>Gauge<\/h3>\n<p>16 sts \/ 24 rows in garter stitch flat after blocking<\/p>\n<h3>Notions<\/h3>\n<p>5mm circle needle 100cm long<br \/>\n1 tapestry needle<br \/>\n4 mm hook<br \/>\nmarkers<\/p>\n<h3>Final measurements<\/h3>\n<p>192 cm x 110 cm<\/p>\n<h3>Level<\/h3>\n<p>2\/5<\/p>\n<h3>Used techniques<\/h3>\n<ul>\n<li><a href=\"https:\/\/youtu.be\/Ku5mMMZK4GE\">Bobbles<\/a><\/li>\n<li><a href=\"https:\/\/www.christallk.com\/en\/fr-be\/rabattre-des-mailles-souplement\/\">JSSBO<\/a><\/li>\n<\/ul>\n<div id=\"ConnectiveDocSignExtentionInstalled\" data-extension-version=\"1.0.4\"><\/div>","protected":false},"excerpt":{"rendered":"<p><strong>Paruma<\/strong> is a large, easy shawl that starts on one side and then picks up both sides to finish the edge in a textured garter stitch.<\/p>\n<p><strong>Downloadable PDF pattern: Once your order is confirmed, a download link is available on the order page. Remember to download it, as the link is temporary.<\/strong><\/p>\n<p><em>VAT is calculated when the shopping cart is validated.<\/em><\/p>\n<div id=\"ConnectiveDocSignExtentionInstalled\" data-extension-version=\"1.0.4\"><\/div>","protected":false},"featured_media":4457,"comment_status":"closed","ping_status":"closed","template":"","meta":{"jetpack_publicize_message":"","jetpack_publicize_feature_enabled":true,"jetpack_social_post_already_shared":false,"jetpack_social_options":{"image_generator_settings":{"template":"highway","default_image_id":0,"font":"","enabled":false},"version":2}},"product_brand":[],"product_cat":[324,318,308],"product_tag":[],"class_list":{"0":"post-4452","1":"product","2":"type-product","3":"status-publish","4":"has-post-thumbnail","6":"product_cat-chales","7":"product_cat-patrons-en-francais","8":"product_cat-patterns-modeles","11":"first","12":"instock","13":"taxable","14":"shipping-taxable","15":"purchasable","16":"product-type-variable"},"yoast_head":"<!-- This site is optimized with the Yoast SEO plugin v27.5 - https:\/\/yoast.com\/product\/yoast-seo-wordpress\/ -->\n<title>Paruma - ChristalLK<\/title>\n<meta name=\"description\" content=\"Paruma est un grand ch\u00e2le facile commen\u00e7ant par un c\u00f4t\u00e9 pour reprendre ensuite les deux c\u00f4t\u00e9s pour finaliser le bord en point mousse textur\u00e9.\" \/>\n<meta name=\"robots\" content=\"index, follow, max-snippet:-1, max-image-preview:large, max-video-preview:-1\" \/>\n<link rel=\"canonical\" href=\"https:\/\/www.christallk.com\/en\/product\/paruma\/\" \/>\n<meta property=\"og:locale\" content=\"en_US\" \/>\n<meta property=\"og:type\" content=\"article\" \/>\n<meta property=\"og:title\" content=\"Paruma - ChristalLK\" \/>\n<meta property=\"og:description\" content=\"Paruma est un grand ch\u00e2le facile commen\u00e7ant par un c\u00f4t\u00e9 pour reprendre ensuite les deux c\u00f4t\u00e9s pour finaliser le bord en point mousse textur\u00e9.\" \/>\n<meta property=\"og:url\" content=\"https:\/\/www.christallk.com\/en\/product\/paruma\/\" \/>\n<meta property=\"og:site_name\" content=\"ChristalLK\" \/>\n<meta property=\"article:publisher\" content=\"https:\/\/www.facebook.com\/ChristalLittleK\/\" \/>\n<meta property=\"article:modified_time\" content=\"2025-07-26T11:47:36+00:00\" \/>\n<meta property=\"og:image\" content=\"https:\/\/www.christallk.com\/wp-content\/uploads\/2021\/12\/IMG_8817-2.jpg\" \/>\n\t<meta property=\"og:image:width\" content=\"720\" \/>\n\t<meta property=\"og:image:height\" content=\"900\" \/>\n\t<meta property=\"og:image:type\" content=\"image\/jpeg\" \/>\n<meta name=\"twitter:card\" content=\"summary_large_image\" \/>\n<meta name=\"twitter:label1\" content=\"Est. reading time\" \/>\n\t<meta name=\"twitter:data1\" content=\"1 minute\" \/>\n<script type=\"application\/ld+json\" class=\"yoast-schema-graph\">{\"@context\":\"https:\\\/\\\/schema.org\",\"@graph\":[{\"@type\":\"WebPage\",\"@id\":\"https:\\\/\\\/www.christallk.com\\\/product\\\/paruma\\\/\",\"url\":\"https:\\\/\\\/www.christallk.com\\\/product\\\/paruma\\\/\",\"name\":\"Paruma - ChristalLK\",\"isPartOf\":{\"@id\":\"https:\\\/\\\/www.christallk.com\\\/#website\"},\"primaryImageOfPage\":{\"@id\":\"https:\\\/\\\/www.christallk.com\\\/product\\\/paruma\\\/#primaryimage\"},\"image\":{\"@id\":\"https:\\\/\\\/www.christallk.com\\\/product\\\/paruma\\\/#primaryimage\"},\"thumbnailUrl\":\"https:\\\/\\\/www.christallk.com\\\/wp-content\\\/uploads\\\/2021\\\/12\\\/IMG_8817-2.jpg\",\"datePublished\":\"2021-12-01T10:03:52+00:00\",\"dateModified\":\"2025-07-26T11:47:36+00:00\",\"description\":\"Paruma est un grand ch\u00e2le facile commen\u00e7ant par un c\u00f4t\u00e9 pour reprendre ensuite les deux c\u00f4t\u00e9s pour finaliser le bord en point mousse textur\u00e9.\",\"breadcrumb\":{\"@id\":\"https:\\\/\\\/www.christallk.com\\\/product\\\/paruma\\\/#breadcrumb\"},\"inLanguage\":\"en-US\",\"potentialAction\":[{\"@type\":\"ReadAction\",\"target\":[\"https:\\\/\\\/www.christallk.com\\\/product\\\/paruma\\\/\"]}]},{\"@type\":\"ImageObject\",\"inLanguage\":\"en-US\",\"@id\":\"https:\\\/\\\/www.christallk.com\\\/product\\\/paruma\\\/#primaryimage\",\"url\":\"https:\\\/\\\/www.christallk.com\\\/wp-content\\\/uploads\\\/2021\\\/12\\\/IMG_8817-2.jpg\",\"contentUrl\":\"https:\\\/\\\/www.christallk.com\\\/wp-content\\\/uploads\\\/2021\\\/12\\\/IMG_8817-2.jpg\",\"width\":720,\"height\":900,\"caption\":\"Paruma\"},{\"@type\":\"BreadcrumbList\",\"@id\":\"https:\\\/\\\/www.christallk.com\\\/product\\\/paruma\\\/#breadcrumb\",\"itemListElement\":[{\"@type\":\"ListItem\",\"position\":1,\"name\":\"Home\",\"item\":\"https:\\\/\\\/www.christallk.com\\\/\"},{\"@type\":\"ListItem\",\"position\":2,\"name\":\"Boutique\",\"item\":\"https:\\\/\\\/www.christallk.com\\\/language\\\/fr\\\/shop\\\/\"},{\"@type\":\"ListItem\",\"position\":3,\"name\":\"Paruma\"}]},{\"@type\":\"WebSite\",\"@id\":\"https:\\\/\\\/www.christallk.com\\\/#website\",\"url\":\"https:\\\/\\\/www.christallk.com\\\/\",\"name\":\"ChristalLK\",\"description\":\"ChristalLK Website\",\"publisher\":{\"@id\":\"https:\\\/\\\/www.christallk.com\\\/#organization\"},\"potentialAction\":[{\"@type\":\"SearchAction\",\"target\":{\"@type\":\"EntryPoint\",\"urlTemplate\":\"https:\\\/\\\/www.christallk.com\\\/?s={search_term_string}\"},\"query-input\":{\"@type\":\"PropertyValueSpecification\",\"valueRequired\":true,\"valueName\":\"search_term_string\"}}],\"inLanguage\":\"en-US\"},{\"@type\":\"Organization\",\"@id\":\"https:\\\/\\\/www.christallk.com\\\/#organization\",\"name\":\"ChristalLK\",\"url\":\"https:\\\/\\\/www.christallk.com\\\/\",\"logo\":{\"@type\":\"ImageObject\",\"inLanguage\":\"en-US\",\"@id\":\"https:\\\/\\\/www.christallk.com\\\/#\\\/schema\\\/logo\\\/image\\\/\",\"url\":\"https:\\\/\\\/i2.wp.com\\\/www.christallk.com\\\/wp-content\\\/uploads\\\/2020\\\/05\\\/canvas_logo_clk.png?fit=650%2C600\",\"contentUrl\":\"https:\\\/\\\/i2.wp.com\\\/www.christallk.com\\\/wp-content\\\/uploads\\\/2020\\\/05\\\/canvas_logo_clk.png?fit=650%2C600\",\"width\":650,\"height\":600,\"caption\":\"ChristalLK\"},\"image\":{\"@id\":\"https:\\\/\\\/www.christallk.com\\\/#\\\/schema\\\/logo\\\/image\\\/\"},\"sameAs\":[\"https:\\\/\\\/www.facebook.com\\\/ChristalLittleK\\\/\",\"https:\\\/\\\/www.instagram.com\\\/christallittlek\\\/\",\"https:\\\/\\\/www.pinterest.com\\\/christallk1637\\\/\",\"https:\\\/\\\/www.youtube.com\\\/channel\\\/UCk8kNDAInlkf2fCr6pU-_oA?view_as=subscriber\"]}]}<\/script>\n<!-- \/ Yoast SEO plugin. -->","yoast_head_json":{"title":"Paruma - ChristalLK","description":"Paruma est un grand ch\u00e2le facile commen\u00e7ant par un c\u00f4t\u00e9 pour reprendre ensuite les deux c\u00f4t\u00e9s pour finaliser le bord en point mousse textur\u00e9.","robots":{"index":"index","follow":"follow","max-snippet":"max-snippet:-1","max-image-preview":"max-image-preview:large","max-video-preview":"max-video-preview:-1"},"canonical":"https:\/\/www.christallk.com\/en\/product\/paruma\/","og_locale":"en_US","og_type":"article","og_title":"Paruma - ChristalLK","og_description":"Paruma est un grand ch\u00e2le facile commen\u00e7ant par un c\u00f4t\u00e9 pour reprendre ensuite les deux c\u00f4t\u00e9s pour finaliser le bord en point mousse textur\u00e9.","og_url":"https:\/\/www.christallk.com\/en\/product\/paruma\/","og_site_name":"ChristalLK","article_publisher":"https:\/\/www.facebook.com\/ChristalLittleK\/","article_modified_time":"2025-07-26T11:47:36+00:00","og_image":[{"width":720,"height":900,"url":"https:\/\/www.christallk.com\/wp-content\/uploads\/2021\/12\/IMG_8817-2.jpg","type":"image\/jpeg"}],"twitter_card":"summary_large_image","twitter_misc":{"Est. reading time":"1 minute"},"schema":{"@context":"https:\/\/schema.org","@graph":[{"@type":"WebPage","@id":"https:\/\/www.christallk.com\/product\/paruma\/","url":"https:\/\/www.christallk.com\/product\/paruma\/","name":"Paruma - ChristalLK","isPartOf":{"@id":"https:\/\/www.christallk.com\/#website"},"primaryImageOfPage":{"@id":"https:\/\/www.christallk.com\/product\/paruma\/#primaryimage"},"image":{"@id":"https:\/\/www.christallk.com\/product\/paruma\/#primaryimage"},"thumbnailUrl":"https:\/\/www.christallk.com\/wp-content\/uploads\/2021\/12\/IMG_8817-2.jpg","datePublished":"2021-12-01T10:03:52+00:00","dateModified":"2025-07-26T11:47:36+00:00","description":"Paruma est un grand ch\u00e2le facile commen\u00e7ant par un c\u00f4t\u00e9 pour reprendre ensuite les deux c\u00f4t\u00e9s pour finaliser le bord en point mousse textur\u00e9.","breadcrumb":{"@id":"https:\/\/www.christallk.com\/product\/paruma\/#breadcrumb"},"inLanguage":"en-US","potentialAction":[{"@type":"ReadAction","target":["https:\/\/www.christallk.com\/product\/paruma\/"]}]},{"@type":"ImageObject","inLanguage":"en-US","@id":"https:\/\/www.christallk.com\/product\/paruma\/#primaryimage","url":"https:\/\/www.christallk.com\/wp-content\/uploads\/2021\/12\/IMG_8817-2.jpg","contentUrl":"https:\/\/www.christallk.com\/wp-content\/uploads\/2021\/12\/IMG_8817-2.jpg","width":720,"height":900,"caption":"Paruma"},{"@type":"BreadcrumbList","@id":"https:\/\/www.christallk.com\/product\/paruma\/#breadcrumb","itemListElement":[{"@type":"ListItem","position":1,"name":"Home","item":"https:\/\/www.christallk.com\/"},{"@type":"ListItem","position":2,"name":"Boutique","item":"https:\/\/www.christallk.com\/language\/fr\/shop\/"},{"@type":"ListItem","position":3,"name":"Paruma"}]},{"@type":"WebSite","@id":"https:\/\/www.christallk.com\/#website","url":"https:\/\/www.christallk.com\/","name":"ChristalLK","description":"ChristalLK Website","publisher":{"@id":"https:\/\/www.christallk.com\/#organization"},"potentialAction":[{"@type":"SearchAction","target":{"@type":"EntryPoint","urlTemplate":"https:\/\/www.christallk.com\/?s={search_term_string}"},"query-input":{"@type":"PropertyValueSpecification","valueRequired":true,"valueName":"search_term_string"}}],"inLanguage":"en-US"},{"@type":"Organization","@id":"https:\/\/www.christallk.com\/#organization","name":"ChristalLK","url":"https:\/\/www.christallk.com\/","logo":{"@type":"ImageObject","inLanguage":"en-US","@id":"https:\/\/www.christallk.com\/#\/schema\/logo\/image\/","url":"https:\/\/i2.wp.com\/www.christallk.com\/wp-content\/uploads\/2020\/05\/canvas_logo_clk.png?fit=650%2C600","contentUrl":"https:\/\/i2.wp.com\/www.christallk.com\/wp-content\/uploads\/2020\/05\/canvas_logo_clk.png?fit=650%2C600","width":650,"height":600,"caption":"ChristalLK"},"image":{"@id":"https:\/\/www.christallk.com\/#\/schema\/logo\/image\/"},"sameAs":["https:\/\/www.facebook.com\/ChristalLittleK\/","https:\/\/www.instagram.com\/christallittlek\/","https:\/\/www.pinterest.com\/christallk1637\/","https:\/\/www.youtube.com\/channel\/UCk8kNDAInlkf2fCr6pU-_oA?view_as=subscriber"]}]}},"jetpack_publicize_connections":[],"jetpack_likes_enabled":true,"jetpack-related-posts":[{"id":4359,"url":"https:\/\/www.christallk.com\/en\/product\/rosalie\/","url_meta":{"origin":4452,"position":0},"title":"Rosalie","author":"Christelle","date":"November 16, 2021","format":false,"excerpt":"Rosalie is a large, easy stole that starts in the center with a mosaic stitch, alternating between garter stitch, mosaic stitch, and a textured dotted stitch. It comes in two versions: a large and a small. This pattern gives you complete freedom in choosing the color! Pattern\u2026","rel":"","context":"Similar post","block_context":{"text":"Similar post","link":""},"img":{"alt_text":"","src":"https:\/\/i0.wp.com\/www.christallk.com\/wp-content\/uploads\/2021\/11\/IMG_8850-2.jpg?resize=350%2C200&ssl=1","width":350,"height":200,"srcset":"https:\/\/i0.wp.com\/www.christallk.com\/wp-content\/uploads\/2021\/11\/IMG_8850-2.jpg?resize=350%2C200&ssl=1 1x, https:\/\/i0.wp.com\/www.christallk.com\/wp-content\/uploads\/2021\/11\/IMG_8850-2.jpg?resize=525%2C300&ssl=1 1.5x, https:\/\/i0.wp.com\/www.christallk.com\/wp-content\/uploads\/2021\/11\/IMG_8850-2.jpg?resize=700%2C400&ssl=1 2x"},"classes":[]},{"id":5879,"url":"https:\/\/www.christallk.com\/en\/product\/la-primavera\/","url_meta":{"origin":4452,"position":1},"title":"The Primavera","author":"Christelle","date":"July 4, 2023","format":false,"excerpt":"La Primavera is a jacquard shawl. Despite its apparent complexity, LA PRIMAVERA is accessible to any knitter who has already worked with jacquard in the round! Downloadable PDF pattern: once your order is confirmed, a download link is available on the order page. Remember to\u2026","rel":"","context":"Similar post","block_context":{"text":"Similar post","link":""},"img":{"alt_text":"","src":"https:\/\/i0.wp.com\/www.christallk.com\/wp-content\/uploads\/2023\/07\/DSC00033-2.jpg?resize=350%2C200&ssl=1","width":350,"height":200,"srcset":"https:\/\/i0.wp.com\/www.christallk.com\/wp-content\/uploads\/2023\/07\/DSC00033-2.jpg?resize=350%2C200&ssl=1 1x, https:\/\/i0.wp.com\/www.christallk.com\/wp-content\/uploads\/2023\/07\/DSC00033-2.jpg?resize=525%2C300&ssl=1 1.5x, https:\/\/i0.wp.com\/www.christallk.com\/wp-content\/uploads\/2023\/07\/DSC00033-2.jpg?resize=700%2C400&ssl=1 2x"},"classes":[]},{"id":5460,"url":"https:\/\/www.christallk.com\/en\/product\/lupin-shawl\/","url_meta":{"origin":4452,"position":2},"title":"Lupin Shawl","author":"Christelle","date":"March 14, 2023","format":false,"excerpt":"Lupin is a large, semi-circular shawl that begins with a small area of garter stitch. Leaves then spread throughout the shawl, eventually blooming into flowers at the bottom. Downloadable PDF pattern: once your order is confirmed, a download link is available on\u2026","rel":"","context":"Similar post","block_context":{"text":"Similar post","link":""},"img":{"alt_text":"","src":"https:\/\/i0.wp.com\/www.christallk.com\/wp-content\/uploads\/2023\/03\/IMG_9666.jpg?resize=350%2C200&ssl=1","width":350,"height":200,"srcset":"https:\/\/i0.wp.com\/www.christallk.com\/wp-content\/uploads\/2023\/03\/IMG_9666.jpg?resize=350%2C200&ssl=1 1x, https:\/\/i0.wp.com\/www.christallk.com\/wp-content\/uploads\/2023\/03\/IMG_9666.jpg?resize=525%2C300&ssl=1 1.5x, https:\/\/i0.wp.com\/www.christallk.com\/wp-content\/uploads\/2023\/03\/IMG_9666.jpg?resize=700%2C400&ssl=1 2x"},"classes":[]},{"id":3963,"url":"https:\/\/www.christallk.com\/en\/product\/flamel\/","url_meta":{"origin":4452,"position":3},"title":"FLAMEL","author":"Christelle","date":"June 23, 2021","format":false,"excerpt":"Flamel is a pretty shawl featuring textured stitches, ribbing, and a mosaic knit section. Downloadable PDF pattern: Once your order is confirmed, a download link is available on the order page. Remember to download it as the link is temporary. VAT is calculated\u2026","rel":"","context":"Similar post","block_context":{"text":"Similar post","link":""},"img":{"alt_text":"","src":"https:\/\/i0.wp.com\/www.christallk.com\/wp-content\/uploads\/2021\/06\/IMG_6617-2.jpg?resize=350%2C200&ssl=1","width":350,"height":200,"srcset":"https:\/\/i0.wp.com\/www.christallk.com\/wp-content\/uploads\/2021\/06\/IMG_6617-2.jpg?resize=350%2C200&ssl=1 1x, https:\/\/i0.wp.com\/www.christallk.com\/wp-content\/uploads\/2021\/06\/IMG_6617-2.jpg?resize=525%2C300&ssl=1 1.5x"},"classes":[]},{"id":6605,"url":"https:\/\/www.christallk.com\/en\/product\/solaris-shawl\/","url_meta":{"origin":4452,"position":4},"title":"Solaris Shawl","author":"Christelle","date":"July 5, 2024","format":false,"excerpt":"Solaris is a shawl made entirely of brioche and mosaic stitch. This very large shawl will wrap you up on cool summer evenings and will see you through winter! Downloadable PDF pattern: once your order is confirmed, a download link is available on the order page. Remember\u2026","rel":"","context":"Similar post","block_context":{"text":"Similar post","link":""},"img":{"alt_text":"","src":"https:\/\/i0.wp.com\/www.christallk.com\/wp-content\/uploads\/2024\/07\/solaris-shawl-25.jpg?resize=350%2C200&ssl=1","width":350,"height":200,"srcset":"https:\/\/i0.wp.com\/www.christallk.com\/wp-content\/uploads\/2024\/07\/solaris-shawl-25.jpg?resize=350%2C200&ssl=1 1x, https:\/\/i0.wp.com\/www.christallk.com\/wp-content\/uploads\/2024\/07\/solaris-shawl-25.jpg?resize=525%2C300&ssl=1 1.5x"},"classes":[]},{"id":6071,"url":"https:\/\/www.christallk.com\/en\/product\/la-brughiera\/","url_meta":{"origin":4452,"position":5},"title":"The Brughiera","author":"Christelle","date":"September 26, 2023","format":false,"excerpt":"The Brughiera is a garter stitch and mosaic stitch shawl. It&#039;s designed for serious beginners, as mosaic stitch allows you to work with patterns without having to manage thread tension. Downloadable PDF pattern: once your order is confirmed, a download link is available on...","rel":"","context":"Similar post","block_context":{"text":"Similar post","link":""},"img":{"alt_text":"","src":"https:\/\/i0.wp.com\/www.christallk.com\/wp-content\/uploads\/2023\/09\/IMG_9958.jpg?resize=350%2C200&ssl=1","width":350,"height":200,"srcset":"https:\/\/i0.wp.com\/www.christallk.com\/wp-content\/uploads\/2023\/09\/IMG_9958.jpg?resize=350%2C200&ssl=1 1x, https:\/\/i0.wp.com\/www.christallk.com\/wp-content\/uploads\/2023\/09\/IMG_9958.jpg?resize=525%2C300&ssl=1 1.5x, https:\/\/i0.wp.com\/www.christallk.com\/wp-content\/uploads\/2023\/09\/IMG_9958.jpg?resize=700%2C400&ssl=1 2x, https:\/\/i0.wp.com\/www.christallk.com\/wp-content\/uploads\/2023\/09\/IMG_9958.jpg?resize=1050%2C600&ssl=1 3x"},"classes":[]}],"jetpack_sharing_enabled":true,"_links":{"self":[{"href":"https:\/\/www.christallk.com\/en\/wp-json\/wp\/v2\/product\/4452","targetHints":{"allow":["GET"]}}],"collection":[{"href":"https:\/\/www.christallk.com\/en\/wp-json\/wp\/v2\/product"}],"about":[{"href":"https:\/\/www.christallk.com\/en\/wp-json\/wp\/v2\/types\/product"}],"replies":[{"embeddable":true,"href":"https:\/\/www.christallk.com\/en\/wp-json\/wp\/v2\/comments?post=4452"}],"wp:featuredmedia":[{"embeddable":true,"href":"https:\/\/www.christallk.com\/en\/wp-json\/wp\/v2\/media\/4457"}],"wp:attachment":[{"href":"https:\/\/www.christallk.com\/en\/wp-json\/wp\/v2\/media?parent=4452"}],"wp:term":[{"taxonomy":"product_brand","embeddable":true,"href":"https:\/\/www.christallk.com\/en\/wp-json\/wp\/v2\/product_brand?post=4452"},{"taxonomy":"product_cat","embeddable":true,"href":"https:\/\/www.christallk.com\/en\/wp-json\/wp\/v2\/product_cat?post=4452"},{"taxonomy":"product_tag","embeddable":true,"href":"https:\/\/www.christallk.com\/en\/wp-json\/wp\/v2\/product_tag?post=4452"}],"curies":[{"name":"wp","href":"https:\/\/api.w.org\/{rel}","templated":true}]}}