{"id":4526,"date":"2022-02-11T15:39:49","date_gmt":"2022-02-11T14:39:49","guid":{"rendered":"https:\/\/www.christallk.com\/?post_type=product&#038;p=4526"},"modified":"2025-07-26T13:31:38","modified_gmt":"2025-07-26T11:31:38","slug":"fleur-bleue","status":"publish","type":"product","link":"https:\/\/www.christallk.com\/en\/product\/fleur-bleue\/","title":{"rendered":"Fleur Bleue"},"content":{"rendered":"<p><strong>Fleur Bleue<\/strong> est un joli petit cardigan printanier pour les petites filles qui voudraient \u00eatre aussi \u00e9l\u00e9gantes que leurs parents.<\/p>\n<h3>Laine<\/h3>\n<p>Des kits pour tricoter Fleur Bleue se trouvent ici : Fleur Bleue Kits<\/p>\n<h3>Echantillon<\/h3>\n<p>25 m. \/ 38\u00a0 rgs en jersey en rond<\/p>\n<h3>Mat\u00e9riel<\/h3>\n<p>1 aig. circ. 3,5 mm de 100 cm de long<br \/>\n5 aig. doubles pointes 3,5 mm pour les petites circonf\u00e9rences (manches)<br \/>\n5 aig. doubles pointes 3,75 mm pour le rabat en I-cord (optionnel)<\/p>\n<h3>Mesures finales<\/h3>\n<p>55 [60 ; 63,5][68 ; 71,5 ; 74,5] cm<\/p>\n<h3>Construction<\/h3>\n<p>Ce petit cardigan est tricot\u00e9 en une seule pi\u00e8ce de bas en haut avec la m\u00e9thode contiguous.<br \/>\nCe cardigan se porte avec une aisance n\u00e9gative. Si vous d\u00e9sirez qu\u2019il soit port\u00e9 avec un pull ou un tee shirt manches longues plus \u00e9pais, il sera n\u00e9cessaire de prendre la taille au-dessus.<br \/>\nCe v\u00eatement a \u00e9t\u00e9 r\u00e9alis\u00e9 avec la m\u00e9thode Contiguous d\u00e9velopp\u00e9e par Susie Myers, SusieM sur Ravelry.<\/p>\n<h3>Niveau<\/h3>\n<p>2\/5<\/p>\n<h3>Techniques utilis\u00e9es<\/h3>\n<ul>\n<li><a href=\"https:\/\/www.christallk.com\/fr-be\/monter-des-mailles-en-cours-tricot\/\">Montage des mailles en cours de tricot<\/a><\/li>\n<li><a href=\"https:\/\/youtu.be\/kFVxDTU-IIM\">Rabat en I Cord<\/a><\/li>\n<\/ul>\n<div id=\"malwarebytes-root\"><\/div>\n<div id=\"ConnectiveDocSignExtentionInstalled\" data-extension-version=\"1.0.4\"><\/div>\n","protected":false},"excerpt":{"rendered":"<p><strong>Fleur Bleue<\/strong> is a cute little spring cardigan for little girls who want to be as stylish as their parents.<\/p>\n<p>Downloadable <strong>pdf pattern<\/strong> : once the order is validated, a download link is available on the order page. <strong>Remember to download it because the link is temporary.<\/strong><\/p>\n<p><em>VAT is calculated when the shopping cart is validated.<\/em><\/p>\n<div id=\"ConnectiveDocSignExtentionInstalled\" data-extension-version=\"1.0.4\"><\/div>","protected":false},"featured_media":4527,"comment_status":"closed","ping_status":"closed","template":"","meta":{"jetpack_publicize_message":"","jetpack_publicize_feature_enabled":true,"jetpack_social_post_already_shared":false,"jetpack_social_options":{"image_generator_settings":{"template":"highway","default_image_id":0,"font":"","enabled":false},"version":2}},"product_brand":[],"product_cat":[318,308,320],"product_tag":[],"class_list":{"0":"post-4526","1":"product","2":"type-product","3":"status-publish","4":"has-post-thumbnail","6":"product_cat-patrons-en-francais","7":"product_cat-patterns-modeles","8":"product_cat-pulls","11":"first","12":"instock","13":"taxable","14":"shipping-taxable","15":"purchasable","16":"product-type-variable"},"yoast_head":"<!-- This site is optimized with the Yoast SEO plugin v27.5 - https:\/\/yoast.com\/product\/yoast-seo-wordpress\/ -->\n<title>Fleur Bleue - ChristalLK<\/title>\n<meta name=\"description\" content=\"Fleur Bleue est un joli petit cardigan printanier pour les petites filles qui voudraient \u00eatre aussi \u00e9l\u00e9gantes que leurs parents.\" \/>\n<meta name=\"robots\" content=\"index, follow, max-snippet:-1, max-image-preview:large, max-video-preview:-1\" \/>\n<link rel=\"canonical\" href=\"https:\/\/www.christallk.com\/en\/product\/fleur-bleue\/\" \/>\n<meta property=\"og:locale\" content=\"en_US\" \/>\n<meta property=\"og:type\" content=\"article\" \/>\n<meta property=\"og:title\" content=\"Fleur Bleue - ChristalLK\" \/>\n<meta property=\"og:description\" content=\"Fleur Bleue est un joli petit cardigan printanier pour les petites filles qui voudraient \u00eatre aussi \u00e9l\u00e9gantes que leurs parents.\" \/>\n<meta property=\"og:url\" content=\"https:\/\/www.christallk.com\/en\/product\/fleur-bleue\/\" \/>\n<meta property=\"og:site_name\" content=\"ChristalLK\" \/>\n<meta property=\"article:publisher\" content=\"https:\/\/www.facebook.com\/ChristalLittleK\/\" \/>\n<meta property=\"article:modified_time\" content=\"2025-07-26T11:31:38+00:00\" \/>\n<meta property=\"og:image\" content=\"https:\/\/www.christallk.com\/wp-content\/uploads\/2022\/02\/IMG_8934-5-1-scaled.jpg\" \/>\n\t<meta property=\"og:image:width\" content=\"2048\" \/>\n\t<meta property=\"og:image:height\" content=\"2560\" \/>\n\t<meta property=\"og:image:type\" content=\"image\/jpeg\" \/>\n<meta name=\"twitter:card\" content=\"summary_large_image\" \/>\n<meta name=\"twitter:label1\" content=\"Est. reading time\" \/>\n\t<meta name=\"twitter:data1\" content=\"2 minutes\" \/>\n<script type=\"application\/ld+json\" class=\"yoast-schema-graph\">{\"@context\":\"https:\\\/\\\/schema.org\",\"@graph\":[{\"@type\":\"WebPage\",\"@id\":\"https:\\\/\\\/www.christallk.com\\\/product\\\/fleur-bleue\\\/\",\"url\":\"https:\\\/\\\/www.christallk.com\\\/product\\\/fleur-bleue\\\/\",\"name\":\"Fleur Bleue - ChristalLK\",\"isPartOf\":{\"@id\":\"https:\\\/\\\/www.christallk.com\\\/#website\"},\"primaryImageOfPage\":{\"@id\":\"https:\\\/\\\/www.christallk.com\\\/product\\\/fleur-bleue\\\/#primaryimage\"},\"image\":{\"@id\":\"https:\\\/\\\/www.christallk.com\\\/product\\\/fleur-bleue\\\/#primaryimage\"},\"thumbnailUrl\":\"https:\\\/\\\/www.christallk.com\\\/wp-content\\\/uploads\\\/2022\\\/02\\\/IMG_8934-5-1-scaled.jpg\",\"datePublished\":\"2022-02-11T14:39:49+00:00\",\"dateModified\":\"2025-07-26T11:31:38+00:00\",\"description\":\"Fleur Bleue est un joli petit cardigan printanier pour les petites filles qui voudraient \u00eatre aussi \u00e9l\u00e9gantes que leurs parents.\",\"breadcrumb\":{\"@id\":\"https:\\\/\\\/www.christallk.com\\\/product\\\/fleur-bleue\\\/#breadcrumb\"},\"inLanguage\":\"en-US\",\"potentialAction\":[{\"@type\":\"ReadAction\",\"target\":[\"https:\\\/\\\/www.christallk.com\\\/product\\\/fleur-bleue\\\/\"]}]},{\"@type\":\"ImageObject\",\"inLanguage\":\"en-US\",\"@id\":\"https:\\\/\\\/www.christallk.com\\\/product\\\/fleur-bleue\\\/#primaryimage\",\"url\":\"https:\\\/\\\/www.christallk.com\\\/wp-content\\\/uploads\\\/2022\\\/02\\\/IMG_8934-5-1-scaled.jpg\",\"contentUrl\":\"https:\\\/\\\/www.christallk.com\\\/wp-content\\\/uploads\\\/2022\\\/02\\\/IMG_8934-5-1-scaled.jpg\",\"width\":2048,\"height\":2560},{\"@type\":\"BreadcrumbList\",\"@id\":\"https:\\\/\\\/www.christallk.com\\\/product\\\/fleur-bleue\\\/#breadcrumb\",\"itemListElement\":[{\"@type\":\"ListItem\",\"position\":1,\"name\":\"Home\",\"item\":\"https:\\\/\\\/www.christallk.com\\\/\"},{\"@type\":\"ListItem\",\"position\":2,\"name\":\"Boutique\",\"item\":\"https:\\\/\\\/www.christallk.com\\\/language\\\/fr\\\/shop\\\/\"},{\"@type\":\"ListItem\",\"position\":3,\"name\":\"Fleur Bleue\"}]},{\"@type\":\"WebSite\",\"@id\":\"https:\\\/\\\/www.christallk.com\\\/#website\",\"url\":\"https:\\\/\\\/www.christallk.com\\\/\",\"name\":\"ChristalLK\",\"description\":\"ChristalLK Website\",\"publisher\":{\"@id\":\"https:\\\/\\\/www.christallk.com\\\/#organization\"},\"potentialAction\":[{\"@type\":\"SearchAction\",\"target\":{\"@type\":\"EntryPoint\",\"urlTemplate\":\"https:\\\/\\\/www.christallk.com\\\/?s={search_term_string}\"},\"query-input\":{\"@type\":\"PropertyValueSpecification\",\"valueRequired\":true,\"valueName\":\"search_term_string\"}}],\"inLanguage\":\"en-US\"},{\"@type\":\"Organization\",\"@id\":\"https:\\\/\\\/www.christallk.com\\\/#organization\",\"name\":\"ChristalLK\",\"url\":\"https:\\\/\\\/www.christallk.com\\\/\",\"logo\":{\"@type\":\"ImageObject\",\"inLanguage\":\"en-US\",\"@id\":\"https:\\\/\\\/www.christallk.com\\\/#\\\/schema\\\/logo\\\/image\\\/\",\"url\":\"https:\\\/\\\/i2.wp.com\\\/www.christallk.com\\\/wp-content\\\/uploads\\\/2020\\\/05\\\/canvas_logo_clk.png?fit=650%2C600\",\"contentUrl\":\"https:\\\/\\\/i2.wp.com\\\/www.christallk.com\\\/wp-content\\\/uploads\\\/2020\\\/05\\\/canvas_logo_clk.png?fit=650%2C600\",\"width\":650,\"height\":600,\"caption\":\"ChristalLK\"},\"image\":{\"@id\":\"https:\\\/\\\/www.christallk.com\\\/#\\\/schema\\\/logo\\\/image\\\/\"},\"sameAs\":[\"https:\\\/\\\/www.facebook.com\\\/ChristalLittleK\\\/\",\"https:\\\/\\\/www.instagram.com\\\/christallittlek\\\/\",\"https:\\\/\\\/www.pinterest.com\\\/christallk1637\\\/\",\"https:\\\/\\\/www.youtube.com\\\/channel\\\/UCk8kNDAInlkf2fCr6pU-_oA?view_as=subscriber\"]}]}<\/script>\n<!-- \/ Yoast SEO plugin. -->","yoast_head_json":{"title":"Fleur Bleue - ChristalLK","description":"Fleur Bleue est un joli petit cardigan printanier pour les petites filles qui voudraient \u00eatre aussi \u00e9l\u00e9gantes que leurs parents.","robots":{"index":"index","follow":"follow","max-snippet":"max-snippet:-1","max-image-preview":"max-image-preview:large","max-video-preview":"max-video-preview:-1"},"canonical":"https:\/\/www.christallk.com\/en\/product\/fleur-bleue\/","og_locale":"en_US","og_type":"article","og_title":"Fleur Bleue - ChristalLK","og_description":"Fleur Bleue est un joli petit cardigan printanier pour les petites filles qui voudraient \u00eatre aussi \u00e9l\u00e9gantes que leurs parents.","og_url":"https:\/\/www.christallk.com\/en\/product\/fleur-bleue\/","og_site_name":"ChristalLK","article_publisher":"https:\/\/www.facebook.com\/ChristalLittleK\/","article_modified_time":"2025-07-26T11:31:38+00:00","og_image":[{"width":2048,"height":2560,"url":"https:\/\/www.christallk.com\/wp-content\/uploads\/2022\/02\/IMG_8934-5-1-scaled.jpg","type":"image\/jpeg"}],"twitter_card":"summary_large_image","twitter_misc":{"Est. reading time":"2 minutes"},"schema":{"@context":"https:\/\/schema.org","@graph":[{"@type":"WebPage","@id":"https:\/\/www.christallk.com\/product\/fleur-bleue\/","url":"https:\/\/www.christallk.com\/product\/fleur-bleue\/","name":"Fleur Bleue - ChristalLK","isPartOf":{"@id":"https:\/\/www.christallk.com\/#website"},"primaryImageOfPage":{"@id":"https:\/\/www.christallk.com\/product\/fleur-bleue\/#primaryimage"},"image":{"@id":"https:\/\/www.christallk.com\/product\/fleur-bleue\/#primaryimage"},"thumbnailUrl":"https:\/\/www.christallk.com\/wp-content\/uploads\/2022\/02\/IMG_8934-5-1-scaled.jpg","datePublished":"2022-02-11T14:39:49+00:00","dateModified":"2025-07-26T11:31:38+00:00","description":"Fleur Bleue est un joli petit cardigan printanier pour les petites filles qui voudraient \u00eatre aussi \u00e9l\u00e9gantes que leurs parents.","breadcrumb":{"@id":"https:\/\/www.christallk.com\/product\/fleur-bleue\/#breadcrumb"},"inLanguage":"en-US","potentialAction":[{"@type":"ReadAction","target":["https:\/\/www.christallk.com\/product\/fleur-bleue\/"]}]},{"@type":"ImageObject","inLanguage":"en-US","@id":"https:\/\/www.christallk.com\/product\/fleur-bleue\/#primaryimage","url":"https:\/\/www.christallk.com\/wp-content\/uploads\/2022\/02\/IMG_8934-5-1-scaled.jpg","contentUrl":"https:\/\/www.christallk.com\/wp-content\/uploads\/2022\/02\/IMG_8934-5-1-scaled.jpg","width":2048,"height":2560},{"@type":"BreadcrumbList","@id":"https:\/\/www.christallk.com\/product\/fleur-bleue\/#breadcrumb","itemListElement":[{"@type":"ListItem","position":1,"name":"Home","item":"https:\/\/www.christallk.com\/"},{"@type":"ListItem","position":2,"name":"Boutique","item":"https:\/\/www.christallk.com\/language\/fr\/shop\/"},{"@type":"ListItem","position":3,"name":"Fleur Bleue"}]},{"@type":"WebSite","@id":"https:\/\/www.christallk.com\/#website","url":"https:\/\/www.christallk.com\/","name":"ChristalLK","description":"ChristalLK Website","publisher":{"@id":"https:\/\/www.christallk.com\/#organization"},"potentialAction":[{"@type":"SearchAction","target":{"@type":"EntryPoint","urlTemplate":"https:\/\/www.christallk.com\/?s={search_term_string}"},"query-input":{"@type":"PropertyValueSpecification","valueRequired":true,"valueName":"search_term_string"}}],"inLanguage":"en-US"},{"@type":"Organization","@id":"https:\/\/www.christallk.com\/#organization","name":"ChristalLK","url":"https:\/\/www.christallk.com\/","logo":{"@type":"ImageObject","inLanguage":"en-US","@id":"https:\/\/www.christallk.com\/#\/schema\/logo\/image\/","url":"https:\/\/i2.wp.com\/www.christallk.com\/wp-content\/uploads\/2020\/05\/canvas_logo_clk.png?fit=650%2C600","contentUrl":"https:\/\/i2.wp.com\/www.christallk.com\/wp-content\/uploads\/2020\/05\/canvas_logo_clk.png?fit=650%2C600","width":650,"height":600,"caption":"ChristalLK"},"image":{"@id":"https:\/\/www.christallk.com\/#\/schema\/logo\/image\/"},"sameAs":["https:\/\/www.facebook.com\/ChristalLittleK\/","https:\/\/www.instagram.com\/christallittlek\/","https:\/\/www.pinterest.com\/christallk1637\/","https:\/\/www.youtube.com\/channel\/UCk8kNDAInlkf2fCr6pU-_oA?view_as=subscriber"]}]}},"jetpack_publicize_connections":[],"jetpack_likes_enabled":true,"jetpack-related-posts":[{"id":6462,"url":"https:\/\/www.christallk.com\/en\/product\/husband-cardigan\/","url_meta":{"origin":4526,"position":0},"title":"Husband Cardigan","author":"Christelle","date":"April 9, 2024","format":false,"excerpt":"The Husband Cardigan is a shawl collar cardigan that combines classic techniques with originality, giving a wardrobe character and a touch of modernity. Downloadable PDF pattern: once the order is validated, a download link is available on the order page. Remember to download it because\u2026","rel":"","context":"Similar post","block_context":{"text":"Similar post","link":""},"img":{"alt_text":"","src":"https:\/\/i0.wp.com\/www.christallk.com\/wp-content\/uploads\/2024\/04\/IMG_0311.jpg?resize=350%2C200&ssl=1","width":350,"height":200,"srcset":"https:\/\/i0.wp.com\/www.christallk.com\/wp-content\/uploads\/2024\/04\/IMG_0311.jpg?resize=350%2C200&ssl=1 1x, https:\/\/i0.wp.com\/www.christallk.com\/wp-content\/uploads\/2024\/04\/IMG_0311.jpg?resize=525%2C300&ssl=1 1.5x, https:\/\/i0.wp.com\/www.christallk.com\/wp-content\/uploads\/2024\/04\/IMG_0311.jpg?resize=700%2C400&ssl=1 2x, https:\/\/i0.wp.com\/www.christallk.com\/wp-content\/uploads\/2024\/04\/IMG_0311.jpg?resize=1050%2C600&ssl=1 3x"},"classes":[]},{"id":3871,"url":"https:\/\/www.christallk.com\/en\/product\/bloom-time-sweater\/","url_meta":{"origin":4526,"position":1},"title":"BLOOM TIME SWEATER","author":"Christelle","date":"June 9, 2021","format":false,"excerpt":"Bloom Time Sweater is a circular yoke sweater with a pattern that represents spring with budding flowers. Downloadable PDF pattern: Once your order is confirmed, a download link is available on the order page. Remember to download it as the link is temporary.","rel":"","context":"Similar post","block_context":{"text":"Similar post","link":""},"img":{"alt_text":"Bloom Time Sweater","src":"https:\/\/i0.wp.com\/www.christallk.com\/wp-content\/uploads\/2021\/06\/upload_medium2.jpeg?resize=350%2C200&ssl=1","width":350,"height":200},"classes":[]},{"id":3672,"url":"https:\/\/www.christallk.com\/en\/product\/bobbles\/","url_meta":{"origin":4526,"position":2},"title":"BOBBLES","author":"Christelle","date":"May 22, 2021","format":false,"excerpt":"Bobbles is a colorful sweater with a circular yoke decorated with bobbles that aren&#039;t really bobbles. With this pattern, you can play with colors to make this sweater completely personalized to your tastes. The story of Bobbles can be found on my blog. Downloadable PDF pattern: a\u2026","rel":"","context":"Similar post","block_context":{"text":"Similar post","link":""},"img":{"alt_text":"","src":"https:\/\/i0.wp.com\/www.christallk.com\/wp-content\/uploads\/2020\/12\/IMG_7931-2.jpg?resize=350%2C200&ssl=1","width":350,"height":200,"srcset":"https:\/\/i0.wp.com\/www.christallk.com\/wp-content\/uploads\/2020\/12\/IMG_7931-2.jpg?resize=350%2C200&ssl=1 1x, https:\/\/i0.wp.com\/www.christallk.com\/wp-content\/uploads\/2020\/12\/IMG_7931-2.jpg?resize=525%2C300&ssl=1 1.5x"},"classes":[]},{"id":3666,"url":"https:\/\/www.christallk.com\/en\/product\/angelina-sweater\/","url_meta":{"origin":4526,"position":3},"title":"ANGELINA SWEATER","author":"Christelle","date":"May 22, 2021","format":false,"excerpt":"Angelina Sweater is an all-lace sweater with a circular yoke. It&#039;s surprisingly simple and perfect for beginners who aren&#039;t afraid of anything. Angelina&#039;s story can be found on my blog. Downloadable PDF pattern: once your order is confirmed, a download link is\u2026","rel":"","context":"Similar post","block_context":{"text":"Similar post","link":""},"img":{"alt_text":"Angelina Sweater","src":"https:\/\/i0.wp.com\/www.christallk.com\/wp-content\/uploads\/2021\/01\/IMG_8030-2.jpg?resize=350%2C200&ssl=1","width":350,"height":200,"srcset":"https:\/\/i0.wp.com\/www.christallk.com\/wp-content\/uploads\/2021\/01\/IMG_8030-2.jpg?resize=350%2C200&ssl=1 1x, https:\/\/i0.wp.com\/www.christallk.com\/wp-content\/uploads\/2021\/01\/IMG_8030-2.jpg?resize=525%2C300&ssl=1 1.5x"},"classes":[]},{"id":8165,"url":"https:\/\/www.christallk.com\/en\/product\/joshan-sweater\/","url_meta":{"origin":4526,"position":4},"title":"Joshan Sweater","author":"Christelle","date":"September 25, 2025","format":false,"excerpt":"Le pull Joshan est la pi\u00e8ce ma\u00eetresse de la collection \u00c9chos des Steppes. Inspir\u00e9 des armures mongoles dont il porte le nom, ce mod\u00e8le masculin allie force et raffinement. Con\u00e7u en chameau, il met en valeur la richesse des couleurs naturelles des toisons, sans teinture, pour un rendu authentique et\u2026","rel":"","context":"Similar post","block_context":{"text":"Similar post","link":""},"img":{"alt_text":"","src":"https:\/\/i0.wp.com\/www.christallk.com\/wp-content\/uploads\/2025\/09\/joshansweater-12.jpg?resize=350%2C200&ssl=1","width":350,"height":200,"srcset":"https:\/\/i0.wp.com\/www.christallk.com\/wp-content\/uploads\/2025\/09\/joshansweater-12.jpg?resize=350%2C200&ssl=1 1x, https:\/\/i0.wp.com\/www.christallk.com\/wp-content\/uploads\/2025\/09\/joshansweater-12.jpg?resize=525%2C300&ssl=1 1.5x, https:\/\/i0.wp.com\/www.christallk.com\/wp-content\/uploads\/2025\/09\/joshansweater-12.jpg?resize=700%2C400&ssl=1 2x, https:\/\/i0.wp.com\/www.christallk.com\/wp-content\/uploads\/2025\/09\/joshansweater-12.jpg?resize=1050%2C600&ssl=1 3x, https:\/\/i0.wp.com\/www.christallk.com\/wp-content\/uploads\/2025\/09\/joshansweater-12.jpg?resize=1400%2C800&ssl=1 4x"},"classes":[]},{"id":6777,"url":"https:\/\/www.christallk.com\/en\/product\/albi-sweater\/","url_meta":{"origin":4526,"position":5},"title":"Albi Sweater","author":"Christelle","date":"September 27, 2024","format":false,"excerpt":"Albi Sweater is a top-to-bottom sweater with set-in sleeves. This top will be your perfect companion for the in-between seasons, spring or fall. Downloadable PDF pattern: Once your order is confirmed, a download link is available on the order page. Remember to download it...","rel":"","context":"Similar post","block_context":{"text":"Similar post","link":""},"img":{"alt_text":"","src":"https:\/\/i0.wp.com\/www.christallk.com\/wp-content\/uploads\/2024\/09\/albi-sweater-13.jpg?resize=350%2C200&ssl=1","width":350,"height":200,"srcset":"https:\/\/i0.wp.com\/www.christallk.com\/wp-content\/uploads\/2024\/09\/albi-sweater-13.jpg?resize=350%2C200&ssl=1 1x, https:\/\/i0.wp.com\/www.christallk.com\/wp-content\/uploads\/2024\/09\/albi-sweater-13.jpg?resize=525%2C300&ssl=1 1.5x"},"classes":[]}],"jetpack_sharing_enabled":true,"_links":{"self":[{"href":"https:\/\/www.christallk.com\/en\/wp-json\/wp\/v2\/product\/4526","targetHints":{"allow":["GET"]}}],"collection":[{"href":"https:\/\/www.christallk.com\/en\/wp-json\/wp\/v2\/product"}],"about":[{"href":"https:\/\/www.christallk.com\/en\/wp-json\/wp\/v2\/types\/product"}],"replies":[{"embeddable":true,"href":"https:\/\/www.christallk.com\/en\/wp-json\/wp\/v2\/comments?post=4526"}],"wp:featuredmedia":[{"embeddable":true,"href":"https:\/\/www.christallk.com\/en\/wp-json\/wp\/v2\/media\/4527"}],"wp:attachment":[{"href":"https:\/\/www.christallk.com\/en\/wp-json\/wp\/v2\/media?parent=4526"}],"wp:term":[{"taxonomy":"product_brand","embeddable":true,"href":"https:\/\/www.christallk.com\/en\/wp-json\/wp\/v2\/product_brand?post=4526"},{"taxonomy":"product_cat","embeddable":true,"href":"https:\/\/www.christallk.com\/en\/wp-json\/wp\/v2\/product_cat?post=4526"},{"taxonomy":"product_tag","embeddable":true,"href":"https:\/\/www.christallk.com\/en\/wp-json\/wp\/v2\/product_tag?post=4526"}],"curies":[{"name":"wp","href":"https:\/\/api.w.org\/{rel}","templated":true}]}}