{"id":4626,"date":"2022-04-17T12:42:48","date_gmt":"2022-04-17T10:42:48","guid":{"rendered":"https:\/\/www.christallk.com\/?post_type=product&#038;p=4626"},"modified":"2025-07-26T13:18:05","modified_gmt":"2025-07-26T11:18:05","slug":"pullpy-socks","status":"publish","type":"product","link":"https:\/\/www.christallk.com\/en\/product\/pullpy-socks\/","title":{"rendered":"Pullpy Socks"},"content":{"rendered":"<p><strong>Pullpy Socks<\/strong> are toe up socks. They also revisit the concept of socks by giving them an original touch with the contrasting heels and stranded colorwork stripes on the leg.<\/p>\n<p>They are part of the Pym &amp; Pullpy collection that you will find <a href=\"https:\/\/www.christallk.com\/en\/product\/pym-pullpy-collection\/\">here.<\/a><\/p>\n<h3>Yarn<\/h3>\n<p>You need sock yarn to knit these socks.<\/p>\n<p>I used Malabrigo Yarn Sock to make the first prototypes and my sample knitter used WYS Signature (75 % wool including 35% BFL, 25% nylon) 400 m \/ 100 g in three colors<br \/>\nCC1: Nutmeg color approximately 52 (56, 61)(69, 78) m<br \/>\nCC2: Blueberry Bonbon color approximately 90 (105, 120)(165, 255) m<br \/>\nCC3: Milk Bottle color approximately 100 (115, 130)(175, 235) m<\/p>\n<h3>Gauge<\/h3>\n<p>30m. \/ 40 rounds in stockinette stitch in the round<\/p>\n<h3>Notions<\/h3>\n<p>1 short 2.5 mm circ. needle, 30 cm long or 5 double-pointed needles, 2.5 mm<br \/>\n1 short circ. needle 2.75 mm, 30 cm long or 5 double-pointed needles 2.75 mm<br \/>\nA third needle of the same caliber for grafting<br \/>\n1 tapestry needle<br \/>\n4 markers<br \/>\nscrap yarn for the heel<\/p>\n<h3><strong>Sizes<\/strong><\/h3>\n<p>XS: 35-37, S: 38-40, M: 41-43, L: 44-46, XL: 46-48<\/p>\n<h3>Construction<\/h3>\n<p>The socks in this collection are all toe up constructed.<br \/>\nThe heel is added later once the leg is finished (afterthought heel).<br \/>\nTo best choose your sock, select according to the circumference of the sole of your foot.<br \/>\nThe length of the foot is totally adaptable.<br \/>\nSocks are worn with a negative ease of 1.5 to 2.5 cm.<\/p>\n<h3>Level<\/h3>\n<p>3\/5<\/p>\n<h3>Used techniques<\/h3>\n<ul>\n<li><a href=\"https:\/\/youtu.be\/g-aj9yaHzlI\">Turkish CO<\/a><\/li>\n<li><a href=\"https:\/\/www.christallk.com\/en\/lori-s-twisty-bind-off-how-to\/\">Lori&#039;s Twisty Bind-Off<\/a><\/li>\n<li>Jogless Stripes<\/li>\n<li><a href=\"https:\/\/youtu.be\/qu6hawkg8Qo\">Duplicate Stitch<\/a><\/li>\n<li><a href=\"https:\/\/youtu.be\/yAObPL1Fs00\">Three-needle grafting<\/a><\/li>\n<\/ul>\n<p>&nbsp;<\/p>\n<div id=\"ConnectiveDocSignExtentionInstalled\" data-extension-version=\"1.0.4\"><\/div>","protected":false},"excerpt":{"rendered":"<p><strong>Pullpy Socks<\/strong> are toe up socks. They also revisit the concept of socks by giving them an original touch with the contrasting heels and stranded colorwork stripes on the leg.<\/p>\n<p>To know the story of Pym &amp; Pullpy (in French) <a href=\"https:\/\/www.christallk.com\/en\/fr-be\/pym-pullpy-collection-episode-1\/\">It&#039;s here.<\/a><\/p>\n<p>If you want to know more about Pum &amp; Pullpy story, click<a href=\"https:\/\/www.christallk.com\/en\/pym-pullpy-collection-english-episode-1\/\"> here.<\/a><\/p>\n<p><strong>Downloadable PDF pattern: Once your order is confirmed, a download link is available on the order page. Remember to download it, as the link is temporary.<\/strong><\/p>\n<p><em>VAT is calculated when the shopping cart is validated.<\/em><\/p>\n<p>&nbsp;<\/p>\n<p>&nbsp;<\/p>\n<div id=\"ConnectiveDocSignExtentionInstalled\" data-extension-version=\"1.0.4\"><\/div>","protected":false},"featured_media":4623,"comment_status":"closed","ping_status":"closed","template":"","meta":{"jetpack_publicize_message":"","jetpack_publicize_feature_enabled":true,"jetpack_social_post_already_shared":false,"jetpack_social_options":{"image_generator_settings":{"template":"highway","default_image_id":0,"font":"","enabled":false},"version":2}},"product_brand":[],"product_cat":[322,319,308],"product_tag":[],"class_list":{"0":"post-4626","1":"product","2":"type-product","3":"status-publish","4":"has-post-thumbnail","6":"product_cat-accessories","7":"product_cat-english-pattern","8":"product_cat-patterns-modeles","11":"first","12":"instock","13":"taxable","14":"shipping-taxable","15":"purchasable","16":"product-type-variable"},"yoast_head":"<!-- This site is optimized with the Yoast SEO plugin v27.5 - https:\/\/yoast.com\/product\/yoast-seo-wordpress\/ -->\n<title>Pullpy Socks - ChristalLK<\/title>\n<meta name=\"description\" content=\"Pullpy Socks sont des chaussettes tricot\u00e9es de la pointe au bord c\u00f4tes avec un talon contrastant et un jacquard original.\" \/>\n<meta name=\"robots\" content=\"index, follow, max-snippet:-1, max-image-preview:large, max-video-preview:-1\" \/>\n<link rel=\"canonical\" href=\"https:\/\/www.christallk.com\/en\/product\/pullpy-socks\/\" \/>\n<meta property=\"og:locale\" content=\"en_US\" \/>\n<meta property=\"og:type\" content=\"article\" \/>\n<meta property=\"og:title\" content=\"Pullpy Socks - ChristalLK\" \/>\n<meta property=\"og:description\" content=\"Pullpy Socks sont des chaussettes tricot\u00e9es de la pointe au bord c\u00f4tes avec un talon contrastant et un jacquard original.\" \/>\n<meta property=\"og:url\" content=\"https:\/\/www.christallk.com\/en\/product\/pullpy-socks\/\" \/>\n<meta property=\"og:site_name\" content=\"ChristalLK\" \/>\n<meta property=\"article:publisher\" content=\"https:\/\/www.facebook.com\/ChristalLittleK\/\" \/>\n<meta property=\"article:modified_time\" content=\"2025-07-26T11:18:05+00:00\" \/>\n<meta property=\"og:image\" content=\"https:\/\/www.christallk.com\/wp-content\/uploads\/2022\/04\/IMG_9159.jpg\" \/>\n\t<meta property=\"og:image:width\" content=\"819\" \/>\n\t<meta property=\"og:image:height\" content=\"1024\" \/>\n\t<meta property=\"og:image:type\" content=\"image\/jpeg\" \/>\n<meta name=\"twitter:card\" content=\"summary_large_image\" \/>\n<meta name=\"twitter:label1\" content=\"Est. reading time\" \/>\n\t<meta name=\"twitter:data1\" content=\"2 minutes\" \/>\n<script type=\"application\/ld+json\" class=\"yoast-schema-graph\">{\"@context\":\"https:\\\/\\\/schema.org\",\"@graph\":[{\"@type\":\"WebPage\",\"@id\":\"https:\\\/\\\/www.christallk.com\\\/product\\\/pullpy-socks\\\/\",\"url\":\"https:\\\/\\\/www.christallk.com\\\/product\\\/pullpy-socks\\\/\",\"name\":\"Pullpy Socks - ChristalLK\",\"isPartOf\":{\"@id\":\"https:\\\/\\\/www.christallk.com\\\/#website\"},\"primaryImageOfPage\":{\"@id\":\"https:\\\/\\\/www.christallk.com\\\/product\\\/pullpy-socks\\\/#primaryimage\"},\"image\":{\"@id\":\"https:\\\/\\\/www.christallk.com\\\/product\\\/pullpy-socks\\\/#primaryimage\"},\"thumbnailUrl\":\"https:\\\/\\\/www.christallk.com\\\/wp-content\\\/uploads\\\/2022\\\/04\\\/IMG_9159.jpg\",\"datePublished\":\"2022-04-17T10:42:48+00:00\",\"dateModified\":\"2025-07-26T11:18:05+00:00\",\"description\":\"Pullpy Socks sont des chaussettes tricot\u00e9es de la pointe au bord c\u00f4tes avec un talon contrastant et un jacquard original.\",\"breadcrumb\":{\"@id\":\"https:\\\/\\\/www.christallk.com\\\/product\\\/pullpy-socks\\\/#breadcrumb\"},\"inLanguage\":\"en-US\",\"potentialAction\":[{\"@type\":\"ReadAction\",\"target\":[\"https:\\\/\\\/www.christallk.com\\\/product\\\/pullpy-socks\\\/\"]}]},{\"@type\":\"ImageObject\",\"inLanguage\":\"en-US\",\"@id\":\"https:\\\/\\\/www.christallk.com\\\/product\\\/pullpy-socks\\\/#primaryimage\",\"url\":\"https:\\\/\\\/www.christallk.com\\\/wp-content\\\/uploads\\\/2022\\\/04\\\/IMG_9159.jpg\",\"contentUrl\":\"https:\\\/\\\/www.christallk.com\\\/wp-content\\\/uploads\\\/2022\\\/04\\\/IMG_9159.jpg\",\"width\":819,\"height\":1024},{\"@type\":\"BreadcrumbList\",\"@id\":\"https:\\\/\\\/www.christallk.com\\\/product\\\/pullpy-socks\\\/#breadcrumb\",\"itemListElement\":[{\"@type\":\"ListItem\",\"position\":1,\"name\":\"Home\",\"item\":\"https:\\\/\\\/www.christallk.com\\\/\"},{\"@type\":\"ListItem\",\"position\":2,\"name\":\"Boutique\",\"item\":\"https:\\\/\\\/www.christallk.com\\\/language\\\/fr\\\/shop\\\/\"},{\"@type\":\"ListItem\",\"position\":3,\"name\":\"Pullpy Socks\"}]},{\"@type\":\"WebSite\",\"@id\":\"https:\\\/\\\/www.christallk.com\\\/#website\",\"url\":\"https:\\\/\\\/www.christallk.com\\\/\",\"name\":\"ChristalLK\",\"description\":\"ChristalLK Website\",\"publisher\":{\"@id\":\"https:\\\/\\\/www.christallk.com\\\/#organization\"},\"potentialAction\":[{\"@type\":\"SearchAction\",\"target\":{\"@type\":\"EntryPoint\",\"urlTemplate\":\"https:\\\/\\\/www.christallk.com\\\/?s={search_term_string}\"},\"query-input\":{\"@type\":\"PropertyValueSpecification\",\"valueRequired\":true,\"valueName\":\"search_term_string\"}}],\"inLanguage\":\"en-US\"},{\"@type\":\"Organization\",\"@id\":\"https:\\\/\\\/www.christallk.com\\\/#organization\",\"name\":\"ChristalLK\",\"url\":\"https:\\\/\\\/www.christallk.com\\\/\",\"logo\":{\"@type\":\"ImageObject\",\"inLanguage\":\"en-US\",\"@id\":\"https:\\\/\\\/www.christallk.com\\\/#\\\/schema\\\/logo\\\/image\\\/\",\"url\":\"https:\\\/\\\/i2.wp.com\\\/www.christallk.com\\\/wp-content\\\/uploads\\\/2020\\\/05\\\/canvas_logo_clk.png?fit=650%2C600\",\"contentUrl\":\"https:\\\/\\\/i2.wp.com\\\/www.christallk.com\\\/wp-content\\\/uploads\\\/2020\\\/05\\\/canvas_logo_clk.png?fit=650%2C600\",\"width\":650,\"height\":600,\"caption\":\"ChristalLK\"},\"image\":{\"@id\":\"https:\\\/\\\/www.christallk.com\\\/#\\\/schema\\\/logo\\\/image\\\/\"},\"sameAs\":[\"https:\\\/\\\/www.facebook.com\\\/ChristalLittleK\\\/\",\"https:\\\/\\\/www.instagram.com\\\/christallittlek\\\/\",\"https:\\\/\\\/www.pinterest.com\\\/christallk1637\\\/\",\"https:\\\/\\\/www.youtube.com\\\/channel\\\/UCk8kNDAInlkf2fCr6pU-_oA?view_as=subscriber\"]}]}<\/script>\n<!-- \/ Yoast SEO plugin. -->","yoast_head_json":{"title":"Pullpy Socks - ChristalLK","description":"Pullpy Socks sont des chaussettes tricot\u00e9es de la pointe au bord c\u00f4tes avec un talon contrastant et un jacquard original.","robots":{"index":"index","follow":"follow","max-snippet":"max-snippet:-1","max-image-preview":"max-image-preview:large","max-video-preview":"max-video-preview:-1"},"canonical":"https:\/\/www.christallk.com\/en\/product\/pullpy-socks\/","og_locale":"en_US","og_type":"article","og_title":"Pullpy Socks - ChristalLK","og_description":"Pullpy Socks sont des chaussettes tricot\u00e9es de la pointe au bord c\u00f4tes avec un talon contrastant et un jacquard original.","og_url":"https:\/\/www.christallk.com\/en\/product\/pullpy-socks\/","og_site_name":"ChristalLK","article_publisher":"https:\/\/www.facebook.com\/ChristalLittleK\/","article_modified_time":"2025-07-26T11:18:05+00:00","og_image":[{"width":819,"height":1024,"url":"https:\/\/www.christallk.com\/wp-content\/uploads\/2022\/04\/IMG_9159.jpg","type":"image\/jpeg"}],"twitter_card":"summary_large_image","twitter_misc":{"Est. reading time":"2 minutes"},"schema":{"@context":"https:\/\/schema.org","@graph":[{"@type":"WebPage","@id":"https:\/\/www.christallk.com\/product\/pullpy-socks\/","url":"https:\/\/www.christallk.com\/product\/pullpy-socks\/","name":"Pullpy Socks - ChristalLK","isPartOf":{"@id":"https:\/\/www.christallk.com\/#website"},"primaryImageOfPage":{"@id":"https:\/\/www.christallk.com\/product\/pullpy-socks\/#primaryimage"},"image":{"@id":"https:\/\/www.christallk.com\/product\/pullpy-socks\/#primaryimage"},"thumbnailUrl":"https:\/\/www.christallk.com\/wp-content\/uploads\/2022\/04\/IMG_9159.jpg","datePublished":"2022-04-17T10:42:48+00:00","dateModified":"2025-07-26T11:18:05+00:00","description":"Pullpy Socks sont des chaussettes tricot\u00e9es de la pointe au bord c\u00f4tes avec un talon contrastant et un jacquard original.","breadcrumb":{"@id":"https:\/\/www.christallk.com\/product\/pullpy-socks\/#breadcrumb"},"inLanguage":"en-US","potentialAction":[{"@type":"ReadAction","target":["https:\/\/www.christallk.com\/product\/pullpy-socks\/"]}]},{"@type":"ImageObject","inLanguage":"en-US","@id":"https:\/\/www.christallk.com\/product\/pullpy-socks\/#primaryimage","url":"https:\/\/www.christallk.com\/wp-content\/uploads\/2022\/04\/IMG_9159.jpg","contentUrl":"https:\/\/www.christallk.com\/wp-content\/uploads\/2022\/04\/IMG_9159.jpg","width":819,"height":1024},{"@type":"BreadcrumbList","@id":"https:\/\/www.christallk.com\/product\/pullpy-socks\/#breadcrumb","itemListElement":[{"@type":"ListItem","position":1,"name":"Home","item":"https:\/\/www.christallk.com\/"},{"@type":"ListItem","position":2,"name":"Boutique","item":"https:\/\/www.christallk.com\/language\/fr\/shop\/"},{"@type":"ListItem","position":3,"name":"Pullpy Socks"}]},{"@type":"WebSite","@id":"https:\/\/www.christallk.com\/#website","url":"https:\/\/www.christallk.com\/","name":"ChristalLK","description":"ChristalLK Website","publisher":{"@id":"https:\/\/www.christallk.com\/#organization"},"potentialAction":[{"@type":"SearchAction","target":{"@type":"EntryPoint","urlTemplate":"https:\/\/www.christallk.com\/?s={search_term_string}"},"query-input":{"@type":"PropertyValueSpecification","valueRequired":true,"valueName":"search_term_string"}}],"inLanguage":"en-US"},{"@type":"Organization","@id":"https:\/\/www.christallk.com\/#organization","name":"ChristalLK","url":"https:\/\/www.christallk.com\/","logo":{"@type":"ImageObject","inLanguage":"en-US","@id":"https:\/\/www.christallk.com\/#\/schema\/logo\/image\/","url":"https:\/\/i2.wp.com\/www.christallk.com\/wp-content\/uploads\/2020\/05\/canvas_logo_clk.png?fit=650%2C600","contentUrl":"https:\/\/i2.wp.com\/www.christallk.com\/wp-content\/uploads\/2020\/05\/canvas_logo_clk.png?fit=650%2C600","width":650,"height":600,"caption":"ChristalLK"},"image":{"@id":"https:\/\/www.christallk.com\/#\/schema\/logo\/image\/"},"sameAs":["https:\/\/www.facebook.com\/ChristalLittleK\/","https:\/\/www.instagram.com\/christallittlek\/","https:\/\/www.pinterest.com\/christallk1637\/","https:\/\/www.youtube.com\/channel\/UCk8kNDAInlkf2fCr6pU-_oA?view_as=subscriber"]}]}},"jetpack_publicize_connections":[],"jetpack_likes_enabled":true,"jetpack-related-posts":[{"id":4644,"url":"https:\/\/www.christallk.com\/en\/product\/wavy-socks\/","url_meta":{"origin":4626,"position":0},"title":"Wavy Socks","author":"Christelle","date":"April 17, 2022","format":false,"excerpt":"Wavy Socks are socks knitted from toe to ribbed cuff. They also revisit the concept of socks by giving them a unique touch with contrasting heels and jacquard patterns. They are part of the Pym &amp; Pullpy collection, which you can find here. To learn the story...","rel":"","context":"Similar post","block_context":{"text":"Similar post","link":""},"img":{"alt_text":"","src":"https:\/\/i0.wp.com\/www.christallk.com\/wp-content\/uploads\/2022\/04\/IMG_9142.jpg?resize=350%2C200&ssl=1","width":350,"height":200,"srcset":"https:\/\/i0.wp.com\/www.christallk.com\/wp-content\/uploads\/2022\/04\/IMG_9142.jpg?resize=350%2C200&ssl=1 1x, https:\/\/i0.wp.com\/www.christallk.com\/wp-content\/uploads\/2022\/04\/IMG_9142.jpg?resize=525%2C300&ssl=1 1.5x, https:\/\/i0.wp.com\/www.christallk.com\/wp-content\/uploads\/2022\/04\/IMG_9142.jpg?resize=700%2C400&ssl=1 2x"},"classes":[]},{"id":4642,"url":"https:\/\/www.christallk.com\/en\/product\/anchor-socks\/","url_meta":{"origin":4626,"position":1},"title":"Anchor Socks","author":"Christelle","date":"April 17, 2022","format":false,"excerpt":"Anchor Socks are ribbed socks knitted from toe to cuff. They also revisit the concept of socks by giving them a unique touch with contrasting heels and jacquard patterns. This pattern offers two versions: knee-high socks and ankle socks. To learn more...","rel":"","context":"Similar post","block_context":{"text":"Similar post","link":""},"img":{"alt_text":"","src":"https:\/\/i0.wp.com\/www.christallk.com\/wp-content\/uploads\/2022\/04\/IMG_9133.jpg?resize=350%2C200&ssl=1","width":350,"height":200,"srcset":"https:\/\/i0.wp.com\/www.christallk.com\/wp-content\/uploads\/2022\/04\/IMG_9133.jpg?resize=350%2C200&ssl=1 1x, https:\/\/i0.wp.com\/www.christallk.com\/wp-content\/uploads\/2022\/04\/IMG_9133.jpg?resize=525%2C300&ssl=1 1.5x, https:\/\/i0.wp.com\/www.christallk.com\/wp-content\/uploads\/2022\/04\/IMG_9133.jpg?resize=700%2C400&ssl=1 2x"},"classes":[]},{"id":4631,"url":"https:\/\/www.christallk.com\/en\/product\/pym-socks\/","url_meta":{"origin":4626,"position":2},"title":"Pym Socks","author":"Christelle","date":"April 17, 2022","format":false,"excerpt":"Pym Socks sont des chaussettes tricot\u00e9es de la pointe au bord c\u00f4tes. Elles revisitent aussi le concept des chaussettes en leur donnant une touche originale avec les talons contrastants et les motifs en jacquard. Pour connaitre l'histoire de Pym & Pullpy c'est ici. En anglais, click here. Patron pdf t\u00e9l\u00e9chargeable\u2026","rel":"","context":"Similar post","block_context":{"text":"Similar post","link":""},"img":{"alt_text":"","src":"https:\/\/i0.wp.com\/www.christallk.com\/wp-content\/uploads\/2022\/04\/IMG_9154.jpg?resize=350%2C200&ssl=1","width":350,"height":200,"srcset":"https:\/\/i0.wp.com\/www.christallk.com\/wp-content\/uploads\/2022\/04\/IMG_9154.jpg?resize=350%2C200&ssl=1 1x, https:\/\/i0.wp.com\/www.christallk.com\/wp-content\/uploads\/2022\/04\/IMG_9154.jpg?resize=525%2C300&ssl=1 1.5x, https:\/\/i0.wp.com\/www.christallk.com\/wp-content\/uploads\/2022\/04\/IMG_9154.jpg?resize=700%2C400&ssl=1 2x"},"classes":[]},{"id":4939,"url":"https:\/\/www.christallk.com\/en\/product\/horta-socks\/","url_meta":{"origin":4626,"position":3},"title":"Horta Socks","author":"Christelle","date":"June 3, 2022","format":false,"excerpt":"Horta Socks are ribbed socks knitted from toe to cuff. These are the essential white ankle socks for any wardrobe. They are enhanced with a touch of originality thanks to Kogin embroidery. Kits are available here. Downloadable PDF pattern: once the order is confirmed, a\u2026","rel":"","context":"Similar post","block_context":{"text":"Similar post","link":""},"img":{"alt_text":"","src":"https:\/\/i0.wp.com\/www.christallk.com\/wp-content\/uploads\/2022\/06\/IMG_9196-2.jpg?resize=350%2C200&ssl=1","width":350,"height":200,"srcset":"https:\/\/i0.wp.com\/www.christallk.com\/wp-content\/uploads\/2022\/06\/IMG_9196-2.jpg?resize=350%2C200&ssl=1 1x, https:\/\/i0.wp.com\/www.christallk.com\/wp-content\/uploads\/2022\/06\/IMG_9196-2.jpg?resize=525%2C300&ssl=1 1.5x, https:\/\/i0.wp.com\/www.christallk.com\/wp-content\/uploads\/2022\/06\/IMG_9196-2.jpg?resize=700%2C400&ssl=1 2x"},"classes":[]},{"id":5104,"url":"https:\/\/www.christallk.com\/en\/product\/op-art-socks\/","url_meta":{"origin":4626,"position":4},"title":"Op Art Socks","author":"Christelle","date":"July 5, 2022","format":false,"excerpt":"Op Art Socks sont des chaussettes tricot\u00e9es de la pointe au bord c\u00f4tes. C'est le parfait patron pour s'essayer au tricot mosa\u00efque. Le motif est r\u00e9p\u00e9tif sans \u00eatre ennuyeux et il donne un effet hypnotique comme l'Op Art. Des kits sont disponibles ici. Patron pdf t\u00e9l\u00e9chargeable : une fois la\u2026","rel":"","context":"Similar post","block_context":{"text":"Similar post","link":""},"img":{"alt_text":"","src":"https:\/\/i0.wp.com\/www.christallk.com\/wp-content\/uploads\/2022\/07\/IMG_9367.jpg?resize=350%2C200&ssl=1","width":350,"height":200,"srcset":"https:\/\/i0.wp.com\/www.christallk.com\/wp-content\/uploads\/2022\/07\/IMG_9367.jpg?resize=350%2C200&ssl=1 1x, https:\/\/i0.wp.com\/www.christallk.com\/wp-content\/uploads\/2022\/07\/IMG_9367.jpg?resize=525%2C300&ssl=1 1.5x, https:\/\/i0.wp.com\/www.christallk.com\/wp-content\/uploads\/2022\/07\/IMG_9367.jpg?resize=700%2C400&ssl=1 2x"},"classes":[]},{"id":4676,"url":"https:\/\/www.christallk.com\/en\/product\/pym-pullpy-collection\/","url_meta":{"origin":4626,"position":5},"title":"Pym &amp; Pullpy Collection","author":"Christelle","date":"April 18, 2022","format":false,"excerpt":"This collection contains 7 patterns: A men&#039;s sweater Four pairs of socks Two embroidery patterns And a few items Downloadable PDF pattern: once the order is validated, a download link is available on the order page. Remember to download it because the link is temporary.\u2026","rel":"","context":"Similar post","block_context":{"text":"Similar post","link":""},"img":{"alt_text":"","src":"https:\/\/i0.wp.com\/www.christallk.com\/wp-content\/uploads\/2022\/04\/collec.jpg?resize=350%2C200&ssl=1","width":350,"height":200,"srcset":"https:\/\/i0.wp.com\/www.christallk.com\/wp-content\/uploads\/2022\/04\/collec.jpg?resize=350%2C200&ssl=1 1x, https:\/\/i0.wp.com\/www.christallk.com\/wp-content\/uploads\/2022\/04\/collec.jpg?resize=525%2C300&ssl=1 1.5x, https:\/\/i0.wp.com\/www.christallk.com\/wp-content\/uploads\/2022\/04\/collec.jpg?resize=700%2C400&ssl=1 2x, https:\/\/i0.wp.com\/www.christallk.com\/wp-content\/uploads\/2022\/04\/collec.jpg?resize=1050%2C600&ssl=1 3x, https:\/\/i0.wp.com\/www.christallk.com\/wp-content\/uploads\/2022\/04\/collec.jpg?resize=1400%2C800&ssl=1 4x"},"classes":[]}],"jetpack_sharing_enabled":true,"_links":{"self":[{"href":"https:\/\/www.christallk.com\/en\/wp-json\/wp\/v2\/product\/4626","targetHints":{"allow":["GET"]}}],"collection":[{"href":"https:\/\/www.christallk.com\/en\/wp-json\/wp\/v2\/product"}],"about":[{"href":"https:\/\/www.christallk.com\/en\/wp-json\/wp\/v2\/types\/product"}],"replies":[{"embeddable":true,"href":"https:\/\/www.christallk.com\/en\/wp-json\/wp\/v2\/comments?post=4626"}],"wp:featuredmedia":[{"embeddable":true,"href":"https:\/\/www.christallk.com\/en\/wp-json\/wp\/v2\/media\/4623"}],"wp:attachment":[{"href":"https:\/\/www.christallk.com\/en\/wp-json\/wp\/v2\/media?parent=4626"}],"wp:term":[{"taxonomy":"product_brand","embeddable":true,"href":"https:\/\/www.christallk.com\/en\/wp-json\/wp\/v2\/product_brand?post=4626"},{"taxonomy":"product_cat","embeddable":true,"href":"https:\/\/www.christallk.com\/en\/wp-json\/wp\/v2\/product_cat?post=4626"},{"taxonomy":"product_tag","embeddable":true,"href":"https:\/\/www.christallk.com\/en\/wp-json\/wp\/v2\/product_tag?post=4626"}],"curies":[{"name":"wp","href":"https:\/\/api.w.org\/{rel}","templated":true}]}}