{"id":5191,"date":"2022-09-28T12:20:33","date_gmt":"2022-09-28T10:20:33","guid":{"rendered":"https:\/\/www.christallk.com\/?post_type=product&#038;p=5191"},"modified":"2026-03-20T13:31:21","modified_gmt":"2026-03-20T12:31:21","slug":"winter-in-scotland-kits","status":"publish","type":"product","link":"https:\/\/www.christallk.com\/en\/product\/winter-in-scotland-kits\/","title":{"rendered":"Winter in Scotland Kits"},"content":{"rendered":"<p>In this kit you will find everything you need to make a pair of Winter In Scotland mittens.<\/p>\n<h4>This kit contains:<\/h4>\n<ul>\n<li>The Winter In Scotland pattern (<strong>Downloadable PDF pattern in English and French: Once your order is confirmed, a download link is available on the order page. Remember to download it as the link is temporary.<\/strong>)<\/li>\n<li>5 mini skeins of 20g of Peregrine<\/li>\n<\/ul>\n<h3><strong>Kits available<\/strong> (to be chosen from the drop-down menu)<\/h3>\n<ul>\n<li>Set 1: Smokey \u2013 Diva \u2013 Ivory (pink and gray)<\/li>\n<li>Set 2: Napel \u2013 Glacier \u2013 Ivory (mauve and blue)<\/li>\n<li>Set 3: Tango \u2013 Smokey \u2013 Ivory (red and gray \u2013 note that red is the background color)<\/li>\n<li>Set 4: Choice (choose the color of the palette you want)<\/li>\n<\/ul>\n<div id=\"ConnectiveDocSignExtentionInstalled\" data-extension-version=\"1.0.4\"><\/div>","protected":false},"excerpt":{"rendered":"<p>In this kit you will find everything you need to make a pair of Winter In Scotland mittens.<\/p>\n<p><em><strong>VAT and delivery charges are calculated at checkout. You will also find two p<\/strong><strong>Atrons PDF downloads in English and French: Once your order is confirmed, a download link is available on the order page. Remember to download it, as the link is temporary.<\/strong><\/em><\/p>","protected":false},"featured_media":5197,"comment_status":"closed","ping_status":"closed","template":"","meta":{"jetpack_publicize_message":"","jetpack_publicize_feature_enabled":true,"jetpack_social_post_already_shared":true,"jetpack_social_options":{"image_generator_settings":{"template":"highway","default_image_id":0,"font":"","enabled":false},"version":2}},"product_brand":[],"product_cat":[321,322,319,354,316,318,308],"product_tag":[],"class_list":{"0":"post-5191","1":"product","2":"type-product","3":"status-publish","4":"has-post-thumbnail","6":"product_cat-accessoires","7":"product_cat-accessories","8":"product_cat-english-pattern","9":"product_cat-kits","10":"product_cat-yarn-laine","11":"product_cat-patrons-en-francais","12":"product_cat-patterns-modeles","15":"first","16":"instock","17":"taxable","18":"shipping-taxable","19":"purchasable","20":"product-type-variable"},"yoast_head":"<!-- This site is optimized with the Yoast SEO plugin v27.5 - https:\/\/yoast.com\/product\/yoast-seo-wordpress\/ -->\n<title>Winter In Scotland Kits - ChristalLK<\/title>\n<meta name=\"description\" content=\"In this kit, you will find everything you need to knit a pair of mittens Winter in Scotland, the perfect gift for Christmas.\" \/>\n<meta name=\"robots\" content=\"index, follow, max-snippet:-1, max-image-preview:large, max-video-preview:-1\" \/>\n<link rel=\"canonical\" href=\"https:\/\/www.christallk.com\/en\/product\/winter-in-scotland-kits\/\" \/>\n<meta property=\"og:locale\" content=\"en_US\" \/>\n<meta property=\"og:type\" content=\"article\" \/>\n<meta property=\"og:title\" content=\"Winter In Scotland Kits - ChristalLK\" \/>\n<meta property=\"og:description\" content=\"In this kit, you will find everything you need to knit a pair of mittens Winter in Scotland, the perfect gift for Christmas.\" \/>\n<meta property=\"og:url\" content=\"https:\/\/www.christallk.com\/en\/product\/winter-in-scotland-kits\/\" \/>\n<meta property=\"og:site_name\" content=\"ChristalLK\" \/>\n<meta property=\"article:publisher\" content=\"https:\/\/www.facebook.com\/ChristalLittleK\/\" \/>\n<meta property=\"article:modified_time\" content=\"2026-03-20T12:31:21+00:00\" \/>\n<meta property=\"og:image\" content=\"https:\/\/www.christallk.com\/wp-content\/uploads\/2022\/09\/20220928_113934-01-scaled.jpeg\" \/>\n\t<meta property=\"og:image:width\" content=\"2048\" \/>\n\t<meta property=\"og:image:height\" content=\"2560\" \/>\n\t<meta property=\"og:image:type\" content=\"image\/jpeg\" \/>\n<meta name=\"twitter:card\" content=\"summary_large_image\" \/>\n<meta name=\"twitter:label1\" content=\"Est. reading time\" \/>\n\t<meta name=\"twitter:data1\" content=\"1 minute\" \/>\n<script type=\"application\/ld+json\" class=\"yoast-schema-graph\">{\"@context\":\"https:\\\/\\\/schema.org\",\"@graph\":[{\"@type\":\"WebPage\",\"@id\":\"https:\\\/\\\/www.christallk.com\\\/product\\\/winter-in-scotland-kits\\\/\",\"url\":\"https:\\\/\\\/www.christallk.com\\\/product\\\/winter-in-scotland-kits\\\/\",\"name\":\"Winter In Scotland Kits - ChristalLK\",\"isPartOf\":{\"@id\":\"https:\\\/\\\/www.christallk.com\\\/#website\"},\"primaryImageOfPage\":{\"@id\":\"https:\\\/\\\/www.christallk.com\\\/product\\\/winter-in-scotland-kits\\\/#primaryimage\"},\"image\":{\"@id\":\"https:\\\/\\\/www.christallk.com\\\/product\\\/winter-in-scotland-kits\\\/#primaryimage\"},\"thumbnailUrl\":\"https:\\\/\\\/www.christallk.com\\\/wp-content\\\/uploads\\\/2022\\\/09\\\/20220928_113934-01-scaled.jpeg\",\"datePublished\":\"2022-09-28T10:20:33+00:00\",\"dateModified\":\"2026-03-20T12:31:21+00:00\",\"description\":\"In this kit, you will find everything you need to knit a pair of mittens Winter in Scotland, the perfect gift for Christmas.\",\"breadcrumb\":{\"@id\":\"https:\\\/\\\/www.christallk.com\\\/product\\\/winter-in-scotland-kits\\\/#breadcrumb\"},\"inLanguage\":\"en-US\",\"potentialAction\":[{\"@type\":\"ReadAction\",\"target\":[\"https:\\\/\\\/www.christallk.com\\\/product\\\/winter-in-scotland-kits\\\/\"]}]},{\"@type\":\"ImageObject\",\"inLanguage\":\"en-US\",\"@id\":\"https:\\\/\\\/www.christallk.com\\\/product\\\/winter-in-scotland-kits\\\/#primaryimage\",\"url\":\"https:\\\/\\\/www.christallk.com\\\/wp-content\\\/uploads\\\/2022\\\/09\\\/20220928_113934-01-scaled.jpeg\",\"contentUrl\":\"https:\\\/\\\/www.christallk.com\\\/wp-content\\\/uploads\\\/2022\\\/09\\\/20220928_113934-01-scaled.jpeg\",\"width\":2048,\"height\":2560},{\"@type\":\"BreadcrumbList\",\"@id\":\"https:\\\/\\\/www.christallk.com\\\/product\\\/winter-in-scotland-kits\\\/#breadcrumb\",\"itemListElement\":[{\"@type\":\"ListItem\",\"position\":1,\"name\":\"Home\",\"item\":\"https:\\\/\\\/www.christallk.com\\\/\"},{\"@type\":\"ListItem\",\"position\":2,\"name\":\"Boutique\",\"item\":\"https:\\\/\\\/www.christallk.com\\\/language\\\/fr\\\/shop\\\/\"},{\"@type\":\"ListItem\",\"position\":3,\"name\":\"Winter In Scotland Kits\"}]},{\"@type\":\"WebSite\",\"@id\":\"https:\\\/\\\/www.christallk.com\\\/#website\",\"url\":\"https:\\\/\\\/www.christallk.com\\\/\",\"name\":\"ChristalLK\",\"description\":\"ChristalLK Website\",\"publisher\":{\"@id\":\"https:\\\/\\\/www.christallk.com\\\/#organization\"},\"potentialAction\":[{\"@type\":\"SearchAction\",\"target\":{\"@type\":\"EntryPoint\",\"urlTemplate\":\"https:\\\/\\\/www.christallk.com\\\/?s={search_term_string}\"},\"query-input\":{\"@type\":\"PropertyValueSpecification\",\"valueRequired\":true,\"valueName\":\"search_term_string\"}}],\"inLanguage\":\"en-US\"},{\"@type\":\"Organization\",\"@id\":\"https:\\\/\\\/www.christallk.com\\\/#organization\",\"name\":\"ChristalLK\",\"url\":\"https:\\\/\\\/www.christallk.com\\\/\",\"logo\":{\"@type\":\"ImageObject\",\"inLanguage\":\"en-US\",\"@id\":\"https:\\\/\\\/www.christallk.com\\\/#\\\/schema\\\/logo\\\/image\\\/\",\"url\":\"https:\\\/\\\/i2.wp.com\\\/www.christallk.com\\\/wp-content\\\/uploads\\\/2020\\\/05\\\/canvas_logo_clk.png?fit=650%2C600\",\"contentUrl\":\"https:\\\/\\\/i2.wp.com\\\/www.christallk.com\\\/wp-content\\\/uploads\\\/2020\\\/05\\\/canvas_logo_clk.png?fit=650%2C600\",\"width\":650,\"height\":600,\"caption\":\"ChristalLK\"},\"image\":{\"@id\":\"https:\\\/\\\/www.christallk.com\\\/#\\\/schema\\\/logo\\\/image\\\/\"},\"sameAs\":[\"https:\\\/\\\/www.facebook.com\\\/ChristalLittleK\\\/\",\"https:\\\/\\\/www.instagram.com\\\/christallittlek\\\/\",\"https:\\\/\\\/www.pinterest.com\\\/christallk1637\\\/\",\"https:\\\/\\\/www.youtube.com\\\/channel\\\/UCk8kNDAInlkf2fCr6pU-_oA?view_as=subscriber\"]}]}<\/script>\n<!-- \/ Yoast SEO plugin. -->","yoast_head_json":{"title":"Winter In Scotland Kits - ChristalLK","description":"In this kit, you will find everything you need to knit a pair of mittens Winter in Scotland, the perfect gift for Christmas.","robots":{"index":"index","follow":"follow","max-snippet":"max-snippet:-1","max-image-preview":"max-image-preview:large","max-video-preview":"max-video-preview:-1"},"canonical":"https:\/\/www.christallk.com\/en\/product\/winter-in-scotland-kits\/","og_locale":"en_US","og_type":"article","og_title":"Winter In Scotland Kits - ChristalLK","og_description":"In this kit, you will find everything you need to knit a pair of mittens Winter in Scotland, the perfect gift for Christmas.","og_url":"https:\/\/www.christallk.com\/en\/product\/winter-in-scotland-kits\/","og_site_name":"ChristalLK","article_publisher":"https:\/\/www.facebook.com\/ChristalLittleK\/","article_modified_time":"2026-03-20T12:31:21+00:00","og_image":[{"width":2048,"height":2560,"url":"https:\/\/www.christallk.com\/wp-content\/uploads\/2022\/09\/20220928_113934-01-scaled.jpeg","type":"image\/jpeg"}],"twitter_card":"summary_large_image","twitter_misc":{"Est. reading time":"1 minute"},"schema":{"@context":"https:\/\/schema.org","@graph":[{"@type":"WebPage","@id":"https:\/\/www.christallk.com\/product\/winter-in-scotland-kits\/","url":"https:\/\/www.christallk.com\/product\/winter-in-scotland-kits\/","name":"Winter In Scotland Kits - ChristalLK","isPartOf":{"@id":"https:\/\/www.christallk.com\/#website"},"primaryImageOfPage":{"@id":"https:\/\/www.christallk.com\/product\/winter-in-scotland-kits\/#primaryimage"},"image":{"@id":"https:\/\/www.christallk.com\/product\/winter-in-scotland-kits\/#primaryimage"},"thumbnailUrl":"https:\/\/www.christallk.com\/wp-content\/uploads\/2022\/09\/20220928_113934-01-scaled.jpeg","datePublished":"2022-09-28T10:20:33+00:00","dateModified":"2026-03-20T12:31:21+00:00","description":"In this kit, you will find everything you need to knit a pair of mittens Winter in Scotland, the perfect gift for Christmas.","breadcrumb":{"@id":"https:\/\/www.christallk.com\/product\/winter-in-scotland-kits\/#breadcrumb"},"inLanguage":"en-US","potentialAction":[{"@type":"ReadAction","target":["https:\/\/www.christallk.com\/product\/winter-in-scotland-kits\/"]}]},{"@type":"ImageObject","inLanguage":"en-US","@id":"https:\/\/www.christallk.com\/product\/winter-in-scotland-kits\/#primaryimage","url":"https:\/\/www.christallk.com\/wp-content\/uploads\/2022\/09\/20220928_113934-01-scaled.jpeg","contentUrl":"https:\/\/www.christallk.com\/wp-content\/uploads\/2022\/09\/20220928_113934-01-scaled.jpeg","width":2048,"height":2560},{"@type":"BreadcrumbList","@id":"https:\/\/www.christallk.com\/product\/winter-in-scotland-kits\/#breadcrumb","itemListElement":[{"@type":"ListItem","position":1,"name":"Home","item":"https:\/\/www.christallk.com\/"},{"@type":"ListItem","position":2,"name":"Boutique","item":"https:\/\/www.christallk.com\/language\/fr\/shop\/"},{"@type":"ListItem","position":3,"name":"Winter In Scotland Kits"}]},{"@type":"WebSite","@id":"https:\/\/www.christallk.com\/#website","url":"https:\/\/www.christallk.com\/","name":"ChristalLK","description":"ChristalLK Website","publisher":{"@id":"https:\/\/www.christallk.com\/#organization"},"potentialAction":[{"@type":"SearchAction","target":{"@type":"EntryPoint","urlTemplate":"https:\/\/www.christallk.com\/?s={search_term_string}"},"query-input":{"@type":"PropertyValueSpecification","valueRequired":true,"valueName":"search_term_string"}}],"inLanguage":"en-US"},{"@type":"Organization","@id":"https:\/\/www.christallk.com\/#organization","name":"ChristalLK","url":"https:\/\/www.christallk.com\/","logo":{"@type":"ImageObject","inLanguage":"en-US","@id":"https:\/\/www.christallk.com\/#\/schema\/logo\/image\/","url":"https:\/\/i2.wp.com\/www.christallk.com\/wp-content\/uploads\/2020\/05\/canvas_logo_clk.png?fit=650%2C600","contentUrl":"https:\/\/i2.wp.com\/www.christallk.com\/wp-content\/uploads\/2020\/05\/canvas_logo_clk.png?fit=650%2C600","width":650,"height":600,"caption":"ChristalLK"},"image":{"@id":"https:\/\/www.christallk.com\/#\/schema\/logo\/image\/"},"sameAs":["https:\/\/www.facebook.com\/ChristalLittleK\/","https:\/\/www.instagram.com\/christallittlek\/","https:\/\/www.pinterest.com\/christallk1637\/","https:\/\/www.youtube.com\/channel\/UCk8kNDAInlkf2fCr6pU-_oA?view_as=subscriber"]}]}},"jetpack_publicize_connections":[],"jetpack_likes_enabled":true,"jetpack-related-posts":[{"id":5182,"url":"https:\/\/www.christallk.com\/en\/product\/winter-in-scotland\/","url_meta":{"origin":5191,"position":0},"title":"Winter in Scotland","author":"Christelle","date":"September 28, 2022","format":false,"excerpt":"Winter In Scotland is a pair of jacquard mittens. It&#039;s the perfect knitting project to give as a holiday gift! They&#039;re relatively easy to knit despite the intricate pattern. The pattern also allows you to play with the patterns: don&#039;t\u2026","rel":"","context":"Similar post","block_context":{"text":"Similar post","link":""},"img":{"alt_text":"","src":"https:\/\/i0.wp.com\/www.christallk.com\/wp-content\/uploads\/2022\/09\/IMG_9438.jpg?resize=350%2C200&ssl=1","width":350,"height":200,"srcset":"https:\/\/i0.wp.com\/www.christallk.com\/wp-content\/uploads\/2022\/09\/IMG_9438.jpg?resize=350%2C200&ssl=1 1x, https:\/\/i0.wp.com\/www.christallk.com\/wp-content\/uploads\/2022\/09\/IMG_9438.jpg?resize=525%2C300&ssl=1 1.5x, https:\/\/i0.wp.com\/www.christallk.com\/wp-content\/uploads\/2022\/09\/IMG_9438.jpg?resize=700%2C400&ssl=1 2x"},"classes":[]},{"id":5632,"url":"https:\/\/www.christallk.com\/en\/product\/le-pelerin-kits\/","url_meta":{"origin":5191,"position":1},"title":"Le P\u00e9lerin Kits","author":"Christelle","date":"March 16, 2023","format":false,"excerpt":"ATTENTION, LES QUANTIT\u00c9S DE KITS EN STOCK SONT LIMIT\u00c9ES. Dans ce kit, vous trouverez tout le n\u00e9cessaire pour faire le bonnet Le P\u00e9lerin. La TVA et les frais de livraison sont calcul\u00e9s \u00e0 la validation du panier. Vous trouverez aussi deux patrons pdf t\u00e9l\u00e9chargeables en anglais et en fran\u00e7ais :\u2026","rel":"","context":"Similar post","block_context":{"text":"Similar post","link":""},"img":{"alt_text":"","src":"https:\/\/i0.wp.com\/www.christallk.com\/wp-content\/uploads\/2023\/03\/20230220_114132-01-scaled.jpeg?resize=350%2C200&ssl=1","width":350,"height":200,"srcset":"https:\/\/i0.wp.com\/www.christallk.com\/wp-content\/uploads\/2023\/03\/20230220_114132-01-scaled.jpeg?resize=350%2C200&ssl=1 1x, https:\/\/i0.wp.com\/www.christallk.com\/wp-content\/uploads\/2023\/03\/20230220_114132-01-scaled.jpeg?resize=525%2C300&ssl=1 1.5x, https:\/\/i0.wp.com\/www.christallk.com\/wp-content\/uploads\/2023\/03\/20230220_114132-01-scaled.jpeg?resize=700%2C400&ssl=1 2x, https:\/\/i0.wp.com\/www.christallk.com\/wp-content\/uploads\/2023\/03\/20230220_114132-01-scaled.jpeg?resize=1050%2C600&ssl=1 3x, https:\/\/i0.wp.com\/www.christallk.com\/wp-content\/uploads\/2023\/03\/20230220_114132-01-scaled.jpeg?resize=1400%2C800&ssl=1 4x"},"classes":[]},{"id":5794,"url":"https:\/\/www.christallk.com\/en\/product\/boboli-bag-kit-deluxe\/","url_meta":{"origin":5191,"position":2},"title":"Boboli Bag Kits DeLuxe","author":"Christelle","date":"June 5, 2023","format":false,"excerpt":"This kit contains everything you need to make a Boboli bag. VAT and shipping are calculated at checkout. You&#039;ll also find two downloadable PDF patterns in English and French. Once your order is confirmed, a download link is available.","rel":"","context":"Similar post","block_context":{"text":"Similar post","link":""},"img":{"alt_text":"","src":"https:\/\/i0.wp.com\/www.christallk.com\/wp-content\/uploads\/2023\/06\/20230516_121327-scaled.jpg?resize=350%2C200&ssl=1","width":350,"height":200,"srcset":"https:\/\/i0.wp.com\/www.christallk.com\/wp-content\/uploads\/2023\/06\/20230516_121327-scaled.jpg?resize=350%2C200&ssl=1 1x, https:\/\/i0.wp.com\/www.christallk.com\/wp-content\/uploads\/2023\/06\/20230516_121327-scaled.jpg?resize=525%2C300&ssl=1 1.5x, https:\/\/i0.wp.com\/www.christallk.com\/wp-content\/uploads\/2023\/06\/20230516_121327-scaled.jpg?resize=700%2C400&ssl=1 2x, https:\/\/i0.wp.com\/www.christallk.com\/wp-content\/uploads\/2023\/06\/20230516_121327-scaled.jpg?resize=1050%2C600&ssl=1 3x, https:\/\/i0.wp.com\/www.christallk.com\/wp-content\/uploads\/2023\/06\/20230516_121327-scaled.jpg?resize=1400%2C800&ssl=1 4x"},"classes":[]},{"id":7338,"url":"https:\/\/www.christallk.com\/en\/product\/constantine\/","url_meta":{"origin":5191,"position":3},"title":"Constantine&#039;s Dream Kits","author":"Christelle","date":"April 4, 2025","format":false,"excerpt":"Voici donc ma version du sublime Constantine\u2019s Dream d'Enrico Castronovo \u2728 et voici les kits pour le reproduire \u00e0 l'identique ! Enjoy ! La TVA et les frais de livraison sont calcul\u00e9s \u00e0 la validation du panier. Le patron est \u00e0 acheter sur Ravelry (lien en description) \u00a0","rel":"","context":"Similar post","block_context":{"text":"Similar post","link":""},"img":{"alt_text":"","src":"https:\/\/i0.wp.com\/www.christallk.com\/wp-content\/uploads\/2025\/04\/IMG_1252-2.jpg?resize=350%2C200&ssl=1","width":350,"height":200,"srcset":"https:\/\/i0.wp.com\/www.christallk.com\/wp-content\/uploads\/2025\/04\/IMG_1252-2.jpg?resize=350%2C200&ssl=1 1x, https:\/\/i0.wp.com\/www.christallk.com\/wp-content\/uploads\/2025\/04\/IMG_1252-2.jpg?resize=525%2C300&ssl=1 1.5x, https:\/\/i0.wp.com\/www.christallk.com\/wp-content\/uploads\/2025\/04\/IMG_1252-2.jpg?resize=700%2C400&ssl=1 2x, https:\/\/i0.wp.com\/www.christallk.com\/wp-content\/uploads\/2025\/04\/IMG_1252-2.jpg?resize=1050%2C600&ssl=1 3x"},"classes":[]},{"id":4280,"url":"https:\/\/www.christallk.com\/en\/product\/delftware-kits\/","url_meta":{"origin":5191,"position":4},"title":"DELFTWARE KITS","author":"Christelle","date":"October 19, 2021","format":false,"excerpt":"Le Delftware Cowl est un col en jacquard qui alterne des sections de jacquard assez simple un grand panneau de motif tr\u00e8s fin. Ce col vous permettra de vous essayer au jacquard car il ne pr\u00e9sente aucun rang envers et se tricote en tube. Les kits pour la tricoter se\u2026","rel":"","context":"Similar post","block_context":{"text":"Similar post","link":""},"img":{"alt_text":"","src":"https:\/\/i0.wp.com\/www.christallk.com\/wp-content\/uploads\/2021\/10\/20211013_120128-01-scaled.jpeg?resize=350%2C200&ssl=1","width":350,"height":200,"srcset":"https:\/\/i0.wp.com\/www.christallk.com\/wp-content\/uploads\/2021\/10\/20211013_120128-01-scaled.jpeg?resize=350%2C200&ssl=1 1x, https:\/\/i0.wp.com\/www.christallk.com\/wp-content\/uploads\/2021\/10\/20211013_120128-01-scaled.jpeg?resize=525%2C300&ssl=1 1.5x, https:\/\/i0.wp.com\/www.christallk.com\/wp-content\/uploads\/2021\/10\/20211013_120128-01-scaled.jpeg?resize=700%2C400&ssl=1 2x, https:\/\/i0.wp.com\/www.christallk.com\/wp-content\/uploads\/2021\/10\/20211013_120128-01-scaled.jpeg?resize=1050%2C600&ssl=1 3x, https:\/\/i0.wp.com\/www.christallk.com\/wp-content\/uploads\/2021\/10\/20211013_120128-01-scaled.jpeg?resize=1400%2C800&ssl=1 4x"},"classes":[]},{"id":8244,"url":"https:\/\/www.christallk.com\/en\/product\/kits-mkal-wintergrun\/","url_meta":{"origin":5191,"position":5},"title":"Kits MKAL Wintergr\u00fcn","author":"Christelle","date":"November 5, 2025","format":false,"excerpt":"Kits MKAL \u2013 Wintergr\u00fcn D\u00e9couvrer un myst\u00e8re \u00e0 tricoter au coeur de la for\u00eat d'Anlier avec le tout nouveau Mystery KAL de ChristalLK : Wintergr\u00fcn. Vous trouverez ici de quoi tricoter le MKAL, le patron est \u00e0 acheter s\u00e9par\u00e9ment ici : Wintergr\u00fcn La TVA et les frais de livraison sont\u2026","rel":"","context":"Similar post","block_context":{"text":"Similar post","link":""},"img":{"alt_text":"","src":"https:\/\/i0.wp.com\/www.christallk.com\/wp-content\/uploads\/2025\/11\/Box-tasse-26-x-30-cm-30-x-26-cm-Publication-Instagram-45.jpg?resize=350%2C200&ssl=1","width":350,"height":200,"srcset":"https:\/\/i0.wp.com\/www.christallk.com\/wp-content\/uploads\/2025\/11\/Box-tasse-26-x-30-cm-30-x-26-cm-Publication-Instagram-45.jpg?resize=350%2C200&ssl=1 1x, https:\/\/i0.wp.com\/www.christallk.com\/wp-content\/uploads\/2025\/11\/Box-tasse-26-x-30-cm-30-x-26-cm-Publication-Instagram-45.jpg?resize=525%2C300&ssl=1 1.5x, https:\/\/i0.wp.com\/www.christallk.com\/wp-content\/uploads\/2025\/11\/Box-tasse-26-x-30-cm-30-x-26-cm-Publication-Instagram-45.jpg?resize=700%2C400&ssl=1 2x, https:\/\/i0.wp.com\/www.christallk.com\/wp-content\/uploads\/2025\/11\/Box-tasse-26-x-30-cm-30-x-26-cm-Publication-Instagram-45.jpg?resize=1050%2C600&ssl=1 3x"},"classes":[]}],"jetpack_sharing_enabled":true,"_links":{"self":[{"href":"https:\/\/www.christallk.com\/en\/wp-json\/wp\/v2\/product\/5191","targetHints":{"allow":["GET"]}}],"collection":[{"href":"https:\/\/www.christallk.com\/en\/wp-json\/wp\/v2\/product"}],"about":[{"href":"https:\/\/www.christallk.com\/en\/wp-json\/wp\/v2\/types\/product"}],"replies":[{"embeddable":true,"href":"https:\/\/www.christallk.com\/en\/wp-json\/wp\/v2\/comments?post=5191"}],"wp:featuredmedia":[{"embeddable":true,"href":"https:\/\/www.christallk.com\/en\/wp-json\/wp\/v2\/media\/5197"}],"wp:attachment":[{"href":"https:\/\/www.christallk.com\/en\/wp-json\/wp\/v2\/media?parent=5191"}],"wp:term":[{"taxonomy":"product_brand","embeddable":true,"href":"https:\/\/www.christallk.com\/en\/wp-json\/wp\/v2\/product_brand?post=5191"},{"taxonomy":"product_cat","embeddable":true,"href":"https:\/\/www.christallk.com\/en\/wp-json\/wp\/v2\/product_cat?post=5191"},{"taxonomy":"product_tag","embeddable":true,"href":"https:\/\/www.christallk.com\/en\/wp-json\/wp\/v2\/product_tag?post=5191"}],"curies":[{"name":"wp","href":"https:\/\/api.w.org\/{rel}","templated":true}]}}