{"id":5450,"date":"2024-01-30T11:00:43","date_gmt":"2024-01-30T10:00:43","guid":{"rendered":"https:\/\/www.christallk.com\/?post_type=product&#038;p=5450"},"modified":"2025-09-20T20:12:06","modified_gmt":"2025-09-20T18:12:06","slug":"introduction-au-jacquard-a-deux-mains-atelier-arlaine","status":"publish","type":"product","link":"https:\/\/www.christallk.com\/en\/product\/introduction-au-jacquard-a-deux-mains-atelier-arlaine\/","title":{"rendered":"Introduction au jacquard \u00e0 deux mains &#8211; Atelier ARLAINE 2025"},"content":{"rendered":"<p>Le jacquard \u00e0 fils tir\u00e9s ou stranded colorwork (Vous avez tr\u00e8s envie de vous tricoter un pull en empi\u00e8cement circulaire en jacquard mais vous n&rsquo;osez pas vous lancer ?<br \/>\nLors de cet atelier, Christelle vous apprendra ce qu&rsquo;est le jacquard \u00e0 fil tir\u00e9 et surtout comment g\u00e9rer la tension et faire suivre les fils lorsque vous travaillez \u00e0 plusieurs couleurs et ce avec la technique du jacquard \u00e0 deux mains.<\/p>\n<h3>Necessary equipment<\/h3>\n<p>aiguilles 4 mm (circulaires c\u00e2ble court ou tout autre m\u00e9thode que vous aimez pour tricoter sur des petites circonf\u00e9rences), marqueurs et de quoi noter.<\/p>\n<p>Laine \u00e0 fournir : fil DK environ 100 m en deux couleurs contrastantes<br \/>\nAiguilles : 4 mm soit en aiguilles circulaires longues (magic loop), soit aiguilles circulaires court soit des doubles pointes ou similaires<\/p>\n<p><strong>Pr\u00e9-requis<\/strong><\/p>\n<p>savoir tricoter en rond sur de petites circonf\u00e9rences avec les points de base.<\/p>\n<p>A partir de 15 ans<\/p>\n<p>Le 21\/09 de 10h30 \u00e0 13h00<\/p>\n<p>Mat\u00e9riel non fourni.<\/p>\n<div id=\"ConnectiveDocSignExtentionInstalled\" data-extension-version=\"1.0.4\"><\/div>","protected":false},"excerpt":{"rendered":"<h3><strong>Tricotez en couleurs avec la technique du jacquard \u00e0 deux mains.<br \/>\n<\/strong><\/h3>\n<p>Le jacquard \u00e0 deux mains n&rsquo;aura plus de secrets pour vous : amusez vous avec ce point et ses infinit\u00e9s de possibilit\u00e9 de motifs.<\/p>\n<p><strong>Une fois la commande valid\u00e9e, un lien de t\u00e9l\u00e9chargement est disponible sur la page de commande. Pensez \u00e0 le t\u00e9l\u00e9charger car le lien est temporaire et cela vous servira de preuve de paiement pour participer \u00e0 l&rsquo;atelier.<\/strong><\/p>\n<p><strong><em>VAT is calculated when the shopping cart is validated.<\/em><\/strong><\/p>\n<div id=\"ConnectiveDocSignExtentionInstalled\" data-extension-version=\"1.0.4\"><\/div>","protected":false},"featured_media":6355,"comment_status":"closed","ping_status":"closed","template":"","meta":{"jetpack_publicize_message":"","jetpack_publicize_feature_enabled":true,"jetpack_social_post_already_shared":true,"jetpack_social_options":{"image_generator_settings":{"template":"highway","default_image_id":0,"font":"","enabled":false},"version":2}},"product_brand":[],"product_cat":[363],"product_tag":[],"class_list":{"0":"post-5450","1":"product","2":"type-product","3":"status-publish","4":"has-post-thumbnail","6":"product_cat-ateliers","9":"first","10":"instock","11":"downloadable","12":"virtual","13":"taxable","14":"purchasable","15":"product-type-simple"},"yoast_head":"<!-- This site is optimized with the Yoast SEO plugin v27.5 - https:\/\/yoast.com\/product\/yoast-seo-wordpress\/ -->\n<title>Introduction au jacquard \u00e0 deux mains - Atelier ARLAINE 2025 - ChristalLK<\/title>\n<meta name=\"description\" content=\"Le jacquard \u00e0 deux mains n&#039;aura plus de secrets pour vous : amusez vous avec ce point et ses infinit\u00e9s de possibilit\u00e9 de motifs.\" \/>\n<meta name=\"robots\" content=\"index, follow, max-snippet:-1, max-image-preview:large, max-video-preview:-1\" \/>\n<link rel=\"canonical\" href=\"https:\/\/www.christallk.com\/en\/product\/introduction-au-jacquard-a-deux-mains-atelier-arlaine\/\" \/>\n<meta property=\"og:locale\" content=\"en_US\" \/>\n<meta property=\"og:type\" content=\"article\" \/>\n<meta property=\"og:title\" content=\"Introduction au jacquard \u00e0 deux mains - Atelier ARLAINE 2025 - ChristalLK\" \/>\n<meta property=\"og:description\" content=\"Le jacquard \u00e0 deux mains n&#039;aura plus de secrets pour vous : amusez vous avec ce point et ses infinit\u00e9s de possibilit\u00e9 de motifs.\" \/>\n<meta property=\"og:url\" content=\"https:\/\/www.christallk.com\/en\/product\/introduction-au-jacquard-a-deux-mains-atelier-arlaine\/\" \/>\n<meta property=\"og:site_name\" content=\"ChristalLK\" \/>\n<meta property=\"article:publisher\" content=\"https:\/\/www.facebook.com\/ChristalLittleK\/\" \/>\n<meta property=\"article:modified_time\" content=\"2025-09-20T18:12:06+00:00\" \/>\n<meta property=\"og:image\" content=\"https:\/\/www.christallk.com\/wp-content\/uploads\/2024\/01\/workshopjacquard.jpg\" \/>\n\t<meta property=\"og:image:width\" content=\"1080\" \/>\n\t<meta property=\"og:image:height\" content=\"1080\" \/>\n\t<meta property=\"og:image:type\" content=\"image\/jpeg\" \/>\n<meta name=\"twitter:card\" content=\"summary_large_image\" \/>\n<meta name=\"twitter:label1\" content=\"Est. reading time\" \/>\n\t<meta name=\"twitter:data1\" content=\"1 minute\" \/>\n<script type=\"application\/ld+json\" class=\"yoast-schema-graph\">{\"@context\":\"https:\\\/\\\/schema.org\",\"@graph\":[{\"@type\":\"WebPage\",\"@id\":\"https:\\\/\\\/www.christallk.com\\\/product\\\/introduction-au-jacquard-a-deux-mains-atelier-arlaine\\\/\",\"url\":\"https:\\\/\\\/www.christallk.com\\\/product\\\/introduction-au-jacquard-a-deux-mains-atelier-arlaine\\\/\",\"name\":\"Introduction au jacquard \u00e0 deux mains - Atelier ARLAINE 2025 - ChristalLK\",\"isPartOf\":{\"@id\":\"https:\\\/\\\/www.christallk.com\\\/#website\"},\"primaryImageOfPage\":{\"@id\":\"https:\\\/\\\/www.christallk.com\\\/product\\\/introduction-au-jacquard-a-deux-mains-atelier-arlaine\\\/#primaryimage\"},\"image\":{\"@id\":\"https:\\\/\\\/www.christallk.com\\\/product\\\/introduction-au-jacquard-a-deux-mains-atelier-arlaine\\\/#primaryimage\"},\"thumbnailUrl\":\"https:\\\/\\\/www.christallk.com\\\/wp-content\\\/uploads\\\/2024\\\/01\\\/workshopjacquard.jpg\",\"datePublished\":\"2024-01-30T10:00:43+00:00\",\"dateModified\":\"2025-09-20T18:12:06+00:00\",\"description\":\"Le jacquard \u00e0 deux mains n'aura plus de secrets pour vous : amusez vous avec ce point et ses infinit\u00e9s de possibilit\u00e9 de motifs.\",\"breadcrumb\":{\"@id\":\"https:\\\/\\\/www.christallk.com\\\/product\\\/introduction-au-jacquard-a-deux-mains-atelier-arlaine\\\/#breadcrumb\"},\"inLanguage\":\"en-US\",\"potentialAction\":[{\"@type\":\"ReadAction\",\"target\":[\"https:\\\/\\\/www.christallk.com\\\/product\\\/introduction-au-jacquard-a-deux-mains-atelier-arlaine\\\/\"]}]},{\"@type\":\"ImageObject\",\"inLanguage\":\"en-US\",\"@id\":\"https:\\\/\\\/www.christallk.com\\\/product\\\/introduction-au-jacquard-a-deux-mains-atelier-arlaine\\\/#primaryimage\",\"url\":\"https:\\\/\\\/www.christallk.com\\\/wp-content\\\/uploads\\\/2024\\\/01\\\/workshopjacquard.jpg\",\"contentUrl\":\"https:\\\/\\\/www.christallk.com\\\/wp-content\\\/uploads\\\/2024\\\/01\\\/workshopjacquard.jpg\",\"width\":1080,\"height\":1080},{\"@type\":\"BreadcrumbList\",\"@id\":\"https:\\\/\\\/www.christallk.com\\\/product\\\/introduction-au-jacquard-a-deux-mains-atelier-arlaine\\\/#breadcrumb\",\"itemListElement\":[{\"@type\":\"ListItem\",\"position\":1,\"name\":\"Home\",\"item\":\"https:\\\/\\\/www.christallk.com\\\/\"},{\"@type\":\"ListItem\",\"position\":2,\"name\":\"Boutique\",\"item\":\"https:\\\/\\\/www.christallk.com\\\/language\\\/fr\\\/shop\\\/\"},{\"@type\":\"ListItem\",\"position\":3,\"name\":\"Introduction au jacquard \u00e0 deux mains &#8211; Atelier ARLAINE 2025\"}]},{\"@type\":\"WebSite\",\"@id\":\"https:\\\/\\\/www.christallk.com\\\/#website\",\"url\":\"https:\\\/\\\/www.christallk.com\\\/\",\"name\":\"ChristalLK\",\"description\":\"ChristalLK Website\",\"publisher\":{\"@id\":\"https:\\\/\\\/www.christallk.com\\\/#organization\"},\"potentialAction\":[{\"@type\":\"SearchAction\",\"target\":{\"@type\":\"EntryPoint\",\"urlTemplate\":\"https:\\\/\\\/www.christallk.com\\\/?s={search_term_string}\"},\"query-input\":{\"@type\":\"PropertyValueSpecification\",\"valueRequired\":true,\"valueName\":\"search_term_string\"}}],\"inLanguage\":\"en-US\"},{\"@type\":\"Organization\",\"@id\":\"https:\\\/\\\/www.christallk.com\\\/#organization\",\"name\":\"ChristalLK\",\"url\":\"https:\\\/\\\/www.christallk.com\\\/\",\"logo\":{\"@type\":\"ImageObject\",\"inLanguage\":\"en-US\",\"@id\":\"https:\\\/\\\/www.christallk.com\\\/#\\\/schema\\\/logo\\\/image\\\/\",\"url\":\"https:\\\/\\\/i2.wp.com\\\/www.christallk.com\\\/wp-content\\\/uploads\\\/2020\\\/05\\\/canvas_logo_clk.png?fit=650%2C600\",\"contentUrl\":\"https:\\\/\\\/i2.wp.com\\\/www.christallk.com\\\/wp-content\\\/uploads\\\/2020\\\/05\\\/canvas_logo_clk.png?fit=650%2C600\",\"width\":650,\"height\":600,\"caption\":\"ChristalLK\"},\"image\":{\"@id\":\"https:\\\/\\\/www.christallk.com\\\/#\\\/schema\\\/logo\\\/image\\\/\"},\"sameAs\":[\"https:\\\/\\\/www.facebook.com\\\/ChristalLittleK\\\/\",\"https:\\\/\\\/www.instagram.com\\\/christallittlek\\\/\",\"https:\\\/\\\/www.pinterest.com\\\/christallk1637\\\/\",\"https:\\\/\\\/www.youtube.com\\\/channel\\\/UCk8kNDAInlkf2fCr6pU-_oA?view_as=subscriber\"]}]}<\/script>\n<!-- \/ Yoast SEO plugin. -->","yoast_head_json":{"title":"Introduction au jacquard \u00e0 deux mains - Atelier ARLAINE 2025 - ChristalLK","description":"Le jacquard \u00e0 deux mains n'aura plus de secrets pour vous : amusez vous avec ce point et ses infinit\u00e9s de possibilit\u00e9 de motifs.","robots":{"index":"index","follow":"follow","max-snippet":"max-snippet:-1","max-image-preview":"max-image-preview:large","max-video-preview":"max-video-preview:-1"},"canonical":"https:\/\/www.christallk.com\/en\/product\/introduction-au-jacquard-a-deux-mains-atelier-arlaine\/","og_locale":"en_US","og_type":"article","og_title":"Introduction au jacquard \u00e0 deux mains - Atelier ARLAINE 2025 - ChristalLK","og_description":"Le jacquard \u00e0 deux mains n'aura plus de secrets pour vous : amusez vous avec ce point et ses infinit\u00e9s de possibilit\u00e9 de motifs.","og_url":"https:\/\/www.christallk.com\/en\/product\/introduction-au-jacquard-a-deux-mains-atelier-arlaine\/","og_site_name":"ChristalLK","article_publisher":"https:\/\/www.facebook.com\/ChristalLittleK\/","article_modified_time":"2025-09-20T18:12:06+00:00","og_image":[{"width":1080,"height":1080,"url":"https:\/\/www.christallk.com\/wp-content\/uploads\/2024\/01\/workshopjacquard.jpg","type":"image\/jpeg"}],"twitter_card":"summary_large_image","twitter_misc":{"Est. reading time":"1 minute"},"schema":{"@context":"https:\/\/schema.org","@graph":[{"@type":"WebPage","@id":"https:\/\/www.christallk.com\/product\/introduction-au-jacquard-a-deux-mains-atelier-arlaine\/","url":"https:\/\/www.christallk.com\/product\/introduction-au-jacquard-a-deux-mains-atelier-arlaine\/","name":"Introduction au jacquard \u00e0 deux mains - Atelier ARLAINE 2025 - ChristalLK","isPartOf":{"@id":"https:\/\/www.christallk.com\/#website"},"primaryImageOfPage":{"@id":"https:\/\/www.christallk.com\/product\/introduction-au-jacquard-a-deux-mains-atelier-arlaine\/#primaryimage"},"image":{"@id":"https:\/\/www.christallk.com\/product\/introduction-au-jacquard-a-deux-mains-atelier-arlaine\/#primaryimage"},"thumbnailUrl":"https:\/\/www.christallk.com\/wp-content\/uploads\/2024\/01\/workshopjacquard.jpg","datePublished":"2024-01-30T10:00:43+00:00","dateModified":"2025-09-20T18:12:06+00:00","description":"Le jacquard \u00e0 deux mains n'aura plus de secrets pour vous : amusez vous avec ce point et ses infinit\u00e9s de possibilit\u00e9 de motifs.","breadcrumb":{"@id":"https:\/\/www.christallk.com\/product\/introduction-au-jacquard-a-deux-mains-atelier-arlaine\/#breadcrumb"},"inLanguage":"en-US","potentialAction":[{"@type":"ReadAction","target":["https:\/\/www.christallk.com\/product\/introduction-au-jacquard-a-deux-mains-atelier-arlaine\/"]}]},{"@type":"ImageObject","inLanguage":"en-US","@id":"https:\/\/www.christallk.com\/product\/introduction-au-jacquard-a-deux-mains-atelier-arlaine\/#primaryimage","url":"https:\/\/www.christallk.com\/wp-content\/uploads\/2024\/01\/workshopjacquard.jpg","contentUrl":"https:\/\/www.christallk.com\/wp-content\/uploads\/2024\/01\/workshopjacquard.jpg","width":1080,"height":1080},{"@type":"BreadcrumbList","@id":"https:\/\/www.christallk.com\/product\/introduction-au-jacquard-a-deux-mains-atelier-arlaine\/#breadcrumb","itemListElement":[{"@type":"ListItem","position":1,"name":"Home","item":"https:\/\/www.christallk.com\/"},{"@type":"ListItem","position":2,"name":"Boutique","item":"https:\/\/www.christallk.com\/language\/fr\/shop\/"},{"@type":"ListItem","position":3,"name":"Introduction au jacquard \u00e0 deux mains &#8211; Atelier ARLAINE 2025"}]},{"@type":"WebSite","@id":"https:\/\/www.christallk.com\/#website","url":"https:\/\/www.christallk.com\/","name":"ChristalLK","description":"ChristalLK Website","publisher":{"@id":"https:\/\/www.christallk.com\/#organization"},"potentialAction":[{"@type":"SearchAction","target":{"@type":"EntryPoint","urlTemplate":"https:\/\/www.christallk.com\/?s={search_term_string}"},"query-input":{"@type":"PropertyValueSpecification","valueRequired":true,"valueName":"search_term_string"}}],"inLanguage":"en-US"},{"@type":"Organization","@id":"https:\/\/www.christallk.com\/#organization","name":"ChristalLK","url":"https:\/\/www.christallk.com\/","logo":{"@type":"ImageObject","inLanguage":"en-US","@id":"https:\/\/www.christallk.com\/#\/schema\/logo\/image\/","url":"https:\/\/i2.wp.com\/www.christallk.com\/wp-content\/uploads\/2020\/05\/canvas_logo_clk.png?fit=650%2C600","contentUrl":"https:\/\/i2.wp.com\/www.christallk.com\/wp-content\/uploads\/2020\/05\/canvas_logo_clk.png?fit=650%2C600","width":650,"height":600,"caption":"ChristalLK"},"image":{"@id":"https:\/\/www.christallk.com\/#\/schema\/logo\/image\/"},"sameAs":["https:\/\/www.facebook.com\/ChristalLittleK\/","https:\/\/www.instagram.com\/christallittlek\/","https:\/\/www.pinterest.com\/christallk1637\/","https:\/\/www.youtube.com\/channel\/UCk8kNDAInlkf2fCr6pU-_oA?view_as=subscriber"]}]}},"jetpack_publicize_connections":[],"jetpack_likes_enabled":true,"jetpack-related-posts":[{"id":4300,"url":"https:\/\/www.christallk.com\/en\/product\/delftware-cowl\/","url_meta":{"origin":5450,"position":0},"title":"DELFTWARE COWL","author":"Christelle","date":"October 19, 2021","format":false,"excerpt":"The Delftware Cowl is a jacquard cowl that alternates sections of fairly simple jacquard with a large panel of very fine pattern. This cowl will allow you to try your hand at jacquard because it has no purl rows and is knitted in a tube. Downloadable PDF pattern: once\u2026","rel":"","context":"Similar post","block_context":{"text":"Similar post","link":""},"img":{"alt_text":"","src":"https:\/\/i0.wp.com\/www.christallk.com\/wp-content\/uploads\/2021\/10\/IMG_8735-2.jpg?resize=350%2C200&ssl=1","width":350,"height":200,"srcset":"https:\/\/i0.wp.com\/www.christallk.com\/wp-content\/uploads\/2021\/10\/IMG_8735-2.jpg?resize=350%2C200&ssl=1 1x, https:\/\/i0.wp.com\/www.christallk.com\/wp-content\/uploads\/2021\/10\/IMG_8735-2.jpg?resize=525%2C300&ssl=1 1.5x, https:\/\/i0.wp.com\/www.christallk.com\/wp-content\/uploads\/2021\/10\/IMG_8735-2.jpg?resize=700%2C400&ssl=1 2x"},"classes":[]},{"id":4005,"url":"https:\/\/www.christallk.com\/en\/product\/irenes-wallpaper\/","url_meta":{"origin":5450,"position":1},"title":"IRENE&#039;S WALLPAPER","author":"Christelle","date":"June 23, 2021","format":false,"excerpt":"Irene&#039;s Wallpaper is a pretty jacquard collar knitted in a tube and then grafted at the end. I found my inspiration in the Sherlock series. Downloadable PDF pattern: once the order is validated, a download link is available on the order page. Remember to download it because\u2026","rel":"","context":"Similar post","block_context":{"text":"Similar post","link":""},"img":{"alt_text":"","src":"https:\/\/i0.wp.com\/www.christallk.com\/wp-content\/uploads\/2021\/06\/IMG_5473-2.jpg?resize=350%2C200&ssl=1","width":350,"height":200,"srcset":"https:\/\/i0.wp.com\/www.christallk.com\/wp-content\/uploads\/2021\/06\/IMG_5473-2.jpg?resize=350%2C200&ssl=1 1x, https:\/\/i0.wp.com\/www.christallk.com\/wp-content\/uploads\/2021\/06\/IMG_5473-2.jpg?resize=525%2C300&ssl=1 1.5x"},"classes":[]},{"id":3924,"url":"https:\/\/www.christallk.com\/en\/product\/the-wolf\/","url_meta":{"origin":5450,"position":2},"title":"THE WOLF","author":"Christelle","date":"June 23, 2021","format":false,"excerpt":"The Wolf is a lovely pair of jacquard mittens from the Magical Creatures collection. The story of the Magical Creatures collection is here. Downloadable PDF pattern: Once your order is confirmed, a download link is available on the order page. Remember to download it because\u2026","rel":"","context":"Similar post","block_context":{"text":"Similar post","link":""},"img":{"alt_text":"","src":"https:\/\/i0.wp.com\/www.christallk.com\/wp-content\/uploads\/2021\/06\/20200206_152845-01_pt.jpeg?resize=350%2C200&ssl=1","width":350,"height":200,"srcset":"https:\/\/i0.wp.com\/www.christallk.com\/wp-content\/uploads\/2021\/06\/20200206_152845-01_pt.jpeg?resize=350%2C200&ssl=1 1x, https:\/\/i0.wp.com\/www.christallk.com\/wp-content\/uploads\/2021\/06\/20200206_152845-01_pt.jpeg?resize=525%2C300&ssl=1 1.5x, https:\/\/i0.wp.com\/www.christallk.com\/wp-content\/uploads\/2021\/06\/20200206_152845-01_pt.jpeg?resize=700%2C400&ssl=1 2x"},"classes":[]},{"id":3937,"url":"https:\/\/www.christallk.com\/en\/product\/the-snow-owl\/","url_meta":{"origin":5450,"position":3},"title":"THE SNOW OWL","author":"Christelle","date":"June 23, 2021","format":false,"excerpt":"The Snow Owl is a lovely pair of jacquard mittens from the Magical Creatures collection. The story of the Magical Creatures collection is here. Downloadable PDF pattern: Once your order is confirmed, a download link is available on the order page. Remember to download it...","rel":"","context":"Similar post","block_context":{"text":"Similar post","link":""},"img":{"alt_text":"","src":"https:\/\/i0.wp.com\/www.christallk.com\/wp-content\/uploads\/2021\/06\/IMG_7406-2.jpg?resize=350%2C200&ssl=1","width":350,"height":200,"srcset":"https:\/\/i0.wp.com\/www.christallk.com\/wp-content\/uploads\/2021\/06\/IMG_7406-2.jpg?resize=350%2C200&ssl=1 1x, https:\/\/i0.wp.com\/www.christallk.com\/wp-content\/uploads\/2021\/06\/IMG_7406-2.jpg?resize=525%2C300&ssl=1 1.5x, https:\/\/i0.wp.com\/www.christallk.com\/wp-content\/uploads\/2021\/06\/IMG_7406-2.jpg?resize=700%2C400&ssl=1 2x"},"classes":[]},{"id":3944,"url":"https:\/\/www.christallk.com\/en\/product\/the-phoenix\/","url_meta":{"origin":5450,"position":4},"title":"THE PHOENIX","author":"Christelle","date":"June 23, 2021","format":false,"excerpt":"The Phoenix is a lovely pair of jacquard mittens from the Magical Creatures collection. The story of the Magical Creatures collection is here. Downloadable PDF pattern: Once your order is confirmed, a download link is available on the order page. Remember to download it because\u2026","rel":"","context":"Similar post","block_context":{"text":"Similar post","link":""},"img":{"alt_text":"","src":"https:\/\/i0.wp.com\/www.christallk.com\/wp-content\/uploads\/2021\/06\/IMG_7262-2.jpg?resize=350%2C200&ssl=1","width":350,"height":200,"srcset":"https:\/\/i0.wp.com\/www.christallk.com\/wp-content\/uploads\/2021\/06\/IMG_7262-2.jpg?resize=350%2C200&ssl=1 1x, https:\/\/i0.wp.com\/www.christallk.com\/wp-content\/uploads\/2021\/06\/IMG_7262-2.jpg?resize=525%2C300&ssl=1 1.5x, https:\/\/i0.wp.com\/www.christallk.com\/wp-content\/uploads\/2021\/06\/IMG_7262-2.jpg?resize=700%2C400&ssl=1 2x"},"classes":[]},{"id":5355,"url":"https:\/\/www.christallk.com\/en\/product\/pullpy-mittens\/","url_meta":{"origin":5450,"position":5},"title":"Pullpy Mittens","author":"Christelle","date":"December 2, 2022","format":false,"excerpt":"Pullpy mittens are a pair of pulled-thread jacquard mittens. They require some jacquard experience to manage the back threads in certain areas of the pattern, but they are generally easy to knit. Downloadable PDF pattern: once the order is validated, a download link\u2026","rel":"","context":"Similar post","block_context":{"text":"Similar post","link":""},"img":{"alt_text":"","src":"https:\/\/i0.wp.com\/www.christallk.com\/wp-content\/uploads\/2022\/12\/IMG_9566.jpg?resize=350%2C200&ssl=1","width":350,"height":200,"srcset":"https:\/\/i0.wp.com\/www.christallk.com\/wp-content\/uploads\/2022\/12\/IMG_9566.jpg?resize=350%2C200&ssl=1 1x, https:\/\/i0.wp.com\/www.christallk.com\/wp-content\/uploads\/2022\/12\/IMG_9566.jpg?resize=525%2C300&ssl=1 1.5x, https:\/\/i0.wp.com\/www.christallk.com\/wp-content\/uploads\/2022\/12\/IMG_9566.jpg?resize=700%2C400&ssl=1 2x"},"classes":[]}],"jetpack_sharing_enabled":true,"_links":{"self":[{"href":"https:\/\/www.christallk.com\/en\/wp-json\/wp\/v2\/product\/5450","targetHints":{"allow":["GET"]}}],"collection":[{"href":"https:\/\/www.christallk.com\/en\/wp-json\/wp\/v2\/product"}],"about":[{"href":"https:\/\/www.christallk.com\/en\/wp-json\/wp\/v2\/types\/product"}],"replies":[{"embeddable":true,"href":"https:\/\/www.christallk.com\/en\/wp-json\/wp\/v2\/comments?post=5450"}],"wp:featuredmedia":[{"embeddable":true,"href":"https:\/\/www.christallk.com\/en\/wp-json\/wp\/v2\/media\/6355"}],"wp:attachment":[{"href":"https:\/\/www.christallk.com\/en\/wp-json\/wp\/v2\/media?parent=5450"}],"wp:term":[{"taxonomy":"product_brand","embeddable":true,"href":"https:\/\/www.christallk.com\/en\/wp-json\/wp\/v2\/product_brand?post=5450"},{"taxonomy":"product_cat","embeddable":true,"href":"https:\/\/www.christallk.com\/en\/wp-json\/wp\/v2\/product_cat?post=5450"},{"taxonomy":"product_tag","embeddable":true,"href":"https:\/\/www.christallk.com\/en\/wp-json\/wp\/v2\/product_tag?post=5450"}],"curies":[{"name":"wp","href":"https:\/\/api.w.org\/{rel}","templated":true}]}}