{"id":5632,"date":"2023-03-16T20:55:48","date_gmt":"2023-03-16T19:55:48","guid":{"rendered":"https:\/\/www.christallk.com\/?post_type=product&#038;p=5632"},"modified":"2025-10-06T15:56:11","modified_gmt":"2025-10-06T13:56:11","slug":"le-pelerin-kits","status":"publish","type":"product","link":"https:\/\/www.christallk.com\/en\/product\/le-pelerin-kits\/","title":{"rendered":"Le P\u00e9lerin Kits"},"content":{"rendered":"<p><strong>PLEASE NOTE: QUANTITIES OF KITS IN STOCK ARE LIMITED.<\/strong><\/p>\n<p>In this kit you will find everything you need to make the Le P\u00e9lerine hat.<\/p>\n<h4>This kit contains:<\/h4>\n<ul>\n<li>Le patron Le P\u00e9lerin (<strong>Downloadable PDF pattern in English and French: Once your order is confirmed, a download link is available on the order page. Remember to download it as the link is temporary.<\/strong>)<\/li>\n<li>4 mini skeins, one of 50 g (main color) and 3 of 20 g<\/li>\n<\/ul>\n<h3><strong>Kits available<\/strong> (to be chosen from the drop-down menu)<\/h3>\n<ul>\n<li>Set 1: Smokey \u2013 Diva \u2013 Ivory \u2013 Lichen (pink, green, white and gray)<\/li>\n<li>Set 2: Abyss \u2013 Red Fox \u2013 Ivory \u2013 Moss (blue, white, rust and green)<\/li>\n<\/ul>\n<div id=\"ConnectiveDocSignExtentionInstalled\" data-extension-version=\"1.0.4\"><\/div>","protected":false},"excerpt":{"rendered":"<p><strong>PLEASE NOTE: QUANTITIES OF KITS IN STOCK ARE LIMITED.<\/strong><\/p>\n<p>In this kit you will find everything you need to make the Le P\u00e9lerin hat.<\/p>\n<p><em><strong>VAT and delivery charges are calculated at checkout. You will also find two p<\/strong><strong>Atrons PDF downloads in English and French: Once your order is confirmed, a download link is available on the order page. Remember to download it, as the link is temporary.<\/strong><\/em><\/p>\n<div id=\"ConnectiveDocSignExtentionInstalled\" data-extension-version=\"1.0.4\"><\/div>","protected":false},"featured_media":5637,"comment_status":"closed","ping_status":"closed","template":"","meta":{"jetpack_publicize_message":"","jetpack_publicize_feature_enabled":true,"jetpack_social_post_already_shared":true,"jetpack_social_options":{"image_generator_settings":{"template":"highway","default_image_id":0,"font":"","enabled":false},"version":2}},"product_brand":[],"product_cat":[321,322,319,354,316,318,308],"product_tag":[],"class_list":{"0":"post-5632","1":"product","2":"type-product","3":"status-publish","4":"has-post-thumbnail","6":"product_cat-accessoires","7":"product_cat-accessories","8":"product_cat-english-pattern","9":"product_cat-kits","10":"product_cat-yarn-laine","11":"product_cat-patrons-en-francais","12":"product_cat-patterns-modeles","15":"first","16":"onbackorder","17":"taxable","18":"shipping-taxable","19":"purchasable","20":"product-type-variable"},"yoast_head":"<!-- This site is optimized with the Yoast SEO plugin v27.5 - https:\/\/yoast.com\/product\/yoast-seo-wordpress\/ -->\n<title>Le P\u00e9lerin Kits - ChristalLK<\/title>\n<meta name=\"description\" content=\"In this kit, you will find everything you need to knit Le P\u00e9lerin Hat, a perfect way to try the new Made In France base : Peregrine DK.\" \/>\n<meta name=\"robots\" content=\"index, follow, max-snippet:-1, max-image-preview:large, max-video-preview:-1\" \/>\n<link rel=\"canonical\" href=\"https:\/\/www.christallk.com\/en\/product\/le-pelerin-kits\/\" \/>\n<meta property=\"og:locale\" content=\"en_US\" \/>\n<meta property=\"og:type\" content=\"article\" \/>\n<meta property=\"og:title\" content=\"Le P\u00e9lerin Kits - ChristalLK\" \/>\n<meta property=\"og:description\" content=\"In this kit, you will find everything you need to knit Le P\u00e9lerin Hat, a perfect way to try the new Made In France base : Peregrine DK.\" \/>\n<meta property=\"og:url\" content=\"https:\/\/www.christallk.com\/en\/product\/le-pelerin-kits\/\" \/>\n<meta property=\"og:site_name\" content=\"ChristalLK\" \/>\n<meta property=\"article:publisher\" content=\"https:\/\/www.facebook.com\/ChristalLittleK\/\" \/>\n<meta property=\"article:modified_time\" content=\"2025-10-06T13:56:11+00:00\" \/>\n<meta property=\"og:image\" content=\"https:\/\/www.christallk.com\/wp-content\/uploads\/2023\/03\/20230220_114132-01-scaled.jpeg\" \/>\n\t<meta property=\"og:image:width\" content=\"2048\" \/>\n\t<meta property=\"og:image:height\" content=\"2560\" \/>\n\t<meta property=\"og:image:type\" content=\"image\/jpeg\" \/>\n<meta name=\"twitter:card\" content=\"summary_large_image\" \/>\n<meta name=\"twitter:label1\" content=\"Est. reading time\" \/>\n\t<meta name=\"twitter:data1\" content=\"1 minute\" \/>\n<script type=\"application\/ld+json\" class=\"yoast-schema-graph\">{\"@context\":\"https:\\\/\\\/schema.org\",\"@graph\":[{\"@type\":\"WebPage\",\"@id\":\"https:\\\/\\\/www.christallk.com\\\/product\\\/le-pelerin-kits\\\/\",\"url\":\"https:\\\/\\\/www.christallk.com\\\/product\\\/le-pelerin-kits\\\/\",\"name\":\"Le P\u00e9lerin Kits - ChristalLK\",\"isPartOf\":{\"@id\":\"https:\\\/\\\/www.christallk.com\\\/#website\"},\"primaryImageOfPage\":{\"@id\":\"https:\\\/\\\/www.christallk.com\\\/product\\\/le-pelerin-kits\\\/#primaryimage\"},\"image\":{\"@id\":\"https:\\\/\\\/www.christallk.com\\\/product\\\/le-pelerin-kits\\\/#primaryimage\"},\"thumbnailUrl\":\"https:\\\/\\\/www.christallk.com\\\/wp-content\\\/uploads\\\/2023\\\/03\\\/20230220_114132-01-scaled.jpeg\",\"datePublished\":\"2023-03-16T19:55:48+00:00\",\"dateModified\":\"2025-10-06T13:56:11+00:00\",\"description\":\"In this kit, you will find everything you need to knit Le P\u00e9lerin Hat, a perfect way to try the new Made In France base : Peregrine DK.\",\"breadcrumb\":{\"@id\":\"https:\\\/\\\/www.christallk.com\\\/product\\\/le-pelerin-kits\\\/#breadcrumb\"},\"inLanguage\":\"en-US\",\"potentialAction\":[{\"@type\":\"ReadAction\",\"target\":[\"https:\\\/\\\/www.christallk.com\\\/product\\\/le-pelerin-kits\\\/\"]}]},{\"@type\":\"ImageObject\",\"inLanguage\":\"en-US\",\"@id\":\"https:\\\/\\\/www.christallk.com\\\/product\\\/le-pelerin-kits\\\/#primaryimage\",\"url\":\"https:\\\/\\\/www.christallk.com\\\/wp-content\\\/uploads\\\/2023\\\/03\\\/20230220_114132-01-scaled.jpeg\",\"contentUrl\":\"https:\\\/\\\/www.christallk.com\\\/wp-content\\\/uploads\\\/2023\\\/03\\\/20230220_114132-01-scaled.jpeg\",\"width\":2048,\"height\":2560},{\"@type\":\"BreadcrumbList\",\"@id\":\"https:\\\/\\\/www.christallk.com\\\/product\\\/le-pelerin-kits\\\/#breadcrumb\",\"itemListElement\":[{\"@type\":\"ListItem\",\"position\":1,\"name\":\"Home\",\"item\":\"https:\\\/\\\/www.christallk.com\\\/\"},{\"@type\":\"ListItem\",\"position\":2,\"name\":\"Boutique\",\"item\":\"https:\\\/\\\/www.christallk.com\\\/language\\\/fr\\\/shop\\\/\"},{\"@type\":\"ListItem\",\"position\":3,\"name\":\"Le P\u00e9lerin Kits\"}]},{\"@type\":\"WebSite\",\"@id\":\"https:\\\/\\\/www.christallk.com\\\/#website\",\"url\":\"https:\\\/\\\/www.christallk.com\\\/\",\"name\":\"ChristalLK\",\"description\":\"ChristalLK Website\",\"publisher\":{\"@id\":\"https:\\\/\\\/www.christallk.com\\\/#organization\"},\"potentialAction\":[{\"@type\":\"SearchAction\",\"target\":{\"@type\":\"EntryPoint\",\"urlTemplate\":\"https:\\\/\\\/www.christallk.com\\\/?s={search_term_string}\"},\"query-input\":{\"@type\":\"PropertyValueSpecification\",\"valueRequired\":true,\"valueName\":\"search_term_string\"}}],\"inLanguage\":\"en-US\"},{\"@type\":\"Organization\",\"@id\":\"https:\\\/\\\/www.christallk.com\\\/#organization\",\"name\":\"ChristalLK\",\"url\":\"https:\\\/\\\/www.christallk.com\\\/\",\"logo\":{\"@type\":\"ImageObject\",\"inLanguage\":\"en-US\",\"@id\":\"https:\\\/\\\/www.christallk.com\\\/#\\\/schema\\\/logo\\\/image\\\/\",\"url\":\"https:\\\/\\\/i2.wp.com\\\/www.christallk.com\\\/wp-content\\\/uploads\\\/2020\\\/05\\\/canvas_logo_clk.png?fit=650%2C600\",\"contentUrl\":\"https:\\\/\\\/i2.wp.com\\\/www.christallk.com\\\/wp-content\\\/uploads\\\/2020\\\/05\\\/canvas_logo_clk.png?fit=650%2C600\",\"width\":650,\"height\":600,\"caption\":\"ChristalLK\"},\"image\":{\"@id\":\"https:\\\/\\\/www.christallk.com\\\/#\\\/schema\\\/logo\\\/image\\\/\"},\"sameAs\":[\"https:\\\/\\\/www.facebook.com\\\/ChristalLittleK\\\/\",\"https:\\\/\\\/www.instagram.com\\\/christallittlek\\\/\",\"https:\\\/\\\/www.pinterest.com\\\/christallk1637\\\/\",\"https:\\\/\\\/www.youtube.com\\\/channel\\\/UCk8kNDAInlkf2fCr6pU-_oA?view_as=subscriber\"]}]}<\/script>\n<!-- \/ Yoast SEO plugin. -->","yoast_head_json":{"title":"Le P\u00e9lerin Kits - ChristalLK","description":"In this kit, you will find everything you need to knit Le P\u00e9lerin Hat, a perfect way to try the new Made In France base : Peregrine DK.","robots":{"index":"index","follow":"follow","max-snippet":"max-snippet:-1","max-image-preview":"max-image-preview:large","max-video-preview":"max-video-preview:-1"},"canonical":"https:\/\/www.christallk.com\/en\/product\/le-pelerin-kits\/","og_locale":"en_US","og_type":"article","og_title":"Le P\u00e9lerin Kits - ChristalLK","og_description":"In this kit, you will find everything you need to knit Le P\u00e9lerin Hat, a perfect way to try the new Made In France base : Peregrine DK.","og_url":"https:\/\/www.christallk.com\/en\/product\/le-pelerin-kits\/","og_site_name":"ChristalLK","article_publisher":"https:\/\/www.facebook.com\/ChristalLittleK\/","article_modified_time":"2025-10-06T13:56:11+00:00","og_image":[{"width":2048,"height":2560,"url":"https:\/\/www.christallk.com\/wp-content\/uploads\/2023\/03\/20230220_114132-01-scaled.jpeg","type":"image\/jpeg"}],"twitter_card":"summary_large_image","twitter_misc":{"Est. reading time":"1 minute"},"schema":{"@context":"https:\/\/schema.org","@graph":[{"@type":"WebPage","@id":"https:\/\/www.christallk.com\/product\/le-pelerin-kits\/","url":"https:\/\/www.christallk.com\/product\/le-pelerin-kits\/","name":"Le P\u00e9lerin Kits - ChristalLK","isPartOf":{"@id":"https:\/\/www.christallk.com\/#website"},"primaryImageOfPage":{"@id":"https:\/\/www.christallk.com\/product\/le-pelerin-kits\/#primaryimage"},"image":{"@id":"https:\/\/www.christallk.com\/product\/le-pelerin-kits\/#primaryimage"},"thumbnailUrl":"https:\/\/www.christallk.com\/wp-content\/uploads\/2023\/03\/20230220_114132-01-scaled.jpeg","datePublished":"2023-03-16T19:55:48+00:00","dateModified":"2025-10-06T13:56:11+00:00","description":"In this kit, you will find everything you need to knit Le P\u00e9lerin Hat, a perfect way to try the new Made In France base : Peregrine DK.","breadcrumb":{"@id":"https:\/\/www.christallk.com\/product\/le-pelerin-kits\/#breadcrumb"},"inLanguage":"en-US","potentialAction":[{"@type":"ReadAction","target":["https:\/\/www.christallk.com\/product\/le-pelerin-kits\/"]}]},{"@type":"ImageObject","inLanguage":"en-US","@id":"https:\/\/www.christallk.com\/product\/le-pelerin-kits\/#primaryimage","url":"https:\/\/www.christallk.com\/wp-content\/uploads\/2023\/03\/20230220_114132-01-scaled.jpeg","contentUrl":"https:\/\/www.christallk.com\/wp-content\/uploads\/2023\/03\/20230220_114132-01-scaled.jpeg","width":2048,"height":2560},{"@type":"BreadcrumbList","@id":"https:\/\/www.christallk.com\/product\/le-pelerin-kits\/#breadcrumb","itemListElement":[{"@type":"ListItem","position":1,"name":"Home","item":"https:\/\/www.christallk.com\/"},{"@type":"ListItem","position":2,"name":"Boutique","item":"https:\/\/www.christallk.com\/language\/fr\/shop\/"},{"@type":"ListItem","position":3,"name":"Le P\u00e9lerin Kits"}]},{"@type":"WebSite","@id":"https:\/\/www.christallk.com\/#website","url":"https:\/\/www.christallk.com\/","name":"ChristalLK","description":"ChristalLK Website","publisher":{"@id":"https:\/\/www.christallk.com\/#organization"},"potentialAction":[{"@type":"SearchAction","target":{"@type":"EntryPoint","urlTemplate":"https:\/\/www.christallk.com\/?s={search_term_string}"},"query-input":{"@type":"PropertyValueSpecification","valueRequired":true,"valueName":"search_term_string"}}],"inLanguage":"en-US"},{"@type":"Organization","@id":"https:\/\/www.christallk.com\/#organization","name":"ChristalLK","url":"https:\/\/www.christallk.com\/","logo":{"@type":"ImageObject","inLanguage":"en-US","@id":"https:\/\/www.christallk.com\/#\/schema\/logo\/image\/","url":"https:\/\/i2.wp.com\/www.christallk.com\/wp-content\/uploads\/2020\/05\/canvas_logo_clk.png?fit=650%2C600","contentUrl":"https:\/\/i2.wp.com\/www.christallk.com\/wp-content\/uploads\/2020\/05\/canvas_logo_clk.png?fit=650%2C600","width":650,"height":600,"caption":"ChristalLK"},"image":{"@id":"https:\/\/www.christallk.com\/#\/schema\/logo\/image\/"},"sameAs":["https:\/\/www.facebook.com\/ChristalLittleK\/","https:\/\/www.instagram.com\/christallittlek\/","https:\/\/www.pinterest.com\/christallk1637\/","https:\/\/www.youtube.com\/channel\/UCk8kNDAInlkf2fCr6pU-_oA?view_as=subscriber"]}]}},"jetpack_publicize_connections":[],"jetpack_likes_enabled":true,"jetpack-related-posts":[{"id":5191,"url":"https:\/\/www.christallk.com\/en\/product\/winter-in-scotland-kits\/","url_meta":{"origin":5632,"position":0},"title":"Winter in Scotland Kits","author":"Christelle","date":"September 28, 2022","format":false,"excerpt":"Dans ce kit, vous trouverez tout le n\u00e9cessaire pour faire une paires de moufles Winter In Scotland. La TVA et les frais de livraison sont calcul\u00e9s \u00e0 la validation du panier. Vous trouverez aussi deux patrons pdf t\u00e9l\u00e9chargeables en anglais et en fran\u00e7ais : une fois la commande valid\u00e9e, un\u2026","rel":"","context":"Similar post","block_context":{"text":"Similar post","link":""},"img":{"alt_text":"","src":"https:\/\/i0.wp.com\/www.christallk.com\/wp-content\/uploads\/2022\/09\/20220928_113934-01-scaled.jpeg?resize=350%2C200&ssl=1","width":350,"height":200,"srcset":"https:\/\/i0.wp.com\/www.christallk.com\/wp-content\/uploads\/2022\/09\/20220928_113934-01-scaled.jpeg?resize=350%2C200&ssl=1 1x, https:\/\/i0.wp.com\/www.christallk.com\/wp-content\/uploads\/2022\/09\/20220928_113934-01-scaled.jpeg?resize=525%2C300&ssl=1 1.5x, https:\/\/i0.wp.com\/www.christallk.com\/wp-content\/uploads\/2022\/09\/20220928_113934-01-scaled.jpeg?resize=700%2C400&ssl=1 2x, https:\/\/i0.wp.com\/www.christallk.com\/wp-content\/uploads\/2022\/09\/20220928_113934-01-scaled.jpeg?resize=1050%2C600&ssl=1 3x, https:\/\/i0.wp.com\/www.christallk.com\/wp-content\/uploads\/2022\/09\/20220928_113934-01-scaled.jpeg?resize=1400%2C800&ssl=1 4x"},"classes":[]},{"id":5794,"url":"https:\/\/www.christallk.com\/en\/product\/boboli-bag-kit-deluxe\/","url_meta":{"origin":5632,"position":1},"title":"Boboli Bag Kits DeLuxe","author":"Christelle","date":"June 5, 2023","format":false,"excerpt":"This kit contains everything you need to make a Boboli bag. VAT and shipping are calculated at checkout. You&#039;ll also find two downloadable PDF patterns in English and French. Once your order is confirmed, a download link is available.","rel":"","context":"Similar post","block_context":{"text":"Similar post","link":""},"img":{"alt_text":"","src":"https:\/\/i0.wp.com\/www.christallk.com\/wp-content\/uploads\/2023\/06\/20230516_121327-scaled.jpg?resize=350%2C200&ssl=1","width":350,"height":200,"srcset":"https:\/\/i0.wp.com\/www.christallk.com\/wp-content\/uploads\/2023\/06\/20230516_121327-scaled.jpg?resize=350%2C200&ssl=1 1x, https:\/\/i0.wp.com\/www.christallk.com\/wp-content\/uploads\/2023\/06\/20230516_121327-scaled.jpg?resize=525%2C300&ssl=1 1.5x, https:\/\/i0.wp.com\/www.christallk.com\/wp-content\/uploads\/2023\/06\/20230516_121327-scaled.jpg?resize=700%2C400&ssl=1 2x, https:\/\/i0.wp.com\/www.christallk.com\/wp-content\/uploads\/2023\/06\/20230516_121327-scaled.jpg?resize=1050%2C600&ssl=1 3x, https:\/\/i0.wp.com\/www.christallk.com\/wp-content\/uploads\/2023\/06\/20230516_121327-scaled.jpg?resize=1400%2C800&ssl=1 4x"},"classes":[]},{"id":7035,"url":"https:\/\/www.christallk.com\/en\/product\/kits-petalsoflove\/","url_meta":{"origin":5632,"position":2},"title":"Petals of Love Kits","author":"Christelle","date":"December 27, 2024","format":false,"excerpt":"Au vu du succ\u00e8s de la Box Saint Valentin, nous vous proposons des kits comprenant patron et fil, tout pour tricoter cette paire de mitaines La TVA et les frais de livraison sont calcul\u00e9s \u00e0 la validation du panier. Patron pdf t\u00e9l\u00e9chargeable : une fois la commande valid\u00e9e, un lien\u2026","rel":"","context":"Similar post","block_context":{"text":"Similar post","link":""},"img":{"alt_text":"","src":"https:\/\/i0.wp.com\/www.christallk.com\/wp-content\/uploads\/2024\/12\/Sans-titre.jpg?resize=350%2C200&ssl=1","width":350,"height":200,"srcset":"https:\/\/i0.wp.com\/www.christallk.com\/wp-content\/uploads\/2024\/12\/Sans-titre.jpg?resize=350%2C200&ssl=1 1x, https:\/\/i0.wp.com\/www.christallk.com\/wp-content\/uploads\/2024\/12\/Sans-titre.jpg?resize=525%2C300&ssl=1 1.5x, https:\/\/i0.wp.com\/www.christallk.com\/wp-content\/uploads\/2024\/12\/Sans-titre.jpg?resize=700%2C400&ssl=1 2x, https:\/\/i0.wp.com\/www.christallk.com\/wp-content\/uploads\/2024\/12\/Sans-titre.jpg?resize=1050%2C600&ssl=1 3x"},"classes":[]},{"id":7338,"url":"https:\/\/www.christallk.com\/en\/product\/constantine\/","url_meta":{"origin":5632,"position":3},"title":"Constantine&#039;s Dream Kits","author":"Christelle","date":"April 4, 2025","format":false,"excerpt":"Voici donc ma version du sublime Constantine\u2019s Dream d'Enrico Castronovo \u2728 et voici les kits pour le reproduire \u00e0 l'identique ! Enjoy ! La TVA et les frais de livraison sont calcul\u00e9s \u00e0 la validation du panier. Le patron est \u00e0 acheter sur Ravelry (lien en description) \u00a0","rel":"","context":"Similar post","block_context":{"text":"Similar post","link":""},"img":{"alt_text":"","src":"https:\/\/i0.wp.com\/www.christallk.com\/wp-content\/uploads\/2025\/04\/IMG_1252-2.jpg?resize=350%2C200&ssl=1","width":350,"height":200,"srcset":"https:\/\/i0.wp.com\/www.christallk.com\/wp-content\/uploads\/2025\/04\/IMG_1252-2.jpg?resize=350%2C200&ssl=1 1x, https:\/\/i0.wp.com\/www.christallk.com\/wp-content\/uploads\/2025\/04\/IMG_1252-2.jpg?resize=525%2C300&ssl=1 1.5x, https:\/\/i0.wp.com\/www.christallk.com\/wp-content\/uploads\/2025\/04\/IMG_1252-2.jpg?resize=700%2C400&ssl=1 2x, https:\/\/i0.wp.com\/www.christallk.com\/wp-content\/uploads\/2025\/04\/IMG_1252-2.jpg?resize=1050%2C600&ssl=1 3x"},"classes":[]},{"id":8244,"url":"https:\/\/www.christallk.com\/en\/product\/kits-mkal-wintergrun\/","url_meta":{"origin":5632,"position":4},"title":"Kits MKAL Wintergr\u00fcn","author":"Christelle","date":"November 5, 2025","format":false,"excerpt":"Kits MKAL \u2013 Wintergr\u00fcn D\u00e9couvrer un myst\u00e8re \u00e0 tricoter au coeur de la for\u00eat d'Anlier avec le tout nouveau Mystery KAL de ChristalLK : Wintergr\u00fcn. Vous trouverez ici de quoi tricoter le MKAL, le patron est \u00e0 acheter s\u00e9par\u00e9ment ici : Wintergr\u00fcn La TVA et les frais de livraison sont\u2026","rel":"","context":"Similar post","block_context":{"text":"Similar post","link":""},"img":{"alt_text":"","src":"https:\/\/i0.wp.com\/www.christallk.com\/wp-content\/uploads\/2025\/11\/Box-tasse-26-x-30-cm-30-x-26-cm-Publication-Instagram-45.jpg?resize=350%2C200&ssl=1","width":350,"height":200,"srcset":"https:\/\/i0.wp.com\/www.christallk.com\/wp-content\/uploads\/2025\/11\/Box-tasse-26-x-30-cm-30-x-26-cm-Publication-Instagram-45.jpg?resize=350%2C200&ssl=1 1x, https:\/\/i0.wp.com\/www.christallk.com\/wp-content\/uploads\/2025\/11\/Box-tasse-26-x-30-cm-30-x-26-cm-Publication-Instagram-45.jpg?resize=525%2C300&ssl=1 1.5x, https:\/\/i0.wp.com\/www.christallk.com\/wp-content\/uploads\/2025\/11\/Box-tasse-26-x-30-cm-30-x-26-cm-Publication-Instagram-45.jpg?resize=700%2C400&ssl=1 2x, https:\/\/i0.wp.com\/www.christallk.com\/wp-content\/uploads\/2025\/11\/Box-tasse-26-x-30-cm-30-x-26-cm-Publication-Instagram-45.jpg?resize=1050%2C600&ssl=1 3x"},"classes":[]},{"id":5698,"url":"https:\/\/www.christallk.com\/en\/product\/le-pelerin\/","url_meta":{"origin":5632,"position":5},"title":"Le P\u00e9lerin","author":"Christelle","date":"March 17, 2023","format":false,"excerpt":"The Pilgrim is a multicolored unisex hat featuring jacquard, slipped stitch, and linen stitch. Downloadable PDF pattern: Once your order is confirmed, a download link is available on the order page. Remember to download it, as the link is temporary. VAT is\u2026","rel":"","context":"Similar post","block_context":{"text":"Similar post","link":""},"img":{"alt_text":"","src":"https:\/\/i0.wp.com\/www.christallk.com\/wp-content\/uploads\/2023\/03\/IMG_9681.jpg?resize=350%2C200&ssl=1","width":350,"height":200,"srcset":"https:\/\/i0.wp.com\/www.christallk.com\/wp-content\/uploads\/2023\/03\/IMG_9681.jpg?resize=350%2C200&ssl=1 1x, https:\/\/i0.wp.com\/www.christallk.com\/wp-content\/uploads\/2023\/03\/IMG_9681.jpg?resize=525%2C300&ssl=1 1.5x, https:\/\/i0.wp.com\/www.christallk.com\/wp-content\/uploads\/2023\/03\/IMG_9681.jpg?resize=700%2C400&ssl=1 2x"},"classes":[]}],"jetpack_sharing_enabled":true,"_links":{"self":[{"href":"https:\/\/www.christallk.com\/en\/wp-json\/wp\/v2\/product\/5632","targetHints":{"allow":["GET"]}}],"collection":[{"href":"https:\/\/www.christallk.com\/en\/wp-json\/wp\/v2\/product"}],"about":[{"href":"https:\/\/www.christallk.com\/en\/wp-json\/wp\/v2\/types\/product"}],"replies":[{"embeddable":true,"href":"https:\/\/www.christallk.com\/en\/wp-json\/wp\/v2\/comments?post=5632"}],"wp:featuredmedia":[{"embeddable":true,"href":"https:\/\/www.christallk.com\/en\/wp-json\/wp\/v2\/media\/5637"}],"wp:attachment":[{"href":"https:\/\/www.christallk.com\/en\/wp-json\/wp\/v2\/media?parent=5632"}],"wp:term":[{"taxonomy":"product_brand","embeddable":true,"href":"https:\/\/www.christallk.com\/en\/wp-json\/wp\/v2\/product_brand?post=5632"},{"taxonomy":"product_cat","embeddable":true,"href":"https:\/\/www.christallk.com\/en\/wp-json\/wp\/v2\/product_cat?post=5632"},{"taxonomy":"product_tag","embeddable":true,"href":"https:\/\/www.christallk.com\/en\/wp-json\/wp\/v2\/product_tag?post=5632"}],"curies":[{"name":"wp","href":"https:\/\/api.w.org\/{rel}","templated":true}]}}