{"id":5794,"date":"2023-06-05T20:55:29","date_gmt":"2023-06-05T18:55:29","guid":{"rendered":"https:\/\/www.christallk.com\/?post_type=product&#038;p=5794"},"modified":"2025-11-16T08:48:05","modified_gmt":"2025-11-16T07:48:05","slug":"boboli-bag-kit-deluxe","status":"publish","type":"product","link":"https:\/\/www.christallk.com\/en\/product\/boboli-bag-kit-deluxe\/","title":{"rendered":"Boboli Bag Kits DeLuxe"},"content":{"rendered":"<p>In this kit you will find everything you need to make the Boboli bag.<\/p>\n<p>The yarn I chose was DMC Nova Vita 4, a 100% recycled cotton yarn made from textile waste. Nova Vita 4 is a versatile tubular yarn for crochet, knitting, and macram\u00e9. You&#039;ll also find its sequined counterpart to give the bag a festive touch in the color choices I&#039;m offering.<\/p>\n<h4>This kit contains:<\/h4>\n<ul>\n<li>The Boboli bag pattern (<strong>Downloadable PDF pattern in English and French: Once your order is confirmed, a download link is available on the order page. Remember to download it as the link is temporary.<\/strong>)<\/li>\n<li>2 cones of DMC Nova Vita 4 (100% recycled cotton) or 2 cones of Nova Vita 4 Metallic Effects (<span id=\"#sideContent\"><span class=\"detailPanel\"><span class=\"grid grid-i-12 grid-md-12 grid-sm-12 grid-xs-12\"><span class=\"3\">Composition: 75% Recycled cotton \u2013 15% Recycled polyester \u2013<br \/>\n10% Recycled Metallic Yarn) 250 g \/ 200 m<\/span><\/span><\/span><\/span><\/li>\n<li>2 Go Handmade handles 44 cm brown and bronze or equivalent brand<\/li>\n<li>4 tabs to rivet or sew<\/li>\n<li>3 magnetic snaps 19 mm<\/li>\n<\/ul>\n<h4><strong>Kits available<\/strong> (to be chosen from the drop-down menu)<\/h4>\n<ul>\n<li>Set 1: Color 131 \u2013 beige<\/li>\n<li>Set 2: Color 122 \u2013 gray<\/li>\n<li>Set 3: Color 08 \u2013 green<\/li>\n<li>Set 4: Color 03 \u2013 metallic off-white<\/li>\n<li>Set 5: Color 128 \u2013 metallic green<\/li>\n<\/ul>\n<div id=\"ConnectiveDocSignExtentionInstalled\" data-extension-version=\"1.0.4\"><\/div>","protected":false},"excerpt":{"rendered":"<p>In this kit you will find everything you need to make the Boboli bag.<\/p>\n<p><em><strong>VAT and delivery charges are calculated at checkout. You will also find two p<\/strong><strong>Atrons PDF downloads in English and French: Once your order is confirmed, a download link is available on the order page. Remember to download it, as the link is temporary.<\/strong><\/em><\/p>\n<div id=\"ConnectiveDocSignExtentionInstalled\" data-extension-version=\"1.0.4\"><\/div>","protected":false},"featured_media":5811,"comment_status":"closed","ping_status":"closed","template":"","meta":{"jetpack_publicize_message":"","jetpack_publicize_feature_enabled":true,"jetpack_social_post_already_shared":true,"jetpack_social_options":{"image_generator_settings":{"template":"highway","default_image_id":0,"font":"","enabled":false},"version":2}},"product_brand":[],"product_cat":[321,322,319,354,316,318,308],"product_tag":[],"class_list":{"0":"post-5794","1":"product","2":"type-product","3":"status-publish","4":"has-post-thumbnail","6":"product_cat-accessoires","7":"product_cat-accessories","8":"product_cat-english-pattern","9":"product_cat-kits","10":"product_cat-yarn-laine","11":"product_cat-patrons-en-francais","12":"product_cat-patterns-modeles","15":"first","16":"instock","17":"taxable","18":"shipping-taxable","19":"purchasable","20":"product-type-variable"},"yoast_head":"<!-- This site is optimized with the Yoast SEO plugin v27.5 - https:\/\/yoast.com\/product\/yoast-seo-wordpress\/ -->\n<title>Boboli Bag Kits DeLuxe - ChristalLK<\/title>\n<meta name=\"description\" content=\"In this kit, you will find everything you need to knit Boboli Bag, a perfect project to continue knitting during Summer...\" \/>\n<meta name=\"robots\" content=\"index, follow, max-snippet:-1, max-image-preview:large, max-video-preview:-1\" \/>\n<link rel=\"canonical\" href=\"https:\/\/www.christallk.com\/en\/product\/boboli-bag-kit-deluxe\/\" \/>\n<meta property=\"og:locale\" content=\"en_US\" \/>\n<meta property=\"og:type\" content=\"article\" \/>\n<meta property=\"og:title\" content=\"Boboli Bag Kits DeLuxe - ChristalLK\" \/>\n<meta property=\"og:description\" content=\"In this kit, you will find everything you need to knit Boboli Bag, a perfect project to continue knitting during Summer...\" \/>\n<meta property=\"og:url\" content=\"https:\/\/www.christallk.com\/en\/product\/boboli-bag-kit-deluxe\/\" \/>\n<meta property=\"og:site_name\" content=\"ChristalLK\" \/>\n<meta property=\"article:publisher\" content=\"https:\/\/www.facebook.com\/ChristalLittleK\/\" \/>\n<meta property=\"article:modified_time\" content=\"2025-11-16T07:48:05+00:00\" \/>\n<meta property=\"og:image\" content=\"https:\/\/www.christallk.com\/wp-content\/uploads\/2023\/06\/20230516_121327-scaled.jpg\" \/>\n\t<meta property=\"og:image:width\" content=\"1920\" \/>\n\t<meta property=\"og:image:height\" content=\"2560\" \/>\n\t<meta property=\"og:image:type\" content=\"image\/jpeg\" \/>\n<meta name=\"twitter:card\" content=\"summary_large_image\" \/>\n<meta name=\"twitter:label1\" content=\"Est. reading time\" \/>\n\t<meta name=\"twitter:data1\" content=\"2 minutes\" \/>\n<script type=\"application\/ld+json\" class=\"yoast-schema-graph\">{\"@context\":\"https:\\\/\\\/schema.org\",\"@graph\":[{\"@type\":\"WebPage\",\"@id\":\"https:\\\/\\\/www.christallk.com\\\/product\\\/boboli-bag-kit-deluxe\\\/\",\"url\":\"https:\\\/\\\/www.christallk.com\\\/product\\\/boboli-bag-kit-deluxe\\\/\",\"name\":\"Boboli Bag Kits DeLuxe - ChristalLK\",\"isPartOf\":{\"@id\":\"https:\\\/\\\/www.christallk.com\\\/#website\"},\"primaryImageOfPage\":{\"@id\":\"https:\\\/\\\/www.christallk.com\\\/product\\\/boboli-bag-kit-deluxe\\\/#primaryimage\"},\"image\":{\"@id\":\"https:\\\/\\\/www.christallk.com\\\/product\\\/boboli-bag-kit-deluxe\\\/#primaryimage\"},\"thumbnailUrl\":\"https:\\\/\\\/www.christallk.com\\\/wp-content\\\/uploads\\\/2023\\\/06\\\/20230516_121327-scaled.jpg\",\"datePublished\":\"2023-06-05T18:55:29+00:00\",\"dateModified\":\"2025-11-16T07:48:05+00:00\",\"description\":\"In this kit, you will find everything you need to knit Boboli Bag, a perfect project to continue knitting during Summer...\",\"breadcrumb\":{\"@id\":\"https:\\\/\\\/www.christallk.com\\\/product\\\/boboli-bag-kit-deluxe\\\/#breadcrumb\"},\"inLanguage\":\"en-US\",\"potentialAction\":[{\"@type\":\"ReadAction\",\"target\":[\"https:\\\/\\\/www.christallk.com\\\/product\\\/boboli-bag-kit-deluxe\\\/\"]}]},{\"@type\":\"ImageObject\",\"inLanguage\":\"en-US\",\"@id\":\"https:\\\/\\\/www.christallk.com\\\/product\\\/boboli-bag-kit-deluxe\\\/#primaryimage\",\"url\":\"https:\\\/\\\/www.christallk.com\\\/wp-content\\\/uploads\\\/2023\\\/06\\\/20230516_121327-scaled.jpg\",\"contentUrl\":\"https:\\\/\\\/www.christallk.com\\\/wp-content\\\/uploads\\\/2023\\\/06\\\/20230516_121327-scaled.jpg\",\"width\":1920,\"height\":2560},{\"@type\":\"BreadcrumbList\",\"@id\":\"https:\\\/\\\/www.christallk.com\\\/product\\\/boboli-bag-kit-deluxe\\\/#breadcrumb\",\"itemListElement\":[{\"@type\":\"ListItem\",\"position\":1,\"name\":\"Home\",\"item\":\"https:\\\/\\\/www.christallk.com\\\/\"},{\"@type\":\"ListItem\",\"position\":2,\"name\":\"Boutique\",\"item\":\"https:\\\/\\\/www.christallk.com\\\/language\\\/fr\\\/shop\\\/\"},{\"@type\":\"ListItem\",\"position\":3,\"name\":\"Boboli Bag Kits DeLuxe\"}]},{\"@type\":\"WebSite\",\"@id\":\"https:\\\/\\\/www.christallk.com\\\/#website\",\"url\":\"https:\\\/\\\/www.christallk.com\\\/\",\"name\":\"ChristalLK\",\"description\":\"ChristalLK Website\",\"publisher\":{\"@id\":\"https:\\\/\\\/www.christallk.com\\\/#organization\"},\"potentialAction\":[{\"@type\":\"SearchAction\",\"target\":{\"@type\":\"EntryPoint\",\"urlTemplate\":\"https:\\\/\\\/www.christallk.com\\\/?s={search_term_string}\"},\"query-input\":{\"@type\":\"PropertyValueSpecification\",\"valueRequired\":true,\"valueName\":\"search_term_string\"}}],\"inLanguage\":\"en-US\"},{\"@type\":\"Organization\",\"@id\":\"https:\\\/\\\/www.christallk.com\\\/#organization\",\"name\":\"ChristalLK\",\"url\":\"https:\\\/\\\/www.christallk.com\\\/\",\"logo\":{\"@type\":\"ImageObject\",\"inLanguage\":\"en-US\",\"@id\":\"https:\\\/\\\/www.christallk.com\\\/#\\\/schema\\\/logo\\\/image\\\/\",\"url\":\"https:\\\/\\\/i2.wp.com\\\/www.christallk.com\\\/wp-content\\\/uploads\\\/2020\\\/05\\\/canvas_logo_clk.png?fit=650%2C600\",\"contentUrl\":\"https:\\\/\\\/i2.wp.com\\\/www.christallk.com\\\/wp-content\\\/uploads\\\/2020\\\/05\\\/canvas_logo_clk.png?fit=650%2C600\",\"width\":650,\"height\":600,\"caption\":\"ChristalLK\"},\"image\":{\"@id\":\"https:\\\/\\\/www.christallk.com\\\/#\\\/schema\\\/logo\\\/image\\\/\"},\"sameAs\":[\"https:\\\/\\\/www.facebook.com\\\/ChristalLittleK\\\/\",\"https:\\\/\\\/www.instagram.com\\\/christallittlek\\\/\",\"https:\\\/\\\/www.pinterest.com\\\/christallk1637\\\/\",\"https:\\\/\\\/www.youtube.com\\\/channel\\\/UCk8kNDAInlkf2fCr6pU-_oA?view_as=subscriber\"]}]}<\/script>\n<!-- \/ Yoast SEO plugin. -->","yoast_head_json":{"title":"Boboli Bag Kits DeLuxe - ChristalLK","description":"In this kit, you will find everything you need to knit Boboli Bag, a perfect project to continue knitting during Summer...","robots":{"index":"index","follow":"follow","max-snippet":"max-snippet:-1","max-image-preview":"max-image-preview:large","max-video-preview":"max-video-preview:-1"},"canonical":"https:\/\/www.christallk.com\/en\/product\/boboli-bag-kit-deluxe\/","og_locale":"en_US","og_type":"article","og_title":"Boboli Bag Kits DeLuxe - ChristalLK","og_description":"In this kit, you will find everything you need to knit Boboli Bag, a perfect project to continue knitting during Summer...","og_url":"https:\/\/www.christallk.com\/en\/product\/boboli-bag-kit-deluxe\/","og_site_name":"ChristalLK","article_publisher":"https:\/\/www.facebook.com\/ChristalLittleK\/","article_modified_time":"2025-11-16T07:48:05+00:00","og_image":[{"width":1920,"height":2560,"url":"https:\/\/www.christallk.com\/wp-content\/uploads\/2023\/06\/20230516_121327-scaled.jpg","type":"image\/jpeg"}],"twitter_card":"summary_large_image","twitter_misc":{"Est. reading time":"2 minutes"},"schema":{"@context":"https:\/\/schema.org","@graph":[{"@type":"WebPage","@id":"https:\/\/www.christallk.com\/product\/boboli-bag-kit-deluxe\/","url":"https:\/\/www.christallk.com\/product\/boboli-bag-kit-deluxe\/","name":"Boboli Bag Kits DeLuxe - ChristalLK","isPartOf":{"@id":"https:\/\/www.christallk.com\/#website"},"primaryImageOfPage":{"@id":"https:\/\/www.christallk.com\/product\/boboli-bag-kit-deluxe\/#primaryimage"},"image":{"@id":"https:\/\/www.christallk.com\/product\/boboli-bag-kit-deluxe\/#primaryimage"},"thumbnailUrl":"https:\/\/www.christallk.com\/wp-content\/uploads\/2023\/06\/20230516_121327-scaled.jpg","datePublished":"2023-06-05T18:55:29+00:00","dateModified":"2025-11-16T07:48:05+00:00","description":"In this kit, you will find everything you need to knit Boboli Bag, a perfect project to continue knitting during Summer...","breadcrumb":{"@id":"https:\/\/www.christallk.com\/product\/boboli-bag-kit-deluxe\/#breadcrumb"},"inLanguage":"en-US","potentialAction":[{"@type":"ReadAction","target":["https:\/\/www.christallk.com\/product\/boboli-bag-kit-deluxe\/"]}]},{"@type":"ImageObject","inLanguage":"en-US","@id":"https:\/\/www.christallk.com\/product\/boboli-bag-kit-deluxe\/#primaryimage","url":"https:\/\/www.christallk.com\/wp-content\/uploads\/2023\/06\/20230516_121327-scaled.jpg","contentUrl":"https:\/\/www.christallk.com\/wp-content\/uploads\/2023\/06\/20230516_121327-scaled.jpg","width":1920,"height":2560},{"@type":"BreadcrumbList","@id":"https:\/\/www.christallk.com\/product\/boboli-bag-kit-deluxe\/#breadcrumb","itemListElement":[{"@type":"ListItem","position":1,"name":"Home","item":"https:\/\/www.christallk.com\/"},{"@type":"ListItem","position":2,"name":"Boutique","item":"https:\/\/www.christallk.com\/language\/fr\/shop\/"},{"@type":"ListItem","position":3,"name":"Boboli Bag Kits DeLuxe"}]},{"@type":"WebSite","@id":"https:\/\/www.christallk.com\/#website","url":"https:\/\/www.christallk.com\/","name":"ChristalLK","description":"ChristalLK Website","publisher":{"@id":"https:\/\/www.christallk.com\/#organization"},"potentialAction":[{"@type":"SearchAction","target":{"@type":"EntryPoint","urlTemplate":"https:\/\/www.christallk.com\/?s={search_term_string}"},"query-input":{"@type":"PropertyValueSpecification","valueRequired":true,"valueName":"search_term_string"}}],"inLanguage":"en-US"},{"@type":"Organization","@id":"https:\/\/www.christallk.com\/#organization","name":"ChristalLK","url":"https:\/\/www.christallk.com\/","logo":{"@type":"ImageObject","inLanguage":"en-US","@id":"https:\/\/www.christallk.com\/#\/schema\/logo\/image\/","url":"https:\/\/i2.wp.com\/www.christallk.com\/wp-content\/uploads\/2020\/05\/canvas_logo_clk.png?fit=650%2C600","contentUrl":"https:\/\/i2.wp.com\/www.christallk.com\/wp-content\/uploads\/2020\/05\/canvas_logo_clk.png?fit=650%2C600","width":650,"height":600,"caption":"ChristalLK"},"image":{"@id":"https:\/\/www.christallk.com\/#\/schema\/logo\/image\/"},"sameAs":["https:\/\/www.facebook.com\/ChristalLittleK\/","https:\/\/www.instagram.com\/christallittlek\/","https:\/\/www.pinterest.com\/christallk1637\/","https:\/\/www.youtube.com\/channel\/UCk8kNDAInlkf2fCr6pU-_oA?view_as=subscriber"]}]}},"jetpack_publicize_connections":[],"jetpack_likes_enabled":true,"jetpack-related-posts":[{"id":5821,"url":"https:\/\/www.christallk.com\/en\/product\/boboli-bag\/","url_meta":{"origin":5794,"position":0},"title":"Boboli Bag","author":"Christelle","date":"June 5, 2023","format":false,"excerpt":"The Boboli bag is elegant, timeless, and above all, very fun to knit! You can add very chic accessories like faux leather handles, snaps, or simply add knitted handles to give it a more sporty look. You will find kits\u2026","rel":"","context":"Similar post","block_context":{"text":"Similar post","link":""},"img":{"alt_text":"","src":"https:\/\/i0.wp.com\/www.christallk.com\/wp-content\/uploads\/2023\/06\/20230516_121327-1-scaled.jpg?resize=350%2C200&ssl=1","width":350,"height":200,"srcset":"https:\/\/i0.wp.com\/www.christallk.com\/wp-content\/uploads\/2023\/06\/20230516_121327-1-scaled.jpg?resize=350%2C200&ssl=1 1x, https:\/\/i0.wp.com\/www.christallk.com\/wp-content\/uploads\/2023\/06\/20230516_121327-1-scaled.jpg?resize=525%2C300&ssl=1 1.5x, https:\/\/i0.wp.com\/www.christallk.com\/wp-content\/uploads\/2023\/06\/20230516_121327-1-scaled.jpg?resize=700%2C400&ssl=1 2x, https:\/\/i0.wp.com\/www.christallk.com\/wp-content\/uploads\/2023\/06\/20230516_121327-1-scaled.jpg?resize=1050%2C600&ssl=1 3x, https:\/\/i0.wp.com\/www.christallk.com\/wp-content\/uploads\/2023\/06\/20230516_121327-1-scaled.jpg?resize=1400%2C800&ssl=1 4x"},"classes":[]},{"id":4652,"url":"https:\/\/www.christallk.com\/en\/product\/broderie-pym-pullpy\/","url_meta":{"origin":5794,"position":1},"title":"Pym &amp; Pullpy Embroidery","author":"Christelle","date":"April 17, 2022","format":false,"excerpt":"The downloadable embroidery instruction booklet from the Pym &amp; Pullpy collection will allow you to embroider Pym or Pullpy on a pouch for storing your socks or knitting. Once traced, the embroideries are easy to create; we used basic stitches...","rel":"","context":"Similar post","block_context":{"text":"Similar post","link":""},"img":{"alt_text":"","src":"https:\/\/i0.wp.com\/www.christallk.com\/wp-content\/uploads\/2022\/04\/IMG_9122.jpg?resize=350%2C200&ssl=1","width":350,"height":200,"srcset":"https:\/\/i0.wp.com\/www.christallk.com\/wp-content\/uploads\/2022\/04\/IMG_9122.jpg?resize=350%2C200&ssl=1 1x, https:\/\/i0.wp.com\/www.christallk.com\/wp-content\/uploads\/2022\/04\/IMG_9122.jpg?resize=525%2C300&ssl=1 1.5x, https:\/\/i0.wp.com\/www.christallk.com\/wp-content\/uploads\/2022\/04\/IMG_9122.jpg?resize=700%2C400&ssl=1 2x"},"classes":[]},{"id":5191,"url":"https:\/\/www.christallk.com\/en\/product\/winter-in-scotland-kits\/","url_meta":{"origin":5794,"position":2},"title":"Winter in Scotland Kits","author":"Christelle","date":"September 28, 2022","format":false,"excerpt":"Dans ce kit, vous trouverez tout le n\u00e9cessaire pour faire une paires de moufles Winter In Scotland. La TVA et les frais de livraison sont calcul\u00e9s \u00e0 la validation du panier. Vous trouverez aussi deux patrons pdf t\u00e9l\u00e9chargeables en anglais et en fran\u00e7ais : une fois la commande valid\u00e9e, un\u2026","rel":"","context":"Similar post","block_context":{"text":"Similar post","link":""},"img":{"alt_text":"","src":"https:\/\/i0.wp.com\/www.christallk.com\/wp-content\/uploads\/2022\/09\/20220928_113934-01-scaled.jpeg?resize=350%2C200&ssl=1","width":350,"height":200,"srcset":"https:\/\/i0.wp.com\/www.christallk.com\/wp-content\/uploads\/2022\/09\/20220928_113934-01-scaled.jpeg?resize=350%2C200&ssl=1 1x, https:\/\/i0.wp.com\/www.christallk.com\/wp-content\/uploads\/2022\/09\/20220928_113934-01-scaled.jpeg?resize=525%2C300&ssl=1 1.5x, https:\/\/i0.wp.com\/www.christallk.com\/wp-content\/uploads\/2022\/09\/20220928_113934-01-scaled.jpeg?resize=700%2C400&ssl=1 2x, https:\/\/i0.wp.com\/www.christallk.com\/wp-content\/uploads\/2022\/09\/20220928_113934-01-scaled.jpeg?resize=1050%2C600&ssl=1 3x, https:\/\/i0.wp.com\/www.christallk.com\/wp-content\/uploads\/2022\/09\/20220928_113934-01-scaled.jpeg?resize=1400%2C800&ssl=1 4x"},"classes":[]},{"id":5632,"url":"https:\/\/www.christallk.com\/en\/product\/le-pelerin-kits\/","url_meta":{"origin":5794,"position":3},"title":"Le P\u00e9lerin Kits","author":"Christelle","date":"March 16, 2023","format":false,"excerpt":"ATTENTION, LES QUANTIT\u00c9S DE KITS EN STOCK SONT LIMIT\u00c9ES. Dans ce kit, vous trouverez tout le n\u00e9cessaire pour faire le bonnet Le P\u00e9lerin. La TVA et les frais de livraison sont calcul\u00e9s \u00e0 la validation du panier. Vous trouverez aussi deux patrons pdf t\u00e9l\u00e9chargeables en anglais et en fran\u00e7ais :\u2026","rel":"","context":"Similar post","block_context":{"text":"Similar post","link":""},"img":{"alt_text":"","src":"https:\/\/i0.wp.com\/www.christallk.com\/wp-content\/uploads\/2023\/03\/20230220_114132-01-scaled.jpeg?resize=350%2C200&ssl=1","width":350,"height":200,"srcset":"https:\/\/i0.wp.com\/www.christallk.com\/wp-content\/uploads\/2023\/03\/20230220_114132-01-scaled.jpeg?resize=350%2C200&ssl=1 1x, https:\/\/i0.wp.com\/www.christallk.com\/wp-content\/uploads\/2023\/03\/20230220_114132-01-scaled.jpeg?resize=525%2C300&ssl=1 1.5x, https:\/\/i0.wp.com\/www.christallk.com\/wp-content\/uploads\/2023\/03\/20230220_114132-01-scaled.jpeg?resize=700%2C400&ssl=1 2x, https:\/\/i0.wp.com\/www.christallk.com\/wp-content\/uploads\/2023\/03\/20230220_114132-01-scaled.jpeg?resize=1050%2C600&ssl=1 3x, https:\/\/i0.wp.com\/www.christallk.com\/wp-content\/uploads\/2023\/03\/20230220_114132-01-scaled.jpeg?resize=1400%2C800&ssl=1 4x"},"classes":[]},{"id":7035,"url":"https:\/\/www.christallk.com\/en\/product\/kits-petalsoflove\/","url_meta":{"origin":5794,"position":4},"title":"Petals of Love Kits","author":"Christelle","date":"December 27, 2024","format":false,"excerpt":"Au vu du succ\u00e8s de la Box Saint Valentin, nous vous proposons des kits comprenant patron et fil, tout pour tricoter cette paire de mitaines La TVA et les frais de livraison sont calcul\u00e9s \u00e0 la validation du panier. Patron pdf t\u00e9l\u00e9chargeable : une fois la commande valid\u00e9e, un lien\u2026","rel":"","context":"Similar post","block_context":{"text":"Similar post","link":""},"img":{"alt_text":"","src":"https:\/\/i0.wp.com\/www.christallk.com\/wp-content\/uploads\/2024\/12\/Sans-titre.jpg?resize=350%2C200&ssl=1","width":350,"height":200,"srcset":"https:\/\/i0.wp.com\/www.christallk.com\/wp-content\/uploads\/2024\/12\/Sans-titre.jpg?resize=350%2C200&ssl=1 1x, https:\/\/i0.wp.com\/www.christallk.com\/wp-content\/uploads\/2024\/12\/Sans-titre.jpg?resize=525%2C300&ssl=1 1.5x, https:\/\/i0.wp.com\/www.christallk.com\/wp-content\/uploads\/2024\/12\/Sans-titre.jpg?resize=700%2C400&ssl=1 2x, https:\/\/i0.wp.com\/www.christallk.com\/wp-content\/uploads\/2024\/12\/Sans-titre.jpg?resize=1050%2C600&ssl=1 3x"},"classes":[]},{"id":6562,"url":"https:\/\/www.christallk.com\/en\/product\/deauville\/","url_meta":{"origin":5794,"position":5},"title":"Deauville \u2013 bags and glasses case","author":"Christelle","date":"June 7, 2024","format":false,"excerpt":"Les sacs Deauville sont des sacs intemporels et plein d'\u00e9l\u00e9gance. Vous pouvez m\u00eame y assortir un \u00e9tui \u00e0 lunettes ! Deux versions sont pr\u00e9vues : une petite pour vous accompagner pendant vos soir\u00e9es et une grande pour y mettre tout votre mat\u00e9riel tricot ! Vous avez aussi la possibilit\u00e9 de\u2026","rel":"","context":"Similar post","block_context":{"text":"Similar post","link":""},"img":{"alt_text":"","src":"https:\/\/i0.wp.com\/www.christallk.com\/wp-content\/uploads\/2024\/06\/deauville-02.jpg?resize=350%2C200&ssl=1","width":350,"height":200,"srcset":"https:\/\/i0.wp.com\/www.christallk.com\/wp-content\/uploads\/2024\/06\/deauville-02.jpg?resize=350%2C200&ssl=1 1x, https:\/\/i0.wp.com\/www.christallk.com\/wp-content\/uploads\/2024\/06\/deauville-02.jpg?resize=525%2C300&ssl=1 1.5x, https:\/\/i0.wp.com\/www.christallk.com\/wp-content\/uploads\/2024\/06\/deauville-02.jpg?resize=700%2C400&ssl=1 2x"},"classes":[]}],"jetpack_sharing_enabled":true,"_links":{"self":[{"href":"https:\/\/www.christallk.com\/en\/wp-json\/wp\/v2\/product\/5794","targetHints":{"allow":["GET"]}}],"collection":[{"href":"https:\/\/www.christallk.com\/en\/wp-json\/wp\/v2\/product"}],"about":[{"href":"https:\/\/www.christallk.com\/en\/wp-json\/wp\/v2\/types\/product"}],"replies":[{"embeddable":true,"href":"https:\/\/www.christallk.com\/en\/wp-json\/wp\/v2\/comments?post=5794"}],"wp:featuredmedia":[{"embeddable":true,"href":"https:\/\/www.christallk.com\/en\/wp-json\/wp\/v2\/media\/5811"}],"wp:attachment":[{"href":"https:\/\/www.christallk.com\/en\/wp-json\/wp\/v2\/media?parent=5794"}],"wp:term":[{"taxonomy":"product_brand","embeddable":true,"href":"https:\/\/www.christallk.com\/en\/wp-json\/wp\/v2\/product_brand?post=5794"},{"taxonomy":"product_cat","embeddable":true,"href":"https:\/\/www.christallk.com\/en\/wp-json\/wp\/v2\/product_cat?post=5794"},{"taxonomy":"product_tag","embeddable":true,"href":"https:\/\/www.christallk.com\/en\/wp-json\/wp\/v2\/product_tag?post=5794"}],"curies":[{"name":"wp","href":"https:\/\/api.w.org\/{rel}","templated":true}]}}