{"id":6123,"date":"2023-10-17T14:07:38","date_gmt":"2023-10-17T12:07:38","guid":{"rendered":"https:\/\/www.christallk.com\/?post_type=product&#038;p=6123"},"modified":"2025-07-26T10:29:49","modified_gmt":"2025-07-26T08:29:49","slug":"chantilly","status":"publish","type":"product","link":"https:\/\/www.christallk.com\/en\/product\/chantilly\/","title":{"rendered":"Chantilly Sweater"},"content":{"rendered":"<p><strong>Chantilly<\/strong> is a classic, timeless sweater pattern. And totally adaptable!<\/p>\n<h3>Yarn<\/h3>\n<p>You will need DK weight yarn to knit it.<\/p>\n<p>I used<a href=\"https:\/\/www.christallk.com\/en\/product\/peregrine-dk\/\"> CLK Peregrine DK<\/a> (100% Est-A-Laine merino) 190 m \/ 100 g approx:<br \/>\nWoman: 1164 (1279, 1358, 1498)(1626, 1776, 1912)(2072, 2215, 2363) m or 7 (7, 8, 8)(9, 10, 11)(11, 12, 13) skeins in Ivoire<br \/>\nMan: 1326 (1417, 1558, 1679)(1804, 1952, 2092)(2256, 2398, 2542) m or 7 (8, 9, 9)(10, 11, 12)(12, 13, 14) skeins in Ivoire<\/p>\n<h3>Gauge<\/h3>\n<p>24 stitches \/ 30 rows in cables in the round for 10 cm after blocking with 4 mm needles<\/p>\n<h3>Notions<\/h3>\n<ul>\n<li>3.50 mm circ. needle 80 cm long for the cowl<\/li>\n<li>4 mm, circ. needle 80 to 100 cm long depending on the size<\/li>\n<li>5 double-pointed needles 3.25 mm for small circumferences (cowl and wrists) if necessary.<\/li>\n<li>Set of 4 mm (US 6) for sleeves or needles for your prefered method of small circumference knitting for sleeves<\/li>\n<li>1 tapestry needle<\/li>\n<li>4 markers if necessary.<\/li>\n<li>1 cable needle<\/li>\n<\/ul>\n<h3>Final measurements<\/h3>\n<p>96.5 (103; 110; 116.5)(123; 130; 136.5)(143; 150; 156.5) cm<\/p>\n<h3>Construction<\/h3>\n<p>This sweater is worked from the top with the set in sleeves method starting on the back. Back and fronts are worked separately before joining them to work the body.<br \/>\nThe sleeves are then picked up and knitted along the armholes.<br \/>\nThis sweater is worn with a positive ease of 15 to 20 cm.<br \/>\nThe pattern includes the opportunity to customize body and sleeve lengths. With interchangeable silhouette options, the pattern includes length suggestions for a semi-cropped or classic body, as well as for wider shoulders (men\u2019s version) and sloping shoulders (women\u2019s version).<\/p>\n<h3>Level<\/h3>\n<p>3\/5<\/p>\n<h3>Used techniques<\/h3>\n<ul>\n<li><a href=\"https:\/\/www.christallk.com\/en\/fr-be\/rangs-raccourcis-allemande\/\">German Short Rows<\/a><\/li>\n<li><a href=\"https:\/\/www.christallk.com\/en\/fr-be\/lori-s-twisty-bind-off-fr\/\">Lori's Twisted Bind-Off method<\/a><\/li>\n<\/ul>\n<div id=\"ConnectiveDocSignExtentionInstalled\" data-extension-version=\"1.0.4\"><\/div>","protected":false},"excerpt":{"rendered":"<p><strong>Chantilly<\/strong> is a classic, timeless sweater pattern. And totally adaptable!<\/p>\n<p>Downloadable <strong>pdf pattern<\/strong> : once the order is validated, a download link is available on the order page. <strong>Remember to download it because the link is temporary.<\/strong><\/p>\n<p><em>VAT is calculated when the shopping cart is validated.<\/em><\/p>\n<div id=\"ConnectiveDocSignExtentionInstalled\" data-extension-version=\"1.0.4\"><\/div>","protected":false},"featured_media":6129,"comment_status":"closed","ping_status":"closed","template":"","meta":{"jetpack_publicize_message":"","jetpack_publicize_feature_enabled":true,"jetpack_social_post_already_shared":true,"jetpack_social_options":{"image_generator_settings":{"template":"highway","default_image_id":0,"font":"","enabled":false},"version":2}},"product_brand":[],"product_cat":[318,308,320],"product_tag":[],"class_list":{"0":"post-6123","1":"product","2":"type-product","3":"status-publish","4":"has-post-thumbnail","6":"product_cat-patrons-en-francais","7":"product_cat-patterns-modeles","8":"product_cat-pulls","11":"first","12":"instock","13":"taxable","14":"shipping-taxable","15":"purchasable","16":"product-type-variable"},"yoast_head":"<!-- This site is optimized with the Yoast SEO plugin v27.5 - https:\/\/yoast.com\/product\/yoast-seo-wordpress\/ -->\n<title>Chantilly Sweater - ChristalLK<\/title>\n<meta name=\"description\" content=\"Chantilly est un patron de pull classique, intemporel. Et totalement adaptable en longueur, avec un col large ou \u00e9troit !\" \/>\n<meta name=\"robots\" content=\"index, follow, max-snippet:-1, max-image-preview:large, max-video-preview:-1\" \/>\n<link rel=\"canonical\" href=\"https:\/\/www.christallk.com\/en\/product\/chantilly\/\" \/>\n<meta property=\"og:locale\" content=\"en_US\" \/>\n<meta property=\"og:type\" content=\"article\" \/>\n<meta property=\"og:title\" content=\"Chantilly Sweater - ChristalLK\" \/>\n<meta property=\"og:description\" content=\"Chantilly est un patron de pull classique, intemporel. Et totalement adaptable en longueur, avec un col large ou \u00e9troit !\" \/>\n<meta property=\"og:url\" content=\"https:\/\/www.christallk.com\/en\/product\/chantilly\/\" \/>\n<meta property=\"og:site_name\" content=\"ChristalLK\" \/>\n<meta property=\"article:publisher\" content=\"https:\/\/www.facebook.com\/ChristalLittleK\/\" \/>\n<meta property=\"article:modified_time\" content=\"2025-07-26T08:29:49+00:00\" \/>\n<meta property=\"og:image\" content=\"https:\/\/www.christallk.com\/wp-content\/uploads\/2023\/10\/IMG_0019-2.jpg\" \/>\n\t<meta property=\"og:image:width\" content=\"1638\" \/>\n\t<meta property=\"og:image:height\" content=\"2048\" \/>\n\t<meta property=\"og:image:type\" content=\"image\/jpeg\" \/>\n<meta name=\"twitter:card\" content=\"summary_large_image\" \/>\n<meta name=\"twitter:label1\" content=\"Est. reading time\" \/>\n\t<meta name=\"twitter:data1\" content=\"2 minutes\" \/>\n<script type=\"application\/ld+json\" class=\"yoast-schema-graph\">{\"@context\":\"https:\\\/\\\/schema.org\",\"@graph\":[{\"@type\":\"WebPage\",\"@id\":\"https:\\\/\\\/www.christallk.com\\\/product\\\/chantilly\\\/\",\"url\":\"https:\\\/\\\/www.christallk.com\\\/product\\\/chantilly\\\/\",\"name\":\"Chantilly Sweater - ChristalLK\",\"isPartOf\":{\"@id\":\"https:\\\/\\\/www.christallk.com\\\/#website\"},\"primaryImageOfPage\":{\"@id\":\"https:\\\/\\\/www.christallk.com\\\/product\\\/chantilly\\\/#primaryimage\"},\"image\":{\"@id\":\"https:\\\/\\\/www.christallk.com\\\/product\\\/chantilly\\\/#primaryimage\"},\"thumbnailUrl\":\"https:\\\/\\\/www.christallk.com\\\/wp-content\\\/uploads\\\/2023\\\/10\\\/IMG_0019-2.jpg\",\"datePublished\":\"2023-10-17T12:07:38+00:00\",\"dateModified\":\"2025-07-26T08:29:49+00:00\",\"description\":\"Chantilly est un patron de pull classique, intemporel. Et totalement adaptable en longueur, avec un col large ou \u00e9troit !\",\"breadcrumb\":{\"@id\":\"https:\\\/\\\/www.christallk.com\\\/product\\\/chantilly\\\/#breadcrumb\"},\"inLanguage\":\"en-US\",\"potentialAction\":[{\"@type\":\"ReadAction\",\"target\":[\"https:\\\/\\\/www.christallk.com\\\/product\\\/chantilly\\\/\"]}]},{\"@type\":\"ImageObject\",\"inLanguage\":\"en-US\",\"@id\":\"https:\\\/\\\/www.christallk.com\\\/product\\\/chantilly\\\/#primaryimage\",\"url\":\"https:\\\/\\\/www.christallk.com\\\/wp-content\\\/uploads\\\/2023\\\/10\\\/IMG_0019-2.jpg\",\"contentUrl\":\"https:\\\/\\\/www.christallk.com\\\/wp-content\\\/uploads\\\/2023\\\/10\\\/IMG_0019-2.jpg\",\"width\":1638,\"height\":2048},{\"@type\":\"BreadcrumbList\",\"@id\":\"https:\\\/\\\/www.christallk.com\\\/product\\\/chantilly\\\/#breadcrumb\",\"itemListElement\":[{\"@type\":\"ListItem\",\"position\":1,\"name\":\"Home\",\"item\":\"https:\\\/\\\/www.christallk.com\\\/\"},{\"@type\":\"ListItem\",\"position\":2,\"name\":\"Boutique\",\"item\":\"https:\\\/\\\/www.christallk.com\\\/language\\\/fr\\\/shop\\\/\"},{\"@type\":\"ListItem\",\"position\":3,\"name\":\"Chantilly Sweater\"}]},{\"@type\":\"WebSite\",\"@id\":\"https:\\\/\\\/www.christallk.com\\\/#website\",\"url\":\"https:\\\/\\\/www.christallk.com\\\/\",\"name\":\"ChristalLK\",\"description\":\"ChristalLK Website\",\"publisher\":{\"@id\":\"https:\\\/\\\/www.christallk.com\\\/#organization\"},\"potentialAction\":[{\"@type\":\"SearchAction\",\"target\":{\"@type\":\"EntryPoint\",\"urlTemplate\":\"https:\\\/\\\/www.christallk.com\\\/?s={search_term_string}\"},\"query-input\":{\"@type\":\"PropertyValueSpecification\",\"valueRequired\":true,\"valueName\":\"search_term_string\"}}],\"inLanguage\":\"en-US\"},{\"@type\":\"Organization\",\"@id\":\"https:\\\/\\\/www.christallk.com\\\/#organization\",\"name\":\"ChristalLK\",\"url\":\"https:\\\/\\\/www.christallk.com\\\/\",\"logo\":{\"@type\":\"ImageObject\",\"inLanguage\":\"en-US\",\"@id\":\"https:\\\/\\\/www.christallk.com\\\/#\\\/schema\\\/logo\\\/image\\\/\",\"url\":\"https:\\\/\\\/i2.wp.com\\\/www.christallk.com\\\/wp-content\\\/uploads\\\/2020\\\/05\\\/canvas_logo_clk.png?fit=650%2C600\",\"contentUrl\":\"https:\\\/\\\/i2.wp.com\\\/www.christallk.com\\\/wp-content\\\/uploads\\\/2020\\\/05\\\/canvas_logo_clk.png?fit=650%2C600\",\"width\":650,\"height\":600,\"caption\":\"ChristalLK\"},\"image\":{\"@id\":\"https:\\\/\\\/www.christallk.com\\\/#\\\/schema\\\/logo\\\/image\\\/\"},\"sameAs\":[\"https:\\\/\\\/www.facebook.com\\\/ChristalLittleK\\\/\",\"https:\\\/\\\/www.instagram.com\\\/christallittlek\\\/\",\"https:\\\/\\\/www.pinterest.com\\\/christallk1637\\\/\",\"https:\\\/\\\/www.youtube.com\\\/channel\\\/UCk8kNDAInlkf2fCr6pU-_oA?view_as=subscriber\"]}]}<\/script>\n<!-- \/ Yoast SEO plugin. -->","yoast_head_json":{"title":"Chantilly Sweater - ChristalLK","description":"Chantilly est un patron de pull classique, intemporel. Et totalement adaptable en longueur, avec un col large ou \u00e9troit !","robots":{"index":"index","follow":"follow","max-snippet":"max-snippet:-1","max-image-preview":"max-image-preview:large","max-video-preview":"max-video-preview:-1"},"canonical":"https:\/\/www.christallk.com\/en\/product\/chantilly\/","og_locale":"en_US","og_type":"article","og_title":"Chantilly Sweater - ChristalLK","og_description":"Chantilly est un patron de pull classique, intemporel. Et totalement adaptable en longueur, avec un col large ou \u00e9troit !","og_url":"https:\/\/www.christallk.com\/en\/product\/chantilly\/","og_site_name":"ChristalLK","article_publisher":"https:\/\/www.facebook.com\/ChristalLittleK\/","article_modified_time":"2025-07-26T08:29:49+00:00","og_image":[{"width":1638,"height":2048,"url":"https:\/\/www.christallk.com\/wp-content\/uploads\/2023\/10\/IMG_0019-2.jpg","type":"image\/jpeg"}],"twitter_card":"summary_large_image","twitter_misc":{"Est. reading time":"2 minutes"},"schema":{"@context":"https:\/\/schema.org","@graph":[{"@type":"WebPage","@id":"https:\/\/www.christallk.com\/product\/chantilly\/","url":"https:\/\/www.christallk.com\/product\/chantilly\/","name":"Chantilly Sweater - ChristalLK","isPartOf":{"@id":"https:\/\/www.christallk.com\/#website"},"primaryImageOfPage":{"@id":"https:\/\/www.christallk.com\/product\/chantilly\/#primaryimage"},"image":{"@id":"https:\/\/www.christallk.com\/product\/chantilly\/#primaryimage"},"thumbnailUrl":"https:\/\/www.christallk.com\/wp-content\/uploads\/2023\/10\/IMG_0019-2.jpg","datePublished":"2023-10-17T12:07:38+00:00","dateModified":"2025-07-26T08:29:49+00:00","description":"Chantilly est un patron de pull classique, intemporel. Et totalement adaptable en longueur, avec un col large ou \u00e9troit !","breadcrumb":{"@id":"https:\/\/www.christallk.com\/product\/chantilly\/#breadcrumb"},"inLanguage":"en-US","potentialAction":[{"@type":"ReadAction","target":["https:\/\/www.christallk.com\/product\/chantilly\/"]}]},{"@type":"ImageObject","inLanguage":"en-US","@id":"https:\/\/www.christallk.com\/product\/chantilly\/#primaryimage","url":"https:\/\/www.christallk.com\/wp-content\/uploads\/2023\/10\/IMG_0019-2.jpg","contentUrl":"https:\/\/www.christallk.com\/wp-content\/uploads\/2023\/10\/IMG_0019-2.jpg","width":1638,"height":2048},{"@type":"BreadcrumbList","@id":"https:\/\/www.christallk.com\/product\/chantilly\/#breadcrumb","itemListElement":[{"@type":"ListItem","position":1,"name":"Home","item":"https:\/\/www.christallk.com\/"},{"@type":"ListItem","position":2,"name":"Boutique","item":"https:\/\/www.christallk.com\/language\/fr\/shop\/"},{"@type":"ListItem","position":3,"name":"Chantilly Sweater"}]},{"@type":"WebSite","@id":"https:\/\/www.christallk.com\/#website","url":"https:\/\/www.christallk.com\/","name":"ChristalLK","description":"ChristalLK Website","publisher":{"@id":"https:\/\/www.christallk.com\/#organization"},"potentialAction":[{"@type":"SearchAction","target":{"@type":"EntryPoint","urlTemplate":"https:\/\/www.christallk.com\/?s={search_term_string}"},"query-input":{"@type":"PropertyValueSpecification","valueRequired":true,"valueName":"search_term_string"}}],"inLanguage":"en-US"},{"@type":"Organization","@id":"https:\/\/www.christallk.com\/#organization","name":"ChristalLK","url":"https:\/\/www.christallk.com\/","logo":{"@type":"ImageObject","inLanguage":"en-US","@id":"https:\/\/www.christallk.com\/#\/schema\/logo\/image\/","url":"https:\/\/i2.wp.com\/www.christallk.com\/wp-content\/uploads\/2020\/05\/canvas_logo_clk.png?fit=650%2C600","contentUrl":"https:\/\/i2.wp.com\/www.christallk.com\/wp-content\/uploads\/2020\/05\/canvas_logo_clk.png?fit=650%2C600","width":650,"height":600,"caption":"ChristalLK"},"image":{"@id":"https:\/\/www.christallk.com\/#\/schema\/logo\/image\/"},"sameAs":["https:\/\/www.facebook.com\/ChristalLittleK\/","https:\/\/www.instagram.com\/christallittlek\/","https:\/\/www.pinterest.com\/christallk1637\/","https:\/\/www.youtube.com\/channel\/UCk8kNDAInlkf2fCr6pU-_oA?view_as=subscriber"]}]}},"jetpack_publicize_connections":[],"jetpack_likes_enabled":true,"jetpack-related-posts":[{"id":8165,"url":"https:\/\/www.christallk.com\/en\/product\/joshan-sweater\/","url_meta":{"origin":6123,"position":0},"title":"Joshan Sweater","author":"Christelle","date":"September 25, 2025","format":false,"excerpt":"Le pull Joshan est la pi\u00e8ce ma\u00eetresse de la collection \u00c9chos des Steppes. Inspir\u00e9 des armures mongoles dont il porte le nom, ce mod\u00e8le masculin allie force et raffinement. Con\u00e7u en chameau, il met en valeur la richesse des couleurs naturelles des toisons, sans teinture, pour un rendu authentique et\u2026","rel":"","context":"Similar post","block_context":{"text":"Similar post","link":""},"img":{"alt_text":"","src":"https:\/\/i0.wp.com\/www.christallk.com\/wp-content\/uploads\/2025\/09\/joshansweater-12.jpg?resize=350%2C200&ssl=1","width":350,"height":200,"srcset":"https:\/\/i0.wp.com\/www.christallk.com\/wp-content\/uploads\/2025\/09\/joshansweater-12.jpg?resize=350%2C200&ssl=1 1x, https:\/\/i0.wp.com\/www.christallk.com\/wp-content\/uploads\/2025\/09\/joshansweater-12.jpg?resize=525%2C300&ssl=1 1.5x, https:\/\/i0.wp.com\/www.christallk.com\/wp-content\/uploads\/2025\/09\/joshansweater-12.jpg?resize=700%2C400&ssl=1 2x, https:\/\/i0.wp.com\/www.christallk.com\/wp-content\/uploads\/2025\/09\/joshansweater-12.jpg?resize=1050%2C600&ssl=1 3x, https:\/\/i0.wp.com\/www.christallk.com\/wp-content\/uploads\/2025\/09\/joshansweater-12.jpg?resize=1400%2C800&ssl=1 4x"},"classes":[]},{"id":6777,"url":"https:\/\/www.christallk.com\/en\/product\/albi-sweater\/","url_meta":{"origin":6123,"position":1},"title":"Albi Sweater","author":"Christelle","date":"September 27, 2024","format":false,"excerpt":"Albi Sweater is a top-to-bottom sweater with set-in sleeves. This top will be your perfect companion for the in-between seasons, spring or fall. Downloadable PDF pattern: Once your order is confirmed, a download link is available on the order page. Remember to download it...","rel":"","context":"Similar post","block_context":{"text":"Similar post","link":""},"img":{"alt_text":"","src":"https:\/\/i0.wp.com\/www.christallk.com\/wp-content\/uploads\/2024\/09\/albi-sweater-13.jpg?resize=350%2C200&ssl=1","width":350,"height":200,"srcset":"https:\/\/i0.wp.com\/www.christallk.com\/wp-content\/uploads\/2024\/09\/albi-sweater-13.jpg?resize=350%2C200&ssl=1 1x, https:\/\/i0.wp.com\/www.christallk.com\/wp-content\/uploads\/2024\/09\/albi-sweater-13.jpg?resize=525%2C300&ssl=1 1.5x"},"classes":[]},{"id":6462,"url":"https:\/\/www.christallk.com\/en\/product\/husband-cardigan\/","url_meta":{"origin":6123,"position":2},"title":"Husband Cardigan","author":"Christelle","date":"April 9, 2024","format":false,"excerpt":"The Husband Cardigan is a shawl collar cardigan that combines classic techniques with originality, giving a wardrobe character and a touch of modernity. Downloadable PDF pattern: once the order is validated, a download link is available on the order page. Remember to download it because\u2026","rel":"","context":"Similar post","block_context":{"text":"Similar post","link":""},"img":{"alt_text":"","src":"https:\/\/i0.wp.com\/www.christallk.com\/wp-content\/uploads\/2024\/04\/IMG_0311.jpg?resize=350%2C200&ssl=1","width":350,"height":200,"srcset":"https:\/\/i0.wp.com\/www.christallk.com\/wp-content\/uploads\/2024\/04\/IMG_0311.jpg?resize=350%2C200&ssl=1 1x, https:\/\/i0.wp.com\/www.christallk.com\/wp-content\/uploads\/2024\/04\/IMG_0311.jpg?resize=525%2C300&ssl=1 1.5x, https:\/\/i0.wp.com\/www.christallk.com\/wp-content\/uploads\/2024\/04\/IMG_0311.jpg?resize=700%2C400&ssl=1 2x, https:\/\/i0.wp.com\/www.christallk.com\/wp-content\/uploads\/2024\/04\/IMG_0311.jpg?resize=1050%2C600&ssl=1 3x"},"classes":[]},{"id":5839,"url":"https:\/\/www.christallk.com\/en\/product\/ronsard\/","url_meta":{"origin":6123,"position":3},"title":"Ronsard","author":"Christelle","date":"June 19, 2023","format":false,"excerpt":"Ronsard is a linen summer top that can be worn in both summer and fall, over a shirt, a turtleneck sweater, or even next to the skin. Downloadable PDF pattern: once your order is confirmed, a download link is available on the order page.","rel":"","context":"Similar post","block_context":{"text":"Similar post","link":""},"img":{"alt_text":"","src":"https:\/\/i0.wp.com\/www.christallk.com\/wp-content\/uploads\/2023\/06\/IMG_9896.jpg?resize=350%2C200&ssl=1","width":350,"height":200,"srcset":"https:\/\/i0.wp.com\/www.christallk.com\/wp-content\/uploads\/2023\/06\/IMG_9896.jpg?resize=350%2C200&ssl=1 1x, https:\/\/i0.wp.com\/www.christallk.com\/wp-content\/uploads\/2023\/06\/IMG_9896.jpg?resize=525%2C300&ssl=1 1.5x, https:\/\/i0.wp.com\/www.christallk.com\/wp-content\/uploads\/2023\/06\/IMG_9896.jpg?resize=700%2C400&ssl=1 2x"},"classes":[]},{"id":8216,"url":"https:\/\/www.christallk.com\/en\/product\/sfumato\/","url_meta":{"origin":6123,"position":4},"title":"Sfumato","author":"Christelle","date":"October 17, 2025","format":false,"excerpt":"Inspir\u00e9 de la technique picturale de L\u00e9onard de Vinci, Sfumato joue sur les flous et les transitions subtiles : la lumi\u00e8re glisse sur la texture l\u00e9g\u00e8re du suri, les contours se fondent dans une mati\u00e8re douce et vivante.Tricot\u00e9 en circulaire, sans couture, ce mod\u00e8le se distingue par deux n\u0153uds d\u00e9licats\u2026","rel":"","context":"Similar post","block_context":{"text":"Similar post","link":""},"img":{"alt_text":"","src":"https:\/\/i0.wp.com\/www.christallk.com\/wp-content\/uploads\/2025\/10\/sfumato-5.jpg?resize=350%2C200&ssl=1","width":350,"height":200,"srcset":"https:\/\/i0.wp.com\/www.christallk.com\/wp-content\/uploads\/2025\/10\/sfumato-5.jpg?resize=350%2C200&ssl=1 1x, https:\/\/i0.wp.com\/www.christallk.com\/wp-content\/uploads\/2025\/10\/sfumato-5.jpg?resize=525%2C300&ssl=1 1.5x, https:\/\/i0.wp.com\/www.christallk.com\/wp-content\/uploads\/2025\/10\/sfumato-5.jpg?resize=700%2C400&ssl=1 2x, https:\/\/i0.wp.com\/www.christallk.com\/wp-content\/uploads\/2025\/10\/sfumato-5.jpg?resize=1050%2C600&ssl=1 3x"},"classes":[]},{"id":3828,"url":"https:\/\/www.christallk.com\/en\/product\/abies-alba\/","url_meta":{"origin":6123,"position":5},"title":"ABIES ALBA SWEATER","author":"Christelle","date":"June 1, 2021","format":false,"excerpt":"Abies Alba is a fluffy circular yoke sweater that will give you an elegant and timeless look. The story of Abies Alba can be found on my blog. Downloadable PDF pattern: Once your order is confirmed, a download link is available on the order page. Remember to download it...","rel":"","context":"Similar post","block_context":{"text":"Similar post","link":""},"img":{"alt_text":"Abies Alba Sweater","src":"https:\/\/i0.wp.com\/www.christallk.com\/wp-content\/uploads\/2021\/06\/IMG_8223-2-1.jpg?resize=350%2C200&ssl=1","width":350,"height":200,"srcset":"https:\/\/i0.wp.com\/www.christallk.com\/wp-content\/uploads\/2021\/06\/IMG_8223-2-1.jpg?resize=350%2C200&ssl=1 1x, https:\/\/i0.wp.com\/www.christallk.com\/wp-content\/uploads\/2021\/06\/IMG_8223-2-1.jpg?resize=525%2C300&ssl=1 1.5x"},"classes":[]}],"jetpack_sharing_enabled":true,"_links":{"self":[{"href":"https:\/\/www.christallk.com\/en\/wp-json\/wp\/v2\/product\/6123","targetHints":{"allow":["GET"]}}],"collection":[{"href":"https:\/\/www.christallk.com\/en\/wp-json\/wp\/v2\/product"}],"about":[{"href":"https:\/\/www.christallk.com\/en\/wp-json\/wp\/v2\/types\/product"}],"replies":[{"embeddable":true,"href":"https:\/\/www.christallk.com\/en\/wp-json\/wp\/v2\/comments?post=6123"}],"wp:featuredmedia":[{"embeddable":true,"href":"https:\/\/www.christallk.com\/en\/wp-json\/wp\/v2\/media\/6129"}],"wp:attachment":[{"href":"https:\/\/www.christallk.com\/en\/wp-json\/wp\/v2\/media?parent=6123"}],"wp:term":[{"taxonomy":"product_brand","embeddable":true,"href":"https:\/\/www.christallk.com\/en\/wp-json\/wp\/v2\/product_brand?post=6123"},{"taxonomy":"product_cat","embeddable":true,"href":"https:\/\/www.christallk.com\/en\/wp-json\/wp\/v2\/product_cat?post=6123"},{"taxonomy":"product_tag","embeddable":true,"href":"https:\/\/www.christallk.com\/en\/wp-json\/wp\/v2\/product_tag?post=6123"}],"curies":[{"name":"wp","href":"https:\/\/api.w.org\/{rel}","templated":true}]}}