{"id":6145,"date":"2023-11-01T09:45:58","date_gmt":"2023-11-01T08:45:58","guid":{"rendered":"https:\/\/www.christallk.com\/?post_type=product&#038;p=6145"},"modified":"2025-07-26T10:25:41","modified_gmt":"2025-07-26T08:25:41","slug":"jardin-dhiver","status":"publish","type":"product","link":"https:\/\/www.christallk.com\/en\/product\/jardin-dhiver\/","title":{"rendered":"Winter Garden \u2013 MKAL"},"content":{"rendered":"<p><strong>Let\u2019s rediscover together the magic of plants in winter<\/strong><\/p>\n<h4>SIZE<\/h4>\n<p>The size and shape of the shawl are part of the mystery.<br \/>\nThis will be a shawl large enough to cover the shoulders of most knitters.<\/p>\n<h4>SUGGESTED THREAD<\/h4>\n<p>Weight: DK or a thick fingering or sport yarn with a corresponding gauge<br \/>\nComposition: The choice of the yarn was a blend of linen and cotton, 95% linen \u2013 5 % cotton (Lina\u00e9 de Natissea)<br \/>\nIf you don't want to use this yarn, I recommend using a DK or fingering yarn containing a little plant fiber or silk to achieve a certain fluidity.<br \/>\nTry to avoid any yarn that contains too much halo (like yarns containing a lot of mohair or alpaca for example).<\/p>\n<h5>Quantity of thread<\/h5>\n<p>Approximately 705 m in total<\/p>\n<ul>\n<li>CP: 570 m<\/li>\n<li>CC1: 60 m<\/li>\n<li>CC2, CC2, CC3: 25 m<\/li>\n<\/ul>\n<p>CC1 is a color in the same color range as CP (e.g., dark green and light green, beige and brown).<\/p>\n<p>The other three colors are complementary colors.<\/p>\n<p>Here you&#039;ll find the color palettes chosen for Natissea&#039;s Winter Garden Kits. Use them as inspiration to create your own. You&#039;ll also find kits here: <a href=\"https:\/\/natissea.com\/boutique\/kit-fils-kal-jardin-dhiver-christallkdesigns\/\">Winter Garden Kit<\/a><\/p>\n<h4>NEEDLES AND MATERIALS<\/h4>\n<ul>\n<li>1 pair of 3.5 mm circular needles if you are knitting with the original yarn (plant fiber often requires smaller needles).<br \/>\nIf you choose an animal-based yarn, use the appropriate needles to obtain the recommended gauge, otherwise the size of the shawl will be affected as well as the quantity of yarn needed.<\/li>\n<li>1 3.5 mm hook, 1 wool needle<\/li>\n<li>About twenty markers<\/li>\n<li>Chenille needle type embroidery needle (for fingering weight thread)<\/li>\n<li>Solufix embroidery paper (if necessary), scissors<\/li>\n<\/ul>\n<h4>RULES &amp; INFORMATION<\/h4>\n<p>You will receive, starting November 27th and every Monday, the weekly clue either on Ravelry (be sure to check your library in this case) or by email.<br \/>\nYou will be able to participate in the event which will take place on Discord and\/or on Ravelry.<br \/>\nAt the end of each week, a draw will be held. Prizes (all different) will be awarded based on photos shared on the various social media platforms where the MKAL event is taking place.<\/p>\n<h4>SHARING ON SOCIAL NETWORKS<\/h4>\n<p>If you would like to participate and share your photos on Discord, Ravelry, Instagram, etc., we ask that you share these photos in the dedicated threads for the discussion forums and use the official KAL image as the first photo on Instagram (in the case of a carousel) to prevent people participating in the KAL from seeing the clue revealed before they have had the chance to start knitting it.<br \/>\nThe official KAL hashtag is #kaljardindhiver<\/p>\n<p>You will find the links to the discussion groups in the introduction that will be provided when you purchase the pattern.<\/p>\n<p>&nbsp;<\/p>\n<div id=\"ConnectiveDocSignExtentionInstalled\" data-extension-version=\"1.0.4\"><\/div>","protected":false},"excerpt":{"rendered":"<p><strong>Let\u2019s rediscover together the magic of plants in winter.<\/strong><\/p>\n<p>Downloadable <strong>pdf pattern<\/strong> : once the order is validated, a download link is available on the order page.<\/p>\n<p><em>VAT is calculated when the shopping cart is validated.<\/em><\/p>\n<div id=\"ConnectiveDocSignExtentionInstalled\" data-extension-version=\"1.0.4\"><\/div>","protected":false},"featured_media":6288,"comment_status":"closed","ping_status":"closed","template":"","meta":{"jetpack_publicize_message":"","jetpack_publicize_feature_enabled":true,"jetpack_social_post_already_shared":true,"jetpack_social_options":{"image_generator_settings":{"template":"highway","default_image_id":0,"font":"","enabled":false},"version":2}},"product_brand":[],"product_cat":[324,318,308],"product_tag":[],"class_list":{"0":"post-6145","1":"product","2":"type-product","3":"status-publish","4":"has-post-thumbnail","6":"product_cat-chales","7":"product_cat-patrons-en-francais","8":"product_cat-patterns-modeles","11":"first","12":"instock","13":"taxable","14":"shipping-taxable","15":"purchasable","16":"product-type-variable"},"yoast_head":"<!-- This site is optimized with the Yoast SEO plugin v27.5 - https:\/\/yoast.com\/product\/yoast-seo-wordpress\/ -->\n<title>Jardin d&#039;Hiver - MKAL - ChristalLK<\/title>\n<meta name=\"description\" content=\"Red\u00e9couvrons ensemble la magie du v\u00e9g\u00e9tal en hiver. Inscrivez-vous en achetant le ch\u00e2le Jardin d&#039;Hiver et ce \u00e0 partir du 1er novembre\" \/>\n<meta name=\"robots\" content=\"index, follow, max-snippet:-1, max-image-preview:large, max-video-preview:-1\" \/>\n<link rel=\"canonical\" href=\"https:\/\/www.christallk.com\/en\/product\/jardin-dhiver\/\" \/>\n<meta property=\"og:locale\" content=\"en_US\" \/>\n<meta property=\"og:type\" content=\"article\" \/>\n<meta property=\"og:title\" content=\"Jardin d&#039;Hiver - MKAL - ChristalLK\" \/>\n<meta property=\"og:description\" content=\"Red\u00e9couvrons ensemble la magie du v\u00e9g\u00e9tal en hiver. Inscrivez-vous en achetant le ch\u00e2le Jardin d&#039;Hiver et ce \u00e0 partir du 1er novembre\" \/>\n<meta property=\"og:url\" content=\"https:\/\/www.christallk.com\/en\/product\/jardin-dhiver\/\" \/>\n<meta property=\"og:site_name\" content=\"ChristalLK\" \/>\n<meta property=\"article:publisher\" content=\"https:\/\/www.facebook.com\/ChristalLittleK\/\" \/>\n<meta property=\"article:modified_time\" content=\"2025-07-26T08:25:41+00:00\" \/>\n<meta property=\"og:image\" content=\"https:\/\/www.christallk.com\/wp-content\/uploads\/2023\/11\/jardinhiver-17.jpg\" \/>\n\t<meta property=\"og:image:width\" content=\"1365\" \/>\n\t<meta property=\"og:image:height\" content=\"2048\" \/>\n\t<meta property=\"og:image:type\" content=\"image\/jpeg\" \/>\n<meta name=\"twitter:card\" content=\"summary_large_image\" \/>\n<meta name=\"twitter:label1\" content=\"Est. reading time\" \/>\n\t<meta name=\"twitter:data1\" content=\"3 minutes\" \/>\n<script type=\"application\/ld+json\" class=\"yoast-schema-graph\">{\"@context\":\"https:\\\/\\\/schema.org\",\"@graph\":[{\"@type\":\"WebPage\",\"@id\":\"https:\\\/\\\/www.christallk.com\\\/product\\\/jardin-dhiver\\\/\",\"url\":\"https:\\\/\\\/www.christallk.com\\\/product\\\/jardin-dhiver\\\/\",\"name\":\"Jardin d'Hiver - MKAL - ChristalLK\",\"isPartOf\":{\"@id\":\"https:\\\/\\\/www.christallk.com\\\/#website\"},\"primaryImageOfPage\":{\"@id\":\"https:\\\/\\\/www.christallk.com\\\/product\\\/jardin-dhiver\\\/#primaryimage\"},\"image\":{\"@id\":\"https:\\\/\\\/www.christallk.com\\\/product\\\/jardin-dhiver\\\/#primaryimage\"},\"thumbnailUrl\":\"https:\\\/\\\/www.christallk.com\\\/wp-content\\\/uploads\\\/2023\\\/11\\\/jardinhiver-17.jpg\",\"datePublished\":\"2023-11-01T08:45:58+00:00\",\"dateModified\":\"2025-07-26T08:25:41+00:00\",\"description\":\"Red\u00e9couvrons ensemble la magie du v\u00e9g\u00e9tal en hiver. Inscrivez-vous en achetant le ch\u00e2le Jardin d'Hiver et ce \u00e0 partir du 1er novembre\",\"breadcrumb\":{\"@id\":\"https:\\\/\\\/www.christallk.com\\\/product\\\/jardin-dhiver\\\/#breadcrumb\"},\"inLanguage\":\"en-US\",\"potentialAction\":[{\"@type\":\"ReadAction\",\"target\":[\"https:\\\/\\\/www.christallk.com\\\/product\\\/jardin-dhiver\\\/\"]}]},{\"@type\":\"ImageObject\",\"inLanguage\":\"en-US\",\"@id\":\"https:\\\/\\\/www.christallk.com\\\/product\\\/jardin-dhiver\\\/#primaryimage\",\"url\":\"https:\\\/\\\/www.christallk.com\\\/wp-content\\\/uploads\\\/2023\\\/11\\\/jardinhiver-17.jpg\",\"contentUrl\":\"https:\\\/\\\/www.christallk.com\\\/wp-content\\\/uploads\\\/2023\\\/11\\\/jardinhiver-17.jpg\",\"width\":1365,\"height\":2048},{\"@type\":\"BreadcrumbList\",\"@id\":\"https:\\\/\\\/www.christallk.com\\\/product\\\/jardin-dhiver\\\/#breadcrumb\",\"itemListElement\":[{\"@type\":\"ListItem\",\"position\":1,\"name\":\"Home\",\"item\":\"https:\\\/\\\/www.christallk.com\\\/\"},{\"@type\":\"ListItem\",\"position\":2,\"name\":\"Boutique\",\"item\":\"https:\\\/\\\/www.christallk.com\\\/language\\\/fr\\\/shop\\\/\"},{\"@type\":\"ListItem\",\"position\":3,\"name\":\"Jardin d&rsquo;Hiver &#8211; MKAL\"}]},{\"@type\":\"WebSite\",\"@id\":\"https:\\\/\\\/www.christallk.com\\\/#website\",\"url\":\"https:\\\/\\\/www.christallk.com\\\/\",\"name\":\"ChristalLK\",\"description\":\"ChristalLK Website\",\"publisher\":{\"@id\":\"https:\\\/\\\/www.christallk.com\\\/#organization\"},\"potentialAction\":[{\"@type\":\"SearchAction\",\"target\":{\"@type\":\"EntryPoint\",\"urlTemplate\":\"https:\\\/\\\/www.christallk.com\\\/?s={search_term_string}\"},\"query-input\":{\"@type\":\"PropertyValueSpecification\",\"valueRequired\":true,\"valueName\":\"search_term_string\"}}],\"inLanguage\":\"en-US\"},{\"@type\":\"Organization\",\"@id\":\"https:\\\/\\\/www.christallk.com\\\/#organization\",\"name\":\"ChristalLK\",\"url\":\"https:\\\/\\\/www.christallk.com\\\/\",\"logo\":{\"@type\":\"ImageObject\",\"inLanguage\":\"en-US\",\"@id\":\"https:\\\/\\\/www.christallk.com\\\/#\\\/schema\\\/logo\\\/image\\\/\",\"url\":\"https:\\\/\\\/i2.wp.com\\\/www.christallk.com\\\/wp-content\\\/uploads\\\/2020\\\/05\\\/canvas_logo_clk.png?fit=650%2C600\",\"contentUrl\":\"https:\\\/\\\/i2.wp.com\\\/www.christallk.com\\\/wp-content\\\/uploads\\\/2020\\\/05\\\/canvas_logo_clk.png?fit=650%2C600\",\"width\":650,\"height\":600,\"caption\":\"ChristalLK\"},\"image\":{\"@id\":\"https:\\\/\\\/www.christallk.com\\\/#\\\/schema\\\/logo\\\/image\\\/\"},\"sameAs\":[\"https:\\\/\\\/www.facebook.com\\\/ChristalLittleK\\\/\",\"https:\\\/\\\/www.instagram.com\\\/christallittlek\\\/\",\"https:\\\/\\\/www.pinterest.com\\\/christallk1637\\\/\",\"https:\\\/\\\/www.youtube.com\\\/channel\\\/UCk8kNDAInlkf2fCr6pU-_oA?view_as=subscriber\"]}]}<\/script>\n<!-- \/ Yoast SEO plugin. -->","yoast_head_json":{"title":"Jardin d'Hiver - MKAL - ChristalLK","description":"Red\u00e9couvrons ensemble la magie du v\u00e9g\u00e9tal en hiver. Inscrivez-vous en achetant le ch\u00e2le Jardin d'Hiver et ce \u00e0 partir du 1er novembre","robots":{"index":"index","follow":"follow","max-snippet":"max-snippet:-1","max-image-preview":"max-image-preview:large","max-video-preview":"max-video-preview:-1"},"canonical":"https:\/\/www.christallk.com\/en\/product\/jardin-dhiver\/","og_locale":"en_US","og_type":"article","og_title":"Jardin d'Hiver - MKAL - ChristalLK","og_description":"Red\u00e9couvrons ensemble la magie du v\u00e9g\u00e9tal en hiver. Inscrivez-vous en achetant le ch\u00e2le Jardin d'Hiver et ce \u00e0 partir du 1er novembre","og_url":"https:\/\/www.christallk.com\/en\/product\/jardin-dhiver\/","og_site_name":"ChristalLK","article_publisher":"https:\/\/www.facebook.com\/ChristalLittleK\/","article_modified_time":"2025-07-26T08:25:41+00:00","og_image":[{"width":1365,"height":2048,"url":"https:\/\/www.christallk.com\/wp-content\/uploads\/2023\/11\/jardinhiver-17.jpg","type":"image\/jpeg"}],"twitter_card":"summary_large_image","twitter_misc":{"Est. reading time":"3 minutes"},"schema":{"@context":"https:\/\/schema.org","@graph":[{"@type":"WebPage","@id":"https:\/\/www.christallk.com\/product\/jardin-dhiver\/","url":"https:\/\/www.christallk.com\/product\/jardin-dhiver\/","name":"Jardin d'Hiver - MKAL - ChristalLK","isPartOf":{"@id":"https:\/\/www.christallk.com\/#website"},"primaryImageOfPage":{"@id":"https:\/\/www.christallk.com\/product\/jardin-dhiver\/#primaryimage"},"image":{"@id":"https:\/\/www.christallk.com\/product\/jardin-dhiver\/#primaryimage"},"thumbnailUrl":"https:\/\/www.christallk.com\/wp-content\/uploads\/2023\/11\/jardinhiver-17.jpg","datePublished":"2023-11-01T08:45:58+00:00","dateModified":"2025-07-26T08:25:41+00:00","description":"Red\u00e9couvrons ensemble la magie du v\u00e9g\u00e9tal en hiver. Inscrivez-vous en achetant le ch\u00e2le Jardin d'Hiver et ce \u00e0 partir du 1er novembre","breadcrumb":{"@id":"https:\/\/www.christallk.com\/product\/jardin-dhiver\/#breadcrumb"},"inLanguage":"en-US","potentialAction":[{"@type":"ReadAction","target":["https:\/\/www.christallk.com\/product\/jardin-dhiver\/"]}]},{"@type":"ImageObject","inLanguage":"en-US","@id":"https:\/\/www.christallk.com\/product\/jardin-dhiver\/#primaryimage","url":"https:\/\/www.christallk.com\/wp-content\/uploads\/2023\/11\/jardinhiver-17.jpg","contentUrl":"https:\/\/www.christallk.com\/wp-content\/uploads\/2023\/11\/jardinhiver-17.jpg","width":1365,"height":2048},{"@type":"BreadcrumbList","@id":"https:\/\/www.christallk.com\/product\/jardin-dhiver\/#breadcrumb","itemListElement":[{"@type":"ListItem","position":1,"name":"Home","item":"https:\/\/www.christallk.com\/"},{"@type":"ListItem","position":2,"name":"Boutique","item":"https:\/\/www.christallk.com\/language\/fr\/shop\/"},{"@type":"ListItem","position":3,"name":"Jardin d&rsquo;Hiver &#8211; MKAL"}]},{"@type":"WebSite","@id":"https:\/\/www.christallk.com\/#website","url":"https:\/\/www.christallk.com\/","name":"ChristalLK","description":"ChristalLK Website","publisher":{"@id":"https:\/\/www.christallk.com\/#organization"},"potentialAction":[{"@type":"SearchAction","target":{"@type":"EntryPoint","urlTemplate":"https:\/\/www.christallk.com\/?s={search_term_string}"},"query-input":{"@type":"PropertyValueSpecification","valueRequired":true,"valueName":"search_term_string"}}],"inLanguage":"en-US"},{"@type":"Organization","@id":"https:\/\/www.christallk.com\/#organization","name":"ChristalLK","url":"https:\/\/www.christallk.com\/","logo":{"@type":"ImageObject","inLanguage":"en-US","@id":"https:\/\/www.christallk.com\/#\/schema\/logo\/image\/","url":"https:\/\/i2.wp.com\/www.christallk.com\/wp-content\/uploads\/2020\/05\/canvas_logo_clk.png?fit=650%2C600","contentUrl":"https:\/\/i2.wp.com\/www.christallk.com\/wp-content\/uploads\/2020\/05\/canvas_logo_clk.png?fit=650%2C600","width":650,"height":600,"caption":"ChristalLK"},"image":{"@id":"https:\/\/www.christallk.com\/#\/schema\/logo\/image\/"},"sameAs":["https:\/\/www.facebook.com\/ChristalLittleK\/","https:\/\/www.instagram.com\/christallittlek\/","https:\/\/www.pinterest.com\/christallk1637\/","https:\/\/www.youtube.com\/channel\/UCk8kNDAInlkf2fCr6pU-_oA?view_as=subscriber"]}]}},"jetpack_publicize_connections":[],"jetpack_likes_enabled":true,"jetpack-related-posts":[{"id":6798,"url":"https:\/\/www.christallk.com\/en\/product\/ombelle-shawl\/","url_meta":{"origin":6145,"position":0},"title":"Umbell Shawl","author":"Christelle","date":"October 11, 2024","format":false,"excerpt":"The Ombelle shawl is a pretty crescent-shaped shawl made entirely of brioche! It was inspired by my son&#039;s botany lessons on umbellifers. Downloadable PDF pattern: once your order is confirmed, a download link is available on the order page. Remember to\u2026","rel":"","context":"Similar post","block_context":{"text":"Similar post","link":""},"img":{"alt_text":"","src":"https:\/\/i0.wp.com\/www.christallk.com\/wp-content\/uploads\/2024\/10\/imelda-07.jpg?resize=350%2C200&ssl=1","width":350,"height":200,"srcset":"https:\/\/i0.wp.com\/www.christallk.com\/wp-content\/uploads\/2024\/10\/imelda-07.jpg?resize=350%2C200&ssl=1 1x, https:\/\/i0.wp.com\/www.christallk.com\/wp-content\/uploads\/2024\/10\/imelda-07.jpg?resize=525%2C300&ssl=1 1.5x, https:\/\/i0.wp.com\/www.christallk.com\/wp-content\/uploads\/2024\/10\/imelda-07.jpg?resize=700%2C400&ssl=1 2x, https:\/\/i0.wp.com\/www.christallk.com\/wp-content\/uploads\/2024\/10\/imelda-07.jpg?resize=1050%2C600&ssl=1 3x, https:\/\/i0.wp.com\/www.christallk.com\/wp-content\/uploads\/2024\/10\/imelda-07.jpg?resize=1400%2C800&ssl=1 4x"},"classes":[]},{"id":6921,"url":"https:\/\/www.christallk.com\/en\/product\/popcorn-cowl\/","url_meta":{"origin":6145,"position":1},"title":"Popcorn Cowl","author":"Christelle","date":"December 2, 2024","format":false,"excerpt":"The Pop Corn Collar is a quick DK collar, it is embellished with a textured popcorn stitch that will allow you to take advantage of rather unusual yarns like boucl\u00e9 mohair or a handspun! Downloadable pdf pattern: once the order is validated, a download link\u2026","rel":"","context":"Similar post","block_context":{"text":"Similar post","link":""},"img":{"alt_text":"","src":"https:\/\/i0.wp.com\/www.christallk.com\/wp-content\/uploads\/2024\/12\/popcorn-7.jpg?resize=350%2C200&ssl=1","width":350,"height":200,"srcset":"https:\/\/i0.wp.com\/www.christallk.com\/wp-content\/uploads\/2024\/12\/popcorn-7.jpg?resize=350%2C200&ssl=1 1x, https:\/\/i0.wp.com\/www.christallk.com\/wp-content\/uploads\/2024\/12\/popcorn-7.jpg?resize=525%2C300&ssl=1 1.5x, https:\/\/i0.wp.com\/www.christallk.com\/wp-content\/uploads\/2024\/12\/popcorn-7.jpg?resize=700%2C400&ssl=1 2x, https:\/\/i0.wp.com\/www.christallk.com\/wp-content\/uploads\/2024\/12\/popcorn-7.jpg?resize=1050%2C600&ssl=1 3x, https:\/\/i0.wp.com\/www.christallk.com\/wp-content\/uploads\/2024\/12\/popcorn-7.jpg?resize=1400%2C800&ssl=1 4x"},"classes":[]},{"id":7212,"url":"https:\/\/www.christallk.com\/en\/product\/petals-of-love\/","url_meta":{"origin":6145,"position":2},"title":"Petals of Love","author":"Christelle","date":"February 21, 2025","format":false,"excerpt":"Petals of Love offers a pair of lightweight and poetic mittens, knitted with fingering yarn and a stretched silk handkerchief for an airy and refined touch. Downloadable PDF pattern: once your order is confirmed, a download link is available on the order page. Remember to\u2026","rel":"","context":"Similar post","block_context":{"text":"Similar post","link":""},"img":{"alt_text":"","src":"https:\/\/i0.wp.com\/www.christallk.com\/wp-content\/uploads\/2024\/12\/petals-of-love-9.jpg?resize=350%2C200&ssl=1","width":350,"height":200,"srcset":"https:\/\/i0.wp.com\/www.christallk.com\/wp-content\/uploads\/2024\/12\/petals-of-love-9.jpg?resize=350%2C200&ssl=1 1x, https:\/\/i0.wp.com\/www.christallk.com\/wp-content\/uploads\/2024\/12\/petals-of-love-9.jpg?resize=525%2C300&ssl=1 1.5x, https:\/\/i0.wp.com\/www.christallk.com\/wp-content\/uploads\/2024\/12\/petals-of-love-9.jpg?resize=700%2C400&ssl=1 2x, https:\/\/i0.wp.com\/www.christallk.com\/wp-content\/uploads\/2024\/12\/petals-of-love-9.jpg?resize=1050%2C600&ssl=1 3x, https:\/\/i0.wp.com\/www.christallk.com\/wp-content\/uploads\/2024\/12\/petals-of-love-9.jpg?resize=1400%2C800&ssl=1 4x"},"classes":[]},{"id":5355,"url":"https:\/\/www.christallk.com\/en\/product\/pullpy-mittens\/","url_meta":{"origin":6145,"position":3},"title":"Pullpy Mittens","author":"Christelle","date":"December 2, 2022","format":false,"excerpt":"Pullpy mittens are a pair of pulled-thread jacquard mittens. They require some jacquard experience to manage the back threads in certain areas of the pattern, but they are generally easy to knit. Downloadable PDF pattern: once the order is validated, a download link\u2026","rel":"","context":"Similar post","block_context":{"text":"Similar post","link":""},"img":{"alt_text":"","src":"https:\/\/i0.wp.com\/www.christallk.com\/wp-content\/uploads\/2022\/12\/IMG_9566.jpg?resize=350%2C200&ssl=1","width":350,"height":200,"srcset":"https:\/\/i0.wp.com\/www.christallk.com\/wp-content\/uploads\/2022\/12\/IMG_9566.jpg?resize=350%2C200&ssl=1 1x, https:\/\/i0.wp.com\/www.christallk.com\/wp-content\/uploads\/2022\/12\/IMG_9566.jpg?resize=525%2C300&ssl=1 1.5x, https:\/\/i0.wp.com\/www.christallk.com\/wp-content\/uploads\/2022\/12\/IMG_9566.jpg?resize=700%2C400&ssl=1 2x"},"classes":[]},{"id":6907,"url":"https:\/\/www.christallk.com\/en\/product\/peregrine-nebuleuses-dk\/","url_meta":{"origin":6145,"position":4},"title":"Peregrine Nebulae DK","author":"Christelle","date":"November 14, 2024","format":false,"excerpt":"100% Est \u00e0 Laine m\u00e9rinos 190 m \/ 100 g \u00e9lev\u00e9 et r\u00e9colt\u00e9 en France lav\u00e9 en Belgique peign\u00e9 en France fil\u00e9 en France teint en en France non superwash aiguilles 3,5 \u00e0 5 mm La TVA et les frais de livraison sont calcul\u00e9s \u00e0 la validation du panier.","rel":"","context":"Similar post","block_context":{"text":"Similar post","link":""},"img":{"alt_text":"","src":"https:\/\/i0.wp.com\/www.christallk.com\/wp-content\/uploads\/2024\/11\/20241009_124159-01-01-scaled.jpeg?resize=350%2C200&ssl=1","width":350,"height":200,"srcset":"https:\/\/i0.wp.com\/www.christallk.com\/wp-content\/uploads\/2024\/11\/20241009_124159-01-01-scaled.jpeg?resize=350%2C200&ssl=1 1x, https:\/\/i0.wp.com\/www.christallk.com\/wp-content\/uploads\/2024\/11\/20241009_124159-01-01-scaled.jpeg?resize=525%2C300&ssl=1 1.5x, https:\/\/i0.wp.com\/www.christallk.com\/wp-content\/uploads\/2024\/11\/20241009_124159-01-01-scaled.jpeg?resize=700%2C400&ssl=1 2x, https:\/\/i0.wp.com\/www.christallk.com\/wp-content\/uploads\/2024\/11\/20241009_124159-01-01-scaled.jpeg?resize=1050%2C600&ssl=1 3x, https:\/\/i0.wp.com\/www.christallk.com\/wp-content\/uploads\/2024\/11\/20241009_124159-01-01-scaled.jpeg?resize=1400%2C800&ssl=1 4x"},"classes":[]},{"id":5698,"url":"https:\/\/www.christallk.com\/en\/product\/le-pelerin\/","url_meta":{"origin":6145,"position":5},"title":"Le P\u00e9lerin","author":"Christelle","date":"March 17, 2023","format":false,"excerpt":"The Pilgrim is a multicolored unisex hat featuring jacquard, slipped stitch, and linen stitch. Downloadable PDF pattern: Once your order is confirmed, a download link is available on the order page. Remember to download it, as the link is temporary. VAT is\u2026","rel":"","context":"Similar post","block_context":{"text":"Similar post","link":""},"img":{"alt_text":"","src":"https:\/\/i0.wp.com\/www.christallk.com\/wp-content\/uploads\/2023\/03\/IMG_9681.jpg?resize=350%2C200&ssl=1","width":350,"height":200,"srcset":"https:\/\/i0.wp.com\/www.christallk.com\/wp-content\/uploads\/2023\/03\/IMG_9681.jpg?resize=350%2C200&ssl=1 1x, https:\/\/i0.wp.com\/www.christallk.com\/wp-content\/uploads\/2023\/03\/IMG_9681.jpg?resize=525%2C300&ssl=1 1.5x, https:\/\/i0.wp.com\/www.christallk.com\/wp-content\/uploads\/2023\/03\/IMG_9681.jpg?resize=700%2C400&ssl=1 2x"},"classes":[]}],"jetpack_sharing_enabled":true,"_links":{"self":[{"href":"https:\/\/www.christallk.com\/en\/wp-json\/wp\/v2\/product\/6145","targetHints":{"allow":["GET"]}}],"collection":[{"href":"https:\/\/www.christallk.com\/en\/wp-json\/wp\/v2\/product"}],"about":[{"href":"https:\/\/www.christallk.com\/en\/wp-json\/wp\/v2\/types\/product"}],"replies":[{"embeddable":true,"href":"https:\/\/www.christallk.com\/en\/wp-json\/wp\/v2\/comments?post=6145"}],"wp:featuredmedia":[{"embeddable":true,"href":"https:\/\/www.christallk.com\/en\/wp-json\/wp\/v2\/media\/6288"}],"wp:attachment":[{"href":"https:\/\/www.christallk.com\/en\/wp-json\/wp\/v2\/media?parent=6145"}],"wp:term":[{"taxonomy":"product_brand","embeddable":true,"href":"https:\/\/www.christallk.com\/en\/wp-json\/wp\/v2\/product_brand?post=6145"},{"taxonomy":"product_cat","embeddable":true,"href":"https:\/\/www.christallk.com\/en\/wp-json\/wp\/v2\/product_cat?post=6145"},{"taxonomy":"product_tag","embeddable":true,"href":"https:\/\/www.christallk.com\/en\/wp-json\/wp\/v2\/product_tag?post=6145"}],"curies":[{"name":"wp","href":"https:\/\/api.w.org\/{rel}","templated":true}]}}