{"id":6267,"date":"2023-12-30T00:01:06","date_gmt":"2023-12-29T23:01:06","guid":{"rendered":"https:\/\/www.christallk.com\/?post_type=product&#038;p=6267"},"modified":"2025-07-26T10:11:56","modified_gmt":"2025-07-26T08:11:56","slug":"brooklyn-bridge","status":"publish","type":"product","link":"https:\/\/www.christallk.com\/en\/product\/brooklyn-bridge\/","title":{"rendered":"Brooklyn Bridge"},"content":{"rendered":"<p><strong>Brooklyn Bridge <\/strong>is a shawl full of texture and cables.<br \/>\nIt is knitted from point to point while working the cable panel at the same time.<\/p>\n<h3>Yarn<\/h3>\n<p>You will need fingering yarn to knit it.<\/p>\n<p>I used <a href=\"https:\/\/www.madelaine-et-filibert.fr\/\">Madelaine &amp; Filibert<\/a> Baby Lama (100 % baby lama) 400 m \/ 100 g color New York approximately 790 m<br \/>\n*Note: the Baby Lama base is exclusive to the 2023 Christmas Box. It can be substituted by the Merial Silk base (70% superwash merino, 20% baby alpaca, 10% silk) 400 m \/100g*<\/p>\n<h3>Gauge<\/h3>\n<p>21 stitches \/ 34 rows in textured stitch for 10 cm after blocking<\/p>\n<h3>Notions<\/h3>\n<ul>\n<li>3.75 mm circ. needle 100cm long<\/li>\n<li>1 cable needle<\/li>\n<li>1 tapestry needle<\/li>\n<li>markers if needed<\/li>\n<\/ul>\n<h3>Final measurements<\/h3>\n<p>One size fits all<br \/>\nTop border: 218 cm wide<br \/>\nDepth: 89 cm<\/p>\n<h3>Construction<\/h3>\n<p>This shawl is worked from the top and start with a garter tab cast-on . You will then knit from the top using increases along edges and central stitch to the mosaic edge and finish with a picot BO.<\/p>\n<h3>Level<\/h3>\n<p>3\/5<\/p>\n<h3>Used techniques<\/h3>\n<ul>\n<li><a href=\"https:\/\/youtu.be\/kC1VGNE9uKE\">Lory's Twisty BO<\/a><\/li>\n<\/ul>\n<div id=\"ConnectiveDocSignExtentionInstalled\" data-extension-version=\"1.0.4\"><\/div>","protected":false},"excerpt":{"rendered":"<p><strong>Brooklyn Bridge <\/strong>is a shawl full of texture and cables.<br \/>\nIt is knitted from point to point while working the cable panel at the same time.<\/p>\n<p>Downloadable <strong>pdf pattern<\/strong> : once the order is validated, a download link is available on the order page. <strong>Remember to download it because the link is temporary.<\/strong><\/p>\n<p><em>VAT is calculated when the shopping cart is validated.<\/em><\/p>\n<div id=\"ConnectiveDocSignExtentionInstalled\" data-extension-version=\"1.0.4\"><\/div>","protected":false},"featured_media":6273,"comment_status":"closed","ping_status":"closed","template":"","meta":{"jetpack_publicize_message":"","jetpack_publicize_feature_enabled":true,"jetpack_social_post_already_shared":true,"jetpack_social_options":{"image_generator_settings":{"template":"highway","default_image_id":0,"font":"","enabled":false},"version":2}},"product_brand":[],"product_cat":[318,308,320],"product_tag":[],"class_list":{"0":"post-6267","1":"product","2":"type-product","3":"status-publish","4":"has-post-thumbnail","6":"product_cat-patrons-en-francais","7":"product_cat-patterns-modeles","8":"product_cat-pulls","11":"first","12":"instock","13":"taxable","14":"shipping-taxable","15":"purchasable","16":"product-type-variable"},"yoast_head":"<!-- This site is optimized with the Yoast SEO plugin v27.5 - https:\/\/yoast.com\/product\/yoast-seo-wordpress\/ -->\n<title>Brooklyn Bridge - ChristalLK<\/title>\n<meta name=\"description\" content=\"Brooklyn Bridge est un ch\u00e2le tout en texture et torsades. Il se tricote d&#039;une pointe \u00e0 l&#039;autre tout en travaillant le panneau de torsades en m\u00eame temps.\" \/>\n<meta name=\"robots\" content=\"index, follow, max-snippet:-1, max-image-preview:large, max-video-preview:-1\" \/>\n<link rel=\"canonical\" href=\"https:\/\/www.christallk.com\/en\/product\/brooklyn-bridge\/\" \/>\n<meta property=\"og:locale\" content=\"en_US\" \/>\n<meta property=\"og:type\" content=\"article\" \/>\n<meta property=\"og:title\" content=\"Brooklyn Bridge - ChristalLK\" \/>\n<meta property=\"og:description\" content=\"Brooklyn Bridge est un ch\u00e2le tout en texture et torsades. Il se tricote d&#039;une pointe \u00e0 l&#039;autre tout en travaillant le panneau de torsades en m\u00eame temps.\" \/>\n<meta property=\"og:url\" content=\"https:\/\/www.christallk.com\/en\/product\/brooklyn-bridge\/\" \/>\n<meta property=\"og:site_name\" content=\"ChristalLK\" \/>\n<meta property=\"article:publisher\" content=\"https:\/\/www.facebook.com\/ChristalLittleK\/\" \/>\n<meta property=\"article:modified_time\" content=\"2025-07-26T08:11:56+00:00\" \/>\n<meta property=\"og:image\" content=\"https:\/\/www.christallk.com\/wp-content\/uploads\/2023\/12\/IMG_0072-2.jpg\" \/>\n\t<meta property=\"og:image:width\" content=\"1638\" \/>\n\t<meta property=\"og:image:height\" content=\"2048\" \/>\n\t<meta property=\"og:image:type\" content=\"image\/jpeg\" \/>\n<meta name=\"twitter:card\" content=\"summary_large_image\" \/>\n<meta name=\"twitter:label1\" content=\"Est. reading time\" \/>\n\t<meta name=\"twitter:data1\" content=\"2 minutes\" \/>\n<script type=\"application\/ld+json\" class=\"yoast-schema-graph\">{\"@context\":\"https:\\\/\\\/schema.org\",\"@graph\":[{\"@type\":\"WebPage\",\"@id\":\"https:\\\/\\\/www.christallk.com\\\/product\\\/brooklyn-bridge\\\/\",\"url\":\"https:\\\/\\\/www.christallk.com\\\/product\\\/brooklyn-bridge\\\/\",\"name\":\"Brooklyn Bridge - ChristalLK\",\"isPartOf\":{\"@id\":\"https:\\\/\\\/www.christallk.com\\\/#website\"},\"primaryImageOfPage\":{\"@id\":\"https:\\\/\\\/www.christallk.com\\\/product\\\/brooklyn-bridge\\\/#primaryimage\"},\"image\":{\"@id\":\"https:\\\/\\\/www.christallk.com\\\/product\\\/brooklyn-bridge\\\/#primaryimage\"},\"thumbnailUrl\":\"https:\\\/\\\/www.christallk.com\\\/wp-content\\\/uploads\\\/2023\\\/12\\\/IMG_0072-2.jpg\",\"datePublished\":\"2023-12-29T23:01:06+00:00\",\"dateModified\":\"2025-07-26T08:11:56+00:00\",\"description\":\"Brooklyn Bridge est un ch\u00e2le tout en texture et torsades. Il se tricote d'une pointe \u00e0 l'autre tout en travaillant le panneau de torsades en m\u00eame temps.\",\"breadcrumb\":{\"@id\":\"https:\\\/\\\/www.christallk.com\\\/product\\\/brooklyn-bridge\\\/#breadcrumb\"},\"inLanguage\":\"en-US\",\"potentialAction\":[{\"@type\":\"ReadAction\",\"target\":[\"https:\\\/\\\/www.christallk.com\\\/product\\\/brooklyn-bridge\\\/\"]}]},{\"@type\":\"ImageObject\",\"inLanguage\":\"en-US\",\"@id\":\"https:\\\/\\\/www.christallk.com\\\/product\\\/brooklyn-bridge\\\/#primaryimage\",\"url\":\"https:\\\/\\\/www.christallk.com\\\/wp-content\\\/uploads\\\/2023\\\/12\\\/IMG_0072-2.jpg\",\"contentUrl\":\"https:\\\/\\\/www.christallk.com\\\/wp-content\\\/uploads\\\/2023\\\/12\\\/IMG_0072-2.jpg\",\"width\":1638,\"height\":2048},{\"@type\":\"BreadcrumbList\",\"@id\":\"https:\\\/\\\/www.christallk.com\\\/product\\\/brooklyn-bridge\\\/#breadcrumb\",\"itemListElement\":[{\"@type\":\"ListItem\",\"position\":1,\"name\":\"Home\",\"item\":\"https:\\\/\\\/www.christallk.com\\\/\"},{\"@type\":\"ListItem\",\"position\":2,\"name\":\"Boutique\",\"item\":\"https:\\\/\\\/www.christallk.com\\\/language\\\/fr\\\/shop\\\/\"},{\"@type\":\"ListItem\",\"position\":3,\"name\":\"Brooklyn Bridge\"}]},{\"@type\":\"WebSite\",\"@id\":\"https:\\\/\\\/www.christallk.com\\\/#website\",\"url\":\"https:\\\/\\\/www.christallk.com\\\/\",\"name\":\"ChristalLK\",\"description\":\"ChristalLK Website\",\"publisher\":{\"@id\":\"https:\\\/\\\/www.christallk.com\\\/#organization\"},\"potentialAction\":[{\"@type\":\"SearchAction\",\"target\":{\"@type\":\"EntryPoint\",\"urlTemplate\":\"https:\\\/\\\/www.christallk.com\\\/?s={search_term_string}\"},\"query-input\":{\"@type\":\"PropertyValueSpecification\",\"valueRequired\":true,\"valueName\":\"search_term_string\"}}],\"inLanguage\":\"en-US\"},{\"@type\":\"Organization\",\"@id\":\"https:\\\/\\\/www.christallk.com\\\/#organization\",\"name\":\"ChristalLK\",\"url\":\"https:\\\/\\\/www.christallk.com\\\/\",\"logo\":{\"@type\":\"ImageObject\",\"inLanguage\":\"en-US\",\"@id\":\"https:\\\/\\\/www.christallk.com\\\/#\\\/schema\\\/logo\\\/image\\\/\",\"url\":\"https:\\\/\\\/i2.wp.com\\\/www.christallk.com\\\/wp-content\\\/uploads\\\/2020\\\/05\\\/canvas_logo_clk.png?fit=650%2C600\",\"contentUrl\":\"https:\\\/\\\/i2.wp.com\\\/www.christallk.com\\\/wp-content\\\/uploads\\\/2020\\\/05\\\/canvas_logo_clk.png?fit=650%2C600\",\"width\":650,\"height\":600,\"caption\":\"ChristalLK\"},\"image\":{\"@id\":\"https:\\\/\\\/www.christallk.com\\\/#\\\/schema\\\/logo\\\/image\\\/\"},\"sameAs\":[\"https:\\\/\\\/www.facebook.com\\\/ChristalLittleK\\\/\",\"https:\\\/\\\/www.instagram.com\\\/christallittlek\\\/\",\"https:\\\/\\\/www.pinterest.com\\\/christallk1637\\\/\",\"https:\\\/\\\/www.youtube.com\\\/channel\\\/UCk8kNDAInlkf2fCr6pU-_oA?view_as=subscriber\"]}]}<\/script>\n<!-- \/ Yoast SEO plugin. -->","yoast_head_json":{"title":"Brooklyn Bridge - ChristalLK","description":"Brooklyn Bridge est un ch\u00e2le tout en texture et torsades. Il se tricote d'une pointe \u00e0 l'autre tout en travaillant le panneau de torsades en m\u00eame temps.","robots":{"index":"index","follow":"follow","max-snippet":"max-snippet:-1","max-image-preview":"max-image-preview:large","max-video-preview":"max-video-preview:-1"},"canonical":"https:\/\/www.christallk.com\/en\/product\/brooklyn-bridge\/","og_locale":"en_US","og_type":"article","og_title":"Brooklyn Bridge - ChristalLK","og_description":"Brooklyn Bridge est un ch\u00e2le tout en texture et torsades. Il se tricote d'une pointe \u00e0 l'autre tout en travaillant le panneau de torsades en m\u00eame temps.","og_url":"https:\/\/www.christallk.com\/en\/product\/brooklyn-bridge\/","og_site_name":"ChristalLK","article_publisher":"https:\/\/www.facebook.com\/ChristalLittleK\/","article_modified_time":"2025-07-26T08:11:56+00:00","og_image":[{"width":1638,"height":2048,"url":"https:\/\/www.christallk.com\/wp-content\/uploads\/2023\/12\/IMG_0072-2.jpg","type":"image\/jpeg"}],"twitter_card":"summary_large_image","twitter_misc":{"Est. reading time":"2 minutes"},"schema":{"@context":"https:\/\/schema.org","@graph":[{"@type":"WebPage","@id":"https:\/\/www.christallk.com\/product\/brooklyn-bridge\/","url":"https:\/\/www.christallk.com\/product\/brooklyn-bridge\/","name":"Brooklyn Bridge - ChristalLK","isPartOf":{"@id":"https:\/\/www.christallk.com\/#website"},"primaryImageOfPage":{"@id":"https:\/\/www.christallk.com\/product\/brooklyn-bridge\/#primaryimage"},"image":{"@id":"https:\/\/www.christallk.com\/product\/brooklyn-bridge\/#primaryimage"},"thumbnailUrl":"https:\/\/www.christallk.com\/wp-content\/uploads\/2023\/12\/IMG_0072-2.jpg","datePublished":"2023-12-29T23:01:06+00:00","dateModified":"2025-07-26T08:11:56+00:00","description":"Brooklyn Bridge est un ch\u00e2le tout en texture et torsades. Il se tricote d'une pointe \u00e0 l'autre tout en travaillant le panneau de torsades en m\u00eame temps.","breadcrumb":{"@id":"https:\/\/www.christallk.com\/product\/brooklyn-bridge\/#breadcrumb"},"inLanguage":"en-US","potentialAction":[{"@type":"ReadAction","target":["https:\/\/www.christallk.com\/product\/brooklyn-bridge\/"]}]},{"@type":"ImageObject","inLanguage":"en-US","@id":"https:\/\/www.christallk.com\/product\/brooklyn-bridge\/#primaryimage","url":"https:\/\/www.christallk.com\/wp-content\/uploads\/2023\/12\/IMG_0072-2.jpg","contentUrl":"https:\/\/www.christallk.com\/wp-content\/uploads\/2023\/12\/IMG_0072-2.jpg","width":1638,"height":2048},{"@type":"BreadcrumbList","@id":"https:\/\/www.christallk.com\/product\/brooklyn-bridge\/#breadcrumb","itemListElement":[{"@type":"ListItem","position":1,"name":"Home","item":"https:\/\/www.christallk.com\/"},{"@type":"ListItem","position":2,"name":"Boutique","item":"https:\/\/www.christallk.com\/language\/fr\/shop\/"},{"@type":"ListItem","position":3,"name":"Brooklyn Bridge"}]},{"@type":"WebSite","@id":"https:\/\/www.christallk.com\/#website","url":"https:\/\/www.christallk.com\/","name":"ChristalLK","description":"ChristalLK Website","publisher":{"@id":"https:\/\/www.christallk.com\/#organization"},"potentialAction":[{"@type":"SearchAction","target":{"@type":"EntryPoint","urlTemplate":"https:\/\/www.christallk.com\/?s={search_term_string}"},"query-input":{"@type":"PropertyValueSpecification","valueRequired":true,"valueName":"search_term_string"}}],"inLanguage":"en-US"},{"@type":"Organization","@id":"https:\/\/www.christallk.com\/#organization","name":"ChristalLK","url":"https:\/\/www.christallk.com\/","logo":{"@type":"ImageObject","inLanguage":"en-US","@id":"https:\/\/www.christallk.com\/#\/schema\/logo\/image\/","url":"https:\/\/i2.wp.com\/www.christallk.com\/wp-content\/uploads\/2020\/05\/canvas_logo_clk.png?fit=650%2C600","contentUrl":"https:\/\/i2.wp.com\/www.christallk.com\/wp-content\/uploads\/2020\/05\/canvas_logo_clk.png?fit=650%2C600","width":650,"height":600,"caption":"ChristalLK"},"image":{"@id":"https:\/\/www.christallk.com\/#\/schema\/logo\/image\/"},"sameAs":["https:\/\/www.facebook.com\/ChristalLittleK\/","https:\/\/www.instagram.com\/christallittlek\/","https:\/\/www.pinterest.com\/christallk1637\/","https:\/\/www.youtube.com\/channel\/UCk8kNDAInlkf2fCr6pU-_oA?view_as=subscriber"]}]}},"jetpack_publicize_connections":[],"jetpack_likes_enabled":true,"jetpack-related-posts":[{"id":5879,"url":"https:\/\/www.christallk.com\/en\/product\/la-primavera\/","url_meta":{"origin":6267,"position":0},"title":"The Primavera","author":"Christelle","date":"July 4, 2023","format":false,"excerpt":"La Primavera is a jacquard shawl. Despite its apparent complexity, LA PRIMAVERA is accessible to any knitter who has already worked with jacquard in the round! Downloadable PDF pattern: once your order is confirmed, a download link is available on the order page. Remember to\u2026","rel":"","context":"Similar post","block_context":{"text":"Similar post","link":""},"img":{"alt_text":"","src":"https:\/\/i0.wp.com\/www.christallk.com\/wp-content\/uploads\/2023\/07\/DSC00033-2.jpg?resize=350%2C200&ssl=1","width":350,"height":200,"srcset":"https:\/\/i0.wp.com\/www.christallk.com\/wp-content\/uploads\/2023\/07\/DSC00033-2.jpg?resize=350%2C200&ssl=1 1x, https:\/\/i0.wp.com\/www.christallk.com\/wp-content\/uploads\/2023\/07\/DSC00033-2.jpg?resize=525%2C300&ssl=1 1.5x, https:\/\/i0.wp.com\/www.christallk.com\/wp-content\/uploads\/2023\/07\/DSC00033-2.jpg?resize=700%2C400&ssl=1 2x"},"classes":[]},{"id":6605,"url":"https:\/\/www.christallk.com\/en\/product\/solaris-shawl\/","url_meta":{"origin":6267,"position":1},"title":"Solaris Shawl","author":"Christelle","date":"July 5, 2024","format":false,"excerpt":"Solaris is a shawl made entirely of brioche and mosaic stitch. This very large shawl will wrap you up on cool summer evenings and will see you through winter! Downloadable PDF pattern: once your order is confirmed, a download link is available on the order page. Remember\u2026","rel":"","context":"Similar post","block_context":{"text":"Similar post","link":""},"img":{"alt_text":"","src":"https:\/\/i0.wp.com\/www.christallk.com\/wp-content\/uploads\/2024\/07\/solaris-shawl-25.jpg?resize=350%2C200&ssl=1","width":350,"height":200,"srcset":"https:\/\/i0.wp.com\/www.christallk.com\/wp-content\/uploads\/2024\/07\/solaris-shawl-25.jpg?resize=350%2C200&ssl=1 1x, https:\/\/i0.wp.com\/www.christallk.com\/wp-content\/uploads\/2024\/07\/solaris-shawl-25.jpg?resize=525%2C300&ssl=1 1.5x"},"classes":[]},{"id":5460,"url":"https:\/\/www.christallk.com\/en\/product\/lupin-shawl\/","url_meta":{"origin":6267,"position":2},"title":"Lupin Shawl","author":"Christelle","date":"March 14, 2023","format":false,"excerpt":"Lupin is a large, semi-circular shawl that begins with a small area of garter stitch. Leaves then spread throughout the shawl, eventually blooming into flowers at the bottom. Downloadable PDF pattern: once your order is confirmed, a download link is available on\u2026","rel":"","context":"Similar post","block_context":{"text":"Similar post","link":""},"img":{"alt_text":"","src":"https:\/\/i0.wp.com\/www.christallk.com\/wp-content\/uploads\/2023\/03\/IMG_9666.jpg?resize=350%2C200&ssl=1","width":350,"height":200,"srcset":"https:\/\/i0.wp.com\/www.christallk.com\/wp-content\/uploads\/2023\/03\/IMG_9666.jpg?resize=350%2C200&ssl=1 1x, https:\/\/i0.wp.com\/www.christallk.com\/wp-content\/uploads\/2023\/03\/IMG_9666.jpg?resize=525%2C300&ssl=1 1.5x, https:\/\/i0.wp.com\/www.christallk.com\/wp-content\/uploads\/2023\/03\/IMG_9666.jpg?resize=700%2C400&ssl=1 2x"},"classes":[]},{"id":4237,"url":"https:\/\/www.christallk.com\/en\/product\/broadford\/","url_meta":{"origin":6267,"position":3},"title":"BROADFORD","author":"Christelle","date":"September 11, 2021","format":false,"excerpt":"Broadford est un pull avec un panneau de torsades qui se tricote du haut en bas. C'est le parfait petit pull pour les gar\u00e7ons mais pas que ! Patron pdf t\u00e9l\u00e9chargeable : une fois la commande valid\u00e9e, un lien de t\u00e9l\u00e9chargement est disponible sur la page de commande. Pensez \u00e0\u2026","rel":"","context":"Similar post","block_context":{"text":"Similar post","link":""},"img":{"alt_text":"","src":"https:\/\/i0.wp.com\/www.christallk.com\/wp-content\/uploads\/2021\/09\/broadford_9.jpg?resize=350%2C200&ssl=1","width":350,"height":200,"srcset":"https:\/\/i0.wp.com\/www.christallk.com\/wp-content\/uploads\/2021\/09\/broadford_9.jpg?resize=350%2C200&ssl=1 1x, https:\/\/i0.wp.com\/www.christallk.com\/wp-content\/uploads\/2021\/09\/broadford_9.jpg?resize=525%2C300&ssl=1 1.5x, https:\/\/i0.wp.com\/www.christallk.com\/wp-content\/uploads\/2021\/09\/broadford_9.jpg?resize=700%2C400&ssl=1 2x"},"classes":[]},{"id":5232,"url":"https:\/\/www.christallk.com\/en\/product\/annees-folles\/","url_meta":{"origin":6267,"position":4},"title":"Ann\u00e9es Folles","author":"Christelle","date":"October 14, 2022","format":false,"excerpt":"Ann\u00e9es Folles est un grand ch\u00e2le doudou, tricot\u00e9 en laine DK. Il est agr\u00e9ment\u00e9 d'une longue bordure en torsades et de bobbles qui font penser \u00e0 l'exub\u00e9rance des robes Charleston des ann\u00e9es 1920. Patron pdf t\u00e9l\u00e9chargeable : une fois la commande valid\u00e9e, un lien de t\u00e9l\u00e9chargement est disponible sur la\u2026","rel":"","context":"Similar post","block_context":{"text":"Similar post","link":""},"img":{"alt_text":"","src":"https:\/\/i0.wp.com\/www.christallk.com\/wp-content\/uploads\/2022\/10\/IMG_9490.jpg?resize=350%2C200&ssl=1","width":350,"height":200,"srcset":"https:\/\/i0.wp.com\/www.christallk.com\/wp-content\/uploads\/2022\/10\/IMG_9490.jpg?resize=350%2C200&ssl=1 1x, https:\/\/i0.wp.com\/www.christallk.com\/wp-content\/uploads\/2022\/10\/IMG_9490.jpg?resize=525%2C300&ssl=1 1.5x, https:\/\/i0.wp.com\/www.christallk.com\/wp-content\/uploads\/2022\/10\/IMG_9490.jpg?resize=700%2C400&ssl=1 2x"},"classes":[]},{"id":6071,"url":"https:\/\/www.christallk.com\/en\/product\/la-brughiera\/","url_meta":{"origin":6267,"position":5},"title":"The Brughiera","author":"Christelle","date":"September 26, 2023","format":false,"excerpt":"The Brughiera is a garter stitch and mosaic stitch shawl. It&#039;s designed for serious beginners, as mosaic stitch allows you to work with patterns without having to manage thread tension. Downloadable PDF pattern: once your order is confirmed, a download link is available on...","rel":"","context":"Similar post","block_context":{"text":"Similar post","link":""},"img":{"alt_text":"","src":"https:\/\/i0.wp.com\/www.christallk.com\/wp-content\/uploads\/2023\/09\/IMG_9958.jpg?resize=350%2C200&ssl=1","width":350,"height":200,"srcset":"https:\/\/i0.wp.com\/www.christallk.com\/wp-content\/uploads\/2023\/09\/IMG_9958.jpg?resize=350%2C200&ssl=1 1x, https:\/\/i0.wp.com\/www.christallk.com\/wp-content\/uploads\/2023\/09\/IMG_9958.jpg?resize=525%2C300&ssl=1 1.5x, https:\/\/i0.wp.com\/www.christallk.com\/wp-content\/uploads\/2023\/09\/IMG_9958.jpg?resize=700%2C400&ssl=1 2x, https:\/\/i0.wp.com\/www.christallk.com\/wp-content\/uploads\/2023\/09\/IMG_9958.jpg?resize=1050%2C600&ssl=1 3x"},"classes":[]}],"jetpack_sharing_enabled":true,"_links":{"self":[{"href":"https:\/\/www.christallk.com\/en\/wp-json\/wp\/v2\/product\/6267","targetHints":{"allow":["GET"]}}],"collection":[{"href":"https:\/\/www.christallk.com\/en\/wp-json\/wp\/v2\/product"}],"about":[{"href":"https:\/\/www.christallk.com\/en\/wp-json\/wp\/v2\/types\/product"}],"replies":[{"embeddable":true,"href":"https:\/\/www.christallk.com\/en\/wp-json\/wp\/v2\/comments?post=6267"}],"wp:featuredmedia":[{"embeddable":true,"href":"https:\/\/www.christallk.com\/en\/wp-json\/wp\/v2\/media\/6273"}],"wp:attachment":[{"href":"https:\/\/www.christallk.com\/en\/wp-json\/wp\/v2\/media?parent=6267"}],"wp:term":[{"taxonomy":"product_brand","embeddable":true,"href":"https:\/\/www.christallk.com\/en\/wp-json\/wp\/v2\/product_brand?post=6267"},{"taxonomy":"product_cat","embeddable":true,"href":"https:\/\/www.christallk.com\/en\/wp-json\/wp\/v2\/product_cat?post=6267"},{"taxonomy":"product_tag","embeddable":true,"href":"https:\/\/www.christallk.com\/en\/wp-json\/wp\/v2\/product_tag?post=6267"}],"curies":[{"name":"wp","href":"https:\/\/api.w.org\/{rel}","templated":true}]}}