{"id":6462,"date":"2024-04-09T10:08:10","date_gmt":"2024-04-09T08:08:10","guid":{"rendered":"https:\/\/www.christallk.com\/?post_type=product&#038;p=6462"},"modified":"2025-07-26T09:59:12","modified_gmt":"2025-07-26T07:59:12","slug":"husband-cardigan","status":"publish","type":"product","link":"https:\/\/www.christallk.com\/en\/product\/husband-cardigan\/","title":{"rendered":"Husband Cardigan"},"content":{"rendered":"<p><strong>Le Husband Cardigan<\/strong> est un gilet \u00e0 col ch\u00e2le alliant techniques classiques comme les manches tombantes, les points typiques Gansey et originalit\u00e9 avec un gousset sous les bras construit en m\u00eame temps que le corps. Il ravira les messieurs les plus difficiles en donnant \u00e0 leur garde-robe du caract\u00e8re et une touche de modernit\u00e9.<br \/>\nCe gilet est con\u00e7u pour les hommes mais peut \u00eatre port\u00e9 par les femmes en ajustant la longueur des manches et du corps.*<\/p>\n<h3>Laine<\/h3>\n<p>De Rerum Natura Gilliatt 250 m \/ 100 g (100% m\u00e9rinos non SW) environ 1475 [1650, 1800, 1920][2075, 2215, 2350] m ou 6 [7, 8, 8][9, 9, 10] pelotes coloris Nuit<\/p>\n<h3>Echantillon<\/h3>\n<p>20 mailles \/ 27 rangs en jersey \u00e0 plat pour 10 cm apr\u00e8s blocage avec les aig. 4 mm<br \/>\n19 mailles \/ 27 rangs en point mousse quinconce pour 10 cm apr\u00e8s blocage avec les aig. 4 mm<\/p>\n<h3>Mat\u00e9riel<\/h3>\n<p>1 aig. circ. 4 mm de 80 \u00e0 100 cm de long selon la taille<br \/>\n5 aig. doubles pointes 3,5 mm pour les petites circonf\u00e9rences (poignets) si n\u00e9c.<br \/>\n5 aig. doubles pointes 3,75 mm pour les petites circonf\u00e9rences (fin de manches)<br \/>\n5 aig. doubles pointes 4 mm pour les petites circonf\u00e9rences (manches)1 aig. \u00e0 tapisserie<br \/>\n2 marqueurs amovibles<br \/>\n2 marqueurs (si n\u00e9c.)<br \/>\n5 boutons de 2,5 cm de diam\u00e8tre<\/p>\n<h3>Mesures finales<\/h3>\n<p>99 (107, 115, 130)(137, 147, 155) cm<\/p>\n<h3>Niveau<\/h3>\n<p>3\/5<\/p>\n<h3>Techniques utilis\u00e9es<\/h3>\n<ul>\n<li><a href=\"https:\/\/www.christallk.com\/fr-be\/rangs-raccourcis-allemande\/\">Rangs raccourcis \u00e0 l&rsquo;allemande<\/a><\/li>\n<li>Boutonni\u00e8re \u00e0 trois mailles<\/li>\n<li><a href=\"https:\/\/www.christallk.com\/fr-be\/lori-s-twisty-bind-off-fr\/\">Rabat en Lory&rsquo;s Twisty Bind-Off<\/a><\/li>\n<\/ul>\n<div id=\"ConnectiveDocSignExtentionInstalled\" data-extension-version=\"1.0.4\"><\/div>\n","protected":false},"excerpt":{"rendered":"<p>The <strong>Husband Cardigan<\/strong> is a shawl-collared cardigan that combines classic techniques with originality, giving your wardrobe a touch of modernity and character.<\/p>\n<p><strong>Downloadable PDF pattern: Once your order is confirmed, a download link is available on the order page. Remember to download it, as the link is temporary.<\/strong><\/p>\n<p><em>VAT is calculated when the shopping cart is validated.<\/em><\/p>\n<p>&nbsp;<\/p>\n<div id=\"ConnectiveDocSignExtentionInstalled\" data-extension-version=\"1.0.4\"><\/div>","protected":false},"featured_media":6468,"comment_status":"closed","ping_status":"closed","template":"","meta":{"jetpack_publicize_message":"","jetpack_publicize_feature_enabled":true,"jetpack_social_post_already_shared":true,"jetpack_social_options":{"image_generator_settings":{"template":"highway","default_image_id":0,"font":"","enabled":false},"version":2}},"product_brand":[],"product_cat":[318,308,320],"product_tag":[],"class_list":{"0":"post-6462","1":"product","2":"type-product","3":"status-publish","4":"has-post-thumbnail","6":"product_cat-patrons-en-francais","7":"product_cat-patterns-modeles","8":"product_cat-pulls","11":"first","12":"instock","13":"taxable","14":"shipping-taxable","15":"purchasable","16":"product-type-variable"},"yoast_head":"<!-- This site is optimized with the Yoast SEO plugin v27.5 - https:\/\/yoast.com\/product\/yoast-seo-wordpress\/ -->\n<title>Husband Cardigan - ChristalLK<\/title>\n<meta name=\"description\" content=\"Le Husband Cardigan est un gilet \u00e0 col ch\u00e2le alliant techniques classiques et originalit\u00e9 en donnant \u00e0 une garde-robe caract\u00e8re et une touche de modernit\u00e9\" \/>\n<meta name=\"robots\" content=\"index, follow, max-snippet:-1, max-image-preview:large, max-video-preview:-1\" \/>\n<link rel=\"canonical\" href=\"https:\/\/www.christallk.com\/en\/product\/husband-cardigan\/\" \/>\n<meta property=\"og:locale\" content=\"en_US\" \/>\n<meta property=\"og:type\" content=\"article\" \/>\n<meta property=\"og:title\" content=\"Husband Cardigan - ChristalLK\" \/>\n<meta property=\"og:description\" content=\"Le Husband Cardigan est un gilet \u00e0 col ch\u00e2le alliant techniques classiques et originalit\u00e9 en donnant \u00e0 une garde-robe caract\u00e8re et une touche de modernit\u00e9\" \/>\n<meta property=\"og:url\" content=\"https:\/\/www.christallk.com\/en\/product\/husband-cardigan\/\" \/>\n<meta property=\"og:site_name\" content=\"ChristalLK\" \/>\n<meta property=\"article:publisher\" content=\"https:\/\/www.facebook.com\/ChristalLittleK\/\" \/>\n<meta property=\"article:modified_time\" content=\"2025-07-26T07:59:12+00:00\" \/>\n<meta property=\"og:image\" content=\"https:\/\/www.christallk.com\/wp-content\/uploads\/2024\/04\/IMG_0311.jpg\" \/>\n\t<meta property=\"og:image:width\" content=\"1365\" \/>\n\t<meta property=\"og:image:height\" content=\"2048\" \/>\n\t<meta property=\"og:image:type\" content=\"image\/jpeg\" \/>\n<meta name=\"twitter:card\" content=\"summary_large_image\" \/>\n<meta name=\"twitter:label1\" content=\"Est. reading time\" \/>\n\t<meta name=\"twitter:data1\" content=\"2 minutes\" \/>\n<script type=\"application\/ld+json\" class=\"yoast-schema-graph\">{\"@context\":\"https:\\\/\\\/schema.org\",\"@graph\":[{\"@type\":\"WebPage\",\"@id\":\"https:\\\/\\\/www.christallk.com\\\/product\\\/husband-cardigan\\\/\",\"url\":\"https:\\\/\\\/www.christallk.com\\\/product\\\/husband-cardigan\\\/\",\"name\":\"Husband Cardigan - ChristalLK\",\"isPartOf\":{\"@id\":\"https:\\\/\\\/www.christallk.com\\\/#website\"},\"primaryImageOfPage\":{\"@id\":\"https:\\\/\\\/www.christallk.com\\\/product\\\/husband-cardigan\\\/#primaryimage\"},\"image\":{\"@id\":\"https:\\\/\\\/www.christallk.com\\\/product\\\/husband-cardigan\\\/#primaryimage\"},\"thumbnailUrl\":\"https:\\\/\\\/www.christallk.com\\\/wp-content\\\/uploads\\\/2024\\\/04\\\/IMG_0311.jpg\",\"datePublished\":\"2024-04-09T08:08:10+00:00\",\"dateModified\":\"2025-07-26T07:59:12+00:00\",\"description\":\"Le Husband Cardigan est un gilet \u00e0 col ch\u00e2le alliant techniques classiques et originalit\u00e9 en donnant \u00e0 une garde-robe caract\u00e8re et une touche de modernit\u00e9\",\"breadcrumb\":{\"@id\":\"https:\\\/\\\/www.christallk.com\\\/product\\\/husband-cardigan\\\/#breadcrumb\"},\"inLanguage\":\"en-US\",\"potentialAction\":[{\"@type\":\"ReadAction\",\"target\":[\"https:\\\/\\\/www.christallk.com\\\/product\\\/husband-cardigan\\\/\"]}]},{\"@type\":\"ImageObject\",\"inLanguage\":\"en-US\",\"@id\":\"https:\\\/\\\/www.christallk.com\\\/product\\\/husband-cardigan\\\/#primaryimage\",\"url\":\"https:\\\/\\\/www.christallk.com\\\/wp-content\\\/uploads\\\/2024\\\/04\\\/IMG_0311.jpg\",\"contentUrl\":\"https:\\\/\\\/www.christallk.com\\\/wp-content\\\/uploads\\\/2024\\\/04\\\/IMG_0311.jpg\",\"width\":1365,\"height\":2048},{\"@type\":\"BreadcrumbList\",\"@id\":\"https:\\\/\\\/www.christallk.com\\\/product\\\/husband-cardigan\\\/#breadcrumb\",\"itemListElement\":[{\"@type\":\"ListItem\",\"position\":1,\"name\":\"Home\",\"item\":\"https:\\\/\\\/www.christallk.com\\\/\"},{\"@type\":\"ListItem\",\"position\":2,\"name\":\"Boutique\",\"item\":\"https:\\\/\\\/www.christallk.com\\\/language\\\/fr\\\/shop\\\/\"},{\"@type\":\"ListItem\",\"position\":3,\"name\":\"Husband Cardigan\"}]},{\"@type\":\"WebSite\",\"@id\":\"https:\\\/\\\/www.christallk.com\\\/#website\",\"url\":\"https:\\\/\\\/www.christallk.com\\\/\",\"name\":\"ChristalLK\",\"description\":\"ChristalLK Website\",\"publisher\":{\"@id\":\"https:\\\/\\\/www.christallk.com\\\/#organization\"},\"potentialAction\":[{\"@type\":\"SearchAction\",\"target\":{\"@type\":\"EntryPoint\",\"urlTemplate\":\"https:\\\/\\\/www.christallk.com\\\/?s={search_term_string}\"},\"query-input\":{\"@type\":\"PropertyValueSpecification\",\"valueRequired\":true,\"valueName\":\"search_term_string\"}}],\"inLanguage\":\"en-US\"},{\"@type\":\"Organization\",\"@id\":\"https:\\\/\\\/www.christallk.com\\\/#organization\",\"name\":\"ChristalLK\",\"url\":\"https:\\\/\\\/www.christallk.com\\\/\",\"logo\":{\"@type\":\"ImageObject\",\"inLanguage\":\"en-US\",\"@id\":\"https:\\\/\\\/www.christallk.com\\\/#\\\/schema\\\/logo\\\/image\\\/\",\"url\":\"https:\\\/\\\/i2.wp.com\\\/www.christallk.com\\\/wp-content\\\/uploads\\\/2020\\\/05\\\/canvas_logo_clk.png?fit=650%2C600\",\"contentUrl\":\"https:\\\/\\\/i2.wp.com\\\/www.christallk.com\\\/wp-content\\\/uploads\\\/2020\\\/05\\\/canvas_logo_clk.png?fit=650%2C600\",\"width\":650,\"height\":600,\"caption\":\"ChristalLK\"},\"image\":{\"@id\":\"https:\\\/\\\/www.christallk.com\\\/#\\\/schema\\\/logo\\\/image\\\/\"},\"sameAs\":[\"https:\\\/\\\/www.facebook.com\\\/ChristalLittleK\\\/\",\"https:\\\/\\\/www.instagram.com\\\/christallittlek\\\/\",\"https:\\\/\\\/www.pinterest.com\\\/christallk1637\\\/\",\"https:\\\/\\\/www.youtube.com\\\/channel\\\/UCk8kNDAInlkf2fCr6pU-_oA?view_as=subscriber\"]}]}<\/script>\n<!-- \/ Yoast SEO plugin. -->","yoast_head_json":{"title":"Husband Cardigan - ChristalLK","description":"Le Husband Cardigan est un gilet \u00e0 col ch\u00e2le alliant techniques classiques et originalit\u00e9 en donnant \u00e0 une garde-robe caract\u00e8re et une touche de modernit\u00e9","robots":{"index":"index","follow":"follow","max-snippet":"max-snippet:-1","max-image-preview":"max-image-preview:large","max-video-preview":"max-video-preview:-1"},"canonical":"https:\/\/www.christallk.com\/en\/product\/husband-cardigan\/","og_locale":"en_US","og_type":"article","og_title":"Husband Cardigan - ChristalLK","og_description":"Le Husband Cardigan est un gilet \u00e0 col ch\u00e2le alliant techniques classiques et originalit\u00e9 en donnant \u00e0 une garde-robe caract\u00e8re et une touche de modernit\u00e9","og_url":"https:\/\/www.christallk.com\/en\/product\/husband-cardigan\/","og_site_name":"ChristalLK","article_publisher":"https:\/\/www.facebook.com\/ChristalLittleK\/","article_modified_time":"2025-07-26T07:59:12+00:00","og_image":[{"width":1365,"height":2048,"url":"https:\/\/www.christallk.com\/wp-content\/uploads\/2024\/04\/IMG_0311.jpg","type":"image\/jpeg"}],"twitter_card":"summary_large_image","twitter_misc":{"Est. reading time":"2 minutes"},"schema":{"@context":"https:\/\/schema.org","@graph":[{"@type":"WebPage","@id":"https:\/\/www.christallk.com\/product\/husband-cardigan\/","url":"https:\/\/www.christallk.com\/product\/husband-cardigan\/","name":"Husband Cardigan - ChristalLK","isPartOf":{"@id":"https:\/\/www.christallk.com\/#website"},"primaryImageOfPage":{"@id":"https:\/\/www.christallk.com\/product\/husband-cardigan\/#primaryimage"},"image":{"@id":"https:\/\/www.christallk.com\/product\/husband-cardigan\/#primaryimage"},"thumbnailUrl":"https:\/\/www.christallk.com\/wp-content\/uploads\/2024\/04\/IMG_0311.jpg","datePublished":"2024-04-09T08:08:10+00:00","dateModified":"2025-07-26T07:59:12+00:00","description":"Le Husband Cardigan est un gilet \u00e0 col ch\u00e2le alliant techniques classiques et originalit\u00e9 en donnant \u00e0 une garde-robe caract\u00e8re et une touche de modernit\u00e9","breadcrumb":{"@id":"https:\/\/www.christallk.com\/product\/husband-cardigan\/#breadcrumb"},"inLanguage":"en-US","potentialAction":[{"@type":"ReadAction","target":["https:\/\/www.christallk.com\/product\/husband-cardigan\/"]}]},{"@type":"ImageObject","inLanguage":"en-US","@id":"https:\/\/www.christallk.com\/product\/husband-cardigan\/#primaryimage","url":"https:\/\/www.christallk.com\/wp-content\/uploads\/2024\/04\/IMG_0311.jpg","contentUrl":"https:\/\/www.christallk.com\/wp-content\/uploads\/2024\/04\/IMG_0311.jpg","width":1365,"height":2048},{"@type":"BreadcrumbList","@id":"https:\/\/www.christallk.com\/product\/husband-cardigan\/#breadcrumb","itemListElement":[{"@type":"ListItem","position":1,"name":"Home","item":"https:\/\/www.christallk.com\/"},{"@type":"ListItem","position":2,"name":"Boutique","item":"https:\/\/www.christallk.com\/language\/fr\/shop\/"},{"@type":"ListItem","position":3,"name":"Husband Cardigan"}]},{"@type":"WebSite","@id":"https:\/\/www.christallk.com\/#website","url":"https:\/\/www.christallk.com\/","name":"ChristalLK","description":"ChristalLK Website","publisher":{"@id":"https:\/\/www.christallk.com\/#organization"},"potentialAction":[{"@type":"SearchAction","target":{"@type":"EntryPoint","urlTemplate":"https:\/\/www.christallk.com\/?s={search_term_string}"},"query-input":{"@type":"PropertyValueSpecification","valueRequired":true,"valueName":"search_term_string"}}],"inLanguage":"en-US"},{"@type":"Organization","@id":"https:\/\/www.christallk.com\/#organization","name":"ChristalLK","url":"https:\/\/www.christallk.com\/","logo":{"@type":"ImageObject","inLanguage":"en-US","@id":"https:\/\/www.christallk.com\/#\/schema\/logo\/image\/","url":"https:\/\/i2.wp.com\/www.christallk.com\/wp-content\/uploads\/2020\/05\/canvas_logo_clk.png?fit=650%2C600","contentUrl":"https:\/\/i2.wp.com\/www.christallk.com\/wp-content\/uploads\/2020\/05\/canvas_logo_clk.png?fit=650%2C600","width":650,"height":600,"caption":"ChristalLK"},"image":{"@id":"https:\/\/www.christallk.com\/#\/schema\/logo\/image\/"},"sameAs":["https:\/\/www.facebook.com\/ChristalLittleK\/","https:\/\/www.instagram.com\/christallittlek\/","https:\/\/www.pinterest.com\/christallk1637\/","https:\/\/www.youtube.com\/channel\/UCk8kNDAInlkf2fCr6pU-_oA?view_as=subscriber"]}]}},"jetpack_publicize_connections":[],"jetpack_likes_enabled":true,"jetpack-related-posts":[{"id":8165,"url":"https:\/\/www.christallk.com\/en\/product\/joshan-sweater\/","url_meta":{"origin":6462,"position":0},"title":"Joshan Sweater","author":"Christelle","date":"September 25, 2025","format":false,"excerpt":"Le pull Joshan est la pi\u00e8ce ma\u00eetresse de la collection \u00c9chos des Steppes. Inspir\u00e9 des armures mongoles dont il porte le nom, ce mod\u00e8le masculin allie force et raffinement. Con\u00e7u en chameau, il met en valeur la richesse des couleurs naturelles des toisons, sans teinture, pour un rendu authentique et\u2026","rel":"","context":"Similar post","block_context":{"text":"Similar post","link":""},"img":{"alt_text":"","src":"https:\/\/i0.wp.com\/www.christallk.com\/wp-content\/uploads\/2025\/09\/joshansweater-12.jpg?resize=350%2C200&ssl=1","width":350,"height":200,"srcset":"https:\/\/i0.wp.com\/www.christallk.com\/wp-content\/uploads\/2025\/09\/joshansweater-12.jpg?resize=350%2C200&ssl=1 1x, https:\/\/i0.wp.com\/www.christallk.com\/wp-content\/uploads\/2025\/09\/joshansweater-12.jpg?resize=525%2C300&ssl=1 1.5x, https:\/\/i0.wp.com\/www.christallk.com\/wp-content\/uploads\/2025\/09\/joshansweater-12.jpg?resize=700%2C400&ssl=1 2x, https:\/\/i0.wp.com\/www.christallk.com\/wp-content\/uploads\/2025\/09\/joshansweater-12.jpg?resize=1050%2C600&ssl=1 3x, https:\/\/i0.wp.com\/www.christallk.com\/wp-content\/uploads\/2025\/09\/joshansweater-12.jpg?resize=1400%2C800&ssl=1 4x"},"classes":[]},{"id":6123,"url":"https:\/\/www.christallk.com\/en\/product\/chantilly\/","url_meta":{"origin":6462,"position":1},"title":"Chantilly Sweater","author":"Christelle","date":"October 17, 2023","format":false,"excerpt":"Chantilly is a classic, timeless sweater pattern. And completely adaptable! Downloadable PDF pattern: once your order is confirmed, a download link is available on the order page. Remember to download it, as the link is temporary. VAT is calculated when your cart is confirmed.","rel":"","context":"Similar post","block_context":{"text":"Similar post","link":""},"img":{"alt_text":"","src":"https:\/\/i0.wp.com\/www.christallk.com\/wp-content\/uploads\/2023\/10\/IMG_0019-2.jpg?resize=350%2C200&ssl=1","width":350,"height":200,"srcset":"https:\/\/i0.wp.com\/www.christallk.com\/wp-content\/uploads\/2023\/10\/IMG_0019-2.jpg?resize=350%2C200&ssl=1 1x, https:\/\/i0.wp.com\/www.christallk.com\/wp-content\/uploads\/2023\/10\/IMG_0019-2.jpg?resize=525%2C300&ssl=1 1.5x, https:\/\/i0.wp.com\/www.christallk.com\/wp-content\/uploads\/2023\/10\/IMG_0019-2.jpg?resize=700%2C400&ssl=1 2x, https:\/\/i0.wp.com\/www.christallk.com\/wp-content\/uploads\/2023\/10\/IMG_0019-2.jpg?resize=1050%2C600&ssl=1 3x, https:\/\/i0.wp.com\/www.christallk.com\/wp-content\/uploads\/2023\/10\/IMG_0019-2.jpg?resize=1400%2C800&ssl=1 4x"},"classes":[]},{"id":6777,"url":"https:\/\/www.christallk.com\/en\/product\/albi-sweater\/","url_meta":{"origin":6462,"position":2},"title":"Albi Sweater","author":"Christelle","date":"September 27, 2024","format":false,"excerpt":"Albi Sweater is a top-to-bottom sweater with set-in sleeves. This top will be your perfect companion for the in-between seasons, spring or fall. Downloadable PDF pattern: Once your order is confirmed, a download link is available on the order page. Remember to download it...","rel":"","context":"Similar post","block_context":{"text":"Similar post","link":""},"img":{"alt_text":"","src":"https:\/\/i0.wp.com\/www.christallk.com\/wp-content\/uploads\/2024\/09\/albi-sweater-13.jpg?resize=350%2C200&ssl=1","width":350,"height":200,"srcset":"https:\/\/i0.wp.com\/www.christallk.com\/wp-content\/uploads\/2024\/09\/albi-sweater-13.jpg?resize=350%2C200&ssl=1 1x, https:\/\/i0.wp.com\/www.christallk.com\/wp-content\/uploads\/2024\/09\/albi-sweater-13.jpg?resize=525%2C300&ssl=1 1.5x"},"classes":[]},{"id":5765,"url":"https:\/\/www.christallk.com\/en\/product\/arnoseris\/","url_meta":{"origin":6462,"position":3},"title":"Arnoseris","author":"Christelle","date":"May 30, 2023","format":false,"excerpt":"Arnoseris is a summer top with a circular yoke. The plant fibers give it a light feel and make it very comfortable to wear next to the skin! Downloadable PDF pattern: once your order is confirmed, a download link is available on the order page. Remember to\u2026","rel":"","context":"Similar post","block_context":{"text":"Similar post","link":""},"img":{"alt_text":"","src":"https:\/\/i0.wp.com\/www.christallk.com\/wp-content\/uploads\/2023\/05\/IMG_9811-3.jpg?resize=350%2C200&ssl=1","width":350,"height":200,"srcset":"https:\/\/i0.wp.com\/www.christallk.com\/wp-content\/uploads\/2023\/05\/IMG_9811-3.jpg?resize=350%2C200&ssl=1 1x, https:\/\/i0.wp.com\/www.christallk.com\/wp-content\/uploads\/2023\/05\/IMG_9811-3.jpg?resize=525%2C300&ssl=1 1.5x, https:\/\/i0.wp.com\/www.christallk.com\/wp-content\/uploads\/2023\/05\/IMG_9811-3.jpg?resize=700%2C400&ssl=1 2x"},"classes":[]},{"id":6540,"url":"https:\/\/www.christallk.com\/en\/product\/fairy-mist\/","url_meta":{"origin":6462,"position":4},"title":"Fairy&#039;s Mist","author":"Christelle","date":"June 3, 2024","format":false,"excerpt":"The Fairy&#039;s Mist is a pretty little sweater with three-quarter sleeves to wear on cool summer evenings. You can wear it over a dress, jeans, or a skirt. Downloadable PDF pattern: once your order is confirmed, a download link is\u2026","rel":"","context":"Similar post","block_context":{"text":"Similar post","link":""},"img":{"alt_text":"","src":"https:\/\/i0.wp.com\/www.christallk.com\/wp-content\/uploads\/2024\/06\/fairy-mist-24.jpg?resize=350%2C200&ssl=1","width":350,"height":200,"srcset":"https:\/\/i0.wp.com\/www.christallk.com\/wp-content\/uploads\/2024\/06\/fairy-mist-24.jpg?resize=350%2C200&ssl=1 1x, https:\/\/i0.wp.com\/www.christallk.com\/wp-content\/uploads\/2024\/06\/fairy-mist-24.jpg?resize=525%2C300&ssl=1 1.5x"},"classes":[]},{"id":7397,"url":"https:\/\/www.christallk.com\/en\/product\/caricia-top\/","url_meta":{"origin":6462,"position":5},"title":"Caricia Top","author":"Christelle","date":"June 13, 2025","format":false,"excerpt":"Caricia Top is a lightweight summer top, knitted in cotton boucl\u00e9, with delicate butterfly sleeves and a flowing cut. Ideal for sunny days, it combines comfort, femininity, and simplicity. Downloadable PDF pattern: once your order is confirmed, a download link is available on the order page.","rel":"","context":"Similar post","block_context":{"text":"Similar post","link":""},"img":{"alt_text":"","src":"https:\/\/i0.wp.com\/www.christallk.com\/wp-content\/uploads\/2025\/06\/caricia-top-5-scaled.jpg?resize=350%2C200&ssl=1","width":350,"height":200,"srcset":"https:\/\/i0.wp.com\/www.christallk.com\/wp-content\/uploads\/2025\/06\/caricia-top-5-scaled.jpg?resize=350%2C200&ssl=1 1x, https:\/\/i0.wp.com\/www.christallk.com\/wp-content\/uploads\/2025\/06\/caricia-top-5-scaled.jpg?resize=525%2C300&ssl=1 1.5x, https:\/\/i0.wp.com\/www.christallk.com\/wp-content\/uploads\/2025\/06\/caricia-top-5-scaled.jpg?resize=700%2C400&ssl=1 2x, https:\/\/i0.wp.com\/www.christallk.com\/wp-content\/uploads\/2025\/06\/caricia-top-5-scaled.jpg?resize=1050%2C600&ssl=1 3x, https:\/\/i0.wp.com\/www.christallk.com\/wp-content\/uploads\/2025\/06\/caricia-top-5-scaled.jpg?resize=1400%2C800&ssl=1 4x"},"classes":[]}],"jetpack_sharing_enabled":true,"_links":{"self":[{"href":"https:\/\/www.christallk.com\/en\/wp-json\/wp\/v2\/product\/6462","targetHints":{"allow":["GET"]}}],"collection":[{"href":"https:\/\/www.christallk.com\/en\/wp-json\/wp\/v2\/product"}],"about":[{"href":"https:\/\/www.christallk.com\/en\/wp-json\/wp\/v2\/types\/product"}],"replies":[{"embeddable":true,"href":"https:\/\/www.christallk.com\/en\/wp-json\/wp\/v2\/comments?post=6462"}],"wp:featuredmedia":[{"embeddable":true,"href":"https:\/\/www.christallk.com\/en\/wp-json\/wp\/v2\/media\/6468"}],"wp:attachment":[{"href":"https:\/\/www.christallk.com\/en\/wp-json\/wp\/v2\/media?parent=6462"}],"wp:term":[{"taxonomy":"product_brand","embeddable":true,"href":"https:\/\/www.christallk.com\/en\/wp-json\/wp\/v2\/product_brand?post=6462"},{"taxonomy":"product_cat","embeddable":true,"href":"https:\/\/www.christallk.com\/en\/wp-json\/wp\/v2\/product_cat?post=6462"},{"taxonomy":"product_tag","embeddable":true,"href":"https:\/\/www.christallk.com\/en\/wp-json\/wp\/v2\/product_tag?post=6462"}],"curies":[{"name":"wp","href":"https:\/\/api.w.org\/{rel}","templated":true}]}}