{"id":6605,"date":"2024-07-05T09:30:41","date_gmt":"2024-07-05T07:30:41","guid":{"rendered":"https:\/\/www.christallk.com\/?post_type=product&#038;p=6605"},"modified":"2025-07-24T17:27:28","modified_gmt":"2025-07-24T15:27:28","slug":"solaris-shawl","status":"publish","type":"product","link":"https:\/\/www.christallk.com\/en\/product\/solaris-shawl\/","title":{"rendered":"Solaris Shawl"},"content":{"rendered":"<p><strong>Solaris <\/strong>is a huge shawl in brioche and mosaic knitting.<br \/>\nThis gigantic shawl will wrap you up on cool summer evenings and accompany you through the winter!<\/p>\n<h3>Yarn<\/h3>\n<p>You will need fingering yarn to knit it.<\/p>\n<p>I used A<a href=\"https:\/\/arcoirisyarns.com\/\">rco Iris Yarn<\/a> Dr Wool (100 % merino) 400 m \/ 100 g in two colors: Pichu (approx. 634 m) and Grave of the Fireflies color approx. 733 m<\/p>\n<h3>Gauge<\/h3>\n<p>22 stitches \/ 32 rows in garter stitch for 10 cm after blocking<\/p>\n<h3>Notions<\/h3>\n<ul>\n<li>3.75 mm circ. needle 100cm long<\/li>\n<li>4mm circ. needle 100cm long<\/li>\n<li>5mm circle needle 100cm long<\/li>\n<li>1 tapestry needle<\/li>\n<li>markers if needed<\/li>\n<\/ul>\n<h3>Final measurements<\/h3>\n<p>One size fits all<br \/>\nTop border: 251 cm wide<br \/>\nDepth: 51 cm<\/p>\n<h3>Construction<\/h3>\n<p>This shawl starts with a garter tab cast-on, with increases along the edges and in sections to give it a crescent shape.<br \/>\nIf you have a tendency to tighten mosaic knitting, I advise you to use a largr needle for sections with this technique.<\/p>\n<h3>Level<\/h3>\n<p>3\/5<\/p>\n<h3>Used techniques<\/h3>\n<ul>\n<li><a href=\"https:\/\/youtu.be\/Bo1bBcsNE_A\">Brioche<\/a><\/li>\n<li><a href=\"http:\/\/youtu.be\/dqIsT_jQoa8\">Increases and decreases in brioche<\/a><\/li>\n<li><a href=\"http:\/\/youtu.be\/uSvyddQNJvI\">Mosaic knitting<\/a><\/li>\n<li><a href=\"http:\/\/youtu.be\/53Mtbkyf5CQ\">JSSBO<\/a><\/li>\n<\/ul>\n<div id=\"ConnectiveDocSignExtentionInstalled\" data-extension-version=\"1.0.4\"><\/div>","protected":false},"excerpt":{"rendered":"<p><strong>Solaris <\/strong>is a huge shawl in brioche and mosaic knitting.<br \/>\nThis gigantic shawl will wrap you up on cool summer evenings and accompany you through the winter!<\/p>\n<p>Downloadable <strong>pdf pattern<\/strong> : once the order is validated, a download link is available on the order page. <strong>Remember to download it because the link is temporary.<\/strong><\/p>\n<p><em>VAT is calculated when the shopping cart is validated.<\/em><\/p>\n<div id=\"ConnectiveDocSignExtentionInstalled\" data-extension-version=\"1.0.4\"><\/div>","protected":false},"featured_media":6607,"comment_status":"closed","ping_status":"closed","template":"","meta":{"jetpack_publicize_message":"","jetpack_publicize_feature_enabled":true,"jetpack_social_post_already_shared":true,"jetpack_social_options":{"image_generator_settings":{"template":"highway","default_image_id":0,"font":"","enabled":false},"version":2}},"product_brand":[],"product_cat":[324,318,308],"product_tag":[],"class_list":{"0":"post-6605","1":"product","2":"type-product","3":"status-publish","4":"has-post-thumbnail","6":"product_cat-chales","7":"product_cat-patrons-en-francais","8":"product_cat-patterns-modeles","11":"first","12":"instock","13":"taxable","14":"shipping-taxable","15":"purchasable","16":"product-type-variable"},"yoast_head":"<!-- This site is optimized with the Yoast SEO plugin v27.5 - https:\/\/yoast.com\/product\/yoast-seo-wordpress\/ -->\n<title>Solaris Shawl - ChristalLK<\/title>\n<meta name=\"description\" content=\"Solaris est un ch\u00e2le tout en brioche et en point mosa\u00efque. Il vous enveloppera lors des soir\u00e9es fra\u00eeches de l&#039;\u00e9t\u00e9 et vous accompagnera pendant l&#039;hiver !\" \/>\n<meta name=\"robots\" content=\"index, follow, max-snippet:-1, max-image-preview:large, max-video-preview:-1\" \/>\n<link rel=\"canonical\" href=\"https:\/\/www.christallk.com\/en\/product\/solaris-shawl\/\" \/>\n<meta property=\"og:locale\" content=\"en_US\" \/>\n<meta property=\"og:type\" content=\"article\" \/>\n<meta property=\"og:title\" content=\"Solaris Shawl - ChristalLK\" \/>\n<meta property=\"og:description\" content=\"Solaris est un ch\u00e2le tout en brioche et en point mosa\u00efque. Il vous enveloppera lors des soir\u00e9es fra\u00eeches de l&#039;\u00e9t\u00e9 et vous accompagnera pendant l&#039;hiver !\" \/>\n<meta property=\"og:url\" content=\"https:\/\/www.christallk.com\/en\/product\/solaris-shawl\/\" \/>\n<meta property=\"og:site_name\" content=\"ChristalLK\" \/>\n<meta property=\"article:publisher\" content=\"https:\/\/www.facebook.com\/ChristalLittleK\/\" \/>\n<meta property=\"article:modified_time\" content=\"2025-07-24T15:27:28+00:00\" \/>\n<meta property=\"og:image\" content=\"https:\/\/www.christallk.com\/wp-content\/uploads\/2024\/07\/solaris-shawl-25.jpg\" \/>\n\t<meta property=\"og:image:width\" content=\"667\" \/>\n\t<meta property=\"og:image:height\" content=\"1000\" \/>\n\t<meta property=\"og:image:type\" content=\"image\/jpeg\" \/>\n<meta name=\"twitter:card\" content=\"summary_large_image\" \/>\n<meta name=\"twitter:label1\" content=\"Est. reading time\" \/>\n\t<meta name=\"twitter:data1\" content=\"2 minutes\" \/>\n<script type=\"application\/ld+json\" class=\"yoast-schema-graph\">{\"@context\":\"https:\\\/\\\/schema.org\",\"@graph\":[{\"@type\":\"WebPage\",\"@id\":\"https:\\\/\\\/www.christallk.com\\\/product\\\/solaris-shawl\\\/\",\"url\":\"https:\\\/\\\/www.christallk.com\\\/product\\\/solaris-shawl\\\/\",\"name\":\"Solaris Shawl - ChristalLK\",\"isPartOf\":{\"@id\":\"https:\\\/\\\/www.christallk.com\\\/#website\"},\"primaryImageOfPage\":{\"@id\":\"https:\\\/\\\/www.christallk.com\\\/product\\\/solaris-shawl\\\/#primaryimage\"},\"image\":{\"@id\":\"https:\\\/\\\/www.christallk.com\\\/product\\\/solaris-shawl\\\/#primaryimage\"},\"thumbnailUrl\":\"https:\\\/\\\/www.christallk.com\\\/wp-content\\\/uploads\\\/2024\\\/07\\\/solaris-shawl-25.jpg\",\"datePublished\":\"2024-07-05T07:30:41+00:00\",\"dateModified\":\"2025-07-24T15:27:28+00:00\",\"description\":\"Solaris est un ch\u00e2le tout en brioche et en point mosa\u00efque. Il vous enveloppera lors des soir\u00e9es fra\u00eeches de l'\u00e9t\u00e9 et vous accompagnera pendant l'hiver !\",\"breadcrumb\":{\"@id\":\"https:\\\/\\\/www.christallk.com\\\/product\\\/solaris-shawl\\\/#breadcrumb\"},\"inLanguage\":\"en-US\",\"potentialAction\":[{\"@type\":\"ReadAction\",\"target\":[\"https:\\\/\\\/www.christallk.com\\\/product\\\/solaris-shawl\\\/\"]}]},{\"@type\":\"ImageObject\",\"inLanguage\":\"en-US\",\"@id\":\"https:\\\/\\\/www.christallk.com\\\/product\\\/solaris-shawl\\\/#primaryimage\",\"url\":\"https:\\\/\\\/www.christallk.com\\\/wp-content\\\/uploads\\\/2024\\\/07\\\/solaris-shawl-25.jpg\",\"contentUrl\":\"https:\\\/\\\/www.christallk.com\\\/wp-content\\\/uploads\\\/2024\\\/07\\\/solaris-shawl-25.jpg\",\"width\":667,\"height\":1000},{\"@type\":\"BreadcrumbList\",\"@id\":\"https:\\\/\\\/www.christallk.com\\\/product\\\/solaris-shawl\\\/#breadcrumb\",\"itemListElement\":[{\"@type\":\"ListItem\",\"position\":1,\"name\":\"Home\",\"item\":\"https:\\\/\\\/www.christallk.com\\\/\"},{\"@type\":\"ListItem\",\"position\":2,\"name\":\"Boutique\",\"item\":\"https:\\\/\\\/www.christallk.com\\\/language\\\/fr\\\/shop\\\/\"},{\"@type\":\"ListItem\",\"position\":3,\"name\":\"Solaris Shawl\"}]},{\"@type\":\"WebSite\",\"@id\":\"https:\\\/\\\/www.christallk.com\\\/#website\",\"url\":\"https:\\\/\\\/www.christallk.com\\\/\",\"name\":\"ChristalLK\",\"description\":\"ChristalLK Website\",\"publisher\":{\"@id\":\"https:\\\/\\\/www.christallk.com\\\/#organization\"},\"potentialAction\":[{\"@type\":\"SearchAction\",\"target\":{\"@type\":\"EntryPoint\",\"urlTemplate\":\"https:\\\/\\\/www.christallk.com\\\/?s={search_term_string}\"},\"query-input\":{\"@type\":\"PropertyValueSpecification\",\"valueRequired\":true,\"valueName\":\"search_term_string\"}}],\"inLanguage\":\"en-US\"},{\"@type\":\"Organization\",\"@id\":\"https:\\\/\\\/www.christallk.com\\\/#organization\",\"name\":\"ChristalLK\",\"url\":\"https:\\\/\\\/www.christallk.com\\\/\",\"logo\":{\"@type\":\"ImageObject\",\"inLanguage\":\"en-US\",\"@id\":\"https:\\\/\\\/www.christallk.com\\\/#\\\/schema\\\/logo\\\/image\\\/\",\"url\":\"https:\\\/\\\/i2.wp.com\\\/www.christallk.com\\\/wp-content\\\/uploads\\\/2020\\\/05\\\/canvas_logo_clk.png?fit=650%2C600\",\"contentUrl\":\"https:\\\/\\\/i2.wp.com\\\/www.christallk.com\\\/wp-content\\\/uploads\\\/2020\\\/05\\\/canvas_logo_clk.png?fit=650%2C600\",\"width\":650,\"height\":600,\"caption\":\"ChristalLK\"},\"image\":{\"@id\":\"https:\\\/\\\/www.christallk.com\\\/#\\\/schema\\\/logo\\\/image\\\/\"},\"sameAs\":[\"https:\\\/\\\/www.facebook.com\\\/ChristalLittleK\\\/\",\"https:\\\/\\\/www.instagram.com\\\/christallittlek\\\/\",\"https:\\\/\\\/www.pinterest.com\\\/christallk1637\\\/\",\"https:\\\/\\\/www.youtube.com\\\/channel\\\/UCk8kNDAInlkf2fCr6pU-_oA?view_as=subscriber\"]}]}<\/script>\n<!-- \/ Yoast SEO plugin. -->","yoast_head_json":{"title":"Solaris Shawl - ChristalLK","description":"Solaris est un ch\u00e2le tout en brioche et en point mosa\u00efque. Il vous enveloppera lors des soir\u00e9es fra\u00eeches de l'\u00e9t\u00e9 et vous accompagnera pendant l'hiver !","robots":{"index":"index","follow":"follow","max-snippet":"max-snippet:-1","max-image-preview":"max-image-preview:large","max-video-preview":"max-video-preview:-1"},"canonical":"https:\/\/www.christallk.com\/en\/product\/solaris-shawl\/","og_locale":"en_US","og_type":"article","og_title":"Solaris Shawl - ChristalLK","og_description":"Solaris est un ch\u00e2le tout en brioche et en point mosa\u00efque. Il vous enveloppera lors des soir\u00e9es fra\u00eeches de l'\u00e9t\u00e9 et vous accompagnera pendant l'hiver !","og_url":"https:\/\/www.christallk.com\/en\/product\/solaris-shawl\/","og_site_name":"ChristalLK","article_publisher":"https:\/\/www.facebook.com\/ChristalLittleK\/","article_modified_time":"2025-07-24T15:27:28+00:00","og_image":[{"width":667,"height":1000,"url":"https:\/\/www.christallk.com\/wp-content\/uploads\/2024\/07\/solaris-shawl-25.jpg","type":"image\/jpeg"}],"twitter_card":"summary_large_image","twitter_misc":{"Est. reading time":"2 minutes"},"schema":{"@context":"https:\/\/schema.org","@graph":[{"@type":"WebPage","@id":"https:\/\/www.christallk.com\/product\/solaris-shawl\/","url":"https:\/\/www.christallk.com\/product\/solaris-shawl\/","name":"Solaris Shawl - ChristalLK","isPartOf":{"@id":"https:\/\/www.christallk.com\/#website"},"primaryImageOfPage":{"@id":"https:\/\/www.christallk.com\/product\/solaris-shawl\/#primaryimage"},"image":{"@id":"https:\/\/www.christallk.com\/product\/solaris-shawl\/#primaryimage"},"thumbnailUrl":"https:\/\/www.christallk.com\/wp-content\/uploads\/2024\/07\/solaris-shawl-25.jpg","datePublished":"2024-07-05T07:30:41+00:00","dateModified":"2025-07-24T15:27:28+00:00","description":"Solaris est un ch\u00e2le tout en brioche et en point mosa\u00efque. Il vous enveloppera lors des soir\u00e9es fra\u00eeches de l'\u00e9t\u00e9 et vous accompagnera pendant l'hiver !","breadcrumb":{"@id":"https:\/\/www.christallk.com\/product\/solaris-shawl\/#breadcrumb"},"inLanguage":"en-US","potentialAction":[{"@type":"ReadAction","target":["https:\/\/www.christallk.com\/product\/solaris-shawl\/"]}]},{"@type":"ImageObject","inLanguage":"en-US","@id":"https:\/\/www.christallk.com\/product\/solaris-shawl\/#primaryimage","url":"https:\/\/www.christallk.com\/wp-content\/uploads\/2024\/07\/solaris-shawl-25.jpg","contentUrl":"https:\/\/www.christallk.com\/wp-content\/uploads\/2024\/07\/solaris-shawl-25.jpg","width":667,"height":1000},{"@type":"BreadcrumbList","@id":"https:\/\/www.christallk.com\/product\/solaris-shawl\/#breadcrumb","itemListElement":[{"@type":"ListItem","position":1,"name":"Home","item":"https:\/\/www.christallk.com\/"},{"@type":"ListItem","position":2,"name":"Boutique","item":"https:\/\/www.christallk.com\/language\/fr\/shop\/"},{"@type":"ListItem","position":3,"name":"Solaris Shawl"}]},{"@type":"WebSite","@id":"https:\/\/www.christallk.com\/#website","url":"https:\/\/www.christallk.com\/","name":"ChristalLK","description":"ChristalLK Website","publisher":{"@id":"https:\/\/www.christallk.com\/#organization"},"potentialAction":[{"@type":"SearchAction","target":{"@type":"EntryPoint","urlTemplate":"https:\/\/www.christallk.com\/?s={search_term_string}"},"query-input":{"@type":"PropertyValueSpecification","valueRequired":true,"valueName":"search_term_string"}}],"inLanguage":"en-US"},{"@type":"Organization","@id":"https:\/\/www.christallk.com\/#organization","name":"ChristalLK","url":"https:\/\/www.christallk.com\/","logo":{"@type":"ImageObject","inLanguage":"en-US","@id":"https:\/\/www.christallk.com\/#\/schema\/logo\/image\/","url":"https:\/\/i2.wp.com\/www.christallk.com\/wp-content\/uploads\/2020\/05\/canvas_logo_clk.png?fit=650%2C600","contentUrl":"https:\/\/i2.wp.com\/www.christallk.com\/wp-content\/uploads\/2020\/05\/canvas_logo_clk.png?fit=650%2C600","width":650,"height":600,"caption":"ChristalLK"},"image":{"@id":"https:\/\/www.christallk.com\/#\/schema\/logo\/image\/"},"sameAs":["https:\/\/www.facebook.com\/ChristalLittleK\/","https:\/\/www.instagram.com\/christallittlek\/","https:\/\/www.pinterest.com\/christallk1637\/","https:\/\/www.youtube.com\/channel\/UCk8kNDAInlkf2fCr6pU-_oA?view_as=subscriber"]}]}},"jetpack_publicize_connections":[],"jetpack_likes_enabled":true,"jetpack-related-posts":[{"id":6071,"url":"https:\/\/www.christallk.com\/en\/product\/la-brughiera\/","url_meta":{"origin":6605,"position":0},"title":"The Brughiera","author":"Christelle","date":"September 26, 2023","format":false,"excerpt":"The Brughiera is a garter stitch and mosaic stitch shawl. It&#039;s designed for serious beginners, as mosaic stitch allows you to work with patterns without having to manage thread tension. Downloadable PDF pattern: once your order is confirmed, a download link is available on...","rel":"","context":"Similar post","block_context":{"text":"Similar post","link":""},"img":{"alt_text":"","src":"https:\/\/i0.wp.com\/www.christallk.com\/wp-content\/uploads\/2023\/09\/IMG_9958.jpg?resize=350%2C200&ssl=1","width":350,"height":200,"srcset":"https:\/\/i0.wp.com\/www.christallk.com\/wp-content\/uploads\/2023\/09\/IMG_9958.jpg?resize=350%2C200&ssl=1 1x, https:\/\/i0.wp.com\/www.christallk.com\/wp-content\/uploads\/2023\/09\/IMG_9958.jpg?resize=525%2C300&ssl=1 1.5x, https:\/\/i0.wp.com\/www.christallk.com\/wp-content\/uploads\/2023\/09\/IMG_9958.jpg?resize=700%2C400&ssl=1 2x, https:\/\/i0.wp.com\/www.christallk.com\/wp-content\/uploads\/2023\/09\/IMG_9958.jpg?resize=1050%2C600&ssl=1 3x"},"classes":[]},{"id":5879,"url":"https:\/\/www.christallk.com\/en\/product\/la-primavera\/","url_meta":{"origin":6605,"position":1},"title":"The Primavera","author":"Christelle","date":"July 4, 2023","format":false,"excerpt":"La Primavera is a jacquard shawl. Despite its apparent complexity, LA PRIMAVERA is accessible to any knitter who has already worked with jacquard in the round! Downloadable PDF pattern: once your order is confirmed, a download link is available on the order page. Remember to\u2026","rel":"","context":"Similar post","block_context":{"text":"Similar post","link":""},"img":{"alt_text":"","src":"https:\/\/i0.wp.com\/www.christallk.com\/wp-content\/uploads\/2023\/07\/DSC00033-2.jpg?resize=350%2C200&ssl=1","width":350,"height":200,"srcset":"https:\/\/i0.wp.com\/www.christallk.com\/wp-content\/uploads\/2023\/07\/DSC00033-2.jpg?resize=350%2C200&ssl=1 1x, https:\/\/i0.wp.com\/www.christallk.com\/wp-content\/uploads\/2023\/07\/DSC00033-2.jpg?resize=525%2C300&ssl=1 1.5x, https:\/\/i0.wp.com\/www.christallk.com\/wp-content\/uploads\/2023\/07\/DSC00033-2.jpg?resize=700%2C400&ssl=1 2x"},"classes":[]},{"id":4452,"url":"https:\/\/www.christallk.com\/en\/product\/paruma\/","url_meta":{"origin":6605,"position":2},"title":"Paruma","author":"Christelle","date":"December 1, 2021","format":false,"excerpt":"Paruma is a large, easy shawl that starts with one side and then knits both sides to finish the edge in textured garter stitch. Downloadable PDF pattern: once your order is confirmed, a download link is available on the order page. Remember to download it because the\u2026","rel":"","context":"Similar post","block_context":{"text":"Similar post","link":""},"img":{"alt_text":"Paruma","src":"https:\/\/i0.wp.com\/www.christallk.com\/wp-content\/uploads\/2021\/12\/IMG_8817-2.jpg?resize=350%2C200&ssl=1","width":350,"height":200,"srcset":"https:\/\/i0.wp.com\/www.christallk.com\/wp-content\/uploads\/2021\/12\/IMG_8817-2.jpg?resize=350%2C200&ssl=1 1x, https:\/\/i0.wp.com\/www.christallk.com\/wp-content\/uploads\/2021\/12\/IMG_8817-2.jpg?resize=525%2C300&ssl=1 1.5x, https:\/\/i0.wp.com\/www.christallk.com\/wp-content\/uploads\/2021\/12\/IMG_8817-2.jpg?resize=700%2C400&ssl=1 2x"},"classes":[]},{"id":6798,"url":"https:\/\/www.christallk.com\/en\/product\/ombelle-shawl\/","url_meta":{"origin":6605,"position":3},"title":"Umbell Shawl","author":"Christelle","date":"October 11, 2024","format":false,"excerpt":"The Ombelle shawl is a pretty crescent-shaped shawl made entirely of brioche! It was inspired by my son&#039;s botany lessons on umbellifers. Downloadable PDF pattern: once your order is confirmed, a download link is available on the order page. Remember to\u2026","rel":"","context":"Similar post","block_context":{"text":"Similar post","link":""},"img":{"alt_text":"","src":"https:\/\/i0.wp.com\/www.christallk.com\/wp-content\/uploads\/2024\/10\/imelda-07.jpg?resize=350%2C200&ssl=1","width":350,"height":200,"srcset":"https:\/\/i0.wp.com\/www.christallk.com\/wp-content\/uploads\/2024\/10\/imelda-07.jpg?resize=350%2C200&ssl=1 1x, https:\/\/i0.wp.com\/www.christallk.com\/wp-content\/uploads\/2024\/10\/imelda-07.jpg?resize=525%2C300&ssl=1 1.5x, https:\/\/i0.wp.com\/www.christallk.com\/wp-content\/uploads\/2024\/10\/imelda-07.jpg?resize=700%2C400&ssl=1 2x, https:\/\/i0.wp.com\/www.christallk.com\/wp-content\/uploads\/2024\/10\/imelda-07.jpg?resize=1050%2C600&ssl=1 3x, https:\/\/i0.wp.com\/www.christallk.com\/wp-content\/uploads\/2024\/10\/imelda-07.jpg?resize=1400%2C800&ssl=1 4x"},"classes":[]},{"id":8420,"url":"https:\/\/www.christallk.com\/en\/product\/dana-mitts\/","url_meta":{"origin":6605,"position":4},"title":"Dana Mitts","author":"Christelle","date":"January 8, 2026","format":false,"excerpt":"Dana Mitts est une paire de mitaines en jacquard. Elle est le parfait projet \u00e0 tricoter pour offrir en cadeau ou pour se l'offrir \u00e0 soi-m\u00eame ! Elles sont relativement faciles \u00e0 tricoter malgr\u00e9 l'aspect complexe du motif. Patron pdf t\u00e9l\u00e9chargeable : une fois la commande valid\u00e9e, un lien de\u2026","rel":"","context":"Similar post","block_context":{"text":"Similar post","link":""},"img":{"alt_text":"","src":"https:\/\/i0.wp.com\/www.christallk.com\/wp-content\/uploads\/2026\/01\/dana-mitts-7.jpg?resize=350%2C200&ssl=1","width":350,"height":200,"srcset":"https:\/\/i0.wp.com\/www.christallk.com\/wp-content\/uploads\/2026\/01\/dana-mitts-7.jpg?resize=350%2C200&ssl=1 1x, https:\/\/i0.wp.com\/www.christallk.com\/wp-content\/uploads\/2026\/01\/dana-mitts-7.jpg?resize=525%2C300&ssl=1 1.5x, https:\/\/i0.wp.com\/www.christallk.com\/wp-content\/uploads\/2026\/01\/dana-mitts-7.jpg?resize=700%2C400&ssl=1 2x, https:\/\/i0.wp.com\/www.christallk.com\/wp-content\/uploads\/2026\/01\/dana-mitts-7.jpg?resize=1050%2C600&ssl=1 3x, https:\/\/i0.wp.com\/www.christallk.com\/wp-content\/uploads\/2026\/01\/dana-mitts-7.jpg?resize=1400%2C800&ssl=1 4x"},"classes":[]},{"id":5460,"url":"https:\/\/www.christallk.com\/en\/product\/lupin-shawl\/","url_meta":{"origin":6605,"position":5},"title":"Lupin Shawl","author":"Christelle","date":"March 14, 2023","format":false,"excerpt":"Lupin is a large, semi-circular shawl that begins with a small area of garter stitch. Leaves then spread throughout the shawl, eventually blooming into flowers at the bottom. Downloadable PDF pattern: once your order is confirmed, a download link is available on\u2026","rel":"","context":"Similar post","block_context":{"text":"Similar post","link":""},"img":{"alt_text":"","src":"https:\/\/i0.wp.com\/www.christallk.com\/wp-content\/uploads\/2023\/03\/IMG_9666.jpg?resize=350%2C200&ssl=1","width":350,"height":200,"srcset":"https:\/\/i0.wp.com\/www.christallk.com\/wp-content\/uploads\/2023\/03\/IMG_9666.jpg?resize=350%2C200&ssl=1 1x, https:\/\/i0.wp.com\/www.christallk.com\/wp-content\/uploads\/2023\/03\/IMG_9666.jpg?resize=525%2C300&ssl=1 1.5x, https:\/\/i0.wp.com\/www.christallk.com\/wp-content\/uploads\/2023\/03\/IMG_9666.jpg?resize=700%2C400&ssl=1 2x"},"classes":[]}],"jetpack_sharing_enabled":true,"_links":{"self":[{"href":"https:\/\/www.christallk.com\/en\/wp-json\/wp\/v2\/product\/6605","targetHints":{"allow":["GET"]}}],"collection":[{"href":"https:\/\/www.christallk.com\/en\/wp-json\/wp\/v2\/product"}],"about":[{"href":"https:\/\/www.christallk.com\/en\/wp-json\/wp\/v2\/types\/product"}],"replies":[{"embeddable":true,"href":"https:\/\/www.christallk.com\/en\/wp-json\/wp\/v2\/comments?post=6605"}],"wp:featuredmedia":[{"embeddable":true,"href":"https:\/\/www.christallk.com\/en\/wp-json\/wp\/v2\/media\/6607"}],"wp:attachment":[{"href":"https:\/\/www.christallk.com\/en\/wp-json\/wp\/v2\/media?parent=6605"}],"wp:term":[{"taxonomy":"product_brand","embeddable":true,"href":"https:\/\/www.christallk.com\/en\/wp-json\/wp\/v2\/product_brand?post=6605"},{"taxonomy":"product_cat","embeddable":true,"href":"https:\/\/www.christallk.com\/en\/wp-json\/wp\/v2\/product_cat?post=6605"},{"taxonomy":"product_tag","embeddable":true,"href":"https:\/\/www.christallk.com\/en\/wp-json\/wp\/v2\/product_tag?post=6605"}],"curies":[{"name":"wp","href":"https:\/\/api.w.org\/{rel}","templated":true}]}}