{"id":6850,"date":"2024-11-11T10:07:02","date_gmt":"2024-11-11T09:07:02","guid":{"rendered":"https:\/\/www.christallk.com\/?post_type=product&#038;p=6850"},"modified":"2025-11-23T00:06:56","modified_gmt":"2025-11-22T23:06:56","slug":"kit-otakou","status":"publish","type":"product","link":"https:\/\/www.christallk.com\/en\/product\/kit-otakou\/","title":{"rendered":"Otakou Kit"},"content":{"rendered":"<p>The magnificent shawl designed by Alice Hammer is now available as a kit online!<\/p>\n<p>The Otakou shawl is a triangular shawl that is knitted top-down from the center of the long side. It begins with a garter tab cast-on, that is, a small strip of garter stitch that allows the shawl to begin neatly from the edge.<\/p>\n<p>This lovely pattern takes advantage of Peregrine&#039;s versatility as it is all about texture.<br \/>\nThe model in the photo is in Red Fox color.<\/p>\n<p>I have selected 5 different colors for you that will highlight this Gansey-type texture.<\/p>\n<ul>\n<li>Color 1: Red Fox<\/li>\n<li>Color 2: Ivoire<\/li>\n<li>Color 3: Mousse<\/li>\n<li>Color 4: Diva<\/li>\n<li>Color 5: Lichen<\/li>\n<\/ul>\n<p><strong>The pattern will be provided to you in printed form with the order and will include a Ravelry code to add it to your library.<\/strong><\/p>\n<h3><em>Note<\/em><\/h3>\n<p>Colors may vary depending on monitors and may be perceived as slightly lighter or darker than what appears online.<\/p>\n<div id=\"ConnectiveDocSignExtentionInstalled\" data-extension-version=\"1.0.4\"><\/div>","protected":false},"excerpt":{"rendered":"<p>The magnificent shawl designed by Alice Hammer is now available as a kit online!<\/p>\n<p>The Otakou shawl is a triangular shawl that is knitted top-down from the center of the long side. It begins with a garter tab cast-on, that is, a small strip of garter stitch that allows the shawl to begin neatly from the edge.<\/p>\n<p><em>VAT and delivery costs are calculated when the shopping cart is validated.<br \/>\n<\/em><\/p>\n<div id=\"ConnectiveDocSignExtentionInstalled\" data-extension-version=\"1.0.4\"><\/div>","protected":false},"featured_media":6863,"comment_status":"closed","ping_status":"closed","template":"","meta":{"jetpack_publicize_message":"","jetpack_publicize_feature_enabled":true,"jetpack_social_post_already_shared":false,"jetpack_social_options":{"image_generator_settings":{"template":"highway","default_image_id":0,"font":"","enabled":false},"version":2}},"product_brand":[],"product_cat":[354,316],"product_tag":[],"class_list":{"0":"post-6850","1":"product","2":"type-product","3":"status-publish","4":"has-post-thumbnail","6":"product_cat-kits","7":"product_cat-yarn-laine","10":"first","11":"instock","12":"taxable","13":"shipping-taxable","14":"purchasable","15":"product-type-variable"},"yoast_head":"<!-- This site is optimized with the Yoast SEO plugin v27.5 - https:\/\/yoast.com\/product\/yoast-seo-wordpress\/ -->\n<title>Kit Otakou - ChristalLK<\/title>\n<meta name=\"description\" content=\"Le magnifique ch\u00e2le imagin\u00e9 par Alice Hammer est d\u00e9sormais disponible en kit ! Ce ch\u00e2le tout en texture tire bien parti de la versatilit\u00e9 de Peregrine !\" \/>\n<meta name=\"robots\" content=\"index, follow, max-snippet:-1, max-image-preview:large, max-video-preview:-1\" \/>\n<link rel=\"canonical\" href=\"https:\/\/www.christallk.com\/en\/product\/kit-otakou\/\" \/>\n<meta property=\"og:locale\" content=\"en_US\" \/>\n<meta property=\"og:type\" content=\"article\" \/>\n<meta property=\"og:title\" content=\"Kit Otakou - ChristalLK\" \/>\n<meta property=\"og:description\" content=\"Le magnifique ch\u00e2le imagin\u00e9 par Alice Hammer est d\u00e9sormais disponible en kit ! Ce ch\u00e2le tout en texture tire bien parti de la versatilit\u00e9 de Peregrine !\" \/>\n<meta property=\"og:url\" content=\"https:\/\/www.christallk.com\/en\/product\/kit-otakou\/\" \/>\n<meta property=\"og:site_name\" content=\"ChristalLK\" \/>\n<meta property=\"article:publisher\" content=\"https:\/\/www.facebook.com\/ChristalLittleK\/\" \/>\n<meta property=\"article:modified_time\" content=\"2025-11-22T23:06:56+00:00\" \/>\n<meta property=\"og:image\" content=\"https:\/\/www.christallk.com\/wp-content\/uploads\/2024\/11\/OTAKOU-WEB6.jpeg\" \/>\n\t<meta property=\"og:image:width\" content=\"853\" \/>\n\t<meta property=\"og:image:height\" content=\"1280\" \/>\n\t<meta property=\"og:image:type\" content=\"image\/jpeg\" \/>\n<meta name=\"twitter:card\" content=\"summary_large_image\" \/>\n<meta name=\"twitter:label1\" content=\"Est. reading time\" \/>\n\t<meta name=\"twitter:data1\" content=\"2 minutes\" \/>\n<script type=\"application\/ld+json\" class=\"yoast-schema-graph\">{\"@context\":\"https:\\\/\\\/schema.org\",\"@graph\":[{\"@type\":\"WebPage\",\"@id\":\"https:\\\/\\\/www.christallk.com\\\/product\\\/kit-otakou\\\/\",\"url\":\"https:\\\/\\\/www.christallk.com\\\/product\\\/kit-otakou\\\/\",\"name\":\"Kit Otakou - ChristalLK\",\"isPartOf\":{\"@id\":\"https:\\\/\\\/www.christallk.com\\\/#website\"},\"primaryImageOfPage\":{\"@id\":\"https:\\\/\\\/www.christallk.com\\\/product\\\/kit-otakou\\\/#primaryimage\"},\"image\":{\"@id\":\"https:\\\/\\\/www.christallk.com\\\/product\\\/kit-otakou\\\/#primaryimage\"},\"thumbnailUrl\":\"https:\\\/\\\/www.christallk.com\\\/wp-content\\\/uploads\\\/2024\\\/11\\\/OTAKOU-WEB6.jpeg\",\"datePublished\":\"2024-11-11T09:07:02+00:00\",\"dateModified\":\"2025-11-22T23:06:56+00:00\",\"description\":\"Le magnifique ch\u00e2le imagin\u00e9 par Alice Hammer est d\u00e9sormais disponible en kit ! Ce ch\u00e2le tout en texture tire bien parti de la versatilit\u00e9 de Peregrine !\",\"breadcrumb\":{\"@id\":\"https:\\\/\\\/www.christallk.com\\\/product\\\/kit-otakou\\\/#breadcrumb\"},\"inLanguage\":\"en-US\",\"potentialAction\":[{\"@type\":\"ReadAction\",\"target\":[\"https:\\\/\\\/www.christallk.com\\\/product\\\/kit-otakou\\\/\"]}]},{\"@type\":\"ImageObject\",\"inLanguage\":\"en-US\",\"@id\":\"https:\\\/\\\/www.christallk.com\\\/product\\\/kit-otakou\\\/#primaryimage\",\"url\":\"https:\\\/\\\/www.christallk.com\\\/wp-content\\\/uploads\\\/2024\\\/11\\\/OTAKOU-WEB6.jpeg\",\"contentUrl\":\"https:\\\/\\\/www.christallk.com\\\/wp-content\\\/uploads\\\/2024\\\/11\\\/OTAKOU-WEB6.jpeg\",\"width\":853,\"height\":1280},{\"@type\":\"BreadcrumbList\",\"@id\":\"https:\\\/\\\/www.christallk.com\\\/product\\\/kit-otakou\\\/#breadcrumb\",\"itemListElement\":[{\"@type\":\"ListItem\",\"position\":1,\"name\":\"Home\",\"item\":\"https:\\\/\\\/www.christallk.com\\\/\"},{\"@type\":\"ListItem\",\"position\":2,\"name\":\"Boutique\",\"item\":\"https:\\\/\\\/www.christallk.com\\\/language\\\/fr\\\/shop\\\/\"},{\"@type\":\"ListItem\",\"position\":3,\"name\":\"Kit Otakou\"}]},{\"@type\":\"WebSite\",\"@id\":\"https:\\\/\\\/www.christallk.com\\\/#website\",\"url\":\"https:\\\/\\\/www.christallk.com\\\/\",\"name\":\"ChristalLK\",\"description\":\"ChristalLK Website\",\"publisher\":{\"@id\":\"https:\\\/\\\/www.christallk.com\\\/#organization\"},\"potentialAction\":[{\"@type\":\"SearchAction\",\"target\":{\"@type\":\"EntryPoint\",\"urlTemplate\":\"https:\\\/\\\/www.christallk.com\\\/?s={search_term_string}\"},\"query-input\":{\"@type\":\"PropertyValueSpecification\",\"valueRequired\":true,\"valueName\":\"search_term_string\"}}],\"inLanguage\":\"en-US\"},{\"@type\":\"Organization\",\"@id\":\"https:\\\/\\\/www.christallk.com\\\/#organization\",\"name\":\"ChristalLK\",\"url\":\"https:\\\/\\\/www.christallk.com\\\/\",\"logo\":{\"@type\":\"ImageObject\",\"inLanguage\":\"en-US\",\"@id\":\"https:\\\/\\\/www.christallk.com\\\/#\\\/schema\\\/logo\\\/image\\\/\",\"url\":\"https:\\\/\\\/i2.wp.com\\\/www.christallk.com\\\/wp-content\\\/uploads\\\/2020\\\/05\\\/canvas_logo_clk.png?fit=650%2C600\",\"contentUrl\":\"https:\\\/\\\/i2.wp.com\\\/www.christallk.com\\\/wp-content\\\/uploads\\\/2020\\\/05\\\/canvas_logo_clk.png?fit=650%2C600\",\"width\":650,\"height\":600,\"caption\":\"ChristalLK\"},\"image\":{\"@id\":\"https:\\\/\\\/www.christallk.com\\\/#\\\/schema\\\/logo\\\/image\\\/\"},\"sameAs\":[\"https:\\\/\\\/www.facebook.com\\\/ChristalLittleK\\\/\",\"https:\\\/\\\/www.instagram.com\\\/christallittlek\\\/\",\"https:\\\/\\\/www.pinterest.com\\\/christallk1637\\\/\",\"https:\\\/\\\/www.youtube.com\\\/channel\\\/UCk8kNDAInlkf2fCr6pU-_oA?view_as=subscriber\"]}]}<\/script>\n<!-- \/ Yoast SEO plugin. -->","yoast_head_json":{"title":"Kit Otakou - ChristalLK","description":"Le magnifique ch\u00e2le imagin\u00e9 par Alice Hammer est d\u00e9sormais disponible en kit ! Ce ch\u00e2le tout en texture tire bien parti de la versatilit\u00e9 de Peregrine !","robots":{"index":"index","follow":"follow","max-snippet":"max-snippet:-1","max-image-preview":"max-image-preview:large","max-video-preview":"max-video-preview:-1"},"canonical":"https:\/\/www.christallk.com\/en\/product\/kit-otakou\/","og_locale":"en_US","og_type":"article","og_title":"Kit Otakou - ChristalLK","og_description":"Le magnifique ch\u00e2le imagin\u00e9 par Alice Hammer est d\u00e9sormais disponible en kit ! Ce ch\u00e2le tout en texture tire bien parti de la versatilit\u00e9 de Peregrine !","og_url":"https:\/\/www.christallk.com\/en\/product\/kit-otakou\/","og_site_name":"ChristalLK","article_publisher":"https:\/\/www.facebook.com\/ChristalLittleK\/","article_modified_time":"2025-11-22T23:06:56+00:00","og_image":[{"width":853,"height":1280,"url":"https:\/\/www.christallk.com\/wp-content\/uploads\/2024\/11\/OTAKOU-WEB6.jpeg","type":"image\/jpeg"}],"twitter_card":"summary_large_image","twitter_misc":{"Est. reading time":"2 minutes"},"schema":{"@context":"https:\/\/schema.org","@graph":[{"@type":"WebPage","@id":"https:\/\/www.christallk.com\/product\/kit-otakou\/","url":"https:\/\/www.christallk.com\/product\/kit-otakou\/","name":"Kit Otakou - ChristalLK","isPartOf":{"@id":"https:\/\/www.christallk.com\/#website"},"primaryImageOfPage":{"@id":"https:\/\/www.christallk.com\/product\/kit-otakou\/#primaryimage"},"image":{"@id":"https:\/\/www.christallk.com\/product\/kit-otakou\/#primaryimage"},"thumbnailUrl":"https:\/\/www.christallk.com\/wp-content\/uploads\/2024\/11\/OTAKOU-WEB6.jpeg","datePublished":"2024-11-11T09:07:02+00:00","dateModified":"2025-11-22T23:06:56+00:00","description":"Le magnifique ch\u00e2le imagin\u00e9 par Alice Hammer est d\u00e9sormais disponible en kit ! Ce ch\u00e2le tout en texture tire bien parti de la versatilit\u00e9 de Peregrine !","breadcrumb":{"@id":"https:\/\/www.christallk.com\/product\/kit-otakou\/#breadcrumb"},"inLanguage":"en-US","potentialAction":[{"@type":"ReadAction","target":["https:\/\/www.christallk.com\/product\/kit-otakou\/"]}]},{"@type":"ImageObject","inLanguage":"en-US","@id":"https:\/\/www.christallk.com\/product\/kit-otakou\/#primaryimage","url":"https:\/\/www.christallk.com\/wp-content\/uploads\/2024\/11\/OTAKOU-WEB6.jpeg","contentUrl":"https:\/\/www.christallk.com\/wp-content\/uploads\/2024\/11\/OTAKOU-WEB6.jpeg","width":853,"height":1280},{"@type":"BreadcrumbList","@id":"https:\/\/www.christallk.com\/product\/kit-otakou\/#breadcrumb","itemListElement":[{"@type":"ListItem","position":1,"name":"Home","item":"https:\/\/www.christallk.com\/"},{"@type":"ListItem","position":2,"name":"Boutique","item":"https:\/\/www.christallk.com\/language\/fr\/shop\/"},{"@type":"ListItem","position":3,"name":"Kit Otakou"}]},{"@type":"WebSite","@id":"https:\/\/www.christallk.com\/#website","url":"https:\/\/www.christallk.com\/","name":"ChristalLK","description":"ChristalLK Website","publisher":{"@id":"https:\/\/www.christallk.com\/#organization"},"potentialAction":[{"@type":"SearchAction","target":{"@type":"EntryPoint","urlTemplate":"https:\/\/www.christallk.com\/?s={search_term_string}"},"query-input":{"@type":"PropertyValueSpecification","valueRequired":true,"valueName":"search_term_string"}}],"inLanguage":"en-US"},{"@type":"Organization","@id":"https:\/\/www.christallk.com\/#organization","name":"ChristalLK","url":"https:\/\/www.christallk.com\/","logo":{"@type":"ImageObject","inLanguage":"en-US","@id":"https:\/\/www.christallk.com\/#\/schema\/logo\/image\/","url":"https:\/\/i2.wp.com\/www.christallk.com\/wp-content\/uploads\/2020\/05\/canvas_logo_clk.png?fit=650%2C600","contentUrl":"https:\/\/i2.wp.com\/www.christallk.com\/wp-content\/uploads\/2020\/05\/canvas_logo_clk.png?fit=650%2C600","width":650,"height":600,"caption":"ChristalLK"},"image":{"@id":"https:\/\/www.christallk.com\/#\/schema\/logo\/image\/"},"sameAs":["https:\/\/www.facebook.com\/ChristalLittleK\/","https:\/\/www.instagram.com\/christallittlek\/","https:\/\/www.pinterest.com\/christallk1637\/","https:\/\/www.youtube.com\/channel\/UCk8kNDAInlkf2fCr6pU-_oA?view_as=subscriber"]}]}},"jetpack_publicize_connections":[],"jetpack_likes_enabled":true,"jetpack-related-posts":[{"id":5460,"url":"https:\/\/www.christallk.com\/en\/product\/lupin-shawl\/","url_meta":{"origin":6850,"position":0},"title":"Lupin Shawl","author":"Christelle","date":"March 14, 2023","format":false,"excerpt":"Lupin is a large, semi-circular shawl that begins with a small area of garter stitch. Leaves then spread throughout the shawl, eventually blooming into flowers at the bottom. Downloadable PDF pattern: once your order is confirmed, a download link is available on\u2026","rel":"","context":"Similar post","block_context":{"text":"Similar post","link":""},"img":{"alt_text":"","src":"https:\/\/i0.wp.com\/www.christallk.com\/wp-content\/uploads\/2023\/03\/IMG_9666.jpg?resize=350%2C200&ssl=1","width":350,"height":200,"srcset":"https:\/\/i0.wp.com\/www.christallk.com\/wp-content\/uploads\/2023\/03\/IMG_9666.jpg?resize=350%2C200&ssl=1 1x, https:\/\/i0.wp.com\/www.christallk.com\/wp-content\/uploads\/2023\/03\/IMG_9666.jpg?resize=525%2C300&ssl=1 1.5x, https:\/\/i0.wp.com\/www.christallk.com\/wp-content\/uploads\/2023\/03\/IMG_9666.jpg?resize=700%2C400&ssl=1 2x"},"classes":[]},{"id":4452,"url":"https:\/\/www.christallk.com\/en\/product\/paruma\/","url_meta":{"origin":6850,"position":1},"title":"Paruma","author":"Christelle","date":"December 1, 2021","format":false,"excerpt":"Paruma is a large, easy shawl that starts with one side and then knits both sides to finish the edge in textured garter stitch. Downloadable PDF pattern: once your order is confirmed, a download link is available on the order page. Remember to download it because the\u2026","rel":"","context":"Similar post","block_context":{"text":"Similar post","link":""},"img":{"alt_text":"Paruma","src":"https:\/\/i0.wp.com\/www.christallk.com\/wp-content\/uploads\/2021\/12\/IMG_8817-2.jpg?resize=350%2C200&ssl=1","width":350,"height":200,"srcset":"https:\/\/i0.wp.com\/www.christallk.com\/wp-content\/uploads\/2021\/12\/IMG_8817-2.jpg?resize=350%2C200&ssl=1 1x, https:\/\/i0.wp.com\/www.christallk.com\/wp-content\/uploads\/2021\/12\/IMG_8817-2.jpg?resize=525%2C300&ssl=1 1.5x, https:\/\/i0.wp.com\/www.christallk.com\/wp-content\/uploads\/2021\/12\/IMG_8817-2.jpg?resize=700%2C400&ssl=1 2x"},"classes":[]},{"id":6605,"url":"https:\/\/www.christallk.com\/en\/product\/solaris-shawl\/","url_meta":{"origin":6850,"position":2},"title":"Solaris Shawl","author":"Christelle","date":"July 5, 2024","format":false,"excerpt":"Solaris is a shawl made entirely of brioche and mosaic stitch. This very large shawl will wrap you up on cool summer evenings and will see you through winter! Downloadable PDF pattern: once your order is confirmed, a download link is available on the order page. Remember\u2026","rel":"","context":"Similar post","block_context":{"text":"Similar post","link":""},"img":{"alt_text":"","src":"https:\/\/i0.wp.com\/www.christallk.com\/wp-content\/uploads\/2024\/07\/solaris-shawl-25.jpg?resize=350%2C200&ssl=1","width":350,"height":200,"srcset":"https:\/\/i0.wp.com\/www.christallk.com\/wp-content\/uploads\/2024\/07\/solaris-shawl-25.jpg?resize=350%2C200&ssl=1 1x, https:\/\/i0.wp.com\/www.christallk.com\/wp-content\/uploads\/2024\/07\/solaris-shawl-25.jpg?resize=525%2C300&ssl=1 1.5x"},"classes":[]},{"id":7191,"url":"https:\/\/www.christallk.com\/en\/product\/under-your-spell\/","url_meta":{"origin":6850,"position":3},"title":"Under Your Spell","author":"Christelle","date":"February 13, 2025","format":false,"excerpt":"Under Your Spell is a stole combining brioche and mosaic stitch that evokes the contrasts and harmonies of the feminine soul. Downloadable PDF pattern: once the order is validated, a download link is available on the order page. Remember to download it because the link is temporary.\u2026","rel":"","context":"Similar post","block_context":{"text":"Similar post","link":""},"img":{"alt_text":"","src":"https:\/\/i0.wp.com\/www.christallk.com\/wp-content\/uploads\/2025\/02\/under-your-spell-24.jpg?resize=350%2C200&ssl=1","width":350,"height":200,"srcset":"https:\/\/i0.wp.com\/www.christallk.com\/wp-content\/uploads\/2025\/02\/under-your-spell-24.jpg?resize=350%2C200&ssl=1 1x, https:\/\/i0.wp.com\/www.christallk.com\/wp-content\/uploads\/2025\/02\/under-your-spell-24.jpg?resize=525%2C300&ssl=1 1.5x, https:\/\/i0.wp.com\/www.christallk.com\/wp-content\/uploads\/2025\/02\/under-your-spell-24.jpg?resize=700%2C400&ssl=1 2x, https:\/\/i0.wp.com\/www.christallk.com\/wp-content\/uploads\/2025\/02\/under-your-spell-24.jpg?resize=1050%2C600&ssl=1 3x"},"classes":[]},{"id":6071,"url":"https:\/\/www.christallk.com\/en\/product\/la-brughiera\/","url_meta":{"origin":6850,"position":4},"title":"The Brughiera","author":"Christelle","date":"September 26, 2023","format":false,"excerpt":"The Brughiera is a garter stitch and mosaic stitch shawl. It&#039;s designed for serious beginners, as mosaic stitch allows you to work with patterns without having to manage thread tension. Downloadable PDF pattern: once your order is confirmed, a download link is available on...","rel":"","context":"Similar post","block_context":{"text":"Similar post","link":""},"img":{"alt_text":"","src":"https:\/\/i0.wp.com\/www.christallk.com\/wp-content\/uploads\/2023\/09\/IMG_9958.jpg?resize=350%2C200&ssl=1","width":350,"height":200,"srcset":"https:\/\/i0.wp.com\/www.christallk.com\/wp-content\/uploads\/2023\/09\/IMG_9958.jpg?resize=350%2C200&ssl=1 1x, https:\/\/i0.wp.com\/www.christallk.com\/wp-content\/uploads\/2023\/09\/IMG_9958.jpg?resize=525%2C300&ssl=1 1.5x, https:\/\/i0.wp.com\/www.christallk.com\/wp-content\/uploads\/2023\/09\/IMG_9958.jpg?resize=700%2C400&ssl=1 2x, https:\/\/i0.wp.com\/www.christallk.com\/wp-content\/uploads\/2023\/09\/IMG_9958.jpg?resize=1050%2C600&ssl=1 3x"},"classes":[]},{"id":5698,"url":"https:\/\/www.christallk.com\/en\/product\/le-pelerin\/","url_meta":{"origin":6850,"position":5},"title":"Le P\u00e9lerin","author":"Christelle","date":"March 17, 2023","format":false,"excerpt":"The Pilgrim is a multicolored unisex hat featuring jacquard, slipped stitch, and linen stitch. Downloadable PDF pattern: Once your order is confirmed, a download link is available on the order page. Remember to download it, as the link is temporary. VAT is\u2026","rel":"","context":"Similar post","block_context":{"text":"Similar post","link":""},"img":{"alt_text":"","src":"https:\/\/i0.wp.com\/www.christallk.com\/wp-content\/uploads\/2023\/03\/IMG_9681.jpg?resize=350%2C200&ssl=1","width":350,"height":200,"srcset":"https:\/\/i0.wp.com\/www.christallk.com\/wp-content\/uploads\/2023\/03\/IMG_9681.jpg?resize=350%2C200&ssl=1 1x, https:\/\/i0.wp.com\/www.christallk.com\/wp-content\/uploads\/2023\/03\/IMG_9681.jpg?resize=525%2C300&ssl=1 1.5x, https:\/\/i0.wp.com\/www.christallk.com\/wp-content\/uploads\/2023\/03\/IMG_9681.jpg?resize=700%2C400&ssl=1 2x"},"classes":[]}],"jetpack_sharing_enabled":true,"_links":{"self":[{"href":"https:\/\/www.christallk.com\/en\/wp-json\/wp\/v2\/product\/6850","targetHints":{"allow":["GET"]}}],"collection":[{"href":"https:\/\/www.christallk.com\/en\/wp-json\/wp\/v2\/product"}],"about":[{"href":"https:\/\/www.christallk.com\/en\/wp-json\/wp\/v2\/types\/product"}],"replies":[{"embeddable":true,"href":"https:\/\/www.christallk.com\/en\/wp-json\/wp\/v2\/comments?post=6850"}],"wp:featuredmedia":[{"embeddable":true,"href":"https:\/\/www.christallk.com\/en\/wp-json\/wp\/v2\/media\/6863"}],"wp:attachment":[{"href":"https:\/\/www.christallk.com\/en\/wp-json\/wp\/v2\/media?parent=6850"}],"wp:term":[{"taxonomy":"product_brand","embeddable":true,"href":"https:\/\/www.christallk.com\/en\/wp-json\/wp\/v2\/product_brand?post=6850"},{"taxonomy":"product_cat","embeddable":true,"href":"https:\/\/www.christallk.com\/en\/wp-json\/wp\/v2\/product_cat?post=6850"},{"taxonomy":"product_tag","embeddable":true,"href":"https:\/\/www.christallk.com\/en\/wp-json\/wp\/v2\/product_tag?post=6850"}],"curies":[{"name":"wp","href":"https:\/\/api.w.org\/{rel}","templated":true}]}}