{"id":6907,"date":"2024-11-14T16:51:57","date_gmt":"2024-11-14T15:51:57","guid":{"rendered":"https:\/\/www.christallk.com\/?post_type=product&#038;p=6907"},"modified":"2026-03-20T03:06:26","modified_gmt":"2026-03-20T02:06:26","slug":"peregrine-nebuleuses-dk","status":"publish","type":"product","link":"https:\/\/www.christallk.com\/en\/product\/peregrine-nebuleuses-dk\/","title":{"rendered":"Peregrine Nebulae DK"},"content":{"rendered":"<p>Peregrine Nebulae is an ephemeral collection of yarns dyed in collaboration with Vulcan Yarns.<br \/>\nThe yarn used for dyeing is Peregrine DK Ivory. You can also find some fingering colors here:<a href=\"https:\/\/www.christallk.com\/en\/product\/peregrine-nebuleuses\/\"> Nebulae<\/a><\/p>\n<p>This yarn is ideal for knitting adult and children&#039;s clothing in cables, lace or a very simple stitch.<\/p>\n<p>Peregrine Nebulae is available in 3 different colors: Magellan, Merope &amp; Centauri Nights<\/p>\n<ul>\n<li>100% Est \u00e0 Laine Merino<\/li>\n<li>190 m \/ 100 g<\/li>\n<li>grown and sheared in France<\/li>\n<li>washed in Belgium<\/li>\n<li>combed in France<\/li>\n<li>spun in France<\/li>\n<li>dyed in France<\/li>\n<li>non-superwash<\/li>\n<li>3.5 to 5 mm needles<\/li>\n<\/ul>\n<h3>Washing<\/h3>\n<p>We recommend alternating skeins to unify the colors.<\/p>\n<h4><em>Wet blocking<br \/>\n<\/em><\/h4>\n<p>To best block the knitting, proceed as follows: soak the piece in lukewarm water<br \/>\nadded with no-rinse wool shampoo for several minutes until the air bubbles trapped in the<br \/>\nwool escape. Take out the project, wring it out without twisting it to remove as much water as possible. Wrap the piece in a bath towel and roll it to extract the remaining moisture and block the project to the desired dimensions (using cables or blocking combs if desired).<\/p>\n<h3><em>Note<\/em><\/h3>\n<p>Colors may vary depending on monitors and may be perceived as slightly lighter or darker than what appears online.<\/p>\n<p>&nbsp;<\/p>\n<div id=\"ConnectiveDocSignExtentionInstalled\" data-extension-version=\"1.0.4\"><\/div>","protected":false},"excerpt":{"rendered":"<ul>\n<li>100% Est \u00e0 Laine Merino<\/li>\n<li>190 m \/ 100 g<\/li>\n<li>growns and sheared in France<\/li>\n<li>washed in Belgium<\/li>\n<li>combed in France<\/li>\n<li>spun in France<\/li>\n<li>dyed in France<\/li>\n<li>non-superwash<\/li>\n<li>3.5 to 5 mm needles<\/li>\n<\/ul>\n<p><em>VAT and delivery costs are calculated when the shopping cart is validated.<\/em><\/p>\n<div id=\"ConnectiveDocSignExtentionInstalled\" data-extension-version=\"1.0.4\"><\/div>","protected":false},"featured_media":6897,"comment_status":"closed","ping_status":"closed","template":"","meta":{"jetpack_publicize_message":"","jetpack_publicize_feature_enabled":true,"jetpack_social_post_already_shared":false,"jetpack_social_options":{"image_generator_settings":{"template":"highway","default_image_id":0,"font":"","enabled":false},"version":2}},"product_brand":[],"product_cat":[316,317],"product_tag":[],"class_list":{"0":"post-6907","1":"product","2":"type-product","3":"status-publish","4":"has-post-thumbnail","6":"product_cat-yarn-laine","7":"product_cat-peregrine","10":"first","11":"instock","12":"taxable","13":"shipping-taxable","14":"purchasable","15":"product-type-variable"},"yoast_head":"<!-- This site is optimized with the Yoast SEO plugin v27.5 - https:\/\/yoast.com\/product\/yoast-seo-wordpress\/ -->\n<title>Peregrine N\u00e9buleuses DK - ChristalLK<\/title>\n<meta name=\"description\" content=\"Peregrine N\u00e9buleuses est une collection \u00e9ph\u00e9m\u00e8re de fils teints en collaboration avec Vulcan Yarns, ces teintures sont bas\u00e9es sur le coloris Ivoire Peregrine.\" \/>\n<meta name=\"robots\" content=\"index, follow, max-snippet:-1, max-image-preview:large, max-video-preview:-1\" \/>\n<link rel=\"canonical\" href=\"https:\/\/www.christallk.com\/en\/product\/peregrine-nebuleuses-dk\/\" \/>\n<meta property=\"og:locale\" content=\"en_US\" \/>\n<meta property=\"og:type\" content=\"article\" \/>\n<meta property=\"og:title\" content=\"Peregrine N\u00e9buleuses DK - ChristalLK\" \/>\n<meta property=\"og:description\" content=\"Peregrine N\u00e9buleuses est une collection \u00e9ph\u00e9m\u00e8re de fils teints en collaboration avec Vulcan Yarns, ces teintures sont bas\u00e9es sur le coloris Ivoire Peregrine.\" \/>\n<meta property=\"og:url\" content=\"https:\/\/www.christallk.com\/en\/product\/peregrine-nebuleuses-dk\/\" \/>\n<meta property=\"og:site_name\" content=\"ChristalLK\" \/>\n<meta property=\"article:publisher\" content=\"https:\/\/www.facebook.com\/ChristalLittleK\/\" \/>\n<meta property=\"article:modified_time\" content=\"2026-03-20T02:06:26+00:00\" \/>\n<meta property=\"og:image\" content=\"https:\/\/www.christallk.com\/wp-content\/uploads\/2024\/11\/20241009_124159-01-01-scaled.jpeg\" \/>\n\t<meta property=\"og:image:width\" content=\"2048\" \/>\n\t<meta property=\"og:image:height\" content=\"2560\" \/>\n\t<meta property=\"og:image:type\" content=\"image\/jpeg\" \/>\n<meta name=\"twitter:card\" content=\"summary_large_image\" \/>\n<meta name=\"twitter:label1\" content=\"Est. reading time\" \/>\n\t<meta name=\"twitter:data1\" content=\"2 minutes\" \/>\n<script type=\"application\/ld+json\" class=\"yoast-schema-graph\">{\"@context\":\"https:\\\/\\\/schema.org\",\"@graph\":[{\"@type\":\"WebPage\",\"@id\":\"https:\\\/\\\/www.christallk.com\\\/product\\\/peregrine-nebuleuses-dk\\\/\",\"url\":\"https:\\\/\\\/www.christallk.com\\\/product\\\/peregrine-nebuleuses-dk\\\/\",\"name\":\"Peregrine N\u00e9buleuses DK - ChristalLK\",\"isPartOf\":{\"@id\":\"https:\\\/\\\/www.christallk.com\\\/#website\"},\"primaryImageOfPage\":{\"@id\":\"https:\\\/\\\/www.christallk.com\\\/product\\\/peregrine-nebuleuses-dk\\\/#primaryimage\"},\"image\":{\"@id\":\"https:\\\/\\\/www.christallk.com\\\/product\\\/peregrine-nebuleuses-dk\\\/#primaryimage\"},\"thumbnailUrl\":\"https:\\\/\\\/www.christallk.com\\\/wp-content\\\/uploads\\\/2024\\\/11\\\/20241009_124159-01-01-scaled.jpeg\",\"datePublished\":\"2024-11-14T15:51:57+00:00\",\"dateModified\":\"2026-03-20T02:06:26+00:00\",\"description\":\"Peregrine N\u00e9buleuses est une collection \u00e9ph\u00e9m\u00e8re de fils teints en collaboration avec Vulcan Yarns, ces teintures sont bas\u00e9es sur le coloris Ivoire Peregrine.\",\"breadcrumb\":{\"@id\":\"https:\\\/\\\/www.christallk.com\\\/product\\\/peregrine-nebuleuses-dk\\\/#breadcrumb\"},\"inLanguage\":\"en-US\",\"potentialAction\":[{\"@type\":\"ReadAction\",\"target\":[\"https:\\\/\\\/www.christallk.com\\\/product\\\/peregrine-nebuleuses-dk\\\/\"]}]},{\"@type\":\"ImageObject\",\"inLanguage\":\"en-US\",\"@id\":\"https:\\\/\\\/www.christallk.com\\\/product\\\/peregrine-nebuleuses-dk\\\/#primaryimage\",\"url\":\"https:\\\/\\\/www.christallk.com\\\/wp-content\\\/uploads\\\/2024\\\/11\\\/20241009_124159-01-01-scaled.jpeg\",\"contentUrl\":\"https:\\\/\\\/www.christallk.com\\\/wp-content\\\/uploads\\\/2024\\\/11\\\/20241009_124159-01-01-scaled.jpeg\",\"width\":2048,\"height\":2560},{\"@type\":\"BreadcrumbList\",\"@id\":\"https:\\\/\\\/www.christallk.com\\\/product\\\/peregrine-nebuleuses-dk\\\/#breadcrumb\",\"itemListElement\":[{\"@type\":\"ListItem\",\"position\":1,\"name\":\"Home\",\"item\":\"https:\\\/\\\/www.christallk.com\\\/\"},{\"@type\":\"ListItem\",\"position\":2,\"name\":\"Boutique\",\"item\":\"https:\\\/\\\/www.christallk.com\\\/language\\\/fr\\\/shop\\\/\"},{\"@type\":\"ListItem\",\"position\":3,\"name\":\"Peregrine N\u00e9buleuses DK\"}]},{\"@type\":\"WebSite\",\"@id\":\"https:\\\/\\\/www.christallk.com\\\/#website\",\"url\":\"https:\\\/\\\/www.christallk.com\\\/\",\"name\":\"ChristalLK\",\"description\":\"ChristalLK Website\",\"publisher\":{\"@id\":\"https:\\\/\\\/www.christallk.com\\\/#organization\"},\"potentialAction\":[{\"@type\":\"SearchAction\",\"target\":{\"@type\":\"EntryPoint\",\"urlTemplate\":\"https:\\\/\\\/www.christallk.com\\\/?s={search_term_string}\"},\"query-input\":{\"@type\":\"PropertyValueSpecification\",\"valueRequired\":true,\"valueName\":\"search_term_string\"}}],\"inLanguage\":\"en-US\"},{\"@type\":\"Organization\",\"@id\":\"https:\\\/\\\/www.christallk.com\\\/#organization\",\"name\":\"ChristalLK\",\"url\":\"https:\\\/\\\/www.christallk.com\\\/\",\"logo\":{\"@type\":\"ImageObject\",\"inLanguage\":\"en-US\",\"@id\":\"https:\\\/\\\/www.christallk.com\\\/#\\\/schema\\\/logo\\\/image\\\/\",\"url\":\"https:\\\/\\\/i2.wp.com\\\/www.christallk.com\\\/wp-content\\\/uploads\\\/2020\\\/05\\\/canvas_logo_clk.png?fit=650%2C600\",\"contentUrl\":\"https:\\\/\\\/i2.wp.com\\\/www.christallk.com\\\/wp-content\\\/uploads\\\/2020\\\/05\\\/canvas_logo_clk.png?fit=650%2C600\",\"width\":650,\"height\":600,\"caption\":\"ChristalLK\"},\"image\":{\"@id\":\"https:\\\/\\\/www.christallk.com\\\/#\\\/schema\\\/logo\\\/image\\\/\"},\"sameAs\":[\"https:\\\/\\\/www.facebook.com\\\/ChristalLittleK\\\/\",\"https:\\\/\\\/www.instagram.com\\\/christallittlek\\\/\",\"https:\\\/\\\/www.pinterest.com\\\/christallk1637\\\/\",\"https:\\\/\\\/www.youtube.com\\\/channel\\\/UCk8kNDAInlkf2fCr6pU-_oA?view_as=subscriber\"]}]}<\/script>\n<!-- \/ Yoast SEO plugin. -->","yoast_head_json":{"title":"Peregrine N\u00e9buleuses DK - ChristalLK","description":"Peregrine N\u00e9buleuses est une collection \u00e9ph\u00e9m\u00e8re de fils teints en collaboration avec Vulcan Yarns, ces teintures sont bas\u00e9es sur le coloris Ivoire Peregrine.","robots":{"index":"index","follow":"follow","max-snippet":"max-snippet:-1","max-image-preview":"max-image-preview:large","max-video-preview":"max-video-preview:-1"},"canonical":"https:\/\/www.christallk.com\/en\/product\/peregrine-nebuleuses-dk\/","og_locale":"en_US","og_type":"article","og_title":"Peregrine N\u00e9buleuses DK - ChristalLK","og_description":"Peregrine N\u00e9buleuses est une collection \u00e9ph\u00e9m\u00e8re de fils teints en collaboration avec Vulcan Yarns, ces teintures sont bas\u00e9es sur le coloris Ivoire Peregrine.","og_url":"https:\/\/www.christallk.com\/en\/product\/peregrine-nebuleuses-dk\/","og_site_name":"ChristalLK","article_publisher":"https:\/\/www.facebook.com\/ChristalLittleK\/","article_modified_time":"2026-03-20T02:06:26+00:00","og_image":[{"width":2048,"height":2560,"url":"https:\/\/www.christallk.com\/wp-content\/uploads\/2024\/11\/20241009_124159-01-01-scaled.jpeg","type":"image\/jpeg"}],"twitter_card":"summary_large_image","twitter_misc":{"Est. reading time":"2 minutes"},"schema":{"@context":"https:\/\/schema.org","@graph":[{"@type":"WebPage","@id":"https:\/\/www.christallk.com\/product\/peregrine-nebuleuses-dk\/","url":"https:\/\/www.christallk.com\/product\/peregrine-nebuleuses-dk\/","name":"Peregrine N\u00e9buleuses DK - ChristalLK","isPartOf":{"@id":"https:\/\/www.christallk.com\/#website"},"primaryImageOfPage":{"@id":"https:\/\/www.christallk.com\/product\/peregrine-nebuleuses-dk\/#primaryimage"},"image":{"@id":"https:\/\/www.christallk.com\/product\/peregrine-nebuleuses-dk\/#primaryimage"},"thumbnailUrl":"https:\/\/www.christallk.com\/wp-content\/uploads\/2024\/11\/20241009_124159-01-01-scaled.jpeg","datePublished":"2024-11-14T15:51:57+00:00","dateModified":"2026-03-20T02:06:26+00:00","description":"Peregrine N\u00e9buleuses est une collection \u00e9ph\u00e9m\u00e8re de fils teints en collaboration avec Vulcan Yarns, ces teintures sont bas\u00e9es sur le coloris Ivoire Peregrine.","breadcrumb":{"@id":"https:\/\/www.christallk.com\/product\/peregrine-nebuleuses-dk\/#breadcrumb"},"inLanguage":"en-US","potentialAction":[{"@type":"ReadAction","target":["https:\/\/www.christallk.com\/product\/peregrine-nebuleuses-dk\/"]}]},{"@type":"ImageObject","inLanguage":"en-US","@id":"https:\/\/www.christallk.com\/product\/peregrine-nebuleuses-dk\/#primaryimage","url":"https:\/\/www.christallk.com\/wp-content\/uploads\/2024\/11\/20241009_124159-01-01-scaled.jpeg","contentUrl":"https:\/\/www.christallk.com\/wp-content\/uploads\/2024\/11\/20241009_124159-01-01-scaled.jpeg","width":2048,"height":2560},{"@type":"BreadcrumbList","@id":"https:\/\/www.christallk.com\/product\/peregrine-nebuleuses-dk\/#breadcrumb","itemListElement":[{"@type":"ListItem","position":1,"name":"Home","item":"https:\/\/www.christallk.com\/"},{"@type":"ListItem","position":2,"name":"Boutique","item":"https:\/\/www.christallk.com\/language\/fr\/shop\/"},{"@type":"ListItem","position":3,"name":"Peregrine N\u00e9buleuses DK"}]},{"@type":"WebSite","@id":"https:\/\/www.christallk.com\/#website","url":"https:\/\/www.christallk.com\/","name":"ChristalLK","description":"ChristalLK Website","publisher":{"@id":"https:\/\/www.christallk.com\/#organization"},"potentialAction":[{"@type":"SearchAction","target":{"@type":"EntryPoint","urlTemplate":"https:\/\/www.christallk.com\/?s={search_term_string}"},"query-input":{"@type":"PropertyValueSpecification","valueRequired":true,"valueName":"search_term_string"}}],"inLanguage":"en-US"},{"@type":"Organization","@id":"https:\/\/www.christallk.com\/#organization","name":"ChristalLK","url":"https:\/\/www.christallk.com\/","logo":{"@type":"ImageObject","inLanguage":"en-US","@id":"https:\/\/www.christallk.com\/#\/schema\/logo\/image\/","url":"https:\/\/i2.wp.com\/www.christallk.com\/wp-content\/uploads\/2020\/05\/canvas_logo_clk.png?fit=650%2C600","contentUrl":"https:\/\/i2.wp.com\/www.christallk.com\/wp-content\/uploads\/2020\/05\/canvas_logo_clk.png?fit=650%2C600","width":650,"height":600,"caption":"ChristalLK"},"image":{"@id":"https:\/\/www.christallk.com\/#\/schema\/logo\/image\/"},"sameAs":["https:\/\/www.facebook.com\/ChristalLittleK\/","https:\/\/www.instagram.com\/christallittlek\/","https:\/\/www.pinterest.com\/christallk1637\/","https:\/\/www.youtube.com\/channel\/UCk8kNDAInlkf2fCr6pU-_oA?view_as=subscriber"]}]}},"jetpack_publicize_connections":[],"jetpack_likes_enabled":true,"jetpack-related-posts":[{"id":6889,"url":"https:\/\/www.christallk.com\/en\/product\/peregrine-nebuleuses\/","url_meta":{"origin":6907,"position":0},"title":"Peregrine Nebulae","author":"Christelle","date":"November 14, 2024","format":false,"excerpt":"100% Merino wool 380 m \/ 100 g raised, harvested in France \/ Grown and sheared in France washed in Belgium \/ Washed in Belgium combed in France \/ Combed in France spun in France \/ Worsted spun in France dyed in France \/ Dyed in France\u2026","rel":"","context":"Similar post","block_context":{"text":"Similar post","link":""},"img":{"alt_text":"","src":"https:\/\/i0.wp.com\/www.christallk.com\/wp-content\/uploads\/2024\/11\/20241009_124301-01-01-scaled.jpeg?resize=350%2C200&ssl=1","width":350,"height":200,"srcset":"https:\/\/i0.wp.com\/www.christallk.com\/wp-content\/uploads\/2024\/11\/20241009_124301-01-01-scaled.jpeg?resize=350%2C200&ssl=1 1x, https:\/\/i0.wp.com\/www.christallk.com\/wp-content\/uploads\/2024\/11\/20241009_124301-01-01-scaled.jpeg?resize=525%2C300&ssl=1 1.5x, https:\/\/i0.wp.com\/www.christallk.com\/wp-content\/uploads\/2024\/11\/20241009_124301-01-01-scaled.jpeg?resize=700%2C400&ssl=1 2x, https:\/\/i0.wp.com\/www.christallk.com\/wp-content\/uploads\/2024\/11\/20241009_124301-01-01-scaled.jpeg?resize=1050%2C600&ssl=1 3x, https:\/\/i0.wp.com\/www.christallk.com\/wp-content\/uploads\/2024\/11\/20241009_124301-01-01-scaled.jpeg?resize=1400%2C800&ssl=1 4x"},"classes":[]},{"id":5620,"url":"https:\/\/www.christallk.com\/en\/product\/peregrine-dk\/","url_meta":{"origin":6907,"position":1},"title":"Peregrine DK","author":"Christelle","date":"March 16, 2023","format":false,"excerpt":"100% Est \u00e0 Laine m\u00e9rinos 190 m \/ 100 g \u00e9lev\u00e9, r\u00e9colt\u00e9 en France lav\u00e9 en Belgique peign\u00e9 en France fil\u00e9 en Suisse pour le premier batch et fil\u00e9 en France pour le deuxi\u00e8me batch teint en Belgique pour le premier batch et en France pour le deuxi\u00e8me non superwash\u2026","rel":"","context":"Similar post","block_context":{"text":"Similar post","link":""},"img":{"alt_text":"","src":"https:\/\/i0.wp.com\/www.christallk.com\/wp-content\/uploads\/2023\/03\/20240507_145615-01-scaled.jpeg?resize=350%2C200&ssl=1","width":350,"height":200,"srcset":"https:\/\/i0.wp.com\/www.christallk.com\/wp-content\/uploads\/2023\/03\/20240507_145615-01-scaled.jpeg?resize=350%2C200&ssl=1 1x, https:\/\/i0.wp.com\/www.christallk.com\/wp-content\/uploads\/2023\/03\/20240507_145615-01-scaled.jpeg?resize=525%2C300&ssl=1 1.5x, https:\/\/i0.wp.com\/www.christallk.com\/wp-content\/uploads\/2023\/03\/20240507_145615-01-scaled.jpeg?resize=700%2C400&ssl=1 2x, https:\/\/i0.wp.com\/www.christallk.com\/wp-content\/uploads\/2023\/03\/20240507_145615-01-scaled.jpeg?resize=1050%2C600&ssl=1 3x, https:\/\/i0.wp.com\/www.christallk.com\/wp-content\/uploads\/2023\/03\/20240507_145615-01-scaled.jpeg?resize=1400%2C800&ssl=1 4x"},"classes":[]},{"id":3576,"url":"https:\/\/www.christallk.com\/en\/product\/peregrine\/","url_meta":{"origin":6907,"position":2},"title":"Peregrine","author":"Christelle","date":"May 20, 2021","format":false,"excerpt":"100% Est \u00e0 Laine m\u00e9rinos 388 m \/ 100 g \u00e9lev\u00e9, r\u00e9colt\u00e9 en France lav\u00e9 en Belgique peign\u00e9 en France fil\u00e9 en France teint en France avec la certification GOTS non superwash aiguilles 2,5 \u00e0 4 mm \/\u00a0 2.5-4 mm needles La TVA et les frais de livraison sont calcul\u00e9s\u2026","rel":"","context":"Similar post","block_context":{"text":"Similar post","link":""},"img":{"alt_text":"","src":"https:\/\/i0.wp.com\/www.christallk.com\/wp-content\/uploads\/2021\/05\/rudolphe-12.jpg?resize=350%2C200&ssl=1","width":350,"height":200,"srcset":"https:\/\/i0.wp.com\/www.christallk.com\/wp-content\/uploads\/2021\/05\/rudolphe-12.jpg?resize=350%2C200&ssl=1 1x, https:\/\/i0.wp.com\/www.christallk.com\/wp-content\/uploads\/2021\/05\/rudolphe-12.jpg?resize=525%2C300&ssl=1 1.5x, https:\/\/i0.wp.com\/www.christallk.com\/wp-content\/uploads\/2021\/05\/rudolphe-12.jpg?resize=700%2C400&ssl=1 2x, https:\/\/i0.wp.com\/www.christallk.com\/wp-content\/uploads\/2021\/05\/rudolphe-12.jpg?resize=1050%2C600&ssl=1 3x, https:\/\/i0.wp.com\/www.christallk.com\/wp-content\/uploads\/2021\/05\/rudolphe-12.jpg?resize=1400%2C800&ssl=1 4x"},"classes":[]},{"id":6921,"url":"https:\/\/www.christallk.com\/en\/product\/popcorn-cowl\/","url_meta":{"origin":6907,"position":3},"title":"Popcorn Cowl","author":"Christelle","date":"December 2, 2024","format":false,"excerpt":"The Pop Corn Collar is a quick DK collar, it is embellished with a textured popcorn stitch that will allow you to take advantage of rather unusual yarns like boucl\u00e9 mohair or a handspun! Downloadable pdf pattern: once the order is validated, a download link\u2026","rel":"","context":"Similar post","block_context":{"text":"Similar post","link":""},"img":{"alt_text":"","src":"https:\/\/i0.wp.com\/www.christallk.com\/wp-content\/uploads\/2024\/12\/popcorn-7.jpg?resize=350%2C200&ssl=1","width":350,"height":200,"srcset":"https:\/\/i0.wp.com\/www.christallk.com\/wp-content\/uploads\/2024\/12\/popcorn-7.jpg?resize=350%2C200&ssl=1 1x, https:\/\/i0.wp.com\/www.christallk.com\/wp-content\/uploads\/2024\/12\/popcorn-7.jpg?resize=525%2C300&ssl=1 1.5x, https:\/\/i0.wp.com\/www.christallk.com\/wp-content\/uploads\/2024\/12\/popcorn-7.jpg?resize=700%2C400&ssl=1 2x, https:\/\/i0.wp.com\/www.christallk.com\/wp-content\/uploads\/2024\/12\/popcorn-7.jpg?resize=1050%2C600&ssl=1 3x, https:\/\/i0.wp.com\/www.christallk.com\/wp-content\/uploads\/2024\/12\/popcorn-7.jpg?resize=1400%2C800&ssl=1 4x"},"classes":[]},{"id":6071,"url":"https:\/\/www.christallk.com\/en\/product\/la-brughiera\/","url_meta":{"origin":6907,"position":4},"title":"The Brughiera","author":"Christelle","date":"September 26, 2023","format":false,"excerpt":"The Brughiera is a garter stitch and mosaic stitch shawl. It&#039;s designed for serious beginners, as mosaic stitch allows you to work with patterns without having to manage thread tension. Downloadable PDF pattern: once your order is confirmed, a download link is available on...","rel":"","context":"Similar post","block_context":{"text":"Similar post","link":""},"img":{"alt_text":"","src":"https:\/\/i0.wp.com\/www.christallk.com\/wp-content\/uploads\/2023\/09\/IMG_9958.jpg?resize=350%2C200&ssl=1","width":350,"height":200,"srcset":"https:\/\/i0.wp.com\/www.christallk.com\/wp-content\/uploads\/2023\/09\/IMG_9958.jpg?resize=350%2C200&ssl=1 1x, https:\/\/i0.wp.com\/www.christallk.com\/wp-content\/uploads\/2023\/09\/IMG_9958.jpg?resize=525%2C300&ssl=1 1.5x, https:\/\/i0.wp.com\/www.christallk.com\/wp-content\/uploads\/2023\/09\/IMG_9958.jpg?resize=700%2C400&ssl=1 2x, https:\/\/i0.wp.com\/www.christallk.com\/wp-content\/uploads\/2023\/09\/IMG_9958.jpg?resize=1050%2C600&ssl=1 3x"},"classes":[]},{"id":7035,"url":"https:\/\/www.christallk.com\/en\/product\/kits-petalsoflove\/","url_meta":{"origin":6907,"position":5},"title":"Petals of Love Kits","author":"Christelle","date":"December 27, 2024","format":false,"excerpt":"Au vu du succ\u00e8s de la Box Saint Valentin, nous vous proposons des kits comprenant patron et fil, tout pour tricoter cette paire de mitaines La TVA et les frais de livraison sont calcul\u00e9s \u00e0 la validation du panier. Patron pdf t\u00e9l\u00e9chargeable : une fois la commande valid\u00e9e, un lien\u2026","rel":"","context":"Similar post","block_context":{"text":"Similar post","link":""},"img":{"alt_text":"","src":"https:\/\/i0.wp.com\/www.christallk.com\/wp-content\/uploads\/2024\/12\/Sans-titre.jpg?resize=350%2C200&ssl=1","width":350,"height":200,"srcset":"https:\/\/i0.wp.com\/www.christallk.com\/wp-content\/uploads\/2024\/12\/Sans-titre.jpg?resize=350%2C200&ssl=1 1x, https:\/\/i0.wp.com\/www.christallk.com\/wp-content\/uploads\/2024\/12\/Sans-titre.jpg?resize=525%2C300&ssl=1 1.5x, https:\/\/i0.wp.com\/www.christallk.com\/wp-content\/uploads\/2024\/12\/Sans-titre.jpg?resize=700%2C400&ssl=1 2x, https:\/\/i0.wp.com\/www.christallk.com\/wp-content\/uploads\/2024\/12\/Sans-titre.jpg?resize=1050%2C600&ssl=1 3x"},"classes":[]}],"jetpack_sharing_enabled":true,"_links":{"self":[{"href":"https:\/\/www.christallk.com\/en\/wp-json\/wp\/v2\/product\/6907","targetHints":{"allow":["GET"]}}],"collection":[{"href":"https:\/\/www.christallk.com\/en\/wp-json\/wp\/v2\/product"}],"about":[{"href":"https:\/\/www.christallk.com\/en\/wp-json\/wp\/v2\/types\/product"}],"replies":[{"embeddable":true,"href":"https:\/\/www.christallk.com\/en\/wp-json\/wp\/v2\/comments?post=6907"}],"wp:featuredmedia":[{"embeddable":true,"href":"https:\/\/www.christallk.com\/en\/wp-json\/wp\/v2\/media\/6897"}],"wp:attachment":[{"href":"https:\/\/www.christallk.com\/en\/wp-json\/wp\/v2\/media?parent=6907"}],"wp:term":[{"taxonomy":"product_brand","embeddable":true,"href":"https:\/\/www.christallk.com\/en\/wp-json\/wp\/v2\/product_brand?post=6907"},{"taxonomy":"product_cat","embeddable":true,"href":"https:\/\/www.christallk.com\/en\/wp-json\/wp\/v2\/product_cat?post=6907"},{"taxonomy":"product_tag","embeddable":true,"href":"https:\/\/www.christallk.com\/en\/wp-json\/wp\/v2\/product_tag?post=6907"}],"curies":[{"name":"wp","href":"https:\/\/api.w.org\/{rel}","templated":true}]}}