{"id":7035,"date":"2024-12-27T11:46:15","date_gmt":"2024-12-27T10:46:15","guid":{"rendered":"https:\/\/www.christallk.com\/?post_type=product&#038;p=7035"},"modified":"2026-03-30T21:13:37","modified_gmt":"2026-03-30T19:13:37","slug":"kits-petalsoflove","status":"publish","type":"product","link":"https:\/\/www.christallk.com\/en\/product\/kits-petalsoflove\/","title":{"rendered":"Petals of Love Kits"},"content":{"rendered":"<div>\n<p>Given the success of the Valentine&#039;s Day Box, we have decided to give you the opportunity to purchase the Valentine&#039;s Day mittens kit (Petals of Love).<\/p>\n<p><strong>What&#039;s in the kit:<\/strong><\/p>\n<p>\u2013 1 skein of Peregrine Fingering (388 m \/ 100 g) in one of the 4 colors offered<\/p>\n<p>\u2013 1 fingerless gloves pattern<\/p>\n<p>\u2013 10 g of dyed silk hankie<\/p>\n<p>LE STOCK EST ACTUELLEMENT EPUISE, VOUS POUVEZ NEAMOINS COMMANDER. COMPTEZ 4 \u00e0 5 SEMAINES AVANT RECEPTION DE VOTRE COLIS.<\/p>\n<\/div>\n<div><\/div>\n<div><\/div>\n<div><\/div>\n<div id=\"ConnectiveDocSignExtentionInstalled\" data-extension-version=\"1.0.4\"><\/div>","protected":false},"excerpt":{"rendered":"<p>Given the success of the Valentine&#039;s Day Box, we are offering kits including pattern and yarn, everything you need to knit this pair of mittens.<\/p>\n<p><em>VAT and delivery costs are calculated when the shopping cart is validated.<\/em><\/p>\n<p><strong>Downloadable PDF pattern: Once your order is confirmed, a download link is available on the order page. Remember to download it, as the link is temporary.<\/strong><\/p>\n<div id=\"ConnectiveDocSignExtentionInstalled\" data-extension-version=\"1.0.4\"><\/div>","protected":false},"featured_media":7046,"comment_status":"closed","ping_status":"closed","template":"","meta":{"jetpack_publicize_message":"","jetpack_publicize_feature_enabled":true,"jetpack_social_post_already_shared":false,"jetpack_social_options":{"image_generator_settings":{"template":"highway","default_image_id":0,"font":"","enabled":false},"version":2}},"product_brand":[],"product_cat":[354,316,317],"product_tag":[],"class_list":{"0":"post-7035","1":"product","2":"type-product","3":"status-publish","4":"has-post-thumbnail","6":"product_cat-kits","7":"product_cat-yarn-laine","8":"product_cat-peregrine","11":"first","12":"onbackorder","13":"taxable","14":"shipping-taxable","15":"purchasable","16":"product-type-variable"},"yoast_head":"<!-- This site is optimized with the Yoast SEO plugin v27.5 - https:\/\/yoast.com\/product\/yoast-seo-wordpress\/ -->\n<title>Kits Petals of Love - ChristalLK<\/title>\n<meta name=\"description\" content=\"Au vu du succ\u00e8s de la Box Saint Valentin, nous vous proposons des kits comprenant patron et fil, tout pour tricoter cette paire de mitaines\" \/>\n<meta name=\"robots\" content=\"index, follow, max-snippet:-1, max-image-preview:large, max-video-preview:-1\" \/>\n<link rel=\"canonical\" href=\"https:\/\/www.christallk.com\/en\/product\/kits-petalsoflove\/\" \/>\n<meta property=\"og:locale\" content=\"en_US\" \/>\n<meta property=\"og:type\" content=\"article\" \/>\n<meta property=\"og:title\" content=\"Kits Petals of Love - ChristalLK\" \/>\n<meta property=\"og:description\" content=\"Au vu du succ\u00e8s de la Box Saint Valentin, nous vous proposons des kits comprenant patron et fil, tout pour tricoter cette paire de mitaines\" \/>\n<meta property=\"og:url\" content=\"https:\/\/www.christallk.com\/en\/product\/kits-petalsoflove\/\" \/>\n<meta property=\"og:site_name\" content=\"ChristalLK\" \/>\n<meta property=\"article:publisher\" content=\"https:\/\/www.facebook.com\/ChristalLittleK\/\" \/>\n<meta property=\"article:modified_time\" content=\"2026-03-30T19:13:37+00:00\" \/>\n<meta property=\"og:image\" content=\"https:\/\/www.christallk.com\/wp-content\/uploads\/2024\/12\/Sans-titre.jpg\" \/>\n\t<meta property=\"og:image:width\" content=\"1128\" \/>\n\t<meta property=\"og:image:height\" content=\"722\" \/>\n\t<meta property=\"og:image:type\" content=\"image\/jpeg\" \/>\n<meta name=\"twitter:card\" content=\"summary_large_image\" \/>\n<meta name=\"twitter:label1\" content=\"Est. reading time\" \/>\n\t<meta name=\"twitter:data1\" content=\"1 minute\" \/>\n<script type=\"application\/ld+json\" class=\"yoast-schema-graph\">{\"@context\":\"https:\\\/\\\/schema.org\",\"@graph\":[{\"@type\":\"WebPage\",\"@id\":\"https:\\\/\\\/www.christallk.com\\\/product\\\/kits-petalsoflove\\\/\",\"url\":\"https:\\\/\\\/www.christallk.com\\\/product\\\/kits-petalsoflove\\\/\",\"name\":\"Kits Petals of Love - ChristalLK\",\"isPartOf\":{\"@id\":\"https:\\\/\\\/www.christallk.com\\\/#website\"},\"primaryImageOfPage\":{\"@id\":\"https:\\\/\\\/www.christallk.com\\\/product\\\/kits-petalsoflove\\\/#primaryimage\"},\"image\":{\"@id\":\"https:\\\/\\\/www.christallk.com\\\/product\\\/kits-petalsoflove\\\/#primaryimage\"},\"thumbnailUrl\":\"https:\\\/\\\/www.christallk.com\\\/wp-content\\\/uploads\\\/2024\\\/12\\\/Sans-titre.jpg\",\"datePublished\":\"2024-12-27T10:46:15+00:00\",\"dateModified\":\"2026-03-30T19:13:37+00:00\",\"description\":\"Au vu du succ\u00e8s de la Box Saint Valentin, nous vous proposons des kits comprenant patron et fil, tout pour tricoter cette paire de mitaines\",\"breadcrumb\":{\"@id\":\"https:\\\/\\\/www.christallk.com\\\/product\\\/kits-petalsoflove\\\/#breadcrumb\"},\"inLanguage\":\"en-US\",\"potentialAction\":[{\"@type\":\"ReadAction\",\"target\":[\"https:\\\/\\\/www.christallk.com\\\/product\\\/kits-petalsoflove\\\/\"]}]},{\"@type\":\"ImageObject\",\"inLanguage\":\"en-US\",\"@id\":\"https:\\\/\\\/www.christallk.com\\\/product\\\/kits-petalsoflove\\\/#primaryimage\",\"url\":\"https:\\\/\\\/www.christallk.com\\\/wp-content\\\/uploads\\\/2024\\\/12\\\/Sans-titre.jpg\",\"contentUrl\":\"https:\\\/\\\/www.christallk.com\\\/wp-content\\\/uploads\\\/2024\\\/12\\\/Sans-titre.jpg\",\"width\":1128,\"height\":722},{\"@type\":\"BreadcrumbList\",\"@id\":\"https:\\\/\\\/www.christallk.com\\\/product\\\/kits-petalsoflove\\\/#breadcrumb\",\"itemListElement\":[{\"@type\":\"ListItem\",\"position\":1,\"name\":\"Home\",\"item\":\"https:\\\/\\\/www.christallk.com\\\/\"},{\"@type\":\"ListItem\",\"position\":2,\"name\":\"Boutique\",\"item\":\"https:\\\/\\\/www.christallk.com\\\/language\\\/fr\\\/shop\\\/\"},{\"@type\":\"ListItem\",\"position\":3,\"name\":\"Kits Petals of Love\"}]},{\"@type\":\"WebSite\",\"@id\":\"https:\\\/\\\/www.christallk.com\\\/#website\",\"url\":\"https:\\\/\\\/www.christallk.com\\\/\",\"name\":\"ChristalLK\",\"description\":\"ChristalLK Website\",\"publisher\":{\"@id\":\"https:\\\/\\\/www.christallk.com\\\/#organization\"},\"potentialAction\":[{\"@type\":\"SearchAction\",\"target\":{\"@type\":\"EntryPoint\",\"urlTemplate\":\"https:\\\/\\\/www.christallk.com\\\/?s={search_term_string}\"},\"query-input\":{\"@type\":\"PropertyValueSpecification\",\"valueRequired\":true,\"valueName\":\"search_term_string\"}}],\"inLanguage\":\"en-US\"},{\"@type\":\"Organization\",\"@id\":\"https:\\\/\\\/www.christallk.com\\\/#organization\",\"name\":\"ChristalLK\",\"url\":\"https:\\\/\\\/www.christallk.com\\\/\",\"logo\":{\"@type\":\"ImageObject\",\"inLanguage\":\"en-US\",\"@id\":\"https:\\\/\\\/www.christallk.com\\\/#\\\/schema\\\/logo\\\/image\\\/\",\"url\":\"https:\\\/\\\/i2.wp.com\\\/www.christallk.com\\\/wp-content\\\/uploads\\\/2020\\\/05\\\/canvas_logo_clk.png?fit=650%2C600\",\"contentUrl\":\"https:\\\/\\\/i2.wp.com\\\/www.christallk.com\\\/wp-content\\\/uploads\\\/2020\\\/05\\\/canvas_logo_clk.png?fit=650%2C600\",\"width\":650,\"height\":600,\"caption\":\"ChristalLK\"},\"image\":{\"@id\":\"https:\\\/\\\/www.christallk.com\\\/#\\\/schema\\\/logo\\\/image\\\/\"},\"sameAs\":[\"https:\\\/\\\/www.facebook.com\\\/ChristalLittleK\\\/\",\"https:\\\/\\\/www.instagram.com\\\/christallittlek\\\/\",\"https:\\\/\\\/www.pinterest.com\\\/christallk1637\\\/\",\"https:\\\/\\\/www.youtube.com\\\/channel\\\/UCk8kNDAInlkf2fCr6pU-_oA?view_as=subscriber\"]}]}<\/script>\n<!-- \/ Yoast SEO plugin. -->","yoast_head_json":{"title":"Kits Petals of Love - ChristalLK","description":"Given the success of the Valentine&#039;s Day Box, we are offering kits including pattern and yarn, everything you need to knit this pair of mittens.","robots":{"index":"index","follow":"follow","max-snippet":"max-snippet:-1","max-image-preview":"max-image-preview:large","max-video-preview":"max-video-preview:-1"},"canonical":"https:\/\/www.christallk.com\/en\/product\/kits-petalsoflove\/","og_locale":"en_US","og_type":"article","og_title":"Kits Petals of Love - ChristalLK","og_description":"Au vu du succ\u00e8s de la Box Saint Valentin, nous vous proposons des kits comprenant patron et fil, tout pour tricoter cette paire de mitaines","og_url":"https:\/\/www.christallk.com\/en\/product\/kits-petalsoflove\/","og_site_name":"ChristalLK","article_publisher":"https:\/\/www.facebook.com\/ChristalLittleK\/","article_modified_time":"2026-03-30T19:13:37+00:00","og_image":[{"width":1128,"height":722,"url":"https:\/\/www.christallk.com\/wp-content\/uploads\/2024\/12\/Sans-titre.jpg","type":"image\/jpeg"}],"twitter_card":"summary_large_image","twitter_misc":{"Est. reading time":"1 minute"},"schema":{"@context":"https:\/\/schema.org","@graph":[{"@type":"WebPage","@id":"https:\/\/www.christallk.com\/product\/kits-petalsoflove\/","url":"https:\/\/www.christallk.com\/product\/kits-petalsoflove\/","name":"Kits Petals of Love - ChristalLK","isPartOf":{"@id":"https:\/\/www.christallk.com\/#website"},"primaryImageOfPage":{"@id":"https:\/\/www.christallk.com\/product\/kits-petalsoflove\/#primaryimage"},"image":{"@id":"https:\/\/www.christallk.com\/product\/kits-petalsoflove\/#primaryimage"},"thumbnailUrl":"https:\/\/www.christallk.com\/wp-content\/uploads\/2024\/12\/Sans-titre.jpg","datePublished":"2024-12-27T10:46:15+00:00","dateModified":"2026-03-30T19:13:37+00:00","description":"Given the success of the Valentine&#039;s Day Box, we are offering kits including pattern and yarn, everything you need to knit this pair of mittens.","breadcrumb":{"@id":"https:\/\/www.christallk.com\/product\/kits-petalsoflove\/#breadcrumb"},"inLanguage":"en-US","potentialAction":[{"@type":"ReadAction","target":["https:\/\/www.christallk.com\/product\/kits-petalsoflove\/"]}]},{"@type":"ImageObject","inLanguage":"en-US","@id":"https:\/\/www.christallk.com\/product\/kits-petalsoflove\/#primaryimage","url":"https:\/\/www.christallk.com\/wp-content\/uploads\/2024\/12\/Sans-titre.jpg","contentUrl":"https:\/\/www.christallk.com\/wp-content\/uploads\/2024\/12\/Sans-titre.jpg","width":1128,"height":722},{"@type":"BreadcrumbList","@id":"https:\/\/www.christallk.com\/product\/kits-petalsoflove\/#breadcrumb","itemListElement":[{"@type":"ListItem","position":1,"name":"Home","item":"https:\/\/www.christallk.com\/"},{"@type":"ListItem","position":2,"name":"Boutique","item":"https:\/\/www.christallk.com\/language\/fr\/shop\/"},{"@type":"ListItem","position":3,"name":"Kits Petals of Love"}]},{"@type":"WebSite","@id":"https:\/\/www.christallk.com\/#website","url":"https:\/\/www.christallk.com\/","name":"ChristalLK","description":"ChristalLK Website","publisher":{"@id":"https:\/\/www.christallk.com\/#organization"},"potentialAction":[{"@type":"SearchAction","target":{"@type":"EntryPoint","urlTemplate":"https:\/\/www.christallk.com\/?s={search_term_string}"},"query-input":{"@type":"PropertyValueSpecification","valueRequired":true,"valueName":"search_term_string"}}],"inLanguage":"en-US"},{"@type":"Organization","@id":"https:\/\/www.christallk.com\/#organization","name":"ChristalLK","url":"https:\/\/www.christallk.com\/","logo":{"@type":"ImageObject","inLanguage":"en-US","@id":"https:\/\/www.christallk.com\/#\/schema\/logo\/image\/","url":"https:\/\/i2.wp.com\/www.christallk.com\/wp-content\/uploads\/2020\/05\/canvas_logo_clk.png?fit=650%2C600","contentUrl":"https:\/\/i2.wp.com\/www.christallk.com\/wp-content\/uploads\/2020\/05\/canvas_logo_clk.png?fit=650%2C600","width":650,"height":600,"caption":"ChristalLK"},"image":{"@id":"https:\/\/www.christallk.com\/#\/schema\/logo\/image\/"},"sameAs":["https:\/\/www.facebook.com\/ChristalLittleK\/","https:\/\/www.instagram.com\/christallittlek\/","https:\/\/www.pinterest.com\/christallk1637\/","https:\/\/www.youtube.com\/channel\/UCk8kNDAInlkf2fCr6pU-_oA?view_as=subscriber"]}]}},"jetpack_publicize_connections":[],"jetpack_likes_enabled":true,"jetpack-related-posts":[{"id":7212,"url":"https:\/\/www.christallk.com\/en\/product\/petals-of-love\/","url_meta":{"origin":7035,"position":0},"title":"Petals of Love","author":"Christelle","date":"February 21, 2025","format":false,"excerpt":"Petals of Love offers a pair of lightweight and poetic mittens, knitted with fingering yarn and a stretched silk handkerchief for an airy and refined touch. Downloadable PDF pattern: once your order is confirmed, a download link is available on the order page. Remember to\u2026","rel":"","context":"Similar post","block_context":{"text":"Similar post","link":""},"img":{"alt_text":"","src":"https:\/\/i0.wp.com\/www.christallk.com\/wp-content\/uploads\/2024\/12\/petals-of-love-9.jpg?resize=350%2C200&ssl=1","width":350,"height":200,"srcset":"https:\/\/i0.wp.com\/www.christallk.com\/wp-content\/uploads\/2024\/12\/petals-of-love-9.jpg?resize=350%2C200&ssl=1 1x, https:\/\/i0.wp.com\/www.christallk.com\/wp-content\/uploads\/2024\/12\/petals-of-love-9.jpg?resize=525%2C300&ssl=1 1.5x, https:\/\/i0.wp.com\/www.christallk.com\/wp-content\/uploads\/2024\/12\/petals-of-love-9.jpg?resize=700%2C400&ssl=1 2x, https:\/\/i0.wp.com\/www.christallk.com\/wp-content\/uploads\/2024\/12\/petals-of-love-9.jpg?resize=1050%2C600&ssl=1 3x, https:\/\/i0.wp.com\/www.christallk.com\/wp-content\/uploads\/2024\/12\/petals-of-love-9.jpg?resize=1400%2C800&ssl=1 4x"},"classes":[]},{"id":5632,"url":"https:\/\/www.christallk.com\/en\/product\/le-pelerin-kits\/","url_meta":{"origin":7035,"position":1},"title":"Le P\u00e9lerin Kits","author":"Christelle","date":"March 16, 2023","format":false,"excerpt":"ATTENTION, LES QUANTIT\u00c9S DE KITS EN STOCK SONT LIMIT\u00c9ES. Dans ce kit, vous trouverez tout le n\u00e9cessaire pour faire le bonnet Le P\u00e9lerin. La TVA et les frais de livraison sont calcul\u00e9s \u00e0 la validation du panier. Vous trouverez aussi deux patrons pdf t\u00e9l\u00e9chargeables en anglais et en fran\u00e7ais :\u2026","rel":"","context":"Similar post","block_context":{"text":"Similar post","link":""},"img":{"alt_text":"","src":"https:\/\/i0.wp.com\/www.christallk.com\/wp-content\/uploads\/2023\/03\/20230220_114132-01-scaled.jpeg?resize=350%2C200&ssl=1","width":350,"height":200,"srcset":"https:\/\/i0.wp.com\/www.christallk.com\/wp-content\/uploads\/2023\/03\/20230220_114132-01-scaled.jpeg?resize=350%2C200&ssl=1 1x, https:\/\/i0.wp.com\/www.christallk.com\/wp-content\/uploads\/2023\/03\/20230220_114132-01-scaled.jpeg?resize=525%2C300&ssl=1 1.5x, https:\/\/i0.wp.com\/www.christallk.com\/wp-content\/uploads\/2023\/03\/20230220_114132-01-scaled.jpeg?resize=700%2C400&ssl=1 2x, https:\/\/i0.wp.com\/www.christallk.com\/wp-content\/uploads\/2023\/03\/20230220_114132-01-scaled.jpeg?resize=1050%2C600&ssl=1 3x, https:\/\/i0.wp.com\/www.christallk.com\/wp-content\/uploads\/2023\/03\/20230220_114132-01-scaled.jpeg?resize=1400%2C800&ssl=1 4x"},"classes":[]},{"id":5191,"url":"https:\/\/www.christallk.com\/en\/product\/winter-in-scotland-kits\/","url_meta":{"origin":7035,"position":2},"title":"Winter in Scotland Kits","author":"Christelle","date":"September 28, 2022","format":false,"excerpt":"Dans ce kit, vous trouverez tout le n\u00e9cessaire pour faire une paires de moufles Winter In Scotland. La TVA et les frais de livraison sont calcul\u00e9s \u00e0 la validation du panier. Vous trouverez aussi deux patrons pdf t\u00e9l\u00e9chargeables en anglais et en fran\u00e7ais : une fois la commande valid\u00e9e, un\u2026","rel":"","context":"Similar post","block_context":{"text":"Similar post","link":""},"img":{"alt_text":"","src":"https:\/\/i0.wp.com\/www.christallk.com\/wp-content\/uploads\/2022\/09\/20220928_113934-01-scaled.jpeg?resize=350%2C200&ssl=1","width":350,"height":200,"srcset":"https:\/\/i0.wp.com\/www.christallk.com\/wp-content\/uploads\/2022\/09\/20220928_113934-01-scaled.jpeg?resize=350%2C200&ssl=1 1x, https:\/\/i0.wp.com\/www.christallk.com\/wp-content\/uploads\/2022\/09\/20220928_113934-01-scaled.jpeg?resize=525%2C300&ssl=1 1.5x, https:\/\/i0.wp.com\/www.christallk.com\/wp-content\/uploads\/2022\/09\/20220928_113934-01-scaled.jpeg?resize=700%2C400&ssl=1 2x, https:\/\/i0.wp.com\/www.christallk.com\/wp-content\/uploads\/2022\/09\/20220928_113934-01-scaled.jpeg?resize=1050%2C600&ssl=1 3x, https:\/\/i0.wp.com\/www.christallk.com\/wp-content\/uploads\/2022\/09\/20220928_113934-01-scaled.jpeg?resize=1400%2C800&ssl=1 4x"},"classes":[]},{"id":5794,"url":"https:\/\/www.christallk.com\/en\/product\/boboli-bag-kit-deluxe\/","url_meta":{"origin":7035,"position":3},"title":"Boboli Bag Kits DeLuxe","author":"Christelle","date":"June 5, 2023","format":false,"excerpt":"This kit contains everything you need to make a Boboli bag. VAT and shipping are calculated at checkout. You&#039;ll also find two downloadable PDF patterns in English and French. Once your order is confirmed, a download link is available.","rel":"","context":"Similar post","block_context":{"text":"Similar post","link":""},"img":{"alt_text":"","src":"https:\/\/i0.wp.com\/www.christallk.com\/wp-content\/uploads\/2023\/06\/20230516_121327-scaled.jpg?resize=350%2C200&ssl=1","width":350,"height":200,"srcset":"https:\/\/i0.wp.com\/www.christallk.com\/wp-content\/uploads\/2023\/06\/20230516_121327-scaled.jpg?resize=350%2C200&ssl=1 1x, https:\/\/i0.wp.com\/www.christallk.com\/wp-content\/uploads\/2023\/06\/20230516_121327-scaled.jpg?resize=525%2C300&ssl=1 1.5x, https:\/\/i0.wp.com\/www.christallk.com\/wp-content\/uploads\/2023\/06\/20230516_121327-scaled.jpg?resize=700%2C400&ssl=1 2x, https:\/\/i0.wp.com\/www.christallk.com\/wp-content\/uploads\/2023\/06\/20230516_121327-scaled.jpg?resize=1050%2C600&ssl=1 3x, https:\/\/i0.wp.com\/www.christallk.com\/wp-content\/uploads\/2023\/06\/20230516_121327-scaled.jpg?resize=1400%2C800&ssl=1 4x"},"classes":[]},{"id":3917,"url":"https:\/\/www.christallk.com\/en\/product\/the-deer\/","url_meta":{"origin":7035,"position":4},"title":"THE DEER","author":"Christelle","date":"June 23, 2021","format":false,"excerpt":"The Deer is a lovely pair of jacquard mittens from the Magical Creatures collection. The story of the Magical Creatures collection is here. Downloadable PDF pattern: Once your order is confirmed, a download link is available on the order page. Remember to download it because\u2026","rel":"","context":"Similar post","block_context":{"text":"Similar post","link":""},"img":{"alt_text":"","src":"https:\/\/i0.wp.com\/www.christallk.com\/wp-content\/uploads\/2021\/06\/IMG_6585-2.jpg?resize=350%2C200&ssl=1","width":350,"height":200,"srcset":"https:\/\/i0.wp.com\/www.christallk.com\/wp-content\/uploads\/2021\/06\/IMG_6585-2.jpg?resize=350%2C200&ssl=1 1x, https:\/\/i0.wp.com\/www.christallk.com\/wp-content\/uploads\/2021\/06\/IMG_6585-2.jpg?resize=525%2C300&ssl=1 1.5x, https:\/\/i0.wp.com\/www.christallk.com\/wp-content\/uploads\/2021\/06\/IMG_6585-2.jpg?resize=700%2C400&ssl=1 2x"},"classes":[]},{"id":3924,"url":"https:\/\/www.christallk.com\/en\/product\/the-wolf\/","url_meta":{"origin":7035,"position":5},"title":"THE WOLF","author":"Christelle","date":"June 23, 2021","format":false,"excerpt":"The Wolf is a lovely pair of jacquard mittens from the Magical Creatures collection. The story of the Magical Creatures collection is here. Downloadable PDF pattern: Once your order is confirmed, a download link is available on the order page. Remember to download it because\u2026","rel":"","context":"Similar post","block_context":{"text":"Similar post","link":""},"img":{"alt_text":"","src":"https:\/\/i0.wp.com\/www.christallk.com\/wp-content\/uploads\/2021\/06\/20200206_152845-01_pt.jpeg?resize=350%2C200&ssl=1","width":350,"height":200,"srcset":"https:\/\/i0.wp.com\/www.christallk.com\/wp-content\/uploads\/2021\/06\/20200206_152845-01_pt.jpeg?resize=350%2C200&ssl=1 1x, https:\/\/i0.wp.com\/www.christallk.com\/wp-content\/uploads\/2021\/06\/20200206_152845-01_pt.jpeg?resize=525%2C300&ssl=1 1.5x, https:\/\/i0.wp.com\/www.christallk.com\/wp-content\/uploads\/2021\/06\/20200206_152845-01_pt.jpeg?resize=700%2C400&ssl=1 2x"},"classes":[]}],"jetpack_sharing_enabled":true,"_links":{"self":[{"href":"https:\/\/www.christallk.com\/en\/wp-json\/wp\/v2\/product\/7035","targetHints":{"allow":["GET"]}}],"collection":[{"href":"https:\/\/www.christallk.com\/en\/wp-json\/wp\/v2\/product"}],"about":[{"href":"https:\/\/www.christallk.com\/en\/wp-json\/wp\/v2\/types\/product"}],"replies":[{"embeddable":true,"href":"https:\/\/www.christallk.com\/en\/wp-json\/wp\/v2\/comments?post=7035"}],"wp:featuredmedia":[{"embeddable":true,"href":"https:\/\/www.christallk.com\/en\/wp-json\/wp\/v2\/media\/7046"}],"wp:attachment":[{"href":"https:\/\/www.christallk.com\/en\/wp-json\/wp\/v2\/media?parent=7035"}],"wp:term":[{"taxonomy":"product_brand","embeddable":true,"href":"https:\/\/www.christallk.com\/en\/wp-json\/wp\/v2\/product_brand?post=7035"},{"taxonomy":"product_cat","embeddable":true,"href":"https:\/\/www.christallk.com\/en\/wp-json\/wp\/v2\/product_cat?post=7035"},{"taxonomy":"product_tag","embeddable":true,"href":"https:\/\/www.christallk.com\/en\/wp-json\/wp\/v2\/product_tag?post=7035"}],"curies":[{"name":"wp","href":"https:\/\/api.w.org\/{rel}","templated":true}]}}