{"id":7212,"date":"2025-02-21T11:39:24","date_gmt":"2025-02-21T10:39:24","guid":{"rendered":"https:\/\/www.christallk.com\/?post_type=product&#038;p=7212"},"modified":"2025-07-24T15:49:07","modified_gmt":"2025-07-24T13:49:07","slug":"petals-of-love","status":"publish","type":"product","link":"https:\/\/www.christallk.com\/en\/product\/petals-of-love\/","title":{"rendered":"Petals of Love"},"content":{"rendered":"<p><strong>Petals of Love<\/strong> The design is inspired by a bright rainbow, where subtle gradations of color blend harmoniously. A flight of butterflies adorns the bottom of the fingerless gloves, evoking freedom and transformation. A project that's both delicate and vibrant, perfect for those who like to combine finesse and symbolism in their knitting.<\/p>\n<h3>Yarn<\/h3>\n<p>You need a fingering yarn and a thread from a silk hankie to knit these fingerless gloves.<\/p>\n<p>CC1: CLK Peregrine (100% Est-A-Laine Merino) 400 meters \/ 100 grams color Smokey approx. 160 m<br \/>\nCC2: Silk hankie to spun (approx. 7 g)<\/p>\n<h3>Gauge<\/h3>\n<p>36 stitches \/ 44 rounds in stockinette stitch for 10 cm after blocking with the smallest needles<br \/>\n36 stitches \/ 36 rounds in stranded colorwork for 10 cm after blocking with the largest needles<\/p>\n<h3>Needles<\/h3>\n<p>2.25mm circ. needles 100cm long or your preferred needles for knitting small circumferences<\/p>\n<h3>Notions<\/h3>\n<p>1 tapestry needle<br \/>\nScrap yarn or holder to place sts on hold<br \/>\n3 markers<\/p>\n<h3>Sizes<\/h3>\n<p>Unique<br \/>\nHand circumference: 16.5 cm<br \/>\nHeight: 18 cm<br \/>\nAs the ribs are particularly stretchy, this size will fit most hands.<\/p>\n<h3>Construction<\/h3>\n<p>Please note that if you want to knit a smaller or larger size, you will need to use smaller or larger needles.<\/p>\n<h3>Level<\/h3>\n<p>3 \/5<\/p>\n<p>&nbsp;<\/p>\n<div id=\"ConnectiveDocSignExtentionInstalled\" data-extension-version=\"1.0.4\"><\/div>","protected":false},"excerpt":{"rendered":"<p><strong>Petals of Love<\/strong> Petals of Love offers a pair of light, poetic fingerless gloves, knitted with a fingering yarn and a thread handspun from a silk hankie for an airy, refined touch.<\/p>\n<p><strong>Downloadable PDF pattern: Once your order is confirmed, a download link is available on the order page. Remember to download it, as the link is temporary.<\/strong><\/p>\n<p><em>VAT is calculated when the shopping cart is validated.<\/em><\/p>\n<p>&nbsp;<\/p>\n<p>&nbsp;<\/p>\n<div id=\"ConnectiveDocSignExtentionInstalled\" data-extension-version=\"1.0.4\"><\/div>","protected":false},"featured_media":7214,"comment_status":"closed","ping_status":"closed","template":"","meta":{"jetpack_publicize_message":"","jetpack_publicize_feature_enabled":true,"jetpack_social_post_already_shared":true,"jetpack_social_options":{"image_generator_settings":{"template":"highway","default_image_id":0,"font":"","enabled":false},"version":2}},"product_brand":[],"product_cat":[321,318,308],"product_tag":[],"class_list":{"0":"post-7212","1":"product","2":"type-product","3":"status-publish","4":"has-post-thumbnail","6":"product_cat-accessoires","7":"product_cat-patrons-en-francais","8":"product_cat-patterns-modeles","11":"first","12":"instock","13":"taxable","14":"shipping-taxable","15":"purchasable","16":"product-type-variable"},"yoast_head":"<!-- This site is optimized with the Yoast SEO plugin v27.5 - https:\/\/yoast.com\/product\/yoast-seo-wordpress\/ -->\n<title>Petals of Love - ChristalLK<\/title>\n<meta name=\"description\" content=\"Petals of Love propose une paire de mitaines l\u00e9g\u00e8res et po\u00e9tiques, tricot\u00e9es avec un fil fingering et de la soie pour une touche a\u00e9rienne et raffin\u00e9e.\" \/>\n<meta name=\"robots\" content=\"index, follow, max-snippet:-1, max-image-preview:large, max-video-preview:-1\" \/>\n<link rel=\"canonical\" href=\"https:\/\/www.christallk.com\/en\/product\/petals-of-love\/\" \/>\n<meta property=\"og:locale\" content=\"en_US\" \/>\n<meta property=\"og:type\" content=\"article\" \/>\n<meta property=\"og:title\" content=\"Petals of Love - ChristalLK\" \/>\n<meta property=\"og:description\" content=\"Petals of Love propose une paire de mitaines l\u00e9g\u00e8res et po\u00e9tiques, tricot\u00e9es avec un fil fingering et de la soie pour une touche a\u00e9rienne et raffin\u00e9e.\" \/>\n<meta property=\"og:url\" content=\"https:\/\/www.christallk.com\/en\/product\/petals-of-love\/\" \/>\n<meta property=\"og:site_name\" content=\"ChristalLK\" \/>\n<meta property=\"article:publisher\" content=\"https:\/\/www.facebook.com\/ChristalLittleK\/\" \/>\n<meta property=\"article:modified_time\" content=\"2025-07-24T13:49:07+00:00\" \/>\n<meta property=\"og:image\" content=\"https:\/\/www.christallk.com\/wp-content\/uploads\/2024\/12\/petals-of-love-9-863x1024.jpg\" \/>\n\t<meta property=\"og:image:width\" content=\"863\" \/>\n\t<meta property=\"og:image:height\" content=\"1024\" \/>\n\t<meta property=\"og:image:type\" content=\"image\/jpeg\" \/>\n<meta name=\"twitter:card\" content=\"summary_large_image\" \/>\n<meta name=\"twitter:label1\" content=\"Est. reading time\" \/>\n\t<meta name=\"twitter:data1\" content=\"2 minutes\" \/>\n<script type=\"application\/ld+json\" class=\"yoast-schema-graph\">{\"@context\":\"https:\\\/\\\/schema.org\",\"@graph\":[{\"@type\":\"WebPage\",\"@id\":\"https:\\\/\\\/www.christallk.com\\\/product\\\/petals-of-love\\\/\",\"url\":\"https:\\\/\\\/www.christallk.com\\\/product\\\/petals-of-love\\\/\",\"name\":\"Petals of Love - ChristalLK\",\"isPartOf\":{\"@id\":\"https:\\\/\\\/www.christallk.com\\\/#website\"},\"primaryImageOfPage\":{\"@id\":\"https:\\\/\\\/www.christallk.com\\\/product\\\/petals-of-love\\\/#primaryimage\"},\"image\":{\"@id\":\"https:\\\/\\\/www.christallk.com\\\/product\\\/petals-of-love\\\/#primaryimage\"},\"thumbnailUrl\":\"https:\\\/\\\/www.christallk.com\\\/wp-content\\\/uploads\\\/2024\\\/12\\\/petals-of-love-9.jpg\",\"datePublished\":\"2025-02-21T10:39:24+00:00\",\"dateModified\":\"2025-07-24T13:49:07+00:00\",\"description\":\"Petals of Love propose une paire de mitaines l\u00e9g\u00e8res et po\u00e9tiques, tricot\u00e9es avec un fil fingering et de la soie pour une touche a\u00e9rienne et raffin\u00e9e.\",\"breadcrumb\":{\"@id\":\"https:\\\/\\\/www.christallk.com\\\/product\\\/petals-of-love\\\/#breadcrumb\"},\"inLanguage\":\"en-US\",\"potentialAction\":[{\"@type\":\"ReadAction\",\"target\":[\"https:\\\/\\\/www.christallk.com\\\/product\\\/petals-of-love\\\/\"]}]},{\"@type\":\"ImageObject\",\"inLanguage\":\"en-US\",\"@id\":\"https:\\\/\\\/www.christallk.com\\\/product\\\/petals-of-love\\\/#primaryimage\",\"url\":\"https:\\\/\\\/www.christallk.com\\\/wp-content\\\/uploads\\\/2024\\\/12\\\/petals-of-love-9.jpg\",\"contentUrl\":\"https:\\\/\\\/www.christallk.com\\\/wp-content\\\/uploads\\\/2024\\\/12\\\/petals-of-love-9.jpg\",\"width\":1726,\"height\":2048},{\"@type\":\"BreadcrumbList\",\"@id\":\"https:\\\/\\\/www.christallk.com\\\/product\\\/petals-of-love\\\/#breadcrumb\",\"itemListElement\":[{\"@type\":\"ListItem\",\"position\":1,\"name\":\"Home\",\"item\":\"https:\\\/\\\/www.christallk.com\\\/\"},{\"@type\":\"ListItem\",\"position\":2,\"name\":\"Boutique\",\"item\":\"https:\\\/\\\/www.christallk.com\\\/language\\\/fr\\\/shop\\\/\"},{\"@type\":\"ListItem\",\"position\":3,\"name\":\"Petals of Love\"}]},{\"@type\":\"WebSite\",\"@id\":\"https:\\\/\\\/www.christallk.com\\\/#website\",\"url\":\"https:\\\/\\\/www.christallk.com\\\/\",\"name\":\"ChristalLK\",\"description\":\"ChristalLK Website\",\"publisher\":{\"@id\":\"https:\\\/\\\/www.christallk.com\\\/#organization\"},\"potentialAction\":[{\"@type\":\"SearchAction\",\"target\":{\"@type\":\"EntryPoint\",\"urlTemplate\":\"https:\\\/\\\/www.christallk.com\\\/?s={search_term_string}\"},\"query-input\":{\"@type\":\"PropertyValueSpecification\",\"valueRequired\":true,\"valueName\":\"search_term_string\"}}],\"inLanguage\":\"en-US\"},{\"@type\":\"Organization\",\"@id\":\"https:\\\/\\\/www.christallk.com\\\/#organization\",\"name\":\"ChristalLK\",\"url\":\"https:\\\/\\\/www.christallk.com\\\/\",\"logo\":{\"@type\":\"ImageObject\",\"inLanguage\":\"en-US\",\"@id\":\"https:\\\/\\\/www.christallk.com\\\/#\\\/schema\\\/logo\\\/image\\\/\",\"url\":\"https:\\\/\\\/i2.wp.com\\\/www.christallk.com\\\/wp-content\\\/uploads\\\/2020\\\/05\\\/canvas_logo_clk.png?fit=650%2C600\",\"contentUrl\":\"https:\\\/\\\/i2.wp.com\\\/www.christallk.com\\\/wp-content\\\/uploads\\\/2020\\\/05\\\/canvas_logo_clk.png?fit=650%2C600\",\"width\":650,\"height\":600,\"caption\":\"ChristalLK\"},\"image\":{\"@id\":\"https:\\\/\\\/www.christallk.com\\\/#\\\/schema\\\/logo\\\/image\\\/\"},\"sameAs\":[\"https:\\\/\\\/www.facebook.com\\\/ChristalLittleK\\\/\",\"https:\\\/\\\/www.instagram.com\\\/christallittlek\\\/\",\"https:\\\/\\\/www.pinterest.com\\\/christallk1637\\\/\",\"https:\\\/\\\/www.youtube.com\\\/channel\\\/UCk8kNDAInlkf2fCr6pU-_oA?view_as=subscriber\"]}]}<\/script>\n<!-- \/ Yoast SEO plugin. -->","yoast_head_json":{"title":"Petals of Love - ChristalLK","description":"Petals of Love propose une paire de mitaines l\u00e9g\u00e8res et po\u00e9tiques, tricot\u00e9es avec un fil fingering et de la soie pour une touche a\u00e9rienne et raffin\u00e9e.","robots":{"index":"index","follow":"follow","max-snippet":"max-snippet:-1","max-image-preview":"max-image-preview:large","max-video-preview":"max-video-preview:-1"},"canonical":"https:\/\/www.christallk.com\/en\/product\/petals-of-love\/","og_locale":"en_US","og_type":"article","og_title":"Petals of Love - ChristalLK","og_description":"Petals of Love propose une paire de mitaines l\u00e9g\u00e8res et po\u00e9tiques, tricot\u00e9es avec un fil fingering et de la soie pour une touche a\u00e9rienne et raffin\u00e9e.","og_url":"https:\/\/www.christallk.com\/en\/product\/petals-of-love\/","og_site_name":"ChristalLK","article_publisher":"https:\/\/www.facebook.com\/ChristalLittleK\/","article_modified_time":"2025-07-24T13:49:07+00:00","og_image":[{"width":863,"height":1024,"url":"https:\/\/www.christallk.com\/wp-content\/uploads\/2024\/12\/petals-of-love-9-863x1024.jpg","type":"image\/jpeg"}],"twitter_card":"summary_large_image","twitter_misc":{"Est. reading time":"2 minutes"},"schema":{"@context":"https:\/\/schema.org","@graph":[{"@type":"WebPage","@id":"https:\/\/www.christallk.com\/product\/petals-of-love\/","url":"https:\/\/www.christallk.com\/product\/petals-of-love\/","name":"Petals of Love - ChristalLK","isPartOf":{"@id":"https:\/\/www.christallk.com\/#website"},"primaryImageOfPage":{"@id":"https:\/\/www.christallk.com\/product\/petals-of-love\/#primaryimage"},"image":{"@id":"https:\/\/www.christallk.com\/product\/petals-of-love\/#primaryimage"},"thumbnailUrl":"https:\/\/www.christallk.com\/wp-content\/uploads\/2024\/12\/petals-of-love-9.jpg","datePublished":"2025-02-21T10:39:24+00:00","dateModified":"2025-07-24T13:49:07+00:00","description":"Petals of Love propose une paire de mitaines l\u00e9g\u00e8res et po\u00e9tiques, tricot\u00e9es avec un fil fingering et de la soie pour une touche a\u00e9rienne et raffin\u00e9e.","breadcrumb":{"@id":"https:\/\/www.christallk.com\/product\/petals-of-love\/#breadcrumb"},"inLanguage":"en-US","potentialAction":[{"@type":"ReadAction","target":["https:\/\/www.christallk.com\/product\/petals-of-love\/"]}]},{"@type":"ImageObject","inLanguage":"en-US","@id":"https:\/\/www.christallk.com\/product\/petals-of-love\/#primaryimage","url":"https:\/\/www.christallk.com\/wp-content\/uploads\/2024\/12\/petals-of-love-9.jpg","contentUrl":"https:\/\/www.christallk.com\/wp-content\/uploads\/2024\/12\/petals-of-love-9.jpg","width":1726,"height":2048},{"@type":"BreadcrumbList","@id":"https:\/\/www.christallk.com\/product\/petals-of-love\/#breadcrumb","itemListElement":[{"@type":"ListItem","position":1,"name":"Home","item":"https:\/\/www.christallk.com\/"},{"@type":"ListItem","position":2,"name":"Boutique","item":"https:\/\/www.christallk.com\/language\/fr\/shop\/"},{"@type":"ListItem","position":3,"name":"Petals of Love"}]},{"@type":"WebSite","@id":"https:\/\/www.christallk.com\/#website","url":"https:\/\/www.christallk.com\/","name":"ChristalLK","description":"ChristalLK Website","publisher":{"@id":"https:\/\/www.christallk.com\/#organization"},"potentialAction":[{"@type":"SearchAction","target":{"@type":"EntryPoint","urlTemplate":"https:\/\/www.christallk.com\/?s={search_term_string}"},"query-input":{"@type":"PropertyValueSpecification","valueRequired":true,"valueName":"search_term_string"}}],"inLanguage":"en-US"},{"@type":"Organization","@id":"https:\/\/www.christallk.com\/#organization","name":"ChristalLK","url":"https:\/\/www.christallk.com\/","logo":{"@type":"ImageObject","inLanguage":"en-US","@id":"https:\/\/www.christallk.com\/#\/schema\/logo\/image\/","url":"https:\/\/i2.wp.com\/www.christallk.com\/wp-content\/uploads\/2020\/05\/canvas_logo_clk.png?fit=650%2C600","contentUrl":"https:\/\/i2.wp.com\/www.christallk.com\/wp-content\/uploads\/2020\/05\/canvas_logo_clk.png?fit=650%2C600","width":650,"height":600,"caption":"ChristalLK"},"image":{"@id":"https:\/\/www.christallk.com\/#\/schema\/logo\/image\/"},"sameAs":["https:\/\/www.facebook.com\/ChristalLittleK\/","https:\/\/www.instagram.com\/christallittlek\/","https:\/\/www.pinterest.com\/christallk1637\/","https:\/\/www.youtube.com\/channel\/UCk8kNDAInlkf2fCr6pU-_oA?view_as=subscriber"]}]}},"jetpack_publicize_connections":[],"jetpack_likes_enabled":true,"jetpack-related-posts":[{"id":7035,"url":"https:\/\/www.christallk.com\/en\/product\/kits-petalsoflove\/","url_meta":{"origin":7212,"position":0},"title":"Petals of Love Kits","author":"Christelle","date":"December 27, 2024","format":false,"excerpt":"Au vu du succ\u00e8s de la Box Saint Valentin, nous vous proposons des kits comprenant patron et fil, tout pour tricoter cette paire de mitaines La TVA et les frais de livraison sont calcul\u00e9s \u00e0 la validation du panier. Patron pdf t\u00e9l\u00e9chargeable : une fois la commande valid\u00e9e, un lien\u2026","rel":"","context":"Similar post","block_context":{"text":"Similar post","link":""},"img":{"alt_text":"","src":"https:\/\/i0.wp.com\/www.christallk.com\/wp-content\/uploads\/2024\/12\/Sans-titre.jpg?resize=350%2C200&ssl=1","width":350,"height":200,"srcset":"https:\/\/i0.wp.com\/www.christallk.com\/wp-content\/uploads\/2024\/12\/Sans-titre.jpg?resize=350%2C200&ssl=1 1x, https:\/\/i0.wp.com\/www.christallk.com\/wp-content\/uploads\/2024\/12\/Sans-titre.jpg?resize=525%2C300&ssl=1 1.5x, https:\/\/i0.wp.com\/www.christallk.com\/wp-content\/uploads\/2024\/12\/Sans-titre.jpg?resize=700%2C400&ssl=1 2x, https:\/\/i0.wp.com\/www.christallk.com\/wp-content\/uploads\/2024\/12\/Sans-titre.jpg?resize=1050%2C600&ssl=1 3x"},"classes":[]},{"id":3665,"url":"https:\/\/www.christallk.com\/en\/product\/blood-trillium-mittens-copie\/","url_meta":{"origin":7212,"position":1},"title":"BLOOD TRILLIUM SET","author":"Christelle","date":"May 22, 2021","format":false,"excerpt":"Blood Trillium Set is a lovely set consisting of a hat and pretty mittens decorated with bobbles and a leaf pattern reminiscent of the red trillium that blooms in the woods of North America. The hat and mitten patterns are also available for sale separately. Patterns\u2026","rel":"","context":"Similar post","block_context":{"text":"Similar post","link":""},"img":{"alt_text":"","src":"https:\/\/i0.wp.com\/www.christallk.com\/wp-content\/uploads\/2021\/05\/Blood-Trillium-Hat-and-Mittens-cover.jpg?resize=350%2C200&ssl=1","width":350,"height":200,"srcset":"https:\/\/i0.wp.com\/www.christallk.com\/wp-content\/uploads\/2021\/05\/Blood-Trillium-Hat-and-Mittens-cover.jpg?resize=350%2C200&ssl=1 1x, https:\/\/i0.wp.com\/www.christallk.com\/wp-content\/uploads\/2021\/05\/Blood-Trillium-Hat-and-Mittens-cover.jpg?resize=525%2C300&ssl=1 1.5x, https:\/\/i0.wp.com\/www.christallk.com\/wp-content\/uploads\/2021\/05\/Blood-Trillium-Hat-and-Mittens-cover.jpg?resize=700%2C400&ssl=1 2x, https:\/\/i0.wp.com\/www.christallk.com\/wp-content\/uploads\/2021\/05\/Blood-Trillium-Hat-and-Mittens-cover.jpg?resize=1050%2C600&ssl=1 3x"},"classes":[]},{"id":3944,"url":"https:\/\/www.christallk.com\/en\/product\/the-phoenix\/","url_meta":{"origin":7212,"position":2},"title":"THE PHOENIX","author":"Christelle","date":"June 23, 2021","format":false,"excerpt":"The Phoenix is a lovely pair of jacquard mittens from the Magical Creatures collection. The story of the Magical Creatures collection is here. Downloadable PDF pattern: Once your order is confirmed, a download link is available on the order page. Remember to download it because\u2026","rel":"","context":"Similar post","block_context":{"text":"Similar post","link":""},"img":{"alt_text":"","src":"https:\/\/i0.wp.com\/www.christallk.com\/wp-content\/uploads\/2021\/06\/IMG_7262-2.jpg?resize=350%2C200&ssl=1","width":350,"height":200,"srcset":"https:\/\/i0.wp.com\/www.christallk.com\/wp-content\/uploads\/2021\/06\/IMG_7262-2.jpg?resize=350%2C200&ssl=1 1x, https:\/\/i0.wp.com\/www.christallk.com\/wp-content\/uploads\/2021\/06\/IMG_7262-2.jpg?resize=525%2C300&ssl=1 1.5x, https:\/\/i0.wp.com\/www.christallk.com\/wp-content\/uploads\/2021\/06\/IMG_7262-2.jpg?resize=700%2C400&ssl=1 2x"},"classes":[]},{"id":3924,"url":"https:\/\/www.christallk.com\/en\/product\/the-wolf\/","url_meta":{"origin":7212,"position":3},"title":"THE WOLF","author":"Christelle","date":"June 23, 2021","format":false,"excerpt":"The Wolf is a lovely pair of jacquard mittens from the Magical Creatures collection. The story of the Magical Creatures collection is here. Downloadable PDF pattern: Once your order is confirmed, a download link is available on the order page. Remember to download it because\u2026","rel":"","context":"Similar post","block_context":{"text":"Similar post","link":""},"img":{"alt_text":"","src":"https:\/\/i0.wp.com\/www.christallk.com\/wp-content\/uploads\/2021\/06\/20200206_152845-01_pt.jpeg?resize=350%2C200&ssl=1","width":350,"height":200,"srcset":"https:\/\/i0.wp.com\/www.christallk.com\/wp-content\/uploads\/2021\/06\/20200206_152845-01_pt.jpeg?resize=350%2C200&ssl=1 1x, https:\/\/i0.wp.com\/www.christallk.com\/wp-content\/uploads\/2021\/06\/20200206_152845-01_pt.jpeg?resize=525%2C300&ssl=1 1.5x, https:\/\/i0.wp.com\/www.christallk.com\/wp-content\/uploads\/2021\/06\/20200206_152845-01_pt.jpeg?resize=700%2C400&ssl=1 2x"},"classes":[]},{"id":3937,"url":"https:\/\/www.christallk.com\/en\/product\/the-snow-owl\/","url_meta":{"origin":7212,"position":4},"title":"THE SNOW OWL","author":"Christelle","date":"June 23, 2021","format":false,"excerpt":"The Snow Owl is a lovely pair of jacquard mittens from the Magical Creatures collection. The story of the Magical Creatures collection is here. Downloadable PDF pattern: Once your order is confirmed, a download link is available on the order page. Remember to download it...","rel":"","context":"Similar post","block_context":{"text":"Similar post","link":""},"img":{"alt_text":"","src":"https:\/\/i0.wp.com\/www.christallk.com\/wp-content\/uploads\/2021\/06\/IMG_7406-2.jpg?resize=350%2C200&ssl=1","width":350,"height":200,"srcset":"https:\/\/i0.wp.com\/www.christallk.com\/wp-content\/uploads\/2021\/06\/IMG_7406-2.jpg?resize=350%2C200&ssl=1 1x, https:\/\/i0.wp.com\/www.christallk.com\/wp-content\/uploads\/2021\/06\/IMG_7406-2.jpg?resize=525%2C300&ssl=1 1.5x, https:\/\/i0.wp.com\/www.christallk.com\/wp-content\/uploads\/2021\/06\/IMG_7406-2.jpg?resize=700%2C400&ssl=1 2x"},"classes":[]},{"id":3917,"url":"https:\/\/www.christallk.com\/en\/product\/the-deer\/","url_meta":{"origin":7212,"position":5},"title":"THE DEER","author":"Christelle","date":"June 23, 2021","format":false,"excerpt":"The Deer is a lovely pair of jacquard mittens from the Magical Creatures collection. The story of the Magical Creatures collection is here. Downloadable PDF pattern: Once your order is confirmed, a download link is available on the order page. Remember to download it because\u2026","rel":"","context":"Similar post","block_context":{"text":"Similar post","link":""},"img":{"alt_text":"","src":"https:\/\/i0.wp.com\/www.christallk.com\/wp-content\/uploads\/2021\/06\/IMG_6585-2.jpg?resize=350%2C200&ssl=1","width":350,"height":200,"srcset":"https:\/\/i0.wp.com\/www.christallk.com\/wp-content\/uploads\/2021\/06\/IMG_6585-2.jpg?resize=350%2C200&ssl=1 1x, https:\/\/i0.wp.com\/www.christallk.com\/wp-content\/uploads\/2021\/06\/IMG_6585-2.jpg?resize=525%2C300&ssl=1 1.5x, https:\/\/i0.wp.com\/www.christallk.com\/wp-content\/uploads\/2021\/06\/IMG_6585-2.jpg?resize=700%2C400&ssl=1 2x"},"classes":[]}],"jetpack_sharing_enabled":true,"_links":{"self":[{"href":"https:\/\/www.christallk.com\/en\/wp-json\/wp\/v2\/product\/7212","targetHints":{"allow":["GET"]}}],"collection":[{"href":"https:\/\/www.christallk.com\/en\/wp-json\/wp\/v2\/product"}],"about":[{"href":"https:\/\/www.christallk.com\/en\/wp-json\/wp\/v2\/types\/product"}],"replies":[{"embeddable":true,"href":"https:\/\/www.christallk.com\/en\/wp-json\/wp\/v2\/comments?post=7212"}],"wp:featuredmedia":[{"embeddable":true,"href":"https:\/\/www.christallk.com\/en\/wp-json\/wp\/v2\/media\/7214"}],"wp:attachment":[{"href":"https:\/\/www.christallk.com\/en\/wp-json\/wp\/v2\/media?parent=7212"}],"wp:term":[{"taxonomy":"product_brand","embeddable":true,"href":"https:\/\/www.christallk.com\/en\/wp-json\/wp\/v2\/product_brand?post=7212"},{"taxonomy":"product_cat","embeddable":true,"href":"https:\/\/www.christallk.com\/en\/wp-json\/wp\/v2\/product_cat?post=7212"},{"taxonomy":"product_tag","embeddable":true,"href":"https:\/\/www.christallk.com\/en\/wp-json\/wp\/v2\/product_tag?post=7212"}],"curies":[{"name":"wp","href":"https:\/\/api.w.org\/{rel}","templated":true}]}}