{"id":7338,"date":"2025-04-04T14:17:02","date_gmt":"2025-04-04T12:17:02","guid":{"rendered":"https:\/\/www.christallk.com\/?post_type=product&#038;p=7338"},"modified":"2026-03-01T11:17:18","modified_gmt":"2026-03-01T10:17:18","slug":"constantine","status":"publish","type":"product","link":"https:\/\/www.christallk.com\/en\/product\/constantine\/","title":{"rendered":"Constantine&#039;s Dream Kits"},"content":{"rendered":"<div>\n<p class=\"_ap3a _aaco _aacu _aacx _aad7 _aade\" dir=\"auto\">When Enrico from Tricoteurs Volants asked me if one of my testers would be tempted by this pattern, I replied without hesitation: ME!<\/p>\n<p>So here is my version of the sublime Constantine&#039;s Dream \u2728<br \/>\nI wanted a strong contrast and to highlight one of my new colors... Result: Purple and Diva, a combo that rocks!<\/p>\n<p>We also had a lot of fun doing the shooting \ud83d\udcf8<br \/>\nI wanted to add a little vibe from the movie Constantine with Keanu Reeves, because that&#039;s what the name immediately brings to mind. Mysterious atmosphere guaranteed \ud83d\udd25\ud83d\udda4<\/p>\n<p>The pattern can be found on Ravelry here: <a href=\"https:\/\/www.ravelry.com\/patterns\/library\/constantines-dream\">https:\/\/www.ravelry.com\/patterns\/library\/constantines-dream<\/a><\/p>\n<p>And you will find everything you need to knit it here<\/p>\n<p>Enjoy!<\/p>\n<p><strong>What&#039;s in the kit:<\/strong><\/p>\n<p>\u2013 2 skeins of Peregrine, either in combination with a variegated yarn or in two solids.<\/p>\n<p>Set 1: Pourpre and Diva (the version shown here)<br \/>\nSet 2: Vela and Ivoire (Enrico's Varied Version)<br \/>\nSet 3: Mousse and Douglas<br \/>\nSet 4: Magellan and Abyss<br \/>\nSet 5: Smokey and Perle<br \/>\nSet 6: Custom Solid (two solid colors) (add a comment in your order for color choice)<\/p>\n<\/div>","protected":false},"excerpt":{"rendered":"<p>So here is my version of the sublime Constantine&#039;s Dream by Enrico Castronovo \u2728 and here are the kits to reproduce it identically! Enjoy!<\/p>\n<p><em>VAT and delivery costs are calculated when the shopping cart is validated.<\/em><\/p>\n<p>The pattern can be purchased on Ravelry (link in description)<\/p>\n<p><em><span class=\"Cart__Taxes text--subdued\">\u00a0<\/span><\/em><\/p>\n<div id=\"ConnectiveDocSignExtentionInstalled\" data-extension-version=\"1.0.4\"><\/div>","protected":false},"featured_media":7343,"comment_status":"closed","ping_status":"closed","template":"","meta":{"jetpack_publicize_message":"","jetpack_publicize_feature_enabled":true,"jetpack_social_post_already_shared":false,"jetpack_social_options":{"image_generator_settings":{"template":"highway","default_image_id":0,"font":"","enabled":false},"version":2}},"product_brand":[],"product_cat":[354,316,317],"product_tag":[],"class_list":{"0":"post-7338","1":"product","2":"type-product","3":"status-publish","4":"has-post-thumbnail","6":"product_cat-kits","7":"product_cat-yarn-laine","8":"product_cat-peregrine","11":"first","12":"instock","13":"taxable","14":"shipping-taxable","15":"purchasable","16":"product-type-variable"},"yoast_head":"<!-- This site is optimized with the Yoast SEO plugin v27.5 - https:\/\/yoast.com\/product\/yoast-seo-wordpress\/ -->\n<title>Kits Constantine&#039;s Dream - ChristalLK<\/title>\n<meta name=\"description\" content=\"Voici donc ma version du sublime Constantine\u2019s Dream d&#039;Enrico Castronovo \u2728 et voici les kits pour le reproduire \u00e0 l&#039;identique ! Enjoy !\" \/>\n<meta name=\"robots\" content=\"index, follow, max-snippet:-1, max-image-preview:large, max-video-preview:-1\" \/>\n<link rel=\"canonical\" href=\"https:\/\/www.christallk.com\/en\/product\/constantine\/\" \/>\n<meta property=\"og:locale\" content=\"en_US\" \/>\n<meta property=\"og:type\" content=\"article\" \/>\n<meta property=\"og:title\" content=\"Kits Constantine&#039;s Dream - ChristalLK\" \/>\n<meta property=\"og:description\" content=\"Voici donc ma version du sublime Constantine\u2019s Dream d&#039;Enrico Castronovo \u2728 et voici les kits pour le reproduire \u00e0 l&#039;identique ! Enjoy !\" \/>\n<meta property=\"og:url\" content=\"https:\/\/www.christallk.com\/en\/product\/constantine\/\" \/>\n<meta property=\"og:site_name\" content=\"ChristalLK\" \/>\n<meta property=\"article:publisher\" content=\"https:\/\/www.facebook.com\/ChristalLittleK\/\" \/>\n<meta property=\"article:modified_time\" content=\"2026-03-01T10:17:18+00:00\" \/>\n<meta property=\"og:image\" content=\"https:\/\/www.christallk.com\/wp-content\/uploads\/2025\/04\/IMG_1252-2.jpg\" \/>\n\t<meta property=\"og:image:width\" content=\"1365\" \/>\n\t<meta property=\"og:image:height\" content=\"2048\" \/>\n\t<meta property=\"og:image:type\" content=\"image\/jpeg\" \/>\n<meta name=\"twitter:card\" content=\"summary_large_image\" \/>\n<meta name=\"twitter:label1\" content=\"Est. reading time\" \/>\n\t<meta name=\"twitter:data1\" content=\"2 minutes\" \/>\n<script type=\"application\/ld+json\" class=\"yoast-schema-graph\">{\"@context\":\"https:\\\/\\\/schema.org\",\"@graph\":[{\"@type\":\"WebPage\",\"@id\":\"https:\\\/\\\/www.christallk.com\\\/product\\\/constantine\\\/\",\"url\":\"https:\\\/\\\/www.christallk.com\\\/product\\\/constantine\\\/\",\"name\":\"Kits Constantine's Dream - ChristalLK\",\"isPartOf\":{\"@id\":\"https:\\\/\\\/www.christallk.com\\\/#website\"},\"primaryImageOfPage\":{\"@id\":\"https:\\\/\\\/www.christallk.com\\\/product\\\/constantine\\\/#primaryimage\"},\"image\":{\"@id\":\"https:\\\/\\\/www.christallk.com\\\/product\\\/constantine\\\/#primaryimage\"},\"thumbnailUrl\":\"https:\\\/\\\/www.christallk.com\\\/wp-content\\\/uploads\\\/2025\\\/04\\\/IMG_1252-2.jpg\",\"datePublished\":\"2025-04-04T12:17:02+00:00\",\"dateModified\":\"2026-03-01T10:17:18+00:00\",\"description\":\"Voici donc ma version du sublime Constantine\u2019s Dream d'Enrico Castronovo \u2728 et voici les kits pour le reproduire \u00e0 l'identique ! Enjoy !\",\"breadcrumb\":{\"@id\":\"https:\\\/\\\/www.christallk.com\\\/product\\\/constantine\\\/#breadcrumb\"},\"inLanguage\":\"en-US\",\"potentialAction\":[{\"@type\":\"ReadAction\",\"target\":[\"https:\\\/\\\/www.christallk.com\\\/product\\\/constantine\\\/\"]}]},{\"@type\":\"ImageObject\",\"inLanguage\":\"en-US\",\"@id\":\"https:\\\/\\\/www.christallk.com\\\/product\\\/constantine\\\/#primaryimage\",\"url\":\"https:\\\/\\\/www.christallk.com\\\/wp-content\\\/uploads\\\/2025\\\/04\\\/IMG_1252-2.jpg\",\"contentUrl\":\"https:\\\/\\\/www.christallk.com\\\/wp-content\\\/uploads\\\/2025\\\/04\\\/IMG_1252-2.jpg\",\"width\":1365,\"height\":2048},{\"@type\":\"BreadcrumbList\",\"@id\":\"https:\\\/\\\/www.christallk.com\\\/product\\\/constantine\\\/#breadcrumb\",\"itemListElement\":[{\"@type\":\"ListItem\",\"position\":1,\"name\":\"Home\",\"item\":\"https:\\\/\\\/www.christallk.com\\\/\"},{\"@type\":\"ListItem\",\"position\":2,\"name\":\"Boutique\",\"item\":\"https:\\\/\\\/www.christallk.com\\\/language\\\/fr\\\/shop\\\/\"},{\"@type\":\"ListItem\",\"position\":3,\"name\":\"Kits Constantine&rsquo;s Dream\"}]},{\"@type\":\"WebSite\",\"@id\":\"https:\\\/\\\/www.christallk.com\\\/#website\",\"url\":\"https:\\\/\\\/www.christallk.com\\\/\",\"name\":\"ChristalLK\",\"description\":\"ChristalLK Website\",\"publisher\":{\"@id\":\"https:\\\/\\\/www.christallk.com\\\/#organization\"},\"potentialAction\":[{\"@type\":\"SearchAction\",\"target\":{\"@type\":\"EntryPoint\",\"urlTemplate\":\"https:\\\/\\\/www.christallk.com\\\/?s={search_term_string}\"},\"query-input\":{\"@type\":\"PropertyValueSpecification\",\"valueRequired\":true,\"valueName\":\"search_term_string\"}}],\"inLanguage\":\"en-US\"},{\"@type\":\"Organization\",\"@id\":\"https:\\\/\\\/www.christallk.com\\\/#organization\",\"name\":\"ChristalLK\",\"url\":\"https:\\\/\\\/www.christallk.com\\\/\",\"logo\":{\"@type\":\"ImageObject\",\"inLanguage\":\"en-US\",\"@id\":\"https:\\\/\\\/www.christallk.com\\\/#\\\/schema\\\/logo\\\/image\\\/\",\"url\":\"https:\\\/\\\/i2.wp.com\\\/www.christallk.com\\\/wp-content\\\/uploads\\\/2020\\\/05\\\/canvas_logo_clk.png?fit=650%2C600\",\"contentUrl\":\"https:\\\/\\\/i2.wp.com\\\/www.christallk.com\\\/wp-content\\\/uploads\\\/2020\\\/05\\\/canvas_logo_clk.png?fit=650%2C600\",\"width\":650,\"height\":600,\"caption\":\"ChristalLK\"},\"image\":{\"@id\":\"https:\\\/\\\/www.christallk.com\\\/#\\\/schema\\\/logo\\\/image\\\/\"},\"sameAs\":[\"https:\\\/\\\/www.facebook.com\\\/ChristalLittleK\\\/\",\"https:\\\/\\\/www.instagram.com\\\/christallittlek\\\/\",\"https:\\\/\\\/www.pinterest.com\\\/christallk1637\\\/\",\"https:\\\/\\\/www.youtube.com\\\/channel\\\/UCk8kNDAInlkf2fCr6pU-_oA?view_as=subscriber\"]}]}<\/script>\n<!-- \/ Yoast SEO plugin. -->","yoast_head_json":{"title":"Kits Constantine's Dream - ChristalLK","description":"So here is my version of the sublime Constantine&#039;s Dream by Enrico Castronovo \u2728 and here are the kits to reproduce it identically! Enjoy!","robots":{"index":"index","follow":"follow","max-snippet":"max-snippet:-1","max-image-preview":"max-image-preview:large","max-video-preview":"max-video-preview:-1"},"canonical":"https:\/\/www.christallk.com\/en\/product\/constantine\/","og_locale":"en_US","og_type":"article","og_title":"Kits Constantine's Dream - ChristalLK","og_description":"Voici donc ma version du sublime Constantine\u2019s Dream d'Enrico Castronovo \u2728 et voici les kits pour le reproduire \u00e0 l'identique ! Enjoy !","og_url":"https:\/\/www.christallk.com\/en\/product\/constantine\/","og_site_name":"ChristalLK","article_publisher":"https:\/\/www.facebook.com\/ChristalLittleK\/","article_modified_time":"2026-03-01T10:17:18+00:00","og_image":[{"width":1365,"height":2048,"url":"https:\/\/www.christallk.com\/wp-content\/uploads\/2025\/04\/IMG_1252-2.jpg","type":"image\/jpeg"}],"twitter_card":"summary_large_image","twitter_misc":{"Est. reading time":"2 minutes"},"schema":{"@context":"https:\/\/schema.org","@graph":[{"@type":"WebPage","@id":"https:\/\/www.christallk.com\/product\/constantine\/","url":"https:\/\/www.christallk.com\/product\/constantine\/","name":"Kits Constantine's Dream - ChristalLK","isPartOf":{"@id":"https:\/\/www.christallk.com\/#website"},"primaryImageOfPage":{"@id":"https:\/\/www.christallk.com\/product\/constantine\/#primaryimage"},"image":{"@id":"https:\/\/www.christallk.com\/product\/constantine\/#primaryimage"},"thumbnailUrl":"https:\/\/www.christallk.com\/wp-content\/uploads\/2025\/04\/IMG_1252-2.jpg","datePublished":"2025-04-04T12:17:02+00:00","dateModified":"2026-03-01T10:17:18+00:00","description":"So here is my version of the sublime Constantine&#039;s Dream by Enrico Castronovo \u2728 and here are the kits to reproduce it identically! Enjoy!","breadcrumb":{"@id":"https:\/\/www.christallk.com\/product\/constantine\/#breadcrumb"},"inLanguage":"en-US","potentialAction":[{"@type":"ReadAction","target":["https:\/\/www.christallk.com\/product\/constantine\/"]}]},{"@type":"ImageObject","inLanguage":"en-US","@id":"https:\/\/www.christallk.com\/product\/constantine\/#primaryimage","url":"https:\/\/www.christallk.com\/wp-content\/uploads\/2025\/04\/IMG_1252-2.jpg","contentUrl":"https:\/\/www.christallk.com\/wp-content\/uploads\/2025\/04\/IMG_1252-2.jpg","width":1365,"height":2048},{"@type":"BreadcrumbList","@id":"https:\/\/www.christallk.com\/product\/constantine\/#breadcrumb","itemListElement":[{"@type":"ListItem","position":1,"name":"Home","item":"https:\/\/www.christallk.com\/"},{"@type":"ListItem","position":2,"name":"Boutique","item":"https:\/\/www.christallk.com\/language\/fr\/shop\/"},{"@type":"ListItem","position":3,"name":"Kits Constantine&rsquo;s Dream"}]},{"@type":"WebSite","@id":"https:\/\/www.christallk.com\/#website","url":"https:\/\/www.christallk.com\/","name":"ChristalLK","description":"ChristalLK Website","publisher":{"@id":"https:\/\/www.christallk.com\/#organization"},"potentialAction":[{"@type":"SearchAction","target":{"@type":"EntryPoint","urlTemplate":"https:\/\/www.christallk.com\/?s={search_term_string}"},"query-input":{"@type":"PropertyValueSpecification","valueRequired":true,"valueName":"search_term_string"}}],"inLanguage":"en-US"},{"@type":"Organization","@id":"https:\/\/www.christallk.com\/#organization","name":"ChristalLK","url":"https:\/\/www.christallk.com\/","logo":{"@type":"ImageObject","inLanguage":"en-US","@id":"https:\/\/www.christallk.com\/#\/schema\/logo\/image\/","url":"https:\/\/i2.wp.com\/www.christallk.com\/wp-content\/uploads\/2020\/05\/canvas_logo_clk.png?fit=650%2C600","contentUrl":"https:\/\/i2.wp.com\/www.christallk.com\/wp-content\/uploads\/2020\/05\/canvas_logo_clk.png?fit=650%2C600","width":650,"height":600,"caption":"ChristalLK"},"image":{"@id":"https:\/\/www.christallk.com\/#\/schema\/logo\/image\/"},"sameAs":["https:\/\/www.facebook.com\/ChristalLittleK\/","https:\/\/www.instagram.com\/christallittlek\/","https:\/\/www.pinterest.com\/christallk1637\/","https:\/\/www.youtube.com\/channel\/UCk8kNDAInlkf2fCr6pU-_oA?view_as=subscriber"]}]}},"jetpack_publicize_connections":[],"jetpack_likes_enabled":true,"jetpack-related-posts":[{"id":8244,"url":"https:\/\/www.christallk.com\/en\/product\/kits-mkal-wintergrun\/","url_meta":{"origin":7338,"position":0},"title":"Kits MKAL Wintergr\u00fcn","author":"Christelle","date":"November 5, 2025","format":false,"excerpt":"Kits MKAL \u2013 Wintergr\u00fcn D\u00e9couvrer un myst\u00e8re \u00e0 tricoter au coeur de la for\u00eat d'Anlier avec le tout nouveau Mystery KAL de ChristalLK : Wintergr\u00fcn. Vous trouverez ici de quoi tricoter le MKAL, le patron est \u00e0 acheter s\u00e9par\u00e9ment ici : Wintergr\u00fcn La TVA et les frais de livraison sont\u2026","rel":"","context":"Similar post","block_context":{"text":"Similar post","link":""},"img":{"alt_text":"","src":"https:\/\/i0.wp.com\/www.christallk.com\/wp-content\/uploads\/2025\/11\/Box-tasse-26-x-30-cm-30-x-26-cm-Publication-Instagram-45.jpg?resize=350%2C200&ssl=1","width":350,"height":200,"srcset":"https:\/\/i0.wp.com\/www.christallk.com\/wp-content\/uploads\/2025\/11\/Box-tasse-26-x-30-cm-30-x-26-cm-Publication-Instagram-45.jpg?resize=350%2C200&ssl=1 1x, https:\/\/i0.wp.com\/www.christallk.com\/wp-content\/uploads\/2025\/11\/Box-tasse-26-x-30-cm-30-x-26-cm-Publication-Instagram-45.jpg?resize=525%2C300&ssl=1 1.5x, https:\/\/i0.wp.com\/www.christallk.com\/wp-content\/uploads\/2025\/11\/Box-tasse-26-x-30-cm-30-x-26-cm-Publication-Instagram-45.jpg?resize=700%2C400&ssl=1 2x, https:\/\/i0.wp.com\/www.christallk.com\/wp-content\/uploads\/2025\/11\/Box-tasse-26-x-30-cm-30-x-26-cm-Publication-Instagram-45.jpg?resize=1050%2C600&ssl=1 3x"},"classes":[]},{"id":5191,"url":"https:\/\/www.christallk.com\/en\/product\/winter-in-scotland-kits\/","url_meta":{"origin":7338,"position":1},"title":"Winter in Scotland Kits","author":"Christelle","date":"September 28, 2022","format":false,"excerpt":"Dans ce kit, vous trouverez tout le n\u00e9cessaire pour faire une paires de moufles Winter In Scotland. La TVA et les frais de livraison sont calcul\u00e9s \u00e0 la validation du panier. Vous trouverez aussi deux patrons pdf t\u00e9l\u00e9chargeables en anglais et en fran\u00e7ais : une fois la commande valid\u00e9e, un\u2026","rel":"","context":"Similar post","block_context":{"text":"Similar post","link":""},"img":{"alt_text":"","src":"https:\/\/i0.wp.com\/www.christallk.com\/wp-content\/uploads\/2022\/09\/20220928_113934-01-scaled.jpeg?resize=350%2C200&ssl=1","width":350,"height":200,"srcset":"https:\/\/i0.wp.com\/www.christallk.com\/wp-content\/uploads\/2022\/09\/20220928_113934-01-scaled.jpeg?resize=350%2C200&ssl=1 1x, https:\/\/i0.wp.com\/www.christallk.com\/wp-content\/uploads\/2022\/09\/20220928_113934-01-scaled.jpeg?resize=525%2C300&ssl=1 1.5x, https:\/\/i0.wp.com\/www.christallk.com\/wp-content\/uploads\/2022\/09\/20220928_113934-01-scaled.jpeg?resize=700%2C400&ssl=1 2x, https:\/\/i0.wp.com\/www.christallk.com\/wp-content\/uploads\/2022\/09\/20220928_113934-01-scaled.jpeg?resize=1050%2C600&ssl=1 3x, https:\/\/i0.wp.com\/www.christallk.com\/wp-content\/uploads\/2022\/09\/20220928_113934-01-scaled.jpeg?resize=1400%2C800&ssl=1 4x"},"classes":[]},{"id":5632,"url":"https:\/\/www.christallk.com\/en\/product\/le-pelerin-kits\/","url_meta":{"origin":7338,"position":2},"title":"Le P\u00e9lerin Kits","author":"Christelle","date":"March 16, 2023","format":false,"excerpt":"ATTENTION, LES QUANTIT\u00c9S DE KITS EN STOCK SONT LIMIT\u00c9ES. Dans ce kit, vous trouverez tout le n\u00e9cessaire pour faire le bonnet Le P\u00e9lerin. La TVA et les frais de livraison sont calcul\u00e9s \u00e0 la validation du panier. Vous trouverez aussi deux patrons pdf t\u00e9l\u00e9chargeables en anglais et en fran\u00e7ais :\u2026","rel":"","context":"Similar post","block_context":{"text":"Similar post","link":""},"img":{"alt_text":"","src":"https:\/\/i0.wp.com\/www.christallk.com\/wp-content\/uploads\/2023\/03\/20230220_114132-01-scaled.jpeg?resize=350%2C200&ssl=1","width":350,"height":200,"srcset":"https:\/\/i0.wp.com\/www.christallk.com\/wp-content\/uploads\/2023\/03\/20230220_114132-01-scaled.jpeg?resize=350%2C200&ssl=1 1x, https:\/\/i0.wp.com\/www.christallk.com\/wp-content\/uploads\/2023\/03\/20230220_114132-01-scaled.jpeg?resize=525%2C300&ssl=1 1.5x, https:\/\/i0.wp.com\/www.christallk.com\/wp-content\/uploads\/2023\/03\/20230220_114132-01-scaled.jpeg?resize=700%2C400&ssl=1 2x, https:\/\/i0.wp.com\/www.christallk.com\/wp-content\/uploads\/2023\/03\/20230220_114132-01-scaled.jpeg?resize=1050%2C600&ssl=1 3x, https:\/\/i0.wp.com\/www.christallk.com\/wp-content\/uploads\/2023\/03\/20230220_114132-01-scaled.jpeg?resize=1400%2C800&ssl=1 4x"},"classes":[]},{"id":7996,"url":"https:\/\/www.christallk.com\/en\/product\/wintergrun\/","url_meta":{"origin":7338,"position":3},"title":"Box de No\u00ebl \u2013 Wintergr\u00fcn","author":"Christelle","date":"August 22, 2025","format":false,"excerpt":"Box de No\u00ebl \u2013 Wintergr\u00fcn Plongez dans la magie des Ardennes avec Wintergr\u00fcn, ma box de No\u00ebl sp\u00e9cialement pens\u00e9e pour les amoureux\u00b7ses du tricot et des myst\u00e8res.Un coffret surprise rempli de douceur, de cr\u00e9ativit\u00e9 et d\u2019inspiration pour accompagner vos aiguilles tout au long des f\u00eates. La TVA et les frais\u2026","rel":"","context":"Similar post","block_context":{"text":"Similar post","link":""},"img":{"alt_text":"","src":"https:\/\/i0.wp.com\/www.christallk.com\/wp-content\/uploads\/2025\/08\/Sans-titre-Publication-Instagram-45.jpg?resize=350%2C200&ssl=1","width":350,"height":200,"srcset":"https:\/\/i0.wp.com\/www.christallk.com\/wp-content\/uploads\/2025\/08\/Sans-titre-Publication-Instagram-45.jpg?resize=350%2C200&ssl=1 1x, https:\/\/i0.wp.com\/www.christallk.com\/wp-content\/uploads\/2025\/08\/Sans-titre-Publication-Instagram-45.jpg?resize=525%2C300&ssl=1 1.5x, https:\/\/i0.wp.com\/www.christallk.com\/wp-content\/uploads\/2025\/08\/Sans-titre-Publication-Instagram-45.jpg?resize=700%2C400&ssl=1 2x, https:\/\/i0.wp.com\/www.christallk.com\/wp-content\/uploads\/2025\/08\/Sans-titre-Publication-Instagram-45.jpg?resize=1050%2C600&ssl=1 3x"},"classes":[]},{"id":5794,"url":"https:\/\/www.christallk.com\/en\/product\/boboli-bag-kit-deluxe\/","url_meta":{"origin":7338,"position":4},"title":"Boboli Bag Kits DeLuxe","author":"Christelle","date":"June 5, 2023","format":false,"excerpt":"This kit contains everything you need to make a Boboli bag. VAT and shipping are calculated at checkout. You&#039;ll also find two downloadable PDF patterns in English and French. Once your order is confirmed, a download link is available.","rel":"","context":"Similar post","block_context":{"text":"Similar post","link":""},"img":{"alt_text":"","src":"https:\/\/i0.wp.com\/www.christallk.com\/wp-content\/uploads\/2023\/06\/20230516_121327-scaled.jpg?resize=350%2C200&ssl=1","width":350,"height":200,"srcset":"https:\/\/i0.wp.com\/www.christallk.com\/wp-content\/uploads\/2023\/06\/20230516_121327-scaled.jpg?resize=350%2C200&ssl=1 1x, https:\/\/i0.wp.com\/www.christallk.com\/wp-content\/uploads\/2023\/06\/20230516_121327-scaled.jpg?resize=525%2C300&ssl=1 1.5x, https:\/\/i0.wp.com\/www.christallk.com\/wp-content\/uploads\/2023\/06\/20230516_121327-scaled.jpg?resize=700%2C400&ssl=1 2x, https:\/\/i0.wp.com\/www.christallk.com\/wp-content\/uploads\/2023\/06\/20230516_121327-scaled.jpg?resize=1050%2C600&ssl=1 3x, https:\/\/i0.wp.com\/www.christallk.com\/wp-content\/uploads\/2023\/06\/20230516_121327-scaled.jpg?resize=1400%2C800&ssl=1 4x"},"classes":[]},{"id":6850,"url":"https:\/\/www.christallk.com\/en\/product\/kit-otakou\/","url_meta":{"origin":7338,"position":5},"title":"Otakou Kit","author":"Christelle","date":"November 11, 2024","format":false,"excerpt":"Le magnifique ch\u00e2le imagin\u00e9 par Alice Hammer est d\u00e9sormais disponible en kit en ligne ! Le ch\u00e2le Otakou est un ch\u00e2le triangulaire qui se tricote en top-down depuis le milieu du grand c\u00f4t\u00e9. On commence par un montage garter tab, c\u2019est-\u00e0dire par une petite bande de point mousse qui permet\u2026","rel":"","context":"Similar post","block_context":{"text":"Similar post","link":""},"img":{"alt_text":"","src":"https:\/\/i0.wp.com\/www.christallk.com\/wp-content\/uploads\/2024\/11\/OTAKOU-WEB6.jpeg?resize=350%2C200&ssl=1","width":350,"height":200,"srcset":"https:\/\/i0.wp.com\/www.christallk.com\/wp-content\/uploads\/2024\/11\/OTAKOU-WEB6.jpeg?resize=350%2C200&ssl=1 1x, https:\/\/i0.wp.com\/www.christallk.com\/wp-content\/uploads\/2024\/11\/OTAKOU-WEB6.jpeg?resize=525%2C300&ssl=1 1.5x, https:\/\/i0.wp.com\/www.christallk.com\/wp-content\/uploads\/2024\/11\/OTAKOU-WEB6.jpeg?resize=700%2C400&ssl=1 2x"},"classes":[]}],"jetpack_sharing_enabled":true,"_links":{"self":[{"href":"https:\/\/www.christallk.com\/en\/wp-json\/wp\/v2\/product\/7338","targetHints":{"allow":["GET"]}}],"collection":[{"href":"https:\/\/www.christallk.com\/en\/wp-json\/wp\/v2\/product"}],"about":[{"href":"https:\/\/www.christallk.com\/en\/wp-json\/wp\/v2\/types\/product"}],"replies":[{"embeddable":true,"href":"https:\/\/www.christallk.com\/en\/wp-json\/wp\/v2\/comments?post=7338"}],"wp:featuredmedia":[{"embeddable":true,"href":"https:\/\/www.christallk.com\/en\/wp-json\/wp\/v2\/media\/7343"}],"wp:attachment":[{"href":"https:\/\/www.christallk.com\/en\/wp-json\/wp\/v2\/media?parent=7338"}],"wp:term":[{"taxonomy":"product_brand","embeddable":true,"href":"https:\/\/www.christallk.com\/en\/wp-json\/wp\/v2\/product_brand?post=7338"},{"taxonomy":"product_cat","embeddable":true,"href":"https:\/\/www.christallk.com\/en\/wp-json\/wp\/v2\/product_cat?post=7338"},{"taxonomy":"product_tag","embeddable":true,"href":"https:\/\/www.christallk.com\/en\/wp-json\/wp\/v2\/product_tag?post=7338"}],"curies":[{"name":"wp","href":"https:\/\/api.w.org\/{rel}","templated":true}]}}