{"id":7397,"date":"2025-06-13T08:30:51","date_gmt":"2025-06-13T06:30:51","guid":{"rendered":"https:\/\/www.christallk.com\/?post_type=product&#038;p=7397"},"modified":"2025-07-24T15:43:56","modified_gmt":"2025-07-24T13:43:56","slug":"caricia-top","status":"publish","type":"product","link":"https:\/\/www.christallk.com\/en\/product\/caricia-top\/","title":{"rendered":"Caricia Top"},"content":{"rendered":"<p><strong>Caricia Top <\/strong>est un top estival l\u00e9ger, tricot\u00e9 en coton boucl\u00e9, avec de d\u00e9licates manches papillon et une coupe fluide.<\/p>\n<p>Id\u00e9al pour les journ\u00e9es ensoleill\u00e9es, il allie confort, f\u00e9minit\u00e9 et simplicit\u00e9.<\/p>\n<h3>Laine<\/h3>\n<p>Vous aurez besoin d&rsquo;une laine fingering pour le tricoter.<\/p>\n<p>J&rsquo;ai utilis\u00e9 de la Vulcan Yarn Coton Boucl\u00e9 (100% coton) 500 m \/ \u00a0100\u202fg, en taille 6 avec une aisance de 10 cm.<br \/>\nIl vous faudra environ 700 [775, 885][950, 1100][1200,1350][1420, 1500, 1600] m ou 2 [2, 2][2, 3][3, 3][3, 4, 4] \u00e9cheveaux coloris Lime pour le tricoter.<\/p>\n<h3>Echantillon<\/h3>\n<p>22 mailles \/ 28 rangs en point jersey en rond pour 10 cm apr\u00e8s blocage avec les aig. 3,25 mm<\/p>\n<h3>Mat\u00e9riel<\/h3>\n<ul>\n<li>1 aig. circ. 2,75 mm de 80 cm de long pour le col<\/li>\n<li>1 aig. circ. 3,25 mm de 80 \u00e0 100 cm de long selon la taille<\/li>\n<li>5 aig. doubles pointes 3,25 mm pour les petites circonf\u00e9rences (manches) si n\u00e9c.<\/li>\n<li>1 aig. \u00e0 tapisserie<\/li>\n<li>10 marqueurs si n\u00e9c.<\/li>\n<\/ul>\n<h3>Mesures finales<\/h3>\n<p>84,5 (94,5 ; 105,5)(114,5 ; 125,5)(134,5 ; 145,5)(153, 161, 169) cm<\/p>\n<h3>Construction<\/h3>\n<p>Ce top est tricot\u00e9 en une seule pi\u00e8ce avec la m\u00e9thode contigue pour le col en V.<br \/>\nLe dos, le devant et les manches sont tricot\u00e9s ensemble avant de les s\u00e9parer au niveau des aisselles pour travailler le corps et pour ensuite ajouter les manches.<br \/>\nCe top se porte avec une aisance positive de 10 cm.<\/p>\n<h3>Niveau<\/h3>\n<p>2\/5<\/p>\n<h3>Techniques utilis\u00e9es<\/h3>\n<ul>\n<li><a href=\"https:\/\/www.christallk.com\/fr-be\/monter-des-mailles-en-cours-tricot\/\">Montage des mailles en cours de tricot<\/a><\/li>\n<li><a href=\"https:\/\/www.christallk.com\/fr-be\/rangs-raccourcis-allemande\/\">Rangs raccourcis \u00e0 l&rsquo;allemande<\/a><\/li>\n<li><a href=\"http:\/\/youtu.be\/kFVxDTU-IIM\">Rabat en I Cord<\/a><\/li>\n<\/ul>\n","protected":false},"excerpt":{"rendered":"<p><strong>Caricia Top <\/strong>is a lightweight summer top, knitted in boucl\u00e9 cotton, with delicate butterfly sleeves and a flowing cut.<\/p>\n<p>Ideal for sunny days, it combines comfort, femininity and simplicity.<\/p>\n<p>Downloadable <strong>pdf pattern<\/strong> : once the order is validated, a download link is available on the order page. <strong>Remember to download it because the link is temporary.<\/strong><\/p>\n<p><em>VAT is calculated when the shopping cart is validated.<\/em><\/p>\n<div id=\"ConnectiveDocSignExtentionInstalled\" data-extension-version=\"1.0.4\"><\/div>","protected":false},"featured_media":7402,"comment_status":"closed","ping_status":"closed","template":"","meta":{"jetpack_publicize_message":"","jetpack_publicize_feature_enabled":true,"jetpack_social_post_already_shared":true,"jetpack_social_options":{"image_generator_settings":{"template":"highway","default_image_id":0,"font":"","enabled":false},"version":2}},"product_brand":[],"product_cat":[319,318,308,320],"product_tag":[],"class_list":{"0":"post-7397","1":"product","2":"type-product","3":"status-publish","4":"has-post-thumbnail","6":"product_cat-english-pattern","7":"product_cat-patrons-en-francais","8":"product_cat-patterns-modeles","9":"product_cat-pulls","12":"first","13":"instock","14":"taxable","15":"shipping-taxable","16":"purchasable","17":"product-type-variable"},"yoast_head":"<!-- This site is optimized with the Yoast SEO plugin v27.5 - https:\/\/yoast.com\/product\/yoast-seo-wordpress\/ -->\n<title>Caricia Top - ChristalLK<\/title>\n<meta name=\"description\" content=\"Caricia Top est un top estival l\u00e9ger, tricot\u00e9 en coton boucl\u00e9, avec de d\u00e9licates manches papillon et une coupe fluide. Il allie f\u00e9minit\u00e9 et simplicit\u00e9.\" \/>\n<meta name=\"robots\" content=\"index, follow, max-snippet:-1, max-image-preview:large, max-video-preview:-1\" \/>\n<link rel=\"canonical\" href=\"https:\/\/www.christallk.com\/en\/product\/caricia-top\/\" \/>\n<meta property=\"og:locale\" content=\"en_US\" \/>\n<meta property=\"og:type\" content=\"article\" \/>\n<meta property=\"og:title\" content=\"Caricia Top - ChristalLK\" \/>\n<meta property=\"og:description\" content=\"Caricia Top est un top estival l\u00e9ger, tricot\u00e9 en coton boucl\u00e9, avec de d\u00e9licates manches papillon et une coupe fluide. Il allie f\u00e9minit\u00e9 et simplicit\u00e9.\" \/>\n<meta property=\"og:url\" content=\"https:\/\/www.christallk.com\/en\/product\/caricia-top\/\" \/>\n<meta property=\"og:site_name\" content=\"ChristalLK\" \/>\n<meta property=\"article:publisher\" content=\"https:\/\/www.facebook.com\/ChristalLittleK\/\" \/>\n<meta property=\"article:modified_time\" content=\"2025-07-24T13:43:56+00:00\" \/>\n<meta property=\"og:image\" content=\"https:\/\/www.christallk.com\/wp-content\/uploads\/2025\/06\/caricia-top-5-scaled.jpg\" \/>\n\t<meta property=\"og:image:width\" content=\"2048\" \/>\n\t<meta property=\"og:image:height\" content=\"2560\" \/>\n\t<meta property=\"og:image:type\" content=\"image\/jpeg\" \/>\n<meta name=\"twitter:card\" content=\"summary_large_image\" \/>\n<meta name=\"twitter:label1\" content=\"Est. reading time\" \/>\n\t<meta name=\"twitter:data1\" content=\"2 minutes\" \/>\n<script type=\"application\/ld+json\" class=\"yoast-schema-graph\">{\"@context\":\"https:\\\/\\\/schema.org\",\"@graph\":[{\"@type\":\"WebPage\",\"@id\":\"https:\\\/\\\/www.christallk.com\\\/product\\\/caricia-top\\\/\",\"url\":\"https:\\\/\\\/www.christallk.com\\\/product\\\/caricia-top\\\/\",\"name\":\"Caricia Top - ChristalLK\",\"isPartOf\":{\"@id\":\"https:\\\/\\\/www.christallk.com\\\/#website\"},\"primaryImageOfPage\":{\"@id\":\"https:\\\/\\\/www.christallk.com\\\/product\\\/caricia-top\\\/#primaryimage\"},\"image\":{\"@id\":\"https:\\\/\\\/www.christallk.com\\\/product\\\/caricia-top\\\/#primaryimage\"},\"thumbnailUrl\":\"https:\\\/\\\/www.christallk.com\\\/wp-content\\\/uploads\\\/2025\\\/06\\\/caricia-top-5-scaled.jpg\",\"datePublished\":\"2025-06-13T06:30:51+00:00\",\"dateModified\":\"2025-07-24T13:43:56+00:00\",\"description\":\"Caricia Top est un top estival l\u00e9ger, tricot\u00e9 en coton boucl\u00e9, avec de d\u00e9licates manches papillon et une coupe fluide. Il allie f\u00e9minit\u00e9 et simplicit\u00e9.\",\"breadcrumb\":{\"@id\":\"https:\\\/\\\/www.christallk.com\\\/product\\\/caricia-top\\\/#breadcrumb\"},\"inLanguage\":\"en-US\",\"potentialAction\":[{\"@type\":\"ReadAction\",\"target\":[\"https:\\\/\\\/www.christallk.com\\\/product\\\/caricia-top\\\/\"]}]},{\"@type\":\"ImageObject\",\"inLanguage\":\"en-US\",\"@id\":\"https:\\\/\\\/www.christallk.com\\\/product\\\/caricia-top\\\/#primaryimage\",\"url\":\"https:\\\/\\\/www.christallk.com\\\/wp-content\\\/uploads\\\/2025\\\/06\\\/caricia-top-5-scaled.jpg\",\"contentUrl\":\"https:\\\/\\\/www.christallk.com\\\/wp-content\\\/uploads\\\/2025\\\/06\\\/caricia-top-5-scaled.jpg\",\"width\":2048,\"height\":2560},{\"@type\":\"BreadcrumbList\",\"@id\":\"https:\\\/\\\/www.christallk.com\\\/product\\\/caricia-top\\\/#breadcrumb\",\"itemListElement\":[{\"@type\":\"ListItem\",\"position\":1,\"name\":\"Home\",\"item\":\"https:\\\/\\\/www.christallk.com\\\/\"},{\"@type\":\"ListItem\",\"position\":2,\"name\":\"Boutique\",\"item\":\"https:\\\/\\\/www.christallk.com\\\/language\\\/fr\\\/shop\\\/\"},{\"@type\":\"ListItem\",\"position\":3,\"name\":\"Caricia Top\"}]},{\"@type\":\"WebSite\",\"@id\":\"https:\\\/\\\/www.christallk.com\\\/#website\",\"url\":\"https:\\\/\\\/www.christallk.com\\\/\",\"name\":\"ChristalLK\",\"description\":\"ChristalLK Website\",\"publisher\":{\"@id\":\"https:\\\/\\\/www.christallk.com\\\/#organization\"},\"potentialAction\":[{\"@type\":\"SearchAction\",\"target\":{\"@type\":\"EntryPoint\",\"urlTemplate\":\"https:\\\/\\\/www.christallk.com\\\/?s={search_term_string}\"},\"query-input\":{\"@type\":\"PropertyValueSpecification\",\"valueRequired\":true,\"valueName\":\"search_term_string\"}}],\"inLanguage\":\"en-US\"},{\"@type\":\"Organization\",\"@id\":\"https:\\\/\\\/www.christallk.com\\\/#organization\",\"name\":\"ChristalLK\",\"url\":\"https:\\\/\\\/www.christallk.com\\\/\",\"logo\":{\"@type\":\"ImageObject\",\"inLanguage\":\"en-US\",\"@id\":\"https:\\\/\\\/www.christallk.com\\\/#\\\/schema\\\/logo\\\/image\\\/\",\"url\":\"https:\\\/\\\/i2.wp.com\\\/www.christallk.com\\\/wp-content\\\/uploads\\\/2020\\\/05\\\/canvas_logo_clk.png?fit=650%2C600\",\"contentUrl\":\"https:\\\/\\\/i2.wp.com\\\/www.christallk.com\\\/wp-content\\\/uploads\\\/2020\\\/05\\\/canvas_logo_clk.png?fit=650%2C600\",\"width\":650,\"height\":600,\"caption\":\"ChristalLK\"},\"image\":{\"@id\":\"https:\\\/\\\/www.christallk.com\\\/#\\\/schema\\\/logo\\\/image\\\/\"},\"sameAs\":[\"https:\\\/\\\/www.facebook.com\\\/ChristalLittleK\\\/\",\"https:\\\/\\\/www.instagram.com\\\/christallittlek\\\/\",\"https:\\\/\\\/www.pinterest.com\\\/christallk1637\\\/\",\"https:\\\/\\\/www.youtube.com\\\/channel\\\/UCk8kNDAInlkf2fCr6pU-_oA?view_as=subscriber\"]}]}<\/script>\n<!-- \/ Yoast SEO plugin. -->","yoast_head_json":{"title":"Caricia Top - ChristalLK","description":"Caricia Top est un top estival l\u00e9ger, tricot\u00e9 en coton boucl\u00e9, avec de d\u00e9licates manches papillon et une coupe fluide. Il allie f\u00e9minit\u00e9 et simplicit\u00e9.","robots":{"index":"index","follow":"follow","max-snippet":"max-snippet:-1","max-image-preview":"max-image-preview:large","max-video-preview":"max-video-preview:-1"},"canonical":"https:\/\/www.christallk.com\/en\/product\/caricia-top\/","og_locale":"en_US","og_type":"article","og_title":"Caricia Top - ChristalLK","og_description":"Caricia Top est un top estival l\u00e9ger, tricot\u00e9 en coton boucl\u00e9, avec de d\u00e9licates manches papillon et une coupe fluide. Il allie f\u00e9minit\u00e9 et simplicit\u00e9.","og_url":"https:\/\/www.christallk.com\/en\/product\/caricia-top\/","og_site_name":"ChristalLK","article_publisher":"https:\/\/www.facebook.com\/ChristalLittleK\/","article_modified_time":"2025-07-24T13:43:56+00:00","og_image":[{"width":2048,"height":2560,"url":"https:\/\/www.christallk.com\/wp-content\/uploads\/2025\/06\/caricia-top-5-scaled.jpg","type":"image\/jpeg"}],"twitter_card":"summary_large_image","twitter_misc":{"Est. reading time":"2 minutes"},"schema":{"@context":"https:\/\/schema.org","@graph":[{"@type":"WebPage","@id":"https:\/\/www.christallk.com\/product\/caricia-top\/","url":"https:\/\/www.christallk.com\/product\/caricia-top\/","name":"Caricia Top - ChristalLK","isPartOf":{"@id":"https:\/\/www.christallk.com\/#website"},"primaryImageOfPage":{"@id":"https:\/\/www.christallk.com\/product\/caricia-top\/#primaryimage"},"image":{"@id":"https:\/\/www.christallk.com\/product\/caricia-top\/#primaryimage"},"thumbnailUrl":"https:\/\/www.christallk.com\/wp-content\/uploads\/2025\/06\/caricia-top-5-scaled.jpg","datePublished":"2025-06-13T06:30:51+00:00","dateModified":"2025-07-24T13:43:56+00:00","description":"Caricia Top est un top estival l\u00e9ger, tricot\u00e9 en coton boucl\u00e9, avec de d\u00e9licates manches papillon et une coupe fluide. Il allie f\u00e9minit\u00e9 et simplicit\u00e9.","breadcrumb":{"@id":"https:\/\/www.christallk.com\/product\/caricia-top\/#breadcrumb"},"inLanguage":"en-US","potentialAction":[{"@type":"ReadAction","target":["https:\/\/www.christallk.com\/product\/caricia-top\/"]}]},{"@type":"ImageObject","inLanguage":"en-US","@id":"https:\/\/www.christallk.com\/product\/caricia-top\/#primaryimage","url":"https:\/\/www.christallk.com\/wp-content\/uploads\/2025\/06\/caricia-top-5-scaled.jpg","contentUrl":"https:\/\/www.christallk.com\/wp-content\/uploads\/2025\/06\/caricia-top-5-scaled.jpg","width":2048,"height":2560},{"@type":"BreadcrumbList","@id":"https:\/\/www.christallk.com\/product\/caricia-top\/#breadcrumb","itemListElement":[{"@type":"ListItem","position":1,"name":"Home","item":"https:\/\/www.christallk.com\/"},{"@type":"ListItem","position":2,"name":"Boutique","item":"https:\/\/www.christallk.com\/language\/fr\/shop\/"},{"@type":"ListItem","position":3,"name":"Caricia Top"}]},{"@type":"WebSite","@id":"https:\/\/www.christallk.com\/#website","url":"https:\/\/www.christallk.com\/","name":"ChristalLK","description":"ChristalLK Website","publisher":{"@id":"https:\/\/www.christallk.com\/#organization"},"potentialAction":[{"@type":"SearchAction","target":{"@type":"EntryPoint","urlTemplate":"https:\/\/www.christallk.com\/?s={search_term_string}"},"query-input":{"@type":"PropertyValueSpecification","valueRequired":true,"valueName":"search_term_string"}}],"inLanguage":"en-US"},{"@type":"Organization","@id":"https:\/\/www.christallk.com\/#organization","name":"ChristalLK","url":"https:\/\/www.christallk.com\/","logo":{"@type":"ImageObject","inLanguage":"en-US","@id":"https:\/\/www.christallk.com\/#\/schema\/logo\/image\/","url":"https:\/\/i2.wp.com\/www.christallk.com\/wp-content\/uploads\/2020\/05\/canvas_logo_clk.png?fit=650%2C600","contentUrl":"https:\/\/i2.wp.com\/www.christallk.com\/wp-content\/uploads\/2020\/05\/canvas_logo_clk.png?fit=650%2C600","width":650,"height":600,"caption":"ChristalLK"},"image":{"@id":"https:\/\/www.christallk.com\/#\/schema\/logo\/image\/"},"sameAs":["https:\/\/www.facebook.com\/ChristalLittleK\/","https:\/\/www.instagram.com\/christallittlek\/","https:\/\/www.pinterest.com\/christallk1637\/","https:\/\/www.youtube.com\/channel\/UCk8kNDAInlkf2fCr6pU-_oA?view_as=subscriber"]}]}},"jetpack_publicize_connections":[],"jetpack_likes_enabled":true,"jetpack-related-posts":[{"id":6777,"url":"https:\/\/www.christallk.com\/en\/product\/albi-sweater\/","url_meta":{"origin":7397,"position":0},"title":"Albi Sweater","author":"Christelle","date":"September 27, 2024","format":false,"excerpt":"Albi Sweater is a top-to-bottom sweater with set-in sleeves. This top will be your perfect companion for the in-between seasons, spring or fall. Downloadable PDF pattern: Once your order is confirmed, a download link is available on the order page. Remember to download it...","rel":"","context":"Similar post","block_context":{"text":"Similar post","link":""},"img":{"alt_text":"","src":"https:\/\/i0.wp.com\/www.christallk.com\/wp-content\/uploads\/2024\/09\/albi-sweater-13.jpg?resize=350%2C200&ssl=1","width":350,"height":200,"srcset":"https:\/\/i0.wp.com\/www.christallk.com\/wp-content\/uploads\/2024\/09\/albi-sweater-13.jpg?resize=350%2C200&ssl=1 1x, https:\/\/i0.wp.com\/www.christallk.com\/wp-content\/uploads\/2024\/09\/albi-sweater-13.jpg?resize=525%2C300&ssl=1 1.5x"},"classes":[]},{"id":5839,"url":"https:\/\/www.christallk.com\/en\/product\/ronsard\/","url_meta":{"origin":7397,"position":1},"title":"Ronsard","author":"Christelle","date":"June 19, 2023","format":false,"excerpt":"Ronsard is a linen summer top that can be worn in both summer and fall, over a shirt, a turtleneck sweater, or even next to the skin. Downloadable PDF pattern: once your order is confirmed, a download link is available on the order page.","rel":"","context":"Similar post","block_context":{"text":"Similar post","link":""},"img":{"alt_text":"","src":"https:\/\/i0.wp.com\/www.christallk.com\/wp-content\/uploads\/2023\/06\/IMG_9896.jpg?resize=350%2C200&ssl=1","width":350,"height":200,"srcset":"https:\/\/i0.wp.com\/www.christallk.com\/wp-content\/uploads\/2023\/06\/IMG_9896.jpg?resize=350%2C200&ssl=1 1x, https:\/\/i0.wp.com\/www.christallk.com\/wp-content\/uploads\/2023\/06\/IMG_9896.jpg?resize=525%2C300&ssl=1 1.5x, https:\/\/i0.wp.com\/www.christallk.com\/wp-content\/uploads\/2023\/06\/IMG_9896.jpg?resize=700%2C400&ssl=1 2x"},"classes":[]},{"id":5765,"url":"https:\/\/www.christallk.com\/en\/product\/arnoseris\/","url_meta":{"origin":7397,"position":2},"title":"Arnoseris","author":"Christelle","date":"May 30, 2023","format":false,"excerpt":"Arnoseris is a summer top with a circular yoke. The plant fibers give it a light feel and make it very comfortable to wear next to the skin! Downloadable PDF pattern: once your order is confirmed, a download link is available on the order page. Remember to\u2026","rel":"","context":"Similar post","block_context":{"text":"Similar post","link":""},"img":{"alt_text":"","src":"https:\/\/i0.wp.com\/www.christallk.com\/wp-content\/uploads\/2023\/05\/IMG_9811-3.jpg?resize=350%2C200&ssl=1","width":350,"height":200,"srcset":"https:\/\/i0.wp.com\/www.christallk.com\/wp-content\/uploads\/2023\/05\/IMG_9811-3.jpg?resize=350%2C200&ssl=1 1x, https:\/\/i0.wp.com\/www.christallk.com\/wp-content\/uploads\/2023\/05\/IMG_9811-3.jpg?resize=525%2C300&ssl=1 1.5x, https:\/\/i0.wp.com\/www.christallk.com\/wp-content\/uploads\/2023\/05\/IMG_9811-3.jpg?resize=700%2C400&ssl=1 2x"},"classes":[]},{"id":3685,"url":"https:\/\/www.christallk.com\/en\/product\/valentine\/","url_meta":{"origin":7397,"position":3},"title":"VALENTINE","author":"Christelle","date":"May 23, 2021","format":false,"excerpt":"Valentine est un top tout en soie qui lui donne toute sa fluidit\u00e9. Il se tricote en rond en commen\u00e7ant par le col et est agr\u00e9ment\u00e9 d'une petite dentelle en forme de coeur. L'histoire de Valentine se trouve sur mon blog. Patron pdf t\u00e9l\u00e9chargeable : une fois la commande valid\u00e9e,\u2026","rel":"","context":"Similar post","block_context":{"text":"Similar post","link":""},"img":{"alt_text":"Valentine, top en soie rouge, vue de devant","src":"https:\/\/i0.wp.com\/www.christallk.com\/wp-content\/uploads\/2020\/07\/IMG_7440-2-1.jpg?resize=350%2C200&ssl=1","width":350,"height":200,"srcset":"https:\/\/i0.wp.com\/www.christallk.com\/wp-content\/uploads\/2020\/07\/IMG_7440-2-1.jpg?resize=350%2C200&ssl=1 1x, https:\/\/i0.wp.com\/www.christallk.com\/wp-content\/uploads\/2020\/07\/IMG_7440-2-1.jpg?resize=525%2C300&ssl=1 1.5x"},"classes":[]},{"id":6540,"url":"https:\/\/www.christallk.com\/en\/product\/fairy-mist\/","url_meta":{"origin":7397,"position":4},"title":"Fairy&#039;s Mist","author":"Christelle","date":"June 3, 2024","format":false,"excerpt":"The Fairy&#039;s Mist is a pretty little sweater with three-quarter sleeves to wear on cool summer evenings. You can wear it over a dress, jeans, or a skirt. Downloadable PDF pattern: once your order is confirmed, a download link is\u2026","rel":"","context":"Similar post","block_context":{"text":"Similar post","link":""},"img":{"alt_text":"","src":"https:\/\/i0.wp.com\/www.christallk.com\/wp-content\/uploads\/2024\/06\/fairy-mist-24.jpg?resize=350%2C200&ssl=1","width":350,"height":200,"srcset":"https:\/\/i0.wp.com\/www.christallk.com\/wp-content\/uploads\/2024\/06\/fairy-mist-24.jpg?resize=350%2C200&ssl=1 1x, https:\/\/i0.wp.com\/www.christallk.com\/wp-content\/uploads\/2024\/06\/fairy-mist-24.jpg?resize=525%2C300&ssl=1 1.5x"},"classes":[]},{"id":8165,"url":"https:\/\/www.christallk.com\/en\/product\/joshan-sweater\/","url_meta":{"origin":7397,"position":5},"title":"Joshan Sweater","author":"Christelle","date":"September 25, 2025","format":false,"excerpt":"Le pull Joshan est la pi\u00e8ce ma\u00eetresse de la collection \u00c9chos des Steppes. Inspir\u00e9 des armures mongoles dont il porte le nom, ce mod\u00e8le masculin allie force et raffinement. Con\u00e7u en chameau, il met en valeur la richesse des couleurs naturelles des toisons, sans teinture, pour un rendu authentique et\u2026","rel":"","context":"Similar post","block_context":{"text":"Similar post","link":""},"img":{"alt_text":"","src":"https:\/\/i0.wp.com\/www.christallk.com\/wp-content\/uploads\/2025\/09\/joshansweater-12.jpg?resize=350%2C200&ssl=1","width":350,"height":200,"srcset":"https:\/\/i0.wp.com\/www.christallk.com\/wp-content\/uploads\/2025\/09\/joshansweater-12.jpg?resize=350%2C200&ssl=1 1x, https:\/\/i0.wp.com\/www.christallk.com\/wp-content\/uploads\/2025\/09\/joshansweater-12.jpg?resize=525%2C300&ssl=1 1.5x, https:\/\/i0.wp.com\/www.christallk.com\/wp-content\/uploads\/2025\/09\/joshansweater-12.jpg?resize=700%2C400&ssl=1 2x, https:\/\/i0.wp.com\/www.christallk.com\/wp-content\/uploads\/2025\/09\/joshansweater-12.jpg?resize=1050%2C600&ssl=1 3x, https:\/\/i0.wp.com\/www.christallk.com\/wp-content\/uploads\/2025\/09\/joshansweater-12.jpg?resize=1400%2C800&ssl=1 4x"},"classes":[]}],"jetpack_sharing_enabled":true,"_links":{"self":[{"href":"https:\/\/www.christallk.com\/en\/wp-json\/wp\/v2\/product\/7397","targetHints":{"allow":["GET"]}}],"collection":[{"href":"https:\/\/www.christallk.com\/en\/wp-json\/wp\/v2\/product"}],"about":[{"href":"https:\/\/www.christallk.com\/en\/wp-json\/wp\/v2\/types\/product"}],"replies":[{"embeddable":true,"href":"https:\/\/www.christallk.com\/en\/wp-json\/wp\/v2\/comments?post=7397"}],"wp:featuredmedia":[{"embeddable":true,"href":"https:\/\/www.christallk.com\/en\/wp-json\/wp\/v2\/media\/7402"}],"wp:attachment":[{"href":"https:\/\/www.christallk.com\/en\/wp-json\/wp\/v2\/media?parent=7397"}],"wp:term":[{"taxonomy":"product_brand","embeddable":true,"href":"https:\/\/www.christallk.com\/en\/wp-json\/wp\/v2\/product_brand?post=7397"},{"taxonomy":"product_cat","embeddable":true,"href":"https:\/\/www.christallk.com\/en\/wp-json\/wp\/v2\/product_cat?post=7397"},{"taxonomy":"product_tag","embeddable":true,"href":"https:\/\/www.christallk.com\/en\/wp-json\/wp\/v2\/product_tag?post=7397"}],"curies":[{"name":"wp","href":"https:\/\/api.w.org\/{rel}","templated":true}]}}