{"id":7996,"date":"2025-08-22T11:41:30","date_gmt":"2025-08-22T09:41:30","guid":{"rendered":"https:\/\/www.christallk.com\/?post_type=product&#038;p=7996"},"modified":"2025-12-13T14:01:26","modified_gmt":"2025-12-13T13:01:26","slug":"wintergrun","status":"publish","type":"product","link":"https:\/\/www.christallk.com\/en\/product\/wintergrun\/","title":{"rendered":"Box de No\u00ebl \u2013 Wintergr\u00fcn"},"content":{"rendered":"<div>\n<p data-start=\"100\" data-end=\"136\"><strong data-start=\"103\" data-end=\"131\">Box de No\u00ebl \u2013 Wintergr\u00fcn<\/strong><\/p>\n<p data-start=\"138\" data-end=\"388\">Immerse yourself in the magic of the Ardennes with <strong data-start=\"176\" data-end=\"190\">Wintergr\u00fcn<\/strong>, my Christmas box specially designed for knitting and mysteries lovers.<br data-start=\"259\" data-end=\"262\" \/>A surprise box filled with sweetness, creativity, and inspiration to accompany your needles throughout the Holidays.<\/p>\n<p data-start=\"390\" data-end=\"438\"><strong data-start=\"392\" data-end=\"436\">In the Wintergr\u00fcn box, you'll find:<\/strong><\/p>\n<ul data-start=\"439\" data-end=\"788\">\n<li data-start=\"439\" data-end=\"564\">\n<p data-start=\"441\" data-end=\"469\"><strong data-start=\"441\" data-end=\"465\">4 skeins<\/strong> :<\/p>\n<ul data-start=\"473\" data-end=\"564\">\n<li data-start=\"473\" data-end=\"526\">\n<p data-start=\"475\" data-end=\"526\">2 in <strong data-start=\"485\" data-end=\"498\">Peregrine<\/strong><\/p>\n<\/li>\n<li data-start=\"530\" data-end=\"564\">\n<p data-start=\"532\" data-end=\"564\">2 mystery skeins<\/p>\n<\/li>\n<\/ul>\n<\/li>\n<li data-start=\"565\" data-end=\"654\">\n<p data-start=\"567\" data-end=\"654\"><strong data-start=\"567\" data-end=\"593\">exclusive surprises<\/strong> (little treasures designed for knitters)<\/p>\n<\/li>\n<li data-start=\"655\" data-end=\"717\">\n<p data-start=\"657\" data-end=\"717\"><strong data-start=\"657\" data-end=\"682\">A Mystery KAL pattern<\/strong> specially created for this box<\/p>\n<\/li>\n<li data-start=\"718\" data-end=\"788\">\n<p data-start=\"720\" data-end=\"788\">And<strong data-start=\"725\" data-end=\"754\">other little touches<\/strong> to immerse you in the atmosphere of this special box<\/p>\n<\/li>\n<\/ul>\n<p data-start=\"790\" data-end=\"953\"><strong data-start=\"793\" data-end=\"833\">Choose your color palette<\/strong> among the five proposals... or let yourself be tempted by the <strong data-start=\"895\" data-end=\"915\">\u201cChoose your own\u201d combo<\/strong> for a 100% surprise experience!<\/p>\n<p data-start=\"955\" data-end=\"1061\"><strong data-start=\"958\" data-end=\"1016\">Limited quantities \u2013 Wintergr\u00fcn is a one-time edition<\/strong> : once it is out of stock, it will not return.<\/p>\n<p>Set 1: La Pure \u2013 Ivoire<br \/>\nSet 2: L\u2019Animale \u2013 Red Fox<br \/>\nSet 3: La Sylvestre \u2013 Douglas<br \/>\nSet 4: La Royale \u2013 Pourpre<br \/>\nSet 5: L\u2019Espi\u00e8gle \u2013 Huang<br \/>\nSet 6  Choose your own \u2013\u00a0 Please consult the palette of <a href=\"https:\/\/www.christallk.com\/en\/product\/peregrine\/\">Peregrine here<\/a><\/p>\n<p><strong>PLEASE NOTE: The MKAL pattern clues will be sent to you by email or via Ravelry, so please specify your email address or Ravelry username in the notes so that you can receive the weekly clues and the final pattern!<\/strong><\/p>\n<\/div>","protected":false},"excerpt":{"rendered":"<p data-start=\"100\" data-end=\"136\"><strong data-start=\"103\" data-end=\"131\">Box de No\u00ebl \u2013 Wintergr\u00fcn<\/strong><\/p>\n<p data-start=\"138\" data-end=\"388\">Immerse yourself in the magic of the Ardennes with <strong data-start=\"176\" data-end=\"190\">Wintergr\u00fcn<\/strong>, my Christmas box specially designed for knitting and mysteries lovers.<br data-start=\"259\" data-end=\"262\" \/>A surprise box filled with sweetness, creativity, and inspiration to accompany your needles throughout the Holidays.<\/p>\n<p><em>VAT and delivery costs are calculated when the shopping cart is validated.<\/em><\/p>\n<p><em><span class=\"Cart__Taxes text--subdued\">\u00a0<\/span><\/em><\/p>\n<div id=\"ConnectiveDocSignExtentionInstalled\" data-extension-version=\"1.0.4\"><\/div>","protected":false},"featured_media":8003,"comment_status":"closed","ping_status":"closed","template":"","meta":{"jetpack_publicize_message":"","jetpack_publicize_feature_enabled":true,"jetpack_social_post_already_shared":true,"jetpack_social_options":{"image_generator_settings":{"template":"highway","default_image_id":0,"font":"","enabled":false},"version":2}},"product_brand":[],"product_cat":[354,316,317],"product_tag":[],"class_list":{"0":"post-7996","1":"product","2":"type-product","3":"status-publish","4":"has-post-thumbnail","6":"product_cat-kits","7":"product_cat-yarn-laine","8":"product_cat-peregrine","11":"first","12":"outofstock","13":"taxable","14":"shipping-taxable","15":"purchasable","16":"product-type-variable"},"yoast_head":"<!-- This site is optimized with the Yoast SEO plugin v27.5 - https:\/\/yoast.com\/product\/yoast-seo-wordpress\/ -->\n<title>Box de No\u00ebl \u2013 Wintergr\u00fcn - ChristalLK<\/title>\n<meta name=\"description\" content=\"Plongez dans la magie des Ardennes avec Wintergr\u00fcn, ma box de No\u00ebl sp\u00e9cialement pens\u00e9e pour les amoureux\u00b7ses du tricot et des myst\u00e8res.\" \/>\n<meta name=\"robots\" content=\"index, follow, max-snippet:-1, max-image-preview:large, max-video-preview:-1\" \/>\n<link rel=\"canonical\" href=\"https:\/\/www.christallk.com\/en\/product\/wintergrun\/\" \/>\n<meta property=\"og:locale\" content=\"en_US\" \/>\n<meta property=\"og:type\" content=\"article\" \/>\n<meta property=\"og:title\" content=\"Box de No\u00ebl \u2013 Wintergr\u00fcn - ChristalLK\" \/>\n<meta property=\"og:description\" content=\"Plongez dans la magie des Ardennes avec Wintergr\u00fcn, ma box de No\u00ebl sp\u00e9cialement pens\u00e9e pour les amoureux\u00b7ses du tricot et des myst\u00e8res.\" \/>\n<meta property=\"og:url\" content=\"https:\/\/www.christallk.com\/en\/product\/wintergrun\/\" \/>\n<meta property=\"og:site_name\" content=\"ChristalLK\" \/>\n<meta property=\"article:publisher\" content=\"https:\/\/www.facebook.com\/ChristalLittleK\/\" \/>\n<meta property=\"article:modified_time\" content=\"2025-12-13T13:01:26+00:00\" \/>\n<meta property=\"og:image\" content=\"https:\/\/www.christallk.com\/wp-content\/uploads\/2025\/08\/Sans-titre-Publication-Instagram-45.jpg\" \/>\n\t<meta property=\"og:image:width\" content=\"1080\" \/>\n\t<meta property=\"og:image:height\" content=\"1350\" \/>\n\t<meta property=\"og:image:type\" content=\"image\/jpeg\" \/>\n<meta name=\"twitter:card\" content=\"summary_large_image\" \/>\n<meta name=\"twitter:label1\" content=\"Est. reading time\" \/>\n\t<meta name=\"twitter:data1\" content=\"2 minutes\" \/>\n<script type=\"application\/ld+json\" class=\"yoast-schema-graph\">{\"@context\":\"https:\\\/\\\/schema.org\",\"@graph\":[{\"@type\":\"WebPage\",\"@id\":\"https:\\\/\\\/www.christallk.com\\\/product\\\/wintergrun\\\/\",\"url\":\"https:\\\/\\\/www.christallk.com\\\/product\\\/wintergrun\\\/\",\"name\":\"Box de No\u00ebl \u2013 Wintergr\u00fcn - ChristalLK\",\"isPartOf\":{\"@id\":\"https:\\\/\\\/www.christallk.com\\\/#website\"},\"primaryImageOfPage\":{\"@id\":\"https:\\\/\\\/www.christallk.com\\\/product\\\/wintergrun\\\/#primaryimage\"},\"image\":{\"@id\":\"https:\\\/\\\/www.christallk.com\\\/product\\\/wintergrun\\\/#primaryimage\"},\"thumbnailUrl\":\"https:\\\/\\\/www.christallk.com\\\/wp-content\\\/uploads\\\/2025\\\/08\\\/Sans-titre-Publication-Instagram-45.jpg\",\"datePublished\":\"2025-08-22T09:41:30+00:00\",\"dateModified\":\"2025-12-13T13:01:26+00:00\",\"description\":\"Plongez dans la magie des Ardennes avec Wintergr\u00fcn, ma box de No\u00ebl sp\u00e9cialement pens\u00e9e pour les amoureux\u00b7ses du tricot et des myst\u00e8res.\",\"breadcrumb\":{\"@id\":\"https:\\\/\\\/www.christallk.com\\\/product\\\/wintergrun\\\/#breadcrumb\"},\"inLanguage\":\"en-US\",\"potentialAction\":[{\"@type\":\"ReadAction\",\"target\":[\"https:\\\/\\\/www.christallk.com\\\/product\\\/wintergrun\\\/\"]}]},{\"@type\":\"ImageObject\",\"inLanguage\":\"en-US\",\"@id\":\"https:\\\/\\\/www.christallk.com\\\/product\\\/wintergrun\\\/#primaryimage\",\"url\":\"https:\\\/\\\/www.christallk.com\\\/wp-content\\\/uploads\\\/2025\\\/08\\\/Sans-titre-Publication-Instagram-45.jpg\",\"contentUrl\":\"https:\\\/\\\/www.christallk.com\\\/wp-content\\\/uploads\\\/2025\\\/08\\\/Sans-titre-Publication-Instagram-45.jpg\",\"width\":1080,\"height\":1350},{\"@type\":\"BreadcrumbList\",\"@id\":\"https:\\\/\\\/www.christallk.com\\\/product\\\/wintergrun\\\/#breadcrumb\",\"itemListElement\":[{\"@type\":\"ListItem\",\"position\":1,\"name\":\"Home\",\"item\":\"https:\\\/\\\/www.christallk.com\\\/\"},{\"@type\":\"ListItem\",\"position\":2,\"name\":\"Boutique\",\"item\":\"https:\\\/\\\/www.christallk.com\\\/language\\\/fr\\\/shop\\\/\"},{\"@type\":\"ListItem\",\"position\":3,\"name\":\"Box de No\u00ebl \u2013 Wintergr\u00fcn\"}]},{\"@type\":\"WebSite\",\"@id\":\"https:\\\/\\\/www.christallk.com\\\/#website\",\"url\":\"https:\\\/\\\/www.christallk.com\\\/\",\"name\":\"ChristalLK\",\"description\":\"ChristalLK Website\",\"publisher\":{\"@id\":\"https:\\\/\\\/www.christallk.com\\\/#organization\"},\"potentialAction\":[{\"@type\":\"SearchAction\",\"target\":{\"@type\":\"EntryPoint\",\"urlTemplate\":\"https:\\\/\\\/www.christallk.com\\\/?s={search_term_string}\"},\"query-input\":{\"@type\":\"PropertyValueSpecification\",\"valueRequired\":true,\"valueName\":\"search_term_string\"}}],\"inLanguage\":\"en-US\"},{\"@type\":\"Organization\",\"@id\":\"https:\\\/\\\/www.christallk.com\\\/#organization\",\"name\":\"ChristalLK\",\"url\":\"https:\\\/\\\/www.christallk.com\\\/\",\"logo\":{\"@type\":\"ImageObject\",\"inLanguage\":\"en-US\",\"@id\":\"https:\\\/\\\/www.christallk.com\\\/#\\\/schema\\\/logo\\\/image\\\/\",\"url\":\"https:\\\/\\\/i2.wp.com\\\/www.christallk.com\\\/wp-content\\\/uploads\\\/2020\\\/05\\\/canvas_logo_clk.png?fit=650%2C600\",\"contentUrl\":\"https:\\\/\\\/i2.wp.com\\\/www.christallk.com\\\/wp-content\\\/uploads\\\/2020\\\/05\\\/canvas_logo_clk.png?fit=650%2C600\",\"width\":650,\"height\":600,\"caption\":\"ChristalLK\"},\"image\":{\"@id\":\"https:\\\/\\\/www.christallk.com\\\/#\\\/schema\\\/logo\\\/image\\\/\"},\"sameAs\":[\"https:\\\/\\\/www.facebook.com\\\/ChristalLittleK\\\/\",\"https:\\\/\\\/www.instagram.com\\\/christallittlek\\\/\",\"https:\\\/\\\/www.pinterest.com\\\/christallk1637\\\/\",\"https:\\\/\\\/www.youtube.com\\\/channel\\\/UCk8kNDAInlkf2fCr6pU-_oA?view_as=subscriber\"]}]}<\/script>\n<!-- \/ Yoast SEO plugin. -->","yoast_head_json":{"title":"Box de No\u00ebl \u2013 Wintergr\u00fcn - ChristalLK","description":"Plongez dans la magie des Ardennes avec Wintergr\u00fcn, ma box de No\u00ebl sp\u00e9cialement pens\u00e9e pour les amoureux\u00b7ses du tricot et des myst\u00e8res.","robots":{"index":"index","follow":"follow","max-snippet":"max-snippet:-1","max-image-preview":"max-image-preview:large","max-video-preview":"max-video-preview:-1"},"canonical":"https:\/\/www.christallk.com\/en\/product\/wintergrun\/","og_locale":"en_US","og_type":"article","og_title":"Box de No\u00ebl \u2013 Wintergr\u00fcn - ChristalLK","og_description":"Plongez dans la magie des Ardennes avec Wintergr\u00fcn, ma box de No\u00ebl sp\u00e9cialement pens\u00e9e pour les amoureux\u00b7ses du tricot et des myst\u00e8res.","og_url":"https:\/\/www.christallk.com\/en\/product\/wintergrun\/","og_site_name":"ChristalLK","article_publisher":"https:\/\/www.facebook.com\/ChristalLittleK\/","article_modified_time":"2025-12-13T13:01:26+00:00","og_image":[{"width":1080,"height":1350,"url":"https:\/\/www.christallk.com\/wp-content\/uploads\/2025\/08\/Sans-titre-Publication-Instagram-45.jpg","type":"image\/jpeg"}],"twitter_card":"summary_large_image","twitter_misc":{"Est. reading time":"2 minutes"},"schema":{"@context":"https:\/\/schema.org","@graph":[{"@type":"WebPage","@id":"https:\/\/www.christallk.com\/product\/wintergrun\/","url":"https:\/\/www.christallk.com\/product\/wintergrun\/","name":"Box de No\u00ebl \u2013 Wintergr\u00fcn - ChristalLK","isPartOf":{"@id":"https:\/\/www.christallk.com\/#website"},"primaryImageOfPage":{"@id":"https:\/\/www.christallk.com\/product\/wintergrun\/#primaryimage"},"image":{"@id":"https:\/\/www.christallk.com\/product\/wintergrun\/#primaryimage"},"thumbnailUrl":"https:\/\/www.christallk.com\/wp-content\/uploads\/2025\/08\/Sans-titre-Publication-Instagram-45.jpg","datePublished":"2025-08-22T09:41:30+00:00","dateModified":"2025-12-13T13:01:26+00:00","description":"Plongez dans la magie des Ardennes avec Wintergr\u00fcn, ma box de No\u00ebl sp\u00e9cialement pens\u00e9e pour les amoureux\u00b7ses du tricot et des myst\u00e8res.","breadcrumb":{"@id":"https:\/\/www.christallk.com\/product\/wintergrun\/#breadcrumb"},"inLanguage":"en-US","potentialAction":[{"@type":"ReadAction","target":["https:\/\/www.christallk.com\/product\/wintergrun\/"]}]},{"@type":"ImageObject","inLanguage":"en-US","@id":"https:\/\/www.christallk.com\/product\/wintergrun\/#primaryimage","url":"https:\/\/www.christallk.com\/wp-content\/uploads\/2025\/08\/Sans-titre-Publication-Instagram-45.jpg","contentUrl":"https:\/\/www.christallk.com\/wp-content\/uploads\/2025\/08\/Sans-titre-Publication-Instagram-45.jpg","width":1080,"height":1350},{"@type":"BreadcrumbList","@id":"https:\/\/www.christallk.com\/product\/wintergrun\/#breadcrumb","itemListElement":[{"@type":"ListItem","position":1,"name":"Home","item":"https:\/\/www.christallk.com\/"},{"@type":"ListItem","position":2,"name":"Boutique","item":"https:\/\/www.christallk.com\/language\/fr\/shop\/"},{"@type":"ListItem","position":3,"name":"Box de No\u00ebl \u2013 Wintergr\u00fcn"}]},{"@type":"WebSite","@id":"https:\/\/www.christallk.com\/#website","url":"https:\/\/www.christallk.com\/","name":"ChristalLK","description":"ChristalLK Website","publisher":{"@id":"https:\/\/www.christallk.com\/#organization"},"potentialAction":[{"@type":"SearchAction","target":{"@type":"EntryPoint","urlTemplate":"https:\/\/www.christallk.com\/?s={search_term_string}"},"query-input":{"@type":"PropertyValueSpecification","valueRequired":true,"valueName":"search_term_string"}}],"inLanguage":"en-US"},{"@type":"Organization","@id":"https:\/\/www.christallk.com\/#organization","name":"ChristalLK","url":"https:\/\/www.christallk.com\/","logo":{"@type":"ImageObject","inLanguage":"en-US","@id":"https:\/\/www.christallk.com\/#\/schema\/logo\/image\/","url":"https:\/\/i2.wp.com\/www.christallk.com\/wp-content\/uploads\/2020\/05\/canvas_logo_clk.png?fit=650%2C600","contentUrl":"https:\/\/i2.wp.com\/www.christallk.com\/wp-content\/uploads\/2020\/05\/canvas_logo_clk.png?fit=650%2C600","width":650,"height":600,"caption":"ChristalLK"},"image":{"@id":"https:\/\/www.christallk.com\/#\/schema\/logo\/image\/"},"sameAs":["https:\/\/www.facebook.com\/ChristalLittleK\/","https:\/\/www.instagram.com\/christallittlek\/","https:\/\/www.pinterest.com\/christallk1637\/","https:\/\/www.youtube.com\/channel\/UCk8kNDAInlkf2fCr6pU-_oA?view_as=subscriber"]}]}},"jetpack_publicize_connections":[],"jetpack_likes_enabled":true,"jetpack-related-posts":[{"id":8244,"url":"https:\/\/www.christallk.com\/en\/product\/kits-mkal-wintergrun\/","url_meta":{"origin":7996,"position":0},"title":"Kits MKAL Wintergr\u00fcn","author":"Christelle","date":"November 5, 2025","format":false,"excerpt":"Kits MKAL \u2013 Wintergr\u00fcn D\u00e9couvrer un myst\u00e8re \u00e0 tricoter au coeur de la for\u00eat d'Anlier avec le tout nouveau Mystery KAL de ChristalLK : Wintergr\u00fcn. Vous trouverez ici de quoi tricoter le MKAL, le patron est \u00e0 acheter s\u00e9par\u00e9ment ici : Wintergr\u00fcn La TVA et les frais de livraison sont\u2026","rel":"","context":"Similar post","block_context":{"text":"Similar post","link":""},"img":{"alt_text":"","src":"https:\/\/i0.wp.com\/www.christallk.com\/wp-content\/uploads\/2025\/11\/Box-tasse-26-x-30-cm-30-x-26-cm-Publication-Instagram-45.jpg?resize=350%2C200&ssl=1","width":350,"height":200,"srcset":"https:\/\/i0.wp.com\/www.christallk.com\/wp-content\/uploads\/2025\/11\/Box-tasse-26-x-30-cm-30-x-26-cm-Publication-Instagram-45.jpg?resize=350%2C200&ssl=1 1x, https:\/\/i0.wp.com\/www.christallk.com\/wp-content\/uploads\/2025\/11\/Box-tasse-26-x-30-cm-30-x-26-cm-Publication-Instagram-45.jpg?resize=525%2C300&ssl=1 1.5x, https:\/\/i0.wp.com\/www.christallk.com\/wp-content\/uploads\/2025\/11\/Box-tasse-26-x-30-cm-30-x-26-cm-Publication-Instagram-45.jpg?resize=700%2C400&ssl=1 2x, https:\/\/i0.wp.com\/www.christallk.com\/wp-content\/uploads\/2025\/11\/Box-tasse-26-x-30-cm-30-x-26-cm-Publication-Instagram-45.jpg?resize=1050%2C600&ssl=1 3x"},"classes":[]},{"id":8241,"url":"https:\/\/www.christallk.com\/en\/product\/wintergrun-mkal\/","url_meta":{"origin":7996,"position":1},"title":"Wintergr\u00fcn &#8211; MKAL","author":"Christelle","date":"November 5, 2025","format":false,"excerpt":"D\u00e9couvrer un myst\u00e8re \u00e0 tricoter au coeur de la for\u00eat d'Anlier avec le tout nouveau Mystery KAL de ChristalLK : Wintergr\u00fcn. Patron pdf t\u00e9l\u00e9chargeable : une fois la commande valid\u00e9e, un lien de t\u00e9l\u00e9chargement est disponible sur la page de commande. Pensez \u00e0 le t\u00e9l\u00e9charger car le lien est temporaire.\u2026","rel":"","context":"Similar post","block_context":{"text":"Similar post","link":""},"img":{"alt_text":"","src":"https:\/\/i0.wp.com\/www.christallk.com\/wp-content\/uploads\/2025\/11\/Box-tasse-26-x-30-cm-30-x-26-cm-Publication-Instagram-45.jpg?resize=350%2C200&ssl=1","width":350,"height":200,"srcset":"https:\/\/i0.wp.com\/www.christallk.com\/wp-content\/uploads\/2025\/11\/Box-tasse-26-x-30-cm-30-x-26-cm-Publication-Instagram-45.jpg?resize=350%2C200&ssl=1 1x, https:\/\/i0.wp.com\/www.christallk.com\/wp-content\/uploads\/2025\/11\/Box-tasse-26-x-30-cm-30-x-26-cm-Publication-Instagram-45.jpg?resize=525%2C300&ssl=1 1.5x, https:\/\/i0.wp.com\/www.christallk.com\/wp-content\/uploads\/2025\/11\/Box-tasse-26-x-30-cm-30-x-26-cm-Publication-Instagram-45.jpg?resize=700%2C400&ssl=1 2x, https:\/\/i0.wp.com\/www.christallk.com\/wp-content\/uploads\/2025\/11\/Box-tasse-26-x-30-cm-30-x-26-cm-Publication-Instagram-45.jpg?resize=1050%2C600&ssl=1 3x"},"classes":[]},{"id":6267,"url":"https:\/\/www.christallk.com\/en\/product\/brooklyn-bridge\/","url_meta":{"origin":7996,"position":2},"title":"Brooklyn Bridge","author":"Christelle","date":"December 30, 2023","format":false,"excerpt":"Brooklyn Bridge is a textured, cable-knit shawl. It&#039;s knitted from point to point while working the cable panel at the same time. Downloadable PDF pattern: Once your order is confirmed, a download link is available on the order page. Remember to\u2026","rel":"","context":"Similar post","block_context":{"text":"Similar post","link":""},"img":{"alt_text":"","src":"https:\/\/i0.wp.com\/www.christallk.com\/wp-content\/uploads\/2023\/12\/IMG_0072-2.jpg?resize=350%2C200&ssl=1","width":350,"height":200,"srcset":"https:\/\/i0.wp.com\/www.christallk.com\/wp-content\/uploads\/2023\/12\/IMG_0072-2.jpg?resize=350%2C200&ssl=1 1x, https:\/\/i0.wp.com\/www.christallk.com\/wp-content\/uploads\/2023\/12\/IMG_0072-2.jpg?resize=525%2C300&ssl=1 1.5x, https:\/\/i0.wp.com\/www.christallk.com\/wp-content\/uploads\/2023\/12\/IMG_0072-2.jpg?resize=700%2C400&ssl=1 2x, https:\/\/i0.wp.com\/www.christallk.com\/wp-content\/uploads\/2023\/12\/IMG_0072-2.jpg?resize=1050%2C600&ssl=1 3x, https:\/\/i0.wp.com\/www.christallk.com\/wp-content\/uploads\/2023\/12\/IMG_0072-2.jpg?resize=1400%2C800&ssl=1 4x"},"classes":[]},{"id":8151,"url":"https:\/\/www.christallk.com\/en\/product\/joshan-mitts\/","url_meta":{"origin":7996,"position":3},"title":"Joshan Mitts","author":"Christelle","date":"September 23, 2025","format":false,"excerpt":"Les moufles Joshan font partie de la collection \u00a0Echos des Steppes., cr\u00e9\u00e9e en collaboration avec Noble Nomads.Tricot\u00e9es en pur cachemire, elles offrent une chaleur incomparable et une douceur unique, pour des mains prot\u00e9g\u00e9es avec \u00e9l\u00e9gance tout au long de l\u2019hiver. Patron pdf t\u00e9l\u00e9chargeable : une fois la commande valid\u00e9e, un\u2026","rel":"","context":"Similar post","block_context":{"text":"Similar post","link":""},"img":{"alt_text":"","src":"https:\/\/i0.wp.com\/www.christallk.com\/wp-content\/uploads\/2025\/09\/altaiscarf_final-09-e1758534827649.jpg?resize=350%2C200&ssl=1","width":350,"height":200,"srcset":"https:\/\/i0.wp.com\/www.christallk.com\/wp-content\/uploads\/2025\/09\/altaiscarf_final-09-e1758534827649.jpg?resize=350%2C200&ssl=1 1x, https:\/\/i0.wp.com\/www.christallk.com\/wp-content\/uploads\/2025\/09\/altaiscarf_final-09-e1758534827649.jpg?resize=525%2C300&ssl=1 1.5x, https:\/\/i0.wp.com\/www.christallk.com\/wp-content\/uploads\/2025\/09\/altaiscarf_final-09-e1758534827649.jpg?resize=700%2C400&ssl=1 2x, https:\/\/i0.wp.com\/www.christallk.com\/wp-content\/uploads\/2025\/09\/altaiscarf_final-09-e1758534827649.jpg?resize=1050%2C600&ssl=1 3x, https:\/\/i0.wp.com\/www.christallk.com\/wp-content\/uploads\/2025\/09\/altaiscarf_final-09-e1758534827649.jpg?resize=1400%2C800&ssl=1 4x"},"classes":[]},{"id":6145,"url":"https:\/\/www.christallk.com\/en\/product\/jardin-dhiver\/","url_meta":{"origin":7996,"position":4},"title":"Winter Garden \u2013 MKAL","author":"Christelle","date":"November 1, 2023","format":false,"excerpt":"Red\u00e9couvrons ensemble la magie du v\u00e9g\u00e9tal en hiver. Patron pdf t\u00e9l\u00e9chargeable : une fois la commande valid\u00e9e, un lien de t\u00e9l\u00e9chargement est disponible sur la page de commande. La TVA est calcul\u00e9e \u00e0 la validation du panier.","rel":"","context":"Similar post","block_context":{"text":"Similar post","link":""},"img":{"alt_text":"","src":"https:\/\/i0.wp.com\/www.christallk.com\/wp-content\/uploads\/2023\/11\/jardinhiver-17.jpg?resize=350%2C200&ssl=1","width":350,"height":200,"srcset":"https:\/\/i0.wp.com\/www.christallk.com\/wp-content\/uploads\/2023\/11\/jardinhiver-17.jpg?resize=350%2C200&ssl=1 1x, https:\/\/i0.wp.com\/www.christallk.com\/wp-content\/uploads\/2023\/11\/jardinhiver-17.jpg?resize=525%2C300&ssl=1 1.5x, https:\/\/i0.wp.com\/www.christallk.com\/wp-content\/uploads\/2023\/11\/jardinhiver-17.jpg?resize=700%2C400&ssl=1 2x, https:\/\/i0.wp.com\/www.christallk.com\/wp-content\/uploads\/2023\/11\/jardinhiver-17.jpg?resize=1050%2C600&ssl=1 3x"},"classes":[]},{"id":8346,"url":"https:\/\/www.christallk.com\/en\/product\/box-love-is-love\/","url_meta":{"origin":7996,"position":5},"title":"Box LOVE IS LOVE","author":"Christelle","date":"December 27, 2025","format":false,"excerpt":"La Box LOVE is LOVE Il y a des cr\u00e9ations qui n\u2019ont pas besoin d\u2019\u00eatre vues pour exister. La TVA et les frais de livraison sont calcul\u00e9s \u00e0 la validation du panier. \u00a0","rel":"","context":"Similar post","block_context":{"text":"Similar post","link":""},"img":{"alt_text":"","src":"https:\/\/i0.wp.com\/www.christallk.com\/wp-content\/uploads\/2025\/12\/Love-is-love-affiche-Publication-Instagram-45.jpg?resize=350%2C200&ssl=1","width":350,"height":200,"srcset":"https:\/\/i0.wp.com\/www.christallk.com\/wp-content\/uploads\/2025\/12\/Love-is-love-affiche-Publication-Instagram-45.jpg?resize=350%2C200&ssl=1 1x, https:\/\/i0.wp.com\/www.christallk.com\/wp-content\/uploads\/2025\/12\/Love-is-love-affiche-Publication-Instagram-45.jpg?resize=525%2C300&ssl=1 1.5x, https:\/\/i0.wp.com\/www.christallk.com\/wp-content\/uploads\/2025\/12\/Love-is-love-affiche-Publication-Instagram-45.jpg?resize=700%2C400&ssl=1 2x, https:\/\/i0.wp.com\/www.christallk.com\/wp-content\/uploads\/2025\/12\/Love-is-love-affiche-Publication-Instagram-45.jpg?resize=1050%2C600&ssl=1 3x"},"classes":[]}],"jetpack_sharing_enabled":true,"_links":{"self":[{"href":"https:\/\/www.christallk.com\/en\/wp-json\/wp\/v2\/product\/7996","targetHints":{"allow":["GET"]}}],"collection":[{"href":"https:\/\/www.christallk.com\/en\/wp-json\/wp\/v2\/product"}],"about":[{"href":"https:\/\/www.christallk.com\/en\/wp-json\/wp\/v2\/types\/product"}],"replies":[{"embeddable":true,"href":"https:\/\/www.christallk.com\/en\/wp-json\/wp\/v2\/comments?post=7996"}],"wp:featuredmedia":[{"embeddable":true,"href":"https:\/\/www.christallk.com\/en\/wp-json\/wp\/v2\/media\/8003"}],"wp:attachment":[{"href":"https:\/\/www.christallk.com\/en\/wp-json\/wp\/v2\/media?parent=7996"}],"wp:term":[{"taxonomy":"product_brand","embeddable":true,"href":"https:\/\/www.christallk.com\/en\/wp-json\/wp\/v2\/product_brand?post=7996"},{"taxonomy":"product_cat","embeddable":true,"href":"https:\/\/www.christallk.com\/en\/wp-json\/wp\/v2\/product_cat?post=7996"},{"taxonomy":"product_tag","embeddable":true,"href":"https:\/\/www.christallk.com\/en\/wp-json\/wp\/v2\/product_tag?post=7996"}],"curies":[{"name":"wp","href":"https:\/\/api.w.org\/{rel}","templated":true}]}}