{"id":8125,"date":"2025-09-16T10:14:02","date_gmt":"2025-09-16T08:14:02","guid":{"rendered":"https:\/\/www.christallk.com\/?post_type=product&#038;p=8125"},"modified":"2025-09-25T11:05:00","modified_gmt":"2025-09-25T09:05:00","slug":"echos-des-steppes","status":"publish","type":"product","link":"https:\/\/www.christallk.com\/en\/product\/echos-des-steppes\/","title":{"rendered":"Echos des Steppes collection"},"content":{"rendered":"<p>Here is the collection: <strong>Echos des Steppes collection<\/strong>created in collaboration with <strong data-start=\"252\" data-end=\"268\">Noble Nomads<\/strong>.<br data-start=\"269\" data-end=\"272\" \/>Inspired by the traditions of the nomadic peoples of Mongolia, the collection showcases rare and precious fibers \u2013 cashmere, yak and camel \u2013 worked with respect and expertise.<br data-start=\"462\" data-end=\"465\" \/>Timeless essentials, designed to bring warmth, softness and elegance, just like the steppes that inspired them.<\/p>\n<h3>Yarn<\/h3>\n<p>You need DK yarns to work these four pieces.<\/p>\n<p>I used <a href=\"https:\/\/www.noble-nomads.de\/en\/\">NOBLE NOMADS<\/a> Camel DK (100% camel) 200 m \/ 100\u202fg for hat and sweater, NOBLE NOMADS Cashmere DK (100% cashmere) for mitts and one of the hat samples and NOBLE NOMADS Yak DK (100% yak) for the shawl.<\/p>\n<p>Every piece will be released 16\/9, 18\/9, 23\/9 and 25\/9\/2025.<\/p>\n<h3>Level<\/h3>\n<p>2\/5 and 3\/5 depending on pieces.<\/p>","protected":false},"excerpt":{"rendered":"<p>Here is the collection: <strong>Echos des Steppes collection<\/strong>created in collaboration with <strong data-start=\"252\" data-end=\"268\">Noble Nomads<\/strong>.<br data-start=\"269\" data-end=\"272\" \/>Inspired by the traditions of the nomadic peoples of Mongolia, the collection showcases rare and precious fibers \u2013 cashmere, yak and camel \u2013 worked with respect and expertise.<br data-start=\"462\" data-end=\"465\" \/>Timeless essentials, designed to bring warmth, softness and elegance, just like the steppes that inspired them.<\/p>\n<p>Downloadable pdf patterns <strong>pdf patterns<\/strong> : once the order is validated, a download link is available on the order page. <strong>Remember to download it because the link is temporary.<\/strong><\/p>\n<p><em>VAT is calculated when the shopping cart is validated.<\/em><\/p>\n<div id=\"ConnectiveDocSignExtentionInstalled\" data-extension-version=\"1.0.4\"><\/div>","protected":false},"featured_media":8129,"comment_status":"closed","ping_status":"closed","template":"","meta":{"jetpack_publicize_message":"","jetpack_publicize_feature_enabled":true,"jetpack_social_post_already_shared":true,"jetpack_social_options":{"image_generator_settings":{"template":"highway","default_image_id":0,"font":"","enabled":false},"version":2}},"product_brand":[],"product_cat":[319,318,308,320],"product_tag":[],"class_list":{"0":"post-8125","1":"product","2":"type-product","3":"status-publish","4":"has-post-thumbnail","6":"product_cat-english-pattern","7":"product_cat-patrons-en-francais","8":"product_cat-patterns-modeles","9":"product_cat-pulls","12":"first","13":"instock","14":"taxable","15":"shipping-taxable","16":"purchasable","17":"product-type-variable"},"yoast_head":"<!-- This site is optimized with the Yoast SEO plugin v27.5 - https:\/\/yoast.com\/product\/yoast-seo-wordpress\/ -->\n<title>Echos des Steppes - ChristalLK<\/title>\n<meta name=\"description\" content=\"Echos des Steppes est inspir\u00e9e des traditions des peuples nomades, la collection met \u00e0 l\u2019honneur des fibres rares de Mongolie.\" \/>\n<meta name=\"robots\" content=\"index, follow, max-snippet:-1, max-image-preview:large, max-video-preview:-1\" \/>\n<link rel=\"canonical\" href=\"https:\/\/www.christallk.com\/en\/product\/echos-des-steppes\/\" \/>\n<meta property=\"og:locale\" content=\"en_US\" \/>\n<meta property=\"og:type\" content=\"article\" \/>\n<meta property=\"og:title\" content=\"Echos des Steppes - ChristalLK\" \/>\n<meta property=\"og:description\" content=\"Echos des Steppes est inspir\u00e9e des traditions des peuples nomades, la collection met \u00e0 l\u2019honneur des fibres rares de Mongolie.\" \/>\n<meta property=\"og:url\" content=\"https:\/\/www.christallk.com\/en\/product\/echos-des-steppes\/\" \/>\n<meta property=\"og:site_name\" content=\"ChristalLK\" \/>\n<meta property=\"article:publisher\" content=\"https:\/\/www.facebook.com\/ChristalLittleK\/\" \/>\n<meta property=\"article:modified_time\" content=\"2025-09-25T09:05:00+00:00\" \/>\n<meta property=\"og:image\" content=\"https:\/\/www.christallk.com\/wp-content\/uploads\/2025\/09\/Echos-des.jpg\" \/>\n\t<meta property=\"og:image:width\" content=\"1485\" \/>\n\t<meta property=\"og:image:height\" content=\"1856\" \/>\n\t<meta property=\"og:image:type\" content=\"image\/jpeg\" \/>\n<meta name=\"twitter:card\" content=\"summary_large_image\" \/>\n<meta name=\"twitter:label1\" content=\"Est. reading time\" \/>\n\t<meta name=\"twitter:data1\" content=\"1 minute\" \/>\n<script type=\"application\/ld+json\" class=\"yoast-schema-graph\">{\"@context\":\"https:\\\/\\\/schema.org\",\"@graph\":[{\"@type\":\"WebPage\",\"@id\":\"https:\\\/\\\/www.christallk.com\\\/product\\\/echos-des-steppes\\\/\",\"url\":\"https:\\\/\\\/www.christallk.com\\\/product\\\/echos-des-steppes\\\/\",\"name\":\"Echos des Steppes - ChristalLK\",\"isPartOf\":{\"@id\":\"https:\\\/\\\/www.christallk.com\\\/#website\"},\"primaryImageOfPage\":{\"@id\":\"https:\\\/\\\/www.christallk.com\\\/product\\\/echos-des-steppes\\\/#primaryimage\"},\"image\":{\"@id\":\"https:\\\/\\\/www.christallk.com\\\/product\\\/echos-des-steppes\\\/#primaryimage\"},\"thumbnailUrl\":\"https:\\\/\\\/www.christallk.com\\\/wp-content\\\/uploads\\\/2025\\\/09\\\/Echos-des.jpg\",\"datePublished\":\"2025-09-16T08:14:02+00:00\",\"dateModified\":\"2025-09-25T09:05:00+00:00\",\"description\":\"Echos des Steppes est inspir\u00e9e des traditions des peuples nomades, la collection met \u00e0 l\u2019honneur des fibres rares de Mongolie.\",\"breadcrumb\":{\"@id\":\"https:\\\/\\\/www.christallk.com\\\/product\\\/echos-des-steppes\\\/#breadcrumb\"},\"inLanguage\":\"en-US\",\"potentialAction\":[{\"@type\":\"ReadAction\",\"target\":[\"https:\\\/\\\/www.christallk.com\\\/product\\\/echos-des-steppes\\\/\"]}]},{\"@type\":\"ImageObject\",\"inLanguage\":\"en-US\",\"@id\":\"https:\\\/\\\/www.christallk.com\\\/product\\\/echos-des-steppes\\\/#primaryimage\",\"url\":\"https:\\\/\\\/www.christallk.com\\\/wp-content\\\/uploads\\\/2025\\\/09\\\/Echos-des.jpg\",\"contentUrl\":\"https:\\\/\\\/www.christallk.com\\\/wp-content\\\/uploads\\\/2025\\\/09\\\/Echos-des.jpg\",\"width\":1485,\"height\":1856},{\"@type\":\"BreadcrumbList\",\"@id\":\"https:\\\/\\\/www.christallk.com\\\/product\\\/echos-des-steppes\\\/#breadcrumb\",\"itemListElement\":[{\"@type\":\"ListItem\",\"position\":1,\"name\":\"Home\",\"item\":\"https:\\\/\\\/www.christallk.com\\\/\"},{\"@type\":\"ListItem\",\"position\":2,\"name\":\"Boutique\",\"item\":\"https:\\\/\\\/www.christallk.com\\\/language\\\/fr\\\/shop\\\/\"},{\"@type\":\"ListItem\",\"position\":3,\"name\":\"Echos des Steppes\"}]},{\"@type\":\"WebSite\",\"@id\":\"https:\\\/\\\/www.christallk.com\\\/#website\",\"url\":\"https:\\\/\\\/www.christallk.com\\\/\",\"name\":\"ChristalLK\",\"description\":\"ChristalLK Website\",\"publisher\":{\"@id\":\"https:\\\/\\\/www.christallk.com\\\/#organization\"},\"potentialAction\":[{\"@type\":\"SearchAction\",\"target\":{\"@type\":\"EntryPoint\",\"urlTemplate\":\"https:\\\/\\\/www.christallk.com\\\/?s={search_term_string}\"},\"query-input\":{\"@type\":\"PropertyValueSpecification\",\"valueRequired\":true,\"valueName\":\"search_term_string\"}}],\"inLanguage\":\"en-US\"},{\"@type\":\"Organization\",\"@id\":\"https:\\\/\\\/www.christallk.com\\\/#organization\",\"name\":\"ChristalLK\",\"url\":\"https:\\\/\\\/www.christallk.com\\\/\",\"logo\":{\"@type\":\"ImageObject\",\"inLanguage\":\"en-US\",\"@id\":\"https:\\\/\\\/www.christallk.com\\\/#\\\/schema\\\/logo\\\/image\\\/\",\"url\":\"https:\\\/\\\/i2.wp.com\\\/www.christallk.com\\\/wp-content\\\/uploads\\\/2020\\\/05\\\/canvas_logo_clk.png?fit=650%2C600\",\"contentUrl\":\"https:\\\/\\\/i2.wp.com\\\/www.christallk.com\\\/wp-content\\\/uploads\\\/2020\\\/05\\\/canvas_logo_clk.png?fit=650%2C600\",\"width\":650,\"height\":600,\"caption\":\"ChristalLK\"},\"image\":{\"@id\":\"https:\\\/\\\/www.christallk.com\\\/#\\\/schema\\\/logo\\\/image\\\/\"},\"sameAs\":[\"https:\\\/\\\/www.facebook.com\\\/ChristalLittleK\\\/\",\"https:\\\/\\\/www.instagram.com\\\/christallittlek\\\/\",\"https:\\\/\\\/www.pinterest.com\\\/christallk1637\\\/\",\"https:\\\/\\\/www.youtube.com\\\/channel\\\/UCk8kNDAInlkf2fCr6pU-_oA?view_as=subscriber\"]}]}<\/script>\n<!-- \/ Yoast SEO plugin. -->","yoast_head_json":{"title":"Echos des Steppes - ChristalLK","description":"Echos des Steppes est inspir\u00e9e des traditions des peuples nomades, la collection met \u00e0 l\u2019honneur des fibres rares de Mongolie.","robots":{"index":"index","follow":"follow","max-snippet":"max-snippet:-1","max-image-preview":"max-image-preview:large","max-video-preview":"max-video-preview:-1"},"canonical":"https:\/\/www.christallk.com\/en\/product\/echos-des-steppes\/","og_locale":"en_US","og_type":"article","og_title":"Echos des Steppes - ChristalLK","og_description":"Echos des Steppes est inspir\u00e9e des traditions des peuples nomades, la collection met \u00e0 l\u2019honneur des fibres rares de Mongolie.","og_url":"https:\/\/www.christallk.com\/en\/product\/echos-des-steppes\/","og_site_name":"ChristalLK","article_publisher":"https:\/\/www.facebook.com\/ChristalLittleK\/","article_modified_time":"2025-09-25T09:05:00+00:00","og_image":[{"width":1485,"height":1856,"url":"https:\/\/www.christallk.com\/wp-content\/uploads\/2025\/09\/Echos-des.jpg","type":"image\/jpeg"}],"twitter_card":"summary_large_image","twitter_misc":{"Est. reading time":"1 minute"},"schema":{"@context":"https:\/\/schema.org","@graph":[{"@type":"WebPage","@id":"https:\/\/www.christallk.com\/product\/echos-des-steppes\/","url":"https:\/\/www.christallk.com\/product\/echos-des-steppes\/","name":"Echos des Steppes - ChristalLK","isPartOf":{"@id":"https:\/\/www.christallk.com\/#website"},"primaryImageOfPage":{"@id":"https:\/\/www.christallk.com\/product\/echos-des-steppes\/#primaryimage"},"image":{"@id":"https:\/\/www.christallk.com\/product\/echos-des-steppes\/#primaryimage"},"thumbnailUrl":"https:\/\/www.christallk.com\/wp-content\/uploads\/2025\/09\/Echos-des.jpg","datePublished":"2025-09-16T08:14:02+00:00","dateModified":"2025-09-25T09:05:00+00:00","description":"Echos des Steppes est inspir\u00e9e des traditions des peuples nomades, la collection met \u00e0 l\u2019honneur des fibres rares de Mongolie.","breadcrumb":{"@id":"https:\/\/www.christallk.com\/product\/echos-des-steppes\/#breadcrumb"},"inLanguage":"en-US","potentialAction":[{"@type":"ReadAction","target":["https:\/\/www.christallk.com\/product\/echos-des-steppes\/"]}]},{"@type":"ImageObject","inLanguage":"en-US","@id":"https:\/\/www.christallk.com\/product\/echos-des-steppes\/#primaryimage","url":"https:\/\/www.christallk.com\/wp-content\/uploads\/2025\/09\/Echos-des.jpg","contentUrl":"https:\/\/www.christallk.com\/wp-content\/uploads\/2025\/09\/Echos-des.jpg","width":1485,"height":1856},{"@type":"BreadcrumbList","@id":"https:\/\/www.christallk.com\/product\/echos-des-steppes\/#breadcrumb","itemListElement":[{"@type":"ListItem","position":1,"name":"Home","item":"https:\/\/www.christallk.com\/"},{"@type":"ListItem","position":2,"name":"Boutique","item":"https:\/\/www.christallk.com\/language\/fr\/shop\/"},{"@type":"ListItem","position":3,"name":"Echos des Steppes"}]},{"@type":"WebSite","@id":"https:\/\/www.christallk.com\/#website","url":"https:\/\/www.christallk.com\/","name":"ChristalLK","description":"ChristalLK Website","publisher":{"@id":"https:\/\/www.christallk.com\/#organization"},"potentialAction":[{"@type":"SearchAction","target":{"@type":"EntryPoint","urlTemplate":"https:\/\/www.christallk.com\/?s={search_term_string}"},"query-input":{"@type":"PropertyValueSpecification","valueRequired":true,"valueName":"search_term_string"}}],"inLanguage":"en-US"},{"@type":"Organization","@id":"https:\/\/www.christallk.com\/#organization","name":"ChristalLK","url":"https:\/\/www.christallk.com\/","logo":{"@type":"ImageObject","inLanguage":"en-US","@id":"https:\/\/www.christallk.com\/#\/schema\/logo\/image\/","url":"https:\/\/i2.wp.com\/www.christallk.com\/wp-content\/uploads\/2020\/05\/canvas_logo_clk.png?fit=650%2C600","contentUrl":"https:\/\/i2.wp.com\/www.christallk.com\/wp-content\/uploads\/2020\/05\/canvas_logo_clk.png?fit=650%2C600","width":650,"height":600,"caption":"ChristalLK"},"image":{"@id":"https:\/\/www.christallk.com\/#\/schema\/logo\/image\/"},"sameAs":["https:\/\/www.facebook.com\/ChristalLittleK\/","https:\/\/www.instagram.com\/christallittlek\/","https:\/\/www.pinterest.com\/christallk1637\/","https:\/\/www.youtube.com\/channel\/UCk8kNDAInlkf2fCr6pU-_oA?view_as=subscriber"]}]}},"jetpack_publicize_connections":[],"jetpack_likes_enabled":true,"jetpack-related-posts":[{"id":8151,"url":"https:\/\/www.christallk.com\/en\/product\/joshan-mitts\/","url_meta":{"origin":8125,"position":0},"title":"Joshan Mitts","author":"Christelle","date":"September 23, 2025","format":false,"excerpt":"Les moufles Joshan font partie de la collection \u00a0Echos des Steppes., cr\u00e9\u00e9e en collaboration avec Noble Nomads.Tricot\u00e9es en pur cachemire, elles offrent une chaleur incomparable et une douceur unique, pour des mains prot\u00e9g\u00e9es avec \u00e9l\u00e9gance tout au long de l\u2019hiver. Patron pdf t\u00e9l\u00e9chargeable : une fois la commande valid\u00e9e, un\u2026","rel":"","context":"Similar post","block_context":{"text":"Similar post","link":""},"img":{"alt_text":"","src":"https:\/\/i0.wp.com\/www.christallk.com\/wp-content\/uploads\/2025\/09\/altaiscarf_final-09-e1758534827649.jpg?resize=350%2C200&ssl=1","width":350,"height":200,"srcset":"https:\/\/i0.wp.com\/www.christallk.com\/wp-content\/uploads\/2025\/09\/altaiscarf_final-09-e1758534827649.jpg?resize=350%2C200&ssl=1 1x, https:\/\/i0.wp.com\/www.christallk.com\/wp-content\/uploads\/2025\/09\/altaiscarf_final-09-e1758534827649.jpg?resize=525%2C300&ssl=1 1.5x, https:\/\/i0.wp.com\/www.christallk.com\/wp-content\/uploads\/2025\/09\/altaiscarf_final-09-e1758534827649.jpg?resize=700%2C400&ssl=1 2x, https:\/\/i0.wp.com\/www.christallk.com\/wp-content\/uploads\/2025\/09\/altaiscarf_final-09-e1758534827649.jpg?resize=1050%2C600&ssl=1 3x, https:\/\/i0.wp.com\/www.christallk.com\/wp-content\/uploads\/2025\/09\/altaiscarf_final-09-e1758534827649.jpg?resize=1400%2C800&ssl=1 4x"},"classes":[]},{"id":8112,"url":"https:\/\/www.christallk.com\/en\/product\/altai-hat\/","url_meta":{"origin":8125,"position":1},"title":"Alta\u00ef Hat","author":"Christelle","date":"September 16, 2025","format":false,"excerpt":"Le bonnet Alta\u00ef est tricot\u00e9 dans un fil d\u2019exception, il est \u00e0 la fois l\u00e9ger, chaud et incroyablement doux.Son nom rend hommage aux montagnes de l\u2019Alta\u00ef, berceau des peuples nomades qui inspirent la collection Echos des Steppes. Patron pdf t\u00e9l\u00e9chargeable : une fois la commande valid\u00e9e, un lien de t\u00e9l\u00e9chargement\u2026","rel":"","context":"Similar post","block_context":{"text":"Similar post","link":""},"img":{"alt_text":"","src":"https:\/\/i0.wp.com\/www.christallk.com\/wp-content\/uploads\/2025\/09\/20250914_180510-scaled.jpg?resize=350%2C200&ssl=1","width":350,"height":200,"srcset":"https:\/\/i0.wp.com\/www.christallk.com\/wp-content\/uploads\/2025\/09\/20250914_180510-scaled.jpg?resize=350%2C200&ssl=1 1x, https:\/\/i0.wp.com\/www.christallk.com\/wp-content\/uploads\/2025\/09\/20250914_180510-scaled.jpg?resize=525%2C300&ssl=1 1.5x, https:\/\/i0.wp.com\/www.christallk.com\/wp-content\/uploads\/2025\/09\/20250914_180510-scaled.jpg?resize=700%2C400&ssl=1 2x, https:\/\/i0.wp.com\/www.christallk.com\/wp-content\/uploads\/2025\/09\/20250914_180510-scaled.jpg?resize=1050%2C600&ssl=1 3x, https:\/\/i0.wp.com\/www.christallk.com\/wp-content\/uploads\/2025\/09\/20250914_180510-scaled.jpg?resize=1400%2C800&ssl=1 4x"},"classes":[]},{"id":8165,"url":"https:\/\/www.christallk.com\/en\/product\/joshan-sweater\/","url_meta":{"origin":8125,"position":2},"title":"Joshan Sweater","author":"Christelle","date":"September 25, 2025","format":false,"excerpt":"Le pull Joshan est la pi\u00e8ce ma\u00eetresse de la collection \u00c9chos des Steppes. Inspir\u00e9 des armures mongoles dont il porte le nom, ce mod\u00e8le masculin allie force et raffinement. Con\u00e7u en chameau, il met en valeur la richesse des couleurs naturelles des toisons, sans teinture, pour un rendu authentique et\u2026","rel":"","context":"Similar post","block_context":{"text":"Similar post","link":""},"img":{"alt_text":"","src":"https:\/\/i0.wp.com\/www.christallk.com\/wp-content\/uploads\/2025\/09\/joshansweater-12.jpg?resize=350%2C200&ssl=1","width":350,"height":200,"srcset":"https:\/\/i0.wp.com\/www.christallk.com\/wp-content\/uploads\/2025\/09\/joshansweater-12.jpg?resize=350%2C200&ssl=1 1x, https:\/\/i0.wp.com\/www.christallk.com\/wp-content\/uploads\/2025\/09\/joshansweater-12.jpg?resize=525%2C300&ssl=1 1.5x, https:\/\/i0.wp.com\/www.christallk.com\/wp-content\/uploads\/2025\/09\/joshansweater-12.jpg?resize=700%2C400&ssl=1 2x, https:\/\/i0.wp.com\/www.christallk.com\/wp-content\/uploads\/2025\/09\/joshansweater-12.jpg?resize=1050%2C600&ssl=1 3x, https:\/\/i0.wp.com\/www.christallk.com\/wp-content\/uploads\/2025\/09\/joshansweater-12.jpg?resize=1400%2C800&ssl=1 4x"},"classes":[]},{"id":8134,"url":"https:\/\/www.christallk.com\/en\/product\/altai-scarf\/","url_meta":{"origin":8125,"position":3},"title":"Alta\u00ef Scarf","author":"Christelle","date":"September 18, 2025","format":false,"excerpt":"L'\u00e9charpe Alta\u00ef Scarf fait partie de la collection Echos des Steppes., inspir\u00e9e par les traditions des nomades mongols et leur lien unique avec les animaux qui fournissent ces fibres rares. Con\u00e7ue pour allier chaleur, douceur et \u00e9l\u00e9gance, elle devient un essentiel intemporel \u00e0 porter au quotidien. Patron pdf t\u00e9l\u00e9chargeable :\u2026","rel":"","context":"Similar post","block_context":{"text":"Similar post","link":""},"img":{"alt_text":"","src":"https:\/\/i0.wp.com\/www.christallk.com\/wp-content\/uploads\/2025\/09\/20250917_182554-1-scaled.jpg?resize=350%2C200&ssl=1","width":350,"height":200,"srcset":"https:\/\/i0.wp.com\/www.christallk.com\/wp-content\/uploads\/2025\/09\/20250917_182554-1-scaled.jpg?resize=350%2C200&ssl=1 1x, https:\/\/i0.wp.com\/www.christallk.com\/wp-content\/uploads\/2025\/09\/20250917_182554-1-scaled.jpg?resize=525%2C300&ssl=1 1.5x, https:\/\/i0.wp.com\/www.christallk.com\/wp-content\/uploads\/2025\/09\/20250917_182554-1-scaled.jpg?resize=700%2C400&ssl=1 2x, https:\/\/i0.wp.com\/www.christallk.com\/wp-content\/uploads\/2025\/09\/20250917_182554-1-scaled.jpg?resize=1050%2C600&ssl=1 3x, https:\/\/i0.wp.com\/www.christallk.com\/wp-content\/uploads\/2025\/09\/20250917_182554-1-scaled.jpg?resize=1400%2C800&ssl=1 4x"},"classes":[]},{"id":6907,"url":"https:\/\/www.christallk.com\/en\/product\/peregrine-nebuleuses-dk\/","url_meta":{"origin":8125,"position":4},"title":"Peregrine Nebulae DK","author":"Christelle","date":"November 14, 2024","format":false,"excerpt":"100% Est \u00e0 Laine m\u00e9rinos 190 m \/ 100 g \u00e9lev\u00e9 et r\u00e9colt\u00e9 en France lav\u00e9 en Belgique peign\u00e9 en France fil\u00e9 en France teint en en France non superwash aiguilles 3,5 \u00e0 5 mm La TVA et les frais de livraison sont calcul\u00e9s \u00e0 la validation du panier.","rel":"","context":"Similar post","block_context":{"text":"Similar post","link":""},"img":{"alt_text":"","src":"https:\/\/i0.wp.com\/www.christallk.com\/wp-content\/uploads\/2024\/11\/20241009_124159-01-01-scaled.jpeg?resize=350%2C200&ssl=1","width":350,"height":200,"srcset":"https:\/\/i0.wp.com\/www.christallk.com\/wp-content\/uploads\/2024\/11\/20241009_124159-01-01-scaled.jpeg?resize=350%2C200&ssl=1 1x, https:\/\/i0.wp.com\/www.christallk.com\/wp-content\/uploads\/2024\/11\/20241009_124159-01-01-scaled.jpeg?resize=525%2C300&ssl=1 1.5x, https:\/\/i0.wp.com\/www.christallk.com\/wp-content\/uploads\/2024\/11\/20241009_124159-01-01-scaled.jpeg?resize=700%2C400&ssl=1 2x, https:\/\/i0.wp.com\/www.christallk.com\/wp-content\/uploads\/2024\/11\/20241009_124159-01-01-scaled.jpeg?resize=1050%2C600&ssl=1 3x, https:\/\/i0.wp.com\/www.christallk.com\/wp-content\/uploads\/2024\/11\/20241009_124159-01-01-scaled.jpeg?resize=1400%2C800&ssl=1 4x"},"classes":[]},{"id":6333,"url":"https:\/\/www.christallk.com\/en\/product\/silky-wisteria\/","url_meta":{"origin":8125,"position":5},"title":"Silky Wisteria","author":"Christelle","date":"January 25, 2024","format":false,"excerpt":"Silky Wisteria is a cable-knit beanie that starts at the ribbed cuff and ends at the crown. You can wear it two ways: as a slouch or as a beanie, with or without a pom-pom. Downloadable PDF pattern: Once your order is confirmed, a download link is\u2026","rel":"","context":"Similar post","block_context":{"text":"Similar post","link":""},"img":{"alt_text":"","src":"https:\/\/i0.wp.com\/www.christallk.com\/wp-content\/uploads\/2024\/01\/SilkyWisteria-03.jpg?resize=350%2C200&ssl=1","width":350,"height":200,"srcset":"https:\/\/i0.wp.com\/www.christallk.com\/wp-content\/uploads\/2024\/01\/SilkyWisteria-03.jpg?resize=350%2C200&ssl=1 1x, https:\/\/i0.wp.com\/www.christallk.com\/wp-content\/uploads\/2024\/01\/SilkyWisteria-03.jpg?resize=525%2C300&ssl=1 1.5x, https:\/\/i0.wp.com\/www.christallk.com\/wp-content\/uploads\/2024\/01\/SilkyWisteria-03.jpg?resize=700%2C400&ssl=1 2x"},"classes":[]}],"jetpack_sharing_enabled":true,"_links":{"self":[{"href":"https:\/\/www.christallk.com\/en\/wp-json\/wp\/v2\/product\/8125","targetHints":{"allow":["GET"]}}],"collection":[{"href":"https:\/\/www.christallk.com\/en\/wp-json\/wp\/v2\/product"}],"about":[{"href":"https:\/\/www.christallk.com\/en\/wp-json\/wp\/v2\/types\/product"}],"replies":[{"embeddable":true,"href":"https:\/\/www.christallk.com\/en\/wp-json\/wp\/v2\/comments?post=8125"}],"wp:featuredmedia":[{"embeddable":true,"href":"https:\/\/www.christallk.com\/en\/wp-json\/wp\/v2\/media\/8129"}],"wp:attachment":[{"href":"https:\/\/www.christallk.com\/en\/wp-json\/wp\/v2\/media?parent=8125"}],"wp:term":[{"taxonomy":"product_brand","embeddable":true,"href":"https:\/\/www.christallk.com\/en\/wp-json\/wp\/v2\/product_brand?post=8125"},{"taxonomy":"product_cat","embeddable":true,"href":"https:\/\/www.christallk.com\/en\/wp-json\/wp\/v2\/product_cat?post=8125"},{"taxonomy":"product_tag","embeddable":true,"href":"https:\/\/www.christallk.com\/en\/wp-json\/wp\/v2\/product_tag?post=8125"}],"curies":[{"name":"wp","href":"https:\/\/api.w.org\/{rel}","templated":true}]}}