{"id":8165,"date":"2025-09-25T10:11:50","date_gmt":"2025-09-25T08:11:50","guid":{"rendered":"https:\/\/www.christallk.com\/?post_type=product&#038;p=8165"},"modified":"2025-09-25T11:03:34","modified_gmt":"2025-09-25T09:03:34","slug":"joshan-sweater","status":"publish","type":"product","link":"https:\/\/www.christallk.com\/en\/product\/joshan-sweater\/","title":{"rendered":"Joshan Sweater"},"content":{"rendered":"<p>The <strong data-start=\"130\" data-end=\"145\">Joshan Sweater<\/strong> is the center piece of the collection <strong data-start=\"186\" data-end=\"207\">\u00c9chos des Steppes<\/strong>. Inspired by the Mongolian armor from which it takes its name, this men's model combines strength and refinement. Made from camel hair, it highlights the rich natural colors of the fleece, without dye, for an authentic and timeless look.<\/p>\n<h3>Yarn<\/h3>\n<p>You will need DK weight yarn to knit it.<\/p>\n<p>I used NOBLE NOMADS Camel DK (100% chameau) 200 m \/ 100\u202fg. You need approx. 1101 (1218, 1380)(1478, 1649)(1777, 1940, 2052) m or 6 (7, 7)(8, 9)(9, 10, 11) skeins to knit it.<\/p>\n<h3>Gauge<\/h3>\n<p>21 sts \/ 27 Rds in St st per 10 cm\/4\u201d in the round after blocking, with 4 mm needle<\/p>\n<h3>Notions<\/h3>\n<ul>\n<li>3.5 mm (US 6) 60 cm circ needle for neckline<\/li>\n<li>3.5 mm (US 4) 100 cm circ needle for hem<\/li>\n<li>3.5 mm (US 4 mm (US 6) 100 cm circ needle for body<\/li>\n<li>4 mm (US 6) 60 cm circ needle for front and back<\/li>\n<li>Set of 4 mm (US 6) for sleeves or needles for your prefered method of small circumference knitting for sleeves<\/li>\n<li>Set of 3.25 mm (US 3) for sleeves or needles for your prefered method of small circumference knitting for cuffs<\/li>\n<li>1 tapestry needle<\/li>\n<li>markers if necessary.<\/li>\n<li>6 removable Stitch markers<\/li>\n<\/ul>\n<h3>Final measurements<\/h3>\n<p>101 (110.5, 120)(129.5, 141)(152.5, 164, 171.5) cm<\/p>\n<h3>Construction<\/h3>\n<p>This sweater is worked top down.<br \/>\nFirst, the back is worked flat to the armholes.<br \/>\nYou will then pick up stitches along the shoulders to work the front pieces separately while creating the V-neck.<br \/>\nOnce the front pieces are finished, you will join the back and front pieces to form the body, which you will knit in the round.<br \/>\nThe sleeves are then picked up along the sides of the front and back and worked in stockinette to the cuffs.<br \/>\nThis sweater is worn with a positive ease of 15-22 cm.<\/p>\n<h3>Level<\/h3>\n<p>3\/5<\/p>\n<h3>Used techniques<\/h3>\n<ul>\n<li><a href=\"https:\/\/www.christallk.com\/en\/fr-be\/monter-des-mailles-en-cours-tricot\/\">Cable Cast-On<\/a><\/li>\n<li><a href=\"http:\/\/youtu.be\/kC1VGNE9uKE\">Lori\u2019s Twisty Bind-Off<\/a><\/li>\n<\/ul>","protected":false},"excerpt":{"rendered":"<p>The <strong data-start=\"130\" data-end=\"145\">Joshan Sweater<\/strong> is the center piece of the collection <strong data-start=\"186\" data-end=\"207\">\u00c9chos des Steppes<\/strong>. Inspired by the Mongolian armor from which it takes its name, this men's model combines strength and refinement. Made from camel hair, it highlights the rich natural colors of the fleece, without dye, for an authentic and timeless look.<\/p>\n<p>Downloadable <strong>pdf pattern<\/strong> : once the order is validated, a download link is available on the order page. <strong>Remember to download it because the link is temporary.<\/strong><\/p>\n<p><em>VAT is calculated when the shopping cart is validated.<\/em><\/p>\n<div id=\"ConnectiveDocSignExtentionInstalled\" data-extension-version=\"1.0.4\"><\/div>","protected":false},"featured_media":8179,"comment_status":"closed","ping_status":"closed","template":"","meta":{"jetpack_publicize_message":"","jetpack_publicize_feature_enabled":true,"jetpack_social_post_already_shared":true,"jetpack_social_options":{"image_generator_settings":{"template":"highway","default_image_id":0,"font":"","enabled":false},"version":2}},"product_brand":[],"product_cat":[319,318,308,320],"product_tag":[],"class_list":{"0":"post-8165","1":"product","2":"type-product","3":"status-publish","4":"has-post-thumbnail","6":"product_cat-english-pattern","7":"product_cat-patrons-en-francais","8":"product_cat-patterns-modeles","9":"product_cat-pulls","12":"first","13":"instock","14":"taxable","15":"shipping-taxable","16":"purchasable","17":"product-type-variable"},"yoast_head":"<!-- This site is optimized with the Yoast SEO plugin v27.5 - https:\/\/yoast.com\/product\/yoast-seo-wordpress\/ -->\n<title>Joshan Sweater - ChristalLK<\/title>\n<meta name=\"description\" content=\"Le pull Joshan est la pi\u00e8ce ma\u00eetresse de la collection \u00c9chos des Steppes. Inspir\u00e9 des armures mongoles, ce mod\u00e8le masculin allie force et raffinement.\" \/>\n<meta name=\"robots\" content=\"index, follow, max-snippet:-1, max-image-preview:large, max-video-preview:-1\" \/>\n<link rel=\"canonical\" href=\"https:\/\/www.christallk.com\/en\/product\/joshan-sweater\/\" \/>\n<meta property=\"og:locale\" content=\"en_US\" \/>\n<meta property=\"og:type\" content=\"article\" \/>\n<meta property=\"og:title\" content=\"Joshan Sweater - ChristalLK\" \/>\n<meta property=\"og:description\" content=\"Le pull Joshan est la pi\u00e8ce ma\u00eetresse de la collection \u00c9chos des Steppes. Inspir\u00e9 des armures mongoles, ce mod\u00e8le masculin allie force et raffinement.\" \/>\n<meta property=\"og:url\" content=\"https:\/\/www.christallk.com\/en\/product\/joshan-sweater\/\" \/>\n<meta property=\"og:site_name\" content=\"ChristalLK\" \/>\n<meta property=\"article:publisher\" content=\"https:\/\/www.facebook.com\/ChristalLittleK\/\" \/>\n<meta property=\"article:modified_time\" content=\"2025-09-25T09:03:34+00:00\" \/>\n<meta property=\"og:image\" content=\"https:\/\/www.christallk.com\/wp-content\/uploads\/2025\/09\/joshansweater-12-819x1024.jpg\" \/>\n\t<meta property=\"og:image:width\" content=\"819\" \/>\n\t<meta property=\"og:image:height\" content=\"1024\" \/>\n\t<meta property=\"og:image:type\" content=\"image\/jpeg\" \/>\n<meta name=\"twitter:card\" content=\"summary_large_image\" \/>\n<meta name=\"twitter:label1\" content=\"Est. reading time\" \/>\n\t<meta name=\"twitter:data1\" content=\"2 minutes\" \/>\n<script type=\"application\/ld+json\" class=\"yoast-schema-graph\">{\"@context\":\"https:\\\/\\\/schema.org\",\"@graph\":[{\"@type\":\"WebPage\",\"@id\":\"https:\\\/\\\/www.christallk.com\\\/product\\\/joshan-sweater\\\/\",\"url\":\"https:\\\/\\\/www.christallk.com\\\/product\\\/joshan-sweater\\\/\",\"name\":\"Joshan Sweater - ChristalLK\",\"isPartOf\":{\"@id\":\"https:\\\/\\\/www.christallk.com\\\/#website\"},\"primaryImageOfPage\":{\"@id\":\"https:\\\/\\\/www.christallk.com\\\/product\\\/joshan-sweater\\\/#primaryimage\"},\"image\":{\"@id\":\"https:\\\/\\\/www.christallk.com\\\/product\\\/joshan-sweater\\\/#primaryimage\"},\"thumbnailUrl\":\"https:\\\/\\\/www.christallk.com\\\/wp-content\\\/uploads\\\/2025\\\/09\\\/joshansweater-12.jpg\",\"datePublished\":\"2025-09-25T08:11:50+00:00\",\"dateModified\":\"2025-09-25T09:03:34+00:00\",\"description\":\"Le pull Joshan est la pi\u00e8ce ma\u00eetresse de la collection \u00c9chos des Steppes. Inspir\u00e9 des armures mongoles, ce mod\u00e8le masculin allie force et raffinement.\",\"breadcrumb\":{\"@id\":\"https:\\\/\\\/www.christallk.com\\\/product\\\/joshan-sweater\\\/#breadcrumb\"},\"inLanguage\":\"en-US\",\"potentialAction\":[{\"@type\":\"ReadAction\",\"target\":[\"https:\\\/\\\/www.christallk.com\\\/product\\\/joshan-sweater\\\/\"]}]},{\"@type\":\"ImageObject\",\"inLanguage\":\"en-US\",\"@id\":\"https:\\\/\\\/www.christallk.com\\\/product\\\/joshan-sweater\\\/#primaryimage\",\"url\":\"https:\\\/\\\/www.christallk.com\\\/wp-content\\\/uploads\\\/2025\\\/09\\\/joshansweater-12.jpg\",\"contentUrl\":\"https:\\\/\\\/www.christallk.com\\\/wp-content\\\/uploads\\\/2025\\\/09\\\/joshansweater-12.jpg\",\"width\":1638,\"height\":2048},{\"@type\":\"BreadcrumbList\",\"@id\":\"https:\\\/\\\/www.christallk.com\\\/product\\\/joshan-sweater\\\/#breadcrumb\",\"itemListElement\":[{\"@type\":\"ListItem\",\"position\":1,\"name\":\"Home\",\"item\":\"https:\\\/\\\/www.christallk.com\\\/\"},{\"@type\":\"ListItem\",\"position\":2,\"name\":\"Boutique\",\"item\":\"https:\\\/\\\/www.christallk.com\\\/language\\\/fr\\\/shop\\\/\"},{\"@type\":\"ListItem\",\"position\":3,\"name\":\"Joshan Sweater\"}]},{\"@type\":\"WebSite\",\"@id\":\"https:\\\/\\\/www.christallk.com\\\/#website\",\"url\":\"https:\\\/\\\/www.christallk.com\\\/\",\"name\":\"ChristalLK\",\"description\":\"ChristalLK Website\",\"publisher\":{\"@id\":\"https:\\\/\\\/www.christallk.com\\\/#organization\"},\"potentialAction\":[{\"@type\":\"SearchAction\",\"target\":{\"@type\":\"EntryPoint\",\"urlTemplate\":\"https:\\\/\\\/www.christallk.com\\\/?s={search_term_string}\"},\"query-input\":{\"@type\":\"PropertyValueSpecification\",\"valueRequired\":true,\"valueName\":\"search_term_string\"}}],\"inLanguage\":\"en-US\"},{\"@type\":\"Organization\",\"@id\":\"https:\\\/\\\/www.christallk.com\\\/#organization\",\"name\":\"ChristalLK\",\"url\":\"https:\\\/\\\/www.christallk.com\\\/\",\"logo\":{\"@type\":\"ImageObject\",\"inLanguage\":\"en-US\",\"@id\":\"https:\\\/\\\/www.christallk.com\\\/#\\\/schema\\\/logo\\\/image\\\/\",\"url\":\"https:\\\/\\\/i2.wp.com\\\/www.christallk.com\\\/wp-content\\\/uploads\\\/2020\\\/05\\\/canvas_logo_clk.png?fit=650%2C600\",\"contentUrl\":\"https:\\\/\\\/i2.wp.com\\\/www.christallk.com\\\/wp-content\\\/uploads\\\/2020\\\/05\\\/canvas_logo_clk.png?fit=650%2C600\",\"width\":650,\"height\":600,\"caption\":\"ChristalLK\"},\"image\":{\"@id\":\"https:\\\/\\\/www.christallk.com\\\/#\\\/schema\\\/logo\\\/image\\\/\"},\"sameAs\":[\"https:\\\/\\\/www.facebook.com\\\/ChristalLittleK\\\/\",\"https:\\\/\\\/www.instagram.com\\\/christallittlek\\\/\",\"https:\\\/\\\/www.pinterest.com\\\/christallk1637\\\/\",\"https:\\\/\\\/www.youtube.com\\\/channel\\\/UCk8kNDAInlkf2fCr6pU-_oA?view_as=subscriber\"]}]}<\/script>\n<!-- \/ Yoast SEO plugin. -->","yoast_head_json":{"title":"Joshan Sweater - ChristalLK","description":"Le pull Joshan est la pi\u00e8ce ma\u00eetresse de la collection \u00c9chos des Steppes. Inspir\u00e9 des armures mongoles, ce mod\u00e8le masculin allie force et raffinement.","robots":{"index":"index","follow":"follow","max-snippet":"max-snippet:-1","max-image-preview":"max-image-preview:large","max-video-preview":"max-video-preview:-1"},"canonical":"https:\/\/www.christallk.com\/en\/product\/joshan-sweater\/","og_locale":"en_US","og_type":"article","og_title":"Joshan Sweater - ChristalLK","og_description":"Le pull Joshan est la pi\u00e8ce ma\u00eetresse de la collection \u00c9chos des Steppes. Inspir\u00e9 des armures mongoles, ce mod\u00e8le masculin allie force et raffinement.","og_url":"https:\/\/www.christallk.com\/en\/product\/joshan-sweater\/","og_site_name":"ChristalLK","article_publisher":"https:\/\/www.facebook.com\/ChristalLittleK\/","article_modified_time":"2025-09-25T09:03:34+00:00","og_image":[{"width":819,"height":1024,"url":"https:\/\/www.christallk.com\/wp-content\/uploads\/2025\/09\/joshansweater-12-819x1024.jpg","type":"image\/jpeg"}],"twitter_card":"summary_large_image","twitter_misc":{"Est. reading time":"2 minutes"},"schema":{"@context":"https:\/\/schema.org","@graph":[{"@type":"WebPage","@id":"https:\/\/www.christallk.com\/product\/joshan-sweater\/","url":"https:\/\/www.christallk.com\/product\/joshan-sweater\/","name":"Joshan Sweater - ChristalLK","isPartOf":{"@id":"https:\/\/www.christallk.com\/#website"},"primaryImageOfPage":{"@id":"https:\/\/www.christallk.com\/product\/joshan-sweater\/#primaryimage"},"image":{"@id":"https:\/\/www.christallk.com\/product\/joshan-sweater\/#primaryimage"},"thumbnailUrl":"https:\/\/www.christallk.com\/wp-content\/uploads\/2025\/09\/joshansweater-12.jpg","datePublished":"2025-09-25T08:11:50+00:00","dateModified":"2025-09-25T09:03:34+00:00","description":"Le pull Joshan est la pi\u00e8ce ma\u00eetresse de la collection \u00c9chos des Steppes. Inspir\u00e9 des armures mongoles, ce mod\u00e8le masculin allie force et raffinement.","breadcrumb":{"@id":"https:\/\/www.christallk.com\/product\/joshan-sweater\/#breadcrumb"},"inLanguage":"en-US","potentialAction":[{"@type":"ReadAction","target":["https:\/\/www.christallk.com\/product\/joshan-sweater\/"]}]},{"@type":"ImageObject","inLanguage":"en-US","@id":"https:\/\/www.christallk.com\/product\/joshan-sweater\/#primaryimage","url":"https:\/\/www.christallk.com\/wp-content\/uploads\/2025\/09\/joshansweater-12.jpg","contentUrl":"https:\/\/www.christallk.com\/wp-content\/uploads\/2025\/09\/joshansweater-12.jpg","width":1638,"height":2048},{"@type":"BreadcrumbList","@id":"https:\/\/www.christallk.com\/product\/joshan-sweater\/#breadcrumb","itemListElement":[{"@type":"ListItem","position":1,"name":"Home","item":"https:\/\/www.christallk.com\/"},{"@type":"ListItem","position":2,"name":"Boutique","item":"https:\/\/www.christallk.com\/language\/fr\/shop\/"},{"@type":"ListItem","position":3,"name":"Joshan Sweater"}]},{"@type":"WebSite","@id":"https:\/\/www.christallk.com\/#website","url":"https:\/\/www.christallk.com\/","name":"ChristalLK","description":"ChristalLK Website","publisher":{"@id":"https:\/\/www.christallk.com\/#organization"},"potentialAction":[{"@type":"SearchAction","target":{"@type":"EntryPoint","urlTemplate":"https:\/\/www.christallk.com\/?s={search_term_string}"},"query-input":{"@type":"PropertyValueSpecification","valueRequired":true,"valueName":"search_term_string"}}],"inLanguage":"en-US"},{"@type":"Organization","@id":"https:\/\/www.christallk.com\/#organization","name":"ChristalLK","url":"https:\/\/www.christallk.com\/","logo":{"@type":"ImageObject","inLanguage":"en-US","@id":"https:\/\/www.christallk.com\/#\/schema\/logo\/image\/","url":"https:\/\/i2.wp.com\/www.christallk.com\/wp-content\/uploads\/2020\/05\/canvas_logo_clk.png?fit=650%2C600","contentUrl":"https:\/\/i2.wp.com\/www.christallk.com\/wp-content\/uploads\/2020\/05\/canvas_logo_clk.png?fit=650%2C600","width":650,"height":600,"caption":"ChristalLK"},"image":{"@id":"https:\/\/www.christallk.com\/#\/schema\/logo\/image\/"},"sameAs":["https:\/\/www.facebook.com\/ChristalLittleK\/","https:\/\/www.instagram.com\/christallittlek\/","https:\/\/www.pinterest.com\/christallk1637\/","https:\/\/www.youtube.com\/channel\/UCk8kNDAInlkf2fCr6pU-_oA?view_as=subscriber"]}]}},"jetpack_publicize_connections":[],"jetpack_likes_enabled":true,"jetpack-related-posts":[{"id":8112,"url":"https:\/\/www.christallk.com\/en\/product\/altai-hat\/","url_meta":{"origin":8165,"position":0},"title":"Alta\u00ef Hat","author":"Christelle","date":"September 16, 2025","format":false,"excerpt":"Le bonnet Alta\u00ef est tricot\u00e9 dans un fil d\u2019exception, il est \u00e0 la fois l\u00e9ger, chaud et incroyablement doux.Son nom rend hommage aux montagnes de l\u2019Alta\u00ef, berceau des peuples nomades qui inspirent la collection Echos des Steppes. Patron pdf t\u00e9l\u00e9chargeable : une fois la commande valid\u00e9e, un lien de t\u00e9l\u00e9chargement\u2026","rel":"","context":"Similar post","block_context":{"text":"Similar post","link":""},"img":{"alt_text":"","src":"https:\/\/i0.wp.com\/www.christallk.com\/wp-content\/uploads\/2025\/09\/20250914_180510-scaled.jpg?resize=350%2C200&ssl=1","width":350,"height":200,"srcset":"https:\/\/i0.wp.com\/www.christallk.com\/wp-content\/uploads\/2025\/09\/20250914_180510-scaled.jpg?resize=350%2C200&ssl=1 1x, https:\/\/i0.wp.com\/www.christallk.com\/wp-content\/uploads\/2025\/09\/20250914_180510-scaled.jpg?resize=525%2C300&ssl=1 1.5x, https:\/\/i0.wp.com\/www.christallk.com\/wp-content\/uploads\/2025\/09\/20250914_180510-scaled.jpg?resize=700%2C400&ssl=1 2x, https:\/\/i0.wp.com\/www.christallk.com\/wp-content\/uploads\/2025\/09\/20250914_180510-scaled.jpg?resize=1050%2C600&ssl=1 3x, https:\/\/i0.wp.com\/www.christallk.com\/wp-content\/uploads\/2025\/09\/20250914_180510-scaled.jpg?resize=1400%2C800&ssl=1 4x"},"classes":[]},{"id":8216,"url":"https:\/\/www.christallk.com\/en\/product\/sfumato\/","url_meta":{"origin":8165,"position":1},"title":"Sfumato","author":"Christelle","date":"October 17, 2025","format":false,"excerpt":"Inspir\u00e9 de la technique picturale de L\u00e9onard de Vinci, Sfumato joue sur les flous et les transitions subtiles : la lumi\u00e8re glisse sur la texture l\u00e9g\u00e8re du suri, les contours se fondent dans une mati\u00e8re douce et vivante.Tricot\u00e9 en circulaire, sans couture, ce mod\u00e8le se distingue par deux n\u0153uds d\u00e9licats\u2026","rel":"","context":"Similar post","block_context":{"text":"Similar post","link":""},"img":{"alt_text":"","src":"https:\/\/i0.wp.com\/www.christallk.com\/wp-content\/uploads\/2025\/10\/sfumato-5.jpg?resize=350%2C200&ssl=1","width":350,"height":200,"srcset":"https:\/\/i0.wp.com\/www.christallk.com\/wp-content\/uploads\/2025\/10\/sfumato-5.jpg?resize=350%2C200&ssl=1 1x, https:\/\/i0.wp.com\/www.christallk.com\/wp-content\/uploads\/2025\/10\/sfumato-5.jpg?resize=525%2C300&ssl=1 1.5x, https:\/\/i0.wp.com\/www.christallk.com\/wp-content\/uploads\/2025\/10\/sfumato-5.jpg?resize=700%2C400&ssl=1 2x, https:\/\/i0.wp.com\/www.christallk.com\/wp-content\/uploads\/2025\/10\/sfumato-5.jpg?resize=1050%2C600&ssl=1 3x"},"classes":[]},{"id":8151,"url":"https:\/\/www.christallk.com\/en\/product\/joshan-mitts\/","url_meta":{"origin":8165,"position":2},"title":"Joshan Mitts","author":"Christelle","date":"September 23, 2025","format":false,"excerpt":"Les moufles Joshan font partie de la collection \u00a0Echos des Steppes., cr\u00e9\u00e9e en collaboration avec Noble Nomads.Tricot\u00e9es en pur cachemire, elles offrent une chaleur incomparable et une douceur unique, pour des mains prot\u00e9g\u00e9es avec \u00e9l\u00e9gance tout au long de l\u2019hiver. Patron pdf t\u00e9l\u00e9chargeable : une fois la commande valid\u00e9e, un\u2026","rel":"","context":"Similar post","block_context":{"text":"Similar post","link":""},"img":{"alt_text":"","src":"https:\/\/i0.wp.com\/www.christallk.com\/wp-content\/uploads\/2025\/09\/altaiscarf_final-09-e1758534827649.jpg?resize=350%2C200&ssl=1","width":350,"height":200,"srcset":"https:\/\/i0.wp.com\/www.christallk.com\/wp-content\/uploads\/2025\/09\/altaiscarf_final-09-e1758534827649.jpg?resize=350%2C200&ssl=1 1x, https:\/\/i0.wp.com\/www.christallk.com\/wp-content\/uploads\/2025\/09\/altaiscarf_final-09-e1758534827649.jpg?resize=525%2C300&ssl=1 1.5x, https:\/\/i0.wp.com\/www.christallk.com\/wp-content\/uploads\/2025\/09\/altaiscarf_final-09-e1758534827649.jpg?resize=700%2C400&ssl=1 2x, https:\/\/i0.wp.com\/www.christallk.com\/wp-content\/uploads\/2025\/09\/altaiscarf_final-09-e1758534827649.jpg?resize=1050%2C600&ssl=1 3x, https:\/\/i0.wp.com\/www.christallk.com\/wp-content\/uploads\/2025\/09\/altaiscarf_final-09-e1758534827649.jpg?resize=1400%2C800&ssl=1 4x"},"classes":[]},{"id":4237,"url":"https:\/\/www.christallk.com\/en\/product\/broadford\/","url_meta":{"origin":8165,"position":3},"title":"BROADFORD","author":"Christelle","date":"September 11, 2021","format":false,"excerpt":"Broadford est un pull avec un panneau de torsades qui se tricote du haut en bas. C'est le parfait petit pull pour les gar\u00e7ons mais pas que ! Patron pdf t\u00e9l\u00e9chargeable : une fois la commande valid\u00e9e, un lien de t\u00e9l\u00e9chargement est disponible sur la page de commande. Pensez \u00e0\u2026","rel":"","context":"Similar post","block_context":{"text":"Similar post","link":""},"img":{"alt_text":"","src":"https:\/\/i0.wp.com\/www.christallk.com\/wp-content\/uploads\/2021\/09\/broadford_9.jpg?resize=350%2C200&ssl=1","width":350,"height":200,"srcset":"https:\/\/i0.wp.com\/www.christallk.com\/wp-content\/uploads\/2021\/09\/broadford_9.jpg?resize=350%2C200&ssl=1 1x, https:\/\/i0.wp.com\/www.christallk.com\/wp-content\/uploads\/2021\/09\/broadford_9.jpg?resize=525%2C300&ssl=1 1.5x, https:\/\/i0.wp.com\/www.christallk.com\/wp-content\/uploads\/2021\/09\/broadford_9.jpg?resize=700%2C400&ssl=1 2x"},"classes":[]},{"id":6123,"url":"https:\/\/www.christallk.com\/en\/product\/chantilly\/","url_meta":{"origin":8165,"position":4},"title":"Chantilly Sweater","author":"Christelle","date":"October 17, 2023","format":false,"excerpt":"Chantilly is a classic, timeless sweater pattern. And completely adaptable! Downloadable PDF pattern: once your order is confirmed, a download link is available on the order page. Remember to download it, as the link is temporary. VAT is calculated when your cart is confirmed.","rel":"","context":"Similar post","block_context":{"text":"Similar post","link":""},"img":{"alt_text":"","src":"https:\/\/i0.wp.com\/www.christallk.com\/wp-content\/uploads\/2023\/10\/IMG_0019-2.jpg?resize=350%2C200&ssl=1","width":350,"height":200,"srcset":"https:\/\/i0.wp.com\/www.christallk.com\/wp-content\/uploads\/2023\/10\/IMG_0019-2.jpg?resize=350%2C200&ssl=1 1x, https:\/\/i0.wp.com\/www.christallk.com\/wp-content\/uploads\/2023\/10\/IMG_0019-2.jpg?resize=525%2C300&ssl=1 1.5x, https:\/\/i0.wp.com\/www.christallk.com\/wp-content\/uploads\/2023\/10\/IMG_0019-2.jpg?resize=700%2C400&ssl=1 2x, https:\/\/i0.wp.com\/www.christallk.com\/wp-content\/uploads\/2023\/10\/IMG_0019-2.jpg?resize=1050%2C600&ssl=1 3x, https:\/\/i0.wp.com\/www.christallk.com\/wp-content\/uploads\/2023\/10\/IMG_0019-2.jpg?resize=1400%2C800&ssl=1 4x"},"classes":[]},{"id":4676,"url":"https:\/\/www.christallk.com\/en\/product\/pym-pullpy-collection\/","url_meta":{"origin":8165,"position":5},"title":"Pym &amp; Pullpy Collection","author":"Christelle","date":"April 18, 2022","format":false,"excerpt":"This collection contains 7 patterns: A men&#039;s sweater Four pairs of socks Two embroidery patterns And a few items Downloadable PDF pattern: once the order is validated, a download link is available on the order page. Remember to download it because the link is temporary.\u2026","rel":"","context":"Similar post","block_context":{"text":"Similar post","link":""},"img":{"alt_text":"","src":"https:\/\/i0.wp.com\/www.christallk.com\/wp-content\/uploads\/2022\/04\/collec.jpg?resize=350%2C200&ssl=1","width":350,"height":200,"srcset":"https:\/\/i0.wp.com\/www.christallk.com\/wp-content\/uploads\/2022\/04\/collec.jpg?resize=350%2C200&ssl=1 1x, https:\/\/i0.wp.com\/www.christallk.com\/wp-content\/uploads\/2022\/04\/collec.jpg?resize=525%2C300&ssl=1 1.5x, https:\/\/i0.wp.com\/www.christallk.com\/wp-content\/uploads\/2022\/04\/collec.jpg?resize=700%2C400&ssl=1 2x, https:\/\/i0.wp.com\/www.christallk.com\/wp-content\/uploads\/2022\/04\/collec.jpg?resize=1050%2C600&ssl=1 3x, https:\/\/i0.wp.com\/www.christallk.com\/wp-content\/uploads\/2022\/04\/collec.jpg?resize=1400%2C800&ssl=1 4x"},"classes":[]}],"jetpack_sharing_enabled":true,"_links":{"self":[{"href":"https:\/\/www.christallk.com\/en\/wp-json\/wp\/v2\/product\/8165","targetHints":{"allow":["GET"]}}],"collection":[{"href":"https:\/\/www.christallk.com\/en\/wp-json\/wp\/v2\/product"}],"about":[{"href":"https:\/\/www.christallk.com\/en\/wp-json\/wp\/v2\/types\/product"}],"replies":[{"embeddable":true,"href":"https:\/\/www.christallk.com\/en\/wp-json\/wp\/v2\/comments?post=8165"}],"wp:featuredmedia":[{"embeddable":true,"href":"https:\/\/www.christallk.com\/en\/wp-json\/wp\/v2\/media\/8179"}],"wp:attachment":[{"href":"https:\/\/www.christallk.com\/en\/wp-json\/wp\/v2\/media?parent=8165"}],"wp:term":[{"taxonomy":"product_brand","embeddable":true,"href":"https:\/\/www.christallk.com\/en\/wp-json\/wp\/v2\/product_brand?post=8165"},{"taxonomy":"product_cat","embeddable":true,"href":"https:\/\/www.christallk.com\/en\/wp-json\/wp\/v2\/product_cat?post=8165"},{"taxonomy":"product_tag","embeddable":true,"href":"https:\/\/www.christallk.com\/en\/wp-json\/wp\/v2\/product_tag?post=8165"}],"curies":[{"name":"wp","href":"https:\/\/api.w.org\/{rel}","templated":true}]}}