{"id":8216,"date":"2025-10-17T09:00:30","date_gmt":"2025-10-17T07:00:30","guid":{"rendered":"https:\/\/www.christallk.com\/?post_type=product&#038;p=8216"},"modified":"2025-10-16T21:58:51","modified_gmt":"2025-10-16T19:58:51","slug":"sfumato","status":"publish","type":"product","link":"https:\/\/www.christallk.com\/en\/product\/sfumato\/","title":{"rendered":"Sfumato"},"content":{"rendered":"<p>Inspired by Leonardo da Vinci's painting technique, <strong data-start=\"316\" data-end=\"327\">Sfumato<\/strong> plays on blurring and subtle transitions: light glides over the light texture of the suri, contours blend into a soft, living material.<br data-start=\"488\" data-end=\"491\" \/>Worked in the round, without seams, this pattern stands out thanks to two delicate knots\u2014one at the back, the other at the bottom\u2014which add balance and movement.<\/p>\n<h3>Yarn<\/h3>\n<p>You need a worsted yarn to knit it.<\/p>\n<p>I used L\u2019Atelier Teinture Y\u00e9ti DK (90% Baby Suri, 10% Silk) 225 m \/ 100 g approx. 699 (780, 830)(953, 986)(1113, 1233)(1360, 1442) m or 4 (4, 4)(5, 5)(5, 6)(7, 7) skeins color Fox<\/p>\n<h3>Gauge<\/h3>\n<p>17 sts \/ 26 Rds in St st per 10 cm\/4\u201d in the Round after blocking, with 4.5 mm needles<\/p>\n<h3>Notions<\/h3>\n<ul>\n<li>4 mm (US 6) 40 cm circ needle for sleeves ICord<\/li>\n<li>4.5 mm (US 7) 60 cm circ needle for yoke<\/li>\n<li>4.5 mm (US 7) 100 cm circ needle for body<\/li>\n<li>5 mm (US 8) 100 cm circ needle for body and neck ICord<\/li>\n<li>Set of 4.5 mm (US 7) for sleeves or needles for your prefered method of small circumference knitting<\/li>\n<li>1 tapestry needle<\/li>\n<li>4 markers if necessary.<\/li>\n<\/ul>\n<h3>Final measurements<\/h3>\n<p>94 (105, 113)(124, 133)(145, 156)(165, 171) cm<\/p>\n<h3>Construction<\/h3>\n<p>This sweater is worked without seams using the circular yoke method. The neckline is embellished with eyelet lace for added decoration\nif desired.<\/p>\n<p>The back, front and sleeves are worked together before separating them at the armpits to work the body and then add the sleeves.<br \/>\nThis sweater is worn with a positive ease of 20 to 25 cm.<\/p>\n<h3>Level<\/h3>\n<p>2\/5<\/p>\n<h3>Used techniques<\/h3>\n<ul>\n<li><a href=\"https:\/\/www.christallk.com\/en\/fr-be\/monter-des-mailles-en-cours-tricot\/\">Cable Cast-On<\/a><\/li>\n<\/ul>","protected":false},"excerpt":{"rendered":"<p>Inspired by Leonardo da Vinci's painting technique, <strong data-start=\"316\" data-end=\"327\">Sfumato<\/strong> plays on blurring and subtle transitions: light glides over the light texture of the suri, contours blend into a soft, living material.<br data-start=\"488\" data-end=\"491\" \/>Worked in the round, without seams, this pattern stands out thanks to two delicate knots\u2014one at the back, the other at the bottom\u2014which add balance and movement.<\/p>\n<p>Downloadable <strong>pdf pattern<\/strong> : once the order is validated, a download link is available on the order page. <strong>Remember to download it because the link is temporary.<\/strong><\/p>\n<p><em>VAT is calculated when the shopping cart is validated.<\/em><\/p>\n<div id=\"ConnectiveDocSignExtentionInstalled\" data-extension-version=\"1.0.4\"><\/div>","protected":false},"featured_media":8223,"comment_status":"closed","ping_status":"closed","template":"","meta":{"jetpack_publicize_message":"","jetpack_publicize_feature_enabled":true,"jetpack_social_post_already_shared":true,"jetpack_social_options":{"image_generator_settings":{"template":"highway","default_image_id":0,"font":"","enabled":false},"version":2}},"product_brand":[],"product_cat":[319,318,308,320],"product_tag":[],"class_list":{"0":"post-8216","1":"product","2":"type-product","3":"status-publish","4":"has-post-thumbnail","6":"product_cat-english-pattern","7":"product_cat-patrons-en-francais","8":"product_cat-patterns-modeles","9":"product_cat-pulls","12":"first","13":"instock","14":"taxable","15":"shipping-taxable","16":"purchasable","17":"product-type-variable"},"yoast_head":"<!-- This site is optimized with the Yoast SEO plugin v27.5 - https:\/\/yoast.com\/product\/yoast-seo-wordpress\/ -->\n<title>Sfumato - ChristalLK<\/title>\n<meta name=\"description\" content=\"Sfumato joue sur les flous et la subtilit\u00e9 : la lumi\u00e8re glisse sur la texture du suri, les contours se fondent dans une mati\u00e8re douce et vivante.\" \/>\n<meta name=\"robots\" content=\"index, follow, max-snippet:-1, max-image-preview:large, max-video-preview:-1\" \/>\n<link rel=\"canonical\" href=\"https:\/\/www.christallk.com\/en\/product\/sfumato\/\" \/>\n<meta property=\"og:locale\" content=\"en_US\" \/>\n<meta property=\"og:type\" content=\"article\" \/>\n<meta property=\"og:title\" content=\"Sfumato - ChristalLK\" \/>\n<meta property=\"og:description\" content=\"Sfumato joue sur les flous et la subtilit\u00e9 : la lumi\u00e8re glisse sur la texture du suri, les contours se fondent dans une mati\u00e8re douce et vivante.\" \/>\n<meta property=\"og:url\" content=\"https:\/\/www.christallk.com\/en\/product\/sfumato\/\" \/>\n<meta property=\"og:site_name\" content=\"ChristalLK\" \/>\n<meta property=\"article:publisher\" content=\"https:\/\/www.facebook.com\/ChristalLittleK\/\" \/>\n<meta property=\"og:image\" content=\"https:\/\/www.christallk.com\/wp-content\/uploads\/2025\/10\/sfumato-5-683x1024.jpg\" \/>\n\t<meta property=\"og:image:width\" content=\"683\" \/>\n\t<meta property=\"og:image:height\" content=\"1024\" \/>\n\t<meta property=\"og:image:type\" content=\"image\/jpeg\" \/>\n<meta name=\"twitter:card\" content=\"summary_large_image\" \/>\n<meta name=\"twitter:label1\" content=\"Est. reading time\" \/>\n\t<meta name=\"twitter:data1\" content=\"2 minutes\" \/>\n<script type=\"application\/ld+json\" class=\"yoast-schema-graph\">{\"@context\":\"https:\\\/\\\/schema.org\",\"@graph\":[{\"@type\":\"WebPage\",\"@id\":\"https:\\\/\\\/www.christallk.com\\\/product\\\/sfumato\\\/\",\"url\":\"https:\\\/\\\/www.christallk.com\\\/product\\\/sfumato\\\/\",\"name\":\"Sfumato - ChristalLK\",\"isPartOf\":{\"@id\":\"https:\\\/\\\/www.christallk.com\\\/#website\"},\"primaryImageOfPage\":{\"@id\":\"https:\\\/\\\/www.christallk.com\\\/product\\\/sfumato\\\/#primaryimage\"},\"image\":{\"@id\":\"https:\\\/\\\/www.christallk.com\\\/product\\\/sfumato\\\/#primaryimage\"},\"thumbnailUrl\":\"https:\\\/\\\/www.christallk.com\\\/wp-content\\\/uploads\\\/2025\\\/10\\\/sfumato-5.jpg\",\"datePublished\":\"2025-10-17T07:00:30+00:00\",\"description\":\"Sfumato joue sur les flous et la subtilit\u00e9 : la lumi\u00e8re glisse sur la texture du suri, les contours se fondent dans une mati\u00e8re douce et vivante.\",\"breadcrumb\":{\"@id\":\"https:\\\/\\\/www.christallk.com\\\/product\\\/sfumato\\\/#breadcrumb\"},\"inLanguage\":\"en-US\",\"potentialAction\":[{\"@type\":\"ReadAction\",\"target\":[\"https:\\\/\\\/www.christallk.com\\\/product\\\/sfumato\\\/\"]}]},{\"@type\":\"ImageObject\",\"inLanguage\":\"en-US\",\"@id\":\"https:\\\/\\\/www.christallk.com\\\/product\\\/sfumato\\\/#primaryimage\",\"url\":\"https:\\\/\\\/www.christallk.com\\\/wp-content\\\/uploads\\\/2025\\\/10\\\/sfumato-5.jpg\",\"contentUrl\":\"https:\\\/\\\/www.christallk.com\\\/wp-content\\\/uploads\\\/2025\\\/10\\\/sfumato-5.jpg\",\"width\":1365,\"height\":2048},{\"@type\":\"BreadcrumbList\",\"@id\":\"https:\\\/\\\/www.christallk.com\\\/product\\\/sfumato\\\/#breadcrumb\",\"itemListElement\":[{\"@type\":\"ListItem\",\"position\":1,\"name\":\"Home\",\"item\":\"https:\\\/\\\/www.christallk.com\\\/\"},{\"@type\":\"ListItem\",\"position\":2,\"name\":\"Boutique\",\"item\":\"https:\\\/\\\/www.christallk.com\\\/language\\\/fr\\\/shop\\\/\"},{\"@type\":\"ListItem\",\"position\":3,\"name\":\"Sfumato\"}]},{\"@type\":\"WebSite\",\"@id\":\"https:\\\/\\\/www.christallk.com\\\/#website\",\"url\":\"https:\\\/\\\/www.christallk.com\\\/\",\"name\":\"ChristalLK\",\"description\":\"ChristalLK Website\",\"publisher\":{\"@id\":\"https:\\\/\\\/www.christallk.com\\\/#organization\"},\"potentialAction\":[{\"@type\":\"SearchAction\",\"target\":{\"@type\":\"EntryPoint\",\"urlTemplate\":\"https:\\\/\\\/www.christallk.com\\\/?s={search_term_string}\"},\"query-input\":{\"@type\":\"PropertyValueSpecification\",\"valueRequired\":true,\"valueName\":\"search_term_string\"}}],\"inLanguage\":\"en-US\"},{\"@type\":\"Organization\",\"@id\":\"https:\\\/\\\/www.christallk.com\\\/#organization\",\"name\":\"ChristalLK\",\"url\":\"https:\\\/\\\/www.christallk.com\\\/\",\"logo\":{\"@type\":\"ImageObject\",\"inLanguage\":\"en-US\",\"@id\":\"https:\\\/\\\/www.christallk.com\\\/#\\\/schema\\\/logo\\\/image\\\/\",\"url\":\"https:\\\/\\\/i2.wp.com\\\/www.christallk.com\\\/wp-content\\\/uploads\\\/2020\\\/05\\\/canvas_logo_clk.png?fit=650%2C600\",\"contentUrl\":\"https:\\\/\\\/i2.wp.com\\\/www.christallk.com\\\/wp-content\\\/uploads\\\/2020\\\/05\\\/canvas_logo_clk.png?fit=650%2C600\",\"width\":650,\"height\":600,\"caption\":\"ChristalLK\"},\"image\":{\"@id\":\"https:\\\/\\\/www.christallk.com\\\/#\\\/schema\\\/logo\\\/image\\\/\"},\"sameAs\":[\"https:\\\/\\\/www.facebook.com\\\/ChristalLittleK\\\/\",\"https:\\\/\\\/www.instagram.com\\\/christallittlek\\\/\",\"https:\\\/\\\/www.pinterest.com\\\/christallk1637\\\/\",\"https:\\\/\\\/www.youtube.com\\\/channel\\\/UCk8kNDAInlkf2fCr6pU-_oA?view_as=subscriber\"]}]}<\/script>\n<!-- \/ Yoast SEO plugin. -->","yoast_head_json":{"title":"Sfumato - ChristalLK","description":"Sfumato joue sur les flous et la subtilit\u00e9 : la lumi\u00e8re glisse sur la texture du suri, les contours se fondent dans une mati\u00e8re douce et vivante.","robots":{"index":"index","follow":"follow","max-snippet":"max-snippet:-1","max-image-preview":"max-image-preview:large","max-video-preview":"max-video-preview:-1"},"canonical":"https:\/\/www.christallk.com\/en\/product\/sfumato\/","og_locale":"en_US","og_type":"article","og_title":"Sfumato - ChristalLK","og_description":"Sfumato joue sur les flous et la subtilit\u00e9 : la lumi\u00e8re glisse sur la texture du suri, les contours se fondent dans une mati\u00e8re douce et vivante.","og_url":"https:\/\/www.christallk.com\/en\/product\/sfumato\/","og_site_name":"ChristalLK","article_publisher":"https:\/\/www.facebook.com\/ChristalLittleK\/","og_image":[{"width":683,"height":1024,"url":"https:\/\/www.christallk.com\/wp-content\/uploads\/2025\/10\/sfumato-5-683x1024.jpg","type":"image\/jpeg"}],"twitter_card":"summary_large_image","twitter_misc":{"Est. reading time":"2 minutes"},"schema":{"@context":"https:\/\/schema.org","@graph":[{"@type":"WebPage","@id":"https:\/\/www.christallk.com\/product\/sfumato\/","url":"https:\/\/www.christallk.com\/product\/sfumato\/","name":"Sfumato - ChristalLK","isPartOf":{"@id":"https:\/\/www.christallk.com\/#website"},"primaryImageOfPage":{"@id":"https:\/\/www.christallk.com\/product\/sfumato\/#primaryimage"},"image":{"@id":"https:\/\/www.christallk.com\/product\/sfumato\/#primaryimage"},"thumbnailUrl":"https:\/\/www.christallk.com\/wp-content\/uploads\/2025\/10\/sfumato-5.jpg","datePublished":"2025-10-17T07:00:30+00:00","description":"Sfumato joue sur les flous et la subtilit\u00e9 : la lumi\u00e8re glisse sur la texture du suri, les contours se fondent dans une mati\u00e8re douce et vivante.","breadcrumb":{"@id":"https:\/\/www.christallk.com\/product\/sfumato\/#breadcrumb"},"inLanguage":"en-US","potentialAction":[{"@type":"ReadAction","target":["https:\/\/www.christallk.com\/product\/sfumato\/"]}]},{"@type":"ImageObject","inLanguage":"en-US","@id":"https:\/\/www.christallk.com\/product\/sfumato\/#primaryimage","url":"https:\/\/www.christallk.com\/wp-content\/uploads\/2025\/10\/sfumato-5.jpg","contentUrl":"https:\/\/www.christallk.com\/wp-content\/uploads\/2025\/10\/sfumato-5.jpg","width":1365,"height":2048},{"@type":"BreadcrumbList","@id":"https:\/\/www.christallk.com\/product\/sfumato\/#breadcrumb","itemListElement":[{"@type":"ListItem","position":1,"name":"Home","item":"https:\/\/www.christallk.com\/"},{"@type":"ListItem","position":2,"name":"Boutique","item":"https:\/\/www.christallk.com\/language\/fr\/shop\/"},{"@type":"ListItem","position":3,"name":"Sfumato"}]},{"@type":"WebSite","@id":"https:\/\/www.christallk.com\/#website","url":"https:\/\/www.christallk.com\/","name":"ChristalLK","description":"ChristalLK Website","publisher":{"@id":"https:\/\/www.christallk.com\/#organization"},"potentialAction":[{"@type":"SearchAction","target":{"@type":"EntryPoint","urlTemplate":"https:\/\/www.christallk.com\/?s={search_term_string}"},"query-input":{"@type":"PropertyValueSpecification","valueRequired":true,"valueName":"search_term_string"}}],"inLanguage":"en-US"},{"@type":"Organization","@id":"https:\/\/www.christallk.com\/#organization","name":"ChristalLK","url":"https:\/\/www.christallk.com\/","logo":{"@type":"ImageObject","inLanguage":"en-US","@id":"https:\/\/www.christallk.com\/#\/schema\/logo\/image\/","url":"https:\/\/i2.wp.com\/www.christallk.com\/wp-content\/uploads\/2020\/05\/canvas_logo_clk.png?fit=650%2C600","contentUrl":"https:\/\/i2.wp.com\/www.christallk.com\/wp-content\/uploads\/2020\/05\/canvas_logo_clk.png?fit=650%2C600","width":650,"height":600,"caption":"ChristalLK"},"image":{"@id":"https:\/\/www.christallk.com\/#\/schema\/logo\/image\/"},"sameAs":["https:\/\/www.facebook.com\/ChristalLittleK\/","https:\/\/www.instagram.com\/christallittlek\/","https:\/\/www.pinterest.com\/christallk1637\/","https:\/\/www.youtube.com\/channel\/UCk8kNDAInlkf2fCr6pU-_oA?view_as=subscriber"]}]}},"jetpack_publicize_connections":[],"jetpack_likes_enabled":true,"jetpack-related-posts":[{"id":8165,"url":"https:\/\/www.christallk.com\/en\/product\/joshan-sweater\/","url_meta":{"origin":8216,"position":0},"title":"Joshan Sweater","author":"Christelle","date":"September 25, 2025","format":false,"excerpt":"Le pull Joshan est la pi\u00e8ce ma\u00eetresse de la collection \u00c9chos des Steppes. Inspir\u00e9 des armures mongoles dont il porte le nom, ce mod\u00e8le masculin allie force et raffinement. Con\u00e7u en chameau, il met en valeur la richesse des couleurs naturelles des toisons, sans teinture, pour un rendu authentique et\u2026","rel":"","context":"Similar post","block_context":{"text":"Similar post","link":""},"img":{"alt_text":"","src":"https:\/\/i0.wp.com\/www.christallk.com\/wp-content\/uploads\/2025\/09\/joshansweater-12.jpg?resize=350%2C200&ssl=1","width":350,"height":200,"srcset":"https:\/\/i0.wp.com\/www.christallk.com\/wp-content\/uploads\/2025\/09\/joshansweater-12.jpg?resize=350%2C200&ssl=1 1x, https:\/\/i0.wp.com\/www.christallk.com\/wp-content\/uploads\/2025\/09\/joshansweater-12.jpg?resize=525%2C300&ssl=1 1.5x, https:\/\/i0.wp.com\/www.christallk.com\/wp-content\/uploads\/2025\/09\/joshansweater-12.jpg?resize=700%2C400&ssl=1 2x, https:\/\/i0.wp.com\/www.christallk.com\/wp-content\/uploads\/2025\/09\/joshansweater-12.jpg?resize=1050%2C600&ssl=1 3x, https:\/\/i0.wp.com\/www.christallk.com\/wp-content\/uploads\/2025\/09\/joshansweater-12.jpg?resize=1400%2C800&ssl=1 4x"},"classes":[]},{"id":6540,"url":"https:\/\/www.christallk.com\/en\/product\/fairy-mist\/","url_meta":{"origin":8216,"position":1},"title":"Fairy&#039;s Mist","author":"Christelle","date":"June 3, 2024","format":false,"excerpt":"The Fairy&#039;s Mist is a pretty little sweater with three-quarter sleeves to wear on cool summer evenings. You can wear it over a dress, jeans, or a skirt. Downloadable PDF pattern: once your order is confirmed, a download link is\u2026","rel":"","context":"Similar post","block_context":{"text":"Similar post","link":""},"img":{"alt_text":"","src":"https:\/\/i0.wp.com\/www.christallk.com\/wp-content\/uploads\/2024\/06\/fairy-mist-24.jpg?resize=350%2C200&ssl=1","width":350,"height":200,"srcset":"https:\/\/i0.wp.com\/www.christallk.com\/wp-content\/uploads\/2024\/06\/fairy-mist-24.jpg?resize=350%2C200&ssl=1 1x, https:\/\/i0.wp.com\/www.christallk.com\/wp-content\/uploads\/2024\/06\/fairy-mist-24.jpg?resize=525%2C300&ssl=1 1.5x"},"classes":[]},{"id":4237,"url":"https:\/\/www.christallk.com\/en\/product\/broadford\/","url_meta":{"origin":8216,"position":2},"title":"BROADFORD","author":"Christelle","date":"September 11, 2021","format":false,"excerpt":"Broadford est un pull avec un panneau de torsades qui se tricote du haut en bas. C'est le parfait petit pull pour les gar\u00e7ons mais pas que ! Patron pdf t\u00e9l\u00e9chargeable : une fois la commande valid\u00e9e, un lien de t\u00e9l\u00e9chargement est disponible sur la page de commande. Pensez \u00e0\u2026","rel":"","context":"Similar post","block_context":{"text":"Similar post","link":""},"img":{"alt_text":"","src":"https:\/\/i0.wp.com\/www.christallk.com\/wp-content\/uploads\/2021\/09\/broadford_9.jpg?resize=350%2C200&ssl=1","width":350,"height":200,"srcset":"https:\/\/i0.wp.com\/www.christallk.com\/wp-content\/uploads\/2021\/09\/broadford_9.jpg?resize=350%2C200&ssl=1 1x, https:\/\/i0.wp.com\/www.christallk.com\/wp-content\/uploads\/2021\/09\/broadford_9.jpg?resize=525%2C300&ssl=1 1.5x, https:\/\/i0.wp.com\/www.christallk.com\/wp-content\/uploads\/2021\/09\/broadford_9.jpg?resize=700%2C400&ssl=1 2x"},"classes":[]},{"id":4676,"url":"https:\/\/www.christallk.com\/en\/product\/pym-pullpy-collection\/","url_meta":{"origin":8216,"position":3},"title":"Pym &amp; Pullpy Collection","author":"Christelle","date":"April 18, 2022","format":false,"excerpt":"This collection contains 7 patterns: A men&#039;s sweater Four pairs of socks Two embroidery patterns And a few items Downloadable PDF pattern: once the order is validated, a download link is available on the order page. Remember to download it because the link is temporary.\u2026","rel":"","context":"Similar post","block_context":{"text":"Similar post","link":""},"img":{"alt_text":"","src":"https:\/\/i0.wp.com\/www.christallk.com\/wp-content\/uploads\/2022\/04\/collec.jpg?resize=350%2C200&ssl=1","width":350,"height":200,"srcset":"https:\/\/i0.wp.com\/www.christallk.com\/wp-content\/uploads\/2022\/04\/collec.jpg?resize=350%2C200&ssl=1 1x, https:\/\/i0.wp.com\/www.christallk.com\/wp-content\/uploads\/2022\/04\/collec.jpg?resize=525%2C300&ssl=1 1.5x, https:\/\/i0.wp.com\/www.christallk.com\/wp-content\/uploads\/2022\/04\/collec.jpg?resize=700%2C400&ssl=1 2x, https:\/\/i0.wp.com\/www.christallk.com\/wp-content\/uploads\/2022\/04\/collec.jpg?resize=1050%2C600&ssl=1 3x, https:\/\/i0.wp.com\/www.christallk.com\/wp-content\/uploads\/2022\/04\/collec.jpg?resize=1400%2C800&ssl=1 4x"},"classes":[]},{"id":6123,"url":"https:\/\/www.christallk.com\/en\/product\/chantilly\/","url_meta":{"origin":8216,"position":4},"title":"Chantilly Sweater","author":"Christelle","date":"October 17, 2023","format":false,"excerpt":"Chantilly is a classic, timeless sweater pattern. And completely adaptable! Downloadable PDF pattern: once your order is confirmed, a download link is available on the order page. Remember to download it, as the link is temporary. VAT is calculated when your cart is confirmed.","rel":"","context":"Similar post","block_context":{"text":"Similar post","link":""},"img":{"alt_text":"","src":"https:\/\/i0.wp.com\/www.christallk.com\/wp-content\/uploads\/2023\/10\/IMG_0019-2.jpg?resize=350%2C200&ssl=1","width":350,"height":200,"srcset":"https:\/\/i0.wp.com\/www.christallk.com\/wp-content\/uploads\/2023\/10\/IMG_0019-2.jpg?resize=350%2C200&ssl=1 1x, https:\/\/i0.wp.com\/www.christallk.com\/wp-content\/uploads\/2023\/10\/IMG_0019-2.jpg?resize=525%2C300&ssl=1 1.5x, https:\/\/i0.wp.com\/www.christallk.com\/wp-content\/uploads\/2023\/10\/IMG_0019-2.jpg?resize=700%2C400&ssl=1 2x, https:\/\/i0.wp.com\/www.christallk.com\/wp-content\/uploads\/2023\/10\/IMG_0019-2.jpg?resize=1050%2C600&ssl=1 3x, https:\/\/i0.wp.com\/www.christallk.com\/wp-content\/uploads\/2023\/10\/IMG_0019-2.jpg?resize=1400%2C800&ssl=1 4x"},"classes":[]},{"id":4542,"url":"https:\/\/www.christallk.com\/en\/product\/joan\/","url_meta":{"origin":8216,"position":5},"title":"Joan","author":"Christelle","date":"February 18, 2022","format":false,"excerpt":"Joan is a sweater with set-in sleeves and a lace V-neck. This sweater was created for plus sizes only. Downloadable PDF pattern: Once your order is confirmed, a download link is available on the order page. Remember to download it because\u2026","rel":"","context":"Similar post","block_context":{"text":"Similar post","link":""},"img":{"alt_text":"","src":"https:\/\/i0.wp.com\/www.christallk.com\/wp-content\/uploads\/2022\/02\/IMG_5395-2.jpg?resize=350%2C200&ssl=1","width":350,"height":200,"srcset":"https:\/\/i0.wp.com\/www.christallk.com\/wp-content\/uploads\/2022\/02\/IMG_5395-2.jpg?resize=350%2C200&ssl=1 1x, https:\/\/i0.wp.com\/www.christallk.com\/wp-content\/uploads\/2022\/02\/IMG_5395-2.jpg?resize=525%2C300&ssl=1 1.5x"},"classes":[]}],"jetpack_sharing_enabled":true,"_links":{"self":[{"href":"https:\/\/www.christallk.com\/en\/wp-json\/wp\/v2\/product\/8216","targetHints":{"allow":["GET"]}}],"collection":[{"href":"https:\/\/www.christallk.com\/en\/wp-json\/wp\/v2\/product"}],"about":[{"href":"https:\/\/www.christallk.com\/en\/wp-json\/wp\/v2\/types\/product"}],"replies":[{"embeddable":true,"href":"https:\/\/www.christallk.com\/en\/wp-json\/wp\/v2\/comments?post=8216"}],"wp:featuredmedia":[{"embeddable":true,"href":"https:\/\/www.christallk.com\/en\/wp-json\/wp\/v2\/media\/8223"}],"wp:attachment":[{"href":"https:\/\/www.christallk.com\/en\/wp-json\/wp\/v2\/media?parent=8216"}],"wp:term":[{"taxonomy":"product_brand","embeddable":true,"href":"https:\/\/www.christallk.com\/en\/wp-json\/wp\/v2\/product_brand?post=8216"},{"taxonomy":"product_cat","embeddable":true,"href":"https:\/\/www.christallk.com\/en\/wp-json\/wp\/v2\/product_cat?post=8216"},{"taxonomy":"product_tag","embeddable":true,"href":"https:\/\/www.christallk.com\/en\/wp-json\/wp\/v2\/product_tag?post=8216"}],"curies":[{"name":"wp","href":"https:\/\/api.w.org\/{rel}","templated":true}]}}