{"id":8241,"date":"2025-11-05T12:23:35","date_gmt":"2025-11-05T11:23:35","guid":{"rendered":"https:\/\/www.christallk.com\/?post_type=product&#038;p=8241"},"modified":"2026-01-26T09:51:28","modified_gmt":"2026-01-26T08:51:28","slug":"wintergrun-mkal","status":"publish","type":"product","link":"https:\/\/www.christallk.com\/en\/product\/wintergrun-mkal\/","title":{"rendered":"Wintergr\u00fcn &#8211; MKAL"},"content":{"rendered":"<p data-start=\"138\" data-end=\"388\">Immerse yourself in the magic of the Ardennes with <strong data-start=\"176\" data-end=\"190\">Wintergr\u00fcn<\/strong>,<\/p>\n<p>Hello and welcome to ChristalLK's Mystery Knit-Along.<\/p>\n<p>Let's knit a shawl together to get ready for Christmas!<br \/>\nHere are some details to help you prepare:<br \/>\nYou need:<\/p>\n<ul>\n<li>\n<p data-start=\"441\" data-end=\"469\"><strong data-start=\"441\" data-end=\"465\">4 skeins<\/strong> in two contrasting colors (they must be contrasting, either solid or slightly variegated):<\/p>\n<ul data-start=\"473\" data-end=\"564\">\n<li data-start=\"473\" data-end=\"526\">\n<p data-start=\"475\" data-end=\"526\">2 in <strong data-start=\"485\" data-end=\"498\">Peregrine <\/strong>(or a fingering yarn - approx. 700 m)<\/p>\n<\/li>\n<li data-start=\"530\" data-end=\"564\">\n<p data-start=\"532\" data-end=\"564\">2 more skeins... mystery \u2013 you will need about 600 meters. These skeins can be lace yarn: either hairy (such as mohair, suri, alpaca), non-hairy (such as wool, wool and silk), or possibly fingering weight.<\/p>\n<\/li>\n<li data-start=\"530\" data-end=\"564\"><a href=\"https:\/\/www.christallk.com\/en\/product\/kits-mkal-wintergrun\/\"><strong>kits are available here<\/strong><\/a><\/li>\n<\/ul>\n<\/li>\n<\/ul>\n<ul>\n<li>3.75 mm circ needles<\/li>\n<li>a 4 mm crochet hook<\/li>\n<li>about 20 markers<\/li>\n<\/ul>\n<p>What are the techniques used?<\/p>\n<ul>\n<li>there will be some lace and classic stitches<\/li>\n<li>This shawl does not feature any BRIOCHE or COLORWORK motifs.<\/li>\n<\/ul>\n<p>It is accessible to people who have already knitted shawls or at least to determined beginners.<\/p>\n<h4>SIZE<\/h4>\n<p>The size and shape of the shawl are part of the mystery.<br \/>\nThis will be a shawl large enough to cover the shoulders of most knitters.<\/p>\n<p><strong>CALENDRIER<\/strong><br \/>\nClue1: Tuesday December 2<br \/>\nClue 2: Tuesday December 9<br \/>\nClue 3: Tuesday December 16<br \/>\nClue 4: Tuesday December 23<\/p>\n<h4>RULES &amp; INFORMATION<\/h4>\n<p>Starting on December 2, you\u2019ll receive this week\u2019s clue every Tuesday, either on Ravelry (be sure to check your library) or by e-mail.<br \/>\nYou will be able to participate in the event which will take place on Discord and\/or on Ravelry.<br \/>\nAt the end of each week, a draw will be held. Prizes (all different) will be awarded based on photos shared on the various social media platforms where the MKAL event is taking place.<\/p>\n<h4>SHARING ON SOCIAL NETWORKS<\/h4>\n<p>If you would like to participate and share your photos on Discord, Ravelry, Instagram, etc., we ask that you share these photos in the dedicated threads for the discussion forums and use the official KAL image as the first photo on Instagram (in the case of a carousel) to prevent people participating in the KAL from seeing the clue revealed before they have had the chance to start knitting it.<br \/>\nThe official KAL hashtag is #kalwintergrun<\/p>\n<p>You will find the links to the discussion groups in the introduction that will be provided when you purchase the pattern.<\/p>\n<p>&nbsp;<\/p>","protected":false},"excerpt":{"rendered":"<p>Discover a knitting mystery in the heart of the Anlier forest with ChristalLK's brand new Mystery KAL: Wintergr\u00fcn.<\/p>\n<p>Downloadable <strong>pdf pattern<\/strong> : once the order is validated, a download link is available on the order page. <strong>Remember to download it because the link is temporary.<\/strong><\/p>\n<p><em>VAT is calculated when the shopping cart is validated.<\/em><\/p>\n<div id=\"ConnectiveDocSignExtentionInstalled\" data-extension-version=\"1.0.4\"><\/div>","protected":false},"featured_media":8252,"comment_status":"closed","ping_status":"closed","template":"","meta":{"jetpack_publicize_message":"","jetpack_publicize_feature_enabled":true,"jetpack_social_post_already_shared":true,"jetpack_social_options":{"image_generator_settings":{"template":"highway","default_image_id":0,"font":"","enabled":false},"version":2}},"product_brand":[],"product_cat":[319,318,308,320],"product_tag":[],"class_list":{"0":"post-8241","1":"product","2":"type-product","3":"status-publish","4":"has-post-thumbnail","6":"product_cat-english-pattern","7":"product_cat-patrons-en-francais","8":"product_cat-patterns-modeles","9":"product_cat-pulls","12":"first","13":"instock","14":"taxable","15":"shipping-taxable","16":"purchasable","17":"product-type-variable"},"yoast_head":"<!-- This site is optimized with the Yoast SEO plugin v27.5 - https:\/\/yoast.com\/product\/yoast-seo-wordpress\/ -->\n<title>Wintergr\u00fcn - MKAL - ChristalLK<\/title>\n<meta name=\"description\" content=\"D\u00e9couvrer un myst\u00e8re \u00e0 tricoter au coeur de la for\u00eat d&#039;Anlier avec le tout nouveau Mystery KAL de ChristalLK : Wintergr\u00fcn.\" \/>\n<meta name=\"robots\" content=\"index, follow, max-snippet:-1, max-image-preview:large, max-video-preview:-1\" \/>\n<link rel=\"canonical\" href=\"https:\/\/www.christallk.com\/en\/product\/wintergrun-mkal\/\" \/>\n<meta property=\"og:locale\" content=\"en_US\" \/>\n<meta property=\"og:type\" content=\"article\" \/>\n<meta property=\"og:title\" content=\"Wintergr\u00fcn - MKAL - ChristalLK\" \/>\n<meta property=\"og:description\" content=\"D\u00e9couvrer un myst\u00e8re \u00e0 tricoter au coeur de la for\u00eat d&#039;Anlier avec le tout nouveau Mystery KAL de ChristalLK : Wintergr\u00fcn.\" \/>\n<meta property=\"og:url\" content=\"https:\/\/www.christallk.com\/en\/product\/wintergrun-mkal\/\" \/>\n<meta property=\"og:site_name\" content=\"ChristalLK\" \/>\n<meta property=\"article:publisher\" content=\"https:\/\/www.facebook.com\/ChristalLittleK\/\" \/>\n<meta property=\"article:modified_time\" content=\"2026-01-26T08:51:28+00:00\" \/>\n<meta property=\"og:image\" content=\"https:\/\/www.christallk.com\/wp-content\/uploads\/2025\/11\/Box-tasse-26-x-30-cm-30-x-26-cm-Publication-Instagram-45.jpg\" \/>\n\t<meta property=\"og:image:width\" content=\"1080\" \/>\n\t<meta property=\"og:image:height\" content=\"1350\" \/>\n\t<meta property=\"og:image:type\" content=\"image\/jpeg\" \/>\n<meta name=\"twitter:card\" content=\"summary_large_image\" \/>\n<meta name=\"twitter:label1\" content=\"Est. reading time\" \/>\n\t<meta name=\"twitter:data1\" content=\"3 minutes\" \/>\n<script type=\"application\/ld+json\" class=\"yoast-schema-graph\">{\"@context\":\"https:\\\/\\\/schema.org\",\"@graph\":[{\"@type\":\"WebPage\",\"@id\":\"https:\\\/\\\/www.christallk.com\\\/product\\\/wintergrun-mkal\\\/\",\"url\":\"https:\\\/\\\/www.christallk.com\\\/product\\\/wintergrun-mkal\\\/\",\"name\":\"Wintergr\u00fcn - MKAL - ChristalLK\",\"isPartOf\":{\"@id\":\"https:\\\/\\\/www.christallk.com\\\/#website\"},\"primaryImageOfPage\":{\"@id\":\"https:\\\/\\\/www.christallk.com\\\/product\\\/wintergrun-mkal\\\/#primaryimage\"},\"image\":{\"@id\":\"https:\\\/\\\/www.christallk.com\\\/product\\\/wintergrun-mkal\\\/#primaryimage\"},\"thumbnailUrl\":\"https:\\\/\\\/www.christallk.com\\\/wp-content\\\/uploads\\\/2025\\\/11\\\/Box-tasse-26-x-30-cm-30-x-26-cm-Publication-Instagram-45.jpg\",\"datePublished\":\"2025-11-05T11:23:35+00:00\",\"dateModified\":\"2026-01-26T08:51:28+00:00\",\"description\":\"D\u00e9couvrer un myst\u00e8re \u00e0 tricoter au coeur de la for\u00eat d'Anlier avec le tout nouveau Mystery KAL de ChristalLK : Wintergr\u00fcn.\",\"breadcrumb\":{\"@id\":\"https:\\\/\\\/www.christallk.com\\\/product\\\/wintergrun-mkal\\\/#breadcrumb\"},\"inLanguage\":\"en-US\",\"potentialAction\":[{\"@type\":\"ReadAction\",\"target\":[\"https:\\\/\\\/www.christallk.com\\\/product\\\/wintergrun-mkal\\\/\"]}]},{\"@type\":\"ImageObject\",\"inLanguage\":\"en-US\",\"@id\":\"https:\\\/\\\/www.christallk.com\\\/product\\\/wintergrun-mkal\\\/#primaryimage\",\"url\":\"https:\\\/\\\/www.christallk.com\\\/wp-content\\\/uploads\\\/2025\\\/11\\\/Box-tasse-26-x-30-cm-30-x-26-cm-Publication-Instagram-45.jpg\",\"contentUrl\":\"https:\\\/\\\/www.christallk.com\\\/wp-content\\\/uploads\\\/2025\\\/11\\\/Box-tasse-26-x-30-cm-30-x-26-cm-Publication-Instagram-45.jpg\",\"width\":1080,\"height\":1350},{\"@type\":\"BreadcrumbList\",\"@id\":\"https:\\\/\\\/www.christallk.com\\\/product\\\/wintergrun-mkal\\\/#breadcrumb\",\"itemListElement\":[{\"@type\":\"ListItem\",\"position\":1,\"name\":\"Home\",\"item\":\"https:\\\/\\\/www.christallk.com\\\/\"},{\"@type\":\"ListItem\",\"position\":2,\"name\":\"Boutique\",\"item\":\"https:\\\/\\\/www.christallk.com\\\/language\\\/fr\\\/shop\\\/\"},{\"@type\":\"ListItem\",\"position\":3,\"name\":\"Wintergr\u00fcn &#8211; MKAL\"}]},{\"@type\":\"WebSite\",\"@id\":\"https:\\\/\\\/www.christallk.com\\\/#website\",\"url\":\"https:\\\/\\\/www.christallk.com\\\/\",\"name\":\"ChristalLK\",\"description\":\"ChristalLK Website\",\"publisher\":{\"@id\":\"https:\\\/\\\/www.christallk.com\\\/#organization\"},\"potentialAction\":[{\"@type\":\"SearchAction\",\"target\":{\"@type\":\"EntryPoint\",\"urlTemplate\":\"https:\\\/\\\/www.christallk.com\\\/?s={search_term_string}\"},\"query-input\":{\"@type\":\"PropertyValueSpecification\",\"valueRequired\":true,\"valueName\":\"search_term_string\"}}],\"inLanguage\":\"en-US\"},{\"@type\":\"Organization\",\"@id\":\"https:\\\/\\\/www.christallk.com\\\/#organization\",\"name\":\"ChristalLK\",\"url\":\"https:\\\/\\\/www.christallk.com\\\/\",\"logo\":{\"@type\":\"ImageObject\",\"inLanguage\":\"en-US\",\"@id\":\"https:\\\/\\\/www.christallk.com\\\/#\\\/schema\\\/logo\\\/image\\\/\",\"url\":\"https:\\\/\\\/i2.wp.com\\\/www.christallk.com\\\/wp-content\\\/uploads\\\/2020\\\/05\\\/canvas_logo_clk.png?fit=650%2C600\",\"contentUrl\":\"https:\\\/\\\/i2.wp.com\\\/www.christallk.com\\\/wp-content\\\/uploads\\\/2020\\\/05\\\/canvas_logo_clk.png?fit=650%2C600\",\"width\":650,\"height\":600,\"caption\":\"ChristalLK\"},\"image\":{\"@id\":\"https:\\\/\\\/www.christallk.com\\\/#\\\/schema\\\/logo\\\/image\\\/\"},\"sameAs\":[\"https:\\\/\\\/www.facebook.com\\\/ChristalLittleK\\\/\",\"https:\\\/\\\/www.instagram.com\\\/christallittlek\\\/\",\"https:\\\/\\\/www.pinterest.com\\\/christallk1637\\\/\",\"https:\\\/\\\/www.youtube.com\\\/channel\\\/UCk8kNDAInlkf2fCr6pU-_oA?view_as=subscriber\"]}]}<\/script>\n<!-- \/ Yoast SEO plugin. -->","yoast_head_json":{"title":"Wintergr\u00fcn - MKAL - ChristalLK","description":"D\u00e9couvrer un myst\u00e8re \u00e0 tricoter au coeur de la for\u00eat d'Anlier avec le tout nouveau Mystery KAL de ChristalLK : Wintergr\u00fcn.","robots":{"index":"index","follow":"follow","max-snippet":"max-snippet:-1","max-image-preview":"max-image-preview:large","max-video-preview":"max-video-preview:-1"},"canonical":"https:\/\/www.christallk.com\/en\/product\/wintergrun-mkal\/","og_locale":"en_US","og_type":"article","og_title":"Wintergr\u00fcn - MKAL - ChristalLK","og_description":"D\u00e9couvrer un myst\u00e8re \u00e0 tricoter au coeur de la for\u00eat d'Anlier avec le tout nouveau Mystery KAL de ChristalLK : Wintergr\u00fcn.","og_url":"https:\/\/www.christallk.com\/en\/product\/wintergrun-mkal\/","og_site_name":"ChristalLK","article_publisher":"https:\/\/www.facebook.com\/ChristalLittleK\/","article_modified_time":"2026-01-26T08:51:28+00:00","og_image":[{"width":1080,"height":1350,"url":"https:\/\/www.christallk.com\/wp-content\/uploads\/2025\/11\/Box-tasse-26-x-30-cm-30-x-26-cm-Publication-Instagram-45.jpg","type":"image\/jpeg"}],"twitter_card":"summary_large_image","twitter_misc":{"Est. reading time":"3 minutes"},"schema":{"@context":"https:\/\/schema.org","@graph":[{"@type":"WebPage","@id":"https:\/\/www.christallk.com\/product\/wintergrun-mkal\/","url":"https:\/\/www.christallk.com\/product\/wintergrun-mkal\/","name":"Wintergr\u00fcn - MKAL - ChristalLK","isPartOf":{"@id":"https:\/\/www.christallk.com\/#website"},"primaryImageOfPage":{"@id":"https:\/\/www.christallk.com\/product\/wintergrun-mkal\/#primaryimage"},"image":{"@id":"https:\/\/www.christallk.com\/product\/wintergrun-mkal\/#primaryimage"},"thumbnailUrl":"https:\/\/www.christallk.com\/wp-content\/uploads\/2025\/11\/Box-tasse-26-x-30-cm-30-x-26-cm-Publication-Instagram-45.jpg","datePublished":"2025-11-05T11:23:35+00:00","dateModified":"2026-01-26T08:51:28+00:00","description":"D\u00e9couvrer un myst\u00e8re \u00e0 tricoter au coeur de la for\u00eat d'Anlier avec le tout nouveau Mystery KAL de ChristalLK : Wintergr\u00fcn.","breadcrumb":{"@id":"https:\/\/www.christallk.com\/product\/wintergrun-mkal\/#breadcrumb"},"inLanguage":"en-US","potentialAction":[{"@type":"ReadAction","target":["https:\/\/www.christallk.com\/product\/wintergrun-mkal\/"]}]},{"@type":"ImageObject","inLanguage":"en-US","@id":"https:\/\/www.christallk.com\/product\/wintergrun-mkal\/#primaryimage","url":"https:\/\/www.christallk.com\/wp-content\/uploads\/2025\/11\/Box-tasse-26-x-30-cm-30-x-26-cm-Publication-Instagram-45.jpg","contentUrl":"https:\/\/www.christallk.com\/wp-content\/uploads\/2025\/11\/Box-tasse-26-x-30-cm-30-x-26-cm-Publication-Instagram-45.jpg","width":1080,"height":1350},{"@type":"BreadcrumbList","@id":"https:\/\/www.christallk.com\/product\/wintergrun-mkal\/#breadcrumb","itemListElement":[{"@type":"ListItem","position":1,"name":"Home","item":"https:\/\/www.christallk.com\/"},{"@type":"ListItem","position":2,"name":"Boutique","item":"https:\/\/www.christallk.com\/language\/fr\/shop\/"},{"@type":"ListItem","position":3,"name":"Wintergr\u00fcn &#8211; MKAL"}]},{"@type":"WebSite","@id":"https:\/\/www.christallk.com\/#website","url":"https:\/\/www.christallk.com\/","name":"ChristalLK","description":"ChristalLK Website","publisher":{"@id":"https:\/\/www.christallk.com\/#organization"},"potentialAction":[{"@type":"SearchAction","target":{"@type":"EntryPoint","urlTemplate":"https:\/\/www.christallk.com\/?s={search_term_string}"},"query-input":{"@type":"PropertyValueSpecification","valueRequired":true,"valueName":"search_term_string"}}],"inLanguage":"en-US"},{"@type":"Organization","@id":"https:\/\/www.christallk.com\/#organization","name":"ChristalLK","url":"https:\/\/www.christallk.com\/","logo":{"@type":"ImageObject","inLanguage":"en-US","@id":"https:\/\/www.christallk.com\/#\/schema\/logo\/image\/","url":"https:\/\/i2.wp.com\/www.christallk.com\/wp-content\/uploads\/2020\/05\/canvas_logo_clk.png?fit=650%2C600","contentUrl":"https:\/\/i2.wp.com\/www.christallk.com\/wp-content\/uploads\/2020\/05\/canvas_logo_clk.png?fit=650%2C600","width":650,"height":600,"caption":"ChristalLK"},"image":{"@id":"https:\/\/www.christallk.com\/#\/schema\/logo\/image\/"},"sameAs":["https:\/\/www.facebook.com\/ChristalLittleK\/","https:\/\/www.instagram.com\/christallittlek\/","https:\/\/www.pinterest.com\/christallk1637\/","https:\/\/www.youtube.com\/channel\/UCk8kNDAInlkf2fCr6pU-_oA?view_as=subscriber"]}]}},"jetpack_publicize_connections":[],"jetpack_likes_enabled":true,"jetpack-related-posts":[{"id":8244,"url":"https:\/\/www.christallk.com\/en\/product\/kits-mkal-wintergrun\/","url_meta":{"origin":8241,"position":0},"title":"Kits MKAL Wintergr\u00fcn","author":"Christelle","date":"November 5, 2025","format":false,"excerpt":"Kits MKAL \u2013 Wintergr\u00fcn D\u00e9couvrer un myst\u00e8re \u00e0 tricoter au coeur de la for\u00eat d'Anlier avec le tout nouveau Mystery KAL de ChristalLK : Wintergr\u00fcn. Vous trouverez ici de quoi tricoter le MKAL, le patron est \u00e0 acheter s\u00e9par\u00e9ment ici : Wintergr\u00fcn La TVA et les frais de livraison sont\u2026","rel":"","context":"Similar post","block_context":{"text":"Similar post","link":""},"img":{"alt_text":"","src":"https:\/\/i0.wp.com\/www.christallk.com\/wp-content\/uploads\/2025\/11\/Box-tasse-26-x-30-cm-30-x-26-cm-Publication-Instagram-45.jpg?resize=350%2C200&ssl=1","width":350,"height":200,"srcset":"https:\/\/i0.wp.com\/www.christallk.com\/wp-content\/uploads\/2025\/11\/Box-tasse-26-x-30-cm-30-x-26-cm-Publication-Instagram-45.jpg?resize=350%2C200&ssl=1 1x, https:\/\/i0.wp.com\/www.christallk.com\/wp-content\/uploads\/2025\/11\/Box-tasse-26-x-30-cm-30-x-26-cm-Publication-Instagram-45.jpg?resize=525%2C300&ssl=1 1.5x, https:\/\/i0.wp.com\/www.christallk.com\/wp-content\/uploads\/2025\/11\/Box-tasse-26-x-30-cm-30-x-26-cm-Publication-Instagram-45.jpg?resize=700%2C400&ssl=1 2x, https:\/\/i0.wp.com\/www.christallk.com\/wp-content\/uploads\/2025\/11\/Box-tasse-26-x-30-cm-30-x-26-cm-Publication-Instagram-45.jpg?resize=1050%2C600&ssl=1 3x"},"classes":[]},{"id":7996,"url":"https:\/\/www.christallk.com\/en\/product\/wintergrun\/","url_meta":{"origin":8241,"position":1},"title":"Box de No\u00ebl \u2013 Wintergr\u00fcn","author":"Christelle","date":"August 22, 2025","format":false,"excerpt":"Box de No\u00ebl \u2013 Wintergr\u00fcn Plongez dans la magie des Ardennes avec Wintergr\u00fcn, ma box de No\u00ebl sp\u00e9cialement pens\u00e9e pour les amoureux\u00b7ses du tricot et des myst\u00e8res.Un coffret surprise rempli de douceur, de cr\u00e9ativit\u00e9 et d\u2019inspiration pour accompagner vos aiguilles tout au long des f\u00eates. La TVA et les frais\u2026","rel":"","context":"Similar post","block_context":{"text":"Similar post","link":""},"img":{"alt_text":"","src":"https:\/\/i0.wp.com\/www.christallk.com\/wp-content\/uploads\/2025\/08\/Sans-titre-Publication-Instagram-45.jpg?resize=350%2C200&ssl=1","width":350,"height":200,"srcset":"https:\/\/i0.wp.com\/www.christallk.com\/wp-content\/uploads\/2025\/08\/Sans-titre-Publication-Instagram-45.jpg?resize=350%2C200&ssl=1 1x, https:\/\/i0.wp.com\/www.christallk.com\/wp-content\/uploads\/2025\/08\/Sans-titre-Publication-Instagram-45.jpg?resize=525%2C300&ssl=1 1.5x, https:\/\/i0.wp.com\/www.christallk.com\/wp-content\/uploads\/2025\/08\/Sans-titre-Publication-Instagram-45.jpg?resize=700%2C400&ssl=1 2x, https:\/\/i0.wp.com\/www.christallk.com\/wp-content\/uploads\/2025\/08\/Sans-titre-Publication-Instagram-45.jpg?resize=1050%2C600&ssl=1 3x"},"classes":[]},{"id":4089,"url":"https:\/\/www.christallk.com\/en\/product\/highlands-sunset\/","url_meta":{"origin":8241,"position":2},"title":"HIGHLANDS SUNSET","author":"Christelle","date":"July 16, 2021","format":false,"excerpt":"Highland Sunsets is a large stole alternating brioche stitch, lace stitch, and garter stitch. While not intended for complete beginner knitters, it&#039;s not unapproachable. Downloadable PDF pattern: once your order is confirmed, a download link is available on the order page.","rel":"","context":"Similar post","block_context":{"text":"Similar post","link":""},"img":{"alt_text":"","src":"https:\/\/i0.wp.com\/www.christallk.com\/wp-content\/uploads\/2021\/07\/IMG_7542-2.jpg?resize=350%2C200&ssl=1","width":350,"height":200,"srcset":"https:\/\/i0.wp.com\/www.christallk.com\/wp-content\/uploads\/2021\/07\/IMG_7542-2.jpg?resize=350%2C200&ssl=1 1x, https:\/\/i0.wp.com\/www.christallk.com\/wp-content\/uploads\/2021\/07\/IMG_7542-2.jpg?resize=525%2C300&ssl=1 1.5x, https:\/\/i0.wp.com\/www.christallk.com\/wp-content\/uploads\/2021\/07\/IMG_7542-2.jpg?resize=700%2C400&ssl=1 2x"},"classes":[]},{"id":5172,"url":"https:\/\/www.christallk.com\/en\/product\/bubble-tea\/","url_meta":{"origin":8241,"position":3},"title":"Bubble Tea","author":"Christelle","date":"September 21, 2022","format":false,"excerpt":"Bubble Tea is a large, easy-to-knit stole. You&#039;ll first work the two side panels separately, then join them and knit the two top triangles. It alternates between garter stitch, mosaic knitting, bobbles, and brioche stitch. This pattern is the perfect way to use up single skeins! Pattern\u2026","rel":"","context":"Similar post","block_context":{"text":"Similar post","link":""},"img":{"alt_text":"","src":"https:\/\/i0.wp.com\/www.christallk.com\/wp-content\/uploads\/2022\/09\/IMG_9405.jpg?resize=350%2C200&ssl=1","width":350,"height":200,"srcset":"https:\/\/i0.wp.com\/www.christallk.com\/wp-content\/uploads\/2022\/09\/IMG_9405.jpg?resize=350%2C200&ssl=1 1x, https:\/\/i0.wp.com\/www.christallk.com\/wp-content\/uploads\/2022\/09\/IMG_9405.jpg?resize=525%2C300&ssl=1 1.5x, https:\/\/i0.wp.com\/www.christallk.com\/wp-content\/uploads\/2022\/09\/IMG_9405.jpg?resize=700%2C400&ssl=1 2x"},"classes":[]},{"id":4255,"url":"https:\/\/www.christallk.com\/en\/product\/azulejos-shawl\/","url_meta":{"origin":8241,"position":4},"title":"AZULEJOS SHAWL","author":"Christelle","date":"September 21, 2021","format":false,"excerpt":"Azulejos Shawl is a delicate combination of bobbles and mosaic stitch. It is knitted in a twisted 100% merino base, giving the yarn a nice round appearance. Downloadable PDF pattern: once your order is confirmed, a download link is available on the order page.","rel":"","context":"Similar post","block_context":{"text":"Similar post","link":""},"img":{"alt_text":"Ch\u00e2le Azulejos","src":"https:\/\/i0.wp.com\/www.christallk.com\/wp-content\/uploads\/2021\/09\/IMG_8628_edited.jpg?resize=350%2C200&ssl=1","width":350,"height":200,"srcset":"https:\/\/i0.wp.com\/www.christallk.com\/wp-content\/uploads\/2021\/09\/IMG_8628_edited.jpg?resize=350%2C200&ssl=1 1x, https:\/\/i0.wp.com\/www.christallk.com\/wp-content\/uploads\/2021\/09\/IMG_8628_edited.jpg?resize=525%2C300&ssl=1 1.5x, https:\/\/i0.wp.com\/www.christallk.com\/wp-content\/uploads\/2021\/09\/IMG_8628_edited.jpg?resize=700%2C400&ssl=1 2x, https:\/\/i0.wp.com\/www.christallk.com\/wp-content\/uploads\/2021\/09\/IMG_8628_edited.jpg?resize=1050%2C600&ssl=1 3x, https:\/\/i0.wp.com\/www.christallk.com\/wp-content\/uploads\/2021\/09\/IMG_8628_edited.jpg?resize=1400%2C800&ssl=1 4x"},"classes":[]},{"id":3586,"url":"https:\/\/www.christallk.com\/en\/product\/ines-shawl\/","url_meta":{"origin":8241,"position":5},"title":"INES SHAWL","author":"Christelle","date":"May 20, 2021","format":false,"excerpt":"In\u00e8s is a delicate combination of textured stitches, perfectly crafted bobbles, and mosaic stitch. It&#039;s knitted in a merino and linen blend that adds a touch of lightness to the merino. Downloadable PDF pattern: once your order is confirmed, a download link is available...","rel":"","context":"Similar post","block_context":{"text":"Similar post","link":""},"img":{"alt_text":"","src":"https:\/\/i0.wp.com\/www.christallk.com\/wp-content\/uploads\/2021\/05\/IMG_8247-2.jpg?resize=350%2C200&ssl=1","width":350,"height":200,"srcset":"https:\/\/i0.wp.com\/www.christallk.com\/wp-content\/uploads\/2021\/05\/IMG_8247-2.jpg?resize=350%2C200&ssl=1 1x, https:\/\/i0.wp.com\/www.christallk.com\/wp-content\/uploads\/2021\/05\/IMG_8247-2.jpg?resize=525%2C300&ssl=1 1.5x, https:\/\/i0.wp.com\/www.christallk.com\/wp-content\/uploads\/2021\/05\/IMG_8247-2.jpg?resize=700%2C400&ssl=1 2x"},"classes":[]}],"jetpack_sharing_enabled":true,"_links":{"self":[{"href":"https:\/\/www.christallk.com\/en\/wp-json\/wp\/v2\/product\/8241","targetHints":{"allow":["GET"]}}],"collection":[{"href":"https:\/\/www.christallk.com\/en\/wp-json\/wp\/v2\/product"}],"about":[{"href":"https:\/\/www.christallk.com\/en\/wp-json\/wp\/v2\/types\/product"}],"replies":[{"embeddable":true,"href":"https:\/\/www.christallk.com\/en\/wp-json\/wp\/v2\/comments?post=8241"}],"wp:featuredmedia":[{"embeddable":true,"href":"https:\/\/www.christallk.com\/en\/wp-json\/wp\/v2\/media\/8252"}],"wp:attachment":[{"href":"https:\/\/www.christallk.com\/en\/wp-json\/wp\/v2\/media?parent=8241"}],"wp:term":[{"taxonomy":"product_brand","embeddable":true,"href":"https:\/\/www.christallk.com\/en\/wp-json\/wp\/v2\/product_brand?post=8241"},{"taxonomy":"product_cat","embeddable":true,"href":"https:\/\/www.christallk.com\/en\/wp-json\/wp\/v2\/product_cat?post=8241"},{"taxonomy":"product_tag","embeddable":true,"href":"https:\/\/www.christallk.com\/en\/wp-json\/wp\/v2\/product_tag?post=8241"}],"curies":[{"name":"wp","href":"https:\/\/api.w.org\/{rel}","templated":true}]}}