{"id":8244,"date":"2025-11-05T12:23:40","date_gmt":"2025-11-05T11:23:40","guid":{"rendered":"https:\/\/www.christallk.com\/?post_type=product&#038;p=8244"},"modified":"2025-12-28T18:35:56","modified_gmt":"2025-12-28T17:35:56","slug":"kits-mkal-wintergrun","status":"publish","type":"product","link":"https:\/\/www.christallk.com\/en\/product\/kits-mkal-wintergrun\/","title":{"rendered":"Kits MKAL Wintergr\u00fcn"},"content":{"rendered":"<div>\n<p data-start=\"100\" data-end=\"136\"><strong data-start=\"103\" data-end=\"131\">Kits MKAL \u2013 Wintergr\u00fcn<\/strong><\/p>\n<p data-start=\"138\" data-end=\"388\">Immerse yourself in the magic of the Ardennes with <strong data-start=\"176\" data-end=\"190\">Wintergr\u00fcn.<\/strong><\/p>\n<p>Here you will find:<\/p>\n<ul data-start=\"439\" data-end=\"788\">\n<li data-start=\"439\" data-end=\"564\">\n<p data-start=\"441\" data-end=\"469\"><strong data-start=\"441\" data-end=\"465\">4 skeins<\/strong> :<\/p>\n<ul data-start=\"473\" data-end=\"564\">\n<li data-start=\"473\" data-end=\"526\">\n<p data-start=\"475\" data-end=\"526\">2 in <strong data-start=\"485\" data-end=\"498\">Peregrine<\/strong><\/p>\n<\/li>\n<li data-start=\"530\" data-end=\"564\">\n<p data-start=\"532\" data-end=\"564\">2 mystery skeins<\/p>\n<\/li>\n<\/ul>\n<\/li>\n<\/ul>\n<p>To be able to knit ChristalLK's MKAL 2025<\/p>\n<p data-start=\"790\" data-end=\"953\"><strong data-start=\"793\" data-end=\"833\">Choose your color palette<\/strong> among the five proposals... or let yourself be tempted by the <strong data-start=\"895\" data-end=\"915\">\u201cChoose your own\u201d combo<\/strong> for a 100% surprise experience!<\/p>\n<p>Set 1: La Pure \u2013 Ivoire<br \/>\nSet 2: L\u2019Animale \u2013 Red Fox<br \/>\nSet 3: La Sylvestre \u2013 Douglas<br \/>\nSet 4: La Royale \u2013 Pourpre<br \/>\nSet 5: L\u2019Espi\u00e8gle \u2013 Huang<br \/>\nSet 6  Choose your own \u2013\u00a0 Please consult the palette of <a href=\"https:\/\/www.christallk.com\/en\/product\/peregrine\/\">Peregrine here<\/a><\/p>\n<p><strong>PLEASE NOTE: The MKAL pattern clues will be sent to you by email or via Ravelry, so please specify your email address or Ravelry username in the notes so that you can receive the weekly clues and the final pattern!<\/strong><\/p>\n<\/div>","protected":false},"excerpt":{"rendered":"<p data-start=\"100\" data-end=\"136\"><strong data-start=\"103\" data-end=\"131\">Kits MKAL \u2013 Wintergr\u00fcn<\/strong><\/p>\n<p data-start=\"138\" data-end=\"388\">Discover a knitting mystery in the heart of the Anlier forest with ChristalLK's brand new Mystery KAL: Wintergr\u00fcn.<\/p>\n<p>Here you will find everything you need to knit the MKAL. The pattern can be purchased separately here: <a href=\"https:\/\/www.christallk.com\/en\/product\/wintergrun-mkal\/\">Wintergr\u00fcn<\/a><\/p>\n<p><em>VAT and delivery costs are calculated when the shopping cart is validated.<\/em><\/p>\n<p><em><span class=\"Cart__Taxes text--subdued\">\u00a0<\/span><\/em><\/p>\n<div id=\"ConnectiveDocSignExtentionInstalled\" data-extension-version=\"1.0.4\"><\/div>","protected":false},"featured_media":8252,"comment_status":"closed","ping_status":"closed","template":"","meta":{"jetpack_publicize_message":"","jetpack_publicize_feature_enabled":true,"jetpack_social_post_already_shared":true,"jetpack_social_options":{"image_generator_settings":{"template":"highway","default_image_id":0,"font":"","enabled":false},"version":2}},"product_brand":[],"product_cat":[354,316,317],"product_tag":[],"class_list":{"0":"post-8244","1":"product","2":"type-product","3":"status-publish","4":"has-post-thumbnail","6":"product_cat-kits","7":"product_cat-yarn-laine","8":"product_cat-peregrine","11":"first","12":"outofstock","13":"taxable","14":"shipping-taxable","15":"purchasable","16":"product-type-variable"},"yoast_head":"<!-- This site is optimized with the Yoast SEO plugin v27.5 - https:\/\/yoast.com\/product\/yoast-seo-wordpress\/ -->\n<title>Kits MKAL Wintergr\u00fcn - ChristalLK<\/title>\n<meta name=\"description\" content=\"D\u00e9couvrer un myst\u00e8re \u00e0 tricoter au coeur de la for\u00eat d&#039;Anlier avec le tout nouveau Mystery KAL de ChristalLK : Wintergr\u00fcn.\" \/>\n<meta name=\"robots\" content=\"index, follow, max-snippet:-1, max-image-preview:large, max-video-preview:-1\" \/>\n<link rel=\"canonical\" href=\"https:\/\/www.christallk.com\/en\/product\/kits-mkal-wintergrun\/\" \/>\n<meta property=\"og:locale\" content=\"en_US\" \/>\n<meta property=\"og:type\" content=\"article\" \/>\n<meta property=\"og:title\" content=\"Kits MKAL Wintergr\u00fcn - ChristalLK\" \/>\n<meta property=\"og:description\" content=\"D\u00e9couvrer un myst\u00e8re \u00e0 tricoter au coeur de la for\u00eat d&#039;Anlier avec le tout nouveau Mystery KAL de ChristalLK : Wintergr\u00fcn.\" \/>\n<meta property=\"og:url\" content=\"https:\/\/www.christallk.com\/en\/product\/kits-mkal-wintergrun\/\" \/>\n<meta property=\"og:site_name\" content=\"ChristalLK\" \/>\n<meta property=\"article:publisher\" content=\"https:\/\/www.facebook.com\/ChristalLittleK\/\" \/>\n<meta property=\"article:modified_time\" content=\"2025-12-28T17:35:56+00:00\" \/>\n<meta property=\"og:image\" content=\"https:\/\/www.christallk.com\/wp-content\/uploads\/2025\/11\/Box-tasse-26-x-30-cm-30-x-26-cm-Publication-Instagram-45.jpg\" \/>\n\t<meta property=\"og:image:width\" content=\"1080\" \/>\n\t<meta property=\"og:image:height\" content=\"1350\" \/>\n\t<meta property=\"og:image:type\" content=\"image\/jpeg\" \/>\n<meta name=\"twitter:card\" content=\"summary_large_image\" \/>\n<meta name=\"twitter:label1\" content=\"Est. reading time\" \/>\n\t<meta name=\"twitter:data1\" content=\"1 minute\" \/>\n<script type=\"application\/ld+json\" class=\"yoast-schema-graph\">{\"@context\":\"https:\\\/\\\/schema.org\",\"@graph\":[{\"@type\":\"WebPage\",\"@id\":\"https:\\\/\\\/www.christallk.com\\\/product\\\/kits-mkal-wintergrun\\\/\",\"url\":\"https:\\\/\\\/www.christallk.com\\\/product\\\/kits-mkal-wintergrun\\\/\",\"name\":\"Kits MKAL Wintergr\u00fcn - ChristalLK\",\"isPartOf\":{\"@id\":\"https:\\\/\\\/www.christallk.com\\\/#website\"},\"primaryImageOfPage\":{\"@id\":\"https:\\\/\\\/www.christallk.com\\\/product\\\/kits-mkal-wintergrun\\\/#primaryimage\"},\"image\":{\"@id\":\"https:\\\/\\\/www.christallk.com\\\/product\\\/kits-mkal-wintergrun\\\/#primaryimage\"},\"thumbnailUrl\":\"https:\\\/\\\/www.christallk.com\\\/wp-content\\\/uploads\\\/2025\\\/11\\\/Box-tasse-26-x-30-cm-30-x-26-cm-Publication-Instagram-45.jpg\",\"datePublished\":\"2025-11-05T11:23:40+00:00\",\"dateModified\":\"2025-12-28T17:35:56+00:00\",\"description\":\"D\u00e9couvrer un myst\u00e8re \u00e0 tricoter au coeur de la for\u00eat d'Anlier avec le tout nouveau Mystery KAL de ChristalLK : Wintergr\u00fcn.\",\"breadcrumb\":{\"@id\":\"https:\\\/\\\/www.christallk.com\\\/product\\\/kits-mkal-wintergrun\\\/#breadcrumb\"},\"inLanguage\":\"en-US\",\"potentialAction\":[{\"@type\":\"ReadAction\",\"target\":[\"https:\\\/\\\/www.christallk.com\\\/product\\\/kits-mkal-wintergrun\\\/\"]}]},{\"@type\":\"ImageObject\",\"inLanguage\":\"en-US\",\"@id\":\"https:\\\/\\\/www.christallk.com\\\/product\\\/kits-mkal-wintergrun\\\/#primaryimage\",\"url\":\"https:\\\/\\\/www.christallk.com\\\/wp-content\\\/uploads\\\/2025\\\/11\\\/Box-tasse-26-x-30-cm-30-x-26-cm-Publication-Instagram-45.jpg\",\"contentUrl\":\"https:\\\/\\\/www.christallk.com\\\/wp-content\\\/uploads\\\/2025\\\/11\\\/Box-tasse-26-x-30-cm-30-x-26-cm-Publication-Instagram-45.jpg\",\"width\":1080,\"height\":1350},{\"@type\":\"BreadcrumbList\",\"@id\":\"https:\\\/\\\/www.christallk.com\\\/product\\\/kits-mkal-wintergrun\\\/#breadcrumb\",\"itemListElement\":[{\"@type\":\"ListItem\",\"position\":1,\"name\":\"Home\",\"item\":\"https:\\\/\\\/www.christallk.com\\\/\"},{\"@type\":\"ListItem\",\"position\":2,\"name\":\"Boutique\",\"item\":\"https:\\\/\\\/www.christallk.com\\\/language\\\/fr\\\/shop\\\/\"},{\"@type\":\"ListItem\",\"position\":3,\"name\":\"Kits MKAL Wintergr\u00fcn\"}]},{\"@type\":\"WebSite\",\"@id\":\"https:\\\/\\\/www.christallk.com\\\/#website\",\"url\":\"https:\\\/\\\/www.christallk.com\\\/\",\"name\":\"ChristalLK\",\"description\":\"ChristalLK Website\",\"publisher\":{\"@id\":\"https:\\\/\\\/www.christallk.com\\\/#organization\"},\"potentialAction\":[{\"@type\":\"SearchAction\",\"target\":{\"@type\":\"EntryPoint\",\"urlTemplate\":\"https:\\\/\\\/www.christallk.com\\\/?s={search_term_string}\"},\"query-input\":{\"@type\":\"PropertyValueSpecification\",\"valueRequired\":true,\"valueName\":\"search_term_string\"}}],\"inLanguage\":\"en-US\"},{\"@type\":\"Organization\",\"@id\":\"https:\\\/\\\/www.christallk.com\\\/#organization\",\"name\":\"ChristalLK\",\"url\":\"https:\\\/\\\/www.christallk.com\\\/\",\"logo\":{\"@type\":\"ImageObject\",\"inLanguage\":\"en-US\",\"@id\":\"https:\\\/\\\/www.christallk.com\\\/#\\\/schema\\\/logo\\\/image\\\/\",\"url\":\"https:\\\/\\\/i2.wp.com\\\/www.christallk.com\\\/wp-content\\\/uploads\\\/2020\\\/05\\\/canvas_logo_clk.png?fit=650%2C600\",\"contentUrl\":\"https:\\\/\\\/i2.wp.com\\\/www.christallk.com\\\/wp-content\\\/uploads\\\/2020\\\/05\\\/canvas_logo_clk.png?fit=650%2C600\",\"width\":650,\"height\":600,\"caption\":\"ChristalLK\"},\"image\":{\"@id\":\"https:\\\/\\\/www.christallk.com\\\/#\\\/schema\\\/logo\\\/image\\\/\"},\"sameAs\":[\"https:\\\/\\\/www.facebook.com\\\/ChristalLittleK\\\/\",\"https:\\\/\\\/www.instagram.com\\\/christallittlek\\\/\",\"https:\\\/\\\/www.pinterest.com\\\/christallk1637\\\/\",\"https:\\\/\\\/www.youtube.com\\\/channel\\\/UCk8kNDAInlkf2fCr6pU-_oA?view_as=subscriber\"]}]}<\/script>\n<!-- \/ Yoast SEO plugin. -->","yoast_head_json":{"title":"Kits MKAL Wintergr\u00fcn - ChristalLK","description":"D\u00e9couvrer un myst\u00e8re \u00e0 tricoter au coeur de la for\u00eat d'Anlier avec le tout nouveau Mystery KAL de ChristalLK : Wintergr\u00fcn.","robots":{"index":"index","follow":"follow","max-snippet":"max-snippet:-1","max-image-preview":"max-image-preview:large","max-video-preview":"max-video-preview:-1"},"canonical":"https:\/\/www.christallk.com\/en\/product\/kits-mkal-wintergrun\/","og_locale":"en_US","og_type":"article","og_title":"Kits MKAL Wintergr\u00fcn - ChristalLK","og_description":"D\u00e9couvrer un myst\u00e8re \u00e0 tricoter au coeur de la for\u00eat d'Anlier avec le tout nouveau Mystery KAL de ChristalLK : Wintergr\u00fcn.","og_url":"https:\/\/www.christallk.com\/en\/product\/kits-mkal-wintergrun\/","og_site_name":"ChristalLK","article_publisher":"https:\/\/www.facebook.com\/ChristalLittleK\/","article_modified_time":"2025-12-28T17:35:56+00:00","og_image":[{"width":1080,"height":1350,"url":"https:\/\/www.christallk.com\/wp-content\/uploads\/2025\/11\/Box-tasse-26-x-30-cm-30-x-26-cm-Publication-Instagram-45.jpg","type":"image\/jpeg"}],"twitter_card":"summary_large_image","twitter_misc":{"Est. reading time":"1 minute"},"schema":{"@context":"https:\/\/schema.org","@graph":[{"@type":"WebPage","@id":"https:\/\/www.christallk.com\/product\/kits-mkal-wintergrun\/","url":"https:\/\/www.christallk.com\/product\/kits-mkal-wintergrun\/","name":"Kits MKAL Wintergr\u00fcn - ChristalLK","isPartOf":{"@id":"https:\/\/www.christallk.com\/#website"},"primaryImageOfPage":{"@id":"https:\/\/www.christallk.com\/product\/kits-mkal-wintergrun\/#primaryimage"},"image":{"@id":"https:\/\/www.christallk.com\/product\/kits-mkal-wintergrun\/#primaryimage"},"thumbnailUrl":"https:\/\/www.christallk.com\/wp-content\/uploads\/2025\/11\/Box-tasse-26-x-30-cm-30-x-26-cm-Publication-Instagram-45.jpg","datePublished":"2025-11-05T11:23:40+00:00","dateModified":"2025-12-28T17:35:56+00:00","description":"D\u00e9couvrer un myst\u00e8re \u00e0 tricoter au coeur de la for\u00eat d'Anlier avec le tout nouveau Mystery KAL de ChristalLK : Wintergr\u00fcn.","breadcrumb":{"@id":"https:\/\/www.christallk.com\/product\/kits-mkal-wintergrun\/#breadcrumb"},"inLanguage":"en-US","potentialAction":[{"@type":"ReadAction","target":["https:\/\/www.christallk.com\/product\/kits-mkal-wintergrun\/"]}]},{"@type":"ImageObject","inLanguage":"en-US","@id":"https:\/\/www.christallk.com\/product\/kits-mkal-wintergrun\/#primaryimage","url":"https:\/\/www.christallk.com\/wp-content\/uploads\/2025\/11\/Box-tasse-26-x-30-cm-30-x-26-cm-Publication-Instagram-45.jpg","contentUrl":"https:\/\/www.christallk.com\/wp-content\/uploads\/2025\/11\/Box-tasse-26-x-30-cm-30-x-26-cm-Publication-Instagram-45.jpg","width":1080,"height":1350},{"@type":"BreadcrumbList","@id":"https:\/\/www.christallk.com\/product\/kits-mkal-wintergrun\/#breadcrumb","itemListElement":[{"@type":"ListItem","position":1,"name":"Home","item":"https:\/\/www.christallk.com\/"},{"@type":"ListItem","position":2,"name":"Boutique","item":"https:\/\/www.christallk.com\/language\/fr\/shop\/"},{"@type":"ListItem","position":3,"name":"Kits MKAL Wintergr\u00fcn"}]},{"@type":"WebSite","@id":"https:\/\/www.christallk.com\/#website","url":"https:\/\/www.christallk.com\/","name":"ChristalLK","description":"ChristalLK Website","publisher":{"@id":"https:\/\/www.christallk.com\/#organization"},"potentialAction":[{"@type":"SearchAction","target":{"@type":"EntryPoint","urlTemplate":"https:\/\/www.christallk.com\/?s={search_term_string}"},"query-input":{"@type":"PropertyValueSpecification","valueRequired":true,"valueName":"search_term_string"}}],"inLanguage":"en-US"},{"@type":"Organization","@id":"https:\/\/www.christallk.com\/#organization","name":"ChristalLK","url":"https:\/\/www.christallk.com\/","logo":{"@type":"ImageObject","inLanguage":"en-US","@id":"https:\/\/www.christallk.com\/#\/schema\/logo\/image\/","url":"https:\/\/i2.wp.com\/www.christallk.com\/wp-content\/uploads\/2020\/05\/canvas_logo_clk.png?fit=650%2C600","contentUrl":"https:\/\/i2.wp.com\/www.christallk.com\/wp-content\/uploads\/2020\/05\/canvas_logo_clk.png?fit=650%2C600","width":650,"height":600,"caption":"ChristalLK"},"image":{"@id":"https:\/\/www.christallk.com\/#\/schema\/logo\/image\/"},"sameAs":["https:\/\/www.facebook.com\/ChristalLittleK\/","https:\/\/www.instagram.com\/christallittlek\/","https:\/\/www.pinterest.com\/christallk1637\/","https:\/\/www.youtube.com\/channel\/UCk8kNDAInlkf2fCr6pU-_oA?view_as=subscriber"]}]}},"jetpack_publicize_connections":[],"jetpack_likes_enabled":true,"jetpack-related-posts":[{"id":8241,"url":"https:\/\/www.christallk.com\/en\/product\/wintergrun-mkal\/","url_meta":{"origin":8244,"position":0},"title":"Wintergr\u00fcn &#8211; MKAL","author":"Christelle","date":"November 5, 2025","format":false,"excerpt":"D\u00e9couvrer un myst\u00e8re \u00e0 tricoter au coeur de la for\u00eat d'Anlier avec le tout nouveau Mystery KAL de ChristalLK : Wintergr\u00fcn. Patron pdf t\u00e9l\u00e9chargeable : une fois la commande valid\u00e9e, un lien de t\u00e9l\u00e9chargement est disponible sur la page de commande. Pensez \u00e0 le t\u00e9l\u00e9charger car le lien est temporaire.\u2026","rel":"","context":"Similar post","block_context":{"text":"Similar post","link":""},"img":{"alt_text":"","src":"https:\/\/i0.wp.com\/www.christallk.com\/wp-content\/uploads\/2025\/11\/Box-tasse-26-x-30-cm-30-x-26-cm-Publication-Instagram-45.jpg?resize=350%2C200&ssl=1","width":350,"height":200,"srcset":"https:\/\/i0.wp.com\/www.christallk.com\/wp-content\/uploads\/2025\/11\/Box-tasse-26-x-30-cm-30-x-26-cm-Publication-Instagram-45.jpg?resize=350%2C200&ssl=1 1x, https:\/\/i0.wp.com\/www.christallk.com\/wp-content\/uploads\/2025\/11\/Box-tasse-26-x-30-cm-30-x-26-cm-Publication-Instagram-45.jpg?resize=525%2C300&ssl=1 1.5x, https:\/\/i0.wp.com\/www.christallk.com\/wp-content\/uploads\/2025\/11\/Box-tasse-26-x-30-cm-30-x-26-cm-Publication-Instagram-45.jpg?resize=700%2C400&ssl=1 2x, https:\/\/i0.wp.com\/www.christallk.com\/wp-content\/uploads\/2025\/11\/Box-tasse-26-x-30-cm-30-x-26-cm-Publication-Instagram-45.jpg?resize=1050%2C600&ssl=1 3x"},"classes":[]},{"id":7996,"url":"https:\/\/www.christallk.com\/en\/product\/wintergrun\/","url_meta":{"origin":8244,"position":1},"title":"Box de No\u00ebl \u2013 Wintergr\u00fcn","author":"Christelle","date":"August 22, 2025","format":false,"excerpt":"Box de No\u00ebl \u2013 Wintergr\u00fcn Plongez dans la magie des Ardennes avec Wintergr\u00fcn, ma box de No\u00ebl sp\u00e9cialement pens\u00e9e pour les amoureux\u00b7ses du tricot et des myst\u00e8res.Un coffret surprise rempli de douceur, de cr\u00e9ativit\u00e9 et d\u2019inspiration pour accompagner vos aiguilles tout au long des f\u00eates. La TVA et les frais\u2026","rel":"","context":"Similar post","block_context":{"text":"Similar post","link":""},"img":{"alt_text":"","src":"https:\/\/i0.wp.com\/www.christallk.com\/wp-content\/uploads\/2025\/08\/Sans-titre-Publication-Instagram-45.jpg?resize=350%2C200&ssl=1","width":350,"height":200,"srcset":"https:\/\/i0.wp.com\/www.christallk.com\/wp-content\/uploads\/2025\/08\/Sans-titre-Publication-Instagram-45.jpg?resize=350%2C200&ssl=1 1x, https:\/\/i0.wp.com\/www.christallk.com\/wp-content\/uploads\/2025\/08\/Sans-titre-Publication-Instagram-45.jpg?resize=525%2C300&ssl=1 1.5x, https:\/\/i0.wp.com\/www.christallk.com\/wp-content\/uploads\/2025\/08\/Sans-titre-Publication-Instagram-45.jpg?resize=700%2C400&ssl=1 2x, https:\/\/i0.wp.com\/www.christallk.com\/wp-content\/uploads\/2025\/08\/Sans-titre-Publication-Instagram-45.jpg?resize=1050%2C600&ssl=1 3x"},"classes":[]},{"id":6145,"url":"https:\/\/www.christallk.com\/en\/product\/jardin-dhiver\/","url_meta":{"origin":8244,"position":2},"title":"Winter Garden \u2013 MKAL","author":"Christelle","date":"November 1, 2023","format":false,"excerpt":"Red\u00e9couvrons ensemble la magie du v\u00e9g\u00e9tal en hiver. Patron pdf t\u00e9l\u00e9chargeable : une fois la commande valid\u00e9e, un lien de t\u00e9l\u00e9chargement est disponible sur la page de commande. La TVA est calcul\u00e9e \u00e0 la validation du panier.","rel":"","context":"Similar post","block_context":{"text":"Similar post","link":""},"img":{"alt_text":"","src":"https:\/\/i0.wp.com\/www.christallk.com\/wp-content\/uploads\/2023\/11\/jardinhiver-17.jpg?resize=350%2C200&ssl=1","width":350,"height":200,"srcset":"https:\/\/i0.wp.com\/www.christallk.com\/wp-content\/uploads\/2023\/11\/jardinhiver-17.jpg?resize=350%2C200&ssl=1 1x, https:\/\/i0.wp.com\/www.christallk.com\/wp-content\/uploads\/2023\/11\/jardinhiver-17.jpg?resize=525%2C300&ssl=1 1.5x, https:\/\/i0.wp.com\/www.christallk.com\/wp-content\/uploads\/2023\/11\/jardinhiver-17.jpg?resize=700%2C400&ssl=1 2x, https:\/\/i0.wp.com\/www.christallk.com\/wp-content\/uploads\/2023\/11\/jardinhiver-17.jpg?resize=1050%2C600&ssl=1 3x"},"classes":[]},{"id":7274,"url":"https:\/\/www.christallk.com\/en\/product\/kits-clint\/","url_meta":{"origin":8244,"position":3},"title":"Clint Kits","author":"Christelle","date":"March 14, 2025","format":false,"excerpt":"Depuis plusieurs mois, je vous parle du patron Clint de chez Natasja Hornsby (Moonstruck Knits) et de la possibilit\u00e9 de\u00a0 le tricoter en Peregrine ! Voici donc des kits pr\u00e9par\u00e9s pour l'occasion ! La TVA et les frais de livraison sont calcul\u00e9s \u00e0 la validation du panier.","rel":"","context":"Similar post","block_context":{"text":"Similar post","link":""},"img":{"alt_text":"","src":"https:\/\/i0.wp.com\/www.christallk.com\/wp-content\/uploads\/2025\/03\/Kal.jpg?resize=350%2C200&ssl=1","width":350,"height":200,"srcset":"https:\/\/i0.wp.com\/www.christallk.com\/wp-content\/uploads\/2025\/03\/Kal.jpg?resize=350%2C200&ssl=1 1x, https:\/\/i0.wp.com\/www.christallk.com\/wp-content\/uploads\/2025\/03\/Kal.jpg?resize=525%2C300&ssl=1 1.5x, https:\/\/i0.wp.com\/www.christallk.com\/wp-content\/uploads\/2025\/03\/Kal.jpg?resize=700%2C400&ssl=1 2x, https:\/\/i0.wp.com\/www.christallk.com\/wp-content\/uploads\/2025\/03\/Kal.jpg?resize=1050%2C600&ssl=1 3x"},"classes":[]},{"id":7338,"url":"https:\/\/www.christallk.com\/en\/product\/constantine\/","url_meta":{"origin":8244,"position":4},"title":"Constantine&#039;s Dream Kits","author":"Christelle","date":"April 4, 2025","format":false,"excerpt":"Voici donc ma version du sublime Constantine\u2019s Dream d'Enrico Castronovo \u2728 et voici les kits pour le reproduire \u00e0 l'identique ! Enjoy ! La TVA et les frais de livraison sont calcul\u00e9s \u00e0 la validation du panier. Le patron est \u00e0 acheter sur Ravelry (lien en description) \u00a0","rel":"","context":"Similar post","block_context":{"text":"Similar post","link":""},"img":{"alt_text":"","src":"https:\/\/i0.wp.com\/www.christallk.com\/wp-content\/uploads\/2025\/04\/IMG_1252-2.jpg?resize=350%2C200&ssl=1","width":350,"height":200,"srcset":"https:\/\/i0.wp.com\/www.christallk.com\/wp-content\/uploads\/2025\/04\/IMG_1252-2.jpg?resize=350%2C200&ssl=1 1x, https:\/\/i0.wp.com\/www.christallk.com\/wp-content\/uploads\/2025\/04\/IMG_1252-2.jpg?resize=525%2C300&ssl=1 1.5x, https:\/\/i0.wp.com\/www.christallk.com\/wp-content\/uploads\/2025\/04\/IMG_1252-2.jpg?resize=700%2C400&ssl=1 2x, https:\/\/i0.wp.com\/www.christallk.com\/wp-content\/uploads\/2025\/04\/IMG_1252-2.jpg?resize=1050%2C600&ssl=1 3x"},"classes":[]},{"id":7035,"url":"https:\/\/www.christallk.com\/en\/product\/kits-petalsoflove\/","url_meta":{"origin":8244,"position":5},"title":"Petals of Love Kits","author":"Christelle","date":"December 27, 2024","format":false,"excerpt":"Au vu du succ\u00e8s de la Box Saint Valentin, nous vous proposons des kits comprenant patron et fil, tout pour tricoter cette paire de mitaines La TVA et les frais de livraison sont calcul\u00e9s \u00e0 la validation du panier. Patron pdf t\u00e9l\u00e9chargeable : une fois la commande valid\u00e9e, un lien\u2026","rel":"","context":"Similar post","block_context":{"text":"Similar post","link":""},"img":{"alt_text":"","src":"https:\/\/i0.wp.com\/www.christallk.com\/wp-content\/uploads\/2024\/12\/Sans-titre.jpg?resize=350%2C200&ssl=1","width":350,"height":200,"srcset":"https:\/\/i0.wp.com\/www.christallk.com\/wp-content\/uploads\/2024\/12\/Sans-titre.jpg?resize=350%2C200&ssl=1 1x, https:\/\/i0.wp.com\/www.christallk.com\/wp-content\/uploads\/2024\/12\/Sans-titre.jpg?resize=525%2C300&ssl=1 1.5x, https:\/\/i0.wp.com\/www.christallk.com\/wp-content\/uploads\/2024\/12\/Sans-titre.jpg?resize=700%2C400&ssl=1 2x, https:\/\/i0.wp.com\/www.christallk.com\/wp-content\/uploads\/2024\/12\/Sans-titre.jpg?resize=1050%2C600&ssl=1 3x"},"classes":[]}],"jetpack_sharing_enabled":true,"_links":{"self":[{"href":"https:\/\/www.christallk.com\/en\/wp-json\/wp\/v2\/product\/8244","targetHints":{"allow":["GET"]}}],"collection":[{"href":"https:\/\/www.christallk.com\/en\/wp-json\/wp\/v2\/product"}],"about":[{"href":"https:\/\/www.christallk.com\/en\/wp-json\/wp\/v2\/types\/product"}],"replies":[{"embeddable":true,"href":"https:\/\/www.christallk.com\/en\/wp-json\/wp\/v2\/comments?post=8244"}],"wp:featuredmedia":[{"embeddable":true,"href":"https:\/\/www.christallk.com\/en\/wp-json\/wp\/v2\/media\/8252"}],"wp:attachment":[{"href":"https:\/\/www.christallk.com\/en\/wp-json\/wp\/v2\/media?parent=8244"}],"wp:term":[{"taxonomy":"product_brand","embeddable":true,"href":"https:\/\/www.christallk.com\/en\/wp-json\/wp\/v2\/product_brand?post=8244"},{"taxonomy":"product_cat","embeddable":true,"href":"https:\/\/www.christallk.com\/en\/wp-json\/wp\/v2\/product_cat?post=8244"},{"taxonomy":"product_tag","embeddable":true,"href":"https:\/\/www.christallk.com\/en\/wp-json\/wp\/v2\/product_tag?post=8244"}],"curies":[{"name":"wp","href":"https:\/\/api.w.org\/{rel}","templated":true}]}}