{"id":8307,"date":"2025-12-12T13:13:17","date_gmt":"2025-12-12T12:13:17","guid":{"rendered":"https:\/\/www.christallk.com\/?post_type=product&#038;p=8307"},"modified":"2025-12-12T15:03:35","modified_gmt":"2025-12-12T14:03:35","slug":"brume","status":"publish","type":"product","link":"https:\/\/www.christallk.com\/en\/product\/brume\/","title":{"rendered":"Brume"},"content":{"rendered":"<p>Brume is a top-down sweater knitted with a single strand of Concept Silky Mohair. The body, simple\nand airy, is worked in stockinette stitch to highlight the light texture of the yarn. But the real charm lies in\nthe sleeves: puffed, lacy, and with a romantic flair that truly stands out.<br \/>\nThis sweater is a collaboration with the Katia Yarns brand.<\/p>\n<h3>Yarn<\/h3>\n<p>You need a lace yarn to knit it.<\/p>\n<p>I used Katia Concept Silky Mohair (58% Mohair, 20% Merino, 11% Silk, 11% Viscose) approx. 200 m \/ 25 g. 795 (923, 1054)(1180, 1288) (1434, 1595, 1733) m or a) 4, b) 5, c) 6, d) 7, e) 7, f) 8, g) 9, h) 9 balls<\/p>\n<h3>Gauge<\/h3>\n<p>With 4.5 mm needles in stockinette stitch (flat) 19 sts \/ 26 rs = 10 x 10 cm or 4 x 4\u201d<\/p>\n<h3>Notions<\/h3>\n<ul>\n<li>4.5-mm circular knitting needles with a 40, 60 and 80 cm cable<\/li>\n<li>3.75-mm circular knitting needles with a 60 and 80 cm cable<\/li>\n<li>3.25-mm double-pointed needles (DPNs)<\/li>\n<li>Removable stitch markers<\/li>\n<li>Scissors<\/li>\n<li>Tapestry needle<\/li>\n<\/ul>\n<h3>Final measurements<\/h3>\n<p>a) 95 cm, b) 104 cm, c) 115 cm, d) 125 cm, e) 136 cm, f) 146 cm, g) 157 cm, h) 167 cm<\/p>\n<h3>Construction<\/h3>\n<p>This is a top-down sweater. Cast on at the back and knit down to the armholes, pick up sts along the shoulders and work the fronts separately to add shape to the neckline. At the end of the neckline,\njoin the fronts and work to the underarm. Then, join the front and back and knit the body in the round. Pick up sts around the armholes to knit the sleeves in the round. To finish, pick up sts around the neckline and knit the cowl.<\/p>\n<p>&nbsp;<\/p>\n<h3>Level<\/h3>\n<p>2\/5<\/p>\n<h3>Used techniques<\/h3>\n<ul>\n<li><a href=\"https:\/\/www.christallk.com\/en\/fr-be\/monter-des-mailles-en-cours-tricot\/\">Cable Cast-On<\/a><\/li>\n<\/ul>","protected":false},"excerpt":{"rendered":"<p>Brume is a top-down sweater knitted with a single strand of Concept Silky Mohair. The body, simple\nand airy, is worked in stockinette stitch to highlight the light texture of the yarn. But the real charm lies in\nthe sleeves: puffed, lacy, and with a romantic flair that truly stands out.<br \/>\nThis sweater is a collaboration with the Katia Yarns brand.<\/p>\n<p>Downloadable <strong>pdf pattern<\/strong> : once the order is validated, a download link is available on the order page. <strong>Remember to download it because the link is temporary.<\/strong><\/p>\n<p><em>VAT is calculated when the shopping cart is validated.<\/em><\/p>\n<div id=\"ConnectiveDocSignExtentionInstalled\" data-extension-version=\"1.0.4\"><\/div>","protected":false},"featured_media":8320,"comment_status":"closed","ping_status":"closed","template":"","meta":{"jetpack_publicize_message":"","jetpack_publicize_feature_enabled":true,"jetpack_social_post_already_shared":true,"jetpack_social_options":{"image_generator_settings":{"template":"highway","default_image_id":0,"font":"","enabled":false},"version":2}},"product_brand":[],"product_cat":[319,318,308,320],"product_tag":[],"class_list":{"0":"post-8307","1":"product","2":"type-product","3":"status-publish","4":"has-post-thumbnail","6":"product_cat-english-pattern","7":"product_cat-patrons-en-francais","8":"product_cat-patterns-modeles","9":"product_cat-pulls","12":"first","13":"instock","14":"taxable","15":"shipping-taxable","16":"purchasable","17":"product-type-variable"},"yoast_head":"<!-- This site is optimized with the Yoast SEO plugin v27.5 - https:\/\/yoast.com\/product\/yoast-seo-wordpress\/ -->\n<title>Brume - ChristalLK<\/title>\n<meta name=\"description\" content=\"Brume est un pull top-down en mohair et soie au corps l\u00e9ger et vaporeux, avec des manches bouffantes ajour\u00e9es qui apportent toute sa touche romantique.\" \/>\n<meta name=\"robots\" content=\"index, follow, max-snippet:-1, max-image-preview:large, max-video-preview:-1\" \/>\n<link rel=\"canonical\" href=\"https:\/\/www.christallk.com\/en\/product\/brume\/\" \/>\n<meta property=\"og:locale\" content=\"en_US\" \/>\n<meta property=\"og:type\" content=\"article\" \/>\n<meta property=\"og:title\" content=\"Brume - ChristalLK\" \/>\n<meta property=\"og:description\" content=\"Brume est un pull top-down en mohair et soie au corps l\u00e9ger et vaporeux, avec des manches bouffantes ajour\u00e9es qui apportent toute sa touche romantique.\" \/>\n<meta property=\"og:url\" content=\"https:\/\/www.christallk.com\/en\/product\/brume\/\" \/>\n<meta property=\"og:site_name\" content=\"ChristalLK\" \/>\n<meta property=\"article:publisher\" content=\"https:\/\/www.facebook.com\/ChristalLittleK\/\" \/>\n<meta property=\"article:modified_time\" content=\"2025-12-12T14:03:35+00:00\" \/>\n<meta property=\"og:image\" content=\"https:\/\/www.christallk.com\/wp-content\/uploads\/2025\/12\/pullmohairkatia-22.jpg\" \/>\n\t<meta property=\"og:image:width\" content=\"1365\" \/>\n\t<meta property=\"og:image:height\" content=\"2048\" \/>\n\t<meta property=\"og:image:type\" content=\"image\/jpeg\" \/>\n<meta name=\"twitter:card\" content=\"summary_large_image\" \/>\n<meta name=\"twitter:label1\" content=\"Est. reading time\" \/>\n\t<meta name=\"twitter:data1\" content=\"2 minutes\" \/>\n<script type=\"application\/ld+json\" class=\"yoast-schema-graph\">{\"@context\":\"https:\\\/\\\/schema.org\",\"@graph\":[{\"@type\":\"WebPage\",\"@id\":\"https:\\\/\\\/www.christallk.com\\\/product\\\/brume\\\/\",\"url\":\"https:\\\/\\\/www.christallk.com\\\/product\\\/brume\\\/\",\"name\":\"Brume - ChristalLK\",\"isPartOf\":{\"@id\":\"https:\\\/\\\/www.christallk.com\\\/#website\"},\"primaryImageOfPage\":{\"@id\":\"https:\\\/\\\/www.christallk.com\\\/product\\\/brume\\\/#primaryimage\"},\"image\":{\"@id\":\"https:\\\/\\\/www.christallk.com\\\/product\\\/brume\\\/#primaryimage\"},\"thumbnailUrl\":\"https:\\\/\\\/www.christallk.com\\\/wp-content\\\/uploads\\\/2025\\\/12\\\/pullmohairkatia-22.jpg\",\"datePublished\":\"2025-12-12T12:13:17+00:00\",\"dateModified\":\"2025-12-12T14:03:35+00:00\",\"description\":\"Brume est un pull top-down en mohair et soie au corps l\u00e9ger et vaporeux, avec des manches bouffantes ajour\u00e9es qui apportent toute sa touche romantique.\",\"breadcrumb\":{\"@id\":\"https:\\\/\\\/www.christallk.com\\\/product\\\/brume\\\/#breadcrumb\"},\"inLanguage\":\"en-US\",\"potentialAction\":[{\"@type\":\"ReadAction\",\"target\":[\"https:\\\/\\\/www.christallk.com\\\/product\\\/brume\\\/\"]}]},{\"@type\":\"ImageObject\",\"inLanguage\":\"en-US\",\"@id\":\"https:\\\/\\\/www.christallk.com\\\/product\\\/brume\\\/#primaryimage\",\"url\":\"https:\\\/\\\/www.christallk.com\\\/wp-content\\\/uploads\\\/2025\\\/12\\\/pullmohairkatia-22.jpg\",\"contentUrl\":\"https:\\\/\\\/www.christallk.com\\\/wp-content\\\/uploads\\\/2025\\\/12\\\/pullmohairkatia-22.jpg\",\"width\":1365,\"height\":2048},{\"@type\":\"BreadcrumbList\",\"@id\":\"https:\\\/\\\/www.christallk.com\\\/product\\\/brume\\\/#breadcrumb\",\"itemListElement\":[{\"@type\":\"ListItem\",\"position\":1,\"name\":\"Home\",\"item\":\"https:\\\/\\\/www.christallk.com\\\/\"},{\"@type\":\"ListItem\",\"position\":2,\"name\":\"Boutique\",\"item\":\"https:\\\/\\\/www.christallk.com\\\/language\\\/fr\\\/shop\\\/\"},{\"@type\":\"ListItem\",\"position\":3,\"name\":\"Brume\"}]},{\"@type\":\"WebSite\",\"@id\":\"https:\\\/\\\/www.christallk.com\\\/#website\",\"url\":\"https:\\\/\\\/www.christallk.com\\\/\",\"name\":\"ChristalLK\",\"description\":\"ChristalLK Website\",\"publisher\":{\"@id\":\"https:\\\/\\\/www.christallk.com\\\/#organization\"},\"potentialAction\":[{\"@type\":\"SearchAction\",\"target\":{\"@type\":\"EntryPoint\",\"urlTemplate\":\"https:\\\/\\\/www.christallk.com\\\/?s={search_term_string}\"},\"query-input\":{\"@type\":\"PropertyValueSpecification\",\"valueRequired\":true,\"valueName\":\"search_term_string\"}}],\"inLanguage\":\"en-US\"},{\"@type\":\"Organization\",\"@id\":\"https:\\\/\\\/www.christallk.com\\\/#organization\",\"name\":\"ChristalLK\",\"url\":\"https:\\\/\\\/www.christallk.com\\\/\",\"logo\":{\"@type\":\"ImageObject\",\"inLanguage\":\"en-US\",\"@id\":\"https:\\\/\\\/www.christallk.com\\\/#\\\/schema\\\/logo\\\/image\\\/\",\"url\":\"https:\\\/\\\/i2.wp.com\\\/www.christallk.com\\\/wp-content\\\/uploads\\\/2020\\\/05\\\/canvas_logo_clk.png?fit=650%2C600\",\"contentUrl\":\"https:\\\/\\\/i2.wp.com\\\/www.christallk.com\\\/wp-content\\\/uploads\\\/2020\\\/05\\\/canvas_logo_clk.png?fit=650%2C600\",\"width\":650,\"height\":600,\"caption\":\"ChristalLK\"},\"image\":{\"@id\":\"https:\\\/\\\/www.christallk.com\\\/#\\\/schema\\\/logo\\\/image\\\/\"},\"sameAs\":[\"https:\\\/\\\/www.facebook.com\\\/ChristalLittleK\\\/\",\"https:\\\/\\\/www.instagram.com\\\/christallittlek\\\/\",\"https:\\\/\\\/www.pinterest.com\\\/christallk1637\\\/\",\"https:\\\/\\\/www.youtube.com\\\/channel\\\/UCk8kNDAInlkf2fCr6pU-_oA?view_as=subscriber\"]}]}<\/script>\n<!-- \/ Yoast SEO plugin. -->","yoast_head_json":{"title":"Brume - ChristalLK","description":"Brume est un pull top-down en mohair et soie au corps l\u00e9ger et vaporeux, avec des manches bouffantes ajour\u00e9es qui apportent toute sa touche romantique.","robots":{"index":"index","follow":"follow","max-snippet":"max-snippet:-1","max-image-preview":"max-image-preview:large","max-video-preview":"max-video-preview:-1"},"canonical":"https:\/\/www.christallk.com\/en\/product\/brume\/","og_locale":"en_US","og_type":"article","og_title":"Brume - ChristalLK","og_description":"Brume est un pull top-down en mohair et soie au corps l\u00e9ger et vaporeux, avec des manches bouffantes ajour\u00e9es qui apportent toute sa touche romantique.","og_url":"https:\/\/www.christallk.com\/en\/product\/brume\/","og_site_name":"ChristalLK","article_publisher":"https:\/\/www.facebook.com\/ChristalLittleK\/","article_modified_time":"2025-12-12T14:03:35+00:00","og_image":[{"width":1365,"height":2048,"url":"https:\/\/www.christallk.com\/wp-content\/uploads\/2025\/12\/pullmohairkatia-22.jpg","type":"image\/jpeg"}],"twitter_card":"summary_large_image","twitter_misc":{"Est. reading time":"2 minutes"},"schema":{"@context":"https:\/\/schema.org","@graph":[{"@type":"WebPage","@id":"https:\/\/www.christallk.com\/product\/brume\/","url":"https:\/\/www.christallk.com\/product\/brume\/","name":"Brume - ChristalLK","isPartOf":{"@id":"https:\/\/www.christallk.com\/#website"},"primaryImageOfPage":{"@id":"https:\/\/www.christallk.com\/product\/brume\/#primaryimage"},"image":{"@id":"https:\/\/www.christallk.com\/product\/brume\/#primaryimage"},"thumbnailUrl":"https:\/\/www.christallk.com\/wp-content\/uploads\/2025\/12\/pullmohairkatia-22.jpg","datePublished":"2025-12-12T12:13:17+00:00","dateModified":"2025-12-12T14:03:35+00:00","description":"Brume est un pull top-down en mohair et soie au corps l\u00e9ger et vaporeux, avec des manches bouffantes ajour\u00e9es qui apportent toute sa touche romantique.","breadcrumb":{"@id":"https:\/\/www.christallk.com\/product\/brume\/#breadcrumb"},"inLanguage":"en-US","potentialAction":[{"@type":"ReadAction","target":["https:\/\/www.christallk.com\/product\/brume\/"]}]},{"@type":"ImageObject","inLanguage":"en-US","@id":"https:\/\/www.christallk.com\/product\/brume\/#primaryimage","url":"https:\/\/www.christallk.com\/wp-content\/uploads\/2025\/12\/pullmohairkatia-22.jpg","contentUrl":"https:\/\/www.christallk.com\/wp-content\/uploads\/2025\/12\/pullmohairkatia-22.jpg","width":1365,"height":2048},{"@type":"BreadcrumbList","@id":"https:\/\/www.christallk.com\/product\/brume\/#breadcrumb","itemListElement":[{"@type":"ListItem","position":1,"name":"Home","item":"https:\/\/www.christallk.com\/"},{"@type":"ListItem","position":2,"name":"Boutique","item":"https:\/\/www.christallk.com\/language\/fr\/shop\/"},{"@type":"ListItem","position":3,"name":"Brume"}]},{"@type":"WebSite","@id":"https:\/\/www.christallk.com\/#website","url":"https:\/\/www.christallk.com\/","name":"ChristalLK","description":"ChristalLK Website","publisher":{"@id":"https:\/\/www.christallk.com\/#organization"},"potentialAction":[{"@type":"SearchAction","target":{"@type":"EntryPoint","urlTemplate":"https:\/\/www.christallk.com\/?s={search_term_string}"},"query-input":{"@type":"PropertyValueSpecification","valueRequired":true,"valueName":"search_term_string"}}],"inLanguage":"en-US"},{"@type":"Organization","@id":"https:\/\/www.christallk.com\/#organization","name":"ChristalLK","url":"https:\/\/www.christallk.com\/","logo":{"@type":"ImageObject","inLanguage":"en-US","@id":"https:\/\/www.christallk.com\/#\/schema\/logo\/image\/","url":"https:\/\/i2.wp.com\/www.christallk.com\/wp-content\/uploads\/2020\/05\/canvas_logo_clk.png?fit=650%2C600","contentUrl":"https:\/\/i2.wp.com\/www.christallk.com\/wp-content\/uploads\/2020\/05\/canvas_logo_clk.png?fit=650%2C600","width":650,"height":600,"caption":"ChristalLK"},"image":{"@id":"https:\/\/www.christallk.com\/#\/schema\/logo\/image\/"},"sameAs":["https:\/\/www.facebook.com\/ChristalLittleK\/","https:\/\/www.instagram.com\/christallittlek\/","https:\/\/www.pinterest.com\/christallk1637\/","https:\/\/www.youtube.com\/channel\/UCk8kNDAInlkf2fCr6pU-_oA?view_as=subscriber"]}]}},"jetpack_publicize_connections":[],"jetpack_likes_enabled":true,"jetpack-related-posts":[{"id":3828,"url":"https:\/\/www.christallk.com\/en\/product\/abies-alba\/","url_meta":{"origin":8307,"position":0},"title":"ABIES ALBA SWEATER","author":"Christelle","date":"June 1, 2021","format":false,"excerpt":"Abies Alba is a fluffy circular yoke sweater that will give you an elegant and timeless look. The story of Abies Alba can be found on my blog. Downloadable PDF pattern: Once your order is confirmed, a download link is available on the order page. Remember to download it...","rel":"","context":"Similar post","block_context":{"text":"Similar post","link":""},"img":{"alt_text":"Abies Alba Sweater","src":"https:\/\/i0.wp.com\/www.christallk.com\/wp-content\/uploads\/2021\/06\/IMG_8223-2-1.jpg?resize=350%2C200&ssl=1","width":350,"height":200,"srcset":"https:\/\/i0.wp.com\/www.christallk.com\/wp-content\/uploads\/2021\/06\/IMG_8223-2-1.jpg?resize=350%2C200&ssl=1 1x, https:\/\/i0.wp.com\/www.christallk.com\/wp-content\/uploads\/2021\/06\/IMG_8223-2-1.jpg?resize=525%2C300&ssl=1 1.5x"},"classes":[]},{"id":4542,"url":"https:\/\/www.christallk.com\/en\/product\/joan\/","url_meta":{"origin":8307,"position":1},"title":"Joan","author":"Christelle","date":"February 18, 2022","format":false,"excerpt":"Joan is a sweater with set-in sleeves and a lace V-neck. This sweater was created for plus sizes only. Downloadable PDF pattern: Once your order is confirmed, a download link is available on the order page. Remember to download it because\u2026","rel":"","context":"Similar post","block_context":{"text":"Similar post","link":""},"img":{"alt_text":"","src":"https:\/\/i0.wp.com\/www.christallk.com\/wp-content\/uploads\/2022\/02\/IMG_5395-2.jpg?resize=350%2C200&ssl=1","width":350,"height":200,"srcset":"https:\/\/i0.wp.com\/www.christallk.com\/wp-content\/uploads\/2022\/02\/IMG_5395-2.jpg?resize=350%2C200&ssl=1 1x, https:\/\/i0.wp.com\/www.christallk.com\/wp-content\/uploads\/2022\/02\/IMG_5395-2.jpg?resize=525%2C300&ssl=1 1.5x"},"classes":[]},{"id":8216,"url":"https:\/\/www.christallk.com\/en\/product\/sfumato\/","url_meta":{"origin":8307,"position":2},"title":"Sfumato","author":"Christelle","date":"October 17, 2025","format":false,"excerpt":"Inspir\u00e9 de la technique picturale de L\u00e9onard de Vinci, Sfumato joue sur les flous et les transitions subtiles : la lumi\u00e8re glisse sur la texture l\u00e9g\u00e8re du suri, les contours se fondent dans une mati\u00e8re douce et vivante.Tricot\u00e9 en circulaire, sans couture, ce mod\u00e8le se distingue par deux n\u0153uds d\u00e9licats\u2026","rel":"","context":"Similar post","block_context":{"text":"Similar post","link":""},"img":{"alt_text":"","src":"https:\/\/i0.wp.com\/www.christallk.com\/wp-content\/uploads\/2025\/10\/sfumato-5.jpg?resize=350%2C200&ssl=1","width":350,"height":200,"srcset":"https:\/\/i0.wp.com\/www.christallk.com\/wp-content\/uploads\/2025\/10\/sfumato-5.jpg?resize=350%2C200&ssl=1 1x, https:\/\/i0.wp.com\/www.christallk.com\/wp-content\/uploads\/2025\/10\/sfumato-5.jpg?resize=525%2C300&ssl=1 1.5x, https:\/\/i0.wp.com\/www.christallk.com\/wp-content\/uploads\/2025\/10\/sfumato-5.jpg?resize=700%2C400&ssl=1 2x, https:\/\/i0.wp.com\/www.christallk.com\/wp-content\/uploads\/2025\/10\/sfumato-5.jpg?resize=1050%2C600&ssl=1 3x"},"classes":[]},{"id":4498,"url":"https:\/\/www.christallk.com\/en\/product\/pomegranate\/","url_meta":{"origin":8307,"position":3},"title":"Pomegranate","author":"Christelle","date":"February 1, 2022","format":false,"excerpt":"Pomegranate is a circular yoke sweater in a mohair and merino blend, which gives it a very special aura. This sweater is elegant, timeless but still has a touch of modernity thanks to its balloon sleeves and waist length. The story of Pomegranate\u2026","rel":"","context":"Similar post","block_context":{"text":"Similar post","link":""},"img":{"alt_text":"Pomegranate Sweater","src":"https:\/\/i0.wp.com\/www.christallk.com\/wp-content\/uploads\/2022\/02\/IMG_8869.jpg?resize=350%2C200&ssl=1","width":350,"height":200,"srcset":"https:\/\/i0.wp.com\/www.christallk.com\/wp-content\/uploads\/2022\/02\/IMG_8869.jpg?resize=350%2C200&ssl=1 1x, https:\/\/i0.wp.com\/www.christallk.com\/wp-content\/uploads\/2022\/02\/IMG_8869.jpg?resize=525%2C300&ssl=1 1.5x, https:\/\/i0.wp.com\/www.christallk.com\/wp-content\/uploads\/2022\/02\/IMG_8869.jpg?resize=700%2C400&ssl=1 2x, https:\/\/i0.wp.com\/www.christallk.com\/wp-content\/uploads\/2022\/02\/IMG_8869.jpg?resize=1050%2C600&ssl=1 3x, https:\/\/i0.wp.com\/www.christallk.com\/wp-content\/uploads\/2022\/02\/IMG_8869.jpg?resize=1400%2C800&ssl=1 4x"},"classes":[]},{"id":3645,"url":"https:\/\/www.christallk.com\/en\/product\/blood-trillium-hat\/","url_meta":{"origin":8307,"position":4},"title":"BLOOD TRILLIUM HAT","author":"Christelle","date":"May 22, 2021","format":false,"excerpt":"Blood Trillium Hat is a pretty hat with bobbles and a leaf pattern reminiscent of the red trillium that blooms in the woods of North America. The hat completes the Blood Trillium set, which consists of a pair of mittens and a hat. Downloadable PDF pattern: once\u2026","rel":"","context":"Similar post","block_context":{"text":"Similar post","link":""},"img":{"alt_text":"","src":"https:\/\/i0.wp.com\/www.christallk.com\/wp-content\/uploads\/2021\/05\/IMG_8100-2.jpg?resize=350%2C200&ssl=1","width":350,"height":200,"srcset":"https:\/\/i0.wp.com\/www.christallk.com\/wp-content\/uploads\/2021\/05\/IMG_8100-2.jpg?resize=350%2C200&ssl=1 1x, https:\/\/i0.wp.com\/www.christallk.com\/wp-content\/uploads\/2021\/05\/IMG_8100-2.jpg?resize=525%2C300&ssl=1 1.5x"},"classes":[]},{"id":3662,"url":"https:\/\/www.christallk.com\/en\/product\/blood-trillium-mittens\/","url_meta":{"origin":8307,"position":5},"title":"BLOOD TRILLIUM MITTENS","author":"Christelle","date":"May 22, 2021","format":false,"excerpt":"Blood Trillium mittens are pretty mittens decorated with bobbles and a leaf pattern reminiscent of the red trillium that blooms in the woods of North America. The mittens complete the Blood Trillium set, which consists of a pair of mittens and a hat. Downloadable PDF pattern: once the\u2026","rel":"","context":"Similar post","block_context":{"text":"Similar post","link":""},"img":{"alt_text":"","src":"https:\/\/i0.wp.com\/www.christallk.com\/wp-content\/uploads\/2021\/05\/IMG_8103-2.jpg?resize=350%2C200&ssl=1","width":350,"height":200,"srcset":"https:\/\/i0.wp.com\/www.christallk.com\/wp-content\/uploads\/2021\/05\/IMG_8103-2.jpg?resize=350%2C200&ssl=1 1x, https:\/\/i0.wp.com\/www.christallk.com\/wp-content\/uploads\/2021\/05\/IMG_8103-2.jpg?resize=525%2C300&ssl=1 1.5x, https:\/\/i0.wp.com\/www.christallk.com\/wp-content\/uploads\/2021\/05\/IMG_8103-2.jpg?resize=700%2C400&ssl=1 2x"},"classes":[]}],"jetpack_sharing_enabled":true,"_links":{"self":[{"href":"https:\/\/www.christallk.com\/en\/wp-json\/wp\/v2\/product\/8307","targetHints":{"allow":["GET"]}}],"collection":[{"href":"https:\/\/www.christallk.com\/en\/wp-json\/wp\/v2\/product"}],"about":[{"href":"https:\/\/www.christallk.com\/en\/wp-json\/wp\/v2\/types\/product"}],"replies":[{"embeddable":true,"href":"https:\/\/www.christallk.com\/en\/wp-json\/wp\/v2\/comments?post=8307"}],"wp:featuredmedia":[{"embeddable":true,"href":"https:\/\/www.christallk.com\/en\/wp-json\/wp\/v2\/media\/8320"}],"wp:attachment":[{"href":"https:\/\/www.christallk.com\/en\/wp-json\/wp\/v2\/media?parent=8307"}],"wp:term":[{"taxonomy":"product_brand","embeddable":true,"href":"https:\/\/www.christallk.com\/en\/wp-json\/wp\/v2\/product_brand?post=8307"},{"taxonomy":"product_cat","embeddable":true,"href":"https:\/\/www.christallk.com\/en\/wp-json\/wp\/v2\/product_cat?post=8307"},{"taxonomy":"product_tag","embeddable":true,"href":"https:\/\/www.christallk.com\/en\/wp-json\/wp\/v2\/product_tag?post=8307"}],"curies":[{"name":"wp","href":"https:\/\/api.w.org\/{rel}","templated":true}]}}