{"id":8790,"date":"2026-04-14T11:14:07","date_gmt":"2026-04-14T09:14:07","guid":{"rendered":"https:\/\/www.christallk.com\/?post_type=product&#038;p=8790"},"modified":"2026-04-14T11:22:38","modified_gmt":"2026-04-14T09:22:38","slug":"limagne","status":"publish","type":"product","link":"https:\/\/www.christallk.com\/en\/product\/limagne\/","title":{"rendered":"Limagne"},"content":{"rendered":"<p><strong>Limagne is<\/strong>a shawl inspired by a landscape of gentle lines and fields stretching as far as the eye can see.<br \/>\nThe diamond patterns emerge gradually, in a soft and soothing rhythm.<\/p>\n<h3>Yarn<\/h3>\n<p class=\"translation-block\">You need two skein of a fingering yarn to knit this shawl. Kits are <a href=\"https:\/\/www.vulcanyarn.com\/product-page\/aube-sur-le-sancy-prcommandes\" target=\"_self\">available here<\/a> (pre-order only).<\/p>\n<p>I used Vulcan Yarn Super M (100% merino SW) 400 m \/ 100 g for my samples in the following colors and yardages:<\/p>\n<p>Small sample : Frosty approx. 632 m<br \/>\nLarger sample : Disco approx. 748 m<\/p>\n<h3>Gauge<\/h3>\n<p>25 Sts \/ 27 Rows in lace pattern (each diamond measures approximately 5 cm wide and 8.5 cm high) for 10 cm after blocking<\/p>\n<h3>Notions<\/h3>\n<p>3.5 mm circle needle 60 cm long<\/p>\n<p class=\"translation-block\">tapestry needle\nmarkers if needed<\/p>\n<h3>Final measurements<\/h3>\n<p class=\"translation-block\">Depth: 44 (59) cm<br>\nLength: 234 (275) cm<\/p>\n<p>If you want to knit a smaller or larger size, simply adjust the number of repeats. Each repeat adds or subtracts 12 stitches. Be sure to weigh your yarn beforehand to avoid running out while you\u2019re working on the project.<\/p>\n<h3>Level<\/h3>\n<p>2\/5<\/p>\n<div id=\"ConnectiveDocSignExtentionInstalled\" data-extension-version=\"1.0.4\"><\/div>","protected":false},"excerpt":{"rendered":"<p><strong>Limagne is<\/strong>a shawl inspired by a landscape of gentle lines and fields stretching as far as the eye can see.<br \/>\nThe diamond patterns emerge gradually, in a soft and soothing rhythm.<\/p>\n<p><strong>Downloadable PDF pattern: Once your order is confirmed, a download link is available on the order page. Remember to download it, as the link is temporary.<\/strong><\/p>\n<p><em>VAT is calculated when the shopping cart is validated.<\/em><\/p>\n<p>&nbsp;<\/p>\n<div id=\"ConnectiveDocSignExtentionInstalled\" data-extension-version=\"1.0.4\"><\/div>","protected":false},"featured_media":8795,"comment_status":"closed","ping_status":"closed","template":"","meta":{"jetpack_publicize_message":"","jetpack_publicize_feature_enabled":true,"jetpack_social_post_already_shared":true,"jetpack_social_options":{"image_generator_settings":{"template":"highway","default_image_id":0,"font":"","enabled":false},"version":2}},"product_brand":[],"product_cat":[324,318,308],"product_tag":[],"class_list":{"0":"post-8790","1":"product","2":"type-product","3":"status-publish","4":"has-post-thumbnail","6":"product_cat-chales","7":"product_cat-patrons-en-francais","8":"product_cat-patterns-modeles","11":"first","12":"instock","13":"taxable","14":"shipping-taxable","15":"purchasable","16":"product-type-variable"},"yoast_head":"<!-- This site is optimized with the Yoast SEO plugin v27.5 - https:\/\/yoast.com\/product\/yoast-seo-wordpress\/ -->\n<title>Limagne - ChristalLK<\/title>\n<meta name=\"description\" content=\"Limagne est un ch\u00e2le n\u00e9 d\u2019un paysage, de lignes calmes, de champs \u00e0 perte de vue. Les diamants apparaissent peu \u00e0 peu, dans un rythme doux et apaisant.\" \/>\n<meta name=\"robots\" content=\"index, follow, max-snippet:-1, max-image-preview:large, max-video-preview:-1\" \/>\n<link rel=\"canonical\" href=\"https:\/\/www.christallk.com\/en\/product\/limagne\/\" \/>\n<meta property=\"og:locale\" content=\"en_US\" \/>\n<meta property=\"og:type\" content=\"article\" \/>\n<meta property=\"og:title\" content=\"Limagne - ChristalLK\" \/>\n<meta property=\"og:description\" content=\"Limagne est un ch\u00e2le n\u00e9 d\u2019un paysage, de lignes calmes, de champs \u00e0 perte de vue. Les diamants apparaissent peu \u00e0 peu, dans un rythme doux et apaisant.\" \/>\n<meta property=\"og:url\" content=\"https:\/\/www.christallk.com\/en\/product\/limagne\/\" \/>\n<meta property=\"og:site_name\" content=\"ChristalLK\" \/>\n<meta property=\"article:publisher\" content=\"https:\/\/www.facebook.com\/ChristalLittleK\/\" \/>\n<meta property=\"article:modified_time\" content=\"2026-04-14T09:22:38+00:00\" \/>\n<meta property=\"og:image\" content=\"https:\/\/www.christallk.com\/wp-content\/uploads\/2026\/04\/IMG_2041-2.jpg\" \/>\n\t<meta property=\"og:image:width\" content=\"1638\" \/>\n\t<meta property=\"og:image:height\" content=\"2048\" \/>\n\t<meta property=\"og:image:type\" content=\"image\/jpeg\" \/>\n<meta name=\"twitter:card\" content=\"summary_large_image\" \/>\n<meta name=\"twitter:label1\" content=\"Est. reading time\" \/>\n\t<meta name=\"twitter:data1\" content=\"2 minutes\" \/>\n<script type=\"application\/ld+json\" class=\"yoast-schema-graph\">{\"@context\":\"https:\\\/\\\/schema.org\",\"@graph\":[{\"@type\":\"WebPage\",\"@id\":\"https:\\\/\\\/www.christallk.com\\\/product\\\/limagne\\\/\",\"url\":\"https:\\\/\\\/www.christallk.com\\\/product\\\/limagne\\\/\",\"name\":\"Limagne - ChristalLK\",\"isPartOf\":{\"@id\":\"https:\\\/\\\/www.christallk.com\\\/#website\"},\"primaryImageOfPage\":{\"@id\":\"https:\\\/\\\/www.christallk.com\\\/product\\\/limagne\\\/#primaryimage\"},\"image\":{\"@id\":\"https:\\\/\\\/www.christallk.com\\\/product\\\/limagne\\\/#primaryimage\"},\"thumbnailUrl\":\"https:\\\/\\\/www.christallk.com\\\/wp-content\\\/uploads\\\/2026\\\/04\\\/IMG_2041-2.jpg\",\"datePublished\":\"2026-04-14T09:14:07+00:00\",\"dateModified\":\"2026-04-14T09:22:38+00:00\",\"description\":\"Limagne est un ch\u00e2le n\u00e9 d\u2019un paysage, de lignes calmes, de champs \u00e0 perte de vue. Les diamants apparaissent peu \u00e0 peu, dans un rythme doux et apaisant.\",\"breadcrumb\":{\"@id\":\"https:\\\/\\\/www.christallk.com\\\/product\\\/limagne\\\/#breadcrumb\"},\"inLanguage\":\"en-US\",\"potentialAction\":[{\"@type\":\"ReadAction\",\"target\":[\"https:\\\/\\\/www.christallk.com\\\/product\\\/limagne\\\/\"]}]},{\"@type\":\"ImageObject\",\"inLanguage\":\"en-US\",\"@id\":\"https:\\\/\\\/www.christallk.com\\\/product\\\/limagne\\\/#primaryimage\",\"url\":\"https:\\\/\\\/www.christallk.com\\\/wp-content\\\/uploads\\\/2026\\\/04\\\/IMG_2041-2.jpg\",\"contentUrl\":\"https:\\\/\\\/www.christallk.com\\\/wp-content\\\/uploads\\\/2026\\\/04\\\/IMG_2041-2.jpg\",\"width\":1638,\"height\":2048},{\"@type\":\"BreadcrumbList\",\"@id\":\"https:\\\/\\\/www.christallk.com\\\/product\\\/limagne\\\/#breadcrumb\",\"itemListElement\":[{\"@type\":\"ListItem\",\"position\":1,\"name\":\"Home\",\"item\":\"https:\\\/\\\/www.christallk.com\\\/\"},{\"@type\":\"ListItem\",\"position\":2,\"name\":\"Boutique\",\"item\":\"https:\\\/\\\/www.christallk.com\\\/language\\\/fr\\\/shop\\\/\"},{\"@type\":\"ListItem\",\"position\":3,\"name\":\"Limagne\"}]},{\"@type\":\"WebSite\",\"@id\":\"https:\\\/\\\/www.christallk.com\\\/#website\",\"url\":\"https:\\\/\\\/www.christallk.com\\\/\",\"name\":\"ChristalLK\",\"description\":\"ChristalLK Website\",\"publisher\":{\"@id\":\"https:\\\/\\\/www.christallk.com\\\/#organization\"},\"potentialAction\":[{\"@type\":\"SearchAction\",\"target\":{\"@type\":\"EntryPoint\",\"urlTemplate\":\"https:\\\/\\\/www.christallk.com\\\/?s={search_term_string}\"},\"query-input\":{\"@type\":\"PropertyValueSpecification\",\"valueRequired\":true,\"valueName\":\"search_term_string\"}}],\"inLanguage\":\"en-US\"},{\"@type\":\"Organization\",\"@id\":\"https:\\\/\\\/www.christallk.com\\\/#organization\",\"name\":\"ChristalLK\",\"url\":\"https:\\\/\\\/www.christallk.com\\\/\",\"logo\":{\"@type\":\"ImageObject\",\"inLanguage\":\"en-US\",\"@id\":\"https:\\\/\\\/www.christallk.com\\\/#\\\/schema\\\/logo\\\/image\\\/\",\"url\":\"https:\\\/\\\/i2.wp.com\\\/www.christallk.com\\\/wp-content\\\/uploads\\\/2020\\\/05\\\/canvas_logo_clk.png?fit=650%2C600\",\"contentUrl\":\"https:\\\/\\\/i2.wp.com\\\/www.christallk.com\\\/wp-content\\\/uploads\\\/2020\\\/05\\\/canvas_logo_clk.png?fit=650%2C600\",\"width\":650,\"height\":600,\"caption\":\"ChristalLK\"},\"image\":{\"@id\":\"https:\\\/\\\/www.christallk.com\\\/#\\\/schema\\\/logo\\\/image\\\/\"},\"sameAs\":[\"https:\\\/\\\/www.facebook.com\\\/ChristalLittleK\\\/\",\"https:\\\/\\\/www.instagram.com\\\/christallittlek\\\/\",\"https:\\\/\\\/www.pinterest.com\\\/christallk1637\\\/\",\"https:\\\/\\\/www.youtube.com\\\/channel\\\/UCk8kNDAInlkf2fCr6pU-_oA?view_as=subscriber\"]}]}<\/script>\n<!-- \/ Yoast SEO plugin. -->","yoast_head_json":{"title":"Limagne - ChristalLK","description":"Limagne est un ch\u00e2le n\u00e9 d\u2019un paysage, de lignes calmes, de champs \u00e0 perte de vue. Les diamants apparaissent peu \u00e0 peu, dans un rythme doux et apaisant.","robots":{"index":"index","follow":"follow","max-snippet":"max-snippet:-1","max-image-preview":"max-image-preview:large","max-video-preview":"max-video-preview:-1"},"canonical":"https:\/\/www.christallk.com\/en\/product\/limagne\/","og_locale":"en_US","og_type":"article","og_title":"Limagne - ChristalLK","og_description":"Limagne est un ch\u00e2le n\u00e9 d\u2019un paysage, de lignes calmes, de champs \u00e0 perte de vue. Les diamants apparaissent peu \u00e0 peu, dans un rythme doux et apaisant.","og_url":"https:\/\/www.christallk.com\/en\/product\/limagne\/","og_site_name":"ChristalLK","article_publisher":"https:\/\/www.facebook.com\/ChristalLittleK\/","article_modified_time":"2026-04-14T09:22:38+00:00","og_image":[{"width":1638,"height":2048,"url":"https:\/\/www.christallk.com\/wp-content\/uploads\/2026\/04\/IMG_2041-2.jpg","type":"image\/jpeg"}],"twitter_card":"summary_large_image","twitter_misc":{"Est. reading time":"2 minutes"},"schema":{"@context":"https:\/\/schema.org","@graph":[{"@type":"WebPage","@id":"https:\/\/www.christallk.com\/product\/limagne\/","url":"https:\/\/www.christallk.com\/product\/limagne\/","name":"Limagne - ChristalLK","isPartOf":{"@id":"https:\/\/www.christallk.com\/#website"},"primaryImageOfPage":{"@id":"https:\/\/www.christallk.com\/product\/limagne\/#primaryimage"},"image":{"@id":"https:\/\/www.christallk.com\/product\/limagne\/#primaryimage"},"thumbnailUrl":"https:\/\/www.christallk.com\/wp-content\/uploads\/2026\/04\/IMG_2041-2.jpg","datePublished":"2026-04-14T09:14:07+00:00","dateModified":"2026-04-14T09:22:38+00:00","description":"Limagne est un ch\u00e2le n\u00e9 d\u2019un paysage, de lignes calmes, de champs \u00e0 perte de vue. Les diamants apparaissent peu \u00e0 peu, dans un rythme doux et apaisant.","breadcrumb":{"@id":"https:\/\/www.christallk.com\/product\/limagne\/#breadcrumb"},"inLanguage":"en-US","potentialAction":[{"@type":"ReadAction","target":["https:\/\/www.christallk.com\/product\/limagne\/"]}]},{"@type":"ImageObject","inLanguage":"en-US","@id":"https:\/\/www.christallk.com\/product\/limagne\/#primaryimage","url":"https:\/\/www.christallk.com\/wp-content\/uploads\/2026\/04\/IMG_2041-2.jpg","contentUrl":"https:\/\/www.christallk.com\/wp-content\/uploads\/2026\/04\/IMG_2041-2.jpg","width":1638,"height":2048},{"@type":"BreadcrumbList","@id":"https:\/\/www.christallk.com\/product\/limagne\/#breadcrumb","itemListElement":[{"@type":"ListItem","position":1,"name":"Home","item":"https:\/\/www.christallk.com\/"},{"@type":"ListItem","position":2,"name":"Boutique","item":"https:\/\/www.christallk.com\/language\/fr\/shop\/"},{"@type":"ListItem","position":3,"name":"Limagne"}]},{"@type":"WebSite","@id":"https:\/\/www.christallk.com\/#website","url":"https:\/\/www.christallk.com\/","name":"ChristalLK","description":"ChristalLK Website","publisher":{"@id":"https:\/\/www.christallk.com\/#organization"},"potentialAction":[{"@type":"SearchAction","target":{"@type":"EntryPoint","urlTemplate":"https:\/\/www.christallk.com\/?s={search_term_string}"},"query-input":{"@type":"PropertyValueSpecification","valueRequired":true,"valueName":"search_term_string"}}],"inLanguage":"en-US"},{"@type":"Organization","@id":"https:\/\/www.christallk.com\/#organization","name":"ChristalLK","url":"https:\/\/www.christallk.com\/","logo":{"@type":"ImageObject","inLanguage":"en-US","@id":"https:\/\/www.christallk.com\/#\/schema\/logo\/image\/","url":"https:\/\/i2.wp.com\/www.christallk.com\/wp-content\/uploads\/2020\/05\/canvas_logo_clk.png?fit=650%2C600","contentUrl":"https:\/\/i2.wp.com\/www.christallk.com\/wp-content\/uploads\/2020\/05\/canvas_logo_clk.png?fit=650%2C600","width":650,"height":600,"caption":"ChristalLK"},"image":{"@id":"https:\/\/www.christallk.com\/#\/schema\/logo\/image\/"},"sameAs":["https:\/\/www.facebook.com\/ChristalLittleK\/","https:\/\/www.instagram.com\/christallittlek\/","https:\/\/www.pinterest.com\/christallk1637\/","https:\/\/www.youtube.com\/channel\/UCk8kNDAInlkf2fCr6pU-_oA?view_as=subscriber"]}]}},"jetpack_publicize_connections":[],"jetpack_likes_enabled":true,"jetpack-related-posts":[{"id":6605,"url":"https:\/\/www.christallk.com\/en\/product\/solaris-shawl\/","url_meta":{"origin":8790,"position":0},"title":"Solaris Shawl","author":"Christelle","date":"July 5, 2024","format":false,"excerpt":"Solaris is a shawl made entirely of brioche and mosaic stitch. This very large shawl will wrap you up on cool summer evenings and will see you through winter! Downloadable PDF pattern: once your order is confirmed, a download link is available on the order page. Remember\u2026","rel":"","context":"Similar post","block_context":{"text":"Similar post","link":""},"img":{"alt_text":"","src":"https:\/\/i0.wp.com\/www.christallk.com\/wp-content\/uploads\/2024\/07\/solaris-shawl-25.jpg?resize=350%2C200&ssl=1","width":350,"height":200,"srcset":"https:\/\/i0.wp.com\/www.christallk.com\/wp-content\/uploads\/2024\/07\/solaris-shawl-25.jpg?resize=350%2C200&ssl=1 1x, https:\/\/i0.wp.com\/www.christallk.com\/wp-content\/uploads\/2024\/07\/solaris-shawl-25.jpg?resize=525%2C300&ssl=1 1.5x"},"classes":[]},{"id":5460,"url":"https:\/\/www.christallk.com\/en\/product\/lupin-shawl\/","url_meta":{"origin":8790,"position":1},"title":"Lupin Shawl","author":"Christelle","date":"March 14, 2023","format":false,"excerpt":"Lupin is a large, semi-circular shawl that begins with a small area of garter stitch. Leaves then spread throughout the shawl, eventually blooming into flowers at the bottom. Downloadable PDF pattern: once your order is confirmed, a download link is available on\u2026","rel":"","context":"Similar post","block_context":{"text":"Similar post","link":""},"img":{"alt_text":"","src":"https:\/\/i0.wp.com\/www.christallk.com\/wp-content\/uploads\/2023\/03\/IMG_9666.jpg?resize=350%2C200&ssl=1","width":350,"height":200,"srcset":"https:\/\/i0.wp.com\/www.christallk.com\/wp-content\/uploads\/2023\/03\/IMG_9666.jpg?resize=350%2C200&ssl=1 1x, https:\/\/i0.wp.com\/www.christallk.com\/wp-content\/uploads\/2023\/03\/IMG_9666.jpg?resize=525%2C300&ssl=1 1.5x, https:\/\/i0.wp.com\/www.christallk.com\/wp-content\/uploads\/2023\/03\/IMG_9666.jpg?resize=700%2C400&ssl=1 2x"},"classes":[]},{"id":3784,"url":"https:\/\/www.christallk.com\/en\/product\/born-to-be-free\/","url_meta":{"origin":8790,"position":2},"title":"BORN TO BE FREE","author":"Christelle","date":"May 30, 2021","format":false,"excerpt":"Born to Be Free is a large shawl alternating between simple lace and brioche. It will cover your neck when the weather turns a little chilly. Downloadable PDF pattern: once your order is confirmed, a download link is available on the order page. Remember to download it\u2026","rel":"","context":"Similar post","block_context":{"text":"Similar post","link":""},"img":{"alt_text":"","src":"https:\/\/i0.wp.com\/www.christallk.com\/wp-content\/uploads\/2021\/05\/IMG_20190407_162218-02-scaled.jpeg?resize=350%2C200&ssl=1","width":350,"height":200,"srcset":"https:\/\/i0.wp.com\/www.christallk.com\/wp-content\/uploads\/2021\/05\/IMG_20190407_162218-02-scaled.jpeg?resize=350%2C200&ssl=1 1x, https:\/\/i0.wp.com\/www.christallk.com\/wp-content\/uploads\/2021\/05\/IMG_20190407_162218-02-scaled.jpeg?resize=525%2C300&ssl=1 1.5x, https:\/\/i0.wp.com\/www.christallk.com\/wp-content\/uploads\/2021\/05\/IMG_20190407_162218-02-scaled.jpeg?resize=700%2C400&ssl=1 2x, https:\/\/i0.wp.com\/www.christallk.com\/wp-content\/uploads\/2021\/05\/IMG_20190407_162218-02-scaled.jpeg?resize=1050%2C600&ssl=1 3x, https:\/\/i0.wp.com\/www.christallk.com\/wp-content\/uploads\/2021\/05\/IMG_20190407_162218-02-scaled.jpeg?resize=1400%2C800&ssl=1 4x"},"classes":[]},{"id":6333,"url":"https:\/\/www.christallk.com\/en\/product\/silky-wisteria\/","url_meta":{"origin":8790,"position":3},"title":"Silky Wisteria","author":"Christelle","date":"January 25, 2024","format":false,"excerpt":"Silky Wisteria is a cable-knit beanie that starts at the ribbed cuff and ends at the crown. You can wear it two ways: as a slouch or as a beanie, with or without a pom-pom. Downloadable PDF pattern: Once your order is confirmed, a download link is\u2026","rel":"","context":"Similar post","block_context":{"text":"Similar post","link":""},"img":{"alt_text":"","src":"https:\/\/i0.wp.com\/www.christallk.com\/wp-content\/uploads\/2024\/01\/SilkyWisteria-03.jpg?resize=350%2C200&ssl=1","width":350,"height":200,"srcset":"https:\/\/i0.wp.com\/www.christallk.com\/wp-content\/uploads\/2024\/01\/SilkyWisteria-03.jpg?resize=350%2C200&ssl=1 1x, https:\/\/i0.wp.com\/www.christallk.com\/wp-content\/uploads\/2024\/01\/SilkyWisteria-03.jpg?resize=525%2C300&ssl=1 1.5x, https:\/\/i0.wp.com\/www.christallk.com\/wp-content\/uploads\/2024\/01\/SilkyWisteria-03.jpg?resize=700%2C400&ssl=1 2x"},"classes":[]},{"id":4359,"url":"https:\/\/www.christallk.com\/en\/product\/rosalie\/","url_meta":{"origin":8790,"position":4},"title":"Rosalie","author":"Christelle","date":"November 16, 2021","format":false,"excerpt":"Rosalie is a large, easy stole that starts in the center with a mosaic stitch, alternating between garter stitch, mosaic stitch, and a textured dotted stitch. It comes in two versions: a large and a small. This pattern gives you complete freedom in choosing the color! Pattern\u2026","rel":"","context":"Similar post","block_context":{"text":"Similar post","link":""},"img":{"alt_text":"","src":"https:\/\/i0.wp.com\/www.christallk.com\/wp-content\/uploads\/2021\/11\/IMG_8850-2.jpg?resize=350%2C200&ssl=1","width":350,"height":200,"srcset":"https:\/\/i0.wp.com\/www.christallk.com\/wp-content\/uploads\/2021\/11\/IMG_8850-2.jpg?resize=350%2C200&ssl=1 1x, https:\/\/i0.wp.com\/www.christallk.com\/wp-content\/uploads\/2021\/11\/IMG_8850-2.jpg?resize=525%2C300&ssl=1 1.5x, https:\/\/i0.wp.com\/www.christallk.com\/wp-content\/uploads\/2021\/11\/IMG_8850-2.jpg?resize=700%2C400&ssl=1 2x"},"classes":[]},{"id":6562,"url":"https:\/\/www.christallk.com\/en\/product\/deauville\/","url_meta":{"origin":8790,"position":5},"title":"Deauville \u2013 bags and glasses case","author":"Christelle","date":"June 7, 2024","format":false,"excerpt":"Les sacs Deauville sont des sacs intemporels et plein d'\u00e9l\u00e9gance. Vous pouvez m\u00eame y assortir un \u00e9tui \u00e0 lunettes ! Deux versions sont pr\u00e9vues : une petite pour vous accompagner pendant vos soir\u00e9es et une grande pour y mettre tout votre mat\u00e9riel tricot ! Vous avez aussi la possibilit\u00e9 de\u2026","rel":"","context":"Similar post","block_context":{"text":"Similar post","link":""},"img":{"alt_text":"","src":"https:\/\/i0.wp.com\/www.christallk.com\/wp-content\/uploads\/2024\/06\/deauville-02.jpg?resize=350%2C200&ssl=1","width":350,"height":200,"srcset":"https:\/\/i0.wp.com\/www.christallk.com\/wp-content\/uploads\/2024\/06\/deauville-02.jpg?resize=350%2C200&ssl=1 1x, https:\/\/i0.wp.com\/www.christallk.com\/wp-content\/uploads\/2024\/06\/deauville-02.jpg?resize=525%2C300&ssl=1 1.5x, https:\/\/i0.wp.com\/www.christallk.com\/wp-content\/uploads\/2024\/06\/deauville-02.jpg?resize=700%2C400&ssl=1 2x"},"classes":[]}],"jetpack_sharing_enabled":true,"_links":{"self":[{"href":"https:\/\/www.christallk.com\/en\/wp-json\/wp\/v2\/product\/8790","targetHints":{"allow":["GET"]}}],"collection":[{"href":"https:\/\/www.christallk.com\/en\/wp-json\/wp\/v2\/product"}],"about":[{"href":"https:\/\/www.christallk.com\/en\/wp-json\/wp\/v2\/types\/product"}],"replies":[{"embeddable":true,"href":"https:\/\/www.christallk.com\/en\/wp-json\/wp\/v2\/comments?post=8790"}],"wp:featuredmedia":[{"embeddable":true,"href":"https:\/\/www.christallk.com\/en\/wp-json\/wp\/v2\/media\/8795"}],"wp:attachment":[{"href":"https:\/\/www.christallk.com\/en\/wp-json\/wp\/v2\/media?parent=8790"}],"wp:term":[{"taxonomy":"product_brand","embeddable":true,"href":"https:\/\/www.christallk.com\/en\/wp-json\/wp\/v2\/product_brand?post=8790"},{"taxonomy":"product_cat","embeddable":true,"href":"https:\/\/www.christallk.com\/en\/wp-json\/wp\/v2\/product_cat?post=8790"},{"taxonomy":"product_tag","embeddable":true,"href":"https:\/\/www.christallk.com\/en\/wp-json\/wp\/v2\/product_tag?post=8790"}],"curies":[{"name":"wp","href":"https:\/\/api.w.org\/{rel}","templated":true}]}}